{"id":4929,"date":"2023-10-23T02:34:57","date_gmt":"2023-10-23T02:34:57","guid":{"rendered":"https:\/\/farm-lang.cdn-pi.com\/product\/decouvrez-la-douceur-exotique-des-mangues-fraiches\/"},"modified":"2025-03-29T10:01:03","modified_gmt":"2025-03-29T10:01:03","slug":"debloquer-la-douceur-exotique-des-mangues-fraiches","status":"publish","type":"product","link":"https:\/\/nghiepxuan.com\/fr\/product\/debloquer-la-douceur-exotique-des-mangues-fraiches\/","title":{"rendered":"D\u00e9couvrez la douceur exotique des mangues fra\u00eeches"},"content":{"rendered":"<p>Plongez dans la douceur tropicale de nos mangues !<\/p>\n<p>Laissez-vous tenter par le go\u00fbt succulent de nos mangues m\u00fbres, cueillies \u00e0 la main, qui apportent \u00e0 votre table les saveurs exotiques des tropiques. D\u00e9bordantes de douceur naturelle et juteuses, nos mangues sont un v\u00e9ritable d\u00e9lice pour vos sens.<\/p>\n<p>Provenant de vergers ensoleill\u00e9s, nos mangues sont soigneusement r\u00e9colt\u00e9es \u00e0 maturit\u00e9 pour garantir une saveur et une fra\u00eecheur maximales. Chaque bouch\u00e9e est un voyage au paradis tropical, avec la texture riche et velout\u00e9e et l&#8217;ar\u00f4me vibrant que seules les mangues les plus fines peuvent offrir.<\/p>\n<p>Qu&#8217;elles soient d\u00e9gust\u00e9es seules, m\u00e9lang\u00e9es \u00e0 des smoothies rafra\u00eechissants ou ajout\u00e9es \u00e0 des salades et des desserts, nos mangues ajoutent une touche de bonheur tropical \u00e0 tous les plats. Gorg\u00e9s de vitamines essentielles et d&#8217;antioxydants, ils ne se contentent pas d&#8217;\u00e9moustiller vos papilles, ils contribuent \u00e9galement \u00e0 votre bien-\u00eatre g\u00e9n\u00e9ral.<\/p>\n<p>D\u00e9couvrez la douceur et la jutosit\u00e9 in\u00e9gal\u00e9es de nos mangues, v\u00e9ritable t\u00e9moignage des saveurs de la nature. Parfaites pour le go\u00fbter, la p\u00e2tisserie ou la cr\u00e9ation de d\u00e9licieuses boissons, nos mangues \u00e9l\u00e8vent vos cr\u00e9ations culinaires \u00e0 de nouveaux sommets.<\/p>\n<p>Offrez-vous le go\u00fbt du soleil et laissez-vous tenter par les saveurs extraordinaires de nos mangues de qualit\u00e9 sup\u00e9rieure. Venez nous rendre visite d\u00e8s aujourd&#8217;hui et savourez l&#8217;essence de la gourmandise tropicale, une bouch\u00e9e \u00e0 la fois.<\/p>\n","protected":false},"excerpt":{"rendered":"<p>Plongez dans le paradis tropical avec nos succulentes mangues. D\u00e9bordantes de douceur et de jutosit\u00e9, nos mangues sont cueillies \u00e0 la main \u00e0 l&#8217;apog\u00e9e de leur maturit\u00e9, ce qui leur conf\u00e8re une saveur in\u00e9gal\u00e9e. D\u00e9gustez-les frais, m\u00e9langez-les dans des smoothies ou ajoutez une touche tropicale \u00e0 vos salades. Chaque bouch\u00e9e est un go\u00fbt de soleil, ce qui fait de nos mangues un plaisir parfait pour vos sens.<\/p>\n","protected":false},"featured_media":4700,"comment_status":"open","ping_status":"closed","template":"","meta":{"content-type":""},"product_brand":[],"product_cat":[170],"product_tag":[324,323,325],"class_list":{"0":"post-4929","1":"product","2":"type-product","3":"status-publish","4":"has-post-thumbnail","6":"product_cat-fruits-fr","7":"product_tag-fruits-tropicaux","8":"product_tag-mangues-douces","9":"product_tag-recettes-a-la-mangue","11":"first","12":"instock","13":"shipping-taxable","14":"purchasable","15":"product-type-variable","16":"has-default-attributes"},"yoast_head":"<!-- This site is optimized with the Yoast SEO plugin v26.9 - https:\/\/yoast.com\/product\/yoast-seo-wordpress\/ -->\n<title>D\u00e9couvrez la douceur exotique des mangues fra\u00eeches - Nghiep Xuan - Importation et Exportation Agricole<\/title>\n<meta name=\"robots\" content=\"index, follow, max-snippet:-1, max-image-preview:large, max-video-preview:-1\" \/>\n<link rel=\"canonical\" href=\"https:\/\/nghiepxuan.com\/fr\/product\/debloquer-la-douceur-exotique-des-mangues-fraiches\/\" \/>\n<meta property=\"og:locale\" content=\"fr_FR\" \/>\n<meta property=\"og:type\" content=\"article\" \/>\n<meta property=\"og:title\" content=\"D\u00e9couvrez la douceur exotique des mangues fra\u00eeches - Nghiep Xuan - Importation et Exportation Agricole\" \/>\n<meta property=\"og:description\" content=\"Plongez dans le paradis tropical avec nos succulentes mangues. D\u00e9bordantes de douceur et de jutosit\u00e9, nos mangues sont cueillies \u00e0 la main \u00e0 l&#039;apog\u00e9e de leur maturit\u00e9, ce qui leur conf\u00e8re une saveur in\u00e9gal\u00e9e. D\u00e9gustez-les frais, m\u00e9langez-les dans des smoothies ou ajoutez une touche tropicale \u00e0 vos salades. Chaque bouch\u00e9e est un go\u00fbt de soleil, ce qui fait de nos mangues un plaisir parfait pour vos sens.\" \/>\n<meta property=\"og:url\" content=\"https:\/\/nghiepxuan.com\/fr\/product\/debloquer-la-douceur-exotique-des-mangues-fraiches\/\" \/>\n<meta property=\"og:site_name\" content=\"Nghiep Xuan - Importation et Exportation Agricole\" \/>\n<meta property=\"article:publisher\" content=\"https:\/\/www.facebook.com\/nongsannghiepxuan\/\" \/>\n<meta property=\"article:modified_time\" content=\"2025-03-29T10:01:03+00:00\" \/>\n<meta property=\"og:image\" content=\"https:\/\/nghiepxuan.com\/wp-content\/uploads\/2023\/10\/tu-vu-be-9-tuoi-suyt-chet-vi-an-xoai-chuyen-gia-canh-bao-khong-an-xoai-neu-co-dau-hieu-sau.jpg\" \/>\n\t<meta property=\"og:image:width\" content=\"660\" \/>\n\t<meta property=\"og:image:height\" content=\"477\" \/>\n\t<meta property=\"og:image:type\" content=\"image\/jpeg\" \/>\n<meta name=\"twitter:card\" content=\"summary_large_image\" \/>\n<meta name=\"twitter:site\" content=\"@PhuTonBui\" \/>\n<meta name=\"twitter:label1\" content=\"Dur\u00e9e de lecture estim\u00e9e\" \/>\n\t<meta name=\"twitter:data1\" content=\"1 minute\" \/>\n<script type=\"application\/ld+json\" class=\"yoast-schema-graph\">{\"@context\":\"https:\/\/schema.org\",\"@graph\":[{\"@type\":\"WebPage\",\"@id\":\"https:\/\/nghiepxuan.com\/fr\/product\/debloquer-la-douceur-exotique-des-mangues-fraiches\/\",\"url\":\"https:\/\/nghiepxuan.com\/fr\/product\/debloquer-la-douceur-exotique-des-mangues-fraiches\/\",\"name\":\"D\u00e9couvrez la douceur exotique des mangues fra\u00eeches - Nghiep Xuan - Importation et Exportation Agricole\",\"isPartOf\":{\"@id\":\"https:\/\/nghiepxuan.com\/fr\/#website\"},\"primaryImageOfPage\":{\"@id\":\"https:\/\/nghiepxuan.com\/fr\/product\/debloquer-la-douceur-exotique-des-mangues-fraiches\/#primaryimage\"},\"image\":{\"@id\":\"https:\/\/nghiepxuan.com\/fr\/product\/debloquer-la-douceur-exotique-des-mangues-fraiches\/#primaryimage\"},\"thumbnailUrl\":\"https:\/\/nghiepxuan.com\/wp-content\/uploads\/2023\/10\/tu-vu-be-9-tuoi-suyt-chet-vi-an-xoai-chuyen-gia-canh-bao-khong-an-xoai-neu-co-dau-hieu-sau.jpg\",\"datePublished\":\"2023-10-23T02:34:57+00:00\",\"dateModified\":\"2025-03-29T10:01:03+00:00\",\"breadcrumb\":{\"@id\":\"https:\/\/nghiepxuan.com\/fr\/product\/debloquer-la-douceur-exotique-des-mangues-fraiches\/#breadcrumb\"},\"inLanguage\":\"fr-FR\",\"potentialAction\":[{\"@type\":\"ReadAction\",\"target\":[\"https:\/\/nghiepxuan.com\/fr\/product\/debloquer-la-douceur-exotique-des-mangues-fraiches\/\"]}]},{\"@type\":\"ImageObject\",\"inLanguage\":\"fr-FR\",\"@id\":\"https:\/\/nghiepxuan.com\/fr\/product\/debloquer-la-douceur-exotique-des-mangues-fraiches\/#primaryimage\",\"url\":\"https:\/\/nghiepxuan.com\/wp-content\/uploads\/2023\/10\/tu-vu-be-9-tuoi-suyt-chet-vi-an-xoai-chuyen-gia-canh-bao-khong-an-xoai-neu-co-dau-hieu-sau.jpg\",\"contentUrl\":\"https:\/\/nghiepxuan.com\/wp-content\/uploads\/2023\/10\/tu-vu-be-9-tuoi-suyt-chet-vi-an-xoai-chuyen-gia-canh-bao-khong-an-xoai-neu-co-dau-hieu-sau.jpg\",\"width\":660,\"height\":477},{\"@type\":\"BreadcrumbList\",\"@id\":\"https:\/\/nghiepxuan.com\/fr\/product\/debloquer-la-douceur-exotique-des-mangues-fraiches\/#breadcrumb\",\"itemListElement\":[{\"@type\":\"ListItem\",\"position\":1,\"name\":\"Home\",\"item\":\"https:\/\/nghiepxuan.com\/fr\/\"},{\"@type\":\"ListItem\",\"position\":2,\"name\":\"Boutique\",\"item\":\"https:\/\/nghiepxuan.com\/fr\/shop\/\"},{\"@type\":\"ListItem\",\"position\":3,\"name\":\"D\u00e9couvrez la douceur exotique des mangues fra\u00eeches\"}]},{\"@type\":\"WebSite\",\"@id\":\"https:\/\/nghiepxuan.com\/fr\/#website\",\"url\":\"https:\/\/nghiepxuan.com\/fr\/\",\"name\":\"Nghiep Xuan - Agricultural Import and Export\",\"description\":\"Nourrir la nature, r\u00e9colter la sant\u00e9\u00a0: votre destination de mode de vie biologique\",\"publisher\":{\"@id\":\"https:\/\/nghiepxuan.com\/fr\/#organization\"},\"potentialAction\":[{\"@type\":\"SearchAction\",\"target\":{\"@type\":\"EntryPoint\",\"urlTemplate\":\"https:\/\/nghiepxuan.com\/fr\/?s={search_term_string}\"},\"query-input\":{\"@type\":\"PropertyValueSpecification\",\"valueRequired\":true,\"valueName\":\"search_term_string\"}}],\"inLanguage\":\"fr-FR\"},{\"@type\":\"Organization\",\"@id\":\"https:\/\/nghiepxuan.com\/fr\/#organization\",\"name\":\"Nghiep Xuan - Agricultural Import and Export\",\"url\":\"https:\/\/nghiepxuan.com\/fr\/\",\"logo\":{\"@type\":\"ImageObject\",\"inLanguage\":\"fr-FR\",\"@id\":\"https:\/\/nghiepxuan.com\/fr\/#\/schema\/logo\/image\/\",\"url\":\"https:\/\/nghiepxuan.com\/wp-content\/uploads\/2025\/04\/Nghiep-Xuan-Logo-4.png\",\"contentUrl\":\"https:\/\/nghiepxuan.com\/wp-content\/uploads\/2025\/04\/Nghiep-Xuan-Logo-4.png\",\"width\":4167,\"height\":1015,\"caption\":\"Nghiep Xuan - Agricultural Import and Export\"},\"image\":{\"@id\":\"https:\/\/nghiepxuan.com\/fr\/#\/schema\/logo\/image\/\"},\"sameAs\":[\"https:\/\/www.facebook.com\/nongsannghiepxuan\/\",\"https:\/\/x.com\/PhuTonBui\",\"https:\/\/www.instagram.com\/xuatnhapkhaunghiepxuan\/\",\"https:\/\/www.youtube.com\/@nongsannghiepxuan2066\",\"https:\/\/www.tiktok.com\/@nghiepxuan\"]}]}<\/script>\n<!-- \/ Yoast SEO plugin. -->","yoast_head_json":{"title":"D\u00e9couvrez la douceur exotique des mangues fra\u00eeches - Nghiep Xuan - Importation et Exportation Agricole","robots":{"index":"index","follow":"follow","max-snippet":"max-snippet:-1","max-image-preview":"max-image-preview:large","max-video-preview":"max-video-preview:-1"},"canonical":"https:\/\/nghiepxuan.com\/fr\/product\/debloquer-la-douceur-exotique-des-mangues-fraiches\/","og_locale":"fr_FR","og_type":"article","og_title":"D\u00e9couvrez la douceur exotique des mangues fra\u00eeches - Nghiep Xuan - Importation et Exportation Agricole","og_description":"Plongez dans le paradis tropical avec nos succulentes mangues. D\u00e9bordantes de douceur et de jutosit\u00e9, nos mangues sont cueillies \u00e0 la main \u00e0 l'apog\u00e9e de leur maturit\u00e9, ce qui leur conf\u00e8re une saveur in\u00e9gal\u00e9e. D\u00e9gustez-les frais, m\u00e9langez-les dans des smoothies ou ajoutez une touche tropicale \u00e0 vos salades. Chaque bouch\u00e9e est un go\u00fbt de soleil, ce qui fait de nos mangues un plaisir parfait pour vos sens.","og_url":"https:\/\/nghiepxuan.com\/fr\/product\/debloquer-la-douceur-exotique-des-mangues-fraiches\/","og_site_name":"Nghiep Xuan - Importation et Exportation Agricole","article_publisher":"https:\/\/www.facebook.com\/nongsannghiepxuan\/","article_modified_time":"2025-03-29T10:01:03+00:00","og_image":[{"width":660,"height":477,"url":"https:\/\/nghiepxuan.com\/wp-content\/uploads\/2023\/10\/tu-vu-be-9-tuoi-suyt-chet-vi-an-xoai-chuyen-gia-canh-bao-khong-an-xoai-neu-co-dau-hieu-sau.jpg","type":"image\/jpeg"}],"twitter_card":"summary_large_image","twitter_site":"@PhuTonBui","twitter_misc":{"Dur\u00e9e de lecture estim\u00e9e":"1 minute"},"schema":{"@context":"https:\/\/schema.org","@graph":[{"@type":"WebPage","@id":"https:\/\/nghiepxuan.com\/fr\/product\/debloquer-la-douceur-exotique-des-mangues-fraiches\/","url":"https:\/\/nghiepxuan.com\/fr\/product\/debloquer-la-douceur-exotique-des-mangues-fraiches\/","name":"D\u00e9couvrez la douceur exotique des mangues fra\u00eeches - Nghiep Xuan - Importation et Exportation Agricole","isPartOf":{"@id":"https:\/\/nghiepxuan.com\/fr\/#website"},"primaryImageOfPage":{"@id":"https:\/\/nghiepxuan.com\/fr\/product\/debloquer-la-douceur-exotique-des-mangues-fraiches\/#primaryimage"},"image":{"@id":"https:\/\/nghiepxuan.com\/fr\/product\/debloquer-la-douceur-exotique-des-mangues-fraiches\/#primaryimage"},"thumbnailUrl":"https:\/\/nghiepxuan.com\/wp-content\/uploads\/2023\/10\/tu-vu-be-9-tuoi-suyt-chet-vi-an-xoai-chuyen-gia-canh-bao-khong-an-xoai-neu-co-dau-hieu-sau.jpg","datePublished":"2023-10-23T02:34:57+00:00","dateModified":"2025-03-29T10:01:03+00:00","breadcrumb":{"@id":"https:\/\/nghiepxuan.com\/fr\/product\/debloquer-la-douceur-exotique-des-mangues-fraiches\/#breadcrumb"},"inLanguage":"fr-FR","potentialAction":[{"@type":"ReadAction","target":["https:\/\/nghiepxuan.com\/fr\/product\/debloquer-la-douceur-exotique-des-mangues-fraiches\/"]}]},{"@type":"ImageObject","inLanguage":"fr-FR","@id":"https:\/\/nghiepxuan.com\/fr\/product\/debloquer-la-douceur-exotique-des-mangues-fraiches\/#primaryimage","url":"https:\/\/nghiepxuan.com\/wp-content\/uploads\/2023\/10\/tu-vu-be-9-tuoi-suyt-chet-vi-an-xoai-chuyen-gia-canh-bao-khong-an-xoai-neu-co-dau-hieu-sau.jpg","contentUrl":"https:\/\/nghiepxuan.com\/wp-content\/uploads\/2023\/10\/tu-vu-be-9-tuoi-suyt-chet-vi-an-xoai-chuyen-gia-canh-bao-khong-an-xoai-neu-co-dau-hieu-sau.jpg","width":660,"height":477},{"@type":"BreadcrumbList","@id":"https:\/\/nghiepxuan.com\/fr\/product\/debloquer-la-douceur-exotique-des-mangues-fraiches\/#breadcrumb","itemListElement":[{"@type":"ListItem","position":1,"name":"Home","item":"https:\/\/nghiepxuan.com\/fr\/"},{"@type":"ListItem","position":2,"name":"Boutique","item":"https:\/\/nghiepxuan.com\/fr\/shop\/"},{"@type":"ListItem","position":3,"name":"D\u00e9couvrez la douceur exotique des mangues fra\u00eeches"}]},{"@type":"WebSite","@id":"https:\/\/nghiepxuan.com\/fr\/#website","url":"https:\/\/nghiepxuan.com\/fr\/","name":"Nghiep Xuan - Agricultural Import and Export","description":"Nourrir la nature, r\u00e9colter la sant\u00e9\u00a0: votre destination de mode de vie biologique","publisher":{"@id":"https:\/\/nghiepxuan.com\/fr\/#organization"},"potentialAction":[{"@type":"SearchAction","target":{"@type":"EntryPoint","urlTemplate":"https:\/\/nghiepxuan.com\/fr\/?s={search_term_string}"},"query-input":{"@type":"PropertyValueSpecification","valueRequired":true,"valueName":"search_term_string"}}],"inLanguage":"fr-FR"},{"@type":"Organization","@id":"https:\/\/nghiepxuan.com\/fr\/#organization","name":"Nghiep Xuan - Agricultural Import and Export","url":"https:\/\/nghiepxuan.com\/fr\/","logo":{"@type":"ImageObject","inLanguage":"fr-FR","@id":"https:\/\/nghiepxuan.com\/fr\/#\/schema\/logo\/image\/","url":"https:\/\/nghiepxuan.com\/wp-content\/uploads\/2025\/04\/Nghiep-Xuan-Logo-4.png","contentUrl":"https:\/\/nghiepxuan.com\/wp-content\/uploads\/2025\/04\/Nghiep-Xuan-Logo-4.png","width":4167,"height":1015,"caption":"Nghiep Xuan - Agricultural Import and Export"},"image":{"@id":"https:\/\/nghiepxuan.com\/fr\/#\/schema\/logo\/image\/"},"sameAs":["https:\/\/www.facebook.com\/nongsannghiepxuan\/","https:\/\/x.com\/PhuTonBui","https:\/\/www.instagram.com\/xuatnhapkhaunghiepxuan\/","https:\/\/www.youtube.com\/@nongsannghiepxuan2066","https:\/\/www.tiktok.com\/@nghiepxuan"]}]}},"_links":{"self":[{"href":"https:\/\/nghiepxuan.com\/fr\/wp-json\/wp\/v2\/product\/4929","targetHints":{"allow":["GET"]}}],"collection":[{"href":"https:\/\/nghiepxuan.com\/fr\/wp-json\/wp\/v2\/product"}],"about":[{"href":"https:\/\/nghiepxuan.com\/fr\/wp-json\/wp\/v2\/types\/product"}],"replies":[{"embeddable":true,"href":"https:\/\/nghiepxuan.com\/fr\/wp-json\/wp\/v2\/comments?post=4929"}],"version-history":[{"count":1,"href":"https:\/\/nghiepxuan.com\/fr\/wp-json\/wp\/v2\/product\/4929\/revisions"}],"predecessor-version":[{"id":7015,"href":"https:\/\/nghiepxuan.com\/fr\/wp-json\/wp\/v2\/product\/4929\/revisions\/7015"}],"wp:featuredmedia":[{"embeddable":true,"href":"https:\/\/nghiepxuan.com\/fr\/wp-json\/wp\/v2\/media\/4700"}],"wp:attachment":[{"href":"https:\/\/nghiepxuan.com\/fr\/wp-json\/wp\/v2\/media?parent=4929"}],"wp:term":[{"taxonomy":"product_brand","embeddable":true,"href":"https:\/\/nghiepxuan.com\/fr\/wp-json\/wp\/v2\/product_brand?post=4929"},{"taxonomy":"product_cat","embeddable":true,"href":"https:\/\/nghiepxuan.com\/fr\/wp-json\/wp\/v2\/product_cat?post=4929"},{"taxonomy":"product_tag","embeddable":true,"href":"https:\/\/nghiepxuan.com\/fr\/wp-json\/wp\/v2\/product_tag?post=4929"}],"curies":[{"name":"wp","href":"https:\/\/api.w.org\/{rel}","templated":true}]}}