{"id":4902,"date":"2023-10-23T02:02:58","date_gmt":"2023-10-23T02:02:58","guid":{"rendered":"https:\/\/farm-lang.cdn-pi.com\/product\/ajoutez-du-piquant-a-votre-vie-avec-des-produits-a-base-de-poivre-de-premiere-qualite\/"},"modified":"2025-03-29T10:01:09","modified_gmt":"2025-03-29T10:01:09","slug":"des-produits-a-base-de-poivre-de-qualite-superieure-pour-mettre-du-piquant-dans-votre-vie","status":"publish","type":"product","link":"https:\/\/nghiepxuan.com\/fr\/product\/des-produits-a-base-de-poivre-de-qualite-superieure-pour-mettre-du-piquant-dans-votre-vie\/","title":{"rendered":"Ajoutez du piquant \u00e0 votre vie avec des produits \u00e0 base de poivre de premi\u00e8re qualit\u00e9"},"content":{"rendered":"<p>D\u00e9couvrez les saveurs audacieuses de nos produits au poivre de premi\u00e8re qualit\u00e9 !<\/p>\n<p>Dans notre magasin, nous sommes fiers de proposer une gamme vari\u00e9e de produits \u00e0 base de poivre de premi\u00e8re qualit\u00e9 qui ajoutent une touche de saveur \u00e0 vos cr\u00e9ations culinaires. Nos piments proviennent des meilleures plantations, ce qui garantit la fra\u00eecheur et l&#8217;authenticit\u00e9 de chaque emballage.<\/p>\n<p>D\u00e9couvrez les notes riches et aromatiques de notre poivre noir fra\u00eechement moulu, parfait pour rehausser le go\u00fbt des soupes, des salades et des plats principaux. Si vous pr\u00e9f\u00e9rez une option plus douce, notre poivre blanc apporte une chaleur subtile, id\u00e9ale pour les sauces cr\u00e9meuses et les plats de couleur claire. Pour une touche de fum\u00e9e, essayez notre sp\u00e9cialit\u00e9, le poivre fum\u00e9, qui ajoute une touche unique aux viandes et l\u00e9gumes grill\u00e9s.<\/p>\n<p>Nous proposons \u00e9galement des vari\u00e9t\u00e9s exotiques comme le poivre vert et le poivre rose, chacune ayant un profil gustatif particulier, ce qui vous permet d&#8217;exp\u00e9rimenter et d&#8217;am\u00e9liorer vos recettes. Nos produits \u00e0 base de poivre sont trait\u00e9s avec soin afin de pr\u00e9server leurs huiles et ar\u00f4mes naturels, ce qui vous garantit la meilleure qualit\u00e9 possible.<\/p>\n<p>Outre le poivre entier et le poivre moulu, nous proposons des m\u00e9langes de poivres pratiques, \u00e9labor\u00e9s par des experts pour rehausser des cuisines sp\u00e9cifiques. Du poivre citron piquant pour les amateurs de fruits de mer au poivre steak robuste pour les amateurs de viande, nos m\u00e9langes sont con\u00e7us pour r\u00e9pondre \u00e0 une grande vari\u00e9t\u00e9 de go\u00fbts.<\/p>\n<p>Non seulement nos produits \u00e0 base de poivre donnent de la profondeur \u00e0 vos plats, mais ils pr\u00e9sentent \u00e9galement de nombreux avantages pour la sant\u00e9. Le poivre est connu pour ses propri\u00e9t\u00e9s antioxydantes et sa capacit\u00e9 \u00e0 am\u00e9liorer la digestion, ce qui en fait un \u00e9l\u00e9ment essentiel d&#8217;un r\u00e9gime alimentaire sain.<\/p>\n<p>Embrassez le monde culinaire des saveurs avec nos produits \u00e0 base de poivre de premi\u00e8re qualit\u00e9. Donnez une nouvelle dimension \u00e0 votre cuisine gr\u00e2ce \u00e0 l&#8217;essence audacieuse et aromatique de nos poivrons. Visitez notre magasin d\u00e8s aujourd&#8217;hui et relevez vos plats avec des poivrons de la meilleure qualit\u00e9, apportant un monde de saveurs \u00e0 votre table.<\/p>\n","protected":false},"excerpt":{"rendered":"<p>Rehaussez vos plats avec notre s\u00e9lection de poivrons de qualit\u00e9 sup\u00e9rieure. De la chaleur robuste du poivre noir \u00e0 la chaleur subtile du poivre blanc, nos produits de haute qualit\u00e9 ajoutent de la profondeur et de la saveur \u00e0 chaque repas. D&#8217;origine fra\u00eeche et transform\u00e9s de mani\u00e8re experte, nos poivrons garantissent une exp\u00e9rience culinaire qui excite les papilles. Am\u00e9liorez votre cuisine sans effort gr\u00e2ce \u00e0 notre gamme de poivres haut de gamme &#8211; l&#8217;ingr\u00e9dient secret pour des repas vraiment d\u00e9licieux.<\/p>\n","protected":false},"featured_media":4625,"comment_status":"open","ping_status":"closed","template":"","meta":{"content-type":""},"product_brand":[],"product_cat":[145],"product_tag":[],"class_list":{"0":"post-4902","1":"product","2":"type-product","3":"status-publish","4":"has-post-thumbnail","6":"product_cat-cafe-cashew-apples-pepper-fr","8":"first","9":"instock","10":"shipping-taxable","11":"purchasable","12":"product-type-variable","13":"has-default-attributes"},"yoast_head":"<!-- This site is optimized with the Yoast SEO plugin v26.9 - https:\/\/yoast.com\/product\/yoast-seo-wordpress\/ -->\n<title>Ajoutez du piquant \u00e0 votre vie avec des produits \u00e0 base de poivre de premi\u00e8re qualit\u00e9 - Nghiep Xuan - Importation et Exportation Agricole<\/title>\n<meta name=\"robots\" content=\"index, follow, max-snippet:-1, max-image-preview:large, max-video-preview:-1\" \/>\n<link rel=\"canonical\" href=\"https:\/\/nghiepxuan.com\/fr\/product\/des-produits-a-base-de-poivre-de-qualite-superieure-pour-mettre-du-piquant-dans-votre-vie\/\" \/>\n<meta property=\"og:locale\" content=\"fr_FR\" \/>\n<meta property=\"og:type\" content=\"article\" \/>\n<meta property=\"og:title\" content=\"Ajoutez du piquant \u00e0 votre vie avec des produits \u00e0 base de poivre de premi\u00e8re qualit\u00e9 - Nghiep Xuan - Importation et Exportation Agricole\" \/>\n<meta property=\"og:description\" content=\"Rehaussez vos plats avec notre s\u00e9lection de poivrons de qualit\u00e9 sup\u00e9rieure. De la chaleur robuste du poivre noir \u00e0 la chaleur subtile du poivre blanc, nos produits de haute qualit\u00e9 ajoutent de la profondeur et de la saveur \u00e0 chaque repas. D&#039;origine fra\u00eeche et transform\u00e9s de mani\u00e8re experte, nos poivrons garantissent une exp\u00e9rience culinaire qui excite les papilles. Am\u00e9liorez votre cuisine sans effort gr\u00e2ce \u00e0 notre gamme de poivres haut de gamme - l&#039;ingr\u00e9dient secret pour des repas vraiment d\u00e9licieux.\" \/>\n<meta property=\"og:url\" content=\"https:\/\/nghiepxuan.com\/fr\/product\/des-produits-a-base-de-poivre-de-qualite-superieure-pour-mettre-du-piquant-dans-votre-vie\/\" \/>\n<meta property=\"og:site_name\" content=\"Nghiep Xuan - Importation et Exportation Agricole\" \/>\n<meta property=\"article:publisher\" content=\"https:\/\/www.facebook.com\/nongsannghiepxuan\/\" \/>\n<meta property=\"article:modified_time\" content=\"2025-03-29T10:01:09+00:00\" \/>\n<meta property=\"og:image\" content=\"https:\/\/nghiepxuan.com\/wp-content\/uploads\/2023\/10\/51c4744a-a6d5-4461-98f4-48c299409cd3.jpg\" \/>\n\t<meta property=\"og:image:width\" content=\"620\" \/>\n\t<meta property=\"og:image:height\" content=\"349\" \/>\n\t<meta property=\"og:image:type\" content=\"image\/jpeg\" \/>\n<meta name=\"twitter:card\" content=\"summary_large_image\" \/>\n<meta name=\"twitter:site\" content=\"@PhuTonBui\" \/>\n<meta name=\"twitter:label1\" content=\"Dur\u00e9e de lecture estim\u00e9e\" \/>\n\t<meta name=\"twitter:data1\" content=\"2 minutes\" \/>\n<script type=\"application\/ld+json\" class=\"yoast-schema-graph\">{\"@context\":\"https:\/\/schema.org\",\"@graph\":[{\"@type\":\"WebPage\",\"@id\":\"https:\/\/nghiepxuan.com\/fr\/product\/des-produits-a-base-de-poivre-de-qualite-superieure-pour-mettre-du-piquant-dans-votre-vie\/\",\"url\":\"https:\/\/nghiepxuan.com\/fr\/product\/des-produits-a-base-de-poivre-de-qualite-superieure-pour-mettre-du-piquant-dans-votre-vie\/\",\"name\":\"Ajoutez du piquant \u00e0 votre vie avec des produits \u00e0 base de poivre de premi\u00e8re qualit\u00e9 - Nghiep Xuan - Importation et Exportation Agricole\",\"isPartOf\":{\"@id\":\"https:\/\/nghiepxuan.com\/fr\/#website\"},\"primaryImageOfPage\":{\"@id\":\"https:\/\/nghiepxuan.com\/fr\/product\/des-produits-a-base-de-poivre-de-qualite-superieure-pour-mettre-du-piquant-dans-votre-vie\/#primaryimage\"},\"image\":{\"@id\":\"https:\/\/nghiepxuan.com\/fr\/product\/des-produits-a-base-de-poivre-de-qualite-superieure-pour-mettre-du-piquant-dans-votre-vie\/#primaryimage\"},\"thumbnailUrl\":\"https:\/\/nghiepxuan.com\/wp-content\/uploads\/2023\/10\/51c4744a-a6d5-4461-98f4-48c299409cd3.jpg\",\"datePublished\":\"2023-10-23T02:02:58+00:00\",\"dateModified\":\"2025-03-29T10:01:09+00:00\",\"breadcrumb\":{\"@id\":\"https:\/\/nghiepxuan.com\/fr\/product\/des-produits-a-base-de-poivre-de-qualite-superieure-pour-mettre-du-piquant-dans-votre-vie\/#breadcrumb\"},\"inLanguage\":\"fr-FR\",\"potentialAction\":[{\"@type\":\"ReadAction\",\"target\":[\"https:\/\/nghiepxuan.com\/fr\/product\/des-produits-a-base-de-poivre-de-qualite-superieure-pour-mettre-du-piquant-dans-votre-vie\/\"]}]},{\"@type\":\"ImageObject\",\"inLanguage\":\"fr-FR\",\"@id\":\"https:\/\/nghiepxuan.com\/fr\/product\/des-produits-a-base-de-poivre-de-qualite-superieure-pour-mettre-du-piquant-dans-votre-vie\/#primaryimage\",\"url\":\"https:\/\/nghiepxuan.com\/wp-content\/uploads\/2023\/10\/51c4744a-a6d5-4461-98f4-48c299409cd3.jpg\",\"contentUrl\":\"https:\/\/nghiepxuan.com\/wp-content\/uploads\/2023\/10\/51c4744a-a6d5-4461-98f4-48c299409cd3.jpg\",\"width\":620,\"height\":349},{\"@type\":\"BreadcrumbList\",\"@id\":\"https:\/\/nghiepxuan.com\/fr\/product\/des-produits-a-base-de-poivre-de-qualite-superieure-pour-mettre-du-piquant-dans-votre-vie\/#breadcrumb\",\"itemListElement\":[{\"@type\":\"ListItem\",\"position\":1,\"name\":\"Home\",\"item\":\"https:\/\/nghiepxuan.com\/fr\/\"},{\"@type\":\"ListItem\",\"position\":2,\"name\":\"Boutique\",\"item\":\"https:\/\/nghiepxuan.com\/fr\/shop\/\"},{\"@type\":\"ListItem\",\"position\":3,\"name\":\"Ajoutez du piquant \u00e0 votre vie avec des produits \u00e0 base de poivre de premi\u00e8re qualit\u00e9\"}]},{\"@type\":\"WebSite\",\"@id\":\"https:\/\/nghiepxuan.com\/fr\/#website\",\"url\":\"https:\/\/nghiepxuan.com\/fr\/\",\"name\":\"Nghiep Xuan - Agricultural Import and Export\",\"description\":\"Nourrir la nature, r\u00e9colter la sant\u00e9\u00a0: votre destination de mode de vie biologique\",\"publisher\":{\"@id\":\"https:\/\/nghiepxuan.com\/fr\/#organization\"},\"potentialAction\":[{\"@type\":\"SearchAction\",\"target\":{\"@type\":\"EntryPoint\",\"urlTemplate\":\"https:\/\/nghiepxuan.com\/fr\/?s={search_term_string}\"},\"query-input\":{\"@type\":\"PropertyValueSpecification\",\"valueRequired\":true,\"valueName\":\"search_term_string\"}}],\"inLanguage\":\"fr-FR\"},{\"@type\":\"Organization\",\"@id\":\"https:\/\/nghiepxuan.com\/fr\/#organization\",\"name\":\"Nghiep Xuan - Agricultural Import and Export\",\"url\":\"https:\/\/nghiepxuan.com\/fr\/\",\"logo\":{\"@type\":\"ImageObject\",\"inLanguage\":\"fr-FR\",\"@id\":\"https:\/\/nghiepxuan.com\/fr\/#\/schema\/logo\/image\/\",\"url\":\"https:\/\/nghiepxuan.com\/wp-content\/uploads\/2025\/04\/Nghiep-Xuan-Logo-4.png\",\"contentUrl\":\"https:\/\/nghiepxuan.com\/wp-content\/uploads\/2025\/04\/Nghiep-Xuan-Logo-4.png\",\"width\":4167,\"height\":1015,\"caption\":\"Nghiep Xuan - Agricultural Import and Export\"},\"image\":{\"@id\":\"https:\/\/nghiepxuan.com\/fr\/#\/schema\/logo\/image\/\"},\"sameAs\":[\"https:\/\/www.facebook.com\/nongsannghiepxuan\/\",\"https:\/\/x.com\/PhuTonBui\",\"https:\/\/www.instagram.com\/xuatnhapkhaunghiepxuan\/\",\"https:\/\/www.youtube.com\/@nongsannghiepxuan2066\",\"https:\/\/www.tiktok.com\/@nghiepxuan\"]}]}<\/script>\n<!-- \/ Yoast SEO plugin. -->","yoast_head_json":{"title":"Ajoutez du piquant \u00e0 votre vie avec des produits \u00e0 base de poivre de premi\u00e8re qualit\u00e9 - Nghiep Xuan - Importation et Exportation Agricole","robots":{"index":"index","follow":"follow","max-snippet":"max-snippet:-1","max-image-preview":"max-image-preview:large","max-video-preview":"max-video-preview:-1"},"canonical":"https:\/\/nghiepxuan.com\/fr\/product\/des-produits-a-base-de-poivre-de-qualite-superieure-pour-mettre-du-piquant-dans-votre-vie\/","og_locale":"fr_FR","og_type":"article","og_title":"Ajoutez du piquant \u00e0 votre vie avec des produits \u00e0 base de poivre de premi\u00e8re qualit\u00e9 - Nghiep Xuan - Importation et Exportation Agricole","og_description":"Rehaussez vos plats avec notre s\u00e9lection de poivrons de qualit\u00e9 sup\u00e9rieure. De la chaleur robuste du poivre noir \u00e0 la chaleur subtile du poivre blanc, nos produits de haute qualit\u00e9 ajoutent de la profondeur et de la saveur \u00e0 chaque repas. D'origine fra\u00eeche et transform\u00e9s de mani\u00e8re experte, nos poivrons garantissent une exp\u00e9rience culinaire qui excite les papilles. Am\u00e9liorez votre cuisine sans effort gr\u00e2ce \u00e0 notre gamme de poivres haut de gamme - l'ingr\u00e9dient secret pour des repas vraiment d\u00e9licieux.","og_url":"https:\/\/nghiepxuan.com\/fr\/product\/des-produits-a-base-de-poivre-de-qualite-superieure-pour-mettre-du-piquant-dans-votre-vie\/","og_site_name":"Nghiep Xuan - Importation et Exportation Agricole","article_publisher":"https:\/\/www.facebook.com\/nongsannghiepxuan\/","article_modified_time":"2025-03-29T10:01:09+00:00","og_image":[{"width":620,"height":349,"url":"https:\/\/nghiepxuan.com\/wp-content\/uploads\/2023\/10\/51c4744a-a6d5-4461-98f4-48c299409cd3.jpg","type":"image\/jpeg"}],"twitter_card":"summary_large_image","twitter_site":"@PhuTonBui","twitter_misc":{"Dur\u00e9e de lecture estim\u00e9e":"2 minutes"},"schema":{"@context":"https:\/\/schema.org","@graph":[{"@type":"WebPage","@id":"https:\/\/nghiepxuan.com\/fr\/product\/des-produits-a-base-de-poivre-de-qualite-superieure-pour-mettre-du-piquant-dans-votre-vie\/","url":"https:\/\/nghiepxuan.com\/fr\/product\/des-produits-a-base-de-poivre-de-qualite-superieure-pour-mettre-du-piquant-dans-votre-vie\/","name":"Ajoutez du piquant \u00e0 votre vie avec des produits \u00e0 base de poivre de premi\u00e8re qualit\u00e9 - Nghiep Xuan - Importation et Exportation Agricole","isPartOf":{"@id":"https:\/\/nghiepxuan.com\/fr\/#website"},"primaryImageOfPage":{"@id":"https:\/\/nghiepxuan.com\/fr\/product\/des-produits-a-base-de-poivre-de-qualite-superieure-pour-mettre-du-piquant-dans-votre-vie\/#primaryimage"},"image":{"@id":"https:\/\/nghiepxuan.com\/fr\/product\/des-produits-a-base-de-poivre-de-qualite-superieure-pour-mettre-du-piquant-dans-votre-vie\/#primaryimage"},"thumbnailUrl":"https:\/\/nghiepxuan.com\/wp-content\/uploads\/2023\/10\/51c4744a-a6d5-4461-98f4-48c299409cd3.jpg","datePublished":"2023-10-23T02:02:58+00:00","dateModified":"2025-03-29T10:01:09+00:00","breadcrumb":{"@id":"https:\/\/nghiepxuan.com\/fr\/product\/des-produits-a-base-de-poivre-de-qualite-superieure-pour-mettre-du-piquant-dans-votre-vie\/#breadcrumb"},"inLanguage":"fr-FR","potentialAction":[{"@type":"ReadAction","target":["https:\/\/nghiepxuan.com\/fr\/product\/des-produits-a-base-de-poivre-de-qualite-superieure-pour-mettre-du-piquant-dans-votre-vie\/"]}]},{"@type":"ImageObject","inLanguage":"fr-FR","@id":"https:\/\/nghiepxuan.com\/fr\/product\/des-produits-a-base-de-poivre-de-qualite-superieure-pour-mettre-du-piquant-dans-votre-vie\/#primaryimage","url":"https:\/\/nghiepxuan.com\/wp-content\/uploads\/2023\/10\/51c4744a-a6d5-4461-98f4-48c299409cd3.jpg","contentUrl":"https:\/\/nghiepxuan.com\/wp-content\/uploads\/2023\/10\/51c4744a-a6d5-4461-98f4-48c299409cd3.jpg","width":620,"height":349},{"@type":"BreadcrumbList","@id":"https:\/\/nghiepxuan.com\/fr\/product\/des-produits-a-base-de-poivre-de-qualite-superieure-pour-mettre-du-piquant-dans-votre-vie\/#breadcrumb","itemListElement":[{"@type":"ListItem","position":1,"name":"Home","item":"https:\/\/nghiepxuan.com\/fr\/"},{"@type":"ListItem","position":2,"name":"Boutique","item":"https:\/\/nghiepxuan.com\/fr\/shop\/"},{"@type":"ListItem","position":3,"name":"Ajoutez du piquant \u00e0 votre vie avec des produits \u00e0 base de poivre de premi\u00e8re qualit\u00e9"}]},{"@type":"WebSite","@id":"https:\/\/nghiepxuan.com\/fr\/#website","url":"https:\/\/nghiepxuan.com\/fr\/","name":"Nghiep Xuan - Agricultural Import and Export","description":"Nourrir la nature, r\u00e9colter la sant\u00e9\u00a0: votre destination de mode de vie biologique","publisher":{"@id":"https:\/\/nghiepxuan.com\/fr\/#organization"},"potentialAction":[{"@type":"SearchAction","target":{"@type":"EntryPoint","urlTemplate":"https:\/\/nghiepxuan.com\/fr\/?s={search_term_string}"},"query-input":{"@type":"PropertyValueSpecification","valueRequired":true,"valueName":"search_term_string"}}],"inLanguage":"fr-FR"},{"@type":"Organization","@id":"https:\/\/nghiepxuan.com\/fr\/#organization","name":"Nghiep Xuan - Agricultural Import and Export","url":"https:\/\/nghiepxuan.com\/fr\/","logo":{"@type":"ImageObject","inLanguage":"fr-FR","@id":"https:\/\/nghiepxuan.com\/fr\/#\/schema\/logo\/image\/","url":"https:\/\/nghiepxuan.com\/wp-content\/uploads\/2025\/04\/Nghiep-Xuan-Logo-4.png","contentUrl":"https:\/\/nghiepxuan.com\/wp-content\/uploads\/2025\/04\/Nghiep-Xuan-Logo-4.png","width":4167,"height":1015,"caption":"Nghiep Xuan - Agricultural Import and Export"},"image":{"@id":"https:\/\/nghiepxuan.com\/fr\/#\/schema\/logo\/image\/"},"sameAs":["https:\/\/www.facebook.com\/nongsannghiepxuan\/","https:\/\/x.com\/PhuTonBui","https:\/\/www.instagram.com\/xuatnhapkhaunghiepxuan\/","https:\/\/www.youtube.com\/@nongsannghiepxuan2066","https:\/\/www.tiktok.com\/@nghiepxuan"]}]}},"_links":{"self":[{"href":"https:\/\/nghiepxuan.com\/fr\/wp-json\/wp\/v2\/product\/4902","targetHints":{"allow":["GET"]}}],"collection":[{"href":"https:\/\/nghiepxuan.com\/fr\/wp-json\/wp\/v2\/product"}],"about":[{"href":"https:\/\/nghiepxuan.com\/fr\/wp-json\/wp\/v2\/types\/product"}],"replies":[{"embeddable":true,"href":"https:\/\/nghiepxuan.com\/fr\/wp-json\/wp\/v2\/comments?post=4902"}],"version-history":[{"count":1,"href":"https:\/\/nghiepxuan.com\/fr\/wp-json\/wp\/v2\/product\/4902\/revisions"}],"predecessor-version":[{"id":7028,"href":"https:\/\/nghiepxuan.com\/fr\/wp-json\/wp\/v2\/product\/4902\/revisions\/7028"}],"wp:featuredmedia":[{"embeddable":true,"href":"https:\/\/nghiepxuan.com\/fr\/wp-json\/wp\/v2\/media\/4625"}],"wp:attachment":[{"href":"https:\/\/nghiepxuan.com\/fr\/wp-json\/wp\/v2\/media?parent=4902"}],"wp:term":[{"taxonomy":"product_brand","embeddable":true,"href":"https:\/\/nghiepxuan.com\/fr\/wp-json\/wp\/v2\/product_brand?post=4902"},{"taxonomy":"product_cat","embeddable":true,"href":"https:\/\/nghiepxuan.com\/fr\/wp-json\/wp\/v2\/product_cat?post=4902"},{"taxonomy":"product_tag","embeddable":true,"href":"https:\/\/nghiepxuan.com\/fr\/wp-json\/wp\/v2\/product_tag?post=4902"}],"curies":[{"name":"wp","href":"https:\/\/api.w.org\/{rel}","templated":true}]}}