{"id":10256,"date":"2026-05-07T06:20:26","date_gmt":"2026-05-07T06:20:26","guid":{"rendered":"https:\/\/nghiepxuan.com\/product\/fruit-de-la-passion-surgele-de-qualite-superieure-demi-coupe-entiere-qualite-export-nghiep-xuan-vietnam\/"},"modified":"2026-05-07T06:20:26","modified_gmt":"2026-05-07T06:20:26","slug":"fruit-de-la-passion-surgele-de-qualite-superieure-demi-coupe-entiere-qualite-export-nghiep-xuan-vietnam","status":"publish","type":"product","link":"https:\/\/nghiepxuan.com\/fr\/product\/fruit-de-la-passion-surgele-de-qualite-superieure-demi-coupe-entiere-qualite-export-nghiep-xuan-vietnam\/","title":{"rendered":"Fruit de la passion surgel\u00e9 de qualit\u00e9 sup\u00e9rieure (demi-coupe enti\u00e8re) | Qualit\u00e9 export | Nghiep Xuan Vietnam"},"content":{"rendered":"<h3 data-section-id=\"1acoqve\" data-start=\"366\" data-end=\"410\"><span role=\"text\"><strong data-start=\"370\" data-end=\"410\">Vue d&#8217;ensemble<\/strong><\/span><\/h3>\n<p data-start=\"411\" data-end=\"621\">Nghiep Xuan est fier de vous proposer des <strong data-start=\"438\" data-end=\"487\">fruits de la passion surgel\u00e9s de premi\u00e8re qualit\u00e9 (demi-coup\u00e9s entiers)<\/strong>, soigneusement s\u00e9lectionn\u00e9s \u00e0 maturit\u00e9 maximale et trait\u00e9s pour pr\u00e9server leur <strong data-start=\"555\" data-end=\"620\">structure naturelle, leur couleur \u00e9clatante et leur saveur tropicale intense<\/strong>.<\/p>\n<p data-start=\"623\" data-end=\"973\">Chaque fruit est <strong data-start=\"637\" data-end=\"673\">nettoy\u00e9, coup\u00e9 en deux et congel\u00e9<\/strong>, ce qui constitue une <strong data-start=\"687\" data-end=\"712\">solution pr\u00eate \u00e0 l&#8217;emploi<\/strong> pour les entreprises qui recherchent \u00e0 la <strong data-start=\"746\" data-end=\"790\">fois l&#8217;attrait visuel et l&#8217;efficacit\u00e9 op\u00e9rationnelle<\/strong>. Ce format est particuli\u00e8rement int\u00e9ressant pour les <strong data-start=\"831\" data-end=\"893\">cha\u00eenes de boissons, les marques de desserts et les op\u00e9rateurs de services alimentaires<\/strong> qui cherchent \u00e0 offrir des exp\u00e9riences authentiques de fruits de la passion avec une qualit\u00e9 constante. <\/p>\n<hr data-start=\"975\" data-end=\"978\">\n<h3 data-section-id=\"i3u59h\" data-start=\"980\" data-end=\"1003\"><span role=\"text\"><strong data-start=\"984\" data-end=\"1003\">\ud83e\udd6d Caract\u00e9ristiques principales<\/strong><\/span><\/h3>\n<ul data-start=\"1004\" data-end=\"1393\">\n<li data-section-id=\"z4de7g\" data-start=\"1004\" data-end=\"1069\"><strong data-start=\"1006\" data-end=\"1031\">Format entier demi-coup\u00e9<\/strong> &#8211; Pr\u00eat \u00e0 l&#8217;emploi, aucune d\u00e9coupe n&#8217;est n\u00e9cessaire<\/li>\n<li data-section-id=\"1272avp\" data-start=\"1070\" data-end=\"1139\"><strong data-start=\"1072\" data-end=\"1094\">Aspect naturel<\/strong> &#8211; Pulpe jaune attrayante avec des graines intactes<\/li>\n<li data-section-id=\"43nung\" data-start=\"1140\" data-end=\"1199\"><strong data-start=\"1142\" data-end=\"1165\">Ar\u00f4me et saveur riches<\/strong> &#8211; Go\u00fbt tropical prononc\u00e9<\/li>\n<li data-section-id=\"o7x70a\" data-start=\"1200\" data-end=\"1267\"><strong data-start=\"1202\" data-end=\"1229\">Traitement IQF \/ surgel\u00e9<\/strong> &#8211; Pr\u00e9serve la fra\u00eecheur et les nutriments<\/li>\n<li data-section-id=\"1se6bww\" data-start=\"1268\" data-end=\"1340\"><strong data-start=\"1270\" data-end=\"1299\">Taille et qualit\u00e9 constantes<\/strong> &#8211; Convient aux op\u00e9rations standardis\u00e9es<\/li>\n<li data-section-id=\"16zuj4u\" data-start=\"1341\" data-end=\"1393\"><strong data-start=\"1343\" data-end=\"1359\">100% naturel<\/strong> &#8211; Sans additifs ni conservateurs<\/li>\n<\/ul>\n<hr data-start=\"1395\" data-end=\"1398\">\n<h3 data-section-id=\"f701lt\" data-start=\"1400\" data-end=\"1424\"><span role=\"text\"><strong data-start=\"1404\" data-end=\"1424\">\ud83c\udf7d\ufe0f Applications<\/strong><\/span><\/h3>\n<p data-start=\"1425\" data-end=\"1481\">Con\u00e7u pour une pr\u00e9sentation \u00e0 fort impact et une utilisation efficace :<\/p>\n<ul data-start=\"1482\" data-end=\"1664\">\n<li data-section-id=\"1ur03na\" data-start=\"1482\" data-end=\"1516\">Cha\u00eenes de th\u00e9 \u00e0 bulles et de boissons<\/li>\n<li data-section-id=\"19cazmn\" data-start=\"1517\" data-end=\"1557\">Cocktails, mocktails et bars \u00e0 jus de fruits<\/li>\n<li data-section-id=\"1ejsmc0\" data-start=\"1558\" data-end=\"1594\">Garnitures de desserts et coupes de fruits<\/li>\n<li data-section-id=\"1ue9a2i\" data-start=\"1595\" data-end=\"1627\">D\u00e9coration de boulangerie et de p\u00e2tisserie<\/li>\n<li data-section-id=\"ka4501\" data-start=\"1628\" data-end=\"1664\">Produits surgel\u00e9s et pr\u00eats \u00e0 consommer<\/li>\n<\/ul>\n<hr data-start=\"1666\" data-end=\"1669\">\n<h3 data-section-id=\"grum48\" data-start=\"1671\" data-end=\"1704\"><span role=\"text\"><strong data-start=\"1675\" data-end=\"1704\">\ud83d\udce6 Sp\u00e9cifications du produit<\/strong><\/span><\/h3>\n<ul data-start=\"1705\" data-end=\"2067\">\n<li data-section-id=\"6mopve\" data-start=\"1705\" data-end=\"1764\"><strong data-start=\"1707\" data-end=\"1724\">Type de produit :<\/strong> Fruit de la passion surgel\u00e9 (demi-coupe enti\u00e8re)<\/li>\n<li data-section-id=\"1n3n3cw\" data-start=\"1765\" data-end=\"1826\"><strong data-start=\"1767\" data-end=\"1782\">Transformation :<\/strong> Nettoy\u00e9, demi-coup\u00e9 et congel\u00e9<\/li>\n<li data-section-id=\"895jai\" data-start=\"1827\" data-end=\"1850\"><strong data-start=\"1829\" data-end=\"1840\">Origine :<\/strong> Vietnam<\/li>\n<li data-section-id=\"5d1acd\" data-start=\"1851\" data-end=\"1892\"><strong data-start=\"1853\" data-end=\"1868\">Dur\u00e9e de conservation :<\/strong> 18-24 mois \u00e0 -18\u00b0C<\/li>\n<li data-section-id=\"hpqp2v\" data-start=\"1893\" data-end=\"1944\"><strong data-start=\"1895\" data-end=\"1909\">Emballage :<\/strong> Bulk \/ Retail \/ OEM personnalisable<\/li>\n<li data-section-id=\"5d5dzj\" data-start=\"1945\" data-end=\"1997\"><strong data-start=\"1947\" data-end=\"1956\">Taille :<\/strong> Un classement uniforme est disponible sur demande<\/li>\n<li data-section-id=\"1ynrigw\" data-start=\"1998\" data-end=\"2067\"><strong data-start=\"2000\" data-end=\"2019\">Certifications :<\/strong> Disponibles sur demande (GlobalGAP, ISO, etc.)<\/li>\n<\/ul>\n<hr data-start=\"2069\" data-end=\"2072\">\n<h3 data-section-id=\"1a272qi\" data-start=\"2074\" data-end=\"2108\"><span role=\"text\"><strong data-start=\"2078\" data-end=\"2108\">\ud83d\ude9a Pourquoi choisir Nghiep Xuan ?<\/strong><\/span><\/h3>\n<ul data-start=\"2109\" data-end=\"2384\">\n<li data-section-id=\"1qzwuox\" data-start=\"2109\" data-end=\"2166\">Sp\u00e9cialiste de la <strong data-start=\"2125\" data-end=\"2164\">transformation et de l&#8217;exportation des fruits de la passion<\/strong><\/li>\n<li data-section-id=\"x54rxg\" data-start=\"2167\" data-end=\"2226\"><strong data-start=\"2176\" data-end=\"2224\">Syst\u00e8me de cha\u00eene du froid<\/strong> solide <strong data-start=\"2176\" data-end=\"2224\">garantissant l&#8217;int\u00e9grit\u00e9 du produit<\/strong><\/li>\n<li data-section-id=\"5cwoft\" data-start=\"2227\" data-end=\"2279\">Concentrez-vous sur la <strong data-start=\"2238\" data-end=\"2277\">qualit\u00e9 visuelle et la constance de la saveur<\/strong><\/li>\n<li data-section-id=\"pha0d0\" data-start=\"2280\" data-end=\"2324\"><strong data-start=\"2291\" data-end=\"2322\">Solutions<\/strong> flexibles <strong data-start=\"2291\" data-end=\"2322\">OEM\/marques priv\u00e9es<\/strong><\/li>\n<li data-section-id=\"s3wf53\" data-start=\"2325\" data-end=\"2384\">Partenaire de confiance des <strong data-start=\"2347\" data-end=\"2382\">marques mondiales de boissons et d&#8217;aliments<\/strong><\/li>\n<\/ul>\n<hr data-start=\"2386\" data-end=\"2389\">\n<h3 data-section-id=\"sirax1\" data-start=\"2391\" data-end=\"2413\"><span role=\"text\"><strong data-start=\"2395\" data-end=\"2413\">\ud83d\udce9 Enqu\u00eate CTA<\/strong><\/span><\/h3>\n<p data-start=\"2414\" data-end=\"2565\">Vous recherchez un fournisseur fiable de fruits de la passion surgel\u00e9s coup\u00e9s en deux ?<br data-start=\"2479\" data-end=\"2482\">\ud83d\udc49 Contactez Nghiep Xuan d\u00e8s aujourd&#8217;hui pour obtenir un <strong data-start=\"2515\" data-end=\"2564\">devis, des \u00e9chantillons et une coop\u00e9ration \u00e0 long terme<\/strong>.<\/p>\n<p data-start=\"2414\" data-end=\"2565\">Courriel : info@nghiepxuan.com || WhatsApp\/Viber\/Zalo\/Wechat\/Hotline : +84939 345 598<\/p>\n","protected":false},"excerpt":{"rendered":"<p>Fruits de la passion coup\u00e9s en deux, pr\u00eats \u00e0 l&#8217;emploi, pour le th\u00e9 \u00e0 bulles et les cocktails. Qualit\u00e9 constante, couleur \u00e9clatante, exportation vers le Vietnam. Demandez un devis.  <\/p>\n","protected":false},"featured_media":10224,"comment_status":"open","ping_status":"closed","template":"","meta":{"content-type":""},"product_brand":[],"product_cat":[419],"product_tag":[1146,658,1168],"class_list":{"0":"post-10256","1":"product","2":"type-product","3":"status-publish","4":"has-post-thumbnail","6":"product_cat-frozen-fr","7":"product_tag-exportations-du-vietnam","8":"product_tag-fruits-de-la-passion-congeles","9":"product_tag-fruits-surgeles","11":"first","12":"instock","13":"shipping-taxable","14":"product-type-simple"},"yoast_head":"<!-- This site is optimized with the Yoast SEO plugin v26.9 - https:\/\/yoast.com\/product\/yoast-seo-wordpress\/ -->\n<title>Fruit de la passion surgel\u00e9 de qualit\u00e9 sup\u00e9rieure (demi-coupe enti\u00e8re) | Qualit\u00e9 export | Nghiep Xuan Vietnam - Nghiep Xuan - Importation et Exportation Agricole<\/title>\n<meta name=\"description\" content=\"Fruits de la passion surgel\u00e9s de premi\u00e8re qualit\u00e9, coup\u00e9s en deux, en provenance du Vietnam. Aspect naturel, saveur prononc\u00e9e, livraison en vrac et emballage OEM. Id\u00e9al pour les boissons et les desserts. Contactez-nous d\u00e8s maintenant.\" \/>\n<meta name=\"robots\" content=\"index, follow, max-snippet:-1, max-image-preview:large, max-video-preview:-1\" \/>\n<link rel=\"canonical\" href=\"https:\/\/nghiepxuan.com\/fr\/product\/fruit-de-la-passion-surgele-de-qualite-superieure-demi-coupe-entiere-qualite-export-nghiep-xuan-vietnam\/\" \/>\n<meta property=\"og:locale\" content=\"fr_FR\" \/>\n<meta property=\"og:type\" content=\"article\" \/>\n<meta property=\"og:title\" content=\"Fruit de la passion surgel\u00e9 de qualit\u00e9 sup\u00e9rieure (demi-coupe enti\u00e8re) | Qualit\u00e9 export | Nghiep Xuan Vietnam - Nghiep Xuan - Importation et Exportation Agricole\" \/>\n<meta property=\"og:description\" content=\"Fruits de la passion surgel\u00e9s de premi\u00e8re qualit\u00e9, coup\u00e9s en deux, en provenance du Vietnam. Aspect naturel, saveur prononc\u00e9e, livraison en vrac et emballage OEM. Id\u00e9al pour les boissons et les desserts. Contactez-nous d\u00e8s maintenant.\" \/>\n<meta property=\"og:url\" content=\"https:\/\/nghiepxuan.com\/fr\/product\/fruit-de-la-passion-surgele-de-qualite-superieure-demi-coupe-entiere-qualite-export-nghiep-xuan-vietnam\/\" \/>\n<meta property=\"og:site_name\" content=\"Nghiep Xuan - Importation et Exportation Agricole\" \/>\n<meta property=\"article:publisher\" content=\"https:\/\/www.facebook.com\/nongsannghiepxuan\/\" \/>\n<meta property=\"og:image\" content=\"https:\/\/nghiepxuan.com\/wp-content\/uploads\/2026\/05\/z7792705422724_c93cbaa05ec28595bf085f68633bd967.jpg\" \/>\n\t<meta property=\"og:image:width\" content=\"1920\" \/>\n\t<meta property=\"og:image:height\" content=\"2560\" \/>\n\t<meta property=\"og:image:type\" content=\"image\/jpeg\" \/>\n<meta name=\"twitter:card\" content=\"summary_large_image\" \/>\n<meta name=\"twitter:site\" content=\"@PhuTonBui\" \/>\n<meta name=\"twitter:label1\" content=\"Dur\u00e9e de lecture estim\u00e9e\" \/>\n\t<meta name=\"twitter:data1\" content=\"2 minutes\" \/>\n<script type=\"application\/ld+json\" class=\"yoast-schema-graph\">{\"@context\":\"https:\/\/schema.org\",\"@graph\":[{\"@type\":\"WebPage\",\"@id\":\"https:\/\/nghiepxuan.com\/fr\/product\/fruit-de-la-passion-surgele-de-qualite-superieure-demi-coupe-entiere-qualite-export-nghiep-xuan-vietnam\/\",\"url\":\"https:\/\/nghiepxuan.com\/fr\/product\/fruit-de-la-passion-surgele-de-qualite-superieure-demi-coupe-entiere-qualite-export-nghiep-xuan-vietnam\/\",\"name\":\"Fruit de la passion surgel\u00e9 de qualit\u00e9 sup\u00e9rieure (demi-coupe enti\u00e8re) | Qualit\u00e9 export | Nghiep Xuan Vietnam - Nghiep Xuan - Importation et Exportation Agricole\",\"isPartOf\":{\"@id\":\"https:\/\/nghiepxuan.com\/fr\/#website\"},\"primaryImageOfPage\":{\"@id\":\"https:\/\/nghiepxuan.com\/fr\/product\/fruit-de-la-passion-surgele-de-qualite-superieure-demi-coupe-entiere-qualite-export-nghiep-xuan-vietnam\/#primaryimage\"},\"image\":{\"@id\":\"https:\/\/nghiepxuan.com\/fr\/product\/fruit-de-la-passion-surgele-de-qualite-superieure-demi-coupe-entiere-qualite-export-nghiep-xuan-vietnam\/#primaryimage\"},\"thumbnailUrl\":\"https:\/\/nghiepxuan.com\/wp-content\/uploads\/2026\/05\/z7792705422724_c93cbaa05ec28595bf085f68633bd967.jpg\",\"datePublished\":\"2026-05-07T06:20:26+00:00\",\"description\":\"Fruits de la passion surgel\u00e9s de premi\u00e8re qualit\u00e9, coup\u00e9s en deux, en provenance du Vietnam. Aspect naturel, saveur prononc\u00e9e, livraison en vrac et emballage OEM. Id\u00e9al pour les boissons et les desserts. Contactez-nous d\u00e8s maintenant.\",\"breadcrumb\":{\"@id\":\"https:\/\/nghiepxuan.com\/fr\/product\/fruit-de-la-passion-surgele-de-qualite-superieure-demi-coupe-entiere-qualite-export-nghiep-xuan-vietnam\/#breadcrumb\"},\"inLanguage\":\"fr-FR\",\"potentialAction\":[{\"@type\":\"ReadAction\",\"target\":[\"https:\/\/nghiepxuan.com\/fr\/product\/fruit-de-la-passion-surgele-de-qualite-superieure-demi-coupe-entiere-qualite-export-nghiep-xuan-vietnam\/\"]}]},{\"@type\":\"ImageObject\",\"inLanguage\":\"fr-FR\",\"@id\":\"https:\/\/nghiepxuan.com\/fr\/product\/fruit-de-la-passion-surgele-de-qualite-superieure-demi-coupe-entiere-qualite-export-nghiep-xuan-vietnam\/#primaryimage\",\"url\":\"https:\/\/nghiepxuan.com\/wp-content\/uploads\/2026\/05\/z7792705422724_c93cbaa05ec28595bf085f68633bd967.jpg\",\"contentUrl\":\"https:\/\/nghiepxuan.com\/wp-content\/uploads\/2026\/05\/z7792705422724_c93cbaa05ec28595bf085f68633bd967.jpg\",\"width\":1920,\"height\":2560,\"caption\":\"Frozen passion fruit\"},{\"@type\":\"BreadcrumbList\",\"@id\":\"https:\/\/nghiepxuan.com\/fr\/product\/fruit-de-la-passion-surgele-de-qualite-superieure-demi-coupe-entiere-qualite-export-nghiep-xuan-vietnam\/#breadcrumb\",\"itemListElement\":[{\"@type\":\"ListItem\",\"position\":1,\"name\":\"Home\",\"item\":\"https:\/\/nghiepxuan.com\/fr\/\"},{\"@type\":\"ListItem\",\"position\":2,\"name\":\"Boutique\",\"item\":\"https:\/\/nghiepxuan.com\/fr\/shop\/\"},{\"@type\":\"ListItem\",\"position\":3,\"name\":\"Fruit de la passion surgel\u00e9 de qualit\u00e9 sup\u00e9rieure (demi-coupe enti\u00e8re) | Qualit\u00e9 export | Nghiep Xuan Vietnam\"}]},{\"@type\":\"WebSite\",\"@id\":\"https:\/\/nghiepxuan.com\/fr\/#website\",\"url\":\"https:\/\/nghiepxuan.com\/fr\/\",\"name\":\"Nghiep Xuan - Agricultural Import and Export\",\"description\":\"Nourrir la nature, r\u00e9colter la sant\u00e9\u00a0: votre destination de mode de vie biologique\",\"publisher\":{\"@id\":\"https:\/\/nghiepxuan.com\/fr\/#organization\"},\"potentialAction\":[{\"@type\":\"SearchAction\",\"target\":{\"@type\":\"EntryPoint\",\"urlTemplate\":\"https:\/\/nghiepxuan.com\/fr\/?s={search_term_string}\"},\"query-input\":{\"@type\":\"PropertyValueSpecification\",\"valueRequired\":true,\"valueName\":\"search_term_string\"}}],\"inLanguage\":\"fr-FR\"},{\"@type\":\"Organization\",\"@id\":\"https:\/\/nghiepxuan.com\/fr\/#organization\",\"name\":\"Nghiep Xuan - Agricultural Import and Export\",\"url\":\"https:\/\/nghiepxuan.com\/fr\/\",\"logo\":{\"@type\":\"ImageObject\",\"inLanguage\":\"fr-FR\",\"@id\":\"https:\/\/nghiepxuan.com\/fr\/#\/schema\/logo\/image\/\",\"url\":\"https:\/\/nghiepxuan.com\/wp-content\/uploads\/2025\/04\/Nghiep-Xuan-Logo-4.png\",\"contentUrl\":\"https:\/\/nghiepxuan.com\/wp-content\/uploads\/2025\/04\/Nghiep-Xuan-Logo-4.png\",\"width\":4167,\"height\":1015,\"caption\":\"Nghiep Xuan - Agricultural Import and Export\"},\"image\":{\"@id\":\"https:\/\/nghiepxuan.com\/fr\/#\/schema\/logo\/image\/\"},\"sameAs\":[\"https:\/\/www.facebook.com\/nongsannghiepxuan\/\",\"https:\/\/x.com\/PhuTonBui\",\"https:\/\/www.instagram.com\/xuatnhapkhaunghiepxuan\/\",\"https:\/\/www.youtube.com\/@nongsannghiepxuan2066\",\"https:\/\/www.tiktok.com\/@nghiepxuan\"]}]}<\/script>\n<!-- \/ Yoast SEO plugin. -->","yoast_head_json":{"title":"Fruit de la passion surgel\u00e9 de qualit\u00e9 sup\u00e9rieure (demi-coupe enti\u00e8re) | Qualit\u00e9 export | Nghiep Xuan Vietnam - Nghiep Xuan - Importation et Exportation Agricole","description":"Fruits de la passion surgel\u00e9s de premi\u00e8re qualit\u00e9, coup\u00e9s en deux, en provenance du Vietnam. Aspect naturel, saveur prononc\u00e9e, livraison en vrac et emballage OEM. Id\u00e9al pour les boissons et les desserts. Contactez-nous d\u00e8s maintenant.","robots":{"index":"index","follow":"follow","max-snippet":"max-snippet:-1","max-image-preview":"max-image-preview:large","max-video-preview":"max-video-preview:-1"},"canonical":"https:\/\/nghiepxuan.com\/fr\/product\/fruit-de-la-passion-surgele-de-qualite-superieure-demi-coupe-entiere-qualite-export-nghiep-xuan-vietnam\/","og_locale":"fr_FR","og_type":"article","og_title":"Fruit de la passion surgel\u00e9 de qualit\u00e9 sup\u00e9rieure (demi-coupe enti\u00e8re) | Qualit\u00e9 export | Nghiep Xuan Vietnam - Nghiep Xuan - Importation et Exportation Agricole","og_description":"Fruits de la passion surgel\u00e9s de premi\u00e8re qualit\u00e9, coup\u00e9s en deux, en provenance du Vietnam. Aspect naturel, saveur prononc\u00e9e, livraison en vrac et emballage OEM. Id\u00e9al pour les boissons et les desserts. Contactez-nous d\u00e8s maintenant.","og_url":"https:\/\/nghiepxuan.com\/fr\/product\/fruit-de-la-passion-surgele-de-qualite-superieure-demi-coupe-entiere-qualite-export-nghiep-xuan-vietnam\/","og_site_name":"Nghiep Xuan - Importation et Exportation Agricole","article_publisher":"https:\/\/www.facebook.com\/nongsannghiepxuan\/","og_image":[{"width":1920,"height":2560,"url":"https:\/\/nghiepxuan.com\/wp-content\/uploads\/2026\/05\/z7792705422724_c93cbaa05ec28595bf085f68633bd967.jpg","type":"image\/jpeg"}],"twitter_card":"summary_large_image","twitter_site":"@PhuTonBui","twitter_misc":{"Dur\u00e9e de lecture estim\u00e9e":"2 minutes"},"schema":{"@context":"https:\/\/schema.org","@graph":[{"@type":"WebPage","@id":"https:\/\/nghiepxuan.com\/fr\/product\/fruit-de-la-passion-surgele-de-qualite-superieure-demi-coupe-entiere-qualite-export-nghiep-xuan-vietnam\/","url":"https:\/\/nghiepxuan.com\/fr\/product\/fruit-de-la-passion-surgele-de-qualite-superieure-demi-coupe-entiere-qualite-export-nghiep-xuan-vietnam\/","name":"Fruit de la passion surgel\u00e9 de qualit\u00e9 sup\u00e9rieure (demi-coupe enti\u00e8re) | Qualit\u00e9 export | Nghiep Xuan Vietnam - Nghiep Xuan - Importation et Exportation Agricole","isPartOf":{"@id":"https:\/\/nghiepxuan.com\/fr\/#website"},"primaryImageOfPage":{"@id":"https:\/\/nghiepxuan.com\/fr\/product\/fruit-de-la-passion-surgele-de-qualite-superieure-demi-coupe-entiere-qualite-export-nghiep-xuan-vietnam\/#primaryimage"},"image":{"@id":"https:\/\/nghiepxuan.com\/fr\/product\/fruit-de-la-passion-surgele-de-qualite-superieure-demi-coupe-entiere-qualite-export-nghiep-xuan-vietnam\/#primaryimage"},"thumbnailUrl":"https:\/\/nghiepxuan.com\/wp-content\/uploads\/2026\/05\/z7792705422724_c93cbaa05ec28595bf085f68633bd967.jpg","datePublished":"2026-05-07T06:20:26+00:00","description":"Fruits de la passion surgel\u00e9s de premi\u00e8re qualit\u00e9, coup\u00e9s en deux, en provenance du Vietnam. Aspect naturel, saveur prononc\u00e9e, livraison en vrac et emballage OEM. Id\u00e9al pour les boissons et les desserts. Contactez-nous d\u00e8s maintenant.","breadcrumb":{"@id":"https:\/\/nghiepxuan.com\/fr\/product\/fruit-de-la-passion-surgele-de-qualite-superieure-demi-coupe-entiere-qualite-export-nghiep-xuan-vietnam\/#breadcrumb"},"inLanguage":"fr-FR","potentialAction":[{"@type":"ReadAction","target":["https:\/\/nghiepxuan.com\/fr\/product\/fruit-de-la-passion-surgele-de-qualite-superieure-demi-coupe-entiere-qualite-export-nghiep-xuan-vietnam\/"]}]},{"@type":"ImageObject","inLanguage":"fr-FR","@id":"https:\/\/nghiepxuan.com\/fr\/product\/fruit-de-la-passion-surgele-de-qualite-superieure-demi-coupe-entiere-qualite-export-nghiep-xuan-vietnam\/#primaryimage","url":"https:\/\/nghiepxuan.com\/wp-content\/uploads\/2026\/05\/z7792705422724_c93cbaa05ec28595bf085f68633bd967.jpg","contentUrl":"https:\/\/nghiepxuan.com\/wp-content\/uploads\/2026\/05\/z7792705422724_c93cbaa05ec28595bf085f68633bd967.jpg","width":1920,"height":2560,"caption":"Frozen passion fruit"},{"@type":"BreadcrumbList","@id":"https:\/\/nghiepxuan.com\/fr\/product\/fruit-de-la-passion-surgele-de-qualite-superieure-demi-coupe-entiere-qualite-export-nghiep-xuan-vietnam\/#breadcrumb","itemListElement":[{"@type":"ListItem","position":1,"name":"Home","item":"https:\/\/nghiepxuan.com\/fr\/"},{"@type":"ListItem","position":2,"name":"Boutique","item":"https:\/\/nghiepxuan.com\/fr\/shop\/"},{"@type":"ListItem","position":3,"name":"Fruit de la passion surgel\u00e9 de qualit\u00e9 sup\u00e9rieure (demi-coupe enti\u00e8re) | Qualit\u00e9 export | Nghiep Xuan Vietnam"}]},{"@type":"WebSite","@id":"https:\/\/nghiepxuan.com\/fr\/#website","url":"https:\/\/nghiepxuan.com\/fr\/","name":"Nghiep Xuan - Agricultural Import and Export","description":"Nourrir la nature, r\u00e9colter la sant\u00e9\u00a0: votre destination de mode de vie biologique","publisher":{"@id":"https:\/\/nghiepxuan.com\/fr\/#organization"},"potentialAction":[{"@type":"SearchAction","target":{"@type":"EntryPoint","urlTemplate":"https:\/\/nghiepxuan.com\/fr\/?s={search_term_string}"},"query-input":{"@type":"PropertyValueSpecification","valueRequired":true,"valueName":"search_term_string"}}],"inLanguage":"fr-FR"},{"@type":"Organization","@id":"https:\/\/nghiepxuan.com\/fr\/#organization","name":"Nghiep Xuan - Agricultural Import and Export","url":"https:\/\/nghiepxuan.com\/fr\/","logo":{"@type":"ImageObject","inLanguage":"fr-FR","@id":"https:\/\/nghiepxuan.com\/fr\/#\/schema\/logo\/image\/","url":"https:\/\/nghiepxuan.com\/wp-content\/uploads\/2025\/04\/Nghiep-Xuan-Logo-4.png","contentUrl":"https:\/\/nghiepxuan.com\/wp-content\/uploads\/2025\/04\/Nghiep-Xuan-Logo-4.png","width":4167,"height":1015,"caption":"Nghiep Xuan - Agricultural Import and Export"},"image":{"@id":"https:\/\/nghiepxuan.com\/fr\/#\/schema\/logo\/image\/"},"sameAs":["https:\/\/www.facebook.com\/nongsannghiepxuan\/","https:\/\/x.com\/PhuTonBui","https:\/\/www.instagram.com\/xuatnhapkhaunghiepxuan\/","https:\/\/www.youtube.com\/@nongsannghiepxuan2066","https:\/\/www.tiktok.com\/@nghiepxuan"]}]}},"_links":{"self":[{"href":"https:\/\/nghiepxuan.com\/fr\/wp-json\/wp\/v2\/product\/10256","targetHints":{"allow":["GET"]}}],"collection":[{"href":"https:\/\/nghiepxuan.com\/fr\/wp-json\/wp\/v2\/product"}],"about":[{"href":"https:\/\/nghiepxuan.com\/fr\/wp-json\/wp\/v2\/types\/product"}],"replies":[{"embeddable":true,"href":"https:\/\/nghiepxuan.com\/fr\/wp-json\/wp\/v2\/comments?post=10256"}],"version-history":[{"count":0,"href":"https:\/\/nghiepxuan.com\/fr\/wp-json\/wp\/v2\/product\/10256\/revisions"}],"wp:featuredmedia":[{"embeddable":true,"href":"https:\/\/nghiepxuan.com\/fr\/wp-json\/wp\/v2\/media\/10224"}],"wp:attachment":[{"href":"https:\/\/nghiepxuan.com\/fr\/wp-json\/wp\/v2\/media?parent=10256"}],"wp:term":[{"taxonomy":"product_brand","embeddable":true,"href":"https:\/\/nghiepxuan.com\/fr\/wp-json\/wp\/v2\/product_brand?post=10256"},{"taxonomy":"product_cat","embeddable":true,"href":"https:\/\/nghiepxuan.com\/fr\/wp-json\/wp\/v2\/product_cat?post=10256"},{"taxonomy":"product_tag","embeddable":true,"href":"https:\/\/nghiepxuan.com\/fr\/wp-json\/wp\/v2\/product_tag?post=10256"}],"curies":[{"name":"wp","href":"https:\/\/api.w.org\/{rel}","templated":true}]}}