{"id":10187,"date":"2026-05-02T02:48:15","date_gmt":"2026-05-02T02:48:15","guid":{"rendered":"https:\/\/nghiepxuan.com\/product\/cacahuetes-blanchies-surgelees-de-premiere-qualite-qualite-export-nghiep-xuan-vietnam\/"},"modified":"2026-05-02T02:48:15","modified_gmt":"2026-05-02T02:48:15","slug":"cacahuetes-blanchies-surgelees-de-premiere-qualite-qualite-export-nghiep-xuan-vietnam","status":"publish","type":"product","link":"https:\/\/nghiepxuan.com\/fr\/product\/cacahuetes-blanchies-surgelees-de-premiere-qualite-qualite-export-nghiep-xuan-vietnam\/","title":{"rendered":"Cacahu\u00e8tes blanchies surgel\u00e9es de premi\u00e8re qualit\u00e9 | Qualit\u00e9 export | Nghiep Xuan Vietnam"},"content":{"rendered":"<h3 data-section-id=\"17pkmcc\" data-start=\"393\" data-end=\"434\"><span role=\"text\"><strong data-start=\"397\" data-end=\"434\">Vue d&#8217;ensemble<\/strong><\/span><\/h3>\n<p data-start=\"435\" data-end=\"672\">Nghiep Xuan fournit des <strong data-start=\"456\" data-end=\"502\">arachides blanchies surgel\u00e9es de premi\u00e8re qualit\u00e9<\/strong>, soigneusement s\u00e9lectionn\u00e9es et trait\u00e9es pour enlever la peau ext\u00e9rieure, ce qui permet d&#8217;obtenir un <strong data-start=\"576\" data-end=\"620\">produit propre, uniforme et pr\u00eat \u00e0 l&#8217;emploi<\/strong> pour les fabricants de produits alimentaires et les applications industrielles.<\/p>\n<p data-start=\"674\" data-end=\"849\">Le blanchiment am\u00e9liore \u00e0 la fois l&#8217;<strong data-start=\"698\" data-end=\"738\">aspect et l&#8217;efficacit\u00e9 de la transformation<\/strong>, tandis que la cong\u00e9lation permet de conserver la <strong data-start=\"770\" data-end=\"822\">fra\u00eecheur, la saveur naturelle et la stabilit\u00e9 du produit<\/strong> pendant le stockage et l&#8217;exportation.<\/p>\n<p data-start=\"851\" data-end=\"990\">Nos arachides blanchies congel\u00e9es sont id\u00e9ales pour les partenaires qui recherchent une <strong data-start=\"910\" data-end=\"989\">qualit\u00e9 constante, un temps de traitement r\u00e9duit et un rendement de production optimis\u00e9.<\/strong><\/p>\n<hr data-start=\"992\" data-end=\"995\">\n<h3 data-section-id=\"kjjhmc\" data-start=\"997\" data-end=\"1020\"><span role=\"text\"><strong data-start=\"1001\" data-end=\"1020\">\ud83e\udd5c Caract\u00e9ristiques principales<\/strong><\/span><\/h3>\n<ul data-start=\"1021\" data-end=\"1408\">\n<li data-section-id=\"1mo2nde\" data-start=\"1021\" data-end=\"1082\"><strong data-start=\"1023\" data-end=\"1054\">Sans peau et d&#8217;aspect propre<\/strong> &#8211; Grains uniformes et brillants<\/li>\n<li data-section-id=\"1lxe30t\" data-start=\"1083\" data-end=\"1144\"><strong data-start=\"1085\" data-end=\"1101\">Pr\u00eat \u00e0 l&#8217;emploi<\/strong> &#8211; Aucun pelage n&#8217;est n\u00e9cessaire, ce qui permet de r\u00e9duire les co\u00fbts de main-d&#8217;\u0153uvre.<\/li>\n<li data-section-id=\"5pesk3\" data-start=\"1145\" data-end=\"1215\"><strong data-start=\"1147\" data-end=\"1176\">Taille et qualit\u00e9 constantes<\/strong> &#8211; Convient \u00e0 la transformation industrielle<\/li>\n<li data-section-id=\"o0mzv6\" data-start=\"1216\" data-end=\"1279\"><strong data-start=\"1218\" data-end=\"1246\">R\u00e9tention naturelle de l&#8217;ar\u00f4me<\/strong> &#8211; Maintient le go\u00fbt frais des cacahu\u00e8tes<\/li>\n<li data-section-id=\"1vi7qs6\" data-start=\"1280\" data-end=\"1349\"><strong data-start=\"1282\" data-end=\"1305\">Traitement hygi\u00e9nique<\/strong> &#8211; Produit selon des normes de qualit\u00e9 strictes<\/li>\n<li data-section-id=\"p933m\" data-start=\"1350\" data-end=\"1408\"><strong data-start=\"1352\" data-end=\"1369\">Offre stable<\/strong> &#8211; Volume modulable pour les march\u00e9s d&#8217;exportation<\/li>\n<\/ul>\n<hr data-start=\"1410\" data-end=\"1413\">\n<h3 data-section-id=\"f701lt\" data-start=\"1415\" data-end=\"1439\"><span role=\"text\"><strong data-start=\"1419\" data-end=\"1439\">\ud83c\udf7d\ufe0f Applications<\/strong><\/span><\/h3>\n<p data-start=\"1440\" data-end=\"1480\">Tr\u00e8s polyvalent dans toutes les industries alimentaires :<\/p>\n<ul data-start=\"1481\" data-end=\"1699\">\n<li data-section-id=\"vdtyze\" data-start=\"1481\" data-end=\"1510\">Beurre de cacahu\u00e8te et p\u00e2tes \u00e0 tartiner<\/li>\n<li data-section-id=\"15pmls0\" data-start=\"1511\" data-end=\"1557\">Confiserie (chocolat, bonbons, fourrages)<\/li>\n<li data-section-id=\"gwfu9f\" data-start=\"1558\" data-end=\"1590\">Sauces (satay, sauce arachide)<\/li>\n<li data-section-id=\"xwnv3x\" data-start=\"1591\" data-end=\"1629\">Snacks et produits \u00e0 base de cacahu\u00e8tes grill\u00e9es<\/li>\n<li data-section-id=\"v5tswq\" data-start=\"1630\" data-end=\"1662\">Boulangerie et production de c\u00e9r\u00e9ales<\/li>\n<li data-section-id=\"vhpz6g\" data-start=\"1663\" data-end=\"1699\">Aliments pr\u00eats \u00e0 consommer et transform\u00e9s<\/li>\n<\/ul>\n<hr data-start=\"1701\" data-end=\"1704\">\n<h3 data-section-id=\"grum48\" data-start=\"1706\" data-end=\"1739\"><span role=\"text\"><strong data-start=\"1710\" data-end=\"1739\">\ud83d\udce6 Sp\u00e9cifications du produit<\/strong><\/span><\/h3>\n<ul data-start=\"1740\" data-end=\"2143\">\n<li data-section-id=\"1fmbs8v\" data-start=\"1740\" data-end=\"1796\"><strong data-start=\"1742\" data-end=\"1759\">Type de produit :<\/strong> Cacahu\u00e8tes blanchies surgel\u00e9es<\/li>\n<li data-section-id=\"1fnhoqm\" data-start=\"1797\" data-end=\"1834\"><strong data-start=\"1799\" data-end=\"1814\">Transformation :<\/strong> Blanchi et congel\u00e9<\/li>\n<li data-section-id=\"895jai\" data-start=\"1835\" data-end=\"1858\"><strong data-start=\"1837\" data-end=\"1848\">Origine :<\/strong> Vietnam<\/li>\n<li data-section-id=\"5d1acd\" data-start=\"1859\" data-end=\"1900\"><strong data-start=\"1861\" data-end=\"1876\">Dur\u00e9e de conservation :<\/strong> 18-24 mois \u00e0 -18\u00b0C<\/li>\n<li data-section-id=\"hpqp2v\" data-start=\"1901\" data-end=\"1952\"><strong data-start=\"1903\" data-end=\"1917\">Emballage :<\/strong> Bulk \/ Retail \/ OEM personnalisable<\/li>\n<li data-section-id=\"1ia0xg\" data-start=\"1953\" data-end=\"2018\"><strong data-start=\"1955\" data-end=\"1971\">Cat\u00e9gories de taille :<\/strong> Disponibles sur demande (par exemple, 38\/42, 40\/50&#8230;)<\/li>\n<li data-section-id=\"1u7ft2w\" data-start=\"2019\" data-end=\"2077\"><strong data-start=\"2021\" data-end=\"2040\">Taux d&#8217;humidit\u00e9 :<\/strong> Contr\u00f4l\u00e9 pour assurer la constance de la qualit\u00e9<\/li>\n<li data-section-id=\"1cmy0zo\" data-start=\"2078\" data-end=\"2143\"><strong data-start=\"2080\" data-end=\"2099\">Certifications :<\/strong> Disponibles sur demande (ISO, HACCP, etc.)<\/li>\n<\/ul>\n<hr data-start=\"2145\" data-end=\"2148\">\n<h3 data-section-id=\"1a272qi\" data-start=\"2150\" data-end=\"2184\"><span role=\"text\"><strong data-start=\"2154\" data-end=\"2184\">\ud83d\ude9a Pourquoi choisir Nghiep Xuan ?<\/strong><\/span><\/h3>\n<ul data-start=\"2185\" data-end=\"2462\">\n<li data-section-id=\"7ympw0\" data-start=\"2185\" data-end=\"2251\">Exportateur fiable de <strong data-start=\"2208\" data-end=\"2249\">mati\u00e8res premi\u00e8res agricoles vietnamiennes<\/strong><\/li>\n<li data-section-id=\"iosfkk\" data-start=\"2252\" data-end=\"2305\"><strong data-start=\"2261\" data-end=\"2303\">Normes<\/strong> strictes <strong data-start=\"2261\" data-end=\"2303\">en mati\u00e8re de contr\u00f4le de la qualit\u00e9 et de traitement<\/strong><\/li>\n<li data-section-id=\"15ieb6r\" data-start=\"2306\" data-end=\"2374\">Se concentrer sur les <strong data-start=\"2317\" data-end=\"2372\">exigences de l&#8217;acheteur industriel (coh\u00e9rence et rendement)<\/strong><\/li>\n<li data-section-id=\"1xans75\" data-start=\"2375\" data-end=\"2419\"><strong data-start=\"2386\" data-end=\"2417\">Emballage<\/strong> flexible <strong data-start=\"2386\" data-end=\"2417\">OEM\/marque priv\u00e9e<\/strong><\/li>\n<li data-section-id=\"mszzm1\" data-start=\"2420\" data-end=\"2462\"><strong data-start=\"2432\" data-end=\"2460\">Approche de partenariat B2B<\/strong> \u00e0 long terme<\/li>\n<\/ul>\n<hr data-start=\"2464\" data-end=\"2467\">\n<h3 data-section-id=\"sirax1\" data-start=\"2469\" data-end=\"2491\"><span role=\"text\"><strong data-start=\"2473\" data-end=\"2491\">\ud83d\udce9 Enqu\u00eate CTA<\/strong><\/span><\/h3>\n<p data-start=\"2492\" data-end=\"2635\">Vous recherchez un fournisseur fiable de cacahu\u00e8tes blanchies congel\u00e9es ?<br data-start=\"2551\" data-end=\"2554\">\ud83d\udc49 Contactez Nghiep Xuan d\u00e8s aujourd&#8217;hui pour obtenir des <strong data-start=\"2587\" data-end=\"2634\">prix, des \u00e9chantillons et une coop\u00e9ration \u00e0 long terme<\/strong>.<\/p>\n<div class=\"woocommerce-tabs-full tabs-v1 woocommerce-tabs\">\n<div class=\"tab-content\">\n<div id=\"tab-description\" class=\"tab-full\">\n<p data-start=\"2480\" data-end=\"2633\">Courriel : info@nghiepxuan.com || WhatsApp\/Viber\/Zalo\/Wechat\/Hotline : +84939 345 598<\/p>\n<\/div>\n<\/div>\n<\/div>\n<div class=\"related products widget \"><\/div>\n","protected":false},"excerpt":{"rendered":"<p>Cacahu\u00e8tes sans peau de haute qualit\u00e9 pour le beurre de cacahu\u00e8te, les snacks et les sauces. Taille constante, approvisionnement stable, prix comp\u00e9titifs. Demandez un devis d\u00e8s aujourd&#8217;hui.  <\/p>\n","protected":false},"featured_media":10158,"comment_status":"open","ping_status":"closed","template":"","meta":{"content-type":""},"product_brand":[],"product_cat":[419],"product_tag":[1244,1243,1146,1168],"class_list":{"0":"post-10187","1":"product","2":"type-product","3":"status-publish","4":"has-post-thumbnail","6":"product_cat-frozen-fr","7":"product_tag-cacahuetes-blanchies","8":"product_tag-cacahuetes-congelees","9":"product_tag-exportations-du-vietnam","10":"product_tag-fruits-surgeles","12":"first","13":"instock","14":"shipping-taxable","15":"product-type-simple"},"yoast_head":"<!-- This site is optimized with the Yoast SEO plugin v26.9 - https:\/\/yoast.com\/product\/yoast-seo-wordpress\/ -->\n<title>Cacahu\u00e8tes blanchies surgel\u00e9es de premi\u00e8re qualit\u00e9 | Qualit\u00e9 export | Nghiep Xuan Vietnam - Nghiep Xuan - Importation et Exportation Agricole<\/title>\n<meta name=\"description\" content=\"Cacahu\u00e8tes blanchies congel\u00e9es de premi\u00e8re qualit\u00e9 (sans peau) en provenance du Vietnam. Propret\u00e9, uniformit\u00e9, approvisionnement en vrac et conditionnement OEM. Id\u00e9al pour l&#039;industrie alimentaire. Contactez-nous.\" \/>\n<meta name=\"robots\" content=\"index, follow, max-snippet:-1, max-image-preview:large, max-video-preview:-1\" \/>\n<link rel=\"canonical\" href=\"https:\/\/nghiepxuan.com\/fr\/product\/cacahuetes-blanchies-surgelees-de-premiere-qualite-qualite-export-nghiep-xuan-vietnam\/\" \/>\n<meta property=\"og:locale\" content=\"fr_FR\" \/>\n<meta property=\"og:type\" content=\"article\" \/>\n<meta property=\"og:title\" content=\"Cacahu\u00e8tes blanchies surgel\u00e9es de premi\u00e8re qualit\u00e9 | Qualit\u00e9 export | Nghiep Xuan Vietnam - Nghiep Xuan - Importation et Exportation Agricole\" \/>\n<meta property=\"og:description\" content=\"Cacahu\u00e8tes blanchies congel\u00e9es de premi\u00e8re qualit\u00e9 (sans peau) en provenance du Vietnam. Propret\u00e9, uniformit\u00e9, approvisionnement en vrac et conditionnement OEM. Id\u00e9al pour l&#039;industrie alimentaire. Contactez-nous.\" \/>\n<meta property=\"og:url\" content=\"https:\/\/nghiepxuan.com\/fr\/product\/cacahuetes-blanchies-surgelees-de-premiere-qualite-qualite-export-nghiep-xuan-vietnam\/\" \/>\n<meta property=\"og:site_name\" content=\"Nghiep Xuan - Importation et Exportation Agricole\" \/>\n<meta property=\"article:publisher\" content=\"https:\/\/www.facebook.com\/nongsannghiepxuan\/\" \/>\n<meta property=\"og:image\" content=\"https:\/\/nghiepxuan.com\/wp-content\/uploads\/2026\/05\/IMG_9374.jpg\" \/>\n\t<meta property=\"og:image:width\" content=\"1858\" \/>\n\t<meta property=\"og:image:height\" content=\"2087\" \/>\n\t<meta property=\"og:image:type\" content=\"image\/jpeg\" \/>\n<meta name=\"twitter:card\" content=\"summary_large_image\" \/>\n<meta name=\"twitter:site\" content=\"@PhuTonBui\" \/>\n<meta name=\"twitter:label1\" content=\"Dur\u00e9e de lecture estim\u00e9e\" \/>\n\t<meta name=\"twitter:data1\" content=\"2 minutes\" \/>\n<script type=\"application\/ld+json\" class=\"yoast-schema-graph\">{\"@context\":\"https:\/\/schema.org\",\"@graph\":[{\"@type\":\"WebPage\",\"@id\":\"https:\/\/nghiepxuan.com\/fr\/product\/cacahuetes-blanchies-surgelees-de-premiere-qualite-qualite-export-nghiep-xuan-vietnam\/\",\"url\":\"https:\/\/nghiepxuan.com\/fr\/product\/cacahuetes-blanchies-surgelees-de-premiere-qualite-qualite-export-nghiep-xuan-vietnam\/\",\"name\":\"Cacahu\u00e8tes blanchies surgel\u00e9es de premi\u00e8re qualit\u00e9 | Qualit\u00e9 export | Nghiep Xuan Vietnam - Nghiep Xuan - Importation et Exportation Agricole\",\"isPartOf\":{\"@id\":\"https:\/\/nghiepxuan.com\/fr\/#website\"},\"primaryImageOfPage\":{\"@id\":\"https:\/\/nghiepxuan.com\/fr\/product\/cacahuetes-blanchies-surgelees-de-premiere-qualite-qualite-export-nghiep-xuan-vietnam\/#primaryimage\"},\"image\":{\"@id\":\"https:\/\/nghiepxuan.com\/fr\/product\/cacahuetes-blanchies-surgelees-de-premiere-qualite-qualite-export-nghiep-xuan-vietnam\/#primaryimage\"},\"thumbnailUrl\":\"https:\/\/nghiepxuan.com\/wp-content\/uploads\/2026\/05\/IMG_9374.jpg\",\"datePublished\":\"2026-05-02T02:48:15+00:00\",\"description\":\"Cacahu\u00e8tes blanchies congel\u00e9es de premi\u00e8re qualit\u00e9 (sans peau) en provenance du Vietnam. Propret\u00e9, uniformit\u00e9, approvisionnement en vrac et conditionnement OEM. Id\u00e9al pour l'industrie alimentaire. Contactez-nous.\",\"breadcrumb\":{\"@id\":\"https:\/\/nghiepxuan.com\/fr\/product\/cacahuetes-blanchies-surgelees-de-premiere-qualite-qualite-export-nghiep-xuan-vietnam\/#breadcrumb\"},\"inLanguage\":\"fr-FR\",\"potentialAction\":[{\"@type\":\"ReadAction\",\"target\":[\"https:\/\/nghiepxuan.com\/fr\/product\/cacahuetes-blanchies-surgelees-de-premiere-qualite-qualite-export-nghiep-xuan-vietnam\/\"]}]},{\"@type\":\"ImageObject\",\"inLanguage\":\"fr-FR\",\"@id\":\"https:\/\/nghiepxuan.com\/fr\/product\/cacahuetes-blanchies-surgelees-de-premiere-qualite-qualite-export-nghiep-xuan-vietnam\/#primaryimage\",\"url\":\"https:\/\/nghiepxuan.com\/wp-content\/uploads\/2026\/05\/IMG_9374.jpg\",\"contentUrl\":\"https:\/\/nghiepxuan.com\/wp-content\/uploads\/2026\/05\/IMG_9374.jpg\",\"width\":1858,\"height\":2087,\"caption\":\"Frozen Blanched Peanuts\"},{\"@type\":\"BreadcrumbList\",\"@id\":\"https:\/\/nghiepxuan.com\/fr\/product\/cacahuetes-blanchies-surgelees-de-premiere-qualite-qualite-export-nghiep-xuan-vietnam\/#breadcrumb\",\"itemListElement\":[{\"@type\":\"ListItem\",\"position\":1,\"name\":\"Home\",\"item\":\"https:\/\/nghiepxuan.com\/fr\/\"},{\"@type\":\"ListItem\",\"position\":2,\"name\":\"Boutique\",\"item\":\"https:\/\/nghiepxuan.com\/fr\/shop\/\"},{\"@type\":\"ListItem\",\"position\":3,\"name\":\"Cacahu\u00e8tes blanchies surgel\u00e9es de premi\u00e8re qualit\u00e9 | Qualit\u00e9 export | Nghiep Xuan Vietnam\"}]},{\"@type\":\"WebSite\",\"@id\":\"https:\/\/nghiepxuan.com\/fr\/#website\",\"url\":\"https:\/\/nghiepxuan.com\/fr\/\",\"name\":\"Nghiep Xuan - Agricultural Import and Export\",\"description\":\"Nourrir la nature, r\u00e9colter la sant\u00e9\u00a0: votre destination de mode de vie biologique\",\"publisher\":{\"@id\":\"https:\/\/nghiepxuan.com\/fr\/#organization\"},\"potentialAction\":[{\"@type\":\"SearchAction\",\"target\":{\"@type\":\"EntryPoint\",\"urlTemplate\":\"https:\/\/nghiepxuan.com\/fr\/?s={search_term_string}\"},\"query-input\":{\"@type\":\"PropertyValueSpecification\",\"valueRequired\":true,\"valueName\":\"search_term_string\"}}],\"inLanguage\":\"fr-FR\"},{\"@type\":\"Organization\",\"@id\":\"https:\/\/nghiepxuan.com\/fr\/#organization\",\"name\":\"Nghiep Xuan - Agricultural Import and Export\",\"url\":\"https:\/\/nghiepxuan.com\/fr\/\",\"logo\":{\"@type\":\"ImageObject\",\"inLanguage\":\"fr-FR\",\"@id\":\"https:\/\/nghiepxuan.com\/fr\/#\/schema\/logo\/image\/\",\"url\":\"https:\/\/nghiepxuan.com\/wp-content\/uploads\/2025\/04\/Nghiep-Xuan-Logo-4.png\",\"contentUrl\":\"https:\/\/nghiepxuan.com\/wp-content\/uploads\/2025\/04\/Nghiep-Xuan-Logo-4.png\",\"width\":4167,\"height\":1015,\"caption\":\"Nghiep Xuan - Agricultural Import and Export\"},\"image\":{\"@id\":\"https:\/\/nghiepxuan.com\/fr\/#\/schema\/logo\/image\/\"},\"sameAs\":[\"https:\/\/www.facebook.com\/nongsannghiepxuan\/\",\"https:\/\/x.com\/PhuTonBui\",\"https:\/\/www.instagram.com\/xuatnhapkhaunghiepxuan\/\",\"https:\/\/www.youtube.com\/@nongsannghiepxuan2066\",\"https:\/\/www.tiktok.com\/@nghiepxuan\"]}]}<\/script>\n<!-- \/ Yoast SEO plugin. -->","yoast_head_json":{"title":"Cacahu\u00e8tes blanchies surgel\u00e9es de premi\u00e8re qualit\u00e9 | Qualit\u00e9 export | Nghiep Xuan Vietnam - Nghiep Xuan - Importation et Exportation Agricole","description":"Cacahu\u00e8tes blanchies congel\u00e9es de premi\u00e8re qualit\u00e9 (sans peau) en provenance du Vietnam. Propret\u00e9, uniformit\u00e9, approvisionnement en vrac et conditionnement OEM. Id\u00e9al pour l'industrie alimentaire. Contactez-nous.","robots":{"index":"index","follow":"follow","max-snippet":"max-snippet:-1","max-image-preview":"max-image-preview:large","max-video-preview":"max-video-preview:-1"},"canonical":"https:\/\/nghiepxuan.com\/fr\/product\/cacahuetes-blanchies-surgelees-de-premiere-qualite-qualite-export-nghiep-xuan-vietnam\/","og_locale":"fr_FR","og_type":"article","og_title":"Cacahu\u00e8tes blanchies surgel\u00e9es de premi\u00e8re qualit\u00e9 | Qualit\u00e9 export | Nghiep Xuan Vietnam - Nghiep Xuan - Importation et Exportation Agricole","og_description":"Cacahu\u00e8tes blanchies congel\u00e9es de premi\u00e8re qualit\u00e9 (sans peau) en provenance du Vietnam. Propret\u00e9, uniformit\u00e9, approvisionnement en vrac et conditionnement OEM. Id\u00e9al pour l'industrie alimentaire. Contactez-nous.","og_url":"https:\/\/nghiepxuan.com\/fr\/product\/cacahuetes-blanchies-surgelees-de-premiere-qualite-qualite-export-nghiep-xuan-vietnam\/","og_site_name":"Nghiep Xuan - Importation et Exportation Agricole","article_publisher":"https:\/\/www.facebook.com\/nongsannghiepxuan\/","og_image":[{"width":1858,"height":2087,"url":"https:\/\/nghiepxuan.com\/wp-content\/uploads\/2026\/05\/IMG_9374.jpg","type":"image\/jpeg"}],"twitter_card":"summary_large_image","twitter_site":"@PhuTonBui","twitter_misc":{"Dur\u00e9e de lecture estim\u00e9e":"2 minutes"},"schema":{"@context":"https:\/\/schema.org","@graph":[{"@type":"WebPage","@id":"https:\/\/nghiepxuan.com\/fr\/product\/cacahuetes-blanchies-surgelees-de-premiere-qualite-qualite-export-nghiep-xuan-vietnam\/","url":"https:\/\/nghiepxuan.com\/fr\/product\/cacahuetes-blanchies-surgelees-de-premiere-qualite-qualite-export-nghiep-xuan-vietnam\/","name":"Cacahu\u00e8tes blanchies surgel\u00e9es de premi\u00e8re qualit\u00e9 | Qualit\u00e9 export | Nghiep Xuan Vietnam - Nghiep Xuan - Importation et Exportation Agricole","isPartOf":{"@id":"https:\/\/nghiepxuan.com\/fr\/#website"},"primaryImageOfPage":{"@id":"https:\/\/nghiepxuan.com\/fr\/product\/cacahuetes-blanchies-surgelees-de-premiere-qualite-qualite-export-nghiep-xuan-vietnam\/#primaryimage"},"image":{"@id":"https:\/\/nghiepxuan.com\/fr\/product\/cacahuetes-blanchies-surgelees-de-premiere-qualite-qualite-export-nghiep-xuan-vietnam\/#primaryimage"},"thumbnailUrl":"https:\/\/nghiepxuan.com\/wp-content\/uploads\/2026\/05\/IMG_9374.jpg","datePublished":"2026-05-02T02:48:15+00:00","description":"Cacahu\u00e8tes blanchies congel\u00e9es de premi\u00e8re qualit\u00e9 (sans peau) en provenance du Vietnam. Propret\u00e9, uniformit\u00e9, approvisionnement en vrac et conditionnement OEM. Id\u00e9al pour l'industrie alimentaire. Contactez-nous.","breadcrumb":{"@id":"https:\/\/nghiepxuan.com\/fr\/product\/cacahuetes-blanchies-surgelees-de-premiere-qualite-qualite-export-nghiep-xuan-vietnam\/#breadcrumb"},"inLanguage":"fr-FR","potentialAction":[{"@type":"ReadAction","target":["https:\/\/nghiepxuan.com\/fr\/product\/cacahuetes-blanchies-surgelees-de-premiere-qualite-qualite-export-nghiep-xuan-vietnam\/"]}]},{"@type":"ImageObject","inLanguage":"fr-FR","@id":"https:\/\/nghiepxuan.com\/fr\/product\/cacahuetes-blanchies-surgelees-de-premiere-qualite-qualite-export-nghiep-xuan-vietnam\/#primaryimage","url":"https:\/\/nghiepxuan.com\/wp-content\/uploads\/2026\/05\/IMG_9374.jpg","contentUrl":"https:\/\/nghiepxuan.com\/wp-content\/uploads\/2026\/05\/IMG_9374.jpg","width":1858,"height":2087,"caption":"Frozen Blanched Peanuts"},{"@type":"BreadcrumbList","@id":"https:\/\/nghiepxuan.com\/fr\/product\/cacahuetes-blanchies-surgelees-de-premiere-qualite-qualite-export-nghiep-xuan-vietnam\/#breadcrumb","itemListElement":[{"@type":"ListItem","position":1,"name":"Home","item":"https:\/\/nghiepxuan.com\/fr\/"},{"@type":"ListItem","position":2,"name":"Boutique","item":"https:\/\/nghiepxuan.com\/fr\/shop\/"},{"@type":"ListItem","position":3,"name":"Cacahu\u00e8tes blanchies surgel\u00e9es de premi\u00e8re qualit\u00e9 | Qualit\u00e9 export | Nghiep Xuan Vietnam"}]},{"@type":"WebSite","@id":"https:\/\/nghiepxuan.com\/fr\/#website","url":"https:\/\/nghiepxuan.com\/fr\/","name":"Nghiep Xuan - Agricultural Import and Export","description":"Nourrir la nature, r\u00e9colter la sant\u00e9\u00a0: votre destination de mode de vie biologique","publisher":{"@id":"https:\/\/nghiepxuan.com\/fr\/#organization"},"potentialAction":[{"@type":"SearchAction","target":{"@type":"EntryPoint","urlTemplate":"https:\/\/nghiepxuan.com\/fr\/?s={search_term_string}"},"query-input":{"@type":"PropertyValueSpecification","valueRequired":true,"valueName":"search_term_string"}}],"inLanguage":"fr-FR"},{"@type":"Organization","@id":"https:\/\/nghiepxuan.com\/fr\/#organization","name":"Nghiep Xuan - Agricultural Import and Export","url":"https:\/\/nghiepxuan.com\/fr\/","logo":{"@type":"ImageObject","inLanguage":"fr-FR","@id":"https:\/\/nghiepxuan.com\/fr\/#\/schema\/logo\/image\/","url":"https:\/\/nghiepxuan.com\/wp-content\/uploads\/2025\/04\/Nghiep-Xuan-Logo-4.png","contentUrl":"https:\/\/nghiepxuan.com\/wp-content\/uploads\/2025\/04\/Nghiep-Xuan-Logo-4.png","width":4167,"height":1015,"caption":"Nghiep Xuan - Agricultural Import and Export"},"image":{"@id":"https:\/\/nghiepxuan.com\/fr\/#\/schema\/logo\/image\/"},"sameAs":["https:\/\/www.facebook.com\/nongsannghiepxuan\/","https:\/\/x.com\/PhuTonBui","https:\/\/www.instagram.com\/xuatnhapkhaunghiepxuan\/","https:\/\/www.youtube.com\/@nongsannghiepxuan2066","https:\/\/www.tiktok.com\/@nghiepxuan"]}]}},"_links":{"self":[{"href":"https:\/\/nghiepxuan.com\/fr\/wp-json\/wp\/v2\/product\/10187","targetHints":{"allow":["GET"]}}],"collection":[{"href":"https:\/\/nghiepxuan.com\/fr\/wp-json\/wp\/v2\/product"}],"about":[{"href":"https:\/\/nghiepxuan.com\/fr\/wp-json\/wp\/v2\/types\/product"}],"replies":[{"embeddable":true,"href":"https:\/\/nghiepxuan.com\/fr\/wp-json\/wp\/v2\/comments?post=10187"}],"version-history":[{"count":0,"href":"https:\/\/nghiepxuan.com\/fr\/wp-json\/wp\/v2\/product\/10187\/revisions"}],"wp:featuredmedia":[{"embeddable":true,"href":"https:\/\/nghiepxuan.com\/fr\/wp-json\/wp\/v2\/media\/10158"}],"wp:attachment":[{"href":"https:\/\/nghiepxuan.com\/fr\/wp-json\/wp\/v2\/media?parent=10187"}],"wp:term":[{"taxonomy":"product_brand","embeddable":true,"href":"https:\/\/nghiepxuan.com\/fr\/wp-json\/wp\/v2\/product_brand?post=10187"},{"taxonomy":"product_cat","embeddable":true,"href":"https:\/\/nghiepxuan.com\/fr\/wp-json\/wp\/v2\/product_cat?post=10187"},{"taxonomy":"product_tag","embeddable":true,"href":"https:\/\/nghiepxuan.com\/fr\/wp-json\/wp\/v2\/product_tag?post=10187"}],"curies":[{"name":"wp","href":"https:\/\/api.w.org\/{rel}","templated":true}]}}