{"id":10151,"date":"2026-04-30T08:18:47","date_gmt":"2026-04-30T08:18:47","guid":{"rendered":"https:\/\/nghiepxuan.com\/product\/pulpe-de-durian-monthong-surgelee-de-premiere-qualite-sans-pepins-nghiep-xuan-vietnam\/"},"modified":"2026-04-30T08:18:47","modified_gmt":"2026-04-30T08:18:47","slug":"pulpe-de-durian-monthong-surgelee-de-premiere-qualite-sans-pepins-nghiep-xuan-vietnam","status":"publish","type":"product","link":"https:\/\/nghiepxuan.com\/fr\/product\/pulpe-de-durian-monthong-surgelee-de-premiere-qualite-sans-pepins-nghiep-xuan-vietnam\/","title":{"rendered":"Pulpe de durian Monthong surgel\u00e9e de premi\u00e8re qualit\u00e9 (sans p\u00e9pins) | Nghiep Xuan Vietnam"},"content":{"rendered":"<h3 data-section-id=\"14ygs49\" data-start=\"356\" data-end=\"402\"><span role=\"text\"><strong data-start=\"360\" data-end=\"402\">Vue d&#8217;ensemble<\/strong><\/span><\/h3>\n<p data-start=\"403\" data-end=\"610\">Nghiep Xuan est fier de fournir de la <strong data-start=\"432\" data-end=\"482\">pulpe de durian Monthong surgel\u00e9e de premi\u00e8re qualit\u00e9 (sans p\u00e9pins)<\/strong>, pr\u00e9par\u00e9e \u00e0 partir de durians Monthong soigneusement s\u00e9lectionn\u00e9s pour offrir un <strong data-start=\"546\" data-end=\"609\">rendement comestible maximal, une texture lisse et une saveur homog\u00e8ne<\/strong>.<\/p>\n<p data-start=\"612\" data-end=\"828\">En \u00e9liminant les graines, notre produit est pr\u00eat \u00e0 l&#8217;emploi, ce qui permet aux fabricants de produits alimentaires, aux cha\u00eenes de desserts et aux importateurs d&#8217;<strong data-start=\"747\" data-end=\"827\">am\u00e9liorer l&#8217;efficacit\u00e9 de la transformation, de r\u00e9duire les d\u00e9chets et de garantir l&#8217;homog\u00e9n\u00e9it\u00e9 du produit<\/strong>.<\/p>\n<p data-start=\"830\" data-end=\"1053\">Trait\u00e9e sous un contr\u00f4le de qualit\u00e9 strict et congel\u00e9e \u00e0 l&#8217;aide d&#8217;une technologie de pointe, notre pulpe de durian conserve sa <strong data-start=\"937\" data-end=\"995\">douceur naturelle, sa texture cr\u00e9meuse et son ar\u00f4me caract\u00e9ristique<\/strong>, ce qui la rend id\u00e9ale pour les applications industrielles \u00e0 grande \u00e9chelle.<\/p>\n<hr data-start=\"1055\" data-end=\"1058\">\n<h3 data-section-id=\"i3u59h\" data-start=\"1060\" data-end=\"1083\"><span role=\"text\"><strong data-start=\"1064\" data-end=\"1083\">\ud83e\udd6d Caract\u00e9ristiques principales<\/strong><\/span><\/h3>\n<ul data-start=\"1084\" data-end=\"1453\">\n<li data-section-id=\"54n6lg\" data-start=\"1084\" data-end=\"1157\"><strong data-start=\"1086\" data-end=\"1118\">Sans p\u00e9pins &#8211; 100 % de rendement comestible<\/strong> (pas de d\u00e9chets, pas de traitement suppl\u00e9mentaire)<\/li>\n<li data-section-id=\"y4qglh\" data-start=\"1158\" data-end=\"1226\"><strong data-start=\"1160\" data-end=\"1187\">Texture lisse et cr\u00e9meuse<\/strong> &#8211; Parfaite pour les desserts et les boissons<\/li>\n<li data-section-id=\"lfye6e\" data-start=\"1227\" data-end=\"1294\"><strong data-start=\"1229\" data-end=\"1258\">Profil d&#8217;ar\u00f4me homog\u00e8ne<\/strong> &#8211; normalis\u00e9 pour une utilisation industrielle<\/li>\n<li data-section-id=\"1ar4mz6\" data-start=\"1295\" data-end=\"1358\"><strong data-start=\"1297\" data-end=\"1324\">IQF \/ Traitement surgel\u00e9<\/strong> &#8211; Pr\u00e9servation de la fra\u00eecheur et de l&#8217;ar\u00f4me<\/li>\n<li data-section-id=\"1qcypjf\" data-start=\"1359\" data-end=\"1396\"><strong data-start=\"1361\" data-end=\"1394\">Brix \u00e9lev\u00e9 et go\u00fbt sucr\u00e9 naturel<\/strong><\/li>\n<li data-section-id=\"14fza4l\" data-start=\"1397\" data-end=\"1453\"><strong data-start=\"1399\" data-end=\"1425\">Contr\u00f4le de qualit\u00e9 strict<\/strong> &#8211; Production de qualit\u00e9 pour l&#8217;exportation<\/li>\n<\/ul>\n<hr data-start=\"1455\" data-end=\"1458\">\n<h3 data-section-id=\"f701lt\" data-start=\"1460\" data-end=\"1484\"><span role=\"text\"><strong data-start=\"1464\" data-end=\"1484\">\ud83c\udf7d\ufe0f Applications<\/strong><\/span><\/h3>\n<p data-start=\"1485\" data-end=\"1534\">Con\u00e7u pour des performances \u00e9lev\u00e9es dans la production alimentaire :<\/p>\n<ul data-start=\"1535\" data-end=\"1755\">\n<li data-section-id=\"1660tlo\" data-start=\"1535\" data-end=\"1582\">G\u00e2teaux, p\u00e2tisseries et produits de boulangerie \u00e0 base de durian<\/li>\n<li data-section-id=\"7d536j\" data-start=\"1583\" data-end=\"1625\">Glaces, gelato et desserts glac\u00e9s<\/li>\n<li data-section-id=\"ifk4km\" data-start=\"1626\" data-end=\"1666\">Th\u00e9 \u00e0 bulles, smoothies et boissons<\/li>\n<li data-section-id=\"111bef3\" data-start=\"1667\" data-end=\"1705\">Pur\u00e9e, garnitures et sauces \u00e0 base de durian<\/li>\n<li data-section-id=\"1fp66wb\" data-start=\"1706\" data-end=\"1755\">Fabrication de produits alimentaires pr\u00eats \u00e0 consommer et transform\u00e9s<\/li>\n<\/ul>\n<hr data-start=\"1757\" data-end=\"1760\">\n<h3 data-section-id=\"grum48\" data-start=\"1762\" data-end=\"1795\"><span role=\"text\"><strong data-start=\"1766\" data-end=\"1795\">\ud83d\udce6 Sp\u00e9cifications du produit<\/strong><\/span><\/h3>\n<ul data-start=\"1796\" data-end=\"2144\">\n<li data-section-id=\"ufcl3y\" data-start=\"1796\" data-end=\"1856\"><strong data-start=\"1798\" data-end=\"1815\">Type de produit :<\/strong> Pulpe de durian Monthong surgel\u00e9e (sans p\u00e9pins)<\/li>\n<li data-section-id=\"1h8i9hr\" data-start=\"1857\" data-end=\"1912\"><strong data-start=\"1859\" data-end=\"1874\">Traitement :<\/strong> Congel\u00e9 \/ IQF \/ Bloc (personnalisable)<\/li>\n<li data-section-id=\"895jai\" data-start=\"1913\" data-end=\"1936\"><strong data-start=\"1915\" data-end=\"1926\">Origine :<\/strong> Vietnam<\/li>\n<li data-section-id=\"5d1acd\" data-start=\"1937\" data-end=\"1978\"><strong data-start=\"1939\" data-end=\"1954\">Dur\u00e9e de conservation :<\/strong> 18-24 mois \u00e0 -18\u00b0C<\/li>\n<li data-section-id=\"1b43v5v\" data-start=\"1979\" data-end=\"2035\"><strong data-start=\"1981\" data-end=\"1995\">Emballage :<\/strong> 1kg \/ 5kg \/ 10kg \/ OEM emballage en vrac<\/li>\n<li data-section-id=\"15ruxgp\" data-start=\"2036\" data-end=\"2078\"><strong data-start=\"2038\" data-end=\"2053\">Niveau Brix :<\/strong> Disponible sur demande<\/li>\n<li data-section-id=\"1cmy0zo\" data-start=\"2079\" data-end=\"2144\"><strong data-start=\"2081\" data-end=\"2100\">Certifications :<\/strong> Disponibles sur demande (ISO, HACCP, etc.)<\/li>\n<\/ul>\n<hr data-start=\"2146\" data-end=\"2149\">\n<h3 data-section-id=\"1a272qi\" data-start=\"2151\" data-end=\"2185\"><span role=\"text\"><strong data-start=\"2155\" data-end=\"2185\">\ud83d\ude9a Pourquoi choisir Nghiep Xuan ?<\/strong><\/span><\/h3>\n<ul data-start=\"2186\" data-end=\"2450\">\n<li data-section-id=\"hhxkip\" data-start=\"2186\" data-end=\"2236\">Sp\u00e9cialiste de la <strong data-start=\"2202\" data-end=\"2234\">transformation et de l&#8217;exportation du durian<\/strong><\/li>\n<li data-section-id=\"1w67g6\" data-start=\"2237\" data-end=\"2289\"><strong data-start=\"2246\" data-end=\"2287\">Cha\u00eene du froid et syst\u00e8me de contr\u00f4le de la qualit\u00e9<\/strong> solides<\/li>\n<li data-section-id=\"16gam3c\" data-start=\"2290\" data-end=\"2352\">Capacit\u00e9 \u00e0 fournir un <strong data-start=\"2310\" data-end=\"2350\">volume important avec une qualit\u00e9 constante<\/strong><\/li>\n<li data-section-id=\"pha0d0\" data-start=\"2353\" data-end=\"2397\"><strong data-start=\"2364\" data-end=\"2395\">Solutions<\/strong> flexibles <strong data-start=\"2364\" data-end=\"2395\">OEM\/marques priv\u00e9es<\/strong><\/li>\n<li data-section-id=\"kuon76\" data-start=\"2398\" data-end=\"2450\">Un partenaire de confiance pour la <strong data-start=\"2420\" data-end=\"2448\">Chine et les march\u00e9s mondiaux<\/strong><\/li>\n<\/ul>\n<hr data-start=\"2452\" data-end=\"2455\">\n<h3 data-section-id=\"sirax1\" data-start=\"2457\" data-end=\"2479\"><span role=\"text\"><strong data-start=\"2461\" data-end=\"2479\">\ud83d\udce9 Enqu\u00eate CTA<\/strong><\/span><\/h3>\n<p data-start=\"2480\" data-end=\"2633\">Vous recherchez un fournisseur fiable de <strong data-start=\"2515\" data-end=\"2546\">pulpe de durian congel\u00e9e sans p\u00e9pins<\/strong>?<br data-start=\"2547\" data-end=\"2550\">\ud83d\udc49 Contactez Nghiep Xuan d\u00e8s aujourd&#8217;hui pour un devis, des \u00e9chantillons et un<strong data-start=\"2583\" data-end=\"2632\"> partenariat \u00e0 long terme<\/strong>.<\/p>\n<p data-start=\"2480\" data-end=\"2633\">Courriel : info@nghiepxuan.com || WhatsApp\/Viber\/Zalo\/Wechat\/Hotline : +84939 345 598<\/p>\n","protected":false},"excerpt":{"rendered":"<p>Pulpe de durian surgel\u00e9e de haute qualit\u00e9 sans graines. Approvisionnement stable pour le march\u00e9 chinois, les cha\u00eenes de desserts et les usines. Prix comp\u00e9titif. Demandez un devis.   <\/p>\n","protected":false},"featured_media":10137,"comment_status":"open","ping_status":"closed","template":"","meta":{"content-type":""},"product_brand":[],"product_cat":[419],"product_tag":[430,1146,1234,1233],"class_list":{"0":"post-10151","1":"product","2":"type-product","3":"status-publish","4":"has-post-thumbnail","6":"product_cat-frozen-fr","7":"product_tag-durian-congele","8":"product_tag-exportations-du-vietnam","9":"product_tag-fruits-du-vietnam","10":"product_tag-pulpe-de-durian-surgelee","12":"first","13":"instock","14":"shipping-taxable","15":"product-type-simple"},"yoast_head":"<!-- This site is optimized with the Yoast SEO plugin v26.9 - https:\/\/yoast.com\/product\/yoast-seo-wordpress\/ -->\n<title>Pulpe de durian Monthong surgel\u00e9e de premi\u00e8re qualit\u00e9 (sans p\u00e9pins) | Nghiep Xuan Vietnam - Nghiep Xuan - Importation et Exportation Agricole<\/title>\n<meta name=\"description\" content=\"Pulpe de durian Monthong congel\u00e9 sans p\u00e9pins de premi\u00e8re qualit\u00e9 en provenance du Vietnam. Rendement \u00e9lev\u00e9, texture cr\u00e9meuse, approvisionnement en vrac OEM. Id\u00e9ale pour l&#039;industrie alimentaire. Contactez-nous.\" \/>\n<meta name=\"robots\" content=\"index, follow, max-snippet:-1, max-image-preview:large, max-video-preview:-1\" \/>\n<link rel=\"canonical\" href=\"https:\/\/nghiepxuan.com\/fr\/product\/pulpe-de-durian-monthong-surgelee-de-premiere-qualite-sans-pepins-nghiep-xuan-vietnam\/\" \/>\n<meta property=\"og:locale\" content=\"fr_FR\" \/>\n<meta property=\"og:type\" content=\"article\" \/>\n<meta property=\"og:title\" content=\"Pulpe de durian Monthong surgel\u00e9e de premi\u00e8re qualit\u00e9 (sans p\u00e9pins) | Nghiep Xuan Vietnam - Nghiep Xuan - Importation et Exportation Agricole\" \/>\n<meta property=\"og:description\" content=\"Pulpe de durian Monthong congel\u00e9 sans p\u00e9pins de premi\u00e8re qualit\u00e9 en provenance du Vietnam. Rendement \u00e9lev\u00e9, texture cr\u00e9meuse, approvisionnement en vrac OEM. Id\u00e9ale pour l&#039;industrie alimentaire. Contactez-nous.\" \/>\n<meta property=\"og:url\" content=\"https:\/\/nghiepxuan.com\/fr\/product\/pulpe-de-durian-monthong-surgelee-de-premiere-qualite-sans-pepins-nghiep-xuan-vietnam\/\" \/>\n<meta property=\"og:site_name\" content=\"Nghiep Xuan - Importation et Exportation Agricole\" \/>\n<meta property=\"article:publisher\" content=\"https:\/\/www.facebook.com\/nongsannghiepxuan\/\" \/>\n<meta property=\"og:image\" content=\"https:\/\/nghiepxuan.com\/wp-content\/uploads\/2026\/04\/IMG_9360.jpg\" \/>\n\t<meta property=\"og:image:width\" content=\"1520\" \/>\n\t<meta property=\"og:image:height\" content=\"1950\" \/>\n\t<meta property=\"og:image:type\" content=\"image\/jpeg\" \/>\n<meta name=\"twitter:card\" content=\"summary_large_image\" \/>\n<meta name=\"twitter:site\" content=\"@PhuTonBui\" \/>\n<meta name=\"twitter:label1\" content=\"Dur\u00e9e de lecture estim\u00e9e\" \/>\n\t<meta name=\"twitter:data1\" content=\"2 minutes\" \/>\n<script type=\"application\/ld+json\" class=\"yoast-schema-graph\">{\"@context\":\"https:\/\/schema.org\",\"@graph\":[{\"@type\":\"WebPage\",\"@id\":\"https:\/\/nghiepxuan.com\/fr\/product\/pulpe-de-durian-monthong-surgelee-de-premiere-qualite-sans-pepins-nghiep-xuan-vietnam\/\",\"url\":\"https:\/\/nghiepxuan.com\/fr\/product\/pulpe-de-durian-monthong-surgelee-de-premiere-qualite-sans-pepins-nghiep-xuan-vietnam\/\",\"name\":\"Pulpe de durian Monthong surgel\u00e9e de premi\u00e8re qualit\u00e9 (sans p\u00e9pins) | Nghiep Xuan Vietnam - Nghiep Xuan - Importation et Exportation Agricole\",\"isPartOf\":{\"@id\":\"https:\/\/nghiepxuan.com\/fr\/#website\"},\"primaryImageOfPage\":{\"@id\":\"https:\/\/nghiepxuan.com\/fr\/product\/pulpe-de-durian-monthong-surgelee-de-premiere-qualite-sans-pepins-nghiep-xuan-vietnam\/#primaryimage\"},\"image\":{\"@id\":\"https:\/\/nghiepxuan.com\/fr\/product\/pulpe-de-durian-monthong-surgelee-de-premiere-qualite-sans-pepins-nghiep-xuan-vietnam\/#primaryimage\"},\"thumbnailUrl\":\"https:\/\/nghiepxuan.com\/wp-content\/uploads\/2026\/04\/IMG_9360.jpg\",\"datePublished\":\"2026-04-30T08:18:47+00:00\",\"description\":\"Pulpe de durian Monthong congel\u00e9 sans p\u00e9pins de premi\u00e8re qualit\u00e9 en provenance du Vietnam. Rendement \u00e9lev\u00e9, texture cr\u00e9meuse, approvisionnement en vrac OEM. Id\u00e9ale pour l'industrie alimentaire. Contactez-nous.\",\"breadcrumb\":{\"@id\":\"https:\/\/nghiepxuan.com\/fr\/product\/pulpe-de-durian-monthong-surgelee-de-premiere-qualite-sans-pepins-nghiep-xuan-vietnam\/#breadcrumb\"},\"inLanguage\":\"fr-FR\",\"potentialAction\":[{\"@type\":\"ReadAction\",\"target\":[\"https:\/\/nghiepxuan.com\/fr\/product\/pulpe-de-durian-monthong-surgelee-de-premiere-qualite-sans-pepins-nghiep-xuan-vietnam\/\"]}]},{\"@type\":\"ImageObject\",\"inLanguage\":\"fr-FR\",\"@id\":\"https:\/\/nghiepxuan.com\/fr\/product\/pulpe-de-durian-monthong-surgelee-de-premiere-qualite-sans-pepins-nghiep-xuan-vietnam\/#primaryimage\",\"url\":\"https:\/\/nghiepxuan.com\/wp-content\/uploads\/2026\/04\/IMG_9360.jpg\",\"contentUrl\":\"https:\/\/nghiepxuan.com\/wp-content\/uploads\/2026\/04\/IMG_9360.jpg\",\"width\":1520,\"height\":1950,\"caption\":\"Frozen morthong durian pulp seedless\"},{\"@type\":\"BreadcrumbList\",\"@id\":\"https:\/\/nghiepxuan.com\/fr\/product\/pulpe-de-durian-monthong-surgelee-de-premiere-qualite-sans-pepins-nghiep-xuan-vietnam\/#breadcrumb\",\"itemListElement\":[{\"@type\":\"ListItem\",\"position\":1,\"name\":\"Home\",\"item\":\"https:\/\/nghiepxuan.com\/fr\/\"},{\"@type\":\"ListItem\",\"position\":2,\"name\":\"Boutique\",\"item\":\"https:\/\/nghiepxuan.com\/fr\/shop\/\"},{\"@type\":\"ListItem\",\"position\":3,\"name\":\"Pulpe de durian Monthong surgel\u00e9e de premi\u00e8re qualit\u00e9 (sans p\u00e9pins) | Nghiep Xuan Vietnam\"}]},{\"@type\":\"WebSite\",\"@id\":\"https:\/\/nghiepxuan.com\/fr\/#website\",\"url\":\"https:\/\/nghiepxuan.com\/fr\/\",\"name\":\"Nghiep Xuan - Agricultural Import and Export\",\"description\":\"Nourrir la nature, r\u00e9colter la sant\u00e9\u00a0: votre destination de mode de vie biologique\",\"publisher\":{\"@id\":\"https:\/\/nghiepxuan.com\/fr\/#organization\"},\"potentialAction\":[{\"@type\":\"SearchAction\",\"target\":{\"@type\":\"EntryPoint\",\"urlTemplate\":\"https:\/\/nghiepxuan.com\/fr\/?s={search_term_string}\"},\"query-input\":{\"@type\":\"PropertyValueSpecification\",\"valueRequired\":true,\"valueName\":\"search_term_string\"}}],\"inLanguage\":\"fr-FR\"},{\"@type\":\"Organization\",\"@id\":\"https:\/\/nghiepxuan.com\/fr\/#organization\",\"name\":\"Nghiep Xuan - Agricultural Import and Export\",\"url\":\"https:\/\/nghiepxuan.com\/fr\/\",\"logo\":{\"@type\":\"ImageObject\",\"inLanguage\":\"fr-FR\",\"@id\":\"https:\/\/nghiepxuan.com\/fr\/#\/schema\/logo\/image\/\",\"url\":\"https:\/\/nghiepxuan.com\/wp-content\/uploads\/2025\/04\/Nghiep-Xuan-Logo-4.png\",\"contentUrl\":\"https:\/\/nghiepxuan.com\/wp-content\/uploads\/2025\/04\/Nghiep-Xuan-Logo-4.png\",\"width\":4167,\"height\":1015,\"caption\":\"Nghiep Xuan - Agricultural Import and Export\"},\"image\":{\"@id\":\"https:\/\/nghiepxuan.com\/fr\/#\/schema\/logo\/image\/\"},\"sameAs\":[\"https:\/\/www.facebook.com\/nongsannghiepxuan\/\",\"https:\/\/x.com\/PhuTonBui\",\"https:\/\/www.instagram.com\/xuatnhapkhaunghiepxuan\/\",\"https:\/\/www.youtube.com\/@nongsannghiepxuan2066\",\"https:\/\/www.tiktok.com\/@nghiepxuan\"]}]}<\/script>\n<!-- \/ Yoast SEO plugin. -->","yoast_head_json":{"title":"Pulpe de durian Monthong surgel\u00e9e de premi\u00e8re qualit\u00e9 (sans p\u00e9pins) | Nghiep Xuan Vietnam - Nghiep Xuan - Importation et Exportation Agricole","description":"Pulpe de durian Monthong congel\u00e9 sans p\u00e9pins de premi\u00e8re qualit\u00e9 en provenance du Vietnam. Rendement \u00e9lev\u00e9, texture cr\u00e9meuse, approvisionnement en vrac OEM. Id\u00e9ale pour l'industrie alimentaire. Contactez-nous.","robots":{"index":"index","follow":"follow","max-snippet":"max-snippet:-1","max-image-preview":"max-image-preview:large","max-video-preview":"max-video-preview:-1"},"canonical":"https:\/\/nghiepxuan.com\/fr\/product\/pulpe-de-durian-monthong-surgelee-de-premiere-qualite-sans-pepins-nghiep-xuan-vietnam\/","og_locale":"fr_FR","og_type":"article","og_title":"Pulpe de durian Monthong surgel\u00e9e de premi\u00e8re qualit\u00e9 (sans p\u00e9pins) | Nghiep Xuan Vietnam - Nghiep Xuan - Importation et Exportation Agricole","og_description":"Pulpe de durian Monthong congel\u00e9 sans p\u00e9pins de premi\u00e8re qualit\u00e9 en provenance du Vietnam. Rendement \u00e9lev\u00e9, texture cr\u00e9meuse, approvisionnement en vrac OEM. Id\u00e9ale pour l'industrie alimentaire. Contactez-nous.","og_url":"https:\/\/nghiepxuan.com\/fr\/product\/pulpe-de-durian-monthong-surgelee-de-premiere-qualite-sans-pepins-nghiep-xuan-vietnam\/","og_site_name":"Nghiep Xuan - Importation et Exportation Agricole","article_publisher":"https:\/\/www.facebook.com\/nongsannghiepxuan\/","og_image":[{"width":1520,"height":1950,"url":"https:\/\/nghiepxuan.com\/wp-content\/uploads\/2026\/04\/IMG_9360.jpg","type":"image\/jpeg"}],"twitter_card":"summary_large_image","twitter_site":"@PhuTonBui","twitter_misc":{"Dur\u00e9e de lecture estim\u00e9e":"2 minutes"},"schema":{"@context":"https:\/\/schema.org","@graph":[{"@type":"WebPage","@id":"https:\/\/nghiepxuan.com\/fr\/product\/pulpe-de-durian-monthong-surgelee-de-premiere-qualite-sans-pepins-nghiep-xuan-vietnam\/","url":"https:\/\/nghiepxuan.com\/fr\/product\/pulpe-de-durian-monthong-surgelee-de-premiere-qualite-sans-pepins-nghiep-xuan-vietnam\/","name":"Pulpe de durian Monthong surgel\u00e9e de premi\u00e8re qualit\u00e9 (sans p\u00e9pins) | Nghiep Xuan Vietnam - Nghiep Xuan - Importation et Exportation Agricole","isPartOf":{"@id":"https:\/\/nghiepxuan.com\/fr\/#website"},"primaryImageOfPage":{"@id":"https:\/\/nghiepxuan.com\/fr\/product\/pulpe-de-durian-monthong-surgelee-de-premiere-qualite-sans-pepins-nghiep-xuan-vietnam\/#primaryimage"},"image":{"@id":"https:\/\/nghiepxuan.com\/fr\/product\/pulpe-de-durian-monthong-surgelee-de-premiere-qualite-sans-pepins-nghiep-xuan-vietnam\/#primaryimage"},"thumbnailUrl":"https:\/\/nghiepxuan.com\/wp-content\/uploads\/2026\/04\/IMG_9360.jpg","datePublished":"2026-04-30T08:18:47+00:00","description":"Pulpe de durian Monthong congel\u00e9 sans p\u00e9pins de premi\u00e8re qualit\u00e9 en provenance du Vietnam. Rendement \u00e9lev\u00e9, texture cr\u00e9meuse, approvisionnement en vrac OEM. Id\u00e9ale pour l'industrie alimentaire. Contactez-nous.","breadcrumb":{"@id":"https:\/\/nghiepxuan.com\/fr\/product\/pulpe-de-durian-monthong-surgelee-de-premiere-qualite-sans-pepins-nghiep-xuan-vietnam\/#breadcrumb"},"inLanguage":"fr-FR","potentialAction":[{"@type":"ReadAction","target":["https:\/\/nghiepxuan.com\/fr\/product\/pulpe-de-durian-monthong-surgelee-de-premiere-qualite-sans-pepins-nghiep-xuan-vietnam\/"]}]},{"@type":"ImageObject","inLanguage":"fr-FR","@id":"https:\/\/nghiepxuan.com\/fr\/product\/pulpe-de-durian-monthong-surgelee-de-premiere-qualite-sans-pepins-nghiep-xuan-vietnam\/#primaryimage","url":"https:\/\/nghiepxuan.com\/wp-content\/uploads\/2026\/04\/IMG_9360.jpg","contentUrl":"https:\/\/nghiepxuan.com\/wp-content\/uploads\/2026\/04\/IMG_9360.jpg","width":1520,"height":1950,"caption":"Frozen morthong durian pulp seedless"},{"@type":"BreadcrumbList","@id":"https:\/\/nghiepxuan.com\/fr\/product\/pulpe-de-durian-monthong-surgelee-de-premiere-qualite-sans-pepins-nghiep-xuan-vietnam\/#breadcrumb","itemListElement":[{"@type":"ListItem","position":1,"name":"Home","item":"https:\/\/nghiepxuan.com\/fr\/"},{"@type":"ListItem","position":2,"name":"Boutique","item":"https:\/\/nghiepxuan.com\/fr\/shop\/"},{"@type":"ListItem","position":3,"name":"Pulpe de durian Monthong surgel\u00e9e de premi\u00e8re qualit\u00e9 (sans p\u00e9pins) | Nghiep Xuan Vietnam"}]},{"@type":"WebSite","@id":"https:\/\/nghiepxuan.com\/fr\/#website","url":"https:\/\/nghiepxuan.com\/fr\/","name":"Nghiep Xuan - Agricultural Import and Export","description":"Nourrir la nature, r\u00e9colter la sant\u00e9\u00a0: votre destination de mode de vie biologique","publisher":{"@id":"https:\/\/nghiepxuan.com\/fr\/#organization"},"potentialAction":[{"@type":"SearchAction","target":{"@type":"EntryPoint","urlTemplate":"https:\/\/nghiepxuan.com\/fr\/?s={search_term_string}"},"query-input":{"@type":"PropertyValueSpecification","valueRequired":true,"valueName":"search_term_string"}}],"inLanguage":"fr-FR"},{"@type":"Organization","@id":"https:\/\/nghiepxuan.com\/fr\/#organization","name":"Nghiep Xuan - Agricultural Import and Export","url":"https:\/\/nghiepxuan.com\/fr\/","logo":{"@type":"ImageObject","inLanguage":"fr-FR","@id":"https:\/\/nghiepxuan.com\/fr\/#\/schema\/logo\/image\/","url":"https:\/\/nghiepxuan.com\/wp-content\/uploads\/2025\/04\/Nghiep-Xuan-Logo-4.png","contentUrl":"https:\/\/nghiepxuan.com\/wp-content\/uploads\/2025\/04\/Nghiep-Xuan-Logo-4.png","width":4167,"height":1015,"caption":"Nghiep Xuan - Agricultural Import and Export"},"image":{"@id":"https:\/\/nghiepxuan.com\/fr\/#\/schema\/logo\/image\/"},"sameAs":["https:\/\/www.facebook.com\/nongsannghiepxuan\/","https:\/\/x.com\/PhuTonBui","https:\/\/www.instagram.com\/xuatnhapkhaunghiepxuan\/","https:\/\/www.youtube.com\/@nongsannghiepxuan2066","https:\/\/www.tiktok.com\/@nghiepxuan"]}]}},"_links":{"self":[{"href":"https:\/\/nghiepxuan.com\/fr\/wp-json\/wp\/v2\/product\/10151","targetHints":{"allow":["GET"]}}],"collection":[{"href":"https:\/\/nghiepxuan.com\/fr\/wp-json\/wp\/v2\/product"}],"about":[{"href":"https:\/\/nghiepxuan.com\/fr\/wp-json\/wp\/v2\/types\/product"}],"replies":[{"embeddable":true,"href":"https:\/\/nghiepxuan.com\/fr\/wp-json\/wp\/v2\/comments?post=10151"}],"version-history":[{"count":0,"href":"https:\/\/nghiepxuan.com\/fr\/wp-json\/wp\/v2\/product\/10151\/revisions"}],"wp:featuredmedia":[{"embeddable":true,"href":"https:\/\/nghiepxuan.com\/fr\/wp-json\/wp\/v2\/media\/10137"}],"wp:attachment":[{"href":"https:\/\/nghiepxuan.com\/fr\/wp-json\/wp\/v2\/media?parent=10151"}],"wp:term":[{"taxonomy":"product_brand","embeddable":true,"href":"https:\/\/nghiepxuan.com\/fr\/wp-json\/wp\/v2\/product_brand?post=10151"},{"taxonomy":"product_cat","embeddable":true,"href":"https:\/\/nghiepxuan.com\/fr\/wp-json\/wp\/v2\/product_cat?post=10151"},{"taxonomy":"product_tag","embeddable":true,"href":"https:\/\/nghiepxuan.com\/fr\/wp-json\/wp\/v2\/product_tag?post=10151"}],"curies":[{"name":"wp","href":"https:\/\/api.w.org\/{rel}","templated":true}]}}