{"id":10064,"date":"2026-04-30T07:25:36","date_gmt":"2026-04-30T07:25:36","guid":{"rendered":"https:\/\/nghiepxuan.com\/product\/premium-frozen-straw-mushroom-export-quality-nghiep-xuan-vietnam\/"},"modified":"2026-04-30T07:25:36","modified_gmt":"2026-04-30T07:25:36","slug":"premium-frozen-straw-mushroom-export-quality-nghiep-xuan-vietnam","status":"publish","type":"product","link":"https:\/\/nghiepxuan.com\/fr\/product\/premium-frozen-straw-mushroom-export-quality-nghiep-xuan-vietnam\/","title":{"rendered":"Premium Frozen Straw Mushroom &#8211; Export Quality | Nghiep Xuan Vietnam"},"content":{"rendered":"<h3 data-section-id=\"neox7d\" data-start=\"369\" data-end=\"408\"><span role=\"text\"><strong data-start=\"373\" data-end=\"408\">Vue d&#8217;ensemble<\/strong><\/span><\/h3>\n<p data-start=\"409\" data-end=\"647\">Nghiep Xuan propose des <strong data-start=\"430\" data-end=\"470\">champignons de paille surgel\u00e9s de premi\u00e8re qualit\u00e9<\/strong>, provenant de fermes vietnamiennes g\u00e9r\u00e9es avec soin et trait\u00e9s \u00e0 l&#8217;aide d&#8217;une technologie de cong\u00e9lation avanc\u00e9e afin de pr\u00e9server leur <strong data-start=\"587\" data-end=\"646\">texture naturelle, leur saveur d\u00e9licate et leur valeur nutritionnelle<\/strong>.<\/p>\n<p data-start=\"649\" data-end=\"1067\">Les champignons de paille, l&#8217;un des champignons les plus utilis\u00e9s dans la <strong data-start=\"693\" data-end=\"740\">cuisine asiatique et dans l&#8217;industrie alimentaire mondiale<\/strong>, n\u00e9cessitent une <strong data-start=\"766\" data-end=\"807\">manipulation pr\u00e9cise et un traitement rapide<\/strong> pour maintenir leur qualit\u00e9. Chez Nghiep Xuan, nous combinons une <strong data-start=\"856\" data-end=\"948\">s\u00e9lection rigoureuse des mati\u00e8res premi\u00e8res, un traitement contr\u00f4l\u00e9 et un syst\u00e8me de cha\u00eene du froid optimis\u00e9 afin de garantir que<\/strong> chaque lot r\u00e9pond aux attentes des <strong data-start=\"997\" data-end=\"1066\">importateurs internationaux, des transformateurs de produits alimentaires et des distributeurs au d\u00e9tail<\/strong>. <\/p>\n<p data-start=\"1069\" data-end=\"1271\">Nos champignons de paille surgel\u00e9s sont con\u00e7us pour <strong data-start=\"1113\" data-end=\"1166\">offrir des performances constantes dans les applications industrielles<\/strong>, ce qui permet aux partenaires de r\u00e9duire les d\u00e9chets, d&#8217;am\u00e9liorer l&#8217;efficacit\u00e9 et de maintenir la normalisation des produits sur tous les march\u00e9s.<\/p>\n<hr data-start=\"1273\" data-end=\"1276\">\n<h3 data-section-id=\"17fsctq\" data-start=\"1278\" data-end=\"1301\"><span role=\"text\"><strong data-start=\"1282\" data-end=\"1301\">\ud83c\udf44 Caract\u00e9ristiques principales<\/strong><\/span><\/h3>\n<ul data-start=\"1302\" data-end=\"1712\">\n<li data-section-id=\"30w5iu\" data-start=\"1302\" data-end=\"1385\"><strong data-start=\"1304\" data-end=\"1334\">Texture ferme apr\u00e8s d\u00e9cong\u00e9lation<\/strong> &#8211; Maintient la structure pour la cuisson et la transformation<\/li>\n<li data-section-id=\"1n9udy1\" data-start=\"1386\" data-end=\"1452\"><strong data-start=\"1388\" data-end=\"1410\">Saveur Umami douce<\/strong> &#8211; Convient \u00e0 une large gamme de cuisines<\/li>\n<li data-section-id=\"183hjno\" data-start=\"1453\" data-end=\"1522\"><strong data-start=\"1455\" data-end=\"1473\">Technologie de cong\u00e9lation<\/strong> &#8211; Pr\u00e9servation de la fra\u00eecheur et de l&#8217;int\u00e9grit\u00e9 individuelle<\/li>\n<li data-section-id=\"163hlxi\" data-start=\"1523\" data-end=\"1588\"><strong data-start=\"1525\" data-end=\"1551\">Des formats soigneusement calibr\u00e9s<\/strong> &#8211; Entiers, moiti\u00e9s, ou en tranches<\/li>\n<li data-section-id=\"17vx8dn\" data-start=\"1589\" data-end=\"1649\"><strong data-start=\"1591\" data-end=\"1622\">Traitement propre et hygi\u00e9nique<\/strong> &#8211; Conforme aux normes d&#8217;exportation<\/li>\n<li data-section-id=\"x2cc69\" data-start=\"1650\" data-end=\"1712\"><strong data-start=\"1652\" data-end=\"1677\">Cha\u00eene d&#8217;approvisionnement fiable<\/strong> &#8211; Volume modulable pour les acheteurs B2B<\/li>\n<\/ul>\n<hr data-start=\"1714\" data-end=\"1717\">\n<h3 data-section-id=\"f701lt\" data-start=\"1719\" data-end=\"1743\"><span role=\"text\"><strong data-start=\"1723\" data-end=\"1743\">\ud83c\udf7d\ufe0f Applications<\/strong><\/span><\/h3>\n<p data-start=\"1744\" data-end=\"1801\">Largement utilis\u00e9 dans les services de restauration et la production industrielle :<\/p>\n<ul data-start=\"1802\" data-end=\"2015\">\n<li data-section-id=\"qvqq6g\" data-start=\"1802\" data-end=\"1842\">Fabrication de conserves et d&#8217;aliments surgel\u00e9s<\/li>\n<li data-section-id=\"20kgk\" data-start=\"1843\" data-end=\"1891\">Repas pr\u00eats \u00e0 consommer et produits alimentaires instantan\u00e9s<\/li>\n<li data-section-id=\"pax9cj\" data-start=\"1892\" data-end=\"1931\">Soupes, hot-pots, saut\u00e9s et sauces<\/li>\n<li data-section-id=\"1dembs7\" data-start=\"1932\" data-end=\"1977\">Cuisine asiatique (chinoise, tha\u00eflandaise, vietnamienne)<\/li>\n<li data-section-id=\"17e0hoi\" data-start=\"1978\" data-end=\"2015\">Fourniture de services alimentaires et de restaurants<\/li>\n<\/ul>\n<hr data-start=\"2017\" data-end=\"2020\">\n<h3 data-section-id=\"grum48\" data-start=\"2022\" data-end=\"2055\"><span role=\"text\"><strong data-start=\"2026\" data-end=\"2055\">\ud83d\udce6 Sp\u00e9cifications du produit<\/strong><\/span><\/h3>\n<ul data-start=\"2056\" data-end=\"2411\">\n<li data-section-id=\"1nyisok\" data-start=\"2056\" data-end=\"2127\"><strong data-start=\"2058\" data-end=\"2075\">Type de produit :<\/strong> Champignon de paille surgel\u00e9 (entier \/ demi-coup\u00e9 \/ tranch\u00e9)<\/li>\n<li data-section-id=\"1mfsgr9\" data-start=\"2128\" data-end=\"2179\"><strong data-start=\"2130\" data-end=\"2145\">Transformation :<\/strong> Technologie de cong\u00e9lation \u00e0 haute temp\u00e9rature<\/li>\n<li data-section-id=\"895jai\" data-start=\"2180\" data-end=\"2203\"><strong data-start=\"2182\" data-end=\"2193\">Origine :<\/strong> Vietnam<\/li>\n<li data-section-id=\"5d1acd\" data-start=\"2204\" data-end=\"2245\"><strong data-start=\"2206\" data-end=\"2221\">Dur\u00e9e de conservation :<\/strong> 18-24 mois \u00e0 -18\u00b0C<\/li>\n<li data-section-id=\"8l7ax0\" data-start=\"2246\" data-end=\"2294\"><strong data-start=\"2248\" data-end=\"2262\">Emballage :<\/strong> Bulk \/ Retail \/ OEM disponible<\/li>\n<li data-section-id=\"3t4gpa\" data-start=\"2295\" data-end=\"2341\"><strong data-start=\"2297\" data-end=\"2313\">Taille Grades :<\/strong> Personnalisable sur demande<\/li>\n<li data-section-id=\"4jtjls\" data-start=\"2342\" data-end=\"2411\"><strong data-start=\"2344\" data-end=\"2363\">Certifications :<\/strong> Disponibles sur demande (ISO, GlobalGAP, etc.)<\/li>\n<\/ul>\n<hr data-start=\"2413\" data-end=\"2416\">\n<h3 data-section-id=\"1a272qi\" data-start=\"2418\" data-end=\"2452\"><span role=\"text\"><strong data-start=\"2422\" data-end=\"2452\">\ud83d\ude9a Pourquoi choisir Nghiep Xuan ?<\/strong><\/span><\/h3>\n<ul data-start=\"2453\" data-end=\"2741\">\n<li data-section-id=\"w9aq3w\" data-start=\"2453\" data-end=\"2522\">Exportateur exp\u00e9riment\u00e9 de <strong data-start=\"2479\" data-end=\"2520\">l\u00e9gumes et champignons surgel\u00e9s de qualit\u00e9 sup\u00e9rieure<\/strong><\/li>\n<li data-section-id=\"1c9xx38\" data-start=\"2523\" data-end=\"2576\"><strong data-start=\"2532\" data-end=\"2574\">Contr\u00f4le<\/strong> rigoureux <strong data-start=\"2532\" data-end=\"2574\">de la cha\u00eene du froid de la ferme \u00e0 l&#8217;exportation<\/strong><\/li>\n<li data-section-id=\"1w1tltk\" data-start=\"2577\" data-end=\"2644\">L&#8217;accent est mis sur la <strong data-start=\"2588\" data-end=\"2642\">qualit\u00e9 constante et l&#8217;efficacit\u00e9 des rendements pour les acheteurs<\/strong><\/li>\n<li data-section-id=\"pha0d0\" data-start=\"2645\" data-end=\"2689\"><strong data-start=\"2656\" data-end=\"2687\">Solutions<\/strong> flexibles <strong data-start=\"2656\" data-end=\"2687\">OEM\/marques priv\u00e9es<\/strong><\/li>\n<li data-section-id=\"1qxssst\" data-start=\"2690\" data-end=\"2741\">Engagement dans des <strong data-start=\"2706\" data-end=\"2739\">partenariats mondiaux \u00e0 long terme<\/strong><\/li>\n<\/ul>\n<hr data-start=\"2743\" data-end=\"2746\">\n<h3 data-section-id=\"sirax1\" data-start=\"2748\" data-end=\"2770\"><span role=\"text\"><strong data-start=\"2752\" data-end=\"2770\">\ud83d\udce9 Enqu\u00eate CTA<\/strong><\/span><\/h3>\n<p data-start=\"2771\" data-end=\"2913\">Vous recherchez un fournisseur fiable de champignons de paille surgel\u00e9s ?<br data-start=\"2829\" data-end=\"2832\">\ud83d\udc49 Contactez Nghiep Xuan d\u00e8s aujourd&#8217;hui pour obtenir des <strong data-start=\"2865\" data-end=\"2912\">prix, des \u00e9chantillons et une coop\u00e9ration \u00e0 long terme<\/strong>.<\/p>\n<p data-start=\"2771\" data-end=\"2913\">Courriel : info@nghiepxuan.com || WhatsApp\/Viber\/Zalo\/Wechat\/Hotline : +84939 345 598<\/p>\n","protected":false},"excerpt":{"rendered":"<p>Champignons de paille surgel\u00e9s de haute qualit\u00e9 pour l&#8217;industrie alimentaire. Taille constante, approvisionnement stable, prix comp\u00e9titifs. Demandez un devis d\u00e8s aujourd&#8217;hui.  <\/p>\n","protected":false},"featured_media":10035,"comment_status":"open","ping_status":"closed","template":"","meta":{"content-type":""},"product_brand":[],"product_cat":[419],"product_tag":[1203,1146,1168,1107,1204],"class_list":{"0":"post-10064","1":"product","2":"type-product","3":"status-publish","4":"has-post-thumbnail","6":"product_cat-frozen-fr","7":"product_tag-champignon-de-paille-surgele","8":"product_tag-exportations-du-vietnam","9":"product_tag-fruits-surgeles","10":"product_tag-produit-congele","11":"product_tag-produit-vietnamien","13":"first","14":"instock","15":"shipping-taxable","16":"product-type-simple"},"yoast_head":"<!-- This site is optimized with the Yoast SEO plugin v26.9 - https:\/\/yoast.com\/product\/yoast-seo-wordpress\/ -->\n<title>Premium Frozen Straw Mushroom - Export Quality | Nghiep Xuan Vietnam - Nghiep Xuan - Importation et Exportation Agricole<\/title>\n<meta name=\"description\" content=\"Champignons de paille surgel\u00e9s IQF de premi\u00e8re qualit\u00e9 en provenance du Vietnam. Texture ferme, livraison en vrac, emballage OEM. Partenaire d&#039;exportation fiable. Contactez Nghiep Xuan d\u00e8s maintenant.\" \/>\n<meta name=\"robots\" content=\"index, follow, max-snippet:-1, max-image-preview:large, max-video-preview:-1\" \/>\n<link rel=\"canonical\" href=\"https:\/\/nghiepxuan.com\/fr\/product\/premium-frozen-straw-mushroom-export-quality-nghiep-xuan-vietnam\/\" \/>\n<meta property=\"og:locale\" content=\"fr_FR\" \/>\n<meta property=\"og:type\" content=\"article\" \/>\n<meta property=\"og:title\" content=\"Premium Frozen Straw Mushroom - Export Quality | Nghiep Xuan Vietnam - Nghiep Xuan - Importation et Exportation Agricole\" \/>\n<meta property=\"og:description\" content=\"Champignons de paille surgel\u00e9s IQF de premi\u00e8re qualit\u00e9 en provenance du Vietnam. Texture ferme, livraison en vrac, emballage OEM. Partenaire d&#039;exportation fiable. Contactez Nghiep Xuan d\u00e8s maintenant.\" \/>\n<meta property=\"og:url\" content=\"https:\/\/nghiepxuan.com\/fr\/product\/premium-frozen-straw-mushroom-export-quality-nghiep-xuan-vietnam\/\" \/>\n<meta property=\"og:site_name\" content=\"Nghiep Xuan - Importation et Exportation Agricole\" \/>\n<meta property=\"article:publisher\" content=\"https:\/\/www.facebook.com\/nongsannghiepxuan\/\" \/>\n<meta property=\"og:image\" content=\"https:\/\/nghiepxuan.com\/wp-content\/uploads\/2026\/04\/IMG_9357.jpg\" \/>\n\t<meta property=\"og:image:width\" content=\"1654\" \/>\n\t<meta property=\"og:image:height\" content=\"2130\" \/>\n\t<meta property=\"og:image:type\" content=\"image\/jpeg\" \/>\n<meta name=\"twitter:card\" content=\"summary_large_image\" \/>\n<meta name=\"twitter:site\" content=\"@PhuTonBui\" \/>\n<meta name=\"twitter:label1\" content=\"Dur\u00e9e de lecture estim\u00e9e\" \/>\n\t<meta name=\"twitter:data1\" content=\"2 minutes\" \/>\n<script type=\"application\/ld+json\" class=\"yoast-schema-graph\">{\"@context\":\"https:\/\/schema.org\",\"@graph\":[{\"@type\":\"WebPage\",\"@id\":\"https:\/\/nghiepxuan.com\/fr\/product\/premium-frozen-straw-mushroom-export-quality-nghiep-xuan-vietnam\/\",\"url\":\"https:\/\/nghiepxuan.com\/fr\/product\/premium-frozen-straw-mushroom-export-quality-nghiep-xuan-vietnam\/\",\"name\":\"Premium Frozen Straw Mushroom - Export Quality | Nghiep Xuan Vietnam - Nghiep Xuan - Importation et Exportation Agricole\",\"isPartOf\":{\"@id\":\"https:\/\/nghiepxuan.com\/fr\/#website\"},\"primaryImageOfPage\":{\"@id\":\"https:\/\/nghiepxuan.com\/fr\/product\/premium-frozen-straw-mushroom-export-quality-nghiep-xuan-vietnam\/#primaryimage\"},\"image\":{\"@id\":\"https:\/\/nghiepxuan.com\/fr\/product\/premium-frozen-straw-mushroom-export-quality-nghiep-xuan-vietnam\/#primaryimage\"},\"thumbnailUrl\":\"https:\/\/nghiepxuan.com\/wp-content\/uploads\/2026\/04\/IMG_9357.jpg\",\"datePublished\":\"2026-04-30T07:25:36+00:00\",\"description\":\"Champignons de paille surgel\u00e9s IQF de premi\u00e8re qualit\u00e9 en provenance du Vietnam. Texture ferme, livraison en vrac, emballage OEM. Partenaire d'exportation fiable. Contactez Nghiep Xuan d\u00e8s maintenant.\",\"breadcrumb\":{\"@id\":\"https:\/\/nghiepxuan.com\/fr\/product\/premium-frozen-straw-mushroom-export-quality-nghiep-xuan-vietnam\/#breadcrumb\"},\"inLanguage\":\"fr-FR\",\"potentialAction\":[{\"@type\":\"ReadAction\",\"target\":[\"https:\/\/nghiepxuan.com\/fr\/product\/premium-frozen-straw-mushroom-export-quality-nghiep-xuan-vietnam\/\"]}]},{\"@type\":\"ImageObject\",\"inLanguage\":\"fr-FR\",\"@id\":\"https:\/\/nghiepxuan.com\/fr\/product\/premium-frozen-straw-mushroom-export-quality-nghiep-xuan-vietnam\/#primaryimage\",\"url\":\"https:\/\/nghiepxuan.com\/wp-content\/uploads\/2026\/04\/IMG_9357.jpg\",\"contentUrl\":\"https:\/\/nghiepxuan.com\/wp-content\/uploads\/2026\/04\/IMG_9357.jpg\",\"width\":1654,\"height\":2130,\"caption\":\"Frozen Straw Mushroom\"},{\"@type\":\"BreadcrumbList\",\"@id\":\"https:\/\/nghiepxuan.com\/fr\/product\/premium-frozen-straw-mushroom-export-quality-nghiep-xuan-vietnam\/#breadcrumb\",\"itemListElement\":[{\"@type\":\"ListItem\",\"position\":1,\"name\":\"Home\",\"item\":\"https:\/\/nghiepxuan.com\/fr\/\"},{\"@type\":\"ListItem\",\"position\":2,\"name\":\"Boutique\",\"item\":\"https:\/\/nghiepxuan.com\/fr\/shop\/\"},{\"@type\":\"ListItem\",\"position\":3,\"name\":\"Premium Frozen Straw Mushroom &#8211; Export Quality | Nghiep Xuan Vietnam\"}]},{\"@type\":\"WebSite\",\"@id\":\"https:\/\/nghiepxuan.com\/fr\/#website\",\"url\":\"https:\/\/nghiepxuan.com\/fr\/\",\"name\":\"Nghiep Xuan - Agricultural Import and Export\",\"description\":\"Nourrir la nature, r\u00e9colter la sant\u00e9\u00a0: votre destination de mode de vie biologique\",\"publisher\":{\"@id\":\"https:\/\/nghiepxuan.com\/fr\/#organization\"},\"potentialAction\":[{\"@type\":\"SearchAction\",\"target\":{\"@type\":\"EntryPoint\",\"urlTemplate\":\"https:\/\/nghiepxuan.com\/fr\/?s={search_term_string}\"},\"query-input\":{\"@type\":\"PropertyValueSpecification\",\"valueRequired\":true,\"valueName\":\"search_term_string\"}}],\"inLanguage\":\"fr-FR\"},{\"@type\":\"Organization\",\"@id\":\"https:\/\/nghiepxuan.com\/fr\/#organization\",\"name\":\"Nghiep Xuan - Agricultural Import and Export\",\"url\":\"https:\/\/nghiepxuan.com\/fr\/\",\"logo\":{\"@type\":\"ImageObject\",\"inLanguage\":\"fr-FR\",\"@id\":\"https:\/\/nghiepxuan.com\/fr\/#\/schema\/logo\/image\/\",\"url\":\"https:\/\/nghiepxuan.com\/wp-content\/uploads\/2025\/04\/Nghiep-Xuan-Logo-4.png\",\"contentUrl\":\"https:\/\/nghiepxuan.com\/wp-content\/uploads\/2025\/04\/Nghiep-Xuan-Logo-4.png\",\"width\":4167,\"height\":1015,\"caption\":\"Nghiep Xuan - Agricultural Import and Export\"},\"image\":{\"@id\":\"https:\/\/nghiepxuan.com\/fr\/#\/schema\/logo\/image\/\"},\"sameAs\":[\"https:\/\/www.facebook.com\/nongsannghiepxuan\/\",\"https:\/\/x.com\/PhuTonBui\",\"https:\/\/www.instagram.com\/xuatnhapkhaunghiepxuan\/\",\"https:\/\/www.youtube.com\/@nongsannghiepxuan2066\",\"https:\/\/www.tiktok.com\/@nghiepxuan\"]}]}<\/script>\n<!-- \/ Yoast SEO plugin. -->","yoast_head_json":{"title":"Premium Frozen Straw Mushroom - Export Quality | Nghiep Xuan Vietnam - Nghiep Xuan - Importation et Exportation Agricole","description":"Champignons de paille surgel\u00e9s IQF de premi\u00e8re qualit\u00e9 en provenance du Vietnam. Texture ferme, livraison en vrac, emballage OEM. Partenaire d'exportation fiable. Contactez Nghiep Xuan d\u00e8s maintenant.","robots":{"index":"index","follow":"follow","max-snippet":"max-snippet:-1","max-image-preview":"max-image-preview:large","max-video-preview":"max-video-preview:-1"},"canonical":"https:\/\/nghiepxuan.com\/fr\/product\/premium-frozen-straw-mushroom-export-quality-nghiep-xuan-vietnam\/","og_locale":"fr_FR","og_type":"article","og_title":"Premium Frozen Straw Mushroom - Export Quality | Nghiep Xuan Vietnam - Nghiep Xuan - Importation et Exportation Agricole","og_description":"Champignons de paille surgel\u00e9s IQF de premi\u00e8re qualit\u00e9 en provenance du Vietnam. Texture ferme, livraison en vrac, emballage OEM. Partenaire d'exportation fiable. Contactez Nghiep Xuan d\u00e8s maintenant.","og_url":"https:\/\/nghiepxuan.com\/fr\/product\/premium-frozen-straw-mushroom-export-quality-nghiep-xuan-vietnam\/","og_site_name":"Nghiep Xuan - Importation et Exportation Agricole","article_publisher":"https:\/\/www.facebook.com\/nongsannghiepxuan\/","og_image":[{"width":1654,"height":2130,"url":"https:\/\/nghiepxuan.com\/wp-content\/uploads\/2026\/04\/IMG_9357.jpg","type":"image\/jpeg"}],"twitter_card":"summary_large_image","twitter_site":"@PhuTonBui","twitter_misc":{"Dur\u00e9e de lecture estim\u00e9e":"2 minutes"},"schema":{"@context":"https:\/\/schema.org","@graph":[{"@type":"WebPage","@id":"https:\/\/nghiepxuan.com\/fr\/product\/premium-frozen-straw-mushroom-export-quality-nghiep-xuan-vietnam\/","url":"https:\/\/nghiepxuan.com\/fr\/product\/premium-frozen-straw-mushroom-export-quality-nghiep-xuan-vietnam\/","name":"Premium Frozen Straw Mushroom - Export Quality | Nghiep Xuan Vietnam - Nghiep Xuan - Importation et Exportation Agricole","isPartOf":{"@id":"https:\/\/nghiepxuan.com\/fr\/#website"},"primaryImageOfPage":{"@id":"https:\/\/nghiepxuan.com\/fr\/product\/premium-frozen-straw-mushroom-export-quality-nghiep-xuan-vietnam\/#primaryimage"},"image":{"@id":"https:\/\/nghiepxuan.com\/fr\/product\/premium-frozen-straw-mushroom-export-quality-nghiep-xuan-vietnam\/#primaryimage"},"thumbnailUrl":"https:\/\/nghiepxuan.com\/wp-content\/uploads\/2026\/04\/IMG_9357.jpg","datePublished":"2026-04-30T07:25:36+00:00","description":"Champignons de paille surgel\u00e9s IQF de premi\u00e8re qualit\u00e9 en provenance du Vietnam. Texture ferme, livraison en vrac, emballage OEM. Partenaire d'exportation fiable. Contactez Nghiep Xuan d\u00e8s maintenant.","breadcrumb":{"@id":"https:\/\/nghiepxuan.com\/fr\/product\/premium-frozen-straw-mushroom-export-quality-nghiep-xuan-vietnam\/#breadcrumb"},"inLanguage":"fr-FR","potentialAction":[{"@type":"ReadAction","target":["https:\/\/nghiepxuan.com\/fr\/product\/premium-frozen-straw-mushroom-export-quality-nghiep-xuan-vietnam\/"]}]},{"@type":"ImageObject","inLanguage":"fr-FR","@id":"https:\/\/nghiepxuan.com\/fr\/product\/premium-frozen-straw-mushroom-export-quality-nghiep-xuan-vietnam\/#primaryimage","url":"https:\/\/nghiepxuan.com\/wp-content\/uploads\/2026\/04\/IMG_9357.jpg","contentUrl":"https:\/\/nghiepxuan.com\/wp-content\/uploads\/2026\/04\/IMG_9357.jpg","width":1654,"height":2130,"caption":"Frozen Straw Mushroom"},{"@type":"BreadcrumbList","@id":"https:\/\/nghiepxuan.com\/fr\/product\/premium-frozen-straw-mushroom-export-quality-nghiep-xuan-vietnam\/#breadcrumb","itemListElement":[{"@type":"ListItem","position":1,"name":"Home","item":"https:\/\/nghiepxuan.com\/fr\/"},{"@type":"ListItem","position":2,"name":"Boutique","item":"https:\/\/nghiepxuan.com\/fr\/shop\/"},{"@type":"ListItem","position":3,"name":"Premium Frozen Straw Mushroom &#8211; Export Quality | Nghiep Xuan Vietnam"}]},{"@type":"WebSite","@id":"https:\/\/nghiepxuan.com\/fr\/#website","url":"https:\/\/nghiepxuan.com\/fr\/","name":"Nghiep Xuan - Agricultural Import and Export","description":"Nourrir la nature, r\u00e9colter la sant\u00e9\u00a0: votre destination de mode de vie biologique","publisher":{"@id":"https:\/\/nghiepxuan.com\/fr\/#organization"},"potentialAction":[{"@type":"SearchAction","target":{"@type":"EntryPoint","urlTemplate":"https:\/\/nghiepxuan.com\/fr\/?s={search_term_string}"},"query-input":{"@type":"PropertyValueSpecification","valueRequired":true,"valueName":"search_term_string"}}],"inLanguage":"fr-FR"},{"@type":"Organization","@id":"https:\/\/nghiepxuan.com\/fr\/#organization","name":"Nghiep Xuan - Agricultural Import and Export","url":"https:\/\/nghiepxuan.com\/fr\/","logo":{"@type":"ImageObject","inLanguage":"fr-FR","@id":"https:\/\/nghiepxuan.com\/fr\/#\/schema\/logo\/image\/","url":"https:\/\/nghiepxuan.com\/wp-content\/uploads\/2025\/04\/Nghiep-Xuan-Logo-4.png","contentUrl":"https:\/\/nghiepxuan.com\/wp-content\/uploads\/2025\/04\/Nghiep-Xuan-Logo-4.png","width":4167,"height":1015,"caption":"Nghiep Xuan - Agricultural Import and Export"},"image":{"@id":"https:\/\/nghiepxuan.com\/fr\/#\/schema\/logo\/image\/"},"sameAs":["https:\/\/www.facebook.com\/nongsannghiepxuan\/","https:\/\/x.com\/PhuTonBui","https:\/\/www.instagram.com\/xuatnhapkhaunghiepxuan\/","https:\/\/www.youtube.com\/@nongsannghiepxuan2066","https:\/\/www.tiktok.com\/@nghiepxuan"]}]}},"_links":{"self":[{"href":"https:\/\/nghiepxuan.com\/fr\/wp-json\/wp\/v2\/product\/10064","targetHints":{"allow":["GET"]}}],"collection":[{"href":"https:\/\/nghiepxuan.com\/fr\/wp-json\/wp\/v2\/product"}],"about":[{"href":"https:\/\/nghiepxuan.com\/fr\/wp-json\/wp\/v2\/types\/product"}],"replies":[{"embeddable":true,"href":"https:\/\/nghiepxuan.com\/fr\/wp-json\/wp\/v2\/comments?post=10064"}],"version-history":[{"count":0,"href":"https:\/\/nghiepxuan.com\/fr\/wp-json\/wp\/v2\/product\/10064\/revisions"}],"wp:featuredmedia":[{"embeddable":true,"href":"https:\/\/nghiepxuan.com\/fr\/wp-json\/wp\/v2\/media\/10035"}],"wp:attachment":[{"href":"https:\/\/nghiepxuan.com\/fr\/wp-json\/wp\/v2\/media?parent=10064"}],"wp:term":[{"taxonomy":"product_brand","embeddable":true,"href":"https:\/\/nghiepxuan.com\/fr\/wp-json\/wp\/v2\/product_brand?post=10064"},{"taxonomy":"product_cat","embeddable":true,"href":"https:\/\/nghiepxuan.com\/fr\/wp-json\/wp\/v2\/product_cat?post=10064"},{"taxonomy":"product_tag","embeddable":true,"href":"https:\/\/nghiepxuan.com\/fr\/wp-json\/wp\/v2\/product_tag?post=10064"}],"curies":[{"name":"wp","href":"https:\/\/api.w.org\/{rel}","templated":true}]}}