{"id":6385,"date":"2020-10-24T04:34:14","date_gmt":"2020-10-24T04:34:14","guid":{"rendered":"https:\/\/nxg.asia\/conditions-generales-dutilisation\/"},"modified":"2025-04-09T11:43:51","modified_gmt":"2025-04-09T11:43:51","slug":"conditions-generales-dutilisation","status":"publish","type":"page","link":"https:\/\/nghiepxuan.com\/fr\/conditions-generales-dutilisation\/","title":{"rendered":"Conditions g\u00e9n\u00e9rales d&#8217;utilisation"},"content":{"rendered":"\t\t<div data-elementor-type=\"wp-page\" data-elementor-id=\"6385\" class=\"elementor elementor-6385 elementor-3711\">\n\t\t\t\t\t\t<section class=\"elementor-section elementor-top-section elementor-element elementor-element-0e0a1b6 elementor-section-boxed elementor-section-height-default elementor-section-height-default\" data-id=\"0e0a1b6\" data-element_type=\"section\" data-e-type=\"section\">\n\t\t\t\t\t\t<div class=\"elementor-container elementor-column-gap-no\">\n\t\t\t\t\t<div class=\"elementor-column elementor-col-100 elementor-top-column elementor-element elementor-element-df5a952\" data-id=\"df5a952\" data-element_type=\"column\" data-e-type=\"column\">\n\t\t\t<div class=\"elementor-widget-wrap elementor-element-populated\">\n\t\t\t\t\t\t<div class=\"elementor-element elementor-element-7e23e95 elementor-widget elementor-widget-text-editor\" data-id=\"7e23e95\" data-element_type=\"widget\" data-e-type=\"widget\" data-widget_type=\"text-editor.default\">\n\t\t\t\t<div class=\"elementor-widget-container\">\n\t\t\t\t\t\t\t\t\t<p>Bienvenue \u00e0 Nghiep Xuan ! Ces termes et conditions d\u00e9finissent les r\u00e8gles et r\u00e8glements pour l&#8217;utilisation de notre site web, situ\u00e9 \u00e0 <a href=\"https:\/\/nghiepxuan.com\/fr\/\" target=\"_new\">www.nghiepxuan.com.<\/a>  En acc\u00e9dant \u00e0 ce site web, nous supposons que vous acceptez ces termes et conditions. Ne continuez pas \u00e0 utiliser Nghiep Xuan si vous n&#8217;acceptez pas tous les termes et conditions \u00e9nonc\u00e9s sur cette page.<\/p>\t\t\t\t\t\t\t\t<\/div>\n\t\t\t\t<\/div>\n\t\t\t\t\t<\/div>\n\t\t<\/div>\n\t\t\t\t\t<\/div>\n\t\t<\/section>\n\t\t\t\t<section class=\"elementor-section elementor-top-section elementor-element elementor-element-a5635eb elementor-section-boxed elementor-section-height-default elementor-section-height-default\" data-id=\"a5635eb\" data-element_type=\"section\" data-e-type=\"section\">\n\t\t\t\t\t\t<div class=\"elementor-container elementor-column-gap-no\">\n\t\t\t\t\t<div class=\"elementor-column elementor-col-100 elementor-top-column elementor-element elementor-element-d39d5fe\" data-id=\"d39d5fe\" data-element_type=\"column\" data-e-type=\"column\">\n\t\t\t<div class=\"elementor-widget-wrap elementor-element-populated\">\n\t\t\t\t\t\t<div class=\"elementor-element elementor-element-1d530ed elementor-widget elementor-widget-text-editor\" data-id=\"1d530ed\" data-element_type=\"widget\" data-e-type=\"widget\" data-widget_type=\"text-editor.default\">\n\t\t\t\t<div class=\"elementor-widget-container\">\n\t\t\t\t\t\t\t\t\t<h3>1. <strong>Licence d&#8217;utilisation<\/strong><\/h3><p>1.1 Vous devez \u00eatre \u00e2g\u00e9 d&#8217;au moins 18 ans pour utiliser ce site web. En utilisant ce site web et en acceptant les pr\u00e9sentes conditions g\u00e9n\u00e9rales, vous garantissez et d\u00e9clarez que vous \u00eates \u00e2g\u00e9 d&#8217;au moins 18 ans.<\/p><p>1.2 Sauf indication contraire, Nghiep Xuan et\/ou ses conc\u00e9dants de licence d\u00e9tiennent les droits de propri\u00e9t\u00e9 intellectuelle sur l&#8217;ensemble du contenu de Nghiep Xuan. Tous les droits de propri\u00e9t\u00e9 intellectuelle sont r\u00e9serv\u00e9s. Vous pouvez visualiser et\/ou imprimer des pages de <a href=\"https:\/\/nghiepxuan.com\/fr\/\" target=\"_new\">www.nghiepxuan.com<\/a> pour votre usage personnel, sous r\u00e9serve des restrictions \u00e9nonc\u00e9es dans les pr\u00e9sentes conditions g\u00e9n\u00e9rales.<\/p><h3>2. <strong>Restrictions<\/strong><\/h3><p>2.1 Vous n&#8217;avez pas le droit de faire ce qui suit :<\/p><p>a) publier tout mat\u00e9riel provenant de Nghiep Xuan dans tout autre m\u00e9dia.<\/p><p>b) vendre, conc\u00e9der des sous-licences et\/ou commercialiser d&#8217;une autre mani\u00e8re tout mat\u00e9riel provenant de Nghiep Xuan.<\/p><p>c) Ex\u00e9cuter et\/ou montrer en public tout mat\u00e9riel provenant de Nghiep Xuan.<\/p><p>d) L&#8217;utilisation de ce site web d&#8217;une mani\u00e8re qui est ou peut \u00eatre pr\u00e9judiciable \u00e0 ce site web.<\/p><p>e) l&#8217;utilisation de ce site web en violation des lois et r\u00e8glements applicables ou d&#8217;une mani\u00e8re qui cause ou pourrait causer un pr\u00e9judice au site web ou \u00e0 toute personne ou entit\u00e9 commerciale.<\/p><p>2.2 L&#8217;acc\u00e8s \u00e0 certaines parties de ce site web est limit\u00e9 et Nghiep Xuan peut restreindre davantage l&#8217;acc\u00e8s \u00e0 certaines parties de ce site web, \u00e0 tout moment et \u00e0 sa discr\u00e9tion absolue. Le code d&#8217;utilisateur et le mot de passe que vous pouvez avoir pour ce site web sont confidentiels et vous devez \u00e9galement respecter cette confidentialit\u00e9.<\/p><h3>3. <strong>Votre contenu<\/strong><\/h3><p>3.1 Dans les pr\u00e9sentes conditions g\u00e9n\u00e9rales, on entend par &#8220;votre contenu&#8221; tout texte audio, vid\u00e9o, image ou autre mat\u00e9riel que vous choisissez d&#8217;afficher sur ce site web. En affichant votre contenu, vous accordez \u00e0 Nghiep Xuan une licence non exclusive, mondiale, irr\u00e9vocable et susceptible de faire l&#8217;objet d&#8217;une sous-licence pour l&#8217;utilisation, la reproduction, l&#8217;adaptation, la publication, la traduction et la distribution de ce contenu dans tous les m\u00e9dias.<\/p><h3>4. <strong>Absence de garanties<\/strong><\/h3><p>Ce site web est fourni &#8220;en l&#8217;\u00e9tat&#8221;, avec tous les d\u00e9fauts, et Nghiep Xuan ne fait aucune d\u00e9claration ou garantie expresse ou implicite, de quelque nature que ce soit, concernant ce site web ou les documents qu&#8217;il contient. En outre, aucun \u00e9l\u00e9ment contenu dans ce site web ne peut \u00eatre interpr\u00e9t\u00e9 comme une consultation ou un conseil.<\/p><h3>5. <strong>Limitation de la responsabilit\u00e9<\/strong><\/h3><p>En aucun cas, Nghiep Xuan, ni aucun de ses dirigeants, administrateurs ou employ\u00e9s, ne pourra \u00eatre tenu responsable de quoi que ce soit d\u00e9coulant de votre utilisation du pr\u00e9sent site web ou y \u00e9tant li\u00e9 de quelque mani\u00e8re que ce soit. Nghiep Xuan ne peut \u00eatre tenu responsable de toute responsabilit\u00e9 indirecte, cons\u00e9cutive ou sp\u00e9ciale d\u00e9coulant de l&#8217;utilisation de ce site web ou li\u00e9e \u00e0 celle-ci. <\/p><h3>6. <strong>Indemnisation<\/strong><\/h3><p>Par la pr\u00e9sente, vous garantissez Nghiep Xuan contre toute responsabilit\u00e9, tout co\u00fbt, toute demande, toute cause d&#8217;action, tout dommage et toute d\u00e9pense li\u00e9s d&#8217;une mani\u00e8re ou d&#8217;une autre \u00e0 votre violation de l&#8217;une des dispositions des pr\u00e9sentes conditions.<\/p><h3>7. <strong>Divisibilit\u00e9<\/strong><\/h3><p>Si l&#8217;une des dispositions des pr\u00e9sentes conditions est jug\u00e9e invalide en vertu d&#8217;une loi applicable, cette disposition sera supprim\u00e9e sans affecter les autres dispositions des pr\u00e9sentes.<\/p><p>En utilisant ce site web, vous acceptez de vous conformer \u00e0 ces termes et conditions. Si vous n&#8217;acceptez pas ces termes et conditions, veuillez vous abstenir d&#8217;utiliser notre site web.<\/p>\t\t\t\t\t\t\t\t<\/div>\n\t\t\t\t<\/div>\n\t\t\t\t\t<\/div>\n\t\t<\/div>\n\t\t\t\t\t<\/div>\n\t\t<\/section>\n\t\t\t\t<\/div>\n\t\t","protected":false},"excerpt":{"rendered":"<p>Bienvenue \u00e0 Nghiep Xuan ! Ces termes et conditions d\u00e9finissent les r\u00e8gles et r\u00e8glements pour l&#8217;utilisation de notre site web, situ\u00e9 \u00e0 www.nghiepxuan.com. En acc\u00e9dant \u00e0 ce site web, nous supposons que vous acceptez ces termes et conditions. Ne continuez pas \u00e0 utiliser Nghiep Xuan si vous n&#8217;acceptez pas tous les termes et conditions \u00e9nonc\u00e9s &hellip; <a href=\"https:\/\/nghiepxuan.com\/fr\/conditions-generales-dutilisation\/\" class=\"more-link\">Continuer \u00e0 lire <span class=\"screen-reader-text\">Conditions g\u00e9n\u00e9rales d&#8217;utilisation<\/span><\/a><\/p>\n","protected":false},"author":1,"featured_media":0,"parent":0,"menu_order":0,"comment_status":"closed","ping_status":"closed","template":"","meta":{"content-type":"","footnotes":""},"class_list":["post-6385","page","type-page","status-publish","hentry"],"yoast_head":"<!-- This site is optimized with the Yoast SEO plugin v26.9 - https:\/\/yoast.com\/product\/yoast-seo-wordpress\/ -->\n<title>Conditions g\u00e9n\u00e9rales d&#039;utilisation - Nghiep Xuan - Importation et Exportation Agricole<\/title>\n<meta name=\"robots\" content=\"index, follow, max-snippet:-1, max-image-preview:large, max-video-preview:-1\" \/>\n<link rel=\"canonical\" href=\"https:\/\/nghiepxuan.com\/fr\/conditions-generales-dutilisation\/\" \/>\n<meta property=\"og:locale\" content=\"fr_FR\" \/>\n<meta property=\"og:type\" content=\"article\" \/>\n<meta property=\"og:title\" content=\"Conditions g\u00e9n\u00e9rales d&#039;utilisation - Nghiep Xuan - Importation et Exportation Agricole\" \/>\n<meta property=\"og:description\" content=\"Bienvenue \u00e0 Nghiep Xuan ! Ces termes et conditions d\u00e9finissent les r\u00e8gles et r\u00e8glements pour l&#8217;utilisation de notre site web, situ\u00e9 \u00e0 www.nghiepxuan.com. En acc\u00e9dant \u00e0 ce site web, nous supposons que vous acceptez ces termes et conditions. Ne continuez pas \u00e0 utiliser Nghiep Xuan si vous n&#8217;acceptez pas tous les termes et conditions \u00e9nonc\u00e9s &hellip; Continuer \u00e0 lire Conditions g\u00e9n\u00e9rales d&#8217;utilisation\" \/>\n<meta property=\"og:url\" content=\"https:\/\/nghiepxuan.com\/fr\/conditions-generales-dutilisation\/\" \/>\n<meta property=\"og:site_name\" content=\"Nghiep Xuan - Importation et Exportation Agricole\" \/>\n<meta property=\"article:publisher\" content=\"https:\/\/www.facebook.com\/nongsannghiepxuan\/\" \/>\n<meta property=\"article:modified_time\" content=\"2025-04-09T11:43:51+00:00\" \/>\n<meta name=\"twitter:card\" content=\"summary_large_image\" \/>\n<meta name=\"twitter:site\" content=\"@PhuTonBui\" \/>\n<meta name=\"twitter:label1\" content=\"Dur\u00e9e de lecture estim\u00e9e\" \/>\n\t<meta name=\"twitter:data1\" content=\"3 minutes\" \/>\n<script type=\"application\/ld+json\" class=\"yoast-schema-graph\">{\"@context\":\"https:\/\/schema.org\",\"@graph\":[{\"@type\":\"WebPage\",\"@id\":\"https:\/\/nghiepxuan.com\/fr\/conditions-generales-dutilisation\/\",\"url\":\"https:\/\/nghiepxuan.com\/fr\/conditions-generales-dutilisation\/\",\"name\":\"Conditions g\u00e9n\u00e9rales d'utilisation - Nghiep Xuan - Importation et Exportation Agricole\",\"isPartOf\":{\"@id\":\"https:\/\/nghiepxuan.com\/fr\/#website\"},\"datePublished\":\"2020-10-24T04:34:14+00:00\",\"dateModified\":\"2025-04-09T11:43:51+00:00\",\"breadcrumb\":{\"@id\":\"https:\/\/nghiepxuan.com\/fr\/conditions-generales-dutilisation\/#breadcrumb\"},\"inLanguage\":\"fr-FR\",\"potentialAction\":[{\"@type\":\"ReadAction\",\"target\":[\"https:\/\/nghiepxuan.com\/fr\/conditions-generales-dutilisation\/\"]}]},{\"@type\":\"BreadcrumbList\",\"@id\":\"https:\/\/nghiepxuan.com\/fr\/conditions-generales-dutilisation\/#breadcrumb\",\"itemListElement\":[{\"@type\":\"ListItem\",\"position\":1,\"name\":\"Home\",\"item\":\"https:\/\/nghiepxuan.com\/fr\/\"},{\"@type\":\"ListItem\",\"position\":2,\"name\":\"Conditions g\u00e9n\u00e9rales d&#8217;utilisation\"}]},{\"@type\":\"WebSite\",\"@id\":\"https:\/\/nghiepxuan.com\/fr\/#website\",\"url\":\"https:\/\/nghiepxuan.com\/fr\/\",\"name\":\"Nghiep Xuan - Agricultural Import and Export\",\"description\":\"Nourrir la nature, r\u00e9colter la sant\u00e9\u00a0: votre destination de mode de vie biologique\",\"publisher\":{\"@id\":\"https:\/\/nghiepxuan.com\/fr\/#organization\"},\"potentialAction\":[{\"@type\":\"SearchAction\",\"target\":{\"@type\":\"EntryPoint\",\"urlTemplate\":\"https:\/\/nghiepxuan.com\/fr\/?s={search_term_string}\"},\"query-input\":{\"@type\":\"PropertyValueSpecification\",\"valueRequired\":true,\"valueName\":\"search_term_string\"}}],\"inLanguage\":\"fr-FR\"},{\"@type\":\"Organization\",\"@id\":\"https:\/\/nghiepxuan.com\/fr\/#organization\",\"name\":\"Nghiep Xuan - Agricultural Import and Export\",\"url\":\"https:\/\/nghiepxuan.com\/fr\/\",\"logo\":{\"@type\":\"ImageObject\",\"inLanguage\":\"fr-FR\",\"@id\":\"https:\/\/nghiepxuan.com\/fr\/#\/schema\/logo\/image\/\",\"url\":\"https:\/\/nghiepxuan.com\/wp-content\/uploads\/2025\/04\/Nghiep-Xuan-Logo-4.png\",\"contentUrl\":\"https:\/\/nghiepxuan.com\/wp-content\/uploads\/2025\/04\/Nghiep-Xuan-Logo-4.png\",\"width\":4167,\"height\":1015,\"caption\":\"Nghiep Xuan - Agricultural Import and Export\"},\"image\":{\"@id\":\"https:\/\/nghiepxuan.com\/fr\/#\/schema\/logo\/image\/\"},\"sameAs\":[\"https:\/\/www.facebook.com\/nongsannghiepxuan\/\",\"https:\/\/x.com\/PhuTonBui\",\"https:\/\/www.instagram.com\/xuatnhapkhaunghiepxuan\/\",\"https:\/\/www.youtube.com\/@nongsannghiepxuan2066\",\"https:\/\/www.tiktok.com\/@nghiepxuan\"]}]}<\/script>\n<!-- \/ Yoast SEO plugin. -->","yoast_head_json":{"title":"Conditions g\u00e9n\u00e9rales d'utilisation - Nghiep Xuan - Importation et Exportation Agricole","robots":{"index":"index","follow":"follow","max-snippet":"max-snippet:-1","max-image-preview":"max-image-preview:large","max-video-preview":"max-video-preview:-1"},"canonical":"https:\/\/nghiepxuan.com\/fr\/conditions-generales-dutilisation\/","og_locale":"fr_FR","og_type":"article","og_title":"Conditions g\u00e9n\u00e9rales d'utilisation - Nghiep Xuan - Importation et Exportation Agricole","og_description":"Bienvenue \u00e0 Nghiep Xuan ! Ces termes et conditions d\u00e9finissent les r\u00e8gles et r\u00e8glements pour l&#8217;utilisation de notre site web, situ\u00e9 \u00e0 www.nghiepxuan.com. En acc\u00e9dant \u00e0 ce site web, nous supposons que vous acceptez ces termes et conditions. Ne continuez pas \u00e0 utiliser Nghiep Xuan si vous n&#8217;acceptez pas tous les termes et conditions \u00e9nonc\u00e9s &hellip; Continuer \u00e0 lire Conditions g\u00e9n\u00e9rales d&#8217;utilisation","og_url":"https:\/\/nghiepxuan.com\/fr\/conditions-generales-dutilisation\/","og_site_name":"Nghiep Xuan - Importation et Exportation Agricole","article_publisher":"https:\/\/www.facebook.com\/nongsannghiepxuan\/","article_modified_time":"2025-04-09T11:43:51+00:00","twitter_card":"summary_large_image","twitter_site":"@PhuTonBui","twitter_misc":{"Dur\u00e9e de lecture estim\u00e9e":"3 minutes"},"schema":{"@context":"https:\/\/schema.org","@graph":[{"@type":"WebPage","@id":"https:\/\/nghiepxuan.com\/fr\/conditions-generales-dutilisation\/","url":"https:\/\/nghiepxuan.com\/fr\/conditions-generales-dutilisation\/","name":"Conditions g\u00e9n\u00e9rales d'utilisation - Nghiep Xuan - Importation et Exportation Agricole","isPartOf":{"@id":"https:\/\/nghiepxuan.com\/fr\/#website"},"datePublished":"2020-10-24T04:34:14+00:00","dateModified":"2025-04-09T11:43:51+00:00","breadcrumb":{"@id":"https:\/\/nghiepxuan.com\/fr\/conditions-generales-dutilisation\/#breadcrumb"},"inLanguage":"fr-FR","potentialAction":[{"@type":"ReadAction","target":["https:\/\/nghiepxuan.com\/fr\/conditions-generales-dutilisation\/"]}]},{"@type":"BreadcrumbList","@id":"https:\/\/nghiepxuan.com\/fr\/conditions-generales-dutilisation\/#breadcrumb","itemListElement":[{"@type":"ListItem","position":1,"name":"Home","item":"https:\/\/nghiepxuan.com\/fr\/"},{"@type":"ListItem","position":2,"name":"Conditions g\u00e9n\u00e9rales d&#8217;utilisation"}]},{"@type":"WebSite","@id":"https:\/\/nghiepxuan.com\/fr\/#website","url":"https:\/\/nghiepxuan.com\/fr\/","name":"Nghiep Xuan - Agricultural Import and Export","description":"Nourrir la nature, r\u00e9colter la sant\u00e9\u00a0: votre destination de mode de vie biologique","publisher":{"@id":"https:\/\/nghiepxuan.com\/fr\/#organization"},"potentialAction":[{"@type":"SearchAction","target":{"@type":"EntryPoint","urlTemplate":"https:\/\/nghiepxuan.com\/fr\/?s={search_term_string}"},"query-input":{"@type":"PropertyValueSpecification","valueRequired":true,"valueName":"search_term_string"}}],"inLanguage":"fr-FR"},{"@type":"Organization","@id":"https:\/\/nghiepxuan.com\/fr\/#organization","name":"Nghiep Xuan - Agricultural Import and Export","url":"https:\/\/nghiepxuan.com\/fr\/","logo":{"@type":"ImageObject","inLanguage":"fr-FR","@id":"https:\/\/nghiepxuan.com\/fr\/#\/schema\/logo\/image\/","url":"https:\/\/nghiepxuan.com\/wp-content\/uploads\/2025\/04\/Nghiep-Xuan-Logo-4.png","contentUrl":"https:\/\/nghiepxuan.com\/wp-content\/uploads\/2025\/04\/Nghiep-Xuan-Logo-4.png","width":4167,"height":1015,"caption":"Nghiep Xuan - Agricultural Import and Export"},"image":{"@id":"https:\/\/nghiepxuan.com\/fr\/#\/schema\/logo\/image\/"},"sameAs":["https:\/\/www.facebook.com\/nongsannghiepxuan\/","https:\/\/x.com\/PhuTonBui","https:\/\/www.instagram.com\/xuatnhapkhaunghiepxuan\/","https:\/\/www.youtube.com\/@nongsannghiepxuan2066","https:\/\/www.tiktok.com\/@nghiepxuan"]}]}},"_links":{"self":[{"href":"https:\/\/nghiepxuan.com\/fr\/wp-json\/wp\/v2\/pages\/6385","targetHints":{"allow":["GET"]}}],"collection":[{"href":"https:\/\/nghiepxuan.com\/fr\/wp-json\/wp\/v2\/pages"}],"about":[{"href":"https:\/\/nghiepxuan.com\/fr\/wp-json\/wp\/v2\/types\/page"}],"author":[{"embeddable":true,"href":"https:\/\/nghiepxuan.com\/fr\/wp-json\/wp\/v2\/users\/1"}],"replies":[{"embeddable":true,"href":"https:\/\/nghiepxuan.com\/fr\/wp-json\/wp\/v2\/comments?post=6385"}],"version-history":[{"count":3,"href":"https:\/\/nghiepxuan.com\/fr\/wp-json\/wp\/v2\/pages\/6385\/revisions"}],"predecessor-version":[{"id":7370,"href":"https:\/\/nghiepxuan.com\/fr\/wp-json\/wp\/v2\/pages\/6385\/revisions\/7370"}],"wp:attachment":[{"href":"https:\/\/nghiepxuan.com\/fr\/wp-json\/wp\/v2\/media?parent=6385"}],"curies":[{"name":"wp","href":"https:\/\/api.w.org\/{rel}","templated":true}]}}