{"id":9974,"date":"2026-04-30T03:52:40","date_gmt":"2026-04-30T03:52:40","guid":{"rendered":"https:\/\/nghiepxuan.com\/product\/hojas-de-platano-congeladas-de-primera-calidad-calidad-de-exportacion-nghiep-xuan-vietnam\/"},"modified":"2026-04-30T03:52:40","modified_gmt":"2026-04-30T03:52:40","slug":"hojas-de-platano-congeladas-de-primera-calidad-calidad-de-exportacion-nghiep-xuan-vietnam","status":"publish","type":"product","link":"https:\/\/nghiepxuan.com\/es\/product\/hojas-de-platano-congeladas-de-primera-calidad-calidad-de-exportacion-nghiep-xuan-vietnam\/","title":{"rendered":"Hojas de pl\u00e1tano congeladas de primera calidad &#8211; Calidad de exportaci\u00f3n | Nghiep Xuan Vietnam"},"content":{"rendered":"<h3 data-section-id=\"10rmw79\" data-start=\"312\" data-end=\"328\"><span role=\"text\"><strong data-start=\"316\" data-end=\"328\">Visi\u00f3n general<\/strong><\/span><\/h3>\n<p data-start=\"329\" data-end=\"535\">Nghiep Xuan suministra <strong data-start=\"350\" data-end=\"382\">Hojas de Pl\u00e1tano Congeladas Premium<\/strong>, cuidadosamente recolectadas en plantaciones de alta calidad de Vietnam y procesadas para conservar su <strong data-start=\"475\" data-end=\"534\">flexibilidad natural, su vibrante color verde y su frescura<\/strong>.<\/p>\n<p data-start=\"537\" data-end=\"716\">Nuestras hojas de pl\u00e1tano se utilizan ampliamente como envoltorios naturales para alimentos, ingredientes de cocina y soluciones de envasado ecol\u00f3gicas, ideales para aplicaciones industriales y de servicios alimentarios en todo el mundo.<\/p>\n<hr data-start=\"718\" data-end=\"721\">\n<h3 data-section-id=\"1go9akp\" data-start=\"723\" data-end=\"746\"><span role=\"text\"><strong data-start=\"727\" data-end=\"746\">\ud83c\udf43 Caracter\u00edsticas principales<\/strong><\/span><\/h3>\n<ul data-start=\"747\" data-end=\"1148\">\n<li data-section-id=\"1pdvxep\" data-start=\"747\" data-end=\"834\"><strong data-start=\"749\" data-end=\"775\">Natural y respetuoso con el medio ambiente<\/strong> &#8211; 100% biodegradable, alternativa sostenible al pl\u00e1stico<\/li>\n<li data-section-id=\"1xy2vw3\" data-start=\"835\" data-end=\"912\"><strong data-start=\"837\" data-end=\"859\">Flexible y duradero<\/strong> &#8211; Mantiene su resistencia tras la descongelaci\u00f3n, f\u00e1cil de manejar<\/li>\n<li data-section-id=\"17mf04y\" data-start=\"913\" data-end=\"976\"><strong data-start=\"915\" data-end=\"936\">Color verde fresco<\/strong> &#8211; Visualmente atractivo para la presentaci\u00f3n<\/li>\n<li data-section-id=\"1j695l\" data-start=\"977\" data-end=\"1051\"><strong data-start=\"979\" data-end=\"1005\">Procesado higi\u00e9nicamente<\/strong> &#8211; Limpiado y congelado bajo estrictas normas<\/li>\n<li data-section-id=\"1vur9x0\" data-start=\"1052\" data-end=\"1099\"><strong data-start=\"1054\" data-end=\"1070\">Listo para usar<\/strong>: precortado y f\u00e1cil de descongelar<\/li>\n<li data-section-id=\"17qjupd\" data-start=\"1100\" data-end=\"1148\"><strong data-start=\"1102\" data-end=\"1123\">Suministro constante<\/strong> &#8211; Disponible todo el a\u00f1o<\/li>\n<\/ul>\n<hr data-start=\"1150\" data-end=\"1153\">\n<h3 data-section-id=\"f701lt\" data-start=\"1155\" data-end=\"1179\"><span role=\"text\"><strong data-start=\"1159\" data-end=\"1179\">\ud83c\udf7d\ufe0f Aplicaciones<\/strong><\/span><\/h3>\n<p data-start=\"1180\" data-end=\"1224\">Perfecto para diversas industrias y cocinas:<\/p>\n<ul data-start=\"1225\" data-end=\"1440\">\n<li data-section-id=\"uqarh4\" data-start=\"1225\" data-end=\"1294\">Envoltorio de comida tradicional (pasteles de arroz, alb\u00f3ndigas, platos a la parrilla)<\/li>\n<li data-section-id=\"ihn1pv\" data-start=\"1295\" data-end=\"1345\">Presentaci\u00f3n de alimentos para restaurantes y catering<\/li>\n<li data-section-id=\"pzjlv4\" data-start=\"1346\" data-end=\"1393\">Aplicaciones de cocci\u00f3n al vapor, a la parrilla y al horno<\/li>\n<li data-section-id=\"61vwql\" data-start=\"1394\" data-end=\"1440\">Envases ecol\u00f3gicos para empresas alimentarias<\/li>\n<\/ul>\n<hr data-start=\"1442\" data-end=\"1445\">\n<h3 data-section-id=\"grum48\" data-start=\"1447\" data-end=\"1480\"><span role=\"text\"><strong data-start=\"1451\" data-end=\"1480\">\ud83d\udce6 Especificaciones del producto<\/strong><\/span><\/h3>\n<ul data-start=\"1481\" data-end=\"1757\">\n<li data-section-id=\"1h4za6h\" data-start=\"1481\" data-end=\"1544\"><strong data-start=\"1483\" data-end=\"1500\">Tipo de producto:<\/strong> Hojas de Pl\u00e1tano Congeladas (Enteras \/ Hojas Cortadas)<\/li>\n<li data-section-id=\"yjfiup\" data-start=\"1545\" data-end=\"1581\"><strong data-start=\"1547\" data-end=\"1562\">Procesado:<\/strong> Limpiado y congelado<\/li>\n<li data-section-id=\"895jai\" data-start=\"1582\" data-end=\"1605\"><strong data-start=\"1584\" data-end=\"1595\">Origen:<\/strong> Vietnam<\/li>\n<li data-section-id=\"5d1acd\" data-start=\"1606\" data-end=\"1647\"><strong data-start=\"1608\" data-end=\"1623\">Caducidad:<\/strong> 18-24 meses a -18\u00b0C<\/li>\n<li data-section-id=\"hpqp2v\" data-start=\"1648\" data-end=\"1699\"><strong data-start=\"1650\" data-end=\"1664\">Envasado:<\/strong> A granel \/ Minorista \/ Personalizable OEM<\/li>\n<li data-section-id=\"14du7v2\" data-start=\"1700\" data-end=\"1757\"><strong data-start=\"1702\" data-end=\"1719\">Opciones de tama\u00f1o:<\/strong> Tama\u00f1os personalizados disponibles bajo pedido<\/li>\n<\/ul>\n<hr data-start=\"1759\" data-end=\"1762\">\n<h3 data-section-id=\"1a272qi\" data-start=\"1764\" data-end=\"1798\"><span role=\"text\"><strong data-start=\"1768\" data-end=\"1798\">\ud83d\ude9a \u00bfPor qu\u00e9 elegir Nghiep Xuan?<\/strong><\/span><\/h3>\n<ul data-start=\"1799\" data-end=\"2071\">\n<li data-section-id=\"u8w0bd\" data-start=\"1799\" data-end=\"1859\">Exportador de confianza de <strong data-start=\"1821\" data-end=\"1857\">productos agr\u00edcolas vietnamitas<\/strong><\/li>\n<li data-section-id=\"yzeyas\" data-start=\"1860\" data-end=\"1902\">S\u00f3lido <strong data-start=\"1869\" data-end=\"1900\">sistema log\u00edstico de cadena de fr\u00edo<\/strong><\/li>\n<li data-section-id=\"3r6uft\" data-start=\"1903\" data-end=\"1959\">Centrarse en la <strong data-start=\"1914\" data-end=\"1957\">calidad, la coherencia y las normas de higiene<\/strong><\/li>\n<li data-section-id=\"13ucr6z\" data-start=\"1960\" data-end=\"2014\"><strong data-start=\"1971\" data-end=\"2012\">Soluciones<\/strong> flexibles <strong data-start=\"1971\" data-end=\"2012\">de envasado OEM\/etiqueta privada<\/strong><\/li>\n<li data-section-id=\"sqpunu\" data-start=\"2015\" data-end=\"2071\">Apoyar <strong data-start=\"2028\" data-end=\"2069\">los productos sostenibles y ecol\u00f3gicos<\/strong><\/li>\n<\/ul>\n<hr data-start=\"2073\" data-end=\"2076\">\n<h3 data-section-id=\"sirax1\" data-start=\"2078\" data-end=\"2100\"><span role=\"text\"><strong data-start=\"2082\" data-end=\"2100\">\ud83d\udce9 Consulta CTA<\/strong><\/span><\/h3>\n<p data-start=\"2101\" data-end=\"2251\">\u00bfBuscas hojas de pl\u00e1tano congeladas de alta calidad para tu negocio?<br data-start=\"2165\" data-end=\"2168\">\ud83d\udc49 Ponte en contacto con Nghiep Xuan hoy mismo para obtener un <strong data-start=\"2201\" data-end=\"2250\">presupuesto, muestras y una cooperaci\u00f3n a largo plazo<\/strong>.<\/p>\n<p data-start=\"2101\" data-end=\"2251\">Correo electr\u00f3nico: info@nghiepxuan.com || WhatsApp\/Viber\/Zalo\/Wechat\/Hotline: +84939 345 598<\/p>\n","protected":false},"excerpt":{"rendered":"<p>Hojas de pl\u00e1tano congeladas sostenibles para envolver y embalar alimentos. Natural, flexible, calidad de exportaci\u00f3n. Proveedor fiable de Vietnam. Solicita un presupuesto.   <\/p>\n","protected":false},"featured_media":9963,"comment_status":"open","ping_status":"closed","template":"","meta":{"content-type":""},"product_brand":[],"product_cat":[424],"product_tag":[1156,1186,1185,1187],"class_list":{"0":"post-9974","1":"product","2":"type-product","3":"status-publish","4":"has-post-thumbnail","6":"product_cat-frozen-es","7":"product_tag-exportacion-a-vietnam","8":"product_tag-fruta-congelada","9":"product_tag-hojas-de-platano-congeladas","10":"product_tag-productos-congelados-vietnam","12":"first","13":"instock","14":"shipping-taxable","15":"product-type-simple"},"yoast_head":"<!-- This site is optimized with the Yoast SEO plugin v26.9 - https:\/\/yoast.com\/product\/yoast-seo-wordpress\/ -->\n<title>Hojas de pl\u00e1tano congeladas de primera calidad - Calidad de exportaci\u00f3n | Nghiep Xuan Vietnam - Nghiep Xuan - Importaci\u00f3n y Exportaci\u00f3n Agr\u00edcola<\/title>\n<meta name=\"description\" content=\"Hojas de pl\u00e1tano congeladas de primera calidad procedentes de Vietnam. Flexibles, ecol\u00f3gicas y de calidad alimentaria. Suministro a granel y envasado OEM. Ponte en contacto con Nghiep Xuan hoy mismo.\" \/>\n<meta name=\"robots\" content=\"index, follow, max-snippet:-1, max-image-preview:large, max-video-preview:-1\" \/>\n<link rel=\"canonical\" href=\"https:\/\/nghiepxuan.com\/es\/product\/hojas-de-platano-congeladas-de-primera-calidad-calidad-de-exportacion-nghiep-xuan-vietnam\/\" \/>\n<meta property=\"og:locale\" content=\"es_ES\" \/>\n<meta property=\"og:type\" content=\"article\" \/>\n<meta property=\"og:title\" content=\"Hojas de pl\u00e1tano congeladas de primera calidad - Calidad de exportaci\u00f3n | Nghiep Xuan Vietnam - Nghiep Xuan - Importaci\u00f3n y Exportaci\u00f3n Agr\u00edcola\" \/>\n<meta property=\"og:description\" content=\"Hojas de pl\u00e1tano congeladas de primera calidad procedentes de Vietnam. Flexibles, ecol\u00f3gicas y de calidad alimentaria. Suministro a granel y envasado OEM. Ponte en contacto con Nghiep Xuan hoy mismo.\" \/>\n<meta property=\"og:url\" content=\"https:\/\/nghiepxuan.com\/es\/product\/hojas-de-platano-congeladas-de-primera-calidad-calidad-de-exportacion-nghiep-xuan-vietnam\/\" \/>\n<meta property=\"og:site_name\" content=\"Nghiep Xuan - Importaci\u00f3n y Exportaci\u00f3n Agr\u00edcola\" \/>\n<meta property=\"article:publisher\" content=\"https:\/\/www.facebook.com\/nongsannghiepxuan\/\" \/>\n<meta property=\"og:image\" content=\"https:\/\/nghiepxuan.com\/wp-content\/uploads\/2026\/04\/JPEG-image-4118-9BE6-D9-0-228x272.jpeg\" \/>\n\t<meta property=\"og:image:width\" content=\"228\" \/>\n\t<meta property=\"og:image:height\" content=\"272\" \/>\n\t<meta property=\"og:image:type\" content=\"image\/jpeg\" \/>\n<meta name=\"twitter:card\" content=\"summary_large_image\" \/>\n<meta name=\"twitter:site\" content=\"@PhuTonBui\" \/>\n<meta name=\"twitter:label1\" content=\"Tiempo de lectura\" \/>\n\t<meta name=\"twitter:data1\" content=\"2 minutos\" \/>\n<script type=\"application\/ld+json\" class=\"yoast-schema-graph\">{\"@context\":\"https:\/\/schema.org\",\"@graph\":[{\"@type\":\"WebPage\",\"@id\":\"https:\/\/nghiepxuan.com\/es\/product\/hojas-de-platano-congeladas-de-primera-calidad-calidad-de-exportacion-nghiep-xuan-vietnam\/\",\"url\":\"https:\/\/nghiepxuan.com\/es\/product\/hojas-de-platano-congeladas-de-primera-calidad-calidad-de-exportacion-nghiep-xuan-vietnam\/\",\"name\":\"Hojas de pl\u00e1tano congeladas de primera calidad - Calidad de exportaci\u00f3n | Nghiep Xuan Vietnam - Nghiep Xuan - Importaci\u00f3n y Exportaci\u00f3n Agr\u00edcola\",\"isPartOf\":{\"@id\":\"https:\/\/nghiepxuan.com\/es\/#website\"},\"primaryImageOfPage\":{\"@id\":\"https:\/\/nghiepxuan.com\/es\/product\/hojas-de-platano-congeladas-de-primera-calidad-calidad-de-exportacion-nghiep-xuan-vietnam\/#primaryimage\"},\"image\":{\"@id\":\"https:\/\/nghiepxuan.com\/es\/product\/hojas-de-platano-congeladas-de-primera-calidad-calidad-de-exportacion-nghiep-xuan-vietnam\/#primaryimage\"},\"thumbnailUrl\":\"https:\/\/nghiepxuan.com\/wp-content\/uploads\/2026\/04\/JPEG-image-4118-9BE6-D9-0.jpeg\",\"datePublished\":\"2026-04-30T03:52:40+00:00\",\"description\":\"Hojas de pl\u00e1tano congeladas de primera calidad procedentes de Vietnam. Flexibles, ecol\u00f3gicas y de calidad alimentaria. Suministro a granel y envasado OEM. Ponte en contacto con Nghiep Xuan hoy mismo.\",\"breadcrumb\":{\"@id\":\"https:\/\/nghiepxuan.com\/es\/product\/hojas-de-platano-congeladas-de-primera-calidad-calidad-de-exportacion-nghiep-xuan-vietnam\/#breadcrumb\"},\"inLanguage\":\"es\",\"potentialAction\":[{\"@type\":\"ReadAction\",\"target\":[\"https:\/\/nghiepxuan.com\/es\/product\/hojas-de-platano-congeladas-de-primera-calidad-calidad-de-exportacion-nghiep-xuan-vietnam\/\"]}]},{\"@type\":\"ImageObject\",\"inLanguage\":\"es\",\"@id\":\"https:\/\/nghiepxuan.com\/es\/product\/hojas-de-platano-congeladas-de-primera-calidad-calidad-de-exportacion-nghiep-xuan-vietnam\/#primaryimage\",\"url\":\"https:\/\/nghiepxuan.com\/wp-content\/uploads\/2026\/04\/JPEG-image-4118-9BE6-D9-0.jpeg\",\"contentUrl\":\"https:\/\/nghiepxuan.com\/wp-content\/uploads\/2026\/04\/JPEG-image-4118-9BE6-D9-0.jpeg\",\"width\":2145,\"height\":2560,\"caption\":\"Frozen banana leaves\"},{\"@type\":\"BreadcrumbList\",\"@id\":\"https:\/\/nghiepxuan.com\/es\/product\/hojas-de-platano-congeladas-de-primera-calidad-calidad-de-exportacion-nghiep-xuan-vietnam\/#breadcrumb\",\"itemListElement\":[{\"@type\":\"ListItem\",\"position\":1,\"name\":\"Home\",\"item\":\"https:\/\/nghiepxuan.com\/es\/\"},{\"@type\":\"ListItem\",\"position\":2,\"name\":\"Tienda\",\"item\":\"https:\/\/nghiepxuan.com\/es\/shop\/\"},{\"@type\":\"ListItem\",\"position\":3,\"name\":\"Hojas de pl\u00e1tano congeladas de primera calidad &#8211; Calidad de exportaci\u00f3n | Nghiep Xuan Vietnam\"}]},{\"@type\":\"WebSite\",\"@id\":\"https:\/\/nghiepxuan.com\/es\/#website\",\"url\":\"https:\/\/nghiepxuan.com\/es\/\",\"name\":\"Nghiep Xuan - Agricultural Import and Export\",\"description\":\"Nutriendo la naturaleza, cosechando salud: su destino de estilo de vida org\u00e1nico\",\"publisher\":{\"@id\":\"https:\/\/nghiepxuan.com\/es\/#organization\"},\"potentialAction\":[{\"@type\":\"SearchAction\",\"target\":{\"@type\":\"EntryPoint\",\"urlTemplate\":\"https:\/\/nghiepxuan.com\/es\/?s={search_term_string}\"},\"query-input\":{\"@type\":\"PropertyValueSpecification\",\"valueRequired\":true,\"valueName\":\"search_term_string\"}}],\"inLanguage\":\"es\"},{\"@type\":\"Organization\",\"@id\":\"https:\/\/nghiepxuan.com\/es\/#organization\",\"name\":\"Nghiep Xuan - Agricultural Import and Export\",\"url\":\"https:\/\/nghiepxuan.com\/es\/\",\"logo\":{\"@type\":\"ImageObject\",\"inLanguage\":\"es\",\"@id\":\"https:\/\/nghiepxuan.com\/es\/#\/schema\/logo\/image\/\",\"url\":\"https:\/\/nghiepxuan.com\/wp-content\/uploads\/2025\/04\/Nghiep-Xuan-Logo-4.png\",\"contentUrl\":\"https:\/\/nghiepxuan.com\/wp-content\/uploads\/2025\/04\/Nghiep-Xuan-Logo-4.png\",\"width\":4167,\"height\":1015,\"caption\":\"Nghiep Xuan - Agricultural Import and Export\"},\"image\":{\"@id\":\"https:\/\/nghiepxuan.com\/es\/#\/schema\/logo\/image\/\"},\"sameAs\":[\"https:\/\/www.facebook.com\/nongsannghiepxuan\/\",\"https:\/\/x.com\/PhuTonBui\",\"https:\/\/www.instagram.com\/xuatnhapkhaunghiepxuan\/\",\"https:\/\/www.youtube.com\/@nongsannghiepxuan2066\",\"https:\/\/www.tiktok.com\/@nghiepxuan\"]}]}<\/script>\n<!-- \/ Yoast SEO plugin. -->","yoast_head_json":{"title":"Hojas de pl\u00e1tano congeladas de primera calidad - Calidad de exportaci\u00f3n | Nghiep Xuan Vietnam - Nghiep Xuan - Importaci\u00f3n y Exportaci\u00f3n Agr\u00edcola","description":"Hojas de pl\u00e1tano congeladas de primera calidad procedentes de Vietnam. Flexibles, ecol\u00f3gicas y de calidad alimentaria. Suministro a granel y envasado OEM. Ponte en contacto con Nghiep Xuan hoy mismo.","robots":{"index":"index","follow":"follow","max-snippet":"max-snippet:-1","max-image-preview":"max-image-preview:large","max-video-preview":"max-video-preview:-1"},"canonical":"https:\/\/nghiepxuan.com\/es\/product\/hojas-de-platano-congeladas-de-primera-calidad-calidad-de-exportacion-nghiep-xuan-vietnam\/","og_locale":"es_ES","og_type":"article","og_title":"Hojas de pl\u00e1tano congeladas de primera calidad - Calidad de exportaci\u00f3n | Nghiep Xuan Vietnam - Nghiep Xuan - Importaci\u00f3n y Exportaci\u00f3n Agr\u00edcola","og_description":"Hojas de pl\u00e1tano congeladas de primera calidad procedentes de Vietnam. Flexibles, ecol\u00f3gicas y de calidad alimentaria. Suministro a granel y envasado OEM. Ponte en contacto con Nghiep Xuan hoy mismo.","og_url":"https:\/\/nghiepxuan.com\/es\/product\/hojas-de-platano-congeladas-de-primera-calidad-calidad-de-exportacion-nghiep-xuan-vietnam\/","og_site_name":"Nghiep Xuan - Importaci\u00f3n y Exportaci\u00f3n Agr\u00edcola","article_publisher":"https:\/\/www.facebook.com\/nongsannghiepxuan\/","og_image":[{"width":228,"height":272,"url":"https:\/\/nghiepxuan.com\/wp-content\/uploads\/2026\/04\/JPEG-image-4118-9BE6-D9-0-228x272.jpeg","type":"image\/jpeg"}],"twitter_card":"summary_large_image","twitter_site":"@PhuTonBui","twitter_misc":{"Tiempo de lectura":"2 minutos"},"schema":{"@context":"https:\/\/schema.org","@graph":[{"@type":"WebPage","@id":"https:\/\/nghiepxuan.com\/es\/product\/hojas-de-platano-congeladas-de-primera-calidad-calidad-de-exportacion-nghiep-xuan-vietnam\/","url":"https:\/\/nghiepxuan.com\/es\/product\/hojas-de-platano-congeladas-de-primera-calidad-calidad-de-exportacion-nghiep-xuan-vietnam\/","name":"Hojas de pl\u00e1tano congeladas de primera calidad - Calidad de exportaci\u00f3n | Nghiep Xuan Vietnam - Nghiep Xuan - Importaci\u00f3n y Exportaci\u00f3n Agr\u00edcola","isPartOf":{"@id":"https:\/\/nghiepxuan.com\/es\/#website"},"primaryImageOfPage":{"@id":"https:\/\/nghiepxuan.com\/es\/product\/hojas-de-platano-congeladas-de-primera-calidad-calidad-de-exportacion-nghiep-xuan-vietnam\/#primaryimage"},"image":{"@id":"https:\/\/nghiepxuan.com\/es\/product\/hojas-de-platano-congeladas-de-primera-calidad-calidad-de-exportacion-nghiep-xuan-vietnam\/#primaryimage"},"thumbnailUrl":"https:\/\/nghiepxuan.com\/wp-content\/uploads\/2026\/04\/JPEG-image-4118-9BE6-D9-0.jpeg","datePublished":"2026-04-30T03:52:40+00:00","description":"Hojas de pl\u00e1tano congeladas de primera calidad procedentes de Vietnam. Flexibles, ecol\u00f3gicas y de calidad alimentaria. Suministro a granel y envasado OEM. Ponte en contacto con Nghiep Xuan hoy mismo.","breadcrumb":{"@id":"https:\/\/nghiepxuan.com\/es\/product\/hojas-de-platano-congeladas-de-primera-calidad-calidad-de-exportacion-nghiep-xuan-vietnam\/#breadcrumb"},"inLanguage":"es","potentialAction":[{"@type":"ReadAction","target":["https:\/\/nghiepxuan.com\/es\/product\/hojas-de-platano-congeladas-de-primera-calidad-calidad-de-exportacion-nghiep-xuan-vietnam\/"]}]},{"@type":"ImageObject","inLanguage":"es","@id":"https:\/\/nghiepxuan.com\/es\/product\/hojas-de-platano-congeladas-de-primera-calidad-calidad-de-exportacion-nghiep-xuan-vietnam\/#primaryimage","url":"https:\/\/nghiepxuan.com\/wp-content\/uploads\/2026\/04\/JPEG-image-4118-9BE6-D9-0.jpeg","contentUrl":"https:\/\/nghiepxuan.com\/wp-content\/uploads\/2026\/04\/JPEG-image-4118-9BE6-D9-0.jpeg","width":2145,"height":2560,"caption":"Frozen banana leaves"},{"@type":"BreadcrumbList","@id":"https:\/\/nghiepxuan.com\/es\/product\/hojas-de-platano-congeladas-de-primera-calidad-calidad-de-exportacion-nghiep-xuan-vietnam\/#breadcrumb","itemListElement":[{"@type":"ListItem","position":1,"name":"Home","item":"https:\/\/nghiepxuan.com\/es\/"},{"@type":"ListItem","position":2,"name":"Tienda","item":"https:\/\/nghiepxuan.com\/es\/shop\/"},{"@type":"ListItem","position":3,"name":"Hojas de pl\u00e1tano congeladas de primera calidad &#8211; Calidad de exportaci\u00f3n | Nghiep Xuan Vietnam"}]},{"@type":"WebSite","@id":"https:\/\/nghiepxuan.com\/es\/#website","url":"https:\/\/nghiepxuan.com\/es\/","name":"Nghiep Xuan - Agricultural Import and Export","description":"Nutriendo la naturaleza, cosechando salud: su destino de estilo de vida org\u00e1nico","publisher":{"@id":"https:\/\/nghiepxuan.com\/es\/#organization"},"potentialAction":[{"@type":"SearchAction","target":{"@type":"EntryPoint","urlTemplate":"https:\/\/nghiepxuan.com\/es\/?s={search_term_string}"},"query-input":{"@type":"PropertyValueSpecification","valueRequired":true,"valueName":"search_term_string"}}],"inLanguage":"es"},{"@type":"Organization","@id":"https:\/\/nghiepxuan.com\/es\/#organization","name":"Nghiep Xuan - Agricultural Import and Export","url":"https:\/\/nghiepxuan.com\/es\/","logo":{"@type":"ImageObject","inLanguage":"es","@id":"https:\/\/nghiepxuan.com\/es\/#\/schema\/logo\/image\/","url":"https:\/\/nghiepxuan.com\/wp-content\/uploads\/2025\/04\/Nghiep-Xuan-Logo-4.png","contentUrl":"https:\/\/nghiepxuan.com\/wp-content\/uploads\/2025\/04\/Nghiep-Xuan-Logo-4.png","width":4167,"height":1015,"caption":"Nghiep Xuan - Agricultural Import and Export"},"image":{"@id":"https:\/\/nghiepxuan.com\/es\/#\/schema\/logo\/image\/"},"sameAs":["https:\/\/www.facebook.com\/nongsannghiepxuan\/","https:\/\/x.com\/PhuTonBui","https:\/\/www.instagram.com\/xuatnhapkhaunghiepxuan\/","https:\/\/www.youtube.com\/@nongsannghiepxuan2066","https:\/\/www.tiktok.com\/@nghiepxuan"]}]}},"_links":{"self":[{"href":"https:\/\/nghiepxuan.com\/es\/wp-json\/wp\/v2\/product\/9974","targetHints":{"allow":["GET"]}}],"collection":[{"href":"https:\/\/nghiepxuan.com\/es\/wp-json\/wp\/v2\/product"}],"about":[{"href":"https:\/\/nghiepxuan.com\/es\/wp-json\/wp\/v2\/types\/product"}],"replies":[{"embeddable":true,"href":"https:\/\/nghiepxuan.com\/es\/wp-json\/wp\/v2\/comments?post=9974"}],"version-history":[{"count":0,"href":"https:\/\/nghiepxuan.com\/es\/wp-json\/wp\/v2\/product\/9974\/revisions"}],"wp:featuredmedia":[{"embeddable":true,"href":"https:\/\/nghiepxuan.com\/es\/wp-json\/wp\/v2\/media\/9963"}],"wp:attachment":[{"href":"https:\/\/nghiepxuan.com\/es\/wp-json\/wp\/v2\/media?parent=9974"}],"wp:term":[{"taxonomy":"product_brand","embeddable":true,"href":"https:\/\/nghiepxuan.com\/es\/wp-json\/wp\/v2\/product_brand?post=9974"},{"taxonomy":"product_cat","embeddable":true,"href":"https:\/\/nghiepxuan.com\/es\/wp-json\/wp\/v2\/product_cat?post=9974"},{"taxonomy":"product_tag","embeddable":true,"href":"https:\/\/nghiepxuan.com\/es\/wp-json\/wp\/v2\/product_tag?post=9974"}],"curies":[{"name":"wp","href":"https:\/\/api.w.org\/{rel}","templated":true}]}}