{"id":9921,"date":"2026-04-30T03:40:40","date_gmt":"2026-04-30T03:40:40","guid":{"rendered":"https:\/\/nghiepxuan.com\/product\/guindilla-roja-congelada-premium-calidad-de-exportacion-nghiep-xuan-vietnam\/"},"modified":"2026-04-30T03:40:40","modified_gmt":"2026-04-30T03:40:40","slug":"guindilla-roja-congelada-premium-calidad-de-exportacion-nghiep-xuan-vietnam","status":"publish","type":"product","link":"https:\/\/nghiepxuan.com\/es\/product\/guindilla-roja-congelada-premium-calidad-de-exportacion-nghiep-xuan-vietnam\/","title":{"rendered":"Guindilla Roja Congelada Premium &#8211; Calidad de Exportaci\u00f3n | Nghiep Xuan Vietnam"},"content":{"rendered":"<h3 data-section-id=\"10rmw79\" data-start=\"362\" data-end=\"378\"><span role=\"text\"><strong data-start=\"366\" data-end=\"378\">Visi\u00f3n general<\/strong><\/span><\/h3>\n<p data-start=\"379\" data-end=\"603\">Nghiep Xuan ofrece <strong data-start=\"398\" data-end=\"433\">Guindilla Roja Congelada Premium (IQF)<\/strong>, procedente de granjas cuidadosamente seleccionadas de Vietnam y procesada con tecnolog\u00eda de congelaci\u00f3n avanzada para conservar su <strong data-start=\"549\" data-end=\"602\">calor natural, su vibrante color rojo y su sabor fresco<\/strong>.<\/p>\n<p data-start=\"605\" data-end=\"751\">Nuestro chile rojo congelado es ideal para <strong data-start=\"640\" data-end=\"705\">fabricantes de alimentos, procesadores de especias y distribuidores mundiales<\/strong> que buscan una calidad constante y un suministro estable.<\/p>\n<hr data-start=\"753\" data-end=\"756\">\n<h3 data-section-id=\"vkanar\" data-start=\"758\" data-end=\"782\"><span role=\"text\"><strong data-start=\"762\" data-end=\"782\">\ud83c\udf36\ufe0f Caracter\u00edsticas principales<\/strong><\/span><\/h3>\n<ul data-start=\"783\" data-end=\"1151\">\n<li data-section-id=\"1v05lko\" data-start=\"783\" data-end=\"844\"><strong data-start=\"785\" data-end=\"816\">Alta pungencia y rico sabor<\/strong> &#8211; Aut\u00e9ntico perfil picante<\/li>\n<li data-section-id=\"ffx0dx\" data-start=\"845\" data-end=\"901\"><strong data-start=\"847\" data-end=\"865\">Tecnolog\u00eda IQF<\/strong> &#8211; Conserva la frescura y la textura<\/li>\n<li data-section-id=\"476tpv\" data-start=\"902\" data-end=\"963\"><strong data-start=\"904\" data-end=\"928\">Color natural brillante<\/strong> &#8211; Atractivo aspecto rojo intenso<\/li>\n<li data-section-id=\"16zuj4u\" data-start=\"964\" data-end=\"1016\"><strong data-start=\"966\" data-end=\"982\">100% Natural<\/strong> &#8211; Sin aditivos ni conservantes<\/li>\n<li data-section-id=\"1puak36\" data-start=\"1017\" data-end=\"1082\"><strong data-start=\"1019\" data-end=\"1039\">Formatos flexibles<\/strong>: enteros, en rodajas, picados o listos para pegar<\/li>\n<li data-section-id=\"cweks5\" data-start=\"1083\" data-end=\"1151\"><strong data-start=\"1085\" data-end=\"1117\">Control de calidad para la exportaci\u00f3n<\/strong> &#8211; Cumple las normas internacionales<\/li>\n<\/ul>\n<hr data-start=\"1153\" data-end=\"1156\">\n<h3 data-section-id=\"f701lt\" data-start=\"1158\" data-end=\"1182\"><span role=\"text\"><strong data-start=\"1162\" data-end=\"1182\">\ud83c\udf7d\ufe0f Aplicaciones<\/strong><\/span><\/h3>\n<p data-start=\"1183\" data-end=\"1232\">Perfecto para diversos usos industriales y culinarios:<\/p>\n<ul data-start=\"1233\" data-end=\"1402\">\n<li data-section-id=\"33jgbz\" data-start=\"1233\" data-end=\"1283\">Producci\u00f3n de salsas, pasta de chile y condimentos<\/li>\n<li data-section-id=\"12lxq67\" data-start=\"1284\" data-end=\"1317\">Comidas congeladas y listas para consumir<\/li>\n<li data-section-id=\"18zx0t0\" data-start=\"1318\" data-end=\"1357\">Cocina asi\u00e1tica, mexicana y global<\/li>\n<li data-section-id=\"1rn0b24\" data-start=\"1358\" data-end=\"1402\">Cadenas de suministro de servicios alimentarios y restaurantes<\/li>\n<\/ul>\n<hr data-start=\"1404\" data-end=\"1407\">\n<h3 data-section-id=\"grum48\" data-start=\"1409\" data-end=\"1442\"><span role=\"text\"><strong data-start=\"1413\" data-end=\"1442\">\ud83d\udce6 Especificaciones del producto<\/strong><\/span><\/h3>\n<ul data-start=\"1443\" data-end=\"1743\">\n<li data-section-id=\"1yexywc\" data-start=\"1443\" data-end=\"1506\"><strong data-start=\"1445\" data-end=\"1462\">Tipo de producto:<\/strong> Guindilla Roja Congelada (Entera \/ Cortada \/ Picada)<\/li>\n<li data-section-id=\"1mfsgr9\" data-start=\"1507\" data-end=\"1558\"><strong data-start=\"1509\" data-end=\"1524\">Procesado:<\/strong> IQF (Congelaci\u00f3n R\u00e1pida Individual)<\/li>\n<li data-section-id=\"895jai\" data-start=\"1559\" data-end=\"1582\"><strong data-start=\"1561\" data-end=\"1572\">Origen:<\/strong> Vietnam<\/li>\n<li data-section-id=\"5d1acd\" data-start=\"1583\" data-end=\"1624\"><strong data-start=\"1585\" data-end=\"1600\">Caducidad:<\/strong> 18-24 meses a -18\u00b0C<\/li>\n<li data-section-id=\"8l7ax0\" data-start=\"1625\" data-end=\"1673\"><strong data-start=\"1627\" data-end=\"1641\">Envasado:<\/strong> A granel \/ al por menor \/ OEM disponible<\/li>\n<li data-section-id=\"1ynrigw\" data-start=\"1674\" data-end=\"1743\"><strong data-start=\"1676\" data-end=\"1695\">Certificaciones:<\/strong> Disponibles previa solicitud (GlobalGAP, ISO, etc.)<\/li>\n<\/ul>\n<hr data-start=\"1745\" data-end=\"1748\">\n<h3 data-section-id=\"1a272qi\" data-start=\"1750\" data-end=\"1784\"><span role=\"text\"><strong data-start=\"1754\" data-end=\"1784\">\ud83d\ude9a \u00bfPor qu\u00e9 elegir Nghiep Xuan?<\/strong><\/span><\/h3>\n<ul data-start=\"1785\" data-end=\"2059\">\n<li data-section-id=\"1v18uxo\" data-start=\"1785\" data-end=\"1856\">Experimentado <strong data-start=\"1799\" data-end=\"1854\">exportador vietnamita de productos agr\u00edcolas congelados<\/strong><\/li>\n<li data-section-id=\"x54rxg\" data-start=\"1857\" data-end=\"1916\">S\u00f3lido <strong data-start=\"1866\" data-end=\"1914\">sistema de cadena de fr\u00edo que garantiza la integridad del producto<\/strong><\/li>\n<li data-section-id=\"itwb2v\" data-start=\"1917\" data-end=\"1960\"><strong data-start=\"1928\" data-end=\"1958\">Capacidad de suministro<\/strong> fiable <strong data-start=\"1928\" data-end=\"1958\">durante todo el a\u00f1o<\/strong><\/li>\n<li data-section-id=\"yfb7h\" data-start=\"1961\" data-end=\"2007\"><strong data-start=\"1972\" data-end=\"2005\">Soluciones<\/strong> flexibles <strong data-start=\"1972\" data-end=\"2005\">OEM y de marca blanca<\/strong><\/li>\n<li data-section-id=\"1qxssst\" data-start=\"2008\" data-end=\"2059\">Compromiso con <strong data-start=\"2024\" data-end=\"2057\">asociaciones globales a largo plazo<\/strong><\/li>\n<\/ul>\n<hr data-start=\"2061\" data-end=\"2064\">\n<h3 data-section-id=\"sirax1\" data-start=\"2066\" data-end=\"2088\"><span role=\"text\"><strong data-start=\"2070\" data-end=\"2088\">\ud83d\udce9 Consulta CTA<\/strong><\/span><\/h3>\n<p data-start=\"2089\" data-end=\"2229\">\u00bfBuscas un proveedor de confianza de guindilla roja congelada?<br data-start=\"2141\" data-end=\"2144\">\ud83d\udc49 Ponte en contacto con Nghiep Xuan hoy mismo para obtener <strong data-start=\"2177\" data-end=\"2228\">precios, muestras y oportunidades de asociaci\u00f3n<\/strong>.<\/p>\n<p data-start=\"2089\" data-end=\"2229\">Correo electr\u00f3nico: info@nghiepxuan.com || WhatsApp\/Viber\/Zalo\/Wechat\/Hotline: +84939 345 598<\/p>\n","protected":false},"excerpt":{"rendered":"<p>Guindilla roja congelada de primera calidad procedente de Vietnam. Picante fuerte, color vibrante, suministro a granel y envasado OEM. Ponte en contacto con Nghiep Xuan para obtener el mejor presupuesto.  <\/p>\n","protected":false},"featured_media":9910,"comment_status":"open","ping_status":"closed","template":"","meta":{"content-type":""},"product_brand":[],"product_cat":[424],"product_tag":[1156,1132,1155,1131],"class_list":{"0":"post-9921","1":"product","2":"type-product","3":"status-publish","4":"has-post-thumbnail","6":"product_cat-frozen-es","7":"product_tag-exportacion-a-vietnam","8":"product_tag-fruta-congelada-vietnam","9":"product_tag-guindilla-roja-congelada","10":"product_tag-producto-congelado","12":"first","13":"instock","14":"shipping-taxable","15":"product-type-simple"},"yoast_head":"<!-- This site is optimized with the Yoast SEO plugin v26.9 - https:\/\/yoast.com\/product\/yoast-seo-wordpress\/ -->\n<title>Guindilla Roja Congelada Premium - Calidad de Exportaci\u00f3n | Nghiep Xuan Vietnam - Nghiep Xuan - Importaci\u00f3n y Exportaci\u00f3n Agr\u00edcola<\/title>\n<meta name=\"description\" content=\"Guindilla roja congelada IQF de primera calidad procedente de Vietnam. Calor fuerte, color vibrante, suministro a granel y envasado OEM. Ponte en contacto con Nghiep Xuan para obtener el mejor presupuesto.\" \/>\n<meta name=\"robots\" content=\"index, follow, max-snippet:-1, max-image-preview:large, max-video-preview:-1\" \/>\n<link rel=\"canonical\" href=\"https:\/\/nghiepxuan.com\/es\/product\/guindilla-roja-congelada-premium-calidad-de-exportacion-nghiep-xuan-vietnam\/\" \/>\n<meta property=\"og:locale\" content=\"es_ES\" \/>\n<meta property=\"og:type\" content=\"article\" \/>\n<meta property=\"og:title\" content=\"Guindilla Roja Congelada Premium - Calidad de Exportaci\u00f3n | Nghiep Xuan Vietnam - Nghiep Xuan - Importaci\u00f3n y Exportaci\u00f3n Agr\u00edcola\" \/>\n<meta property=\"og:description\" content=\"Guindilla roja congelada IQF de primera calidad procedente de Vietnam. Calor fuerte, color vibrante, suministro a granel y envasado OEM. Ponte en contacto con Nghiep Xuan para obtener el mejor presupuesto.\" \/>\n<meta property=\"og:url\" content=\"https:\/\/nghiepxuan.com\/es\/product\/guindilla-roja-congelada-premium-calidad-de-exportacion-nghiep-xuan-vietnam\/\" \/>\n<meta property=\"og:site_name\" content=\"Nghiep Xuan - Importaci\u00f3n y Exportaci\u00f3n Agr\u00edcola\" \/>\n<meta property=\"article:publisher\" content=\"https:\/\/www.facebook.com\/nongsannghiepxuan\/\" \/>\n<meta property=\"og:image\" content=\"https:\/\/nghiepxuan.com\/wp-content\/uploads\/2026\/04\/JPEG-image-417C-8265-97-0-204x272.jpeg\" \/>\n\t<meta property=\"og:image:width\" content=\"204\" \/>\n\t<meta property=\"og:image:height\" content=\"272\" \/>\n\t<meta property=\"og:image:type\" content=\"image\/jpeg\" \/>\n<meta name=\"twitter:card\" content=\"summary_large_image\" \/>\n<meta name=\"twitter:site\" content=\"@PhuTonBui\" \/>\n<meta name=\"twitter:label1\" content=\"Tiempo de lectura\" \/>\n\t<meta name=\"twitter:data1\" content=\"1 minuto\" \/>\n<script type=\"application\/ld+json\" class=\"yoast-schema-graph\">{\"@context\":\"https:\/\/schema.org\",\"@graph\":[{\"@type\":\"WebPage\",\"@id\":\"https:\/\/nghiepxuan.com\/es\/product\/guindilla-roja-congelada-premium-calidad-de-exportacion-nghiep-xuan-vietnam\/\",\"url\":\"https:\/\/nghiepxuan.com\/es\/product\/guindilla-roja-congelada-premium-calidad-de-exportacion-nghiep-xuan-vietnam\/\",\"name\":\"Guindilla Roja Congelada Premium - Calidad de Exportaci\u00f3n | Nghiep Xuan Vietnam - Nghiep Xuan - Importaci\u00f3n y Exportaci\u00f3n Agr\u00edcola\",\"isPartOf\":{\"@id\":\"https:\/\/nghiepxuan.com\/es\/#website\"},\"primaryImageOfPage\":{\"@id\":\"https:\/\/nghiepxuan.com\/es\/product\/guindilla-roja-congelada-premium-calidad-de-exportacion-nghiep-xuan-vietnam\/#primaryimage\"},\"image\":{\"@id\":\"https:\/\/nghiepxuan.com\/es\/product\/guindilla-roja-congelada-premium-calidad-de-exportacion-nghiep-xuan-vietnam\/#primaryimage\"},\"thumbnailUrl\":\"https:\/\/nghiepxuan.com\/wp-content\/uploads\/2026\/04\/JPEG-image-417C-8265-97-0.jpeg\",\"datePublished\":\"2026-04-30T03:40:40+00:00\",\"description\":\"Guindilla roja congelada IQF de primera calidad procedente de Vietnam. Calor fuerte, color vibrante, suministro a granel y envasado OEM. Ponte en contacto con Nghiep Xuan para obtener el mejor presupuesto.\",\"breadcrumb\":{\"@id\":\"https:\/\/nghiepxuan.com\/es\/product\/guindilla-roja-congelada-premium-calidad-de-exportacion-nghiep-xuan-vietnam\/#breadcrumb\"},\"inLanguage\":\"es\",\"potentialAction\":[{\"@type\":\"ReadAction\",\"target\":[\"https:\/\/nghiepxuan.com\/es\/product\/guindilla-roja-congelada-premium-calidad-de-exportacion-nghiep-xuan-vietnam\/\"]}]},{\"@type\":\"ImageObject\",\"inLanguage\":\"es\",\"@id\":\"https:\/\/nghiepxuan.com\/es\/product\/guindilla-roja-congelada-premium-calidad-de-exportacion-nghiep-xuan-vietnam\/#primaryimage\",\"url\":\"https:\/\/nghiepxuan.com\/wp-content\/uploads\/2026\/04\/JPEG-image-417C-8265-97-0.jpeg\",\"contentUrl\":\"https:\/\/nghiepxuan.com\/wp-content\/uploads\/2026\/04\/JPEG-image-417C-8265-97-0.jpeg\",\"width\":1920,\"height\":2560,\"caption\":\"Frozen Red Chilli\"},{\"@type\":\"BreadcrumbList\",\"@id\":\"https:\/\/nghiepxuan.com\/es\/product\/guindilla-roja-congelada-premium-calidad-de-exportacion-nghiep-xuan-vietnam\/#breadcrumb\",\"itemListElement\":[{\"@type\":\"ListItem\",\"position\":1,\"name\":\"Home\",\"item\":\"https:\/\/nghiepxuan.com\/es\/\"},{\"@type\":\"ListItem\",\"position\":2,\"name\":\"Tienda\",\"item\":\"https:\/\/nghiepxuan.com\/es\/shop\/\"},{\"@type\":\"ListItem\",\"position\":3,\"name\":\"Guindilla Roja Congelada Premium &#8211; Calidad de Exportaci\u00f3n | Nghiep Xuan Vietnam\"}]},{\"@type\":\"WebSite\",\"@id\":\"https:\/\/nghiepxuan.com\/es\/#website\",\"url\":\"https:\/\/nghiepxuan.com\/es\/\",\"name\":\"Nghiep Xuan - Agricultural Import and Export\",\"description\":\"Nutriendo la naturaleza, cosechando salud: su destino de estilo de vida org\u00e1nico\",\"publisher\":{\"@id\":\"https:\/\/nghiepxuan.com\/es\/#organization\"},\"potentialAction\":[{\"@type\":\"SearchAction\",\"target\":{\"@type\":\"EntryPoint\",\"urlTemplate\":\"https:\/\/nghiepxuan.com\/es\/?s={search_term_string}\"},\"query-input\":{\"@type\":\"PropertyValueSpecification\",\"valueRequired\":true,\"valueName\":\"search_term_string\"}}],\"inLanguage\":\"es\"},{\"@type\":\"Organization\",\"@id\":\"https:\/\/nghiepxuan.com\/es\/#organization\",\"name\":\"Nghiep Xuan - Agricultural Import and Export\",\"url\":\"https:\/\/nghiepxuan.com\/es\/\",\"logo\":{\"@type\":\"ImageObject\",\"inLanguage\":\"es\",\"@id\":\"https:\/\/nghiepxuan.com\/es\/#\/schema\/logo\/image\/\",\"url\":\"https:\/\/nghiepxuan.com\/wp-content\/uploads\/2025\/04\/Nghiep-Xuan-Logo-4.png\",\"contentUrl\":\"https:\/\/nghiepxuan.com\/wp-content\/uploads\/2025\/04\/Nghiep-Xuan-Logo-4.png\",\"width\":4167,\"height\":1015,\"caption\":\"Nghiep Xuan - Agricultural Import and Export\"},\"image\":{\"@id\":\"https:\/\/nghiepxuan.com\/es\/#\/schema\/logo\/image\/\"},\"sameAs\":[\"https:\/\/www.facebook.com\/nongsannghiepxuan\/\",\"https:\/\/x.com\/PhuTonBui\",\"https:\/\/www.instagram.com\/xuatnhapkhaunghiepxuan\/\",\"https:\/\/www.youtube.com\/@nongsannghiepxuan2066\",\"https:\/\/www.tiktok.com\/@nghiepxuan\"]}]}<\/script>\n<!-- \/ Yoast SEO plugin. -->","yoast_head_json":{"title":"Guindilla Roja Congelada Premium - Calidad de Exportaci\u00f3n | Nghiep Xuan Vietnam - Nghiep Xuan - Importaci\u00f3n y Exportaci\u00f3n Agr\u00edcola","description":"Guindilla roja congelada IQF de primera calidad procedente de Vietnam. Calor fuerte, color vibrante, suministro a granel y envasado OEM. Ponte en contacto con Nghiep Xuan para obtener el mejor presupuesto.","robots":{"index":"index","follow":"follow","max-snippet":"max-snippet:-1","max-image-preview":"max-image-preview:large","max-video-preview":"max-video-preview:-1"},"canonical":"https:\/\/nghiepxuan.com\/es\/product\/guindilla-roja-congelada-premium-calidad-de-exportacion-nghiep-xuan-vietnam\/","og_locale":"es_ES","og_type":"article","og_title":"Guindilla Roja Congelada Premium - Calidad de Exportaci\u00f3n | Nghiep Xuan Vietnam - Nghiep Xuan - Importaci\u00f3n y Exportaci\u00f3n Agr\u00edcola","og_description":"Guindilla roja congelada IQF de primera calidad procedente de Vietnam. Calor fuerte, color vibrante, suministro a granel y envasado OEM. Ponte en contacto con Nghiep Xuan para obtener el mejor presupuesto.","og_url":"https:\/\/nghiepxuan.com\/es\/product\/guindilla-roja-congelada-premium-calidad-de-exportacion-nghiep-xuan-vietnam\/","og_site_name":"Nghiep Xuan - Importaci\u00f3n y Exportaci\u00f3n Agr\u00edcola","article_publisher":"https:\/\/www.facebook.com\/nongsannghiepxuan\/","og_image":[{"width":204,"height":272,"url":"https:\/\/nghiepxuan.com\/wp-content\/uploads\/2026\/04\/JPEG-image-417C-8265-97-0-204x272.jpeg","type":"image\/jpeg"}],"twitter_card":"summary_large_image","twitter_site":"@PhuTonBui","twitter_misc":{"Tiempo de lectura":"1 minuto"},"schema":{"@context":"https:\/\/schema.org","@graph":[{"@type":"WebPage","@id":"https:\/\/nghiepxuan.com\/es\/product\/guindilla-roja-congelada-premium-calidad-de-exportacion-nghiep-xuan-vietnam\/","url":"https:\/\/nghiepxuan.com\/es\/product\/guindilla-roja-congelada-premium-calidad-de-exportacion-nghiep-xuan-vietnam\/","name":"Guindilla Roja Congelada Premium - Calidad de Exportaci\u00f3n | Nghiep Xuan Vietnam - Nghiep Xuan - Importaci\u00f3n y Exportaci\u00f3n Agr\u00edcola","isPartOf":{"@id":"https:\/\/nghiepxuan.com\/es\/#website"},"primaryImageOfPage":{"@id":"https:\/\/nghiepxuan.com\/es\/product\/guindilla-roja-congelada-premium-calidad-de-exportacion-nghiep-xuan-vietnam\/#primaryimage"},"image":{"@id":"https:\/\/nghiepxuan.com\/es\/product\/guindilla-roja-congelada-premium-calidad-de-exportacion-nghiep-xuan-vietnam\/#primaryimage"},"thumbnailUrl":"https:\/\/nghiepxuan.com\/wp-content\/uploads\/2026\/04\/JPEG-image-417C-8265-97-0.jpeg","datePublished":"2026-04-30T03:40:40+00:00","description":"Guindilla roja congelada IQF de primera calidad procedente de Vietnam. Calor fuerte, color vibrante, suministro a granel y envasado OEM. Ponte en contacto con Nghiep Xuan para obtener el mejor presupuesto.","breadcrumb":{"@id":"https:\/\/nghiepxuan.com\/es\/product\/guindilla-roja-congelada-premium-calidad-de-exportacion-nghiep-xuan-vietnam\/#breadcrumb"},"inLanguage":"es","potentialAction":[{"@type":"ReadAction","target":["https:\/\/nghiepxuan.com\/es\/product\/guindilla-roja-congelada-premium-calidad-de-exportacion-nghiep-xuan-vietnam\/"]}]},{"@type":"ImageObject","inLanguage":"es","@id":"https:\/\/nghiepxuan.com\/es\/product\/guindilla-roja-congelada-premium-calidad-de-exportacion-nghiep-xuan-vietnam\/#primaryimage","url":"https:\/\/nghiepxuan.com\/wp-content\/uploads\/2026\/04\/JPEG-image-417C-8265-97-0.jpeg","contentUrl":"https:\/\/nghiepxuan.com\/wp-content\/uploads\/2026\/04\/JPEG-image-417C-8265-97-0.jpeg","width":1920,"height":2560,"caption":"Frozen Red Chilli"},{"@type":"BreadcrumbList","@id":"https:\/\/nghiepxuan.com\/es\/product\/guindilla-roja-congelada-premium-calidad-de-exportacion-nghiep-xuan-vietnam\/#breadcrumb","itemListElement":[{"@type":"ListItem","position":1,"name":"Home","item":"https:\/\/nghiepxuan.com\/es\/"},{"@type":"ListItem","position":2,"name":"Tienda","item":"https:\/\/nghiepxuan.com\/es\/shop\/"},{"@type":"ListItem","position":3,"name":"Guindilla Roja Congelada Premium &#8211; Calidad de Exportaci\u00f3n | Nghiep Xuan Vietnam"}]},{"@type":"WebSite","@id":"https:\/\/nghiepxuan.com\/es\/#website","url":"https:\/\/nghiepxuan.com\/es\/","name":"Nghiep Xuan - Agricultural Import and Export","description":"Nutriendo la naturaleza, cosechando salud: su destino de estilo de vida org\u00e1nico","publisher":{"@id":"https:\/\/nghiepxuan.com\/es\/#organization"},"potentialAction":[{"@type":"SearchAction","target":{"@type":"EntryPoint","urlTemplate":"https:\/\/nghiepxuan.com\/es\/?s={search_term_string}"},"query-input":{"@type":"PropertyValueSpecification","valueRequired":true,"valueName":"search_term_string"}}],"inLanguage":"es"},{"@type":"Organization","@id":"https:\/\/nghiepxuan.com\/es\/#organization","name":"Nghiep Xuan - Agricultural Import and Export","url":"https:\/\/nghiepxuan.com\/es\/","logo":{"@type":"ImageObject","inLanguage":"es","@id":"https:\/\/nghiepxuan.com\/es\/#\/schema\/logo\/image\/","url":"https:\/\/nghiepxuan.com\/wp-content\/uploads\/2025\/04\/Nghiep-Xuan-Logo-4.png","contentUrl":"https:\/\/nghiepxuan.com\/wp-content\/uploads\/2025\/04\/Nghiep-Xuan-Logo-4.png","width":4167,"height":1015,"caption":"Nghiep Xuan - Agricultural Import and Export"},"image":{"@id":"https:\/\/nghiepxuan.com\/es\/#\/schema\/logo\/image\/"},"sameAs":["https:\/\/www.facebook.com\/nongsannghiepxuan\/","https:\/\/x.com\/PhuTonBui","https:\/\/www.instagram.com\/xuatnhapkhaunghiepxuan\/","https:\/\/www.youtube.com\/@nongsannghiepxuan2066","https:\/\/www.tiktok.com\/@nghiepxuan"]}]}},"_links":{"self":[{"href":"https:\/\/nghiepxuan.com\/es\/wp-json\/wp\/v2\/product\/9921","targetHints":{"allow":["GET"]}}],"collection":[{"href":"https:\/\/nghiepxuan.com\/es\/wp-json\/wp\/v2\/product"}],"about":[{"href":"https:\/\/nghiepxuan.com\/es\/wp-json\/wp\/v2\/types\/product"}],"replies":[{"embeddable":true,"href":"https:\/\/nghiepxuan.com\/es\/wp-json\/wp\/v2\/comments?post=9921"}],"version-history":[{"count":0,"href":"https:\/\/nghiepxuan.com\/es\/wp-json\/wp\/v2\/product\/9921\/revisions"}],"wp:featuredmedia":[{"embeddable":true,"href":"https:\/\/nghiepxuan.com\/es\/wp-json\/wp\/v2\/media\/9910"}],"wp:attachment":[{"href":"https:\/\/nghiepxuan.com\/es\/wp-json\/wp\/v2\/media?parent=9921"}],"wp:term":[{"taxonomy":"product_brand","embeddable":true,"href":"https:\/\/nghiepxuan.com\/es\/wp-json\/wp\/v2\/product_brand?post=9921"},{"taxonomy":"product_cat","embeddable":true,"href":"https:\/\/nghiepxuan.com\/es\/wp-json\/wp\/v2\/product_cat?post=9921"},{"taxonomy":"product_tag","embeddable":true,"href":"https:\/\/nghiepxuan.com\/es\/wp-json\/wp\/v2\/product_tag?post=9921"}],"curies":[{"name":"wp","href":"https:\/\/api.w.org\/{rel}","templated":true}]}}