{"id":9866,"date":"2026-04-30T03:27:11","date_gmt":"2026-04-30T03:27:11","guid":{"rendered":"https:\/\/nghiepxuan.com\/product\/hierba-limon-congelada-de-primera-calidad-calidad-para-la-exportacion-nghiep-xuan-vietnam\/"},"modified":"2026-04-30T03:27:11","modified_gmt":"2026-04-30T03:27:11","slug":"hierba-limon-congelada-de-primera-calidad-calidad-para-la-exportacion-nghiep-xuan-vietnam","status":"publish","type":"product","link":"https:\/\/nghiepxuan.com\/es\/product\/hierba-limon-congelada-de-primera-calidad-calidad-para-la-exportacion-nghiep-xuan-vietnam\/","title":{"rendered":"Hierba lim\u00f3n congelada de primera calidad &#8211; Calidad para la exportaci\u00f3n | Nghiep Xuan Vietnam"},"content":{"rendered":"<h3 data-section-id=\"10rmw79\" data-start=\"311\" data-end=\"327\"><span role=\"text\"><strong data-start=\"315\" data-end=\"327\">Visi\u00f3n general<\/strong><\/span><\/h3>\n<p data-start=\"328\" data-end=\"562\">Nghiep Xuan se enorgullece de ofrecer <strong data-start=\"355\" data-end=\"390\">Hierba de Lim\u00f3n Congelada Premium<\/strong>, cuidadosamente seleccionada en granjas de alta calidad de Vietnam y procesada con tecnolog\u00eda de congelaci\u00f3n avanzada para conservar su <strong data-start=\"511\" data-end=\"561\">aroma fresco, sabor natural y color vibrante<\/strong>.<\/p>\n<p data-start=\"564\" data-end=\"733\">Nuestra hierba lim\u00f3n congelada es una gran elecci\u00f3n para fabricantes de alimentos, restaurantes y distribuidores internacionales que necesitan una calidad constante y un suministro fiable para los mercados mundiales.<\/p>\n<h3 data-section-id=\"pqwi63\" data-start=\"740\" data-end=\"763\"><span role=\"text\"><strong data-start=\"744\" data-end=\"763\">\ud83c\udf31 Caracter\u00edsticas principales<\/strong><\/span><\/h3>\n<ul data-start=\"764\" data-end=\"1153\">\n<li data-section-id=\"16zuj4u\" data-start=\"764\" data-end=\"816\"><strong data-start=\"766\" data-end=\"782\">100% Natural<\/strong> &#8211; Sin aditivos ni conservantes<\/li>\n<li data-section-id=\"b1xbsj\" data-start=\"817\" data-end=\"889\"><strong data-start=\"819\" data-end=\"837\">Tecnolog\u00eda IQF<\/strong> &#8211; Congelaci\u00f3n r\u00e1pida individual para mantener la frescura<\/li>\n<li data-section-id=\"jl4ko6\" data-start=\"890\" data-end=\"961\"><strong data-start=\"892\" data-end=\"917\">Aroma y sabor intensos<\/strong> &#8211; Aut\u00e9ntico perfil de hierba lim\u00f3n vietnamita<\/li>\n<li data-section-id=\"1nww1p\" data-start=\"962\" data-end=\"1026\"><strong data-start=\"964\" data-end=\"990\">Cortes uniformes disponibles<\/strong> &#8211; Tallos enteros, en rodajas o picados<\/li>\n<li data-section-id=\"76kt9m\" data-start=\"1027\" data-end=\"1099\"><strong data-start=\"1029\" data-end=\"1055\">Estricto control de calidad<\/strong> &#8211; Procesado seg\u00fan normas internacionales<\/li>\n<li data-section-id=\"197pont\" data-start=\"1100\" data-end=\"1153\"><strong data-start=\"1102\" data-end=\"1125\">Cadena de suministro estable<\/strong> &#8211; Disponibilidad todo el a\u00f1o<\/li>\n<\/ul>\n<hr data-start=\"1155\" data-end=\"1158\">\n<h3 data-section-id=\"f701lt\" data-start=\"1160\" data-end=\"1184\"><span role=\"text\"><strong data-start=\"1164\" data-end=\"1184\">\ud83c\udf7d\ufe0f Aplicaciones<\/strong><\/span><\/h3>\n<p data-start=\"1185\" data-end=\"1242\">Perfecto para una amplia gama de usos culinarios e industriales:<\/p>\n<ul data-start=\"1243\" data-end=\"1411\">\n<li data-section-id=\"uqk4pp\" data-start=\"1243\" data-end=\"1294\">Cocina asi\u00e1tica (platos tailandeses, vietnamitas, indios)<\/li>\n<li data-section-id=\"bpxnsa\" data-start=\"1295\" data-end=\"1328\">Sopas, curry y adobos<\/li>\n<li data-section-id=\"gik96f\" data-start=\"1329\" data-end=\"1364\">Producci\u00f3n de salsas y condimentos<\/li>\n<li data-section-id=\"4j6s4s\" data-start=\"1365\" data-end=\"1411\">Fabricaci\u00f3n de comidas preparadas y congeladas<\/li>\n<\/ul>\n<hr data-start=\"1413\" data-end=\"1416\">\n<h3 data-section-id=\"grum48\" data-start=\"1418\" data-end=\"1451\"><span role=\"text\"><strong data-start=\"1422\" data-end=\"1451\">\ud83d\udce6 Especificaciones del producto<\/strong><\/span><\/h3>\n<ul data-start=\"1452\" data-end=\"1756\">\n<li data-section-id=\"126vdfs\" data-start=\"1452\" data-end=\"1514\"><strong data-start=\"1454\" data-end=\"1471\">Tipo de producto:<\/strong> Hierba lim\u00f3n congelada (entera \/ cortada \/ picada)<\/li>\n<li data-section-id=\"1mfsgr9\" data-start=\"1515\" data-end=\"1566\"><strong data-start=\"1517\" data-end=\"1532\">Procesado:<\/strong> IQF (Congelaci\u00f3n R\u00e1pida Individual)<\/li>\n<li data-section-id=\"895jai\" data-start=\"1567\" data-end=\"1590\"><strong data-start=\"1569\" data-end=\"1580\">Origen:<\/strong> Vietnam<\/li>\n<li data-section-id=\"5d1acd\" data-start=\"1591\" data-end=\"1632\"><strong data-start=\"1593\" data-end=\"1608\">Caducidad:<\/strong> 18-24 meses a -18\u00b0C<\/li>\n<li data-section-id=\"1oonqk6\" data-start=\"1633\" data-end=\"1686\"><strong data-start=\"1635\" data-end=\"1649\">Envasado:<\/strong> Personalizable (al por menor \/ a granel \/ OEM)<\/li>\n<li data-section-id=\"1ynrigw\" data-start=\"1687\" data-end=\"1756\"><strong data-start=\"1689\" data-end=\"1708\">Certificaciones:<\/strong> Disponibles previa solicitud (GlobalGAP, ISO, etc.)<\/li>\n<\/ul>\n<hr data-start=\"1758\" data-end=\"1761\">\n<h3 data-section-id=\"1a272qi\" data-start=\"1763\" data-end=\"1797\"><span role=\"text\"><strong data-start=\"1767\" data-end=\"1797\">\ud83d\ude9a \u00bfPor qu\u00e9 elegir Nghiep Xuan?<\/strong><\/span><\/h3>\n<ul data-start=\"1798\" data-end=\"2072\">\n<li data-section-id=\"pis8qb\" data-start=\"1798\" data-end=\"1865\"><strong data-start=\"1808\" data-end=\"1863\">Exportador vietnamita de<\/strong> confianza <strong data-start=\"1808\" data-end=\"1863\">de productos agr\u00edcolas congelados<\/strong><\/li>\n<li data-section-id=\"1dluc3p\" data-start=\"1866\" data-end=\"1934\">Gran experiencia en <strong data-start=\"1888\" data-end=\"1932\">log\u00edstica de la cadena de fr\u00edo y transporte mundial<\/strong><\/li>\n<li data-section-id=\"6kqz28\" data-start=\"1935\" data-end=\"2002\">Compromiso con la <strong data-start=\"1951\" data-end=\"2000\">calidad constante y las asociaciones a largo plazo<\/strong><\/li>\n<li data-section-id=\"9r4hrz\" data-start=\"2003\" data-end=\"2072\"><strong data-start=\"2014\" data-end=\"2045\">Soluciones<\/strong> flexibles <strong data-start=\"2014\" data-end=\"2045\">OEM\/etiqueta privada<\/strong> para compradores internacionales<\/li>\n<\/ul>\n<hr data-start=\"2074\" data-end=\"2077\">\n<h3 data-section-id=\"6a2jx1\" data-start=\"2079\" data-end=\"2107\"><span role=\"text\"><strong data-start=\"2083\" data-end=\"2107\">\ud83d\udce9 Consulta y Contacto<\/strong><\/span><\/h3>\n<p data-start=\"2108\" data-end=\"2251\">\u00bfBuscas un proveedor fiable de hierba lim\u00f3n congelada?<br data-start=\"2161\" data-end=\"2164\">\ud83d\udc49 Ponte en contacto con Nghiep Xuan hoy mismo para obtener un <strong data-start=\"2197\" data-end=\"2250\">presupuesto, muestras y oportunidades de asociaci\u00f3n<\/strong>.<\/p>\n<p data-start=\"2108\" data-end=\"2251\">Correo electr\u00f3nico: info@nghiepxuan.com || WhatsApp\/Viber\/Zalo\/Wechat\/Hotline: +84939 345 598<\/p>\n","protected":false},"excerpt":{"rendered":"<p>Hierba lim\u00f3n congelada de primera calidad procedente de Vietnam. Fuerte aroma, calidad de exportaci\u00f3n, suministro a granel y envasado OEM. Ponte en contacto con Nghiep Xuan para obtener un presupuesto.  <\/p>\n","protected":false},"featured_media":9846,"comment_status":"open","ping_status":"closed","template":"","meta":{"content-type":""},"product_brand":[],"product_cat":[424],"product_tag":[1132,1129,1131,1130],"class_list":{"0":"post-9866","1":"product","2":"type-product","3":"status-publish","4":"has-post-thumbnail","6":"product_cat-frozen-es","7":"product_tag-fruta-congelada-vietnam","8":"product_tag-hierba-limon-congelada","9":"product_tag-producto-congelado","10":"product_tag-verduras-congeladas","12":"first","13":"instock","14":"shipping-taxable","15":"product-type-simple"},"yoast_head":"<!-- This site is optimized with the Yoast SEO plugin v26.9 - https:\/\/yoast.com\/product\/yoast-seo-wordpress\/ -->\n<title>Hierba lim\u00f3n congelada de primera calidad - Calidad para la exportaci\u00f3n | Nghiep Xuan Vietnam - Nghiep Xuan - Importaci\u00f3n y Exportaci\u00f3n Agr\u00edcola<\/title>\n<meta name=\"description\" content=\"Hierba lim\u00f3n congelada de alta calidad procedente de Vietnam. Ideal para la elaboraci\u00f3n de alimentos y la venta al por mayor. Suministro fiable, precio competitivo. Pide presupuesto ahora.\" \/>\n<meta name=\"robots\" content=\"index, follow, max-snippet:-1, max-image-preview:large, max-video-preview:-1\" \/>\n<link rel=\"canonical\" href=\"https:\/\/nghiepxuan.com\/es\/product\/hierba-limon-congelada-de-primera-calidad-calidad-para-la-exportacion-nghiep-xuan-vietnam\/\" \/>\n<meta property=\"og:locale\" content=\"es_ES\" \/>\n<meta property=\"og:type\" content=\"article\" \/>\n<meta property=\"og:title\" content=\"Hierba lim\u00f3n congelada de primera calidad - Calidad para la exportaci\u00f3n | Nghiep Xuan Vietnam - Nghiep Xuan - Importaci\u00f3n y Exportaci\u00f3n Agr\u00edcola\" \/>\n<meta property=\"og:description\" content=\"Hierba lim\u00f3n congelada de alta calidad procedente de Vietnam. Ideal para la elaboraci\u00f3n de alimentos y la venta al por mayor. Suministro fiable, precio competitivo. Pide presupuesto ahora.\" \/>\n<meta property=\"og:url\" content=\"https:\/\/nghiepxuan.com\/es\/product\/hierba-limon-congelada-de-primera-calidad-calidad-para-la-exportacion-nghiep-xuan-vietnam\/\" \/>\n<meta property=\"og:site_name\" content=\"Nghiep Xuan - Importaci\u00f3n y Exportaci\u00f3n Agr\u00edcola\" \/>\n<meta property=\"article:publisher\" content=\"https:\/\/www.facebook.com\/nongsannghiepxuan\/\" \/>\n<meta property=\"og:image\" content=\"https:\/\/nghiepxuan.com\/wp-content\/uploads\/2026\/04\/JPEG-image-43E7-9EAF-44-0-scaled.jpeg\" \/>\n\t<meta property=\"og:image:width\" content=\"1920\" \/>\n\t<meta property=\"og:image:height\" content=\"2560\" \/>\n\t<meta property=\"og:image:type\" content=\"image\/jpeg\" \/>\n<meta name=\"twitter:card\" content=\"summary_large_image\" \/>\n<meta name=\"twitter:site\" content=\"@PhuTonBui\" \/>\n<meta name=\"twitter:label1\" content=\"Tiempo de lectura\" \/>\n\t<meta name=\"twitter:data1\" content=\"2 minutos\" \/>\n<script type=\"application\/ld+json\" class=\"yoast-schema-graph\">{\"@context\":\"https:\/\/schema.org\",\"@graph\":[{\"@type\":\"WebPage\",\"@id\":\"https:\/\/nghiepxuan.com\/es\/product\/hierba-limon-congelada-de-primera-calidad-calidad-para-la-exportacion-nghiep-xuan-vietnam\/\",\"url\":\"https:\/\/nghiepxuan.com\/es\/product\/hierba-limon-congelada-de-primera-calidad-calidad-para-la-exportacion-nghiep-xuan-vietnam\/\",\"name\":\"Hierba lim\u00f3n congelada de primera calidad - Calidad para la exportaci\u00f3n | Nghiep Xuan Vietnam - Nghiep Xuan - Importaci\u00f3n y Exportaci\u00f3n Agr\u00edcola\",\"isPartOf\":{\"@id\":\"https:\/\/nghiepxuan.com\/es\/#website\"},\"primaryImageOfPage\":{\"@id\":\"https:\/\/nghiepxuan.com\/es\/product\/hierba-limon-congelada-de-primera-calidad-calidad-para-la-exportacion-nghiep-xuan-vietnam\/#primaryimage\"},\"image\":{\"@id\":\"https:\/\/nghiepxuan.com\/es\/product\/hierba-limon-congelada-de-primera-calidad-calidad-para-la-exportacion-nghiep-xuan-vietnam\/#primaryimage\"},\"thumbnailUrl\":\"https:\/\/nghiepxuan.com\/wp-content\/uploads\/2026\/04\/JPEG-image-43E7-9EAF-44-0-scaled.jpeg\",\"datePublished\":\"2026-04-30T03:27:11+00:00\",\"description\":\"Hierba lim\u00f3n congelada de alta calidad procedente de Vietnam. Ideal para la elaboraci\u00f3n de alimentos y la venta al por mayor. Suministro fiable, precio competitivo. Pide presupuesto ahora.\",\"breadcrumb\":{\"@id\":\"https:\/\/nghiepxuan.com\/es\/product\/hierba-limon-congelada-de-primera-calidad-calidad-para-la-exportacion-nghiep-xuan-vietnam\/#breadcrumb\"},\"inLanguage\":\"es\",\"potentialAction\":[{\"@type\":\"ReadAction\",\"target\":[\"https:\/\/nghiepxuan.com\/es\/product\/hierba-limon-congelada-de-primera-calidad-calidad-para-la-exportacion-nghiep-xuan-vietnam\/\"]}]},{\"@type\":\"ImageObject\",\"inLanguage\":\"es\",\"@id\":\"https:\/\/nghiepxuan.com\/es\/product\/hierba-limon-congelada-de-primera-calidad-calidad-para-la-exportacion-nghiep-xuan-vietnam\/#primaryimage\",\"url\":\"https:\/\/nghiepxuan.com\/wp-content\/uploads\/2026\/04\/JPEG-image-43E7-9EAF-44-0-scaled.jpeg\",\"contentUrl\":\"https:\/\/nghiepxuan.com\/wp-content\/uploads\/2026\/04\/JPEG-image-43E7-9EAF-44-0-scaled.jpeg\",\"width\":1920,\"height\":2560,\"caption\":\"Frozen lemongrass\"},{\"@type\":\"BreadcrumbList\",\"@id\":\"https:\/\/nghiepxuan.com\/es\/product\/hierba-limon-congelada-de-primera-calidad-calidad-para-la-exportacion-nghiep-xuan-vietnam\/#breadcrumb\",\"itemListElement\":[{\"@type\":\"ListItem\",\"position\":1,\"name\":\"Home\",\"item\":\"https:\/\/nghiepxuan.com\/es\/\"},{\"@type\":\"ListItem\",\"position\":2,\"name\":\"Tienda\",\"item\":\"https:\/\/nghiepxuan.com\/es\/shop\/\"},{\"@type\":\"ListItem\",\"position\":3,\"name\":\"Hierba lim\u00f3n congelada de primera calidad &#8211; Calidad para la exportaci\u00f3n | Nghiep Xuan Vietnam\"}]},{\"@type\":\"WebSite\",\"@id\":\"https:\/\/nghiepxuan.com\/es\/#website\",\"url\":\"https:\/\/nghiepxuan.com\/es\/\",\"name\":\"Nghiep Xuan - Agricultural Import and Export\",\"description\":\"Nutriendo la naturaleza, cosechando salud: su destino de estilo de vida org\u00e1nico\",\"publisher\":{\"@id\":\"https:\/\/nghiepxuan.com\/es\/#organization\"},\"potentialAction\":[{\"@type\":\"SearchAction\",\"target\":{\"@type\":\"EntryPoint\",\"urlTemplate\":\"https:\/\/nghiepxuan.com\/es\/?s={search_term_string}\"},\"query-input\":{\"@type\":\"PropertyValueSpecification\",\"valueRequired\":true,\"valueName\":\"search_term_string\"}}],\"inLanguage\":\"es\"},{\"@type\":\"Organization\",\"@id\":\"https:\/\/nghiepxuan.com\/es\/#organization\",\"name\":\"Nghiep Xuan - Agricultural Import and Export\",\"url\":\"https:\/\/nghiepxuan.com\/es\/\",\"logo\":{\"@type\":\"ImageObject\",\"inLanguage\":\"es\",\"@id\":\"https:\/\/nghiepxuan.com\/es\/#\/schema\/logo\/image\/\",\"url\":\"https:\/\/nghiepxuan.com\/wp-content\/uploads\/2025\/04\/Nghiep-Xuan-Logo-4.png\",\"contentUrl\":\"https:\/\/nghiepxuan.com\/wp-content\/uploads\/2025\/04\/Nghiep-Xuan-Logo-4.png\",\"width\":4167,\"height\":1015,\"caption\":\"Nghiep Xuan - Agricultural Import and Export\"},\"image\":{\"@id\":\"https:\/\/nghiepxuan.com\/es\/#\/schema\/logo\/image\/\"},\"sameAs\":[\"https:\/\/www.facebook.com\/nongsannghiepxuan\/\",\"https:\/\/x.com\/PhuTonBui\",\"https:\/\/www.instagram.com\/xuatnhapkhaunghiepxuan\/\",\"https:\/\/www.youtube.com\/@nongsannghiepxuan2066\",\"https:\/\/www.tiktok.com\/@nghiepxuan\"]}]}<\/script>\n<!-- \/ Yoast SEO plugin. -->","yoast_head_json":{"title":"Hierba lim\u00f3n congelada de primera calidad - Calidad para la exportaci\u00f3n | Nghiep Xuan Vietnam - Nghiep Xuan - Importaci\u00f3n y Exportaci\u00f3n Agr\u00edcola","description":"Hierba lim\u00f3n congelada de alta calidad procedente de Vietnam. Ideal para la elaboraci\u00f3n de alimentos y la venta al por mayor. Suministro fiable, precio competitivo. Pide presupuesto ahora.","robots":{"index":"index","follow":"follow","max-snippet":"max-snippet:-1","max-image-preview":"max-image-preview:large","max-video-preview":"max-video-preview:-1"},"canonical":"https:\/\/nghiepxuan.com\/es\/product\/hierba-limon-congelada-de-primera-calidad-calidad-para-la-exportacion-nghiep-xuan-vietnam\/","og_locale":"es_ES","og_type":"article","og_title":"Hierba lim\u00f3n congelada de primera calidad - Calidad para la exportaci\u00f3n | Nghiep Xuan Vietnam - Nghiep Xuan - Importaci\u00f3n y Exportaci\u00f3n Agr\u00edcola","og_description":"Hierba lim\u00f3n congelada de alta calidad procedente de Vietnam. Ideal para la elaboraci\u00f3n de alimentos y la venta al por mayor. Suministro fiable, precio competitivo. Pide presupuesto ahora.","og_url":"https:\/\/nghiepxuan.com\/es\/product\/hierba-limon-congelada-de-primera-calidad-calidad-para-la-exportacion-nghiep-xuan-vietnam\/","og_site_name":"Nghiep Xuan - Importaci\u00f3n y Exportaci\u00f3n Agr\u00edcola","article_publisher":"https:\/\/www.facebook.com\/nongsannghiepxuan\/","og_image":[{"width":1920,"height":2560,"url":"https:\/\/nghiepxuan.com\/wp-content\/uploads\/2026\/04\/JPEG-image-43E7-9EAF-44-0-scaled.jpeg","type":"image\/jpeg"}],"twitter_card":"summary_large_image","twitter_site":"@PhuTonBui","twitter_misc":{"Tiempo de lectura":"2 minutos"},"schema":{"@context":"https:\/\/schema.org","@graph":[{"@type":"WebPage","@id":"https:\/\/nghiepxuan.com\/es\/product\/hierba-limon-congelada-de-primera-calidad-calidad-para-la-exportacion-nghiep-xuan-vietnam\/","url":"https:\/\/nghiepxuan.com\/es\/product\/hierba-limon-congelada-de-primera-calidad-calidad-para-la-exportacion-nghiep-xuan-vietnam\/","name":"Hierba lim\u00f3n congelada de primera calidad - Calidad para la exportaci\u00f3n | Nghiep Xuan Vietnam - Nghiep Xuan - Importaci\u00f3n y Exportaci\u00f3n Agr\u00edcola","isPartOf":{"@id":"https:\/\/nghiepxuan.com\/es\/#website"},"primaryImageOfPage":{"@id":"https:\/\/nghiepxuan.com\/es\/product\/hierba-limon-congelada-de-primera-calidad-calidad-para-la-exportacion-nghiep-xuan-vietnam\/#primaryimage"},"image":{"@id":"https:\/\/nghiepxuan.com\/es\/product\/hierba-limon-congelada-de-primera-calidad-calidad-para-la-exportacion-nghiep-xuan-vietnam\/#primaryimage"},"thumbnailUrl":"https:\/\/nghiepxuan.com\/wp-content\/uploads\/2026\/04\/JPEG-image-43E7-9EAF-44-0-scaled.jpeg","datePublished":"2026-04-30T03:27:11+00:00","description":"Hierba lim\u00f3n congelada de alta calidad procedente de Vietnam. Ideal para la elaboraci\u00f3n de alimentos y la venta al por mayor. Suministro fiable, precio competitivo. Pide presupuesto ahora.","breadcrumb":{"@id":"https:\/\/nghiepxuan.com\/es\/product\/hierba-limon-congelada-de-primera-calidad-calidad-para-la-exportacion-nghiep-xuan-vietnam\/#breadcrumb"},"inLanguage":"es","potentialAction":[{"@type":"ReadAction","target":["https:\/\/nghiepxuan.com\/es\/product\/hierba-limon-congelada-de-primera-calidad-calidad-para-la-exportacion-nghiep-xuan-vietnam\/"]}]},{"@type":"ImageObject","inLanguage":"es","@id":"https:\/\/nghiepxuan.com\/es\/product\/hierba-limon-congelada-de-primera-calidad-calidad-para-la-exportacion-nghiep-xuan-vietnam\/#primaryimage","url":"https:\/\/nghiepxuan.com\/wp-content\/uploads\/2026\/04\/JPEG-image-43E7-9EAF-44-0-scaled.jpeg","contentUrl":"https:\/\/nghiepxuan.com\/wp-content\/uploads\/2026\/04\/JPEG-image-43E7-9EAF-44-0-scaled.jpeg","width":1920,"height":2560,"caption":"Frozen lemongrass"},{"@type":"BreadcrumbList","@id":"https:\/\/nghiepxuan.com\/es\/product\/hierba-limon-congelada-de-primera-calidad-calidad-para-la-exportacion-nghiep-xuan-vietnam\/#breadcrumb","itemListElement":[{"@type":"ListItem","position":1,"name":"Home","item":"https:\/\/nghiepxuan.com\/es\/"},{"@type":"ListItem","position":2,"name":"Tienda","item":"https:\/\/nghiepxuan.com\/es\/shop\/"},{"@type":"ListItem","position":3,"name":"Hierba lim\u00f3n congelada de primera calidad &#8211; Calidad para la exportaci\u00f3n | Nghiep Xuan Vietnam"}]},{"@type":"WebSite","@id":"https:\/\/nghiepxuan.com\/es\/#website","url":"https:\/\/nghiepxuan.com\/es\/","name":"Nghiep Xuan - Agricultural Import and Export","description":"Nutriendo la naturaleza, cosechando salud: su destino de estilo de vida org\u00e1nico","publisher":{"@id":"https:\/\/nghiepxuan.com\/es\/#organization"},"potentialAction":[{"@type":"SearchAction","target":{"@type":"EntryPoint","urlTemplate":"https:\/\/nghiepxuan.com\/es\/?s={search_term_string}"},"query-input":{"@type":"PropertyValueSpecification","valueRequired":true,"valueName":"search_term_string"}}],"inLanguage":"es"},{"@type":"Organization","@id":"https:\/\/nghiepxuan.com\/es\/#organization","name":"Nghiep Xuan - Agricultural Import and Export","url":"https:\/\/nghiepxuan.com\/es\/","logo":{"@type":"ImageObject","inLanguage":"es","@id":"https:\/\/nghiepxuan.com\/es\/#\/schema\/logo\/image\/","url":"https:\/\/nghiepxuan.com\/wp-content\/uploads\/2025\/04\/Nghiep-Xuan-Logo-4.png","contentUrl":"https:\/\/nghiepxuan.com\/wp-content\/uploads\/2025\/04\/Nghiep-Xuan-Logo-4.png","width":4167,"height":1015,"caption":"Nghiep Xuan - Agricultural Import and Export"},"image":{"@id":"https:\/\/nghiepxuan.com\/es\/#\/schema\/logo\/image\/"},"sameAs":["https:\/\/www.facebook.com\/nongsannghiepxuan\/","https:\/\/x.com\/PhuTonBui","https:\/\/www.instagram.com\/xuatnhapkhaunghiepxuan\/","https:\/\/www.youtube.com\/@nongsannghiepxuan2066","https:\/\/www.tiktok.com\/@nghiepxuan"]}]}},"_links":{"self":[{"href":"https:\/\/nghiepxuan.com\/es\/wp-json\/wp\/v2\/product\/9866","targetHints":{"allow":["GET"]}}],"collection":[{"href":"https:\/\/nghiepxuan.com\/es\/wp-json\/wp\/v2\/product"}],"about":[{"href":"https:\/\/nghiepxuan.com\/es\/wp-json\/wp\/v2\/types\/product"}],"replies":[{"embeddable":true,"href":"https:\/\/nghiepxuan.com\/es\/wp-json\/wp\/v2\/comments?post=9866"}],"version-history":[{"count":0,"href":"https:\/\/nghiepxuan.com\/es\/wp-json\/wp\/v2\/product\/9866\/revisions"}],"wp:featuredmedia":[{"embeddable":true,"href":"https:\/\/nghiepxuan.com\/es\/wp-json\/wp\/v2\/media\/9846"}],"wp:attachment":[{"href":"https:\/\/nghiepxuan.com\/es\/wp-json\/wp\/v2\/media?parent=9866"}],"wp:term":[{"taxonomy":"product_brand","embeddable":true,"href":"https:\/\/nghiepxuan.com\/es\/wp-json\/wp\/v2\/product_brand?post=9866"},{"taxonomy":"product_cat","embeddable":true,"href":"https:\/\/nghiepxuan.com\/es\/wp-json\/wp\/v2\/product_cat?post=9866"},{"taxonomy":"product_tag","embeddable":true,"href":"https:\/\/nghiepxuan.com\/es\/wp-json\/wp\/v2\/product_tag?post=9866"}],"curies":[{"name":"wp","href":"https:\/\/api.w.org\/{rel}","templated":true}]}}