{"id":8882,"date":"2025-04-12T02:45:19","date_gmt":"2025-04-12T02:45:19","guid":{"rendered":"https:\/\/nghiepxuan.com\/product\/pure-de-durian-congelado-premium-100-natural-y-rico-sabor\/"},"modified":"2025-04-12T02:45:19","modified_gmt":"2025-04-12T02:45:19","slug":"pure-de-durian-congelado-premium-100-natural-y-rico-sabor","status":"publish","type":"product","link":"https:\/\/nghiepxuan.com\/es\/product\/pure-de-durian-congelado-premium-100-natural-y-rico-sabor\/","title":{"rendered":"Pur\u00e9 de Duri\u00e1n Congelado Premium &#8211; 100% Natural y Rico Sabor"},"content":{"rendered":"<p class=\"\" data-start=\"211\" data-end=\"263\"><strong data-start=\"211\" data-end=\"263\">\u00a1Experimenta el Rey de las Frutas como nunca antes!<\/strong><\/p>\n<p class=\"\" data-start=\"265\" data-end=\"572\">Nuestro <strong data-start=\"269\" data-end=\"292\">pur\u00e9 congelado<\/strong> de <strong data-start=\"269\" data-end=\"292\">durian<\/strong> est\u00e1 hecho con <strong data-start=\"306\" data-end=\"334\">durianes 100% frescos y maduros<\/strong>, cuidadosamente seleccionados y procesados para conservar su <strong data-start=\"387\" data-end=\"426\">sabor aut\u00e9ntico y su textura cremosa<\/strong>. Congelado r\u00e1pidamente en su punto \u00f3ptimo de maduraci\u00f3n, este pur\u00e9 captura el aroma y la riqueza \u00fanicos del duri\u00e1n, por lo que es perfecto para una amplia gama de usos culinarios. <\/p>\n<p class=\"\" data-start=\"574\" data-end=\"759\">\u2705 <strong data-start=\"576\" data-end=\"609\">Sin aditivos ni conservantes<\/strong><br data-start=\"609\" data-end=\"612\">\u2705 <strong data-start=\"614\" data-end=\"630\">Listo para usar<\/strong><br data-start=\"630\" data-end=\"633\">\u2705 <strong data-start=\"635\" data-end=\"707\">Perfectos para postres, batidos, helados, reposter\u00eda y bebidas<\/strong><br data-start=\"707\" data-end=\"710\">\u2705 <strong data-start=\"712\" data-end=\"759\">Repletos de nutrientes y dulzor natural<\/strong><\/p>\n<p class=\"\" data-start=\"761\" data-end=\"889\">Tanto si eres un amante del durian como un chef profesional, nuestro Pur\u00e9 Congelado de Durian es tu ingrediente de inspiraci\u00f3n tropical.<\/p>\n","protected":false},"excerpt":{"rendered":"<p>Delicioso y cremoso <strong data-start=\"158\" data-end=\"181\">Pur\u00e9 Congelado de Dur<\/strong> i\u00e1n elaborado con duri\u00e1n 100% maduro. Perfecto para postres, batidos y recetas de reposter\u00eda. Sin aditivos, totalmente natural y listo para usar. \u00a1Disfruta del aut\u00e9ntico sabor de la fruta tropical en cualquier momento!   <\/p>\n","protected":false},"featured_media":8852,"comment_status":"open","ping_status":"closed","template":"","meta":{"content-type":""},"product_brand":[],"product_cat":[424],"product_tag":[],"class_list":{"0":"post-8882","1":"product","2":"type-product","3":"status-publish","4":"has-post-thumbnail","6":"product_cat-frozen-es","8":"first","9":"instock","10":"sale","11":"shipping-taxable","12":"purchasable","13":"product-type-variable","14":"has-default-attributes"},"yoast_head":"<!-- This site is optimized with the Yoast SEO plugin v26.9 - https:\/\/yoast.com\/product\/yoast-seo-wordpress\/ -->\n<title>Pur\u00e9 de Duri\u00e1n Congelado Premium - 100% Natural y Rico Sabor - Nghiep Xuan - Importaci\u00f3n y Exportaci\u00f3n Agr\u00edcola<\/title>\n<meta name=\"robots\" content=\"index, follow, max-snippet:-1, max-image-preview:large, max-video-preview:-1\" \/>\n<link rel=\"canonical\" href=\"https:\/\/nghiepxuan.com\/es\/product\/pure-de-durian-congelado-premium-100-natural-y-rico-sabor\/\" \/>\n<meta property=\"og:locale\" content=\"es_ES\" \/>\n<meta property=\"og:type\" content=\"article\" \/>\n<meta property=\"og:title\" content=\"Pur\u00e9 de Duri\u00e1n Congelado Premium - 100% Natural y Rico Sabor - Nghiep Xuan - Importaci\u00f3n y Exportaci\u00f3n Agr\u00edcola\" \/>\n<meta property=\"og:description\" content=\"Delicioso y cremoso Pur\u00e9 Congelado de Dur i\u00e1n elaborado con duri\u00e1n 100% maduro. Perfecto para postres, batidos y recetas de reposter\u00eda. Sin aditivos, totalmente natural y listo para usar. \u00a1Disfruta del aut\u00e9ntico sabor de la fruta tropical en cualquier momento!\" \/>\n<meta property=\"og:url\" content=\"https:\/\/nghiepxuan.com\/es\/product\/pure-de-durian-congelado-premium-100-natural-y-rico-sabor\/\" \/>\n<meta property=\"og:site_name\" content=\"Nghiep Xuan - Importaci\u00f3n y Exportaci\u00f3n Agr\u00edcola\" \/>\n<meta property=\"article:publisher\" content=\"https:\/\/www.facebook.com\/nongsannghiepxuan\/\" \/>\n<meta property=\"og:image\" content=\"https:\/\/nghiepxuan.com\/wp-content\/uploads\/2025\/04\/Frozen-durian-puree-2-Nghiep-Xuan.jpg\" \/>\n\t<meta property=\"og:image:width\" content=\"1000\" \/>\n\t<meta property=\"og:image:height\" content=\"800\" \/>\n\t<meta property=\"og:image:type\" content=\"image\/jpeg\" \/>\n<meta name=\"twitter:card\" content=\"summary_large_image\" \/>\n<meta name=\"twitter:site\" content=\"@PhuTonBui\" \/>\n<meta name=\"twitter:label1\" content=\"Tiempo de lectura\" \/>\n\t<meta name=\"twitter:data1\" content=\"1 minuto\" \/>\n<script type=\"application\/ld+json\" class=\"yoast-schema-graph\">{\"@context\":\"https:\/\/schema.org\",\"@graph\":[{\"@type\":\"WebPage\",\"@id\":\"https:\/\/nghiepxuan.com\/es\/product\/pure-de-durian-congelado-premium-100-natural-y-rico-sabor\/\",\"url\":\"https:\/\/nghiepxuan.com\/es\/product\/pure-de-durian-congelado-premium-100-natural-y-rico-sabor\/\",\"name\":\"Pur\u00e9 de Duri\u00e1n Congelado Premium - 100% Natural y Rico Sabor - Nghiep Xuan - Importaci\u00f3n y Exportaci\u00f3n Agr\u00edcola\",\"isPartOf\":{\"@id\":\"https:\/\/nghiepxuan.com\/es\/#website\"},\"primaryImageOfPage\":{\"@id\":\"https:\/\/nghiepxuan.com\/es\/product\/pure-de-durian-congelado-premium-100-natural-y-rico-sabor\/#primaryimage\"},\"image\":{\"@id\":\"https:\/\/nghiepxuan.com\/es\/product\/pure-de-durian-congelado-premium-100-natural-y-rico-sabor\/#primaryimage\"},\"thumbnailUrl\":\"https:\/\/nghiepxuan.com\/wp-content\/uploads\/2025\/04\/Frozen-durian-puree-2-Nghiep-Xuan.jpg\",\"datePublished\":\"2025-04-12T02:45:19+00:00\",\"breadcrumb\":{\"@id\":\"https:\/\/nghiepxuan.com\/es\/product\/pure-de-durian-congelado-premium-100-natural-y-rico-sabor\/#breadcrumb\"},\"inLanguage\":\"es\",\"potentialAction\":[{\"@type\":\"ReadAction\",\"target\":[\"https:\/\/nghiepxuan.com\/es\/product\/pure-de-durian-congelado-premium-100-natural-y-rico-sabor\/\"]}]},{\"@type\":\"ImageObject\",\"inLanguage\":\"es\",\"@id\":\"https:\/\/nghiepxuan.com\/es\/product\/pure-de-durian-congelado-premium-100-natural-y-rico-sabor\/#primaryimage\",\"url\":\"https:\/\/nghiepxuan.com\/wp-content\/uploads\/2025\/04\/Frozen-durian-puree-2-Nghiep-Xuan.jpg\",\"contentUrl\":\"https:\/\/nghiepxuan.com\/wp-content\/uploads\/2025\/04\/Frozen-durian-puree-2-Nghiep-Xuan.jpg\",\"width\":1000,\"height\":800},{\"@type\":\"BreadcrumbList\",\"@id\":\"https:\/\/nghiepxuan.com\/es\/product\/pure-de-durian-congelado-premium-100-natural-y-rico-sabor\/#breadcrumb\",\"itemListElement\":[{\"@type\":\"ListItem\",\"position\":1,\"name\":\"Home\",\"item\":\"https:\/\/nghiepxuan.com\/es\/\"},{\"@type\":\"ListItem\",\"position\":2,\"name\":\"Tienda\",\"item\":\"https:\/\/nghiepxuan.com\/es\/shop\/\"},{\"@type\":\"ListItem\",\"position\":3,\"name\":\"Pur\u00e9 de Duri\u00e1n Congelado Premium &#8211; 100% Natural y Rico Sabor\"}]},{\"@type\":\"WebSite\",\"@id\":\"https:\/\/nghiepxuan.com\/es\/#website\",\"url\":\"https:\/\/nghiepxuan.com\/es\/\",\"name\":\"Nghiep Xuan - Agricultural Import and Export\",\"description\":\"Nutriendo la naturaleza, cosechando salud: su destino de estilo de vida org\u00e1nico\",\"publisher\":{\"@id\":\"https:\/\/nghiepxuan.com\/es\/#organization\"},\"potentialAction\":[{\"@type\":\"SearchAction\",\"target\":{\"@type\":\"EntryPoint\",\"urlTemplate\":\"https:\/\/nghiepxuan.com\/es\/?s={search_term_string}\"},\"query-input\":{\"@type\":\"PropertyValueSpecification\",\"valueRequired\":true,\"valueName\":\"search_term_string\"}}],\"inLanguage\":\"es\"},{\"@type\":\"Organization\",\"@id\":\"https:\/\/nghiepxuan.com\/es\/#organization\",\"name\":\"Nghiep Xuan - Agricultural Import and Export\",\"url\":\"https:\/\/nghiepxuan.com\/es\/\",\"logo\":{\"@type\":\"ImageObject\",\"inLanguage\":\"es\",\"@id\":\"https:\/\/nghiepxuan.com\/es\/#\/schema\/logo\/image\/\",\"url\":\"https:\/\/nghiepxuan.com\/wp-content\/uploads\/2025\/04\/Nghiep-Xuan-Logo-4.png\",\"contentUrl\":\"https:\/\/nghiepxuan.com\/wp-content\/uploads\/2025\/04\/Nghiep-Xuan-Logo-4.png\",\"width\":4167,\"height\":1015,\"caption\":\"Nghiep Xuan - Agricultural Import and Export\"},\"image\":{\"@id\":\"https:\/\/nghiepxuan.com\/es\/#\/schema\/logo\/image\/\"},\"sameAs\":[\"https:\/\/www.facebook.com\/nongsannghiepxuan\/\",\"https:\/\/x.com\/PhuTonBui\",\"https:\/\/www.instagram.com\/xuatnhapkhaunghiepxuan\/\",\"https:\/\/www.youtube.com\/@nongsannghiepxuan2066\",\"https:\/\/www.tiktok.com\/@nghiepxuan\"]}]}<\/script>\n<!-- \/ Yoast SEO plugin. -->","yoast_head_json":{"title":"Pur\u00e9 de Duri\u00e1n Congelado Premium - 100% Natural y Rico Sabor - Nghiep Xuan - Importaci\u00f3n y Exportaci\u00f3n Agr\u00edcola","robots":{"index":"index","follow":"follow","max-snippet":"max-snippet:-1","max-image-preview":"max-image-preview:large","max-video-preview":"max-video-preview:-1"},"canonical":"https:\/\/nghiepxuan.com\/es\/product\/pure-de-durian-congelado-premium-100-natural-y-rico-sabor\/","og_locale":"es_ES","og_type":"article","og_title":"Pur\u00e9 de Duri\u00e1n Congelado Premium - 100% Natural y Rico Sabor - Nghiep Xuan - Importaci\u00f3n y Exportaci\u00f3n Agr\u00edcola","og_description":"Delicioso y cremoso Pur\u00e9 Congelado de Dur i\u00e1n elaborado con duri\u00e1n 100% maduro. Perfecto para postres, batidos y recetas de reposter\u00eda. Sin aditivos, totalmente natural y listo para usar. \u00a1Disfruta del aut\u00e9ntico sabor de la fruta tropical en cualquier momento!","og_url":"https:\/\/nghiepxuan.com\/es\/product\/pure-de-durian-congelado-premium-100-natural-y-rico-sabor\/","og_site_name":"Nghiep Xuan - Importaci\u00f3n y Exportaci\u00f3n Agr\u00edcola","article_publisher":"https:\/\/www.facebook.com\/nongsannghiepxuan\/","og_image":[{"width":1000,"height":800,"url":"https:\/\/nghiepxuan.com\/wp-content\/uploads\/2025\/04\/Frozen-durian-puree-2-Nghiep-Xuan.jpg","type":"image\/jpeg"}],"twitter_card":"summary_large_image","twitter_site":"@PhuTonBui","twitter_misc":{"Tiempo de lectura":"1 minuto"},"schema":{"@context":"https:\/\/schema.org","@graph":[{"@type":"WebPage","@id":"https:\/\/nghiepxuan.com\/es\/product\/pure-de-durian-congelado-premium-100-natural-y-rico-sabor\/","url":"https:\/\/nghiepxuan.com\/es\/product\/pure-de-durian-congelado-premium-100-natural-y-rico-sabor\/","name":"Pur\u00e9 de Duri\u00e1n Congelado Premium - 100% Natural y Rico Sabor - Nghiep Xuan - Importaci\u00f3n y Exportaci\u00f3n Agr\u00edcola","isPartOf":{"@id":"https:\/\/nghiepxuan.com\/es\/#website"},"primaryImageOfPage":{"@id":"https:\/\/nghiepxuan.com\/es\/product\/pure-de-durian-congelado-premium-100-natural-y-rico-sabor\/#primaryimage"},"image":{"@id":"https:\/\/nghiepxuan.com\/es\/product\/pure-de-durian-congelado-premium-100-natural-y-rico-sabor\/#primaryimage"},"thumbnailUrl":"https:\/\/nghiepxuan.com\/wp-content\/uploads\/2025\/04\/Frozen-durian-puree-2-Nghiep-Xuan.jpg","datePublished":"2025-04-12T02:45:19+00:00","breadcrumb":{"@id":"https:\/\/nghiepxuan.com\/es\/product\/pure-de-durian-congelado-premium-100-natural-y-rico-sabor\/#breadcrumb"},"inLanguage":"es","potentialAction":[{"@type":"ReadAction","target":["https:\/\/nghiepxuan.com\/es\/product\/pure-de-durian-congelado-premium-100-natural-y-rico-sabor\/"]}]},{"@type":"ImageObject","inLanguage":"es","@id":"https:\/\/nghiepxuan.com\/es\/product\/pure-de-durian-congelado-premium-100-natural-y-rico-sabor\/#primaryimage","url":"https:\/\/nghiepxuan.com\/wp-content\/uploads\/2025\/04\/Frozen-durian-puree-2-Nghiep-Xuan.jpg","contentUrl":"https:\/\/nghiepxuan.com\/wp-content\/uploads\/2025\/04\/Frozen-durian-puree-2-Nghiep-Xuan.jpg","width":1000,"height":800},{"@type":"BreadcrumbList","@id":"https:\/\/nghiepxuan.com\/es\/product\/pure-de-durian-congelado-premium-100-natural-y-rico-sabor\/#breadcrumb","itemListElement":[{"@type":"ListItem","position":1,"name":"Home","item":"https:\/\/nghiepxuan.com\/es\/"},{"@type":"ListItem","position":2,"name":"Tienda","item":"https:\/\/nghiepxuan.com\/es\/shop\/"},{"@type":"ListItem","position":3,"name":"Pur\u00e9 de Duri\u00e1n Congelado Premium &#8211; 100% Natural y Rico Sabor"}]},{"@type":"WebSite","@id":"https:\/\/nghiepxuan.com\/es\/#website","url":"https:\/\/nghiepxuan.com\/es\/","name":"Nghiep Xuan - Agricultural Import and Export","description":"Nutriendo la naturaleza, cosechando salud: su destino de estilo de vida org\u00e1nico","publisher":{"@id":"https:\/\/nghiepxuan.com\/es\/#organization"},"potentialAction":[{"@type":"SearchAction","target":{"@type":"EntryPoint","urlTemplate":"https:\/\/nghiepxuan.com\/es\/?s={search_term_string}"},"query-input":{"@type":"PropertyValueSpecification","valueRequired":true,"valueName":"search_term_string"}}],"inLanguage":"es"},{"@type":"Organization","@id":"https:\/\/nghiepxuan.com\/es\/#organization","name":"Nghiep Xuan - Agricultural Import and Export","url":"https:\/\/nghiepxuan.com\/es\/","logo":{"@type":"ImageObject","inLanguage":"es","@id":"https:\/\/nghiepxuan.com\/es\/#\/schema\/logo\/image\/","url":"https:\/\/nghiepxuan.com\/wp-content\/uploads\/2025\/04\/Nghiep-Xuan-Logo-4.png","contentUrl":"https:\/\/nghiepxuan.com\/wp-content\/uploads\/2025\/04\/Nghiep-Xuan-Logo-4.png","width":4167,"height":1015,"caption":"Nghiep Xuan - Agricultural Import and Export"},"image":{"@id":"https:\/\/nghiepxuan.com\/es\/#\/schema\/logo\/image\/"},"sameAs":["https:\/\/www.facebook.com\/nongsannghiepxuan\/","https:\/\/x.com\/PhuTonBui","https:\/\/www.instagram.com\/xuatnhapkhaunghiepxuan\/","https:\/\/www.youtube.com\/@nongsannghiepxuan2066","https:\/\/www.tiktok.com\/@nghiepxuan"]}]}},"_links":{"self":[{"href":"https:\/\/nghiepxuan.com\/es\/wp-json\/wp\/v2\/product\/8882","targetHints":{"allow":["GET"]}}],"collection":[{"href":"https:\/\/nghiepxuan.com\/es\/wp-json\/wp\/v2\/product"}],"about":[{"href":"https:\/\/nghiepxuan.com\/es\/wp-json\/wp\/v2\/types\/product"}],"replies":[{"embeddable":true,"href":"https:\/\/nghiepxuan.com\/es\/wp-json\/wp\/v2\/comments?post=8882"}],"version-history":[{"count":0,"href":"https:\/\/nghiepxuan.com\/es\/wp-json\/wp\/v2\/product\/8882\/revisions"}],"wp:featuredmedia":[{"embeddable":true,"href":"https:\/\/nghiepxuan.com\/es\/wp-json\/wp\/v2\/media\/8852"}],"wp:attachment":[{"href":"https:\/\/nghiepxuan.com\/es\/wp-json\/wp\/v2\/media?parent=8882"}],"wp:term":[{"taxonomy":"product_brand","embeddable":true,"href":"https:\/\/nghiepxuan.com\/es\/wp-json\/wp\/v2\/product_brand?post=8882"},{"taxonomy":"product_cat","embeddable":true,"href":"https:\/\/nghiepxuan.com\/es\/wp-json\/wp\/v2\/product_cat?post=8882"},{"taxonomy":"product_tag","embeddable":true,"href":"https:\/\/nghiepxuan.com\/es\/wp-json\/wp\/v2\/product_tag?post=8882"}],"curies":[{"name":"wp","href":"https:\/\/api.w.org\/{rel}","templated":true}]}}