{"id":8642,"date":"2025-04-12T01:44:42","date_gmt":"2025-04-12T01:44:42","guid":{"rendered":"https:\/\/nghiepxuan.com\/product\/yuca-congelada-premium-lista-para-cocinar\/"},"modified":"2025-04-12T01:44:42","modified_gmt":"2025-04-12T01:44:42","slug":"yuca-congelada-premium-lista-para-cocinar","status":"publish","type":"product","link":"https:\/\/nghiepxuan.com\/es\/product\/yuca-congelada-premium-lista-para-cocinar\/","title":{"rendered":"Yuca Congelada Premium &#8211; Lista para Cocinar"},"content":{"rendered":"<p class=\"\" data-start=\"188\" data-end=\"448\">Disfruta del aut\u00e9ntico sabor de la naturaleza con nuestra <strong data-start=\"263\" data-end=\"289\">Yuca Congelada Premium<\/strong>. Seleccionada cuidadosamente a partir de las mejores ra\u00edces, nuestra yuca se pela, se lava y se congela r\u00e1pidamente para conservar su frescura, sabor y valor nutritivo naturales. <\/p>\n<p class=\"\" data-start=\"450\" data-end=\"714\">Ideal para hervir, fre\u00edr u hornear, este vers\u00e1til ingrediente es perfecto tanto para platos tradicionales como modernos. Tanto si preparas patatas fritas, pasteles o sopas de yuca, nuestra yuca congelada hace que cocinar sea m\u00e1s f\u00e1cil y c\u00f3modo sin comprometer la calidad. <\/p>\n<p class=\"\" data-start=\"716\" data-end=\"860\"><strong data-start=\"716\" data-end=\"734\">\u2705 100% Natural<\/strong><br data-start=\"734\" data-end=\"737\"><strong data-start=\"737\" data-end=\"772\">\u2705 Sin conservantes ni aditivos<\/strong><br data-start=\"772\" data-end=\"775\"><strong data-start=\"775\" data-end=\"818\">\u2705 Sin gluten y rico en hidratos de carbono<\/strong><br data-start=\"818\" data-end=\"821\"><strong data-start=\"821\" data-end=\"860\">\u2705 F\u00e1cil de cocinar: s\u00f3lo tienes que hervir o cocer al vapor<\/strong><\/p>\n<p class=\"\" data-start=\"862\" data-end=\"994\"><strong data-start=\"862\" data-end=\"876\">Envasado:<\/strong> Sellado al vac\u00edo para mantener la frescura<br data-start=\"912\" data-end=\"915\"><strong data-start=\"966\" data-end=\"981\">Caducidad:<\/strong> 12-18 meses<\/p>\n","protected":false},"excerpt":{"rendered":"<p class=\"\" data-start=\"120\" data-end=\"351\">Yuca congelada de alta calidad, reci\u00e9n pelada y ultracongelada para conservar el sabor y los nutrientes naturales. Perfecta para hervir, fre\u00edr u hornear. 100% natural, sin gluten y sin conservantes.  <\/p>\n","protected":false},"featured_media":8607,"comment_status":"open","ping_status":"closed","template":"","meta":{"content-type":""},"product_brand":[],"product_cat":[424],"product_tag":[],"class_list":{"0":"post-8642","1":"product","2":"type-product","3":"status-publish","4":"has-post-thumbnail","6":"product_cat-frozen-es","8":"first","9":"instock","10":"sale","11":"shipping-taxable","12":"purchasable","13":"product-type-variable","14":"has-default-attributes"},"yoast_head":"<!-- This site is optimized with the Yoast SEO plugin v26.9 - https:\/\/yoast.com\/product\/yoast-seo-wordpress\/ -->\n<title>Yuca Congelada Premium - Lista para Cocinar - Nghiep Xuan - Importaci\u00f3n y Exportaci\u00f3n Agr\u00edcola<\/title>\n<meta name=\"robots\" content=\"index, follow, max-snippet:-1, max-image-preview:large, max-video-preview:-1\" \/>\n<link rel=\"canonical\" href=\"https:\/\/nghiepxuan.com\/es\/product\/yuca-congelada-premium-lista-para-cocinar\/\" \/>\n<meta property=\"og:locale\" content=\"es_ES\" \/>\n<meta property=\"og:type\" content=\"article\" \/>\n<meta property=\"og:title\" content=\"Yuca Congelada Premium - Lista para Cocinar - Nghiep Xuan - Importaci\u00f3n y Exportaci\u00f3n Agr\u00edcola\" \/>\n<meta property=\"og:description\" content=\"Yuca congelada de alta calidad, reci\u00e9n pelada y ultracongelada para conservar el sabor y los nutrientes naturales. Perfecta para hervir, fre\u00edr u hornear. 100% natural, sin gluten y sin conservantes.\" \/>\n<meta property=\"og:url\" content=\"https:\/\/nghiepxuan.com\/es\/product\/yuca-congelada-premium-lista-para-cocinar\/\" \/>\n<meta property=\"og:site_name\" content=\"Nghiep Xuan - Importaci\u00f3n y Exportaci\u00f3n Agr\u00edcola\" \/>\n<meta property=\"article:publisher\" content=\"https:\/\/www.facebook.com\/nongsannghiepxuan\/\" \/>\n<meta property=\"og:image\" content=\"https:\/\/nghiepxuan.com\/wp-content\/uploads\/2025\/04\/Frozen-Cassava-2-Nghiep-Xuan.jpg\" \/>\n\t<meta property=\"og:image:width\" content=\"1024\" \/>\n\t<meta property=\"og:image:height\" content=\"768\" \/>\n\t<meta property=\"og:image:type\" content=\"image\/jpeg\" \/>\n<meta name=\"twitter:card\" content=\"summary_large_image\" \/>\n<meta name=\"twitter:site\" content=\"@PhuTonBui\" \/>\n<meta name=\"twitter:label1\" content=\"Tiempo de lectura\" \/>\n\t<meta name=\"twitter:data1\" content=\"1 minuto\" \/>\n<script type=\"application\/ld+json\" class=\"yoast-schema-graph\">{\"@context\":\"https:\/\/schema.org\",\"@graph\":[{\"@type\":\"WebPage\",\"@id\":\"https:\/\/nghiepxuan.com\/es\/product\/yuca-congelada-premium-lista-para-cocinar\/\",\"url\":\"https:\/\/nghiepxuan.com\/es\/product\/yuca-congelada-premium-lista-para-cocinar\/\",\"name\":\"Yuca Congelada Premium - Lista para Cocinar - Nghiep Xuan - Importaci\u00f3n y Exportaci\u00f3n Agr\u00edcola\",\"isPartOf\":{\"@id\":\"https:\/\/nghiepxuan.com\/es\/#website\"},\"primaryImageOfPage\":{\"@id\":\"https:\/\/nghiepxuan.com\/es\/product\/yuca-congelada-premium-lista-para-cocinar\/#primaryimage\"},\"image\":{\"@id\":\"https:\/\/nghiepxuan.com\/es\/product\/yuca-congelada-premium-lista-para-cocinar\/#primaryimage\"},\"thumbnailUrl\":\"https:\/\/nghiepxuan.com\/wp-content\/uploads\/2025\/04\/Frozen-Cassava-2-Nghiep-Xuan.jpg\",\"datePublished\":\"2025-04-12T01:44:42+00:00\",\"breadcrumb\":{\"@id\":\"https:\/\/nghiepxuan.com\/es\/product\/yuca-congelada-premium-lista-para-cocinar\/#breadcrumb\"},\"inLanguage\":\"es\",\"potentialAction\":[{\"@type\":\"ReadAction\",\"target\":[\"https:\/\/nghiepxuan.com\/es\/product\/yuca-congelada-premium-lista-para-cocinar\/\"]}]},{\"@type\":\"ImageObject\",\"inLanguage\":\"es\",\"@id\":\"https:\/\/nghiepxuan.com\/es\/product\/yuca-congelada-premium-lista-para-cocinar\/#primaryimage\",\"url\":\"https:\/\/nghiepxuan.com\/wp-content\/uploads\/2025\/04\/Frozen-Cassava-2-Nghiep-Xuan.jpg\",\"contentUrl\":\"https:\/\/nghiepxuan.com\/wp-content\/uploads\/2025\/04\/Frozen-Cassava-2-Nghiep-Xuan.jpg\",\"width\":1024,\"height\":768},{\"@type\":\"BreadcrumbList\",\"@id\":\"https:\/\/nghiepxuan.com\/es\/product\/yuca-congelada-premium-lista-para-cocinar\/#breadcrumb\",\"itemListElement\":[{\"@type\":\"ListItem\",\"position\":1,\"name\":\"Home\",\"item\":\"https:\/\/nghiepxuan.com\/es\/\"},{\"@type\":\"ListItem\",\"position\":2,\"name\":\"Tienda\",\"item\":\"https:\/\/nghiepxuan.com\/es\/shop\/\"},{\"@type\":\"ListItem\",\"position\":3,\"name\":\"Yuca Congelada Premium &#8211; Lista para Cocinar\"}]},{\"@type\":\"WebSite\",\"@id\":\"https:\/\/nghiepxuan.com\/es\/#website\",\"url\":\"https:\/\/nghiepxuan.com\/es\/\",\"name\":\"Nghiep Xuan - Agricultural Import and Export\",\"description\":\"Nutriendo la naturaleza, cosechando salud: su destino de estilo de vida org\u00e1nico\",\"publisher\":{\"@id\":\"https:\/\/nghiepxuan.com\/es\/#organization\"},\"potentialAction\":[{\"@type\":\"SearchAction\",\"target\":{\"@type\":\"EntryPoint\",\"urlTemplate\":\"https:\/\/nghiepxuan.com\/es\/?s={search_term_string}\"},\"query-input\":{\"@type\":\"PropertyValueSpecification\",\"valueRequired\":true,\"valueName\":\"search_term_string\"}}],\"inLanguage\":\"es\"},{\"@type\":\"Organization\",\"@id\":\"https:\/\/nghiepxuan.com\/es\/#organization\",\"name\":\"Nghiep Xuan - Agricultural Import and Export\",\"url\":\"https:\/\/nghiepxuan.com\/es\/\",\"logo\":{\"@type\":\"ImageObject\",\"inLanguage\":\"es\",\"@id\":\"https:\/\/nghiepxuan.com\/es\/#\/schema\/logo\/image\/\",\"url\":\"https:\/\/nghiepxuan.com\/wp-content\/uploads\/2025\/04\/Nghiep-Xuan-Logo-4.png\",\"contentUrl\":\"https:\/\/nghiepxuan.com\/wp-content\/uploads\/2025\/04\/Nghiep-Xuan-Logo-4.png\",\"width\":4167,\"height\":1015,\"caption\":\"Nghiep Xuan - Agricultural Import and Export\"},\"image\":{\"@id\":\"https:\/\/nghiepxuan.com\/es\/#\/schema\/logo\/image\/\"},\"sameAs\":[\"https:\/\/www.facebook.com\/nongsannghiepxuan\/\",\"https:\/\/x.com\/PhuTonBui\",\"https:\/\/www.instagram.com\/xuatnhapkhaunghiepxuan\/\",\"https:\/\/www.youtube.com\/@nongsannghiepxuan2066\",\"https:\/\/www.tiktok.com\/@nghiepxuan\"]}]}<\/script>\n<!-- \/ Yoast SEO plugin. -->","yoast_head_json":{"title":"Yuca Congelada Premium - Lista para Cocinar - Nghiep Xuan - Importaci\u00f3n y Exportaci\u00f3n Agr\u00edcola","robots":{"index":"index","follow":"follow","max-snippet":"max-snippet:-1","max-image-preview":"max-image-preview:large","max-video-preview":"max-video-preview:-1"},"canonical":"https:\/\/nghiepxuan.com\/es\/product\/yuca-congelada-premium-lista-para-cocinar\/","og_locale":"es_ES","og_type":"article","og_title":"Yuca Congelada Premium - Lista para Cocinar - Nghiep Xuan - Importaci\u00f3n y Exportaci\u00f3n Agr\u00edcola","og_description":"Yuca congelada de alta calidad, reci\u00e9n pelada y ultracongelada para conservar el sabor y los nutrientes naturales. Perfecta para hervir, fre\u00edr u hornear. 100% natural, sin gluten y sin conservantes.","og_url":"https:\/\/nghiepxuan.com\/es\/product\/yuca-congelada-premium-lista-para-cocinar\/","og_site_name":"Nghiep Xuan - Importaci\u00f3n y Exportaci\u00f3n Agr\u00edcola","article_publisher":"https:\/\/www.facebook.com\/nongsannghiepxuan\/","og_image":[{"width":1024,"height":768,"url":"https:\/\/nghiepxuan.com\/wp-content\/uploads\/2025\/04\/Frozen-Cassava-2-Nghiep-Xuan.jpg","type":"image\/jpeg"}],"twitter_card":"summary_large_image","twitter_site":"@PhuTonBui","twitter_misc":{"Tiempo de lectura":"1 minuto"},"schema":{"@context":"https:\/\/schema.org","@graph":[{"@type":"WebPage","@id":"https:\/\/nghiepxuan.com\/es\/product\/yuca-congelada-premium-lista-para-cocinar\/","url":"https:\/\/nghiepxuan.com\/es\/product\/yuca-congelada-premium-lista-para-cocinar\/","name":"Yuca Congelada Premium - Lista para Cocinar - Nghiep Xuan - Importaci\u00f3n y Exportaci\u00f3n Agr\u00edcola","isPartOf":{"@id":"https:\/\/nghiepxuan.com\/es\/#website"},"primaryImageOfPage":{"@id":"https:\/\/nghiepxuan.com\/es\/product\/yuca-congelada-premium-lista-para-cocinar\/#primaryimage"},"image":{"@id":"https:\/\/nghiepxuan.com\/es\/product\/yuca-congelada-premium-lista-para-cocinar\/#primaryimage"},"thumbnailUrl":"https:\/\/nghiepxuan.com\/wp-content\/uploads\/2025\/04\/Frozen-Cassava-2-Nghiep-Xuan.jpg","datePublished":"2025-04-12T01:44:42+00:00","breadcrumb":{"@id":"https:\/\/nghiepxuan.com\/es\/product\/yuca-congelada-premium-lista-para-cocinar\/#breadcrumb"},"inLanguage":"es","potentialAction":[{"@type":"ReadAction","target":["https:\/\/nghiepxuan.com\/es\/product\/yuca-congelada-premium-lista-para-cocinar\/"]}]},{"@type":"ImageObject","inLanguage":"es","@id":"https:\/\/nghiepxuan.com\/es\/product\/yuca-congelada-premium-lista-para-cocinar\/#primaryimage","url":"https:\/\/nghiepxuan.com\/wp-content\/uploads\/2025\/04\/Frozen-Cassava-2-Nghiep-Xuan.jpg","contentUrl":"https:\/\/nghiepxuan.com\/wp-content\/uploads\/2025\/04\/Frozen-Cassava-2-Nghiep-Xuan.jpg","width":1024,"height":768},{"@type":"BreadcrumbList","@id":"https:\/\/nghiepxuan.com\/es\/product\/yuca-congelada-premium-lista-para-cocinar\/#breadcrumb","itemListElement":[{"@type":"ListItem","position":1,"name":"Home","item":"https:\/\/nghiepxuan.com\/es\/"},{"@type":"ListItem","position":2,"name":"Tienda","item":"https:\/\/nghiepxuan.com\/es\/shop\/"},{"@type":"ListItem","position":3,"name":"Yuca Congelada Premium &#8211; Lista para Cocinar"}]},{"@type":"WebSite","@id":"https:\/\/nghiepxuan.com\/es\/#website","url":"https:\/\/nghiepxuan.com\/es\/","name":"Nghiep Xuan - Agricultural Import and Export","description":"Nutriendo la naturaleza, cosechando salud: su destino de estilo de vida org\u00e1nico","publisher":{"@id":"https:\/\/nghiepxuan.com\/es\/#organization"},"potentialAction":[{"@type":"SearchAction","target":{"@type":"EntryPoint","urlTemplate":"https:\/\/nghiepxuan.com\/es\/?s={search_term_string}"},"query-input":{"@type":"PropertyValueSpecification","valueRequired":true,"valueName":"search_term_string"}}],"inLanguage":"es"},{"@type":"Organization","@id":"https:\/\/nghiepxuan.com\/es\/#organization","name":"Nghiep Xuan - Agricultural Import and Export","url":"https:\/\/nghiepxuan.com\/es\/","logo":{"@type":"ImageObject","inLanguage":"es","@id":"https:\/\/nghiepxuan.com\/es\/#\/schema\/logo\/image\/","url":"https:\/\/nghiepxuan.com\/wp-content\/uploads\/2025\/04\/Nghiep-Xuan-Logo-4.png","contentUrl":"https:\/\/nghiepxuan.com\/wp-content\/uploads\/2025\/04\/Nghiep-Xuan-Logo-4.png","width":4167,"height":1015,"caption":"Nghiep Xuan - Agricultural Import and Export"},"image":{"@id":"https:\/\/nghiepxuan.com\/es\/#\/schema\/logo\/image\/"},"sameAs":["https:\/\/www.facebook.com\/nongsannghiepxuan\/","https:\/\/x.com\/PhuTonBui","https:\/\/www.instagram.com\/xuatnhapkhaunghiepxuan\/","https:\/\/www.youtube.com\/@nongsannghiepxuan2066","https:\/\/www.tiktok.com\/@nghiepxuan"]}]}},"_links":{"self":[{"href":"https:\/\/nghiepxuan.com\/es\/wp-json\/wp\/v2\/product\/8642","targetHints":{"allow":["GET"]}}],"collection":[{"href":"https:\/\/nghiepxuan.com\/es\/wp-json\/wp\/v2\/product"}],"about":[{"href":"https:\/\/nghiepxuan.com\/es\/wp-json\/wp\/v2\/types\/product"}],"replies":[{"embeddable":true,"href":"https:\/\/nghiepxuan.com\/es\/wp-json\/wp\/v2\/comments?post=8642"}],"version-history":[{"count":0,"href":"https:\/\/nghiepxuan.com\/es\/wp-json\/wp\/v2\/product\/8642\/revisions"}],"wp:featuredmedia":[{"embeddable":true,"href":"https:\/\/nghiepxuan.com\/es\/wp-json\/wp\/v2\/media\/8607"}],"wp:attachment":[{"href":"https:\/\/nghiepxuan.com\/es\/wp-json\/wp\/v2\/media?parent=8642"}],"wp:term":[{"taxonomy":"product_brand","embeddable":true,"href":"https:\/\/nghiepxuan.com\/es\/wp-json\/wp\/v2\/product_brand?post=8642"},{"taxonomy":"product_cat","embeddable":true,"href":"https:\/\/nghiepxuan.com\/es\/wp-json\/wp\/v2\/product_cat?post=8642"},{"taxonomy":"product_tag","embeddable":true,"href":"https:\/\/nghiepxuan.com\/es\/wp-json\/wp\/v2\/product_tag?post=8642"}],"curies":[{"name":"wp","href":"https:\/\/api.w.org\/{rel}","templated":true}]}}