{"id":8376,"date":"2025-04-07T07:58:35","date_gmt":"2025-04-07T07:58:35","guid":{"rendered":"https:\/\/nghiepxuan.com\/product\/fruta-de-la-pasion-congelada-fresca-natural-y-practica\/"},"modified":"2025-04-07T08:02:29","modified_gmt":"2025-04-07T08:02:29","slug":"fruta-de-la-pasion-congelada-fresca-natural-y-practica","status":"publish","type":"product","link":"https:\/\/nghiepxuan.com\/es\/product\/fruta-de-la-pasion-congelada-fresca-natural-y-practica\/","title":{"rendered":"Fruta de la pasi\u00f3n congelada: fresca, natural y pr\u00e1ctica"},"content":{"rendered":"<p class=\"\" data-start=\"179\" data-end=\"445\">Experimenta el sabor vibrante y \u00e1cido de la fruta de la pasi\u00f3n congelada, un complemento refrescante y saludable para tus comidas y bebidas. Nuestra fruta de la pasi\u00f3n congelada de primera calidad procede de las mejores granjas, lo que garantiza que cada fruta est\u00e9 madura, jugosa y repleta de nutrientes esenciales. <\/p>\n<p class=\"\" data-start=\"447\" data-end=\"464\"><strong data-start=\"447\" data-end=\"464\">Caracter\u00edsticas principales:<\/strong><\/p>\n<ul data-start=\"465\" data-end=\"1042\">\n<li class=\"\" data-start=\"465\" data-end=\"588\">\n<p class=\"\" data-start=\"467\" data-end=\"588\"><strong data-start=\"467\" data-end=\"483\">100% Natural<\/strong>: Elaborado con frutas de la pasi\u00f3n recogidas a mano y congeladas en su punto \u00f3ptimo de maduraci\u00f3n para conservar su frescura y sus nutrientes.<\/p>\n<\/li>\n<li class=\"\" data-start=\"589\" data-end=\"714\">\n<p class=\"\" data-start=\"591\" data-end=\"714\"><strong data-start=\"591\" data-end=\"620\">Pr\u00e1ctico y listo para usar<\/strong>: Perfectas para batidos, postres, macedonias o c\u00f3cteles. \u00a1Sin pelar ni cortar! <\/p>\n<\/li>\n<li class=\"\" data-start=\"715\" data-end=\"835\">\n<p class=\"\" data-start=\"717\" data-end=\"835\"><strong data-start=\"717\" data-end=\"738\">Rica en nutrientes<\/strong>: La fruta de la pasi\u00f3n tiene un alto contenido en vitamina C, fibra y antioxidantes, por lo que ofrece numerosos beneficios para la salud.<\/p>\n<\/li>\n<li class=\"\" data-start=\"836\" data-end=\"932\">\n<p class=\"\" data-start=\"838\" data-end=\"932\"><strong data-start=\"838\" data-end=\"857\">Larga conservaci\u00f3n<\/strong>: Gu\u00e1rdalos en el congelador y disfruta de su sabor tropical todo el a\u00f1o.<\/p>\n<\/li>\n<li class=\"\" data-start=\"933\" data-end=\"1042\">\n<p class=\"\" data-start=\"935\" data-end=\"1042\"><strong data-start=\"935\" data-end=\"952\">Uso vers\u00e1til<\/strong>: Ideal para hornear, hacer mermeladas o a\u00f1adir a tus recetas favoritas para darles una explosi\u00f3n de sabor.<\/p>\n<\/li>\n<\/ul>\n<p class=\"\" data-start=\"1044\" data-end=\"1415\"><strong data-start=\"1044\" data-end=\"1084\">\u00bfPor qu\u00e9 elegir nuestra fruta de la pasi\u00f3n congelada?<\/strong>  Nuestra fruta de la pasi\u00f3n congelada se procesa cuidadosamente para mantener su sabor y textura naturales. Es una forma excelente de disfrutar del sabor tropical de la fruta de la pasi\u00f3n, incluso cuando est\u00e1 fuera de temporada. Tanto si quieres realzar tu cocina como si necesitas un complemento r\u00e1pido para una bebida refrescante, nuestra fruta de la pasi\u00f3n congelada es tu opci\u00f3n.  <\/p>\n<p class=\"\" data-start=\"1417\" data-end=\"1740\"><strong data-start=\"1417\" data-end=\"1471\">Perfecta para los entusiastas de la salud y los estilos de vida ajetreados<\/strong> Repleta de antioxidantes, vitaminas y fibra, la fruta de la pasi\u00f3n es estupenda para reforzar el sistema inmunitario, mejorar la digesti\u00f3n y mantener la piel sana. Es el ingrediente perfecto para quienes buscan a\u00f1adir m\u00e1s frutas a su dieta sin la molestia de la preparaci\u00f3n. <\/p>\n<p class=\"\" data-start=\"1742\" data-end=\"1839\">Haz tu pedido hoy y descubre la comodidad de la fruta de la pasi\u00f3n congelada entregada directamente en tu puerta.<\/p>\n","protected":false},"excerpt":{"rendered":"<p>Disfruta del sabor tropical de la fruta de la pasi\u00f3n congelada 100% natural. Perfecta para batidos, postres y mucho m\u00e1s, est\u00e1 repleta de vitaminas, antioxidantes y fibra. C\u00f3moda, lista para usar y perfecta para cualquier receta durante todo el a\u00f1o.  <\/p>\n","protected":false},"featured_media":8338,"comment_status":"open","ping_status":"closed","template":"","meta":{"content-type":""},"product_brand":[],"product_cat":[424],"product_tag":[661,662,663],"class_list":{"0":"post-8376","1":"product","2":"type-product","3":"status-publish","4":"has-post-thumbnail","6":"product_cat-frozen-es","7":"product_tag-fruta-de-la-pasion-congelada","8":"product_tag-natural-es","9":"product_tag-nutrientes","11":"first","12":"instock","13":"sale","14":"shipping-taxable","15":"purchasable","16":"product-type-variable","17":"has-default-attributes"},"yoast_head":"<!-- This site is optimized with the Yoast SEO plugin v26.9 - https:\/\/yoast.com\/product\/yoast-seo-wordpress\/ -->\n<title>Fruta de la pasi\u00f3n congelada: fresca, natural y pr\u00e1ctica - Nghiep Xuan - Importaci\u00f3n y Exportaci\u00f3n Agr\u00edcola<\/title>\n<meta name=\"robots\" content=\"index, follow, max-snippet:-1, max-image-preview:large, max-video-preview:-1\" \/>\n<link rel=\"canonical\" href=\"https:\/\/nghiepxuan.com\/es\/product\/fruta-de-la-pasion-congelada-fresca-natural-y-practica\/\" \/>\n<meta property=\"og:locale\" content=\"es_ES\" \/>\n<meta property=\"og:type\" content=\"article\" \/>\n<meta property=\"og:title\" content=\"Fruta de la pasi\u00f3n congelada: fresca, natural y pr\u00e1ctica - Nghiep Xuan - Importaci\u00f3n y Exportaci\u00f3n Agr\u00edcola\" \/>\n<meta property=\"og:description\" content=\"Disfruta del sabor tropical de la fruta de la pasi\u00f3n congelada 100% natural. Perfecta para batidos, postres y mucho m\u00e1s, est\u00e1 repleta de vitaminas, antioxidantes y fibra. C\u00f3moda, lista para usar y perfecta para cualquier receta durante todo el a\u00f1o.\" \/>\n<meta property=\"og:url\" content=\"https:\/\/nghiepxuan.com\/es\/product\/fruta-de-la-pasion-congelada-fresca-natural-y-practica\/\" \/>\n<meta property=\"og:site_name\" content=\"Nghiep Xuan - Importaci\u00f3n y Exportaci\u00f3n Agr\u00edcola\" \/>\n<meta property=\"article:publisher\" content=\"https:\/\/www.facebook.com\/nongsannghiepxuan\/\" \/>\n<meta property=\"article:modified_time\" content=\"2025-04-07T08:02:29+00:00\" \/>\n<meta property=\"og:image\" content=\"https:\/\/nghiepxuan.com\/wp-content\/uploads\/2025\/04\/Passion-Fruit-Frozen-Nghiep-Xuan.png\" \/>\n\t<meta property=\"og:image:width\" content=\"586\" \/>\n\t<meta property=\"og:image:height\" content=\"592\" \/>\n\t<meta property=\"og:image:type\" content=\"image\/png\" \/>\n<meta name=\"twitter:card\" content=\"summary_large_image\" \/>\n<meta name=\"twitter:site\" content=\"@PhuTonBui\" \/>\n<meta name=\"twitter:label1\" content=\"Tiempo de lectura\" \/>\n\t<meta name=\"twitter:data1\" content=\"2 minutos\" \/>\n<script type=\"application\/ld+json\" class=\"yoast-schema-graph\">{\"@context\":\"https:\/\/schema.org\",\"@graph\":[{\"@type\":\"WebPage\",\"@id\":\"https:\/\/nghiepxuan.com\/es\/product\/fruta-de-la-pasion-congelada-fresca-natural-y-practica\/\",\"url\":\"https:\/\/nghiepxuan.com\/es\/product\/fruta-de-la-pasion-congelada-fresca-natural-y-practica\/\",\"name\":\"Fruta de la pasi\u00f3n congelada: fresca, natural y pr\u00e1ctica - Nghiep Xuan - Importaci\u00f3n y Exportaci\u00f3n Agr\u00edcola\",\"isPartOf\":{\"@id\":\"https:\/\/nghiepxuan.com\/es\/#website\"},\"primaryImageOfPage\":{\"@id\":\"https:\/\/nghiepxuan.com\/es\/product\/fruta-de-la-pasion-congelada-fresca-natural-y-practica\/#primaryimage\"},\"image\":{\"@id\":\"https:\/\/nghiepxuan.com\/es\/product\/fruta-de-la-pasion-congelada-fresca-natural-y-practica\/#primaryimage\"},\"thumbnailUrl\":\"https:\/\/nghiepxuan.com\/wp-content\/uploads\/2025\/04\/Passion-Fruit-Frozen-Nghiep-Xuan.png\",\"datePublished\":\"2025-04-07T07:58:35+00:00\",\"dateModified\":\"2025-04-07T08:02:29+00:00\",\"breadcrumb\":{\"@id\":\"https:\/\/nghiepxuan.com\/es\/product\/fruta-de-la-pasion-congelada-fresca-natural-y-practica\/#breadcrumb\"},\"inLanguage\":\"es\",\"potentialAction\":[{\"@type\":\"ReadAction\",\"target\":[\"https:\/\/nghiepxuan.com\/es\/product\/fruta-de-la-pasion-congelada-fresca-natural-y-practica\/\"]}]},{\"@type\":\"ImageObject\",\"inLanguage\":\"es\",\"@id\":\"https:\/\/nghiepxuan.com\/es\/product\/fruta-de-la-pasion-congelada-fresca-natural-y-practica\/#primaryimage\",\"url\":\"https:\/\/nghiepxuan.com\/wp-content\/uploads\/2025\/04\/Passion-Fruit-Frozen-Nghiep-Xuan.png\",\"contentUrl\":\"https:\/\/nghiepxuan.com\/wp-content\/uploads\/2025\/04\/Passion-Fruit-Frozen-Nghiep-Xuan.png\",\"width\":586,\"height\":592},{\"@type\":\"BreadcrumbList\",\"@id\":\"https:\/\/nghiepxuan.com\/es\/product\/fruta-de-la-pasion-congelada-fresca-natural-y-practica\/#breadcrumb\",\"itemListElement\":[{\"@type\":\"ListItem\",\"position\":1,\"name\":\"Home\",\"item\":\"https:\/\/nghiepxuan.com\/es\/\"},{\"@type\":\"ListItem\",\"position\":2,\"name\":\"Tienda\",\"item\":\"https:\/\/nghiepxuan.com\/es\/shop\/\"},{\"@type\":\"ListItem\",\"position\":3,\"name\":\"Fruta de la pasi\u00f3n congelada: fresca, natural y pr\u00e1ctica\"}]},{\"@type\":\"WebSite\",\"@id\":\"https:\/\/nghiepxuan.com\/es\/#website\",\"url\":\"https:\/\/nghiepxuan.com\/es\/\",\"name\":\"Nghiep Xuan - Agricultural Import and Export\",\"description\":\"Nutriendo la naturaleza, cosechando salud: su destino de estilo de vida org\u00e1nico\",\"publisher\":{\"@id\":\"https:\/\/nghiepxuan.com\/es\/#organization\"},\"potentialAction\":[{\"@type\":\"SearchAction\",\"target\":{\"@type\":\"EntryPoint\",\"urlTemplate\":\"https:\/\/nghiepxuan.com\/es\/?s={search_term_string}\"},\"query-input\":{\"@type\":\"PropertyValueSpecification\",\"valueRequired\":true,\"valueName\":\"search_term_string\"}}],\"inLanguage\":\"es\"},{\"@type\":\"Organization\",\"@id\":\"https:\/\/nghiepxuan.com\/es\/#organization\",\"name\":\"Nghiep Xuan - Agricultural Import and Export\",\"url\":\"https:\/\/nghiepxuan.com\/es\/\",\"logo\":{\"@type\":\"ImageObject\",\"inLanguage\":\"es\",\"@id\":\"https:\/\/nghiepxuan.com\/es\/#\/schema\/logo\/image\/\",\"url\":\"https:\/\/nghiepxuan.com\/wp-content\/uploads\/2025\/04\/Nghiep-Xuan-Logo-4.png\",\"contentUrl\":\"https:\/\/nghiepxuan.com\/wp-content\/uploads\/2025\/04\/Nghiep-Xuan-Logo-4.png\",\"width\":4167,\"height\":1015,\"caption\":\"Nghiep Xuan - Agricultural Import and Export\"},\"image\":{\"@id\":\"https:\/\/nghiepxuan.com\/es\/#\/schema\/logo\/image\/\"},\"sameAs\":[\"https:\/\/www.facebook.com\/nongsannghiepxuan\/\",\"https:\/\/x.com\/PhuTonBui\",\"https:\/\/www.instagram.com\/xuatnhapkhaunghiepxuan\/\",\"https:\/\/www.youtube.com\/@nongsannghiepxuan2066\",\"https:\/\/www.tiktok.com\/@nghiepxuan\"]}]}<\/script>\n<!-- \/ Yoast SEO plugin. -->","yoast_head_json":{"title":"Fruta de la pasi\u00f3n congelada: fresca, natural y pr\u00e1ctica - Nghiep Xuan - Importaci\u00f3n y Exportaci\u00f3n Agr\u00edcola","robots":{"index":"index","follow":"follow","max-snippet":"max-snippet:-1","max-image-preview":"max-image-preview:large","max-video-preview":"max-video-preview:-1"},"canonical":"https:\/\/nghiepxuan.com\/es\/product\/fruta-de-la-pasion-congelada-fresca-natural-y-practica\/","og_locale":"es_ES","og_type":"article","og_title":"Fruta de la pasi\u00f3n congelada: fresca, natural y pr\u00e1ctica - Nghiep Xuan - Importaci\u00f3n y Exportaci\u00f3n Agr\u00edcola","og_description":"Disfruta del sabor tropical de la fruta de la pasi\u00f3n congelada 100% natural. Perfecta para batidos, postres y mucho m\u00e1s, est\u00e1 repleta de vitaminas, antioxidantes y fibra. C\u00f3moda, lista para usar y perfecta para cualquier receta durante todo el a\u00f1o.","og_url":"https:\/\/nghiepxuan.com\/es\/product\/fruta-de-la-pasion-congelada-fresca-natural-y-practica\/","og_site_name":"Nghiep Xuan - Importaci\u00f3n y Exportaci\u00f3n Agr\u00edcola","article_publisher":"https:\/\/www.facebook.com\/nongsannghiepxuan\/","article_modified_time":"2025-04-07T08:02:29+00:00","og_image":[{"width":586,"height":592,"url":"https:\/\/nghiepxuan.com\/wp-content\/uploads\/2025\/04\/Passion-Fruit-Frozen-Nghiep-Xuan.png","type":"image\/png"}],"twitter_card":"summary_large_image","twitter_site":"@PhuTonBui","twitter_misc":{"Tiempo de lectura":"2 minutos"},"schema":{"@context":"https:\/\/schema.org","@graph":[{"@type":"WebPage","@id":"https:\/\/nghiepxuan.com\/es\/product\/fruta-de-la-pasion-congelada-fresca-natural-y-practica\/","url":"https:\/\/nghiepxuan.com\/es\/product\/fruta-de-la-pasion-congelada-fresca-natural-y-practica\/","name":"Fruta de la pasi\u00f3n congelada: fresca, natural y pr\u00e1ctica - Nghiep Xuan - Importaci\u00f3n y Exportaci\u00f3n Agr\u00edcola","isPartOf":{"@id":"https:\/\/nghiepxuan.com\/es\/#website"},"primaryImageOfPage":{"@id":"https:\/\/nghiepxuan.com\/es\/product\/fruta-de-la-pasion-congelada-fresca-natural-y-practica\/#primaryimage"},"image":{"@id":"https:\/\/nghiepxuan.com\/es\/product\/fruta-de-la-pasion-congelada-fresca-natural-y-practica\/#primaryimage"},"thumbnailUrl":"https:\/\/nghiepxuan.com\/wp-content\/uploads\/2025\/04\/Passion-Fruit-Frozen-Nghiep-Xuan.png","datePublished":"2025-04-07T07:58:35+00:00","dateModified":"2025-04-07T08:02:29+00:00","breadcrumb":{"@id":"https:\/\/nghiepxuan.com\/es\/product\/fruta-de-la-pasion-congelada-fresca-natural-y-practica\/#breadcrumb"},"inLanguage":"es","potentialAction":[{"@type":"ReadAction","target":["https:\/\/nghiepxuan.com\/es\/product\/fruta-de-la-pasion-congelada-fresca-natural-y-practica\/"]}]},{"@type":"ImageObject","inLanguage":"es","@id":"https:\/\/nghiepxuan.com\/es\/product\/fruta-de-la-pasion-congelada-fresca-natural-y-practica\/#primaryimage","url":"https:\/\/nghiepxuan.com\/wp-content\/uploads\/2025\/04\/Passion-Fruit-Frozen-Nghiep-Xuan.png","contentUrl":"https:\/\/nghiepxuan.com\/wp-content\/uploads\/2025\/04\/Passion-Fruit-Frozen-Nghiep-Xuan.png","width":586,"height":592},{"@type":"BreadcrumbList","@id":"https:\/\/nghiepxuan.com\/es\/product\/fruta-de-la-pasion-congelada-fresca-natural-y-practica\/#breadcrumb","itemListElement":[{"@type":"ListItem","position":1,"name":"Home","item":"https:\/\/nghiepxuan.com\/es\/"},{"@type":"ListItem","position":2,"name":"Tienda","item":"https:\/\/nghiepxuan.com\/es\/shop\/"},{"@type":"ListItem","position":3,"name":"Fruta de la pasi\u00f3n congelada: fresca, natural y pr\u00e1ctica"}]},{"@type":"WebSite","@id":"https:\/\/nghiepxuan.com\/es\/#website","url":"https:\/\/nghiepxuan.com\/es\/","name":"Nghiep Xuan - Agricultural Import and Export","description":"Nutriendo la naturaleza, cosechando salud: su destino de estilo de vida org\u00e1nico","publisher":{"@id":"https:\/\/nghiepxuan.com\/es\/#organization"},"potentialAction":[{"@type":"SearchAction","target":{"@type":"EntryPoint","urlTemplate":"https:\/\/nghiepxuan.com\/es\/?s={search_term_string}"},"query-input":{"@type":"PropertyValueSpecification","valueRequired":true,"valueName":"search_term_string"}}],"inLanguage":"es"},{"@type":"Organization","@id":"https:\/\/nghiepxuan.com\/es\/#organization","name":"Nghiep Xuan - Agricultural Import and Export","url":"https:\/\/nghiepxuan.com\/es\/","logo":{"@type":"ImageObject","inLanguage":"es","@id":"https:\/\/nghiepxuan.com\/es\/#\/schema\/logo\/image\/","url":"https:\/\/nghiepxuan.com\/wp-content\/uploads\/2025\/04\/Nghiep-Xuan-Logo-4.png","contentUrl":"https:\/\/nghiepxuan.com\/wp-content\/uploads\/2025\/04\/Nghiep-Xuan-Logo-4.png","width":4167,"height":1015,"caption":"Nghiep Xuan - Agricultural Import and Export"},"image":{"@id":"https:\/\/nghiepxuan.com\/es\/#\/schema\/logo\/image\/"},"sameAs":["https:\/\/www.facebook.com\/nongsannghiepxuan\/","https:\/\/x.com\/PhuTonBui","https:\/\/www.instagram.com\/xuatnhapkhaunghiepxuan\/","https:\/\/www.youtube.com\/@nongsannghiepxuan2066","https:\/\/www.tiktok.com\/@nghiepxuan"]}]}},"_links":{"self":[{"href":"https:\/\/nghiepxuan.com\/es\/wp-json\/wp\/v2\/product\/8376","targetHints":{"allow":["GET"]}}],"collection":[{"href":"https:\/\/nghiepxuan.com\/es\/wp-json\/wp\/v2\/product"}],"about":[{"href":"https:\/\/nghiepxuan.com\/es\/wp-json\/wp\/v2\/types\/product"}],"replies":[{"embeddable":true,"href":"https:\/\/nghiepxuan.com\/es\/wp-json\/wp\/v2\/comments?post=8376"}],"version-history":[{"count":1,"href":"https:\/\/nghiepxuan.com\/es\/wp-json\/wp\/v2\/product\/8376\/revisions"}],"predecessor-version":[{"id":8404,"href":"https:\/\/nghiepxuan.com\/es\/wp-json\/wp\/v2\/product\/8376\/revisions\/8404"}],"wp:featuredmedia":[{"embeddable":true,"href":"https:\/\/nghiepxuan.com\/es\/wp-json\/wp\/v2\/media\/8338"}],"wp:attachment":[{"href":"https:\/\/nghiepxuan.com\/es\/wp-json\/wp\/v2\/media?parent=8376"}],"wp:term":[{"taxonomy":"product_brand","embeddable":true,"href":"https:\/\/nghiepxuan.com\/es\/wp-json\/wp\/v2\/product_brand?post=8376"},{"taxonomy":"product_cat","embeddable":true,"href":"https:\/\/nghiepxuan.com\/es\/wp-json\/wp\/v2\/product_cat?post=8376"},{"taxonomy":"product_tag","embeddable":true,"href":"https:\/\/nghiepxuan.com\/es\/wp-json\/wp\/v2\/product_tag?post=8376"}],"curies":[{"name":"wp","href":"https:\/\/api.w.org\/{rel}","templated":true}]}}