{"id":7619,"date":"2025-04-06T01:29:25","date_gmt":"2025-04-06T01:29:25","guid":{"rendered":"https:\/\/nghiepxuan.com\/?post_type=product&#038;p=7619"},"modified":"2025-04-06T01:34:54","modified_gmt":"2025-04-06T01:34:54","slug":"saboree-la-sutil-elegancia-del-cafe-arabica-copy","status":"publish","type":"product","link":"https:\/\/nghiepxuan.com\/es\/product\/saboree-la-sutil-elegancia-del-cafe-arabica-copy\/","title":{"rendered":"Caf\u00e9 Robusta fuerte para los amantes del espresso"},"content":{"rendered":"<p>En nuestra cafeter\u00eda, nos enorgullecemos de servirle los mejores granos de caf\u00e9 Robusta, cuidadosamente extra\u00eddos de las exuberantes plantaciones de caf\u00e9. El caf\u00e9 Robusta es famoso por su fuerte perfil de sabor, caracterizado por un gusto profundo y terroso y una pizca de dulzor a nuez. Con un mayor contenido de cafe\u00edna que su hom\u00f3logo Ar\u00e1bica, el caf\u00e9 Robusta ofrece una experiencia robusta y vigorizante que los entusiastas del caf\u00e9 anhelan.  <\/p>\n<p>Nuestros expertos baristas elaboran meticulosamente cada taza, garantizando que experimente la riqueza con cuerpo y el sabor distintivo del caf\u00e9 Robusta. Tanto si prefiere un espresso cl\u00e1sico como un cremoso capuchino o una suave infusi\u00f3n fr\u00eda, nuestra carta ofrece una gran variedad de bebidas a base de Robusta para satisfacer sus preferencias. <\/p>\n<p>El caf\u00e9 Robusta no s\u00f3lo deleita las papilas gustativas, sino que tambi\u00e9n ofrece un satisfactorio aporte de energ\u00eda, lo que lo convierte en la opci\u00f3n perfecta para reponer fuerzas por la ma\u00f1ana o darse un capricho por la tarde. Adem\u00e1s, el caf\u00e9 Robusta es conocido por su crema, la gruesa capa de espuma dorada que corona el espresso, a\u00f1adiendo un deleite visual a la experiencia del caf\u00e9. <\/p>\n<p>Entre en nuestra cafeter\u00eda y emb\u00e1rquese en un viaje de sabor y aroma con nuestra excepcional oferta de caf\u00e9 Robusta. Nuestro acogedor ambiente y nuestro amable personal crean la atm\u00f3sfera ideal para relajarse, descansar y saborear cada sorbo. Tanto si eres un experto en caf\u00e9 como un aficionado ocasional, nuestro caf\u00e9 Robusta te dejar\u00e1 con ganas de m\u00e1s.<\/p>\n","protected":false},"excerpt":{"rendered":"<p>Del\u00e9itese con el atrevido encanto del caf\u00e9 Robusta en nuestro Coffee. Procedente de las mejores plantaciones, nuestra infusi\u00f3n de Robusta ofrece un sabor potente y terroso con un toque de nuez, creando una experiencia cafetera realmente distintiva. Tanto si lo prefiere como un espresso fuerte, un caf\u00e9 con leche aterciopelado o una refrescante infusi\u00f3n fr\u00eda, nuestras creaciones con Robusta prometen un sabor intenso y satisfactorio que perdura en el paladar. Eleve sus momentos de caf\u00e9 con nuestras excepcionales ofertas de Robusta, donde cada taza cuenta una historia de pasi\u00f3n y perfecci\u00f3n.<\/p>\n","protected":false},"featured_media":4529,"comment_status":"open","ping_status":"closed","template":"","meta":{"content-type":""},"product_brand":[],"product_cat":[150],"product_tag":[556],"class_list":{"0":"post-7619","1":"product","2":"type-product","3":"status-publish","4":"has-post-thumbnail","6":"product_cat-cafe-cashew-apples-pepper-es","7":"product_tag-cafe","9":"first","10":"instock","11":"sale","12":"shipping-taxable","13":"purchasable","14":"product-type-variable","15":"has-default-attributes"},"yoast_head":"<!-- This site is optimized with the Yoast SEO plugin v26.9 - https:\/\/yoast.com\/product\/yoast-seo-wordpress\/ -->\n<title>Caf\u00e9 Robusta fuerte para los amantes del espresso - Nghiep Xuan - Importaci\u00f3n y Exportaci\u00f3n Agr\u00edcola<\/title>\n<meta name=\"robots\" content=\"index, follow, max-snippet:-1, max-image-preview:large, max-video-preview:-1\" \/>\n<link rel=\"canonical\" href=\"https:\/\/nghiepxuan.com\/es\/product\/saboree-la-sutil-elegancia-del-cafe-arabica-copy\/\" \/>\n<meta property=\"og:locale\" content=\"es_ES\" \/>\n<meta property=\"og:type\" content=\"article\" \/>\n<meta property=\"og:title\" content=\"Caf\u00e9 Robusta fuerte para los amantes del espresso - Nghiep Xuan - Importaci\u00f3n y Exportaci\u00f3n Agr\u00edcola\" \/>\n<meta property=\"og:description\" content=\"Del\u00e9itese con el atrevido encanto del caf\u00e9 Robusta en nuestro Coffee. Procedente de las mejores plantaciones, nuestra infusi\u00f3n de Robusta ofrece un sabor potente y terroso con un toque de nuez, creando una experiencia cafetera realmente distintiva. Tanto si lo prefiere como un espresso fuerte, un caf\u00e9 con leche aterciopelado o una refrescante infusi\u00f3n fr\u00eda, nuestras creaciones con Robusta prometen un sabor intenso y satisfactorio que perdura en el paladar. Eleve sus momentos de caf\u00e9 con nuestras excepcionales ofertas de Robusta, donde cada taza cuenta una historia de pasi\u00f3n y perfecci\u00f3n.\" \/>\n<meta property=\"og:url\" content=\"https:\/\/nghiepxuan.com\/es\/product\/saboree-la-sutil-elegancia-del-cafe-arabica-copy\/\" \/>\n<meta property=\"og:site_name\" content=\"Nghiep Xuan - Importaci\u00f3n y Exportaci\u00f3n Agr\u00edcola\" \/>\n<meta property=\"article:publisher\" content=\"https:\/\/www.facebook.com\/nongsannghiepxuan\/\" \/>\n<meta property=\"article:modified_time\" content=\"2025-04-06T01:34:54+00:00\" \/>\n<meta property=\"og:image\" content=\"https:\/\/nghiepxuan.com\/wp-content\/uploads\/2023\/10\/Asset-4-100.jpg\" \/>\n\t<meta property=\"og:image:width\" content=\"900\" \/>\n\t<meta property=\"og:image:height\" content=\"500\" \/>\n\t<meta property=\"og:image:type\" content=\"image\/jpeg\" \/>\n<meta name=\"twitter:card\" content=\"summary_large_image\" \/>\n<meta name=\"twitter:site\" content=\"@PhuTonBui\" \/>\n<meta name=\"twitter:label1\" content=\"Tiempo de lectura\" \/>\n\t<meta name=\"twitter:data1\" content=\"1 minuto\" \/>\n<script type=\"application\/ld+json\" class=\"yoast-schema-graph\">{\"@context\":\"https:\/\/schema.org\",\"@graph\":[{\"@type\":\"WebPage\",\"@id\":\"https:\/\/nghiepxuan.com\/es\/product\/saboree-la-sutil-elegancia-del-cafe-arabica-copy\/\",\"url\":\"https:\/\/nghiepxuan.com\/es\/product\/saboree-la-sutil-elegancia-del-cafe-arabica-copy\/\",\"name\":\"Caf\u00e9 Robusta fuerte para los amantes del espresso - Nghiep Xuan - Importaci\u00f3n y Exportaci\u00f3n Agr\u00edcola\",\"isPartOf\":{\"@id\":\"https:\/\/nghiepxuan.com\/es\/#website\"},\"primaryImageOfPage\":{\"@id\":\"https:\/\/nghiepxuan.com\/es\/product\/saboree-la-sutil-elegancia-del-cafe-arabica-copy\/#primaryimage\"},\"image\":{\"@id\":\"https:\/\/nghiepxuan.com\/es\/product\/saboree-la-sutil-elegancia-del-cafe-arabica-copy\/#primaryimage\"},\"thumbnailUrl\":\"https:\/\/nghiepxuan.com\/wp-content\/uploads\/2023\/10\/Asset-4-100.jpg\",\"datePublished\":\"2025-04-06T01:29:25+00:00\",\"dateModified\":\"2025-04-06T01:34:54+00:00\",\"breadcrumb\":{\"@id\":\"https:\/\/nghiepxuan.com\/es\/product\/saboree-la-sutil-elegancia-del-cafe-arabica-copy\/#breadcrumb\"},\"inLanguage\":\"es\",\"potentialAction\":[{\"@type\":\"ReadAction\",\"target\":[\"https:\/\/nghiepxuan.com\/es\/product\/saboree-la-sutil-elegancia-del-cafe-arabica-copy\/\"]}]},{\"@type\":\"ImageObject\",\"inLanguage\":\"es\",\"@id\":\"https:\/\/nghiepxuan.com\/es\/product\/saboree-la-sutil-elegancia-del-cafe-arabica-copy\/#primaryimage\",\"url\":\"https:\/\/nghiepxuan.com\/wp-content\/uploads\/2023\/10\/Asset-4-100.jpg\",\"contentUrl\":\"https:\/\/nghiepxuan.com\/wp-content\/uploads\/2023\/10\/Asset-4-100.jpg\",\"width\":900,\"height\":500,\"caption\":\"Bold, Rich, and Absolutely Irresistible. Elevate your coffee experience with our Cafe Robusta \u2013 where every sip is a journey into intense flavors and unparalleled freshness. \u2615\ufe0f\u2728 #RobustaPerfection #CoffeeLoversDream\"},{\"@type\":\"BreadcrumbList\",\"@id\":\"https:\/\/nghiepxuan.com\/es\/product\/saboree-la-sutil-elegancia-del-cafe-arabica-copy\/#breadcrumb\",\"itemListElement\":[{\"@type\":\"ListItem\",\"position\":1,\"name\":\"Home\",\"item\":\"https:\/\/nghiepxuan.com\/es\/\"},{\"@type\":\"ListItem\",\"position\":2,\"name\":\"Tienda\",\"item\":\"https:\/\/nghiepxuan.com\/es\/shop\/\"},{\"@type\":\"ListItem\",\"position\":3,\"name\":\"Caf\u00e9 Robusta fuerte para los amantes del espresso\"}]},{\"@type\":\"WebSite\",\"@id\":\"https:\/\/nghiepxuan.com\/es\/#website\",\"url\":\"https:\/\/nghiepxuan.com\/es\/\",\"name\":\"Nghiep Xuan - Agricultural Import and Export\",\"description\":\"Nutriendo la naturaleza, cosechando salud: su destino de estilo de vida org\u00e1nico\",\"publisher\":{\"@id\":\"https:\/\/nghiepxuan.com\/es\/#organization\"},\"potentialAction\":[{\"@type\":\"SearchAction\",\"target\":{\"@type\":\"EntryPoint\",\"urlTemplate\":\"https:\/\/nghiepxuan.com\/es\/?s={search_term_string}\"},\"query-input\":{\"@type\":\"PropertyValueSpecification\",\"valueRequired\":true,\"valueName\":\"search_term_string\"}}],\"inLanguage\":\"es\"},{\"@type\":\"Organization\",\"@id\":\"https:\/\/nghiepxuan.com\/es\/#organization\",\"name\":\"Nghiep Xuan - Agricultural Import and Export\",\"url\":\"https:\/\/nghiepxuan.com\/es\/\",\"logo\":{\"@type\":\"ImageObject\",\"inLanguage\":\"es\",\"@id\":\"https:\/\/nghiepxuan.com\/es\/#\/schema\/logo\/image\/\",\"url\":\"https:\/\/nghiepxuan.com\/wp-content\/uploads\/2025\/04\/Nghiep-Xuan-Logo-4.png\",\"contentUrl\":\"https:\/\/nghiepxuan.com\/wp-content\/uploads\/2025\/04\/Nghiep-Xuan-Logo-4.png\",\"width\":4167,\"height\":1015,\"caption\":\"Nghiep Xuan - Agricultural Import and Export\"},\"image\":{\"@id\":\"https:\/\/nghiepxuan.com\/es\/#\/schema\/logo\/image\/\"},\"sameAs\":[\"https:\/\/www.facebook.com\/nongsannghiepxuan\/\",\"https:\/\/x.com\/PhuTonBui\",\"https:\/\/www.instagram.com\/xuatnhapkhaunghiepxuan\/\",\"https:\/\/www.youtube.com\/@nongsannghiepxuan2066\",\"https:\/\/www.tiktok.com\/@nghiepxuan\"]}]}<\/script>\n<!-- \/ Yoast SEO plugin. -->","yoast_head_json":{"title":"Caf\u00e9 Robusta fuerte para los amantes del espresso - Nghiep Xuan - Importaci\u00f3n y Exportaci\u00f3n Agr\u00edcola","robots":{"index":"index","follow":"follow","max-snippet":"max-snippet:-1","max-image-preview":"max-image-preview:large","max-video-preview":"max-video-preview:-1"},"canonical":"https:\/\/nghiepxuan.com\/es\/product\/saboree-la-sutil-elegancia-del-cafe-arabica-copy\/","og_locale":"es_ES","og_type":"article","og_title":"Caf\u00e9 Robusta fuerte para los amantes del espresso - Nghiep Xuan - Importaci\u00f3n y Exportaci\u00f3n Agr\u00edcola","og_description":"Del\u00e9itese con el atrevido encanto del caf\u00e9 Robusta en nuestro Coffee. Procedente de las mejores plantaciones, nuestra infusi\u00f3n de Robusta ofrece un sabor potente y terroso con un toque de nuez, creando una experiencia cafetera realmente distintiva. Tanto si lo prefiere como un espresso fuerte, un caf\u00e9 con leche aterciopelado o una refrescante infusi\u00f3n fr\u00eda, nuestras creaciones con Robusta prometen un sabor intenso y satisfactorio que perdura en el paladar. Eleve sus momentos de caf\u00e9 con nuestras excepcionales ofertas de Robusta, donde cada taza cuenta una historia de pasi\u00f3n y perfecci\u00f3n.","og_url":"https:\/\/nghiepxuan.com\/es\/product\/saboree-la-sutil-elegancia-del-cafe-arabica-copy\/","og_site_name":"Nghiep Xuan - Importaci\u00f3n y Exportaci\u00f3n Agr\u00edcola","article_publisher":"https:\/\/www.facebook.com\/nongsannghiepxuan\/","article_modified_time":"2025-04-06T01:34:54+00:00","og_image":[{"width":900,"height":500,"url":"https:\/\/nghiepxuan.com\/wp-content\/uploads\/2023\/10\/Asset-4-100.jpg","type":"image\/jpeg"}],"twitter_card":"summary_large_image","twitter_site":"@PhuTonBui","twitter_misc":{"Tiempo de lectura":"1 minuto"},"schema":{"@context":"https:\/\/schema.org","@graph":[{"@type":"WebPage","@id":"https:\/\/nghiepxuan.com\/es\/product\/saboree-la-sutil-elegancia-del-cafe-arabica-copy\/","url":"https:\/\/nghiepxuan.com\/es\/product\/saboree-la-sutil-elegancia-del-cafe-arabica-copy\/","name":"Caf\u00e9 Robusta fuerte para los amantes del espresso - Nghiep Xuan - Importaci\u00f3n y Exportaci\u00f3n Agr\u00edcola","isPartOf":{"@id":"https:\/\/nghiepxuan.com\/es\/#website"},"primaryImageOfPage":{"@id":"https:\/\/nghiepxuan.com\/es\/product\/saboree-la-sutil-elegancia-del-cafe-arabica-copy\/#primaryimage"},"image":{"@id":"https:\/\/nghiepxuan.com\/es\/product\/saboree-la-sutil-elegancia-del-cafe-arabica-copy\/#primaryimage"},"thumbnailUrl":"https:\/\/nghiepxuan.com\/wp-content\/uploads\/2023\/10\/Asset-4-100.jpg","datePublished":"2025-04-06T01:29:25+00:00","dateModified":"2025-04-06T01:34:54+00:00","breadcrumb":{"@id":"https:\/\/nghiepxuan.com\/es\/product\/saboree-la-sutil-elegancia-del-cafe-arabica-copy\/#breadcrumb"},"inLanguage":"es","potentialAction":[{"@type":"ReadAction","target":["https:\/\/nghiepxuan.com\/es\/product\/saboree-la-sutil-elegancia-del-cafe-arabica-copy\/"]}]},{"@type":"ImageObject","inLanguage":"es","@id":"https:\/\/nghiepxuan.com\/es\/product\/saboree-la-sutil-elegancia-del-cafe-arabica-copy\/#primaryimage","url":"https:\/\/nghiepxuan.com\/wp-content\/uploads\/2023\/10\/Asset-4-100.jpg","contentUrl":"https:\/\/nghiepxuan.com\/wp-content\/uploads\/2023\/10\/Asset-4-100.jpg","width":900,"height":500,"caption":"Bold, Rich, and Absolutely Irresistible. Elevate your coffee experience with our Cafe Robusta \u2013 where every sip is a journey into intense flavors and unparalleled freshness. \u2615\ufe0f\u2728 #RobustaPerfection #CoffeeLoversDream"},{"@type":"BreadcrumbList","@id":"https:\/\/nghiepxuan.com\/es\/product\/saboree-la-sutil-elegancia-del-cafe-arabica-copy\/#breadcrumb","itemListElement":[{"@type":"ListItem","position":1,"name":"Home","item":"https:\/\/nghiepxuan.com\/es\/"},{"@type":"ListItem","position":2,"name":"Tienda","item":"https:\/\/nghiepxuan.com\/es\/shop\/"},{"@type":"ListItem","position":3,"name":"Caf\u00e9 Robusta fuerte para los amantes del espresso"}]},{"@type":"WebSite","@id":"https:\/\/nghiepxuan.com\/es\/#website","url":"https:\/\/nghiepxuan.com\/es\/","name":"Nghiep Xuan - Agricultural Import and Export","description":"Nutriendo la naturaleza, cosechando salud: su destino de estilo de vida org\u00e1nico","publisher":{"@id":"https:\/\/nghiepxuan.com\/es\/#organization"},"potentialAction":[{"@type":"SearchAction","target":{"@type":"EntryPoint","urlTemplate":"https:\/\/nghiepxuan.com\/es\/?s={search_term_string}"},"query-input":{"@type":"PropertyValueSpecification","valueRequired":true,"valueName":"search_term_string"}}],"inLanguage":"es"},{"@type":"Organization","@id":"https:\/\/nghiepxuan.com\/es\/#organization","name":"Nghiep Xuan - Agricultural Import and Export","url":"https:\/\/nghiepxuan.com\/es\/","logo":{"@type":"ImageObject","inLanguage":"es","@id":"https:\/\/nghiepxuan.com\/es\/#\/schema\/logo\/image\/","url":"https:\/\/nghiepxuan.com\/wp-content\/uploads\/2025\/04\/Nghiep-Xuan-Logo-4.png","contentUrl":"https:\/\/nghiepxuan.com\/wp-content\/uploads\/2025\/04\/Nghiep-Xuan-Logo-4.png","width":4167,"height":1015,"caption":"Nghiep Xuan - Agricultural Import and Export"},"image":{"@id":"https:\/\/nghiepxuan.com\/es\/#\/schema\/logo\/image\/"},"sameAs":["https:\/\/www.facebook.com\/nongsannghiepxuan\/","https:\/\/x.com\/PhuTonBui","https:\/\/www.instagram.com\/xuatnhapkhaunghiepxuan\/","https:\/\/www.youtube.com\/@nongsannghiepxuan2066","https:\/\/www.tiktok.com\/@nghiepxuan"]}]}},"_links":{"self":[{"href":"https:\/\/nghiepxuan.com\/es\/wp-json\/wp\/v2\/product\/7619","targetHints":{"allow":["GET"]}}],"collection":[{"href":"https:\/\/nghiepxuan.com\/es\/wp-json\/wp\/v2\/product"}],"about":[{"href":"https:\/\/nghiepxuan.com\/es\/wp-json\/wp\/v2\/types\/product"}],"replies":[{"embeddable":true,"href":"https:\/\/nghiepxuan.com\/es\/wp-json\/wp\/v2\/comments?post=7619"}],"version-history":[{"count":2,"href":"https:\/\/nghiepxuan.com\/es\/wp-json\/wp\/v2\/product\/7619\/revisions"}],"predecessor-version":[{"id":7651,"href":"https:\/\/nghiepxuan.com\/es\/wp-json\/wp\/v2\/product\/7619\/revisions\/7651"}],"wp:featuredmedia":[{"embeddable":true,"href":"https:\/\/nghiepxuan.com\/es\/wp-json\/wp\/v2\/media\/4529"}],"wp:attachment":[{"href":"https:\/\/nghiepxuan.com\/es\/wp-json\/wp\/v2\/media?parent=7619"}],"wp:term":[{"taxonomy":"product_brand","embeddable":true,"href":"https:\/\/nghiepxuan.com\/es\/wp-json\/wp\/v2\/product_brand?post=7619"},{"taxonomy":"product_cat","embeddable":true,"href":"https:\/\/nghiepxuan.com\/es\/wp-json\/wp\/v2\/product_cat?post=7619"},{"taxonomy":"product_tag","embeddable":true,"href":"https:\/\/nghiepxuan.com\/es\/wp-json\/wp\/v2\/product_tag?post=7619"}],"curies":[{"name":"wp","href":"https:\/\/api.w.org\/{rel}","templated":true}]}}