{"id":5597,"date":"2023-11-03T01:33:00","date_gmt":"2023-11-03T01:33:00","guid":{"rendered":"https:\/\/nxg.asia\/?post_type=product&#038;p=5597"},"modified":"2025-03-29T09:59:40","modified_gmt":"2025-03-29T09:59:40","slug":"exploring-the-irresistible-allure-of-rich-black-chocolate-delights","status":"publish","type":"product","link":"https:\/\/nghiepxuan.com\/es\/product\/exploring-the-irresistible-allure-of-rich-black-chocolate-delights\/","title":{"rendered":"Explorando el irresistible encanto de las delicias de chocolate negro"},"content":{"rendered":"<p>Deleite sus sentidos en el exquisito mundo del chocolate negro, donde el lujo se une a un sabor irresistible. Elaborado a partir de los mejores granos de cacao y con un toque de sofisticaci\u00f3n, nuestro chocolate negro es una aut\u00e9ntica obra maestra para los amantes del chocolate.<\/p>\n<p>Nuestro chocolate negro es famoso por su profundo y rico perfil de sabor, que tienta las papilas gustativas con una armoniosa mezcla de notas amargas y dulces. Presume de una textura suave y aterciopelada que se deshace en la boca, liberando una sinfon\u00eda de sabores sencillamente divina. Cada bocado es un viaje a trav\u00e9s de capas de complejidad, que ofrecen una experiencia sensorial tan placentera como satisfactoria.<\/p>\n<p>Elaborado con el m\u00e1ximo cuidado y precisi\u00f3n, nuestro chocolate negro es un testimonio del arte de la chocolater\u00eda. S\u00f3lo nos abastecemos de granos de cacao de la mejor calidad, lo que garantiza que cada barrita est\u00e9 repleta de intensas bondades del cacao. Tanto si lo disfruta solo, como si lo marida con su vino favorito o lo utiliza en creaciones culinarias, nuestro chocolate negro eleva cada momento de placer.<\/p>\n<p>Nuestro chocolate negro no s\u00f3lo es una delicia para el paladar, sino que tambi\u00e9n ofrece un sinf\u00edn de beneficios para la salud. Rica en antioxidantes, ayuda a combatir los radicales libres del organismo, favoreciendo el bienestar general. Adem\u00e1s, se ha relacionado con la mejora de la salud del coraz\u00f3n y de la funci\u00f3n cerebral, lo que lo convierte en un placer libre de culpa tanto para el cuerpo como para la mente.<\/p>\n<p>Perfecto para regalar o saborear en ocasiones especiales, nuestro chocolate negro se presenta en un elegante envase que refleja la sofisticaci\u00f3n del producto que contiene. Tanto si es un experto como un principiante, nuestro chocolate negro cautivar\u00e1 sus sentidos y le dejar\u00e1 con ganas de m\u00e1s.<\/p>\n<p>Experimente el ep\u00edtome de la indulgencia chocolatera con nuestro chocolate negro: una sinfon\u00eda de sabores, un fest\u00edn para los sentidos y una aut\u00e9ntica delicia para los aficionados al chocolate. Dese el lujo que se merece y sum\u00e9rjase en el extraordinario mundo de nuestro chocolate negro.<\/p>\n","protected":false},"excerpt":{"rendered":"<p>Sum\u00e9rjase en el decadente mundo del chocolate negro, donde sabores audaces e intensos chocan en una sinfon\u00eda de riqueza. Nuestro chocolate negro de primera calidad se elabora meticulosamente a partir de los mejores granos de cacao, prometiendo una experiencia de lujo con cada bocado. Deleite sus sentidos con la textura aterciopelada y el equilibrio perfecto de amargor y dulzor, creando un momento de pura felicidad. Tanto si se disfruta solo como si se utiliza en creaciones culinarias, nuestro chocolate negro es una delicia para los entusiastas del chocolate que buscan una calidad y un sabor incomparables. Aumente su placer y saboree la esencia de la verdadera excelencia del cacao con nuestro irresistible chocolate negro.<\/p>\n","protected":false},"featured_media":5671,"comment_status":"open","ping_status":"closed","template":"","meta":{"content-type":""},"product_brand":[],"product_cat":[158],"product_tag":[],"class_list":{"0":"post-5597","1":"product","2":"type-product","3":"status-publish","4":"has-post-thumbnail","6":"product_cat-confectioneries-es","8":"first","9":"instock","10":"sale","11":"shipping-taxable","12":"purchasable","13":"product-type-simple"},"yoast_head":"<!-- This site is optimized with the Yoast SEO plugin v26.9 - https:\/\/yoast.com\/product\/yoast-seo-wordpress\/ -->\n<title>Explorando el irresistible encanto de las delicias de chocolate negro - Nghiep Xuan - Importaci\u00f3n y Exportaci\u00f3n Agr\u00edcola<\/title>\n<meta name=\"robots\" content=\"index, follow, max-snippet:-1, max-image-preview:large, max-video-preview:-1\" \/>\n<link rel=\"canonical\" href=\"https:\/\/nghiepxuan.com\/es\/product\/exploring-the-irresistible-allure-of-rich-black-chocolate-delights\/\" \/>\n<meta property=\"og:locale\" content=\"es_ES\" \/>\n<meta property=\"og:type\" content=\"article\" \/>\n<meta property=\"og:title\" content=\"Explorando el irresistible encanto de las delicias de chocolate negro - Nghiep Xuan - Importaci\u00f3n y Exportaci\u00f3n Agr\u00edcola\" \/>\n<meta property=\"og:description\" content=\"Sum\u00e9rjase en el decadente mundo del chocolate negro, donde sabores audaces e intensos chocan en una sinfon\u00eda de riqueza. Nuestro chocolate negro de primera calidad se elabora meticulosamente a partir de los mejores granos de cacao, prometiendo una experiencia de lujo con cada bocado. Deleite sus sentidos con la textura aterciopelada y el equilibrio perfecto de amargor y dulzor, creando un momento de pura felicidad. Tanto si se disfruta solo como si se utiliza en creaciones culinarias, nuestro chocolate negro es una delicia para los entusiastas del chocolate que buscan una calidad y un sabor incomparables. Aumente su placer y saboree la esencia de la verdadera excelencia del cacao con nuestro irresistible chocolate negro.\" \/>\n<meta property=\"og:url\" content=\"https:\/\/nghiepxuan.com\/es\/product\/exploring-the-irresistible-allure-of-rich-black-chocolate-delights\/\" \/>\n<meta property=\"og:site_name\" content=\"Nghiep Xuan - Importaci\u00f3n y Exportaci\u00f3n Agr\u00edcola\" \/>\n<meta property=\"article:publisher\" content=\"https:\/\/www.facebook.com\/nongsannghiepxuan\/\" \/>\n<meta property=\"article:modified_time\" content=\"2025-03-29T09:59:40+00:00\" \/>\n<meta property=\"og:image\" content=\"https:\/\/nghiepxuan.com\/wp-content\/uploads\/2023\/11\/Black-chocolate-60g-2-Dak-Nong.jpg\" \/>\n\t<meta property=\"og:image:width\" content=\"2000\" \/>\n\t<meta property=\"og:image:height\" content=\"2000\" \/>\n\t<meta property=\"og:image:type\" content=\"image\/jpeg\" \/>\n<meta name=\"twitter:card\" content=\"summary_large_image\" \/>\n<meta name=\"twitter:site\" content=\"@PhuTonBui\" \/>\n<meta name=\"twitter:label1\" content=\"Tiempo de lectura\" \/>\n\t<meta name=\"twitter:data1\" content=\"2 minutos\" \/>\n<script type=\"application\/ld+json\" class=\"yoast-schema-graph\">{\"@context\":\"https:\/\/schema.org\",\"@graph\":[{\"@type\":\"WebPage\",\"@id\":\"https:\/\/nghiepxuan.com\/es\/product\/exploring-the-irresistible-allure-of-rich-black-chocolate-delights\/\",\"url\":\"https:\/\/nghiepxuan.com\/es\/product\/exploring-the-irresistible-allure-of-rich-black-chocolate-delights\/\",\"name\":\"Explorando el irresistible encanto de las delicias de chocolate negro - Nghiep Xuan - Importaci\u00f3n y Exportaci\u00f3n Agr\u00edcola\",\"isPartOf\":{\"@id\":\"https:\/\/nghiepxuan.com\/es\/#website\"},\"primaryImageOfPage\":{\"@id\":\"https:\/\/nghiepxuan.com\/es\/product\/exploring-the-irresistible-allure-of-rich-black-chocolate-delights\/#primaryimage\"},\"image\":{\"@id\":\"https:\/\/nghiepxuan.com\/es\/product\/exploring-the-irresistible-allure-of-rich-black-chocolate-delights\/#primaryimage\"},\"thumbnailUrl\":\"https:\/\/nghiepxuan.com\/wp-content\/uploads\/2023\/11\/Black-chocolate-60g-2-Dak-Nong.jpg\",\"datePublished\":\"2023-11-03T01:33:00+00:00\",\"dateModified\":\"2025-03-29T09:59:40+00:00\",\"breadcrumb\":{\"@id\":\"https:\/\/nghiepxuan.com\/es\/product\/exploring-the-irresistible-allure-of-rich-black-chocolate-delights\/#breadcrumb\"},\"inLanguage\":\"es\",\"potentialAction\":[{\"@type\":\"ReadAction\",\"target\":[\"https:\/\/nghiepxuan.com\/es\/product\/exploring-the-irresistible-allure-of-rich-black-chocolate-delights\/\"]}]},{\"@type\":\"ImageObject\",\"inLanguage\":\"es\",\"@id\":\"https:\/\/nghiepxuan.com\/es\/product\/exploring-the-irresistible-allure-of-rich-black-chocolate-delights\/#primaryimage\",\"url\":\"https:\/\/nghiepxuan.com\/wp-content\/uploads\/2023\/11\/Black-chocolate-60g-2-Dak-Nong.jpg\",\"contentUrl\":\"https:\/\/nghiepxuan.com\/wp-content\/uploads\/2023\/11\/Black-chocolate-60g-2-Dak-Nong.jpg\",\"width\":2000,\"height\":2000},{\"@type\":\"BreadcrumbList\",\"@id\":\"https:\/\/nghiepxuan.com\/es\/product\/exploring-the-irresistible-allure-of-rich-black-chocolate-delights\/#breadcrumb\",\"itemListElement\":[{\"@type\":\"ListItem\",\"position\":1,\"name\":\"Home\",\"item\":\"https:\/\/nghiepxuan.com\/es\/\"},{\"@type\":\"ListItem\",\"position\":2,\"name\":\"Tienda\",\"item\":\"https:\/\/nghiepxuan.com\/es\/shop\/\"},{\"@type\":\"ListItem\",\"position\":3,\"name\":\"Explorando el irresistible encanto de las delicias de chocolate negro\"}]},{\"@type\":\"WebSite\",\"@id\":\"https:\/\/nghiepxuan.com\/es\/#website\",\"url\":\"https:\/\/nghiepxuan.com\/es\/\",\"name\":\"Nghiep Xuan - Agricultural Import and Export\",\"description\":\"Nutriendo la naturaleza, cosechando salud: su destino de estilo de vida org\u00e1nico\",\"publisher\":{\"@id\":\"https:\/\/nghiepxuan.com\/es\/#organization\"},\"potentialAction\":[{\"@type\":\"SearchAction\",\"target\":{\"@type\":\"EntryPoint\",\"urlTemplate\":\"https:\/\/nghiepxuan.com\/es\/?s={search_term_string}\"},\"query-input\":{\"@type\":\"PropertyValueSpecification\",\"valueRequired\":true,\"valueName\":\"search_term_string\"}}],\"inLanguage\":\"es\"},{\"@type\":\"Organization\",\"@id\":\"https:\/\/nghiepxuan.com\/es\/#organization\",\"name\":\"Nghiep Xuan - Agricultural Import and Export\",\"url\":\"https:\/\/nghiepxuan.com\/es\/\",\"logo\":{\"@type\":\"ImageObject\",\"inLanguage\":\"es\",\"@id\":\"https:\/\/nghiepxuan.com\/es\/#\/schema\/logo\/image\/\",\"url\":\"https:\/\/nghiepxuan.com\/wp-content\/uploads\/2025\/04\/Nghiep-Xuan-Logo-4.png\",\"contentUrl\":\"https:\/\/nghiepxuan.com\/wp-content\/uploads\/2025\/04\/Nghiep-Xuan-Logo-4.png\",\"width\":4167,\"height\":1015,\"caption\":\"Nghiep Xuan - Agricultural Import and Export\"},\"image\":{\"@id\":\"https:\/\/nghiepxuan.com\/es\/#\/schema\/logo\/image\/\"},\"sameAs\":[\"https:\/\/www.facebook.com\/nongsannghiepxuan\/\",\"https:\/\/x.com\/PhuTonBui\",\"https:\/\/www.instagram.com\/xuatnhapkhaunghiepxuan\/\",\"https:\/\/www.youtube.com\/@nongsannghiepxuan2066\",\"https:\/\/www.tiktok.com\/@nghiepxuan\"]}]}<\/script>\n<!-- \/ Yoast SEO plugin. -->","yoast_head_json":{"title":"Explorando el irresistible encanto de las delicias de chocolate negro - Nghiep Xuan - Importaci\u00f3n y Exportaci\u00f3n Agr\u00edcola","robots":{"index":"index","follow":"follow","max-snippet":"max-snippet:-1","max-image-preview":"max-image-preview:large","max-video-preview":"max-video-preview:-1"},"canonical":"https:\/\/nghiepxuan.com\/es\/product\/exploring-the-irresistible-allure-of-rich-black-chocolate-delights\/","og_locale":"es_ES","og_type":"article","og_title":"Explorando el irresistible encanto de las delicias de chocolate negro - Nghiep Xuan - Importaci\u00f3n y Exportaci\u00f3n Agr\u00edcola","og_description":"Sum\u00e9rjase en el decadente mundo del chocolate negro, donde sabores audaces e intensos chocan en una sinfon\u00eda de riqueza. Nuestro chocolate negro de primera calidad se elabora meticulosamente a partir de los mejores granos de cacao, prometiendo una experiencia de lujo con cada bocado. Deleite sus sentidos con la textura aterciopelada y el equilibrio perfecto de amargor y dulzor, creando un momento de pura felicidad. Tanto si se disfruta solo como si se utiliza en creaciones culinarias, nuestro chocolate negro es una delicia para los entusiastas del chocolate que buscan una calidad y un sabor incomparables. Aumente su placer y saboree la esencia de la verdadera excelencia del cacao con nuestro irresistible chocolate negro.","og_url":"https:\/\/nghiepxuan.com\/es\/product\/exploring-the-irresistible-allure-of-rich-black-chocolate-delights\/","og_site_name":"Nghiep Xuan - Importaci\u00f3n y Exportaci\u00f3n Agr\u00edcola","article_publisher":"https:\/\/www.facebook.com\/nongsannghiepxuan\/","article_modified_time":"2025-03-29T09:59:40+00:00","og_image":[{"width":2000,"height":2000,"url":"https:\/\/nghiepxuan.com\/wp-content\/uploads\/2023\/11\/Black-chocolate-60g-2-Dak-Nong.jpg","type":"image\/jpeg"}],"twitter_card":"summary_large_image","twitter_site":"@PhuTonBui","twitter_misc":{"Tiempo de lectura":"2 minutos"},"schema":{"@context":"https:\/\/schema.org","@graph":[{"@type":"WebPage","@id":"https:\/\/nghiepxuan.com\/es\/product\/exploring-the-irresistible-allure-of-rich-black-chocolate-delights\/","url":"https:\/\/nghiepxuan.com\/es\/product\/exploring-the-irresistible-allure-of-rich-black-chocolate-delights\/","name":"Explorando el irresistible encanto de las delicias de chocolate negro - Nghiep Xuan - Importaci\u00f3n y Exportaci\u00f3n Agr\u00edcola","isPartOf":{"@id":"https:\/\/nghiepxuan.com\/es\/#website"},"primaryImageOfPage":{"@id":"https:\/\/nghiepxuan.com\/es\/product\/exploring-the-irresistible-allure-of-rich-black-chocolate-delights\/#primaryimage"},"image":{"@id":"https:\/\/nghiepxuan.com\/es\/product\/exploring-the-irresistible-allure-of-rich-black-chocolate-delights\/#primaryimage"},"thumbnailUrl":"https:\/\/nghiepxuan.com\/wp-content\/uploads\/2023\/11\/Black-chocolate-60g-2-Dak-Nong.jpg","datePublished":"2023-11-03T01:33:00+00:00","dateModified":"2025-03-29T09:59:40+00:00","breadcrumb":{"@id":"https:\/\/nghiepxuan.com\/es\/product\/exploring-the-irresistible-allure-of-rich-black-chocolate-delights\/#breadcrumb"},"inLanguage":"es","potentialAction":[{"@type":"ReadAction","target":["https:\/\/nghiepxuan.com\/es\/product\/exploring-the-irresistible-allure-of-rich-black-chocolate-delights\/"]}]},{"@type":"ImageObject","inLanguage":"es","@id":"https:\/\/nghiepxuan.com\/es\/product\/exploring-the-irresistible-allure-of-rich-black-chocolate-delights\/#primaryimage","url":"https:\/\/nghiepxuan.com\/wp-content\/uploads\/2023\/11\/Black-chocolate-60g-2-Dak-Nong.jpg","contentUrl":"https:\/\/nghiepxuan.com\/wp-content\/uploads\/2023\/11\/Black-chocolate-60g-2-Dak-Nong.jpg","width":2000,"height":2000},{"@type":"BreadcrumbList","@id":"https:\/\/nghiepxuan.com\/es\/product\/exploring-the-irresistible-allure-of-rich-black-chocolate-delights\/#breadcrumb","itemListElement":[{"@type":"ListItem","position":1,"name":"Home","item":"https:\/\/nghiepxuan.com\/es\/"},{"@type":"ListItem","position":2,"name":"Tienda","item":"https:\/\/nghiepxuan.com\/es\/shop\/"},{"@type":"ListItem","position":3,"name":"Explorando el irresistible encanto de las delicias de chocolate negro"}]},{"@type":"WebSite","@id":"https:\/\/nghiepxuan.com\/es\/#website","url":"https:\/\/nghiepxuan.com\/es\/","name":"Nghiep Xuan - Agricultural Import and Export","description":"Nutriendo la naturaleza, cosechando salud: su destino de estilo de vida org\u00e1nico","publisher":{"@id":"https:\/\/nghiepxuan.com\/es\/#organization"},"potentialAction":[{"@type":"SearchAction","target":{"@type":"EntryPoint","urlTemplate":"https:\/\/nghiepxuan.com\/es\/?s={search_term_string}"},"query-input":{"@type":"PropertyValueSpecification","valueRequired":true,"valueName":"search_term_string"}}],"inLanguage":"es"},{"@type":"Organization","@id":"https:\/\/nghiepxuan.com\/es\/#organization","name":"Nghiep Xuan - Agricultural Import and Export","url":"https:\/\/nghiepxuan.com\/es\/","logo":{"@type":"ImageObject","inLanguage":"es","@id":"https:\/\/nghiepxuan.com\/es\/#\/schema\/logo\/image\/","url":"https:\/\/nghiepxuan.com\/wp-content\/uploads\/2025\/04\/Nghiep-Xuan-Logo-4.png","contentUrl":"https:\/\/nghiepxuan.com\/wp-content\/uploads\/2025\/04\/Nghiep-Xuan-Logo-4.png","width":4167,"height":1015,"caption":"Nghiep Xuan - Agricultural Import and Export"},"image":{"@id":"https:\/\/nghiepxuan.com\/es\/#\/schema\/logo\/image\/"},"sameAs":["https:\/\/www.facebook.com\/nongsannghiepxuan\/","https:\/\/x.com\/PhuTonBui","https:\/\/www.instagram.com\/xuatnhapkhaunghiepxuan\/","https:\/\/www.youtube.com\/@nongsannghiepxuan2066","https:\/\/www.tiktok.com\/@nghiepxuan"]}]}},"_links":{"self":[{"href":"https:\/\/nghiepxuan.com\/es\/wp-json\/wp\/v2\/product\/5597","targetHints":{"allow":["GET"]}}],"collection":[{"href":"https:\/\/nghiepxuan.com\/es\/wp-json\/wp\/v2\/product"}],"about":[{"href":"https:\/\/nghiepxuan.com\/es\/wp-json\/wp\/v2\/types\/product"}],"replies":[{"embeddable":true,"href":"https:\/\/nghiepxuan.com\/es\/wp-json\/wp\/v2\/comments?post=5597"}],"version-history":[{"count":1,"href":"https:\/\/nghiepxuan.com\/es\/wp-json\/wp\/v2\/product\/5597\/revisions"}],"predecessor-version":[{"id":6973,"href":"https:\/\/nghiepxuan.com\/es\/wp-json\/wp\/v2\/product\/5597\/revisions\/6973"}],"wp:featuredmedia":[{"embeddable":true,"href":"https:\/\/nghiepxuan.com\/es\/wp-json\/wp\/v2\/media\/5671"}],"wp:attachment":[{"href":"https:\/\/nghiepxuan.com\/es\/wp-json\/wp\/v2\/media?parent=5597"}],"wp:term":[{"taxonomy":"product_brand","embeddable":true,"href":"https:\/\/nghiepxuan.com\/es\/wp-json\/wp\/v2\/product_brand?post=5597"},{"taxonomy":"product_cat","embeddable":true,"href":"https:\/\/nghiepxuan.com\/es\/wp-json\/wp\/v2\/product_cat?post=5597"},{"taxonomy":"product_tag","embeddable":true,"href":"https:\/\/nghiepxuan.com\/es\/wp-json\/wp\/v2\/product_tag?post=5597"}],"curies":[{"name":"wp","href":"https:\/\/api.w.org\/{rel}","templated":true}]}}