{"id":5051,"date":"2025-04-12T02:59:21","date_gmt":"2025-04-12T02:59:21","guid":{"rendered":"https:\/\/nxg.asia\/?post_type=product&#038;p=5051"},"modified":"2025-03-29T10:00:44","modified_gmt":"2025-03-29T10:00:44","slug":"delicioso-durian-congelado-entero-un-sabor-de-exotica-perfeccion","status":"publish","type":"product","link":"https:\/\/nghiepxuan.com\/es\/product\/delicioso-durian-congelado-entero-un-sabor-de-exotica-perfeccion\/","title":{"rendered":"Deliciosos Durian Enteros Congelados: El sabor de la perfecci\u00f3n ex\u00f3tica"},"content":{"rendered":"<p>El duri\u00e1n es una fruta tropical originaria del sudeste asi\u00e1tico, conocida como el &#8220;rey de las frutas&#8221;. Aunque el sabor del duri\u00e1n es bastante pesado y fuerte, contiene m\u00e1s nutrientes que la mayor\u00eda de las otras frutas.<\/p>\n<p>El fruto puede medir hasta 30 cm de largo y unos 15 cm de ancho, y pesar entre 1 y 3 kg. La carne del duri\u00e1n es de color amarillo claro. El duri\u00e1n se consume en muchas regiones tropicales del mundo, sobre todo en el sudeste asi\u00e1tico, como Vietnam, Tailandia, Malasia e Indonesia. El duri\u00e1n es una fruta muy nutritiva, rica en vitaminas y fibra, adem\u00e1s de compuestos vegetales saludables. En 243 gramos de durian proporcionar\u00e1:<\/p>\n<p>Calor\u00edas: 357 Grasa: 13 gramos Vitamina C: 80% Manganeso: 39% Niacina: 13%<br \/>\nFibra: 9 gramos Prote\u00edna: 4 gramos Tiamina: 61% Riboflavina: 29% Cobre: 25%<br \/>\nCarbohidratos: 66 gramos Vitamina B6: 38% Potasio: 30% Folato: 22% Magnesio: 18%<\/p>\n<h3><strong>Durian de Ant Farm &#8211; La mejor fruta congelada<\/strong><\/h3>\n<p>Ant Farm selecciona s\u00f3lo durianes de la mejor calidad y los procesa bajo estrictos controles higi\u00e9nicos y de calidad. No se a\u00f1aden conservantes artificiales, az\u00facares ni aromatizantes.<\/p>\n<ul>\n<li>El durian <strong>Ri6<\/strong> es la mejor variedad de durian del sur de Vietnam. En el interior del duri\u00e1n Ri6 se encuentran las pulpas secas, gruesas, dulces, moderadamente grasas, la pulpa no se pega a las manos con una agradable fragancia dulce de leche y la proporci\u00f3n de semillas peque\u00f1as es de hasta el 40%.<\/li>\n<li>El duri\u00e1n <strong>de Monthong<\/strong> es la variedad m\u00e1s extendida, as\u00ed como una de las exportaciones m\u00e1s famosas. Los durians de Monthong son ricos y cremosos, con un sabor muy dulce, suave y poco picante.<\/li>\n<li><strong>Equipo Congelador de Durian de Nitr\u00f3geno L\u00edquido:<\/strong> Tiempo de congelaci\u00f3n para durian entero, que es extremadamente m\u00e1s r\u00e1pido que el congelador convencional, ayuda a evitar el deterioro despu\u00e9s de la cosecha, mejorar la calidad de los alimentos.<\/li>\n<li>\n<h3><strong>Beneficios del duri\u00e1n<\/strong><\/h3>\n<p><strong>Previene las enfermedades cardiacas:<\/strong> los compuestos vegetales del duri\u00e1n reducen los niveles de colesterol y previenen el endurecimiento de las arterias.<\/p>\n<p><strong>Reducci\u00f3n del riesgo de c\u00e1ncer:<\/strong> El duri\u00e1n contiene muchos antioxidantes. Estas sustancias tienen la capacidad de neutralizar los radicales libres, principal causa de la formaci\u00f3n y el desarrollo de c\u00e9lulas cancerosas en el organismo. En concreto, el extracto de durian puede prevenir la propagaci\u00f3n del c\u00e1ncer de mama.<\/li>\n<li><strong>Controla el az\u00facar en sangre:<\/strong> El \u00edndice gluc\u00e9mico (IG) del duri\u00e1n es m\u00e1s bajo que el de otras frutas tropicales. Por lo tanto, el consumo de durian puede ayudar a reducir el az\u00facar en sangre, lo que a su vez previene el riesgo de diabetes o enfermedades cardiacas.<\/li>\n<li>Las c\u00e1scaras de duri\u00e1n son bastante duras y tienen muchos pinchos, as\u00ed que use guantes al pelarlas para proteger su piel de posibles da\u00f1os. Con un cuchillo, despegue suavemente la c\u00e1scara exterior y, a continuaci\u00f3n, extraiga la carne interior del duri\u00e1n. El durian puede comerse directamente o procesado con otros ingredientes, como arroz pegajoso.<\/li>\n<\/ul>\n","protected":false},"excerpt":{"rendered":"<p>Descubra la verdadera esencia del placer con nuestro Durian entero congelado. Procedente de los mejores huertos, cada duri\u00e1n se selecciona cuidadosamente y se congela con maestr\u00eda para preservar su textura rica y cremosa y su sabor inconfundible. Perfecto tanto para los entusiastas de los durianes como para los aficionados a la cocina, nuestro Durian entero congelado ofrece una forma sin complicaciones de disfrutar de este ex\u00f3tico manjar. Ya sea solo o utilizado en recetas creativas, nuestro durian promete una experiencia de sabor inigualable. Sum\u00e9rjase en un mundo de delicias tropicales: pida hoy mismo su Durian entero congelado y saboree el excepcional sabor de esta extraordinaria fruta.<\/p>\n","protected":false},"featured_media":5091,"comment_status":"open","ping_status":"closed","template":"","meta":{"content-type":""},"product_brand":[],"product_cat":[424],"product_tag":[447,445,446],"class_list":{"0":"post-5051","1":"product","2":"type-product","3":"status-publish","4":"has-post-thumbnail","6":"product_cat-frozen-es","7":"product_tag-amantes-del-durian","8":"product_tag-durian-congelado","9":"product_tag-frutas-exoticas","11":"first","12":"instock","13":"shipping-taxable","14":"purchasable","15":"product-type-variable","16":"has-default-attributes"},"yoast_head":"<!-- This site is optimized with the Yoast SEO plugin v26.9 - https:\/\/yoast.com\/product\/yoast-seo-wordpress\/ -->\n<title>Deliciosos Durian Enteros Congelados: El sabor de la perfecci\u00f3n ex\u00f3tica - Nghiep Xuan - Importaci\u00f3n y Exportaci\u00f3n Agr\u00edcola<\/title>\n<meta name=\"robots\" content=\"index, follow, max-snippet:-1, max-image-preview:large, max-video-preview:-1\" \/>\n<link rel=\"canonical\" href=\"https:\/\/nghiepxuan.com\/es\/product\/delicioso-durian-congelado-entero-un-sabor-de-exotica-perfeccion\/\" \/>\n<meta property=\"og:locale\" content=\"es_ES\" \/>\n<meta property=\"og:type\" content=\"article\" \/>\n<meta property=\"og:title\" content=\"Deliciosos Durian Enteros Congelados: El sabor de la perfecci\u00f3n ex\u00f3tica - Nghiep Xuan - Importaci\u00f3n y Exportaci\u00f3n Agr\u00edcola\" \/>\n<meta property=\"og:description\" content=\"Descubra la verdadera esencia del placer con nuestro Durian entero congelado. Procedente de los mejores huertos, cada duri\u00e1n se selecciona cuidadosamente y se congela con maestr\u00eda para preservar su textura rica y cremosa y su sabor inconfundible. Perfecto tanto para los entusiastas de los durianes como para los aficionados a la cocina, nuestro Durian entero congelado ofrece una forma sin complicaciones de disfrutar de este ex\u00f3tico manjar. Ya sea solo o utilizado en recetas creativas, nuestro durian promete una experiencia de sabor inigualable. Sum\u00e9rjase en un mundo de delicias tropicales: pida hoy mismo su Durian entero congelado y saboree el excepcional sabor de esta extraordinaria fruta.\" \/>\n<meta property=\"og:url\" content=\"https:\/\/nghiepxuan.com\/es\/product\/delicioso-durian-congelado-entero-un-sabor-de-exotica-perfeccion\/\" \/>\n<meta property=\"og:site_name\" content=\"Nghiep Xuan - Importaci\u00f3n y Exportaci\u00f3n Agr\u00edcola\" \/>\n<meta property=\"article:publisher\" content=\"https:\/\/www.facebook.com\/nongsannghiepxuan\/\" \/>\n<meta property=\"og:image\" content=\"https:\/\/nghiepxuan.com\/wp-content\/uploads\/2023\/10\/sau-rieng-trai-cap-dong.gif\" \/>\n\t<meta property=\"og:image:width\" content=\"800\" \/>\n\t<meta property=\"og:image:height\" content=\"800\" \/>\n\t<meta property=\"og:image:type\" content=\"image\/gif\" \/>\n<meta name=\"twitter:card\" content=\"summary_large_image\" \/>\n<meta name=\"twitter:site\" content=\"@PhuTonBui\" \/>\n<meta name=\"twitter:label1\" content=\"Tiempo de lectura\" \/>\n\t<meta name=\"twitter:data1\" content=\"3 minutos\" \/>\n<script type=\"application\/ld+json\" class=\"yoast-schema-graph\">{\"@context\":\"https:\/\/schema.org\",\"@graph\":[{\"@type\":\"WebPage\",\"@id\":\"https:\/\/nghiepxuan.com\/es\/product\/delicioso-durian-congelado-entero-un-sabor-de-exotica-perfeccion\/\",\"url\":\"https:\/\/nghiepxuan.com\/es\/product\/delicioso-durian-congelado-entero-un-sabor-de-exotica-perfeccion\/\",\"name\":\"Deliciosos Durian Enteros Congelados: El sabor de la perfecci\u00f3n ex\u00f3tica - Nghiep Xuan - Importaci\u00f3n y Exportaci\u00f3n Agr\u00edcola\",\"isPartOf\":{\"@id\":\"https:\/\/nghiepxuan.com\/es\/#website\"},\"primaryImageOfPage\":{\"@id\":\"https:\/\/nghiepxuan.com\/es\/product\/delicioso-durian-congelado-entero-un-sabor-de-exotica-perfeccion\/#primaryimage\"},\"image\":{\"@id\":\"https:\/\/nghiepxuan.com\/es\/product\/delicioso-durian-congelado-entero-un-sabor-de-exotica-perfeccion\/#primaryimage\"},\"thumbnailUrl\":\"https:\/\/nghiepxuan.com\/wp-content\/uploads\/2023\/10\/sau-rieng-trai-cap-dong.gif\",\"datePublished\":\"2025-04-12T02:59:21+00:00\",\"breadcrumb\":{\"@id\":\"https:\/\/nghiepxuan.com\/es\/product\/delicioso-durian-congelado-entero-un-sabor-de-exotica-perfeccion\/#breadcrumb\"},\"inLanguage\":\"es\",\"potentialAction\":[{\"@type\":\"ReadAction\",\"target\":[\"https:\/\/nghiepxuan.com\/es\/product\/delicioso-durian-congelado-entero-un-sabor-de-exotica-perfeccion\/\"]}]},{\"@type\":\"ImageObject\",\"inLanguage\":\"es\",\"@id\":\"https:\/\/nghiepxuan.com\/es\/product\/delicioso-durian-congelado-entero-un-sabor-de-exotica-perfeccion\/#primaryimage\",\"url\":\"https:\/\/nghiepxuan.com\/wp-content\/uploads\/2023\/10\/sau-rieng-trai-cap-dong.gif\",\"contentUrl\":\"https:\/\/nghiepxuan.com\/wp-content\/uploads\/2023\/10\/sau-rieng-trai-cap-dong.gif\",\"width\":800,\"height\":800},{\"@type\":\"BreadcrumbList\",\"@id\":\"https:\/\/nghiepxuan.com\/es\/product\/delicioso-durian-congelado-entero-un-sabor-de-exotica-perfeccion\/#breadcrumb\",\"itemListElement\":[{\"@type\":\"ListItem\",\"position\":1,\"name\":\"Home\",\"item\":\"https:\/\/nghiepxuan.com\/es\/\"},{\"@type\":\"ListItem\",\"position\":2,\"name\":\"Tienda\",\"item\":\"https:\/\/nghiepxuan.com\/es\/shop\/\"},{\"@type\":\"ListItem\",\"position\":3,\"name\":\"Deliciosos Durian Enteros Congelados: El sabor de la perfecci\u00f3n ex\u00f3tica\"}]},{\"@type\":\"WebSite\",\"@id\":\"https:\/\/nghiepxuan.com\/es\/#website\",\"url\":\"https:\/\/nghiepxuan.com\/es\/\",\"name\":\"Nghiep Xuan - Agricultural Import and Export\",\"description\":\"Nutriendo la naturaleza, cosechando salud: su destino de estilo de vida org\u00e1nico\",\"publisher\":{\"@id\":\"https:\/\/nghiepxuan.com\/es\/#organization\"},\"potentialAction\":[{\"@type\":\"SearchAction\",\"target\":{\"@type\":\"EntryPoint\",\"urlTemplate\":\"https:\/\/nghiepxuan.com\/es\/?s={search_term_string}\"},\"query-input\":{\"@type\":\"PropertyValueSpecification\",\"valueRequired\":true,\"valueName\":\"search_term_string\"}}],\"inLanguage\":\"es\"},{\"@type\":\"Organization\",\"@id\":\"https:\/\/nghiepxuan.com\/es\/#organization\",\"name\":\"Nghiep Xuan - Agricultural Import and Export\",\"url\":\"https:\/\/nghiepxuan.com\/es\/\",\"logo\":{\"@type\":\"ImageObject\",\"inLanguage\":\"es\",\"@id\":\"https:\/\/nghiepxuan.com\/es\/#\/schema\/logo\/image\/\",\"url\":\"https:\/\/nghiepxuan.com\/wp-content\/uploads\/2025\/04\/Nghiep-Xuan-Logo-4.png\",\"contentUrl\":\"https:\/\/nghiepxuan.com\/wp-content\/uploads\/2025\/04\/Nghiep-Xuan-Logo-4.png\",\"width\":4167,\"height\":1015,\"caption\":\"Nghiep Xuan - Agricultural Import and Export\"},\"image\":{\"@id\":\"https:\/\/nghiepxuan.com\/es\/#\/schema\/logo\/image\/\"},\"sameAs\":[\"https:\/\/www.facebook.com\/nongsannghiepxuan\/\",\"https:\/\/x.com\/PhuTonBui\",\"https:\/\/www.instagram.com\/xuatnhapkhaunghiepxuan\/\",\"https:\/\/www.youtube.com\/@nongsannghiepxuan2066\",\"https:\/\/www.tiktok.com\/@nghiepxuan\"]}]}<\/script>\n<!-- \/ Yoast SEO plugin. -->","yoast_head_json":{"title":"Deliciosos Durian Enteros Congelados: El sabor de la perfecci\u00f3n ex\u00f3tica - Nghiep Xuan - Importaci\u00f3n y Exportaci\u00f3n Agr\u00edcola","robots":{"index":"index","follow":"follow","max-snippet":"max-snippet:-1","max-image-preview":"max-image-preview:large","max-video-preview":"max-video-preview:-1"},"canonical":"https:\/\/nghiepxuan.com\/es\/product\/delicioso-durian-congelado-entero-un-sabor-de-exotica-perfeccion\/","og_locale":"es_ES","og_type":"article","og_title":"Deliciosos Durian Enteros Congelados: El sabor de la perfecci\u00f3n ex\u00f3tica - Nghiep Xuan - Importaci\u00f3n y Exportaci\u00f3n Agr\u00edcola","og_description":"Descubra la verdadera esencia del placer con nuestro Durian entero congelado. Procedente de los mejores huertos, cada duri\u00e1n se selecciona cuidadosamente y se congela con maestr\u00eda para preservar su textura rica y cremosa y su sabor inconfundible. Perfecto tanto para los entusiastas de los durianes como para los aficionados a la cocina, nuestro Durian entero congelado ofrece una forma sin complicaciones de disfrutar de este ex\u00f3tico manjar. Ya sea solo o utilizado en recetas creativas, nuestro durian promete una experiencia de sabor inigualable. Sum\u00e9rjase en un mundo de delicias tropicales: pida hoy mismo su Durian entero congelado y saboree el excepcional sabor de esta extraordinaria fruta.","og_url":"https:\/\/nghiepxuan.com\/es\/product\/delicioso-durian-congelado-entero-un-sabor-de-exotica-perfeccion\/","og_site_name":"Nghiep Xuan - Importaci\u00f3n y Exportaci\u00f3n Agr\u00edcola","article_publisher":"https:\/\/www.facebook.com\/nongsannghiepxuan\/","og_image":[{"width":800,"height":800,"url":"https:\/\/nghiepxuan.com\/wp-content\/uploads\/2023\/10\/sau-rieng-trai-cap-dong.gif","type":"image\/gif"}],"twitter_card":"summary_large_image","twitter_site":"@PhuTonBui","twitter_misc":{"Tiempo de lectura":"3 minutos"},"schema":{"@context":"https:\/\/schema.org","@graph":[{"@type":"WebPage","@id":"https:\/\/nghiepxuan.com\/es\/product\/delicioso-durian-congelado-entero-un-sabor-de-exotica-perfeccion\/","url":"https:\/\/nghiepxuan.com\/es\/product\/delicioso-durian-congelado-entero-un-sabor-de-exotica-perfeccion\/","name":"Deliciosos Durian Enteros Congelados: El sabor de la perfecci\u00f3n ex\u00f3tica - Nghiep Xuan - Importaci\u00f3n y Exportaci\u00f3n Agr\u00edcola","isPartOf":{"@id":"https:\/\/nghiepxuan.com\/es\/#website"},"primaryImageOfPage":{"@id":"https:\/\/nghiepxuan.com\/es\/product\/delicioso-durian-congelado-entero-un-sabor-de-exotica-perfeccion\/#primaryimage"},"image":{"@id":"https:\/\/nghiepxuan.com\/es\/product\/delicioso-durian-congelado-entero-un-sabor-de-exotica-perfeccion\/#primaryimage"},"thumbnailUrl":"https:\/\/nghiepxuan.com\/wp-content\/uploads\/2023\/10\/sau-rieng-trai-cap-dong.gif","datePublished":"2025-04-12T02:59:21+00:00","breadcrumb":{"@id":"https:\/\/nghiepxuan.com\/es\/product\/delicioso-durian-congelado-entero-un-sabor-de-exotica-perfeccion\/#breadcrumb"},"inLanguage":"es","potentialAction":[{"@type":"ReadAction","target":["https:\/\/nghiepxuan.com\/es\/product\/delicioso-durian-congelado-entero-un-sabor-de-exotica-perfeccion\/"]}]},{"@type":"ImageObject","inLanguage":"es","@id":"https:\/\/nghiepxuan.com\/es\/product\/delicioso-durian-congelado-entero-un-sabor-de-exotica-perfeccion\/#primaryimage","url":"https:\/\/nghiepxuan.com\/wp-content\/uploads\/2023\/10\/sau-rieng-trai-cap-dong.gif","contentUrl":"https:\/\/nghiepxuan.com\/wp-content\/uploads\/2023\/10\/sau-rieng-trai-cap-dong.gif","width":800,"height":800},{"@type":"BreadcrumbList","@id":"https:\/\/nghiepxuan.com\/es\/product\/delicioso-durian-congelado-entero-un-sabor-de-exotica-perfeccion\/#breadcrumb","itemListElement":[{"@type":"ListItem","position":1,"name":"Home","item":"https:\/\/nghiepxuan.com\/es\/"},{"@type":"ListItem","position":2,"name":"Tienda","item":"https:\/\/nghiepxuan.com\/es\/shop\/"},{"@type":"ListItem","position":3,"name":"Deliciosos Durian Enteros Congelados: El sabor de la perfecci\u00f3n ex\u00f3tica"}]},{"@type":"WebSite","@id":"https:\/\/nghiepxuan.com\/es\/#website","url":"https:\/\/nghiepxuan.com\/es\/","name":"Nghiep Xuan - Agricultural Import and Export","description":"Nutriendo la naturaleza, cosechando salud: su destino de estilo de vida org\u00e1nico","publisher":{"@id":"https:\/\/nghiepxuan.com\/es\/#organization"},"potentialAction":[{"@type":"SearchAction","target":{"@type":"EntryPoint","urlTemplate":"https:\/\/nghiepxuan.com\/es\/?s={search_term_string}"},"query-input":{"@type":"PropertyValueSpecification","valueRequired":true,"valueName":"search_term_string"}}],"inLanguage":"es"},{"@type":"Organization","@id":"https:\/\/nghiepxuan.com\/es\/#organization","name":"Nghiep Xuan - Agricultural Import and Export","url":"https:\/\/nghiepxuan.com\/es\/","logo":{"@type":"ImageObject","inLanguage":"es","@id":"https:\/\/nghiepxuan.com\/es\/#\/schema\/logo\/image\/","url":"https:\/\/nghiepxuan.com\/wp-content\/uploads\/2025\/04\/Nghiep-Xuan-Logo-4.png","contentUrl":"https:\/\/nghiepxuan.com\/wp-content\/uploads\/2025\/04\/Nghiep-Xuan-Logo-4.png","width":4167,"height":1015,"caption":"Nghiep Xuan - Agricultural Import and Export"},"image":{"@id":"https:\/\/nghiepxuan.com\/es\/#\/schema\/logo\/image\/"},"sameAs":["https:\/\/www.facebook.com\/nongsannghiepxuan\/","https:\/\/x.com\/PhuTonBui","https:\/\/www.instagram.com\/xuatnhapkhaunghiepxuan\/","https:\/\/www.youtube.com\/@nongsannghiepxuan2066","https:\/\/www.tiktok.com\/@nghiepxuan"]}]}},"_links":{"self":[{"href":"https:\/\/nghiepxuan.com\/es\/wp-json\/wp\/v2\/product\/5051","targetHints":{"allow":["GET"]}}],"collection":[{"href":"https:\/\/nghiepxuan.com\/es\/wp-json\/wp\/v2\/product"}],"about":[{"href":"https:\/\/nghiepxuan.com\/es\/wp-json\/wp\/v2\/types\/product"}],"replies":[{"embeddable":true,"href":"https:\/\/nghiepxuan.com\/es\/wp-json\/wp\/v2\/comments?post=5051"}],"version-history":[{"count":1,"href":"https:\/\/nghiepxuan.com\/es\/wp-json\/wp\/v2\/product\/5051\/revisions"}],"predecessor-version":[{"id":6982,"href":"https:\/\/nghiepxuan.com\/es\/wp-json\/wp\/v2\/product\/5051\/revisions\/6982"}],"wp:featuredmedia":[{"embeddable":true,"href":"https:\/\/nghiepxuan.com\/es\/wp-json\/wp\/v2\/media\/5091"}],"wp:attachment":[{"href":"https:\/\/nghiepxuan.com\/es\/wp-json\/wp\/v2\/media?parent=5051"}],"wp:term":[{"taxonomy":"product_brand","embeddable":true,"href":"https:\/\/nghiepxuan.com\/es\/wp-json\/wp\/v2\/product_brand?post=5051"},{"taxonomy":"product_cat","embeddable":true,"href":"https:\/\/nghiepxuan.com\/es\/wp-json\/wp\/v2\/product_cat?post=5051"},{"taxonomy":"product_tag","embeddable":true,"href":"https:\/\/nghiepxuan.com\/es\/wp-json\/wp\/v2\/product_tag?post=5051"}],"curies":[{"name":"wp","href":"https:\/\/api.w.org\/{rel}","templated":true}]}}