{"id":4968,"date":"2023-10-23T02:46:30","date_gmt":"2023-10-23T02:46:30","guid":{"rendered":"https:\/\/farm-lang.cdn-pi.com\/product\/explore-las-delicias-del-pomelo-fresco-el-dulce-tesoro-tropical-de-la-naturaleza\/"},"modified":"2025-03-29T10:00:58","modified_gmt":"2025-03-29T10:00:58","slug":"explore-las-delicias-del-fruto-de-la-jack-naturaleza-dulce-tesoro-tropical","status":"publish","type":"product","link":"https:\/\/nghiepxuan.com\/es\/product\/explore-las-delicias-del-fruto-de-la-jack-naturaleza-dulce-tesoro-tropical\/","title":{"rendered":"Explore las delicias del pomelo fresco: El dulce tesoro tropical de la naturaleza"},"content":{"rendered":"<p>\u00a1Sum\u00e9rjase en la dulzura tropical del pomelo fresco!<\/p>\n<p>Descubra los extraordinarios sabores de nuestro jackfruit fresco, un delicioso manjar tropical que captura la esencia de los huertos ba\u00f1ados por el sol. Conocida como la fruta de \u00e1rbol m\u00e1s grande del mundo, la yaca presume de una combinaci\u00f3n \u00fanica de dulzor y versatilidad, lo que la convierte en una de las favoritas de entusiastas de la cocina y chefs por igual.<\/p>\n<p>Nuestros jackfruits proceden de las mejores arboledas, lo que garantiza que se recogen en su punto \u00f3ptimo de maduraci\u00f3n. Con un delicioso sabor que recuerda a una mezcla de pi\u00f1a, pl\u00e1tano y mango, nuestras jackfruits son una deliciosa adici\u00f3n a sus aventuras culinarias. Su carne, dulce y fragante por naturaleza, no s\u00f3lo es deliciosa, sino que tambi\u00e9n contiene nutrientes esenciales, lo que la convierte en una opci\u00f3n saludable para su dieta.<\/p>\n<p>Ya sea fresco, asado, mezclado en batidos o incorporado a platos salados, las posibilidades del jackfruit son infinitas. Su textura carnosa la convierte en una popular alternativa vegetal, perfecta para crear recetas vegetarianas y veganas que satisfagan incluso a los paladares m\u00e1s exigentes.<\/p>\n<p>Explore el rico sabor tropical de nuestro jackfruit fresco y eleve sus comidas con un toque de dulzura ex\u00f3tica. Perfecto para picar, hornear, asar o experimentar en la cocina, nuestro jackfruit le invita a experimentar los vibrantes sabores del tr\u00f3pico.<\/p>\n<p>Del\u00e9itese con la dulzura natural y la versatilidad del jackfruit fresco. Vis\u00edtenos hoy mismo y emb\u00e1rquese en un viaje culinario que celebra la abundancia del placer tropical.<\/p>\n","protected":false},"excerpt":{"rendered":"<p>Experimente la magia tropical del jackfruit fresco. Nuestras jackfruits son una mezcla perfecta de dulce y vers\u00e1til, lo que las convierte en una deliciosa adici\u00f3n a sus aventuras culinarias. Ya sea fresco, asado, mezclado en batidos o utilizado en platos salados, el jackfruit a\u00f1ade un toque ex\u00f3tico a sus comidas. Descubra el lado dulce de los tr\u00f3picos con nuestro jackfruit fresco<\/p>\n","protected":false},"featured_media":4744,"comment_status":"open","ping_status":"closed","template":"","meta":{"content-type":""},"product_brand":[],"product_cat":[175],"product_tag":[362,363,364],"class_list":{"0":"post-4968","1":"product","2":"type-product","3":"status-publish","4":"has-post-thumbnail","6":"product_cat-fruits-es","7":"product_tag-alegria-de-jaca","8":"product_tag-delicias-tropicales","9":"product_tag-maravilla-vegetal","11":"first","12":"instock","13":"shipping-taxable","14":"purchasable","15":"product-type-variable","16":"has-default-attributes"},"yoast_head":"<!-- This site is optimized with the Yoast SEO plugin v26.9 - https:\/\/yoast.com\/product\/yoast-seo-wordpress\/ -->\n<title>Explore las delicias del pomelo fresco: El dulce tesoro tropical de la naturaleza - Nghiep Xuan - Importaci\u00f3n y Exportaci\u00f3n Agr\u00edcola<\/title>\n<meta name=\"robots\" content=\"index, follow, max-snippet:-1, max-image-preview:large, max-video-preview:-1\" \/>\n<link rel=\"canonical\" href=\"https:\/\/nghiepxuan.com\/es\/product\/explore-las-delicias-del-fruto-de-la-jack-naturaleza-dulce-tesoro-tropical\/\" \/>\n<meta property=\"og:locale\" content=\"es_ES\" \/>\n<meta property=\"og:type\" content=\"article\" \/>\n<meta property=\"og:title\" content=\"Explore las delicias del pomelo fresco: El dulce tesoro tropical de la naturaleza - Nghiep Xuan - Importaci\u00f3n y Exportaci\u00f3n Agr\u00edcola\" \/>\n<meta property=\"og:description\" content=\"Experimente la magia tropical del jackfruit fresco. Nuestras jackfruits son una mezcla perfecta de dulce y vers\u00e1til, lo que las convierte en una deliciosa adici\u00f3n a sus aventuras culinarias. Ya sea fresco, asado, mezclado en batidos o utilizado en platos salados, el jackfruit a\u00f1ade un toque ex\u00f3tico a sus comidas. Descubra el lado dulce de los tr\u00f3picos con nuestro jackfruit fresco\" \/>\n<meta property=\"og:url\" content=\"https:\/\/nghiepxuan.com\/es\/product\/explore-las-delicias-del-fruto-de-la-jack-naturaleza-dulce-tesoro-tropical\/\" \/>\n<meta property=\"og:site_name\" content=\"Nghiep Xuan - Importaci\u00f3n y Exportaci\u00f3n Agr\u00edcola\" \/>\n<meta property=\"article:publisher\" content=\"https:\/\/www.facebook.com\/nongsannghiepxuan\/\" \/>\n<meta property=\"article:modified_time\" content=\"2025-03-29T10:00:58+00:00\" \/>\n<meta property=\"og:image\" content=\"https:\/\/nghiepxuan.com\/wp-content\/uploads\/2023\/10\/tim-hieu-ve-qua-mit-san-pham-va-cac-vi-luong-co-trong-qua-mit-01-min.jpg\" \/>\n\t<meta property=\"og:image:width\" content=\"696\" \/>\n\t<meta property=\"og:image:height\" content=\"435\" \/>\n\t<meta property=\"og:image:type\" content=\"image\/jpeg\" \/>\n<meta name=\"twitter:card\" content=\"summary_large_image\" \/>\n<meta name=\"twitter:site\" content=\"@PhuTonBui\" \/>\n<meta name=\"twitter:label1\" content=\"Tiempo de lectura\" \/>\n\t<meta name=\"twitter:data1\" content=\"1 minuto\" \/>\n<script type=\"application\/ld+json\" class=\"yoast-schema-graph\">{\"@context\":\"https:\/\/schema.org\",\"@graph\":[{\"@type\":\"WebPage\",\"@id\":\"https:\/\/nghiepxuan.com\/es\/product\/explore-las-delicias-del-fruto-de-la-jack-naturaleza-dulce-tesoro-tropical\/\",\"url\":\"https:\/\/nghiepxuan.com\/es\/product\/explore-las-delicias-del-fruto-de-la-jack-naturaleza-dulce-tesoro-tropical\/\",\"name\":\"Explore las delicias del pomelo fresco: El dulce tesoro tropical de la naturaleza - Nghiep Xuan - Importaci\u00f3n y Exportaci\u00f3n Agr\u00edcola\",\"isPartOf\":{\"@id\":\"https:\/\/nghiepxuan.com\/es\/#website\"},\"primaryImageOfPage\":{\"@id\":\"https:\/\/nghiepxuan.com\/es\/product\/explore-las-delicias-del-fruto-de-la-jack-naturaleza-dulce-tesoro-tropical\/#primaryimage\"},\"image\":{\"@id\":\"https:\/\/nghiepxuan.com\/es\/product\/explore-las-delicias-del-fruto-de-la-jack-naturaleza-dulce-tesoro-tropical\/#primaryimage\"},\"thumbnailUrl\":\"https:\/\/nghiepxuan.com\/wp-content\/uploads\/2023\/10\/tim-hieu-ve-qua-mit-san-pham-va-cac-vi-luong-co-trong-qua-mit-01-min.jpg\",\"datePublished\":\"2023-10-23T02:46:30+00:00\",\"dateModified\":\"2025-03-29T10:00:58+00:00\",\"breadcrumb\":{\"@id\":\"https:\/\/nghiepxuan.com\/es\/product\/explore-las-delicias-del-fruto-de-la-jack-naturaleza-dulce-tesoro-tropical\/#breadcrumb\"},\"inLanguage\":\"es\",\"potentialAction\":[{\"@type\":\"ReadAction\",\"target\":[\"https:\/\/nghiepxuan.com\/es\/product\/explore-las-delicias-del-fruto-de-la-jack-naturaleza-dulce-tesoro-tropical\/\"]}]},{\"@type\":\"ImageObject\",\"inLanguage\":\"es\",\"@id\":\"https:\/\/nghiepxuan.com\/es\/product\/explore-las-delicias-del-fruto-de-la-jack-naturaleza-dulce-tesoro-tropical\/#primaryimage\",\"url\":\"https:\/\/nghiepxuan.com\/wp-content\/uploads\/2023\/10\/tim-hieu-ve-qua-mit-san-pham-va-cac-vi-luong-co-trong-qua-mit-01-min.jpg\",\"contentUrl\":\"https:\/\/nghiepxuan.com\/wp-content\/uploads\/2023\/10\/tim-hieu-ve-qua-mit-san-pham-va-cac-vi-luong-co-trong-qua-mit-01-min.jpg\",\"width\":696,\"height\":435},{\"@type\":\"BreadcrumbList\",\"@id\":\"https:\/\/nghiepxuan.com\/es\/product\/explore-las-delicias-del-fruto-de-la-jack-naturaleza-dulce-tesoro-tropical\/#breadcrumb\",\"itemListElement\":[{\"@type\":\"ListItem\",\"position\":1,\"name\":\"Home\",\"item\":\"https:\/\/nghiepxuan.com\/es\/\"},{\"@type\":\"ListItem\",\"position\":2,\"name\":\"Tienda\",\"item\":\"https:\/\/nghiepxuan.com\/es\/shop\/\"},{\"@type\":\"ListItem\",\"position\":3,\"name\":\"Explore las delicias del pomelo fresco: El dulce tesoro tropical de la naturaleza\"}]},{\"@type\":\"WebSite\",\"@id\":\"https:\/\/nghiepxuan.com\/es\/#website\",\"url\":\"https:\/\/nghiepxuan.com\/es\/\",\"name\":\"Nghiep Xuan - Agricultural Import and Export\",\"description\":\"Nutriendo la naturaleza, cosechando salud: su destino de estilo de vida org\u00e1nico\",\"publisher\":{\"@id\":\"https:\/\/nghiepxuan.com\/es\/#organization\"},\"potentialAction\":[{\"@type\":\"SearchAction\",\"target\":{\"@type\":\"EntryPoint\",\"urlTemplate\":\"https:\/\/nghiepxuan.com\/es\/?s={search_term_string}\"},\"query-input\":{\"@type\":\"PropertyValueSpecification\",\"valueRequired\":true,\"valueName\":\"search_term_string\"}}],\"inLanguage\":\"es\"},{\"@type\":\"Organization\",\"@id\":\"https:\/\/nghiepxuan.com\/es\/#organization\",\"name\":\"Nghiep Xuan - Agricultural Import and Export\",\"url\":\"https:\/\/nghiepxuan.com\/es\/\",\"logo\":{\"@type\":\"ImageObject\",\"inLanguage\":\"es\",\"@id\":\"https:\/\/nghiepxuan.com\/es\/#\/schema\/logo\/image\/\",\"url\":\"https:\/\/nghiepxuan.com\/wp-content\/uploads\/2025\/04\/Nghiep-Xuan-Logo-4.png\",\"contentUrl\":\"https:\/\/nghiepxuan.com\/wp-content\/uploads\/2025\/04\/Nghiep-Xuan-Logo-4.png\",\"width\":4167,\"height\":1015,\"caption\":\"Nghiep Xuan - Agricultural Import and Export\"},\"image\":{\"@id\":\"https:\/\/nghiepxuan.com\/es\/#\/schema\/logo\/image\/\"},\"sameAs\":[\"https:\/\/www.facebook.com\/nongsannghiepxuan\/\",\"https:\/\/x.com\/PhuTonBui\",\"https:\/\/www.instagram.com\/xuatnhapkhaunghiepxuan\/\",\"https:\/\/www.youtube.com\/@nongsannghiepxuan2066\",\"https:\/\/www.tiktok.com\/@nghiepxuan\"]}]}<\/script>\n<!-- \/ Yoast SEO plugin. -->","yoast_head_json":{"title":"Explore las delicias del pomelo fresco: El dulce tesoro tropical de la naturaleza - Nghiep Xuan - Importaci\u00f3n y Exportaci\u00f3n Agr\u00edcola","robots":{"index":"index","follow":"follow","max-snippet":"max-snippet:-1","max-image-preview":"max-image-preview:large","max-video-preview":"max-video-preview:-1"},"canonical":"https:\/\/nghiepxuan.com\/es\/product\/explore-las-delicias-del-fruto-de-la-jack-naturaleza-dulce-tesoro-tropical\/","og_locale":"es_ES","og_type":"article","og_title":"Explore las delicias del pomelo fresco: El dulce tesoro tropical de la naturaleza - Nghiep Xuan - Importaci\u00f3n y Exportaci\u00f3n Agr\u00edcola","og_description":"Experimente la magia tropical del jackfruit fresco. Nuestras jackfruits son una mezcla perfecta de dulce y vers\u00e1til, lo que las convierte en una deliciosa adici\u00f3n a sus aventuras culinarias. Ya sea fresco, asado, mezclado en batidos o utilizado en platos salados, el jackfruit a\u00f1ade un toque ex\u00f3tico a sus comidas. Descubra el lado dulce de los tr\u00f3picos con nuestro jackfruit fresco","og_url":"https:\/\/nghiepxuan.com\/es\/product\/explore-las-delicias-del-fruto-de-la-jack-naturaleza-dulce-tesoro-tropical\/","og_site_name":"Nghiep Xuan - Importaci\u00f3n y Exportaci\u00f3n Agr\u00edcola","article_publisher":"https:\/\/www.facebook.com\/nongsannghiepxuan\/","article_modified_time":"2025-03-29T10:00:58+00:00","og_image":[{"width":696,"height":435,"url":"https:\/\/nghiepxuan.com\/wp-content\/uploads\/2023\/10\/tim-hieu-ve-qua-mit-san-pham-va-cac-vi-luong-co-trong-qua-mit-01-min.jpg","type":"image\/jpeg"}],"twitter_card":"summary_large_image","twitter_site":"@PhuTonBui","twitter_misc":{"Tiempo de lectura":"1 minuto"},"schema":{"@context":"https:\/\/schema.org","@graph":[{"@type":"WebPage","@id":"https:\/\/nghiepxuan.com\/es\/product\/explore-las-delicias-del-fruto-de-la-jack-naturaleza-dulce-tesoro-tropical\/","url":"https:\/\/nghiepxuan.com\/es\/product\/explore-las-delicias-del-fruto-de-la-jack-naturaleza-dulce-tesoro-tropical\/","name":"Explore las delicias del pomelo fresco: El dulce tesoro tropical de la naturaleza - Nghiep Xuan - Importaci\u00f3n y Exportaci\u00f3n Agr\u00edcola","isPartOf":{"@id":"https:\/\/nghiepxuan.com\/es\/#website"},"primaryImageOfPage":{"@id":"https:\/\/nghiepxuan.com\/es\/product\/explore-las-delicias-del-fruto-de-la-jack-naturaleza-dulce-tesoro-tropical\/#primaryimage"},"image":{"@id":"https:\/\/nghiepxuan.com\/es\/product\/explore-las-delicias-del-fruto-de-la-jack-naturaleza-dulce-tesoro-tropical\/#primaryimage"},"thumbnailUrl":"https:\/\/nghiepxuan.com\/wp-content\/uploads\/2023\/10\/tim-hieu-ve-qua-mit-san-pham-va-cac-vi-luong-co-trong-qua-mit-01-min.jpg","datePublished":"2023-10-23T02:46:30+00:00","dateModified":"2025-03-29T10:00:58+00:00","breadcrumb":{"@id":"https:\/\/nghiepxuan.com\/es\/product\/explore-las-delicias-del-fruto-de-la-jack-naturaleza-dulce-tesoro-tropical\/#breadcrumb"},"inLanguage":"es","potentialAction":[{"@type":"ReadAction","target":["https:\/\/nghiepxuan.com\/es\/product\/explore-las-delicias-del-fruto-de-la-jack-naturaleza-dulce-tesoro-tropical\/"]}]},{"@type":"ImageObject","inLanguage":"es","@id":"https:\/\/nghiepxuan.com\/es\/product\/explore-las-delicias-del-fruto-de-la-jack-naturaleza-dulce-tesoro-tropical\/#primaryimage","url":"https:\/\/nghiepxuan.com\/wp-content\/uploads\/2023\/10\/tim-hieu-ve-qua-mit-san-pham-va-cac-vi-luong-co-trong-qua-mit-01-min.jpg","contentUrl":"https:\/\/nghiepxuan.com\/wp-content\/uploads\/2023\/10\/tim-hieu-ve-qua-mit-san-pham-va-cac-vi-luong-co-trong-qua-mit-01-min.jpg","width":696,"height":435},{"@type":"BreadcrumbList","@id":"https:\/\/nghiepxuan.com\/es\/product\/explore-las-delicias-del-fruto-de-la-jack-naturaleza-dulce-tesoro-tropical\/#breadcrumb","itemListElement":[{"@type":"ListItem","position":1,"name":"Home","item":"https:\/\/nghiepxuan.com\/es\/"},{"@type":"ListItem","position":2,"name":"Tienda","item":"https:\/\/nghiepxuan.com\/es\/shop\/"},{"@type":"ListItem","position":3,"name":"Explore las delicias del pomelo fresco: El dulce tesoro tropical de la naturaleza"}]},{"@type":"WebSite","@id":"https:\/\/nghiepxuan.com\/es\/#website","url":"https:\/\/nghiepxuan.com\/es\/","name":"Nghiep Xuan - Agricultural Import and Export","description":"Nutriendo la naturaleza, cosechando salud: su destino de estilo de vida org\u00e1nico","publisher":{"@id":"https:\/\/nghiepxuan.com\/es\/#organization"},"potentialAction":[{"@type":"SearchAction","target":{"@type":"EntryPoint","urlTemplate":"https:\/\/nghiepxuan.com\/es\/?s={search_term_string}"},"query-input":{"@type":"PropertyValueSpecification","valueRequired":true,"valueName":"search_term_string"}}],"inLanguage":"es"},{"@type":"Organization","@id":"https:\/\/nghiepxuan.com\/es\/#organization","name":"Nghiep Xuan - Agricultural Import and Export","url":"https:\/\/nghiepxuan.com\/es\/","logo":{"@type":"ImageObject","inLanguage":"es","@id":"https:\/\/nghiepxuan.com\/es\/#\/schema\/logo\/image\/","url":"https:\/\/nghiepxuan.com\/wp-content\/uploads\/2025\/04\/Nghiep-Xuan-Logo-4.png","contentUrl":"https:\/\/nghiepxuan.com\/wp-content\/uploads\/2025\/04\/Nghiep-Xuan-Logo-4.png","width":4167,"height":1015,"caption":"Nghiep Xuan - Agricultural Import and Export"},"image":{"@id":"https:\/\/nghiepxuan.com\/es\/#\/schema\/logo\/image\/"},"sameAs":["https:\/\/www.facebook.com\/nongsannghiepxuan\/","https:\/\/x.com\/PhuTonBui","https:\/\/www.instagram.com\/xuatnhapkhaunghiepxuan\/","https:\/\/www.youtube.com\/@nongsannghiepxuan2066","https:\/\/www.tiktok.com\/@nghiepxuan"]}]}},"_links":{"self":[{"href":"https:\/\/nghiepxuan.com\/es\/wp-json\/wp\/v2\/product\/4968","targetHints":{"allow":["GET"]}}],"collection":[{"href":"https:\/\/nghiepxuan.com\/es\/wp-json\/wp\/v2\/product"}],"about":[{"href":"https:\/\/nghiepxuan.com\/es\/wp-json\/wp\/v2\/types\/product"}],"replies":[{"embeddable":true,"href":"https:\/\/nghiepxuan.com\/es\/wp-json\/wp\/v2\/comments?post=4968"}],"version-history":[{"count":1,"href":"https:\/\/nghiepxuan.com\/es\/wp-json\/wp\/v2\/product\/4968\/revisions"}],"predecessor-version":[{"id":7011,"href":"https:\/\/nghiepxuan.com\/es\/wp-json\/wp\/v2\/product\/4968\/revisions\/7011"}],"wp:featuredmedia":[{"embeddable":true,"href":"https:\/\/nghiepxuan.com\/es\/wp-json\/wp\/v2\/media\/4744"}],"wp:attachment":[{"href":"https:\/\/nghiepxuan.com\/es\/wp-json\/wp\/v2\/media?parent=4968"}],"wp:term":[{"taxonomy":"product_brand","embeddable":true,"href":"https:\/\/nghiepxuan.com\/es\/wp-json\/wp\/v2\/product_brand?post=4968"},{"taxonomy":"product_cat","embeddable":true,"href":"https:\/\/nghiepxuan.com\/es\/wp-json\/wp\/v2\/product_cat?post=4968"},{"taxonomy":"product_tag","embeddable":true,"href":"https:\/\/nghiepxuan.com\/es\/wp-json\/wp\/v2\/product_tag?post=4968"}],"curies":[{"name":"wp","href":"https:\/\/api.w.org\/{rel}","templated":true}]}}