{"id":4944,"date":"2023-10-23T02:34:57","date_gmt":"2023-10-23T02:34:57","guid":{"rendered":"https:\/\/farm-lang.cdn-pi.com\/product\/descubra-la-dulzura-exotica-del-mango-fresco\/"},"modified":"2025-03-29T10:01:03","modified_gmt":"2025-03-29T10:01:03","slug":"descubra-la-dulzura-exotica-de-los-mangos-frescos","status":"publish","type":"product","link":"https:\/\/nghiepxuan.com\/es\/product\/descubra-la-dulzura-exotica-de-los-mangos-frescos\/","title":{"rendered":"Descubra la dulzura ex\u00f3tica del mango fresco"},"content":{"rendered":"<p>\u00a1Sum\u00e9rjase en la dulzura tropical de nuestros mangos!<\/p>\n<p>Del\u00e9itese con el exquisito sabor de nuestros mangos maduros, recogidos a mano, que llevan a su mesa los ex\u00f3ticos sabores del tr\u00f3pico. Rebosantes de dulzor y jugosidad naturales, nuestros mangos son una aut\u00e9ntica delicia para los sentidos.<\/p>\n<p>Procedentes de huertos ba\u00f1ados por el sol, nuestros mangos se recolectan cuidadosamente en su punto \u00f3ptimo de maduraci\u00f3n para garantizar el m\u00e1ximo sabor y frescura. Cada bocado es un viaje al para\u00edso tropical, con la textura rica y aterciopelada y el aroma vibrante que s\u00f3lo pueden ofrecer los mejores mangos.<\/p>\n<p>Ya sea solos, mezclados en refrescantes batidos o a\u00f1adidos a ensaladas y postres, nuestros mangos a\u00f1aden un toque de felicidad tropical a todos los platos. Repletas de vitaminas y antioxidantes esenciales, no s\u00f3lo deleitan el paladar, sino que tambi\u00e9n contribuyen al bienestar general.<\/p>\n<p>Experimente el incomparable dulzor y jugosidad de nuestros mangos, un verdadero testimonio de los sabores de la naturaleza. Perfectos para picar, hornear o crear deliciosas bebidas, nuestros mangos elevan sus creaciones culinarias a nuevas cotas.<\/p>\n<p>Reg\u00e1lese el sabor del sol y del\u00e9itese con los extraordinarios sabores de nuestros mangos de primera calidad. Vis\u00edtenos hoy mismo y saboree la esencia del placer tropical, bocado a bocado.<\/p>\n","protected":false},"excerpt":{"rendered":"<p>Sum\u00e9rjase en el para\u00edso tropical con nuestros suculentos mangos. Rebosantes de dulzor y jugosidad, nuestros mangos se recolectan a mano en su punto \u00f3ptimo de maduraci\u00f3n para garantizar un sabor inigualable. Disfr\u00fatelas frescas, m\u00e9zclelas en batidos o a\u00f1ada un toque tropical a sus ensaladas. Cada bocado es una bocanada de sol, lo que convierte a nuestros mangos en el capricho perfecto para sus sentidos.<\/p>\n","protected":false},"featured_media":4705,"comment_status":"open","ping_status":"closed","template":"","meta":{"content-type":""},"product_brand":[],"product_cat":[175],"product_tag":[339,338,340],"class_list":{"0":"post-4944","1":"product","2":"type-product","3":"status-publish","4":"has-post-thumbnail","6":"product_cat-fruits-es","7":"product_tag-frutas-tropicales","8":"product_tag-mangos-dulces","9":"product_tag-recetas-con-mango","11":"first","12":"instock","13":"shipping-taxable","14":"purchasable","15":"product-type-variable","16":"has-default-attributes"},"yoast_head":"<!-- This site is optimized with the Yoast SEO plugin v26.9 - https:\/\/yoast.com\/product\/yoast-seo-wordpress\/ -->\n<title>Descubra la dulzura ex\u00f3tica del mango fresco - Nghiep Xuan - Importaci\u00f3n y Exportaci\u00f3n Agr\u00edcola<\/title>\n<meta name=\"robots\" content=\"index, follow, max-snippet:-1, max-image-preview:large, max-video-preview:-1\" \/>\n<link rel=\"canonical\" href=\"https:\/\/nghiepxuan.com\/es\/product\/descubra-la-dulzura-exotica-de-los-mangos-frescos\/\" \/>\n<meta property=\"og:locale\" content=\"es_ES\" \/>\n<meta property=\"og:type\" content=\"article\" \/>\n<meta property=\"og:title\" content=\"Descubra la dulzura ex\u00f3tica del mango fresco - Nghiep Xuan - Importaci\u00f3n y Exportaci\u00f3n Agr\u00edcola\" \/>\n<meta property=\"og:description\" content=\"Sum\u00e9rjase en el para\u00edso tropical con nuestros suculentos mangos. Rebosantes de dulzor y jugosidad, nuestros mangos se recolectan a mano en su punto \u00f3ptimo de maduraci\u00f3n para garantizar un sabor inigualable. Disfr\u00fatelas frescas, m\u00e9zclelas en batidos o a\u00f1ada un toque tropical a sus ensaladas. Cada bocado es una bocanada de sol, lo que convierte a nuestros mangos en el capricho perfecto para sus sentidos.\" \/>\n<meta property=\"og:url\" content=\"https:\/\/nghiepxuan.com\/es\/product\/descubra-la-dulzura-exotica-de-los-mangos-frescos\/\" \/>\n<meta property=\"og:site_name\" content=\"Nghiep Xuan - Importaci\u00f3n y Exportaci\u00f3n Agr\u00edcola\" \/>\n<meta property=\"article:publisher\" content=\"https:\/\/www.facebook.com\/nongsannghiepxuan\/\" \/>\n<meta property=\"article:modified_time\" content=\"2025-03-29T10:01:03+00:00\" \/>\n<meta property=\"og:image\" content=\"https:\/\/nghiepxuan.com\/wp-content\/uploads\/2023\/10\/tu-vu-be-9-tuoi-suyt-chet-vi-an-xoai-chuyen-gia-canh-bao-khong-an-xoai-neu-co-dau-hieu-sau.jpg\" \/>\n\t<meta property=\"og:image:width\" content=\"660\" \/>\n\t<meta property=\"og:image:height\" content=\"477\" \/>\n\t<meta property=\"og:image:type\" content=\"image\/jpeg\" \/>\n<meta name=\"twitter:card\" content=\"summary_large_image\" \/>\n<meta name=\"twitter:site\" content=\"@PhuTonBui\" \/>\n<meta name=\"twitter:label1\" content=\"Tiempo de lectura\" \/>\n\t<meta name=\"twitter:data1\" content=\"1 minuto\" \/>\n<script type=\"application\/ld+json\" class=\"yoast-schema-graph\">{\"@context\":\"https:\/\/schema.org\",\"@graph\":[{\"@type\":\"WebPage\",\"@id\":\"https:\/\/nghiepxuan.com\/es\/product\/descubra-la-dulzura-exotica-de-los-mangos-frescos\/\",\"url\":\"https:\/\/nghiepxuan.com\/es\/product\/descubra-la-dulzura-exotica-de-los-mangos-frescos\/\",\"name\":\"Descubra la dulzura ex\u00f3tica del mango fresco - Nghiep Xuan - Importaci\u00f3n y Exportaci\u00f3n Agr\u00edcola\",\"isPartOf\":{\"@id\":\"https:\/\/nghiepxuan.com\/es\/#website\"},\"primaryImageOfPage\":{\"@id\":\"https:\/\/nghiepxuan.com\/es\/product\/descubra-la-dulzura-exotica-de-los-mangos-frescos\/#primaryimage\"},\"image\":{\"@id\":\"https:\/\/nghiepxuan.com\/es\/product\/descubra-la-dulzura-exotica-de-los-mangos-frescos\/#primaryimage\"},\"thumbnailUrl\":\"https:\/\/nghiepxuan.com\/wp-content\/uploads\/2023\/10\/tu-vu-be-9-tuoi-suyt-chet-vi-an-xoai-chuyen-gia-canh-bao-khong-an-xoai-neu-co-dau-hieu-sau.jpg\",\"datePublished\":\"2023-10-23T02:34:57+00:00\",\"dateModified\":\"2025-03-29T10:01:03+00:00\",\"breadcrumb\":{\"@id\":\"https:\/\/nghiepxuan.com\/es\/product\/descubra-la-dulzura-exotica-de-los-mangos-frescos\/#breadcrumb\"},\"inLanguage\":\"es\",\"potentialAction\":[{\"@type\":\"ReadAction\",\"target\":[\"https:\/\/nghiepxuan.com\/es\/product\/descubra-la-dulzura-exotica-de-los-mangos-frescos\/\"]}]},{\"@type\":\"ImageObject\",\"inLanguage\":\"es\",\"@id\":\"https:\/\/nghiepxuan.com\/es\/product\/descubra-la-dulzura-exotica-de-los-mangos-frescos\/#primaryimage\",\"url\":\"https:\/\/nghiepxuan.com\/wp-content\/uploads\/2023\/10\/tu-vu-be-9-tuoi-suyt-chet-vi-an-xoai-chuyen-gia-canh-bao-khong-an-xoai-neu-co-dau-hieu-sau.jpg\",\"contentUrl\":\"https:\/\/nghiepxuan.com\/wp-content\/uploads\/2023\/10\/tu-vu-be-9-tuoi-suyt-chet-vi-an-xoai-chuyen-gia-canh-bao-khong-an-xoai-neu-co-dau-hieu-sau.jpg\",\"width\":660,\"height\":477},{\"@type\":\"BreadcrumbList\",\"@id\":\"https:\/\/nghiepxuan.com\/es\/product\/descubra-la-dulzura-exotica-de-los-mangos-frescos\/#breadcrumb\",\"itemListElement\":[{\"@type\":\"ListItem\",\"position\":1,\"name\":\"Home\",\"item\":\"https:\/\/nghiepxuan.com\/es\/\"},{\"@type\":\"ListItem\",\"position\":2,\"name\":\"Tienda\",\"item\":\"https:\/\/nghiepxuan.com\/es\/shop\/\"},{\"@type\":\"ListItem\",\"position\":3,\"name\":\"Descubra la dulzura ex\u00f3tica del mango fresco\"}]},{\"@type\":\"WebSite\",\"@id\":\"https:\/\/nghiepxuan.com\/es\/#website\",\"url\":\"https:\/\/nghiepxuan.com\/es\/\",\"name\":\"Nghiep Xuan - Agricultural Import and Export\",\"description\":\"Nutriendo la naturaleza, cosechando salud: su destino de estilo de vida org\u00e1nico\",\"publisher\":{\"@id\":\"https:\/\/nghiepxuan.com\/es\/#organization\"},\"potentialAction\":[{\"@type\":\"SearchAction\",\"target\":{\"@type\":\"EntryPoint\",\"urlTemplate\":\"https:\/\/nghiepxuan.com\/es\/?s={search_term_string}\"},\"query-input\":{\"@type\":\"PropertyValueSpecification\",\"valueRequired\":true,\"valueName\":\"search_term_string\"}}],\"inLanguage\":\"es\"},{\"@type\":\"Organization\",\"@id\":\"https:\/\/nghiepxuan.com\/es\/#organization\",\"name\":\"Nghiep Xuan - Agricultural Import and Export\",\"url\":\"https:\/\/nghiepxuan.com\/es\/\",\"logo\":{\"@type\":\"ImageObject\",\"inLanguage\":\"es\",\"@id\":\"https:\/\/nghiepxuan.com\/es\/#\/schema\/logo\/image\/\",\"url\":\"https:\/\/nghiepxuan.com\/wp-content\/uploads\/2025\/04\/Nghiep-Xuan-Logo-4.png\",\"contentUrl\":\"https:\/\/nghiepxuan.com\/wp-content\/uploads\/2025\/04\/Nghiep-Xuan-Logo-4.png\",\"width\":4167,\"height\":1015,\"caption\":\"Nghiep Xuan - Agricultural Import and Export\"},\"image\":{\"@id\":\"https:\/\/nghiepxuan.com\/es\/#\/schema\/logo\/image\/\"},\"sameAs\":[\"https:\/\/www.facebook.com\/nongsannghiepxuan\/\",\"https:\/\/x.com\/PhuTonBui\",\"https:\/\/www.instagram.com\/xuatnhapkhaunghiepxuan\/\",\"https:\/\/www.youtube.com\/@nongsannghiepxuan2066\",\"https:\/\/www.tiktok.com\/@nghiepxuan\"]}]}<\/script>\n<!-- \/ Yoast SEO plugin. -->","yoast_head_json":{"title":"Descubra la dulzura ex\u00f3tica del mango fresco - Nghiep Xuan - Importaci\u00f3n y Exportaci\u00f3n Agr\u00edcola","robots":{"index":"index","follow":"follow","max-snippet":"max-snippet:-1","max-image-preview":"max-image-preview:large","max-video-preview":"max-video-preview:-1"},"canonical":"https:\/\/nghiepxuan.com\/es\/product\/descubra-la-dulzura-exotica-de-los-mangos-frescos\/","og_locale":"es_ES","og_type":"article","og_title":"Descubra la dulzura ex\u00f3tica del mango fresco - Nghiep Xuan - Importaci\u00f3n y Exportaci\u00f3n Agr\u00edcola","og_description":"Sum\u00e9rjase en el para\u00edso tropical con nuestros suculentos mangos. Rebosantes de dulzor y jugosidad, nuestros mangos se recolectan a mano en su punto \u00f3ptimo de maduraci\u00f3n para garantizar un sabor inigualable. Disfr\u00fatelas frescas, m\u00e9zclelas en batidos o a\u00f1ada un toque tropical a sus ensaladas. Cada bocado es una bocanada de sol, lo que convierte a nuestros mangos en el capricho perfecto para sus sentidos.","og_url":"https:\/\/nghiepxuan.com\/es\/product\/descubra-la-dulzura-exotica-de-los-mangos-frescos\/","og_site_name":"Nghiep Xuan - Importaci\u00f3n y Exportaci\u00f3n Agr\u00edcola","article_publisher":"https:\/\/www.facebook.com\/nongsannghiepxuan\/","article_modified_time":"2025-03-29T10:01:03+00:00","og_image":[{"width":660,"height":477,"url":"https:\/\/nghiepxuan.com\/wp-content\/uploads\/2023\/10\/tu-vu-be-9-tuoi-suyt-chet-vi-an-xoai-chuyen-gia-canh-bao-khong-an-xoai-neu-co-dau-hieu-sau.jpg","type":"image\/jpeg"}],"twitter_card":"summary_large_image","twitter_site":"@PhuTonBui","twitter_misc":{"Tiempo de lectura":"1 minuto"},"schema":{"@context":"https:\/\/schema.org","@graph":[{"@type":"WebPage","@id":"https:\/\/nghiepxuan.com\/es\/product\/descubra-la-dulzura-exotica-de-los-mangos-frescos\/","url":"https:\/\/nghiepxuan.com\/es\/product\/descubra-la-dulzura-exotica-de-los-mangos-frescos\/","name":"Descubra la dulzura ex\u00f3tica del mango fresco - Nghiep Xuan - Importaci\u00f3n y Exportaci\u00f3n Agr\u00edcola","isPartOf":{"@id":"https:\/\/nghiepxuan.com\/es\/#website"},"primaryImageOfPage":{"@id":"https:\/\/nghiepxuan.com\/es\/product\/descubra-la-dulzura-exotica-de-los-mangos-frescos\/#primaryimage"},"image":{"@id":"https:\/\/nghiepxuan.com\/es\/product\/descubra-la-dulzura-exotica-de-los-mangos-frescos\/#primaryimage"},"thumbnailUrl":"https:\/\/nghiepxuan.com\/wp-content\/uploads\/2023\/10\/tu-vu-be-9-tuoi-suyt-chet-vi-an-xoai-chuyen-gia-canh-bao-khong-an-xoai-neu-co-dau-hieu-sau.jpg","datePublished":"2023-10-23T02:34:57+00:00","dateModified":"2025-03-29T10:01:03+00:00","breadcrumb":{"@id":"https:\/\/nghiepxuan.com\/es\/product\/descubra-la-dulzura-exotica-de-los-mangos-frescos\/#breadcrumb"},"inLanguage":"es","potentialAction":[{"@type":"ReadAction","target":["https:\/\/nghiepxuan.com\/es\/product\/descubra-la-dulzura-exotica-de-los-mangos-frescos\/"]}]},{"@type":"ImageObject","inLanguage":"es","@id":"https:\/\/nghiepxuan.com\/es\/product\/descubra-la-dulzura-exotica-de-los-mangos-frescos\/#primaryimage","url":"https:\/\/nghiepxuan.com\/wp-content\/uploads\/2023\/10\/tu-vu-be-9-tuoi-suyt-chet-vi-an-xoai-chuyen-gia-canh-bao-khong-an-xoai-neu-co-dau-hieu-sau.jpg","contentUrl":"https:\/\/nghiepxuan.com\/wp-content\/uploads\/2023\/10\/tu-vu-be-9-tuoi-suyt-chet-vi-an-xoai-chuyen-gia-canh-bao-khong-an-xoai-neu-co-dau-hieu-sau.jpg","width":660,"height":477},{"@type":"BreadcrumbList","@id":"https:\/\/nghiepxuan.com\/es\/product\/descubra-la-dulzura-exotica-de-los-mangos-frescos\/#breadcrumb","itemListElement":[{"@type":"ListItem","position":1,"name":"Home","item":"https:\/\/nghiepxuan.com\/es\/"},{"@type":"ListItem","position":2,"name":"Tienda","item":"https:\/\/nghiepxuan.com\/es\/shop\/"},{"@type":"ListItem","position":3,"name":"Descubra la dulzura ex\u00f3tica del mango fresco"}]},{"@type":"WebSite","@id":"https:\/\/nghiepxuan.com\/es\/#website","url":"https:\/\/nghiepxuan.com\/es\/","name":"Nghiep Xuan - Agricultural Import and Export","description":"Nutriendo la naturaleza, cosechando salud: su destino de estilo de vida org\u00e1nico","publisher":{"@id":"https:\/\/nghiepxuan.com\/es\/#organization"},"potentialAction":[{"@type":"SearchAction","target":{"@type":"EntryPoint","urlTemplate":"https:\/\/nghiepxuan.com\/es\/?s={search_term_string}"},"query-input":{"@type":"PropertyValueSpecification","valueRequired":true,"valueName":"search_term_string"}}],"inLanguage":"es"},{"@type":"Organization","@id":"https:\/\/nghiepxuan.com\/es\/#organization","name":"Nghiep Xuan - Agricultural Import and Export","url":"https:\/\/nghiepxuan.com\/es\/","logo":{"@type":"ImageObject","inLanguage":"es","@id":"https:\/\/nghiepxuan.com\/es\/#\/schema\/logo\/image\/","url":"https:\/\/nghiepxuan.com\/wp-content\/uploads\/2025\/04\/Nghiep-Xuan-Logo-4.png","contentUrl":"https:\/\/nghiepxuan.com\/wp-content\/uploads\/2025\/04\/Nghiep-Xuan-Logo-4.png","width":4167,"height":1015,"caption":"Nghiep Xuan - Agricultural Import and Export"},"image":{"@id":"https:\/\/nghiepxuan.com\/es\/#\/schema\/logo\/image\/"},"sameAs":["https:\/\/www.facebook.com\/nongsannghiepxuan\/","https:\/\/x.com\/PhuTonBui","https:\/\/www.instagram.com\/xuatnhapkhaunghiepxuan\/","https:\/\/www.youtube.com\/@nongsannghiepxuan2066","https:\/\/www.tiktok.com\/@nghiepxuan"]}]}},"_links":{"self":[{"href":"https:\/\/nghiepxuan.com\/es\/wp-json\/wp\/v2\/product\/4944","targetHints":{"allow":["GET"]}}],"collection":[{"href":"https:\/\/nghiepxuan.com\/es\/wp-json\/wp\/v2\/product"}],"about":[{"href":"https:\/\/nghiepxuan.com\/es\/wp-json\/wp\/v2\/types\/product"}],"replies":[{"embeddable":true,"href":"https:\/\/nghiepxuan.com\/es\/wp-json\/wp\/v2\/comments?post=4944"}],"version-history":[{"count":1,"href":"https:\/\/nghiepxuan.com\/es\/wp-json\/wp\/v2\/product\/4944\/revisions"}],"predecessor-version":[{"id":7017,"href":"https:\/\/nghiepxuan.com\/es\/wp-json\/wp\/v2\/product\/4944\/revisions\/7017"}],"wp:featuredmedia":[{"embeddable":true,"href":"https:\/\/nghiepxuan.com\/es\/wp-json\/wp\/v2\/media\/4705"}],"wp:attachment":[{"href":"https:\/\/nghiepxuan.com\/es\/wp-json\/wp\/v2\/media?parent=4944"}],"wp:term":[{"taxonomy":"product_brand","embeddable":true,"href":"https:\/\/nghiepxuan.com\/es\/wp-json\/wp\/v2\/product_brand?post=4944"},{"taxonomy":"product_cat","embeddable":true,"href":"https:\/\/nghiepxuan.com\/es\/wp-json\/wp\/v2\/product_cat?post=4944"},{"taxonomy":"product_tag","embeddable":true,"href":"https:\/\/nghiepxuan.com\/es\/wp-json\/wp\/v2\/product_tag?post=4944"}],"curies":[{"name":"wp","href":"https:\/\/api.w.org\/{rel}","templated":true}]}}