{"id":4920,"date":"2023-10-23T02:02:58","date_gmt":"2023-10-23T02:02:58","guid":{"rendered":"https:\/\/farm-lang.cdn-pi.com\/product\/dale-sabor-a-tu-vida-con-productos-de-pimienta-de-primera-calidad\/"},"modified":"2025-03-29T10:01:09","modified_gmt":"2025-03-29T10:01:09","slug":"condimente-su-vida-con-productos-de-pimienta-de-calidad-superior","status":"publish","type":"product","link":"https:\/\/nghiepxuan.com\/es\/product\/condimente-su-vida-con-productos-de-pimienta-de-calidad-superior\/","title":{"rendered":"Dale sabor a tu vida con productos de pimienta de primera calidad"},"content":{"rendered":"<p>Explore los atrevidos sabores de nuestros productos de pimienta de primera calidad.<\/p>\n<p>En nuestra tienda, nos enorgullecemos de ofrecer una variada gama de productos de pimienta de primera calidad que a\u00f1aden una explosi\u00f3n de sabor a sus creaciones culinarias. Nuestros pimientos proceden de las mejores plantaciones, lo que garantiza su frescura y autenticidad en cada envase.<\/p>\n<p>Descubra las notas ricas y arom\u00e1ticas de nuestra pimienta negra reci\u00e9n molida, perfecta para realzar el sabor de sopas, ensaladas y platos principales. Si prefiere una opci\u00f3n m\u00e1s suave, nuestra pimienta blanca proporciona una sutil calidez, ideal para salsas cremosas y platos de color claro. Para un toque ahumado, pruebe nuestra especialidad de pimienta ahumada, que a\u00f1ade un toque \u00fanico a las carnes y verduras a la parrilla.<\/p>\n<p>Tambi\u00e9n ofrecemos variedades ex\u00f3ticas como la pimienta verde y la rosa, cada una con su propio perfil de sabor, que le permitir\u00e1n experimentar y mejorar sus recetas. Nuestros productos de pimienta se procesan cuidadosamente para preservar sus aceites y sabores naturales, garantiz\u00e1ndole la mejor calidad posible.<\/p>\n<p>Adem\u00e1s de pimienta entera y molida, ofrecemos pr\u00e1cticas mezclas de pimienta, elaboradas por expertos para realzar platos espec\u00edficos. Desde la sabrosa pimienta con lim\u00f3n para los amantes del marisco hasta la robusta pimienta para filetes para los entusiastas de la carne, nuestras mezclas est\u00e1n dise\u00f1adas para satisfacer una gran variedad de gustos.<\/p>\n<p>Nuestros productos a base de pimienta no s\u00f3lo a\u00f1aden profundidad a sus platos, sino que tambi\u00e9n aportan numerosos beneficios para la salud. La pimienta es conocida por sus propiedades antioxidantes y su capacidad para mejorar la digesti\u00f3n, lo que la convierte en un alimento b\u00e1sico en una dieta sana.<\/p>\n<p>Abrace el mundo culinario de los sabores con nuestros productos de pimienta de primera calidad. Eleve su cocina a nuevas cotas con la esencia audaz y arom\u00e1tica de nuestros pimientos. Visite nuestra tienda hoy mismo y condimente sus comidas con pimientos de la mejor calidad, llevando un mundo de sabor a su mesa.<\/p>\n","protected":false},"excerpt":{"rendered":"<p>Realce sus platos con nuestra selecci\u00f3n de pimientas de primera calidad. Desde el intenso picante de la pimienta negra hasta la sutil calidez de la pimienta blanca, nuestros productos de alta calidad aportan profundidad y sabor a todas las comidas. Reci\u00e9n obtenidos y procesados por expertos, nuestros pimientos garantizan una experiencia culinaria que excita las papilas gustativas. Mejore su cocina sin esfuerzo con nuestra gama de pimientas de primera categor\u00eda, el ingrediente secreto de los platos m\u00e1s deliciosos.<\/p>\n","protected":false},"featured_media":4630,"comment_status":"open","ping_status":"closed","template":"","meta":{"content-type":""},"product_brand":[],"product_cat":[150],"product_tag":[],"class_list":{"0":"post-4920","1":"product","2":"type-product","3":"status-publish","4":"has-post-thumbnail","6":"product_cat-cafe-cashew-apples-pepper-es","8":"first","9":"instock","10":"shipping-taxable","11":"purchasable","12":"product-type-variable","13":"has-default-attributes"},"yoast_head":"<!-- This site is optimized with the Yoast SEO plugin v26.9 - https:\/\/yoast.com\/product\/yoast-seo-wordpress\/ -->\n<title>Dale sabor a tu vida con productos de pimienta de primera calidad - Nghiep Xuan - Importaci\u00f3n y Exportaci\u00f3n Agr\u00edcola<\/title>\n<meta name=\"robots\" content=\"index, follow, max-snippet:-1, max-image-preview:large, max-video-preview:-1\" \/>\n<link rel=\"canonical\" href=\"https:\/\/nghiepxuan.com\/es\/product\/condimente-su-vida-con-productos-de-pimienta-de-calidad-superior\/\" \/>\n<meta property=\"og:locale\" content=\"es_ES\" \/>\n<meta property=\"og:type\" content=\"article\" \/>\n<meta property=\"og:title\" content=\"Dale sabor a tu vida con productos de pimienta de primera calidad - Nghiep Xuan - Importaci\u00f3n y Exportaci\u00f3n Agr\u00edcola\" \/>\n<meta property=\"og:description\" content=\"Realce sus platos con nuestra selecci\u00f3n de pimientas de primera calidad. Desde el intenso picante de la pimienta negra hasta la sutil calidez de la pimienta blanca, nuestros productos de alta calidad aportan profundidad y sabor a todas las comidas. Reci\u00e9n obtenidos y procesados por expertos, nuestros pimientos garantizan una experiencia culinaria que excita las papilas gustativas. Mejore su cocina sin esfuerzo con nuestra gama de pimientas de primera categor\u00eda, el ingrediente secreto de los platos m\u00e1s deliciosos.\" \/>\n<meta property=\"og:url\" content=\"https:\/\/nghiepxuan.com\/es\/product\/condimente-su-vida-con-productos-de-pimienta-de-calidad-superior\/\" \/>\n<meta property=\"og:site_name\" content=\"Nghiep Xuan - Importaci\u00f3n y Exportaci\u00f3n Agr\u00edcola\" \/>\n<meta property=\"article:publisher\" content=\"https:\/\/www.facebook.com\/nongsannghiepxuan\/\" \/>\n<meta property=\"article:modified_time\" content=\"2025-03-29T10:01:09+00:00\" \/>\n<meta property=\"og:image\" content=\"https:\/\/nghiepxuan.com\/wp-content\/uploads\/2023\/10\/51c4744a-a6d5-4461-98f4-48c299409cd3.jpg\" \/>\n\t<meta property=\"og:image:width\" content=\"620\" \/>\n\t<meta property=\"og:image:height\" content=\"349\" \/>\n\t<meta property=\"og:image:type\" content=\"image\/jpeg\" \/>\n<meta name=\"twitter:card\" content=\"summary_large_image\" \/>\n<meta name=\"twitter:site\" content=\"@PhuTonBui\" \/>\n<meta name=\"twitter:label1\" content=\"Tiempo de lectura\" \/>\n\t<meta name=\"twitter:data1\" content=\"2 minutos\" \/>\n<script type=\"application\/ld+json\" class=\"yoast-schema-graph\">{\"@context\":\"https:\/\/schema.org\",\"@graph\":[{\"@type\":\"WebPage\",\"@id\":\"https:\/\/nghiepxuan.com\/es\/product\/condimente-su-vida-con-productos-de-pimienta-de-calidad-superior\/\",\"url\":\"https:\/\/nghiepxuan.com\/es\/product\/condimente-su-vida-con-productos-de-pimienta-de-calidad-superior\/\",\"name\":\"Dale sabor a tu vida con productos de pimienta de primera calidad - Nghiep Xuan - Importaci\u00f3n y Exportaci\u00f3n Agr\u00edcola\",\"isPartOf\":{\"@id\":\"https:\/\/nghiepxuan.com\/es\/#website\"},\"primaryImageOfPage\":{\"@id\":\"https:\/\/nghiepxuan.com\/es\/product\/condimente-su-vida-con-productos-de-pimienta-de-calidad-superior\/#primaryimage\"},\"image\":{\"@id\":\"https:\/\/nghiepxuan.com\/es\/product\/condimente-su-vida-con-productos-de-pimienta-de-calidad-superior\/#primaryimage\"},\"thumbnailUrl\":\"https:\/\/nghiepxuan.com\/wp-content\/uploads\/2023\/10\/51c4744a-a6d5-4461-98f4-48c299409cd3.jpg\",\"datePublished\":\"2023-10-23T02:02:58+00:00\",\"dateModified\":\"2025-03-29T10:01:09+00:00\",\"breadcrumb\":{\"@id\":\"https:\/\/nghiepxuan.com\/es\/product\/condimente-su-vida-con-productos-de-pimienta-de-calidad-superior\/#breadcrumb\"},\"inLanguage\":\"es\",\"potentialAction\":[{\"@type\":\"ReadAction\",\"target\":[\"https:\/\/nghiepxuan.com\/es\/product\/condimente-su-vida-con-productos-de-pimienta-de-calidad-superior\/\"]}]},{\"@type\":\"ImageObject\",\"inLanguage\":\"es\",\"@id\":\"https:\/\/nghiepxuan.com\/es\/product\/condimente-su-vida-con-productos-de-pimienta-de-calidad-superior\/#primaryimage\",\"url\":\"https:\/\/nghiepxuan.com\/wp-content\/uploads\/2023\/10\/51c4744a-a6d5-4461-98f4-48c299409cd3.jpg\",\"contentUrl\":\"https:\/\/nghiepxuan.com\/wp-content\/uploads\/2023\/10\/51c4744a-a6d5-4461-98f4-48c299409cd3.jpg\",\"width\":620,\"height\":349},{\"@type\":\"BreadcrumbList\",\"@id\":\"https:\/\/nghiepxuan.com\/es\/product\/condimente-su-vida-con-productos-de-pimienta-de-calidad-superior\/#breadcrumb\",\"itemListElement\":[{\"@type\":\"ListItem\",\"position\":1,\"name\":\"Home\",\"item\":\"https:\/\/nghiepxuan.com\/es\/\"},{\"@type\":\"ListItem\",\"position\":2,\"name\":\"Tienda\",\"item\":\"https:\/\/nghiepxuan.com\/es\/shop\/\"},{\"@type\":\"ListItem\",\"position\":3,\"name\":\"Dale sabor a tu vida con productos de pimienta de primera calidad\"}]},{\"@type\":\"WebSite\",\"@id\":\"https:\/\/nghiepxuan.com\/es\/#website\",\"url\":\"https:\/\/nghiepxuan.com\/es\/\",\"name\":\"Nghiep Xuan - Agricultural Import and Export\",\"description\":\"Nutriendo la naturaleza, cosechando salud: su destino de estilo de vida org\u00e1nico\",\"publisher\":{\"@id\":\"https:\/\/nghiepxuan.com\/es\/#organization\"},\"potentialAction\":[{\"@type\":\"SearchAction\",\"target\":{\"@type\":\"EntryPoint\",\"urlTemplate\":\"https:\/\/nghiepxuan.com\/es\/?s={search_term_string}\"},\"query-input\":{\"@type\":\"PropertyValueSpecification\",\"valueRequired\":true,\"valueName\":\"search_term_string\"}}],\"inLanguage\":\"es\"},{\"@type\":\"Organization\",\"@id\":\"https:\/\/nghiepxuan.com\/es\/#organization\",\"name\":\"Nghiep Xuan - Agricultural Import and Export\",\"url\":\"https:\/\/nghiepxuan.com\/es\/\",\"logo\":{\"@type\":\"ImageObject\",\"inLanguage\":\"es\",\"@id\":\"https:\/\/nghiepxuan.com\/es\/#\/schema\/logo\/image\/\",\"url\":\"https:\/\/nghiepxuan.com\/wp-content\/uploads\/2025\/04\/Nghiep-Xuan-Logo-4.png\",\"contentUrl\":\"https:\/\/nghiepxuan.com\/wp-content\/uploads\/2025\/04\/Nghiep-Xuan-Logo-4.png\",\"width\":4167,\"height\":1015,\"caption\":\"Nghiep Xuan - Agricultural Import and Export\"},\"image\":{\"@id\":\"https:\/\/nghiepxuan.com\/es\/#\/schema\/logo\/image\/\"},\"sameAs\":[\"https:\/\/www.facebook.com\/nongsannghiepxuan\/\",\"https:\/\/x.com\/PhuTonBui\",\"https:\/\/www.instagram.com\/xuatnhapkhaunghiepxuan\/\",\"https:\/\/www.youtube.com\/@nongsannghiepxuan2066\",\"https:\/\/www.tiktok.com\/@nghiepxuan\"]}]}<\/script>\n<!-- \/ Yoast SEO plugin. -->","yoast_head_json":{"title":"Dale sabor a tu vida con productos de pimienta de primera calidad - Nghiep Xuan - Importaci\u00f3n y Exportaci\u00f3n Agr\u00edcola","robots":{"index":"index","follow":"follow","max-snippet":"max-snippet:-1","max-image-preview":"max-image-preview:large","max-video-preview":"max-video-preview:-1"},"canonical":"https:\/\/nghiepxuan.com\/es\/product\/condimente-su-vida-con-productos-de-pimienta-de-calidad-superior\/","og_locale":"es_ES","og_type":"article","og_title":"Dale sabor a tu vida con productos de pimienta de primera calidad - Nghiep Xuan - Importaci\u00f3n y Exportaci\u00f3n Agr\u00edcola","og_description":"Realce sus platos con nuestra selecci\u00f3n de pimientas de primera calidad. Desde el intenso picante de la pimienta negra hasta la sutil calidez de la pimienta blanca, nuestros productos de alta calidad aportan profundidad y sabor a todas las comidas. Reci\u00e9n obtenidos y procesados por expertos, nuestros pimientos garantizan una experiencia culinaria que excita las papilas gustativas. Mejore su cocina sin esfuerzo con nuestra gama de pimientas de primera categor\u00eda, el ingrediente secreto de los platos m\u00e1s deliciosos.","og_url":"https:\/\/nghiepxuan.com\/es\/product\/condimente-su-vida-con-productos-de-pimienta-de-calidad-superior\/","og_site_name":"Nghiep Xuan - Importaci\u00f3n y Exportaci\u00f3n Agr\u00edcola","article_publisher":"https:\/\/www.facebook.com\/nongsannghiepxuan\/","article_modified_time":"2025-03-29T10:01:09+00:00","og_image":[{"width":620,"height":349,"url":"https:\/\/nghiepxuan.com\/wp-content\/uploads\/2023\/10\/51c4744a-a6d5-4461-98f4-48c299409cd3.jpg","type":"image\/jpeg"}],"twitter_card":"summary_large_image","twitter_site":"@PhuTonBui","twitter_misc":{"Tiempo de lectura":"2 minutos"},"schema":{"@context":"https:\/\/schema.org","@graph":[{"@type":"WebPage","@id":"https:\/\/nghiepxuan.com\/es\/product\/condimente-su-vida-con-productos-de-pimienta-de-calidad-superior\/","url":"https:\/\/nghiepxuan.com\/es\/product\/condimente-su-vida-con-productos-de-pimienta-de-calidad-superior\/","name":"Dale sabor a tu vida con productos de pimienta de primera calidad - Nghiep Xuan - Importaci\u00f3n y Exportaci\u00f3n Agr\u00edcola","isPartOf":{"@id":"https:\/\/nghiepxuan.com\/es\/#website"},"primaryImageOfPage":{"@id":"https:\/\/nghiepxuan.com\/es\/product\/condimente-su-vida-con-productos-de-pimienta-de-calidad-superior\/#primaryimage"},"image":{"@id":"https:\/\/nghiepxuan.com\/es\/product\/condimente-su-vida-con-productos-de-pimienta-de-calidad-superior\/#primaryimage"},"thumbnailUrl":"https:\/\/nghiepxuan.com\/wp-content\/uploads\/2023\/10\/51c4744a-a6d5-4461-98f4-48c299409cd3.jpg","datePublished":"2023-10-23T02:02:58+00:00","dateModified":"2025-03-29T10:01:09+00:00","breadcrumb":{"@id":"https:\/\/nghiepxuan.com\/es\/product\/condimente-su-vida-con-productos-de-pimienta-de-calidad-superior\/#breadcrumb"},"inLanguage":"es","potentialAction":[{"@type":"ReadAction","target":["https:\/\/nghiepxuan.com\/es\/product\/condimente-su-vida-con-productos-de-pimienta-de-calidad-superior\/"]}]},{"@type":"ImageObject","inLanguage":"es","@id":"https:\/\/nghiepxuan.com\/es\/product\/condimente-su-vida-con-productos-de-pimienta-de-calidad-superior\/#primaryimage","url":"https:\/\/nghiepxuan.com\/wp-content\/uploads\/2023\/10\/51c4744a-a6d5-4461-98f4-48c299409cd3.jpg","contentUrl":"https:\/\/nghiepxuan.com\/wp-content\/uploads\/2023\/10\/51c4744a-a6d5-4461-98f4-48c299409cd3.jpg","width":620,"height":349},{"@type":"BreadcrumbList","@id":"https:\/\/nghiepxuan.com\/es\/product\/condimente-su-vida-con-productos-de-pimienta-de-calidad-superior\/#breadcrumb","itemListElement":[{"@type":"ListItem","position":1,"name":"Home","item":"https:\/\/nghiepxuan.com\/es\/"},{"@type":"ListItem","position":2,"name":"Tienda","item":"https:\/\/nghiepxuan.com\/es\/shop\/"},{"@type":"ListItem","position":3,"name":"Dale sabor a tu vida con productos de pimienta de primera calidad"}]},{"@type":"WebSite","@id":"https:\/\/nghiepxuan.com\/es\/#website","url":"https:\/\/nghiepxuan.com\/es\/","name":"Nghiep Xuan - Agricultural Import and Export","description":"Nutriendo la naturaleza, cosechando salud: su destino de estilo de vida org\u00e1nico","publisher":{"@id":"https:\/\/nghiepxuan.com\/es\/#organization"},"potentialAction":[{"@type":"SearchAction","target":{"@type":"EntryPoint","urlTemplate":"https:\/\/nghiepxuan.com\/es\/?s={search_term_string}"},"query-input":{"@type":"PropertyValueSpecification","valueRequired":true,"valueName":"search_term_string"}}],"inLanguage":"es"},{"@type":"Organization","@id":"https:\/\/nghiepxuan.com\/es\/#organization","name":"Nghiep Xuan - Agricultural Import and Export","url":"https:\/\/nghiepxuan.com\/es\/","logo":{"@type":"ImageObject","inLanguage":"es","@id":"https:\/\/nghiepxuan.com\/es\/#\/schema\/logo\/image\/","url":"https:\/\/nghiepxuan.com\/wp-content\/uploads\/2025\/04\/Nghiep-Xuan-Logo-4.png","contentUrl":"https:\/\/nghiepxuan.com\/wp-content\/uploads\/2025\/04\/Nghiep-Xuan-Logo-4.png","width":4167,"height":1015,"caption":"Nghiep Xuan - Agricultural Import and Export"},"image":{"@id":"https:\/\/nghiepxuan.com\/es\/#\/schema\/logo\/image\/"},"sameAs":["https:\/\/www.facebook.com\/nongsannghiepxuan\/","https:\/\/x.com\/PhuTonBui","https:\/\/www.instagram.com\/xuatnhapkhaunghiepxuan\/","https:\/\/www.youtube.com\/@nongsannghiepxuan2066","https:\/\/www.tiktok.com\/@nghiepxuan"]}]}},"_links":{"self":[{"href":"https:\/\/nghiepxuan.com\/es\/wp-json\/wp\/v2\/product\/4920","targetHints":{"allow":["GET"]}}],"collection":[{"href":"https:\/\/nghiepxuan.com\/es\/wp-json\/wp\/v2\/product"}],"about":[{"href":"https:\/\/nghiepxuan.com\/es\/wp-json\/wp\/v2\/types\/product"}],"replies":[{"embeddable":true,"href":"https:\/\/nghiepxuan.com\/es\/wp-json\/wp\/v2\/comments?post=4920"}],"version-history":[{"count":1,"href":"https:\/\/nghiepxuan.com\/es\/wp-json\/wp\/v2\/product\/4920\/revisions"}],"predecessor-version":[{"id":7029,"href":"https:\/\/nghiepxuan.com\/es\/wp-json\/wp\/v2\/product\/4920\/revisions\/7029"}],"wp:featuredmedia":[{"embeddable":true,"href":"https:\/\/nghiepxuan.com\/es\/wp-json\/wp\/v2\/media\/4630"}],"wp:attachment":[{"href":"https:\/\/nghiepxuan.com\/es\/wp-json\/wp\/v2\/media?parent=4920"}],"wp:term":[{"taxonomy":"product_brand","embeddable":true,"href":"https:\/\/nghiepxuan.com\/es\/wp-json\/wp\/v2\/product_brand?post=4920"},{"taxonomy":"product_cat","embeddable":true,"href":"https:\/\/nghiepxuan.com\/es\/wp-json\/wp\/v2\/product_cat?post=4920"},{"taxonomy":"product_tag","embeddable":true,"href":"https:\/\/nghiepxuan.com\/es\/wp-json\/wp\/v2\/product_tag?post=4920"}],"curies":[{"name":"wp","href":"https:\/\/api.w.org\/{rel}","templated":true}]}}