{"id":4890,"date":"2023-10-23T01:47:24","date_gmt":"2023-10-23T01:47:24","guid":{"rendered":"https:\/\/farm-lang.cdn-pi.com\/product\/explore-los-deliciosos-sabores-de-los-anacardos\/"},"modified":"2025-03-29T10:01:15","modified_gmt":"2025-03-29T10:01:15","slug":"explore-los-deliciosos-sabores-de-los-anacardos","status":"publish","type":"product","link":"https:\/\/nghiepxuan.com\/es\/product\/explore-los-deliciosos-sabores-de-los-anacardos\/","title":{"rendered":"Explore los deliciosos sabores de los anacardos"},"content":{"rendered":"<p>\u00a1Del\u00e9itese con la crujiente perfecci\u00f3n de los anacardos!<\/p>\n<p>Deleite sus papilas gustativas con nuestros anacardos de primera calidad, el crujiente tesoro de la naturaleza repleto de propiedades saludables. Procedentes de los mejores anacardos, nuestros frutos secos se seleccionan cuidadosamente para garantizar la m\u00e1xima calidad y un sabor irresistible.<\/p>\n<p>Los anacardos no s\u00f3lo son deliciosos, sino que tambi\u00e9n ofrecen un sinf\u00edn de beneficios para la salud. Repletas de nutrientes esenciales, son una rica fuente de prote\u00ednas, grasas saludables y antioxidantes, que favorecen la salud del coraz\u00f3n y refuerzan la inmunidad general. Su textura cremosa y su sabor suave y mantecoso las convierten en un ingrediente vers\u00e1til, perfecto para picar, hornear o a\u00f1adir un delicioso toque crujiente a sus platos favoritos.<\/p>\n<p>En nuestra tienda, encontrar\u00e1 una amplia variedad de productos a base de anacardos para satisfacer sus antojos. Desde anacardos perfectamente tostados y salados para un capricho salado hasta anacardos glaseados con miel para los m\u00e1s golosos, nuestra gama satisface todos los paladares. Tambi\u00e9n ofrecemos anacardos naturales sin sal para quienes buscan un tentempi\u00e9 sano y sin remordimientos.<\/p>\n<p>Tanto si es anfitri\u00f3n de una reuni\u00f3n, prepara una comida gourmet o simplemente busca un tentempi\u00e9 saludable, nuestros anacardos de primera calidad son la elecci\u00f3n ideal. Experimente el gratificante crujido y el rico sabor de nuestros anacardos, y eleve su experiencia como tentempi\u00e9 a un nivel completamente nuevo.<\/p>\n<p>Reg\u00e1lese hoy mismo los mejores anacardos. Visite nuestra tienda y emb\u00e1rquese en un viaje culinario lleno de la crujiente perfecci\u00f3n de los anacardos. Sus papilas gustativas s\u00f3lo se merecen lo mejor.<\/p>\n","protected":false},"excerpt":{"rendered":"<p>Descubra el irresistible sabor de nuestros anacardos: un tentempi\u00e9 delicioso y sano que satisface sus antojos. Estos tesoros cremosos y crujientes son la golosina perfecta para llevar. Repletos de grasas saludables y nutrientes esenciales, son un capricho libre de culpa para un impulso de energ\u00eda y sabor. Mejore sus aperitivos con nuestros anacardos de primera calidad y experimente el equilibrio perfecto entre cremosidad y textura crujiente en cada bocado.<\/p>\n","protected":false},"featured_media":4618,"comment_status":"open","ping_status":"closed","template":"","meta":{"content-type":""},"product_brand":[],"product_cat":[150],"product_tag":[],"class_list":{"0":"post-4890","1":"product","2":"type-product","3":"status-publish","4":"has-post-thumbnail","6":"product_cat-cafe-cashew-apples-pepper-es","8":"first","9":"instock","10":"shipping-taxable","11":"purchasable","12":"product-type-variable","13":"has-default-attributes"},"yoast_head":"<!-- This site is optimized with the Yoast SEO plugin v26.9 - https:\/\/yoast.com\/product\/yoast-seo-wordpress\/ -->\n<title>Explore los deliciosos sabores de los anacardos - Nghiep Xuan - Importaci\u00f3n y Exportaci\u00f3n Agr\u00edcola<\/title>\n<meta name=\"robots\" content=\"index, follow, max-snippet:-1, max-image-preview:large, max-video-preview:-1\" \/>\n<link rel=\"canonical\" href=\"https:\/\/nghiepxuan.com\/es\/product\/explore-los-deliciosos-sabores-de-los-anacardos\/\" \/>\n<meta property=\"og:locale\" content=\"es_ES\" \/>\n<meta property=\"og:type\" content=\"article\" \/>\n<meta property=\"og:title\" content=\"Explore los deliciosos sabores de los anacardos - Nghiep Xuan - Importaci\u00f3n y Exportaci\u00f3n Agr\u00edcola\" \/>\n<meta property=\"og:description\" content=\"Descubra el irresistible sabor de nuestros anacardos: un tentempi\u00e9 delicioso y sano que satisface sus antojos. Estos tesoros cremosos y crujientes son la golosina perfecta para llevar. Repletos de grasas saludables y nutrientes esenciales, son un capricho libre de culpa para un impulso de energ\u00eda y sabor. Mejore sus aperitivos con nuestros anacardos de primera calidad y experimente el equilibrio perfecto entre cremosidad y textura crujiente en cada bocado.\" \/>\n<meta property=\"og:url\" content=\"https:\/\/nghiepxuan.com\/es\/product\/explore-los-deliciosos-sabores-de-los-anacardos\/\" \/>\n<meta property=\"og:site_name\" content=\"Nghiep Xuan - Importaci\u00f3n y Exportaci\u00f3n Agr\u00edcola\" \/>\n<meta property=\"article:publisher\" content=\"https:\/\/www.facebook.com\/nongsannghiepxuan\/\" \/>\n<meta property=\"article:modified_time\" content=\"2025-03-29T10:01:15+00:00\" \/>\n<meta property=\"og:image\" content=\"https:\/\/nghiepxuan.com\/wp-content\/uploads\/2023\/10\/hat-dieu-tho-duoc-tach-vo-nhu-the-nao-nezqz.jpg\" \/>\n\t<meta property=\"og:image:width\" content=\"700\" \/>\n\t<meta property=\"og:image:height\" content=\"500\" \/>\n\t<meta property=\"og:image:type\" content=\"image\/jpeg\" \/>\n<meta name=\"twitter:card\" content=\"summary_large_image\" \/>\n<meta name=\"twitter:site\" content=\"@PhuTonBui\" \/>\n<meta name=\"twitter:label1\" content=\"Tiempo de lectura\" \/>\n\t<meta name=\"twitter:data1\" content=\"1 minuto\" \/>\n<script type=\"application\/ld+json\" class=\"yoast-schema-graph\">{\"@context\":\"https:\/\/schema.org\",\"@graph\":[{\"@type\":\"WebPage\",\"@id\":\"https:\/\/nghiepxuan.com\/es\/product\/explore-los-deliciosos-sabores-de-los-anacardos\/\",\"url\":\"https:\/\/nghiepxuan.com\/es\/product\/explore-los-deliciosos-sabores-de-los-anacardos\/\",\"name\":\"Explore los deliciosos sabores de los anacardos - Nghiep Xuan - Importaci\u00f3n y Exportaci\u00f3n Agr\u00edcola\",\"isPartOf\":{\"@id\":\"https:\/\/nghiepxuan.com\/es\/#website\"},\"primaryImageOfPage\":{\"@id\":\"https:\/\/nghiepxuan.com\/es\/product\/explore-los-deliciosos-sabores-de-los-anacardos\/#primaryimage\"},\"image\":{\"@id\":\"https:\/\/nghiepxuan.com\/es\/product\/explore-los-deliciosos-sabores-de-los-anacardos\/#primaryimage\"},\"thumbnailUrl\":\"https:\/\/nghiepxuan.com\/wp-content\/uploads\/2023\/10\/hat-dieu-tho-duoc-tach-vo-nhu-the-nao-nezqz.jpg\",\"datePublished\":\"2023-10-23T01:47:24+00:00\",\"dateModified\":\"2025-03-29T10:01:15+00:00\",\"breadcrumb\":{\"@id\":\"https:\/\/nghiepxuan.com\/es\/product\/explore-los-deliciosos-sabores-de-los-anacardos\/#breadcrumb\"},\"inLanguage\":\"es\",\"potentialAction\":[{\"@type\":\"ReadAction\",\"target\":[\"https:\/\/nghiepxuan.com\/es\/product\/explore-los-deliciosos-sabores-de-los-anacardos\/\"]}]},{\"@type\":\"ImageObject\",\"inLanguage\":\"es\",\"@id\":\"https:\/\/nghiepxuan.com\/es\/product\/explore-los-deliciosos-sabores-de-los-anacardos\/#primaryimage\",\"url\":\"https:\/\/nghiepxuan.com\/wp-content\/uploads\/2023\/10\/hat-dieu-tho-duoc-tach-vo-nhu-the-nao-nezqz.jpg\",\"contentUrl\":\"https:\/\/nghiepxuan.com\/wp-content\/uploads\/2023\/10\/hat-dieu-tho-duoc-tach-vo-nhu-the-nao-nezqz.jpg\",\"width\":700,\"height\":500},{\"@type\":\"BreadcrumbList\",\"@id\":\"https:\/\/nghiepxuan.com\/es\/product\/explore-los-deliciosos-sabores-de-los-anacardos\/#breadcrumb\",\"itemListElement\":[{\"@type\":\"ListItem\",\"position\":1,\"name\":\"Home\",\"item\":\"https:\/\/nghiepxuan.com\/es\/\"},{\"@type\":\"ListItem\",\"position\":2,\"name\":\"Tienda\",\"item\":\"https:\/\/nghiepxuan.com\/es\/shop\/\"},{\"@type\":\"ListItem\",\"position\":3,\"name\":\"Explore los deliciosos sabores de los anacardos\"}]},{\"@type\":\"WebSite\",\"@id\":\"https:\/\/nghiepxuan.com\/es\/#website\",\"url\":\"https:\/\/nghiepxuan.com\/es\/\",\"name\":\"Nghiep Xuan - Agricultural Import and Export\",\"description\":\"Nutriendo la naturaleza, cosechando salud: su destino de estilo de vida org\u00e1nico\",\"publisher\":{\"@id\":\"https:\/\/nghiepxuan.com\/es\/#organization\"},\"potentialAction\":[{\"@type\":\"SearchAction\",\"target\":{\"@type\":\"EntryPoint\",\"urlTemplate\":\"https:\/\/nghiepxuan.com\/es\/?s={search_term_string}\"},\"query-input\":{\"@type\":\"PropertyValueSpecification\",\"valueRequired\":true,\"valueName\":\"search_term_string\"}}],\"inLanguage\":\"es\"},{\"@type\":\"Organization\",\"@id\":\"https:\/\/nghiepxuan.com\/es\/#organization\",\"name\":\"Nghiep Xuan - Agricultural Import and Export\",\"url\":\"https:\/\/nghiepxuan.com\/es\/\",\"logo\":{\"@type\":\"ImageObject\",\"inLanguage\":\"es\",\"@id\":\"https:\/\/nghiepxuan.com\/es\/#\/schema\/logo\/image\/\",\"url\":\"https:\/\/nghiepxuan.com\/wp-content\/uploads\/2025\/04\/Nghiep-Xuan-Logo-4.png\",\"contentUrl\":\"https:\/\/nghiepxuan.com\/wp-content\/uploads\/2025\/04\/Nghiep-Xuan-Logo-4.png\",\"width\":4167,\"height\":1015,\"caption\":\"Nghiep Xuan - Agricultural Import and Export\"},\"image\":{\"@id\":\"https:\/\/nghiepxuan.com\/es\/#\/schema\/logo\/image\/\"},\"sameAs\":[\"https:\/\/www.facebook.com\/nongsannghiepxuan\/\",\"https:\/\/x.com\/PhuTonBui\",\"https:\/\/www.instagram.com\/xuatnhapkhaunghiepxuan\/\",\"https:\/\/www.youtube.com\/@nongsannghiepxuan2066\",\"https:\/\/www.tiktok.com\/@nghiepxuan\"]}]}<\/script>\n<!-- \/ Yoast SEO plugin. -->","yoast_head_json":{"title":"Explore los deliciosos sabores de los anacardos - Nghiep Xuan - Importaci\u00f3n y Exportaci\u00f3n Agr\u00edcola","robots":{"index":"index","follow":"follow","max-snippet":"max-snippet:-1","max-image-preview":"max-image-preview:large","max-video-preview":"max-video-preview:-1"},"canonical":"https:\/\/nghiepxuan.com\/es\/product\/explore-los-deliciosos-sabores-de-los-anacardos\/","og_locale":"es_ES","og_type":"article","og_title":"Explore los deliciosos sabores de los anacardos - Nghiep Xuan - Importaci\u00f3n y Exportaci\u00f3n Agr\u00edcola","og_description":"Descubra el irresistible sabor de nuestros anacardos: un tentempi\u00e9 delicioso y sano que satisface sus antojos. Estos tesoros cremosos y crujientes son la golosina perfecta para llevar. Repletos de grasas saludables y nutrientes esenciales, son un capricho libre de culpa para un impulso de energ\u00eda y sabor. Mejore sus aperitivos con nuestros anacardos de primera calidad y experimente el equilibrio perfecto entre cremosidad y textura crujiente en cada bocado.","og_url":"https:\/\/nghiepxuan.com\/es\/product\/explore-los-deliciosos-sabores-de-los-anacardos\/","og_site_name":"Nghiep Xuan - Importaci\u00f3n y Exportaci\u00f3n Agr\u00edcola","article_publisher":"https:\/\/www.facebook.com\/nongsannghiepxuan\/","article_modified_time":"2025-03-29T10:01:15+00:00","og_image":[{"width":700,"height":500,"url":"https:\/\/nghiepxuan.com\/wp-content\/uploads\/2023\/10\/hat-dieu-tho-duoc-tach-vo-nhu-the-nao-nezqz.jpg","type":"image\/jpeg"}],"twitter_card":"summary_large_image","twitter_site":"@PhuTonBui","twitter_misc":{"Tiempo de lectura":"1 minuto"},"schema":{"@context":"https:\/\/schema.org","@graph":[{"@type":"WebPage","@id":"https:\/\/nghiepxuan.com\/es\/product\/explore-los-deliciosos-sabores-de-los-anacardos\/","url":"https:\/\/nghiepxuan.com\/es\/product\/explore-los-deliciosos-sabores-de-los-anacardos\/","name":"Explore los deliciosos sabores de los anacardos - Nghiep Xuan - Importaci\u00f3n y Exportaci\u00f3n Agr\u00edcola","isPartOf":{"@id":"https:\/\/nghiepxuan.com\/es\/#website"},"primaryImageOfPage":{"@id":"https:\/\/nghiepxuan.com\/es\/product\/explore-los-deliciosos-sabores-de-los-anacardos\/#primaryimage"},"image":{"@id":"https:\/\/nghiepxuan.com\/es\/product\/explore-los-deliciosos-sabores-de-los-anacardos\/#primaryimage"},"thumbnailUrl":"https:\/\/nghiepxuan.com\/wp-content\/uploads\/2023\/10\/hat-dieu-tho-duoc-tach-vo-nhu-the-nao-nezqz.jpg","datePublished":"2023-10-23T01:47:24+00:00","dateModified":"2025-03-29T10:01:15+00:00","breadcrumb":{"@id":"https:\/\/nghiepxuan.com\/es\/product\/explore-los-deliciosos-sabores-de-los-anacardos\/#breadcrumb"},"inLanguage":"es","potentialAction":[{"@type":"ReadAction","target":["https:\/\/nghiepxuan.com\/es\/product\/explore-los-deliciosos-sabores-de-los-anacardos\/"]}]},{"@type":"ImageObject","inLanguage":"es","@id":"https:\/\/nghiepxuan.com\/es\/product\/explore-los-deliciosos-sabores-de-los-anacardos\/#primaryimage","url":"https:\/\/nghiepxuan.com\/wp-content\/uploads\/2023\/10\/hat-dieu-tho-duoc-tach-vo-nhu-the-nao-nezqz.jpg","contentUrl":"https:\/\/nghiepxuan.com\/wp-content\/uploads\/2023\/10\/hat-dieu-tho-duoc-tach-vo-nhu-the-nao-nezqz.jpg","width":700,"height":500},{"@type":"BreadcrumbList","@id":"https:\/\/nghiepxuan.com\/es\/product\/explore-los-deliciosos-sabores-de-los-anacardos\/#breadcrumb","itemListElement":[{"@type":"ListItem","position":1,"name":"Home","item":"https:\/\/nghiepxuan.com\/es\/"},{"@type":"ListItem","position":2,"name":"Tienda","item":"https:\/\/nghiepxuan.com\/es\/shop\/"},{"@type":"ListItem","position":3,"name":"Explore los deliciosos sabores de los anacardos"}]},{"@type":"WebSite","@id":"https:\/\/nghiepxuan.com\/es\/#website","url":"https:\/\/nghiepxuan.com\/es\/","name":"Nghiep Xuan - Agricultural Import and Export","description":"Nutriendo la naturaleza, cosechando salud: su destino de estilo de vida org\u00e1nico","publisher":{"@id":"https:\/\/nghiepxuan.com\/es\/#organization"},"potentialAction":[{"@type":"SearchAction","target":{"@type":"EntryPoint","urlTemplate":"https:\/\/nghiepxuan.com\/es\/?s={search_term_string}"},"query-input":{"@type":"PropertyValueSpecification","valueRequired":true,"valueName":"search_term_string"}}],"inLanguage":"es"},{"@type":"Organization","@id":"https:\/\/nghiepxuan.com\/es\/#organization","name":"Nghiep Xuan - Agricultural Import and Export","url":"https:\/\/nghiepxuan.com\/es\/","logo":{"@type":"ImageObject","inLanguage":"es","@id":"https:\/\/nghiepxuan.com\/es\/#\/schema\/logo\/image\/","url":"https:\/\/nghiepxuan.com\/wp-content\/uploads\/2025\/04\/Nghiep-Xuan-Logo-4.png","contentUrl":"https:\/\/nghiepxuan.com\/wp-content\/uploads\/2025\/04\/Nghiep-Xuan-Logo-4.png","width":4167,"height":1015,"caption":"Nghiep Xuan - Agricultural Import and Export"},"image":{"@id":"https:\/\/nghiepxuan.com\/es\/#\/schema\/logo\/image\/"},"sameAs":["https:\/\/www.facebook.com\/nongsannghiepxuan\/","https:\/\/x.com\/PhuTonBui","https:\/\/www.instagram.com\/xuatnhapkhaunghiepxuan\/","https:\/\/www.youtube.com\/@nongsannghiepxuan2066","https:\/\/www.tiktok.com\/@nghiepxuan"]}]}},"_links":{"self":[{"href":"https:\/\/nghiepxuan.com\/es\/wp-json\/wp\/v2\/product\/4890","targetHints":{"allow":["GET"]}}],"collection":[{"href":"https:\/\/nghiepxuan.com\/es\/wp-json\/wp\/v2\/product"}],"about":[{"href":"https:\/\/nghiepxuan.com\/es\/wp-json\/wp\/v2\/types\/product"}],"replies":[{"embeddable":true,"href":"https:\/\/nghiepxuan.com\/es\/wp-json\/wp\/v2\/comments?post=4890"}],"version-history":[{"count":1,"href":"https:\/\/nghiepxuan.com\/es\/wp-json\/wp\/v2\/product\/4890\/revisions"}],"predecessor-version":[{"id":7034,"href":"https:\/\/nghiepxuan.com\/es\/wp-json\/wp\/v2\/product\/4890\/revisions\/7034"}],"wp:featuredmedia":[{"embeddable":true,"href":"https:\/\/nghiepxuan.com\/es\/wp-json\/wp\/v2\/media\/4618"}],"wp:attachment":[{"href":"https:\/\/nghiepxuan.com\/es\/wp-json\/wp\/v2\/media?parent=4890"}],"wp:term":[{"taxonomy":"product_brand","embeddable":true,"href":"https:\/\/nghiepxuan.com\/es\/wp-json\/wp\/v2\/product_brand?post=4890"},{"taxonomy":"product_cat","embeddable":true,"href":"https:\/\/nghiepxuan.com\/es\/wp-json\/wp\/v2\/product_cat?post=4890"},{"taxonomy":"product_tag","embeddable":true,"href":"https:\/\/nghiepxuan.com\/es\/wp-json\/wp\/v2\/product_tag?post=4890"}],"curies":[{"name":"wp","href":"https:\/\/api.w.org\/{rel}","templated":true}]}}