{"id":4866,"date":"2023-10-23T01:36:33","date_gmt":"2023-10-23T01:36:33","guid":{"rendered":"https:\/\/farm-lang.cdn-pi.com\/product\/saboree-la-sutil-elegancia-del-cafe-arabica\/"},"modified":"2025-03-29T10:01:16","modified_gmt":"2025-03-29T10:01:16","slug":"saborea-la-sutil-elegancia-del-cafe-arabigo","status":"publish","type":"product","link":"https:\/\/nghiepxuan.com\/es\/product\/saborea-la-sutil-elegancia-del-cafe-arabigo\/","title":{"rendered":"Saboree la sutil elegancia del caf\u00e9 ar\u00e1bica"},"content":{"rendered":"<p>En nuestra cafeter\u00eda, le ofrecemos la incomparable riqueza del caf\u00e9 Ar\u00e1bica, c\u00e9lebre en todo el mundo por su sabor suave y meloso y su tentador aroma. Nuestros granos de Ar\u00e1bica, procedentes de las regiones de gran altitud de renombrados pa\u00edses cafeteros, se seleccionan cuidadosamente para garantizar una experiencia cafetera aut\u00e9ntica y de primera calidad.<\/p>\n<p>El caf\u00e9 Ar\u00e1bica se caracteriza por su sutil acidez, deliciosos toques dulces y un perfil de sabor suave y equilibrado. Con un contenido de cafe\u00edna inferior al de otras variedades de caf\u00e9, el Ar\u00e1bica ofrece un sabor refinado y sofisticado que atrae a los amantes del caf\u00e9 m\u00e1s exigentes.<\/p>\n<p>Nuestros expertos baristas preparan h\u00e1bilmente cada taza, proporcionando una textura aterciopelada y una armoniosa mezcla de sabores. Tanto si prefiere un cl\u00e1sico caf\u00e9 solo, un espumoso caf\u00e9 con leche o una decadente bebida inspirada en un postre, nuestra carta ofrece una variada selecci\u00f3n de bebidas a base de Ar\u00e1bica para todos los gustos.<\/p>\n<p>Del\u00e9itese con las deliciosas notas del caf\u00e9 Ar\u00e1bica, tanto si busca un momento de relajaci\u00f3n como una inyecci\u00f3n de energ\u00eda. La elegancia del caf\u00e9 Ar\u00e1bica le espera en nuestra cafeter\u00eda, donde cada sorbo es un viaje al mundo de la artesan\u00eda del caf\u00e9 fino.<\/p>\n","protected":false},"excerpt":{"rendered":"<p>Descubra el mundo del caf\u00e9 Ar\u00e1bica, donde la sutil elegancia se une a un sabor excepcional. Nuestros granos de Ar\u00e1bica, cuidadosamente seleccionados, ofrecen un sabor suave y meloso con un toque de dulzor. Desde el cl\u00e1sico caf\u00e9 solo hasta el cremoso caf\u00e9 con leche, ofrecemos una gama de opciones que se adaptan a sus preferencias. Mejore su experiencia cafetera con los mejores granos de Ar\u00e1bica.<\/p>\n","protected":false},"featured_media":4543,"comment_status":"open","ping_status":"closed","template":"","meta":{"content-type":""},"product_brand":[],"product_cat":[150],"product_tag":[556],"class_list":{"0":"post-4866","1":"product","2":"type-product","3":"status-publish","4":"has-post-thumbnail","6":"product_cat-cafe-cashew-apples-pepper-es","7":"product_tag-cafe","9":"first","10":"instock","11":"shipping-taxable","12":"purchasable","13":"product-type-variable","14":"has-default-attributes"},"yoast_head":"<!-- This site is optimized with the Yoast SEO plugin v26.9 - https:\/\/yoast.com\/product\/yoast-seo-wordpress\/ -->\n<title>Saboree la sutil elegancia del caf\u00e9 ar\u00e1bica - Nghiep Xuan - Importaci\u00f3n y Exportaci\u00f3n Agr\u00edcola<\/title>\n<meta name=\"robots\" content=\"index, follow, max-snippet:-1, max-image-preview:large, max-video-preview:-1\" \/>\n<link rel=\"canonical\" href=\"https:\/\/nghiepxuan.com\/es\/product\/saborea-la-sutil-elegancia-del-cafe-arabigo\/\" \/>\n<meta property=\"og:locale\" content=\"es_ES\" \/>\n<meta property=\"og:type\" content=\"article\" \/>\n<meta property=\"og:title\" content=\"Saboree la sutil elegancia del caf\u00e9 ar\u00e1bica - Nghiep Xuan - Importaci\u00f3n y Exportaci\u00f3n Agr\u00edcola\" \/>\n<meta property=\"og:description\" content=\"Descubra el mundo del caf\u00e9 Ar\u00e1bica, donde la sutil elegancia se une a un sabor excepcional. Nuestros granos de Ar\u00e1bica, cuidadosamente seleccionados, ofrecen un sabor suave y meloso con un toque de dulzor. Desde el cl\u00e1sico caf\u00e9 solo hasta el cremoso caf\u00e9 con leche, ofrecemos una gama de opciones que se adaptan a sus preferencias. Mejore su experiencia cafetera con los mejores granos de Ar\u00e1bica.\" \/>\n<meta property=\"og:url\" content=\"https:\/\/nghiepxuan.com\/es\/product\/saborea-la-sutil-elegancia-del-cafe-arabigo\/\" \/>\n<meta property=\"og:site_name\" content=\"Nghiep Xuan - Importaci\u00f3n y Exportaci\u00f3n Agr\u00edcola\" \/>\n<meta property=\"article:publisher\" content=\"https:\/\/www.facebook.com\/nongsannghiepxuan\/\" \/>\n<meta property=\"article:modified_time\" content=\"2025-03-29T10:01:16+00:00\" \/>\n<meta property=\"og:image\" content=\"https:\/\/nghiepxuan.com\/wp-content\/uploads\/2023\/10\/pngtree-cofee-arabica-texture-corns-photo-image_1134224.jpg\" \/>\n\t<meta property=\"og:image:width\" content=\"960\" \/>\n\t<meta property=\"og:image:height\" content=\"640\" \/>\n\t<meta property=\"og:image:type\" content=\"image\/jpeg\" \/>\n<meta name=\"twitter:card\" content=\"summary_large_image\" \/>\n<meta name=\"twitter:site\" content=\"@PhuTonBui\" \/>\n<meta name=\"twitter:label1\" content=\"Tiempo de lectura\" \/>\n\t<meta name=\"twitter:data1\" content=\"1 minuto\" \/>\n<script type=\"application\/ld+json\" class=\"yoast-schema-graph\">{\"@context\":\"https:\/\/schema.org\",\"@graph\":[{\"@type\":\"WebPage\",\"@id\":\"https:\/\/nghiepxuan.com\/es\/product\/saborea-la-sutil-elegancia-del-cafe-arabigo\/\",\"url\":\"https:\/\/nghiepxuan.com\/es\/product\/saborea-la-sutil-elegancia-del-cafe-arabigo\/\",\"name\":\"Saboree la sutil elegancia del caf\u00e9 ar\u00e1bica - Nghiep Xuan - Importaci\u00f3n y Exportaci\u00f3n Agr\u00edcola\",\"isPartOf\":{\"@id\":\"https:\/\/nghiepxuan.com\/es\/#website\"},\"primaryImageOfPage\":{\"@id\":\"https:\/\/nghiepxuan.com\/es\/product\/saborea-la-sutil-elegancia-del-cafe-arabigo\/#primaryimage\"},\"image\":{\"@id\":\"https:\/\/nghiepxuan.com\/es\/product\/saborea-la-sutil-elegancia-del-cafe-arabigo\/#primaryimage\"},\"thumbnailUrl\":\"https:\/\/nghiepxuan.com\/wp-content\/uploads\/2023\/10\/pngtree-cofee-arabica-texture-corns-photo-image_1134224.jpg\",\"datePublished\":\"2023-10-23T01:36:33+00:00\",\"dateModified\":\"2025-03-29T10:01:16+00:00\",\"breadcrumb\":{\"@id\":\"https:\/\/nghiepxuan.com\/es\/product\/saborea-la-sutil-elegancia-del-cafe-arabigo\/#breadcrumb\"},\"inLanguage\":\"es\",\"potentialAction\":[{\"@type\":\"ReadAction\",\"target\":[\"https:\/\/nghiepxuan.com\/es\/product\/saborea-la-sutil-elegancia-del-cafe-arabigo\/\"]}]},{\"@type\":\"ImageObject\",\"inLanguage\":\"es\",\"@id\":\"https:\/\/nghiepxuan.com\/es\/product\/saborea-la-sutil-elegancia-del-cafe-arabigo\/#primaryimage\",\"url\":\"https:\/\/nghiepxuan.com\/wp-content\/uploads\/2023\/10\/pngtree-cofee-arabica-texture-corns-photo-image_1134224.jpg\",\"contentUrl\":\"https:\/\/nghiepxuan.com\/wp-content\/uploads\/2023\/10\/pngtree-cofee-arabica-texture-corns-photo-image_1134224.jpg\",\"width\":960,\"height\":640,\"caption\":\"Embark on a Flavorful Journey. Arabica Coffee \u2013 Where Sophistication Meets Every Sip. \u2615\ufe0f\u2728 #ArabicaElegance #CoffeePerfection\"},{\"@type\":\"BreadcrumbList\",\"@id\":\"https:\/\/nghiepxuan.com\/es\/product\/saborea-la-sutil-elegancia-del-cafe-arabigo\/#breadcrumb\",\"itemListElement\":[{\"@type\":\"ListItem\",\"position\":1,\"name\":\"Home\",\"item\":\"https:\/\/nghiepxuan.com\/es\/\"},{\"@type\":\"ListItem\",\"position\":2,\"name\":\"Tienda\",\"item\":\"https:\/\/nghiepxuan.com\/es\/shop\/\"},{\"@type\":\"ListItem\",\"position\":3,\"name\":\"Saboree la sutil elegancia del caf\u00e9 ar\u00e1bica\"}]},{\"@type\":\"WebSite\",\"@id\":\"https:\/\/nghiepxuan.com\/es\/#website\",\"url\":\"https:\/\/nghiepxuan.com\/es\/\",\"name\":\"Nghiep Xuan - Agricultural Import and Export\",\"description\":\"Nutriendo la naturaleza, cosechando salud: su destino de estilo de vida org\u00e1nico\",\"publisher\":{\"@id\":\"https:\/\/nghiepxuan.com\/es\/#organization\"},\"potentialAction\":[{\"@type\":\"SearchAction\",\"target\":{\"@type\":\"EntryPoint\",\"urlTemplate\":\"https:\/\/nghiepxuan.com\/es\/?s={search_term_string}\"},\"query-input\":{\"@type\":\"PropertyValueSpecification\",\"valueRequired\":true,\"valueName\":\"search_term_string\"}}],\"inLanguage\":\"es\"},{\"@type\":\"Organization\",\"@id\":\"https:\/\/nghiepxuan.com\/es\/#organization\",\"name\":\"Nghiep Xuan - Agricultural Import and Export\",\"url\":\"https:\/\/nghiepxuan.com\/es\/\",\"logo\":{\"@type\":\"ImageObject\",\"inLanguage\":\"es\",\"@id\":\"https:\/\/nghiepxuan.com\/es\/#\/schema\/logo\/image\/\",\"url\":\"https:\/\/nghiepxuan.com\/wp-content\/uploads\/2025\/04\/Nghiep-Xuan-Logo-4.png\",\"contentUrl\":\"https:\/\/nghiepxuan.com\/wp-content\/uploads\/2025\/04\/Nghiep-Xuan-Logo-4.png\",\"width\":4167,\"height\":1015,\"caption\":\"Nghiep Xuan - Agricultural Import and Export\"},\"image\":{\"@id\":\"https:\/\/nghiepxuan.com\/es\/#\/schema\/logo\/image\/\"},\"sameAs\":[\"https:\/\/www.facebook.com\/nongsannghiepxuan\/\",\"https:\/\/x.com\/PhuTonBui\",\"https:\/\/www.instagram.com\/xuatnhapkhaunghiepxuan\/\",\"https:\/\/www.youtube.com\/@nongsannghiepxuan2066\",\"https:\/\/www.tiktok.com\/@nghiepxuan\"]}]}<\/script>\n<!-- \/ Yoast SEO plugin. -->","yoast_head_json":{"title":"Saboree la sutil elegancia del caf\u00e9 ar\u00e1bica - Nghiep Xuan - Importaci\u00f3n y Exportaci\u00f3n Agr\u00edcola","robots":{"index":"index","follow":"follow","max-snippet":"max-snippet:-1","max-image-preview":"max-image-preview:large","max-video-preview":"max-video-preview:-1"},"canonical":"https:\/\/nghiepxuan.com\/es\/product\/saborea-la-sutil-elegancia-del-cafe-arabigo\/","og_locale":"es_ES","og_type":"article","og_title":"Saboree la sutil elegancia del caf\u00e9 ar\u00e1bica - Nghiep Xuan - Importaci\u00f3n y Exportaci\u00f3n Agr\u00edcola","og_description":"Descubra el mundo del caf\u00e9 Ar\u00e1bica, donde la sutil elegancia se une a un sabor excepcional. Nuestros granos de Ar\u00e1bica, cuidadosamente seleccionados, ofrecen un sabor suave y meloso con un toque de dulzor. Desde el cl\u00e1sico caf\u00e9 solo hasta el cremoso caf\u00e9 con leche, ofrecemos una gama de opciones que se adaptan a sus preferencias. Mejore su experiencia cafetera con los mejores granos de Ar\u00e1bica.","og_url":"https:\/\/nghiepxuan.com\/es\/product\/saborea-la-sutil-elegancia-del-cafe-arabigo\/","og_site_name":"Nghiep Xuan - Importaci\u00f3n y Exportaci\u00f3n Agr\u00edcola","article_publisher":"https:\/\/www.facebook.com\/nongsannghiepxuan\/","article_modified_time":"2025-03-29T10:01:16+00:00","og_image":[{"width":960,"height":640,"url":"https:\/\/nghiepxuan.com\/wp-content\/uploads\/2023\/10\/pngtree-cofee-arabica-texture-corns-photo-image_1134224.jpg","type":"image\/jpeg"}],"twitter_card":"summary_large_image","twitter_site":"@PhuTonBui","twitter_misc":{"Tiempo de lectura":"1 minuto"},"schema":{"@context":"https:\/\/schema.org","@graph":[{"@type":"WebPage","@id":"https:\/\/nghiepxuan.com\/es\/product\/saborea-la-sutil-elegancia-del-cafe-arabigo\/","url":"https:\/\/nghiepxuan.com\/es\/product\/saborea-la-sutil-elegancia-del-cafe-arabigo\/","name":"Saboree la sutil elegancia del caf\u00e9 ar\u00e1bica - Nghiep Xuan - Importaci\u00f3n y Exportaci\u00f3n Agr\u00edcola","isPartOf":{"@id":"https:\/\/nghiepxuan.com\/es\/#website"},"primaryImageOfPage":{"@id":"https:\/\/nghiepxuan.com\/es\/product\/saborea-la-sutil-elegancia-del-cafe-arabigo\/#primaryimage"},"image":{"@id":"https:\/\/nghiepxuan.com\/es\/product\/saborea-la-sutil-elegancia-del-cafe-arabigo\/#primaryimage"},"thumbnailUrl":"https:\/\/nghiepxuan.com\/wp-content\/uploads\/2023\/10\/pngtree-cofee-arabica-texture-corns-photo-image_1134224.jpg","datePublished":"2023-10-23T01:36:33+00:00","dateModified":"2025-03-29T10:01:16+00:00","breadcrumb":{"@id":"https:\/\/nghiepxuan.com\/es\/product\/saborea-la-sutil-elegancia-del-cafe-arabigo\/#breadcrumb"},"inLanguage":"es","potentialAction":[{"@type":"ReadAction","target":["https:\/\/nghiepxuan.com\/es\/product\/saborea-la-sutil-elegancia-del-cafe-arabigo\/"]}]},{"@type":"ImageObject","inLanguage":"es","@id":"https:\/\/nghiepxuan.com\/es\/product\/saborea-la-sutil-elegancia-del-cafe-arabigo\/#primaryimage","url":"https:\/\/nghiepxuan.com\/wp-content\/uploads\/2023\/10\/pngtree-cofee-arabica-texture-corns-photo-image_1134224.jpg","contentUrl":"https:\/\/nghiepxuan.com\/wp-content\/uploads\/2023\/10\/pngtree-cofee-arabica-texture-corns-photo-image_1134224.jpg","width":960,"height":640,"caption":"Embark on a Flavorful Journey. Arabica Coffee \u2013 Where Sophistication Meets Every Sip. \u2615\ufe0f\u2728 #ArabicaElegance #CoffeePerfection"},{"@type":"BreadcrumbList","@id":"https:\/\/nghiepxuan.com\/es\/product\/saborea-la-sutil-elegancia-del-cafe-arabigo\/#breadcrumb","itemListElement":[{"@type":"ListItem","position":1,"name":"Home","item":"https:\/\/nghiepxuan.com\/es\/"},{"@type":"ListItem","position":2,"name":"Tienda","item":"https:\/\/nghiepxuan.com\/es\/shop\/"},{"@type":"ListItem","position":3,"name":"Saboree la sutil elegancia del caf\u00e9 ar\u00e1bica"}]},{"@type":"WebSite","@id":"https:\/\/nghiepxuan.com\/es\/#website","url":"https:\/\/nghiepxuan.com\/es\/","name":"Nghiep Xuan - Agricultural Import and Export","description":"Nutriendo la naturaleza, cosechando salud: su destino de estilo de vida org\u00e1nico","publisher":{"@id":"https:\/\/nghiepxuan.com\/es\/#organization"},"potentialAction":[{"@type":"SearchAction","target":{"@type":"EntryPoint","urlTemplate":"https:\/\/nghiepxuan.com\/es\/?s={search_term_string}"},"query-input":{"@type":"PropertyValueSpecification","valueRequired":true,"valueName":"search_term_string"}}],"inLanguage":"es"},{"@type":"Organization","@id":"https:\/\/nghiepxuan.com\/es\/#organization","name":"Nghiep Xuan - Agricultural Import and Export","url":"https:\/\/nghiepxuan.com\/es\/","logo":{"@type":"ImageObject","inLanguage":"es","@id":"https:\/\/nghiepxuan.com\/es\/#\/schema\/logo\/image\/","url":"https:\/\/nghiepxuan.com\/wp-content\/uploads\/2025\/04\/Nghiep-Xuan-Logo-4.png","contentUrl":"https:\/\/nghiepxuan.com\/wp-content\/uploads\/2025\/04\/Nghiep-Xuan-Logo-4.png","width":4167,"height":1015,"caption":"Nghiep Xuan - Agricultural Import and Export"},"image":{"@id":"https:\/\/nghiepxuan.com\/es\/#\/schema\/logo\/image\/"},"sameAs":["https:\/\/www.facebook.com\/nongsannghiepxuan\/","https:\/\/x.com\/PhuTonBui","https:\/\/www.instagram.com\/xuatnhapkhaunghiepxuan\/","https:\/\/www.youtube.com\/@nongsannghiepxuan2066","https:\/\/www.tiktok.com\/@nghiepxuan"]}]}},"_links":{"self":[{"href":"https:\/\/nghiepxuan.com\/es\/wp-json\/wp\/v2\/product\/4866","targetHints":{"allow":["GET"]}}],"collection":[{"href":"https:\/\/nghiepxuan.com\/es\/wp-json\/wp\/v2\/product"}],"about":[{"href":"https:\/\/nghiepxuan.com\/es\/wp-json\/wp\/v2\/types\/product"}],"replies":[{"embeddable":true,"href":"https:\/\/nghiepxuan.com\/es\/wp-json\/wp\/v2\/comments?post=4866"}],"version-history":[{"count":1,"href":"https:\/\/nghiepxuan.com\/es\/wp-json\/wp\/v2\/product\/4866\/revisions"}],"predecessor-version":[{"id":7041,"href":"https:\/\/nghiepxuan.com\/es\/wp-json\/wp\/v2\/product\/4866\/revisions\/7041"}],"wp:featuredmedia":[{"embeddable":true,"href":"https:\/\/nghiepxuan.com\/es\/wp-json\/wp\/v2\/media\/4543"}],"wp:attachment":[{"href":"https:\/\/nghiepxuan.com\/es\/wp-json\/wp\/v2\/media?parent=4866"}],"wp:term":[{"taxonomy":"product_brand","embeddable":true,"href":"https:\/\/nghiepxuan.com\/es\/wp-json\/wp\/v2\/product_brand?post=4866"},{"taxonomy":"product_cat","embeddable":true,"href":"https:\/\/nghiepxuan.com\/es\/wp-json\/wp\/v2\/product_cat?post=4866"},{"taxonomy":"product_tag","embeddable":true,"href":"https:\/\/nghiepxuan.com\/es\/wp-json\/wp\/v2\/product_tag?post=4866"}],"curies":[{"name":"wp","href":"https:\/\/api.w.org\/{rel}","templated":true}]}}