{"id":10261,"date":"2026-05-07T06:20:26","date_gmt":"2026-05-07T06:20:26","guid":{"rendered":"https:\/\/nghiepxuan.com\/product\/fruta-de-la-pasion-congelada-de-primera-calidad-entera-cortada-por-la-mitad-calidad-para-la-exportacion-nghiep-xuan-vietnam\/"},"modified":"2026-05-07T06:20:26","modified_gmt":"2026-05-07T06:20:26","slug":"fruta-de-la-pasion-congelada-de-primera-calidad-entera-cortada-por-la-mitad-calidad-para-la-exportacion-nghiep-xuan-vietnam","status":"publish","type":"product","link":"https:\/\/nghiepxuan.com\/es\/product\/fruta-de-la-pasion-congelada-de-primera-calidad-entera-cortada-por-la-mitad-calidad-para-la-exportacion-nghiep-xuan-vietnam\/","title":{"rendered":"Fruta de la pasi\u00f3n congelada de primera calidad (entera cortada por la mitad) | Calidad para la exportaci\u00f3n | Nghiep Xuan Vietnam"},"content":{"rendered":"<h3 data-section-id=\"1acoqve\" data-start=\"366\" data-end=\"410\"><span role=\"text\"><strong data-start=\"370\" data-end=\"410\">Visi\u00f3n general<\/strong><\/span><\/h3>\n<p data-start=\"411\" data-end=\"621\">Nghiep Xuan se enorgullece de ofrecer <strong data-start=\"438\" data-end=\"487\">Fruta de la Pasi\u00f3n Congelada Premium (entera cortada por la mitad)<\/strong>, cuidadosamente seleccionada en su punto \u00f3ptimo de maduraci\u00f3n y procesada para conservar su <strong data-start=\"555\" data-end=\"620\">estructura natural, su color vibrante y su intenso sabor tropical<\/strong>.<\/p>\n<p data-start=\"623\" data-end=\"973\">Cada fruta se <strong data-start=\"637\" data-end=\"673\">limpia, se corta por la mitad y se congela<\/strong>, proporcionando una <strong data-start=\"687\" data-end=\"712\">soluci\u00f3n lista para usar<\/strong> a las empresas que requieren <strong data-start=\"746\" data-end=\"790\">tanto atractivo visual como eficacia operativa<\/strong>. Este formato es especialmente valioso para las <strong data-start=\"831\" data-end=\"893\">cadenas de bebidas, las marcas de postres y los operadores de restauraci\u00f3n<\/strong> que buscan ofrecer aut\u00e9nticas experiencias de fruta de la pasi\u00f3n con una calidad constante. <\/p>\n<hr data-start=\"975\" data-end=\"978\">\n<h3 data-section-id=\"i3u59h\" data-start=\"980\" data-end=\"1003\"><span role=\"text\"><strong data-start=\"984\" data-end=\"1003\">\ud83e\udd6d Caracter\u00edsticas principales<\/strong><\/span><\/h3>\n<ul data-start=\"1004\" data-end=\"1393\">\n<li data-section-id=\"z4de7g\" data-start=\"1004\" data-end=\"1069\"><strong data-start=\"1006\" data-end=\"1031\">Formato entero medio cortado<\/strong> &#8211; Listo para usar, sin necesidad de cortarlo<\/li>\n<li data-section-id=\"1272avp\" data-start=\"1070\" data-end=\"1139\"><strong data-start=\"1072\" data-end=\"1094\">Aspecto natural<\/strong> &#8211; Atractiva pulpa amarilla con semillas intactas<\/li>\n<li data-section-id=\"43nung\" data-start=\"1140\" data-end=\"1199\"><strong data-start=\"1142\" data-end=\"1165\">Rico aroma y sabor<\/strong> &#8211; Fuerte perfil de sabor tropical<\/li>\n<li data-section-id=\"o7x70a\" data-start=\"1200\" data-end=\"1267\"><strong data-start=\"1202\" data-end=\"1229\">Procesado IQF \/ Congelado<\/strong> &#8211; Conserva la frescura y los nutrientes<\/li>\n<li data-section-id=\"1se6bww\" data-start=\"1268\" data-end=\"1340\"><strong data-start=\"1270\" data-end=\"1299\">Tama\u00f1o y calidad uniformes<\/strong> &#8211; Adecuado para operaciones estandarizadas<\/li>\n<li data-section-id=\"16zuj4u\" data-start=\"1341\" data-end=\"1393\"><strong data-start=\"1343\" data-end=\"1359\">100% Natural<\/strong> &#8211; Sin aditivos ni conservantes<\/li>\n<\/ul>\n<hr data-start=\"1395\" data-end=\"1398\">\n<h3 data-section-id=\"f701lt\" data-start=\"1400\" data-end=\"1424\"><span role=\"text\"><strong data-start=\"1404\" data-end=\"1424\">\ud83c\udf7d\ufe0f Aplicaciones<\/strong><\/span><\/h3>\n<p data-start=\"1425\" data-end=\"1481\">Dise\u00f1ado para una presentaci\u00f3n de gran impacto y un uso eficiente:<\/p>\n<ul data-start=\"1482\" data-end=\"1664\">\n<li data-section-id=\"1ur03na\" data-start=\"1482\" data-end=\"1516\">Cadenas de t\u00e9 de burbujas y bebidas<\/li>\n<li data-section-id=\"19cazmn\" data-start=\"1517\" data-end=\"1557\">C\u00f3cteles, mocktails y bares de zumos<\/li>\n<li data-section-id=\"1ejsmc0\" data-start=\"1558\" data-end=\"1594\">Coberturas para postres y fruteros<\/li>\n<li data-section-id=\"1ue9a2i\" data-start=\"1595\" data-end=\"1627\">Decoraci\u00f3n de panader\u00eda y pasteler\u00eda<\/li>\n<li data-section-id=\"ka4501\" data-start=\"1628\" data-end=\"1664\">Productos congelados y listos para consumir<\/li>\n<\/ul>\n<hr data-start=\"1666\" data-end=\"1669\">\n<h3 data-section-id=\"grum48\" data-start=\"1671\" data-end=\"1704\"><span role=\"text\"><strong data-start=\"1675\" data-end=\"1704\">\ud83d\udce6 Especificaciones del producto<\/strong><\/span><\/h3>\n<ul data-start=\"1705\" data-end=\"2067\">\n<li data-section-id=\"6mopve\" data-start=\"1705\" data-end=\"1764\"><strong data-start=\"1707\" data-end=\"1724\">Tipo de producto:<\/strong> Fruta de la Pasi\u00f3n Congelada (Semicortada Entera)<\/li>\n<li data-section-id=\"1n3n3cw\" data-start=\"1765\" data-end=\"1826\"><strong data-start=\"1767\" data-end=\"1782\">Procesado:<\/strong> Limpiado, Semicortado y Congelado<\/li>\n<li data-section-id=\"895jai\" data-start=\"1827\" data-end=\"1850\"><strong data-start=\"1829\" data-end=\"1840\">Origen:<\/strong> Vietnam<\/li>\n<li data-section-id=\"5d1acd\" data-start=\"1851\" data-end=\"1892\"><strong data-start=\"1853\" data-end=\"1868\">Caducidad:<\/strong> 18-24 meses a -18\u00b0C<\/li>\n<li data-section-id=\"hpqp2v\" data-start=\"1893\" data-end=\"1944\"><strong data-start=\"1895\" data-end=\"1909\">Envasado:<\/strong> A granel \/ Minorista \/ Personalizable OEM<\/li>\n<li data-section-id=\"5d5dzj\" data-start=\"1945\" data-end=\"1997\"><strong data-start=\"1947\" data-end=\"1956\">Talla:<\/strong> Clasificaci\u00f3n uniforme disponible previa solicitud<\/li>\n<li data-section-id=\"1ynrigw\" data-start=\"1998\" data-end=\"2067\"><strong data-start=\"2000\" data-end=\"2019\">Certificaciones:<\/strong> Disponibles previa solicitud (GlobalGAP, ISO, etc.)<\/li>\n<\/ul>\n<hr data-start=\"2069\" data-end=\"2072\">\n<h3 data-section-id=\"1a272qi\" data-start=\"2074\" data-end=\"2108\"><span role=\"text\"><strong data-start=\"2078\" data-end=\"2108\">\ud83d\ude9a \u00bfPor qu\u00e9 elegir Nghiep Xuan?<\/strong><\/span><\/h3>\n<ul data-start=\"2109\" data-end=\"2384\">\n<li data-section-id=\"1qzwuox\" data-start=\"2109\" data-end=\"2166\">Especialista en <strong data-start=\"2125\" data-end=\"2164\">procesamiento y exportaci\u00f3n de fruta de la pasi\u00f3n<\/strong><\/li>\n<li data-section-id=\"x54rxg\" data-start=\"2167\" data-end=\"2226\">S\u00f3lido <strong data-start=\"2176\" data-end=\"2224\">sistema de cadena de fr\u00edo que garantiza la integridad del producto<\/strong><\/li>\n<li data-section-id=\"5cwoft\" data-start=\"2227\" data-end=\"2279\">Centrarse en la <strong data-start=\"2238\" data-end=\"2277\">calidad visual + la consistencia del sabor<\/strong><\/li>\n<li data-section-id=\"pha0d0\" data-start=\"2280\" data-end=\"2324\"><strong data-start=\"2291\" data-end=\"2322\">Soluciones<\/strong> flexibles <strong data-start=\"2291\" data-end=\"2322\">OEM\/etiqueta privada<\/strong><\/li>\n<li data-section-id=\"s3wf53\" data-start=\"2325\" data-end=\"2384\">Socio de confianza de <strong data-start=\"2347\" data-end=\"2382\">marcas mundiales de bebidas y alimentos<\/strong><\/li>\n<\/ul>\n<hr data-start=\"2386\" data-end=\"2389\">\n<h3 data-section-id=\"sirax1\" data-start=\"2391\" data-end=\"2413\"><span role=\"text\"><strong data-start=\"2395\" data-end=\"2413\">\ud83d\udce9 Consulta CTA<\/strong><\/span><\/h3>\n<p data-start=\"2414\" data-end=\"2565\">\u00bfBuscas un proveedor fiable de fruta de la pasi\u00f3n congelada y cortada por la mitad?<br data-start=\"2479\" data-end=\"2482\">\ud83d\udc49 Ponte en contacto con Nghiep Xuan hoy mismo para obtener un <strong data-start=\"2515\" data-end=\"2564\">presupuesto, muestras y una cooperaci\u00f3n a largo plazo<\/strong>.<\/p>\n<p data-start=\"2414\" data-end=\"2565\">Correo electr\u00f3nico: info@nghiepxuan.com || WhatsApp\/Viber\/Zalo\/Wechat\/Hotline: +84939 345 598<\/p>\n","protected":false},"excerpt":{"rendered":"<p>Fruta de la pasi\u00f3n cortada por la mitad, lista para usar, para t\u00e9 de burbujas y c\u00f3cteles. Calidad constante, color vibrante, suministro para exportaci\u00f3n a Vietnam. Solicita un presupuesto.  <\/p>\n","protected":false},"featured_media":10230,"comment_status":"open","ping_status":"closed","template":"","meta":{"content-type":""},"product_brand":[],"product_cat":[424],"product_tag":[1156,1186,661],"class_list":{"0":"post-10261","1":"product","2":"type-product","3":"status-publish","4":"has-post-thumbnail","6":"product_cat-frozen-es","7":"product_tag-exportacion-a-vietnam","8":"product_tag-fruta-congelada","9":"product_tag-fruta-de-la-pasion-congelada","11":"first","12":"instock","13":"shipping-taxable","14":"product-type-simple"},"yoast_head":"<!-- This site is optimized with the Yoast SEO plugin v26.9 - https:\/\/yoast.com\/product\/yoast-seo-wordpress\/ -->\n<title>Fruta de la pasi\u00f3n congelada de primera calidad (entera cortada por la mitad) | Calidad para la exportaci\u00f3n | Nghiep Xuan Vietnam - Nghiep Xuan - Importaci\u00f3n y Exportaci\u00f3n Agr\u00edcola<\/title>\n<meta name=\"description\" content=\"Fruta de la pasi\u00f3n de primera calidad, congelada y cortada por la mitad, procedente de Vietnam. Aspecto natural, sabor intenso, suministro a granel y envasado OEM. Ideal para bebidas y postres. Ponte en contacto con nosotros.\" \/>\n<meta name=\"robots\" content=\"index, follow, max-snippet:-1, max-image-preview:large, max-video-preview:-1\" \/>\n<link rel=\"canonical\" href=\"https:\/\/nghiepxuan.com\/es\/product\/fruta-de-la-pasion-congelada-de-primera-calidad-entera-cortada-por-la-mitad-calidad-para-la-exportacion-nghiep-xuan-vietnam\/\" \/>\n<meta property=\"og:locale\" content=\"es_ES\" \/>\n<meta property=\"og:type\" content=\"article\" \/>\n<meta property=\"og:title\" content=\"Fruta de la pasi\u00f3n congelada de primera calidad (entera cortada por la mitad) | Calidad para la exportaci\u00f3n | Nghiep Xuan Vietnam - Nghiep Xuan - Importaci\u00f3n y Exportaci\u00f3n Agr\u00edcola\" \/>\n<meta property=\"og:description\" content=\"Fruta de la pasi\u00f3n de primera calidad, congelada y cortada por la mitad, procedente de Vietnam. Aspecto natural, sabor intenso, suministro a granel y envasado OEM. Ideal para bebidas y postres. Ponte en contacto con nosotros.\" \/>\n<meta property=\"og:url\" content=\"https:\/\/nghiepxuan.com\/es\/product\/fruta-de-la-pasion-congelada-de-primera-calidad-entera-cortada-por-la-mitad-calidad-para-la-exportacion-nghiep-xuan-vietnam\/\" \/>\n<meta property=\"og:site_name\" content=\"Nghiep Xuan - Importaci\u00f3n y Exportaci\u00f3n Agr\u00edcola\" \/>\n<meta property=\"article:publisher\" content=\"https:\/\/www.facebook.com\/nongsannghiepxuan\/\" \/>\n<meta property=\"og:image\" content=\"https:\/\/nghiepxuan.com\/wp-content\/uploads\/2026\/05\/z7792705422724_c93cbaa05ec28595bf085f68633bd967.jpg\" \/>\n\t<meta property=\"og:image:width\" content=\"1920\" \/>\n\t<meta property=\"og:image:height\" content=\"2560\" \/>\n\t<meta property=\"og:image:type\" content=\"image\/jpeg\" \/>\n<meta name=\"twitter:card\" content=\"summary_large_image\" \/>\n<meta name=\"twitter:site\" content=\"@PhuTonBui\" \/>\n<meta name=\"twitter:label1\" content=\"Tiempo de lectura\" \/>\n\t<meta name=\"twitter:data1\" content=\"2 minutos\" \/>\n<script type=\"application\/ld+json\" class=\"yoast-schema-graph\">{\"@context\":\"https:\/\/schema.org\",\"@graph\":[{\"@type\":\"WebPage\",\"@id\":\"https:\/\/nghiepxuan.com\/es\/product\/fruta-de-la-pasion-congelada-de-primera-calidad-entera-cortada-por-la-mitad-calidad-para-la-exportacion-nghiep-xuan-vietnam\/\",\"url\":\"https:\/\/nghiepxuan.com\/es\/product\/fruta-de-la-pasion-congelada-de-primera-calidad-entera-cortada-por-la-mitad-calidad-para-la-exportacion-nghiep-xuan-vietnam\/\",\"name\":\"Fruta de la pasi\u00f3n congelada de primera calidad (entera cortada por la mitad) | Calidad para la exportaci\u00f3n | Nghiep Xuan Vietnam - Nghiep Xuan - Importaci\u00f3n y Exportaci\u00f3n Agr\u00edcola\",\"isPartOf\":{\"@id\":\"https:\/\/nghiepxuan.com\/es\/#website\"},\"primaryImageOfPage\":{\"@id\":\"https:\/\/nghiepxuan.com\/es\/product\/fruta-de-la-pasion-congelada-de-primera-calidad-entera-cortada-por-la-mitad-calidad-para-la-exportacion-nghiep-xuan-vietnam\/#primaryimage\"},\"image\":{\"@id\":\"https:\/\/nghiepxuan.com\/es\/product\/fruta-de-la-pasion-congelada-de-primera-calidad-entera-cortada-por-la-mitad-calidad-para-la-exportacion-nghiep-xuan-vietnam\/#primaryimage\"},\"thumbnailUrl\":\"https:\/\/nghiepxuan.com\/wp-content\/uploads\/2026\/05\/z7792705422724_c93cbaa05ec28595bf085f68633bd967.jpg\",\"datePublished\":\"2026-05-07T06:20:26+00:00\",\"description\":\"Fruta de la pasi\u00f3n de primera calidad, congelada y cortada por la mitad, procedente de Vietnam. Aspecto natural, sabor intenso, suministro a granel y envasado OEM. Ideal para bebidas y postres. Ponte en contacto con nosotros.\",\"breadcrumb\":{\"@id\":\"https:\/\/nghiepxuan.com\/es\/product\/fruta-de-la-pasion-congelada-de-primera-calidad-entera-cortada-por-la-mitad-calidad-para-la-exportacion-nghiep-xuan-vietnam\/#breadcrumb\"},\"inLanguage\":\"es\",\"potentialAction\":[{\"@type\":\"ReadAction\",\"target\":[\"https:\/\/nghiepxuan.com\/es\/product\/fruta-de-la-pasion-congelada-de-primera-calidad-entera-cortada-por-la-mitad-calidad-para-la-exportacion-nghiep-xuan-vietnam\/\"]}]},{\"@type\":\"ImageObject\",\"inLanguage\":\"es\",\"@id\":\"https:\/\/nghiepxuan.com\/es\/product\/fruta-de-la-pasion-congelada-de-primera-calidad-entera-cortada-por-la-mitad-calidad-para-la-exportacion-nghiep-xuan-vietnam\/#primaryimage\",\"url\":\"https:\/\/nghiepxuan.com\/wp-content\/uploads\/2026\/05\/z7792705422724_c93cbaa05ec28595bf085f68633bd967.jpg\",\"contentUrl\":\"https:\/\/nghiepxuan.com\/wp-content\/uploads\/2026\/05\/z7792705422724_c93cbaa05ec28595bf085f68633bd967.jpg\",\"width\":1920,\"height\":2560,\"caption\":\"Frozen passion fruit\"},{\"@type\":\"BreadcrumbList\",\"@id\":\"https:\/\/nghiepxuan.com\/es\/product\/fruta-de-la-pasion-congelada-de-primera-calidad-entera-cortada-por-la-mitad-calidad-para-la-exportacion-nghiep-xuan-vietnam\/#breadcrumb\",\"itemListElement\":[{\"@type\":\"ListItem\",\"position\":1,\"name\":\"Home\",\"item\":\"https:\/\/nghiepxuan.com\/es\/\"},{\"@type\":\"ListItem\",\"position\":2,\"name\":\"Tienda\",\"item\":\"https:\/\/nghiepxuan.com\/es\/shop\/\"},{\"@type\":\"ListItem\",\"position\":3,\"name\":\"Fruta de la pasi\u00f3n congelada de primera calidad (entera cortada por la mitad) | Calidad para la exportaci\u00f3n | Nghiep Xuan Vietnam\"}]},{\"@type\":\"WebSite\",\"@id\":\"https:\/\/nghiepxuan.com\/es\/#website\",\"url\":\"https:\/\/nghiepxuan.com\/es\/\",\"name\":\"Nghiep Xuan - Agricultural Import and Export\",\"description\":\"Nutriendo la naturaleza, cosechando salud: su destino de estilo de vida org\u00e1nico\",\"publisher\":{\"@id\":\"https:\/\/nghiepxuan.com\/es\/#organization\"},\"potentialAction\":[{\"@type\":\"SearchAction\",\"target\":{\"@type\":\"EntryPoint\",\"urlTemplate\":\"https:\/\/nghiepxuan.com\/es\/?s={search_term_string}\"},\"query-input\":{\"@type\":\"PropertyValueSpecification\",\"valueRequired\":true,\"valueName\":\"search_term_string\"}}],\"inLanguage\":\"es\"},{\"@type\":\"Organization\",\"@id\":\"https:\/\/nghiepxuan.com\/es\/#organization\",\"name\":\"Nghiep Xuan - Agricultural Import and Export\",\"url\":\"https:\/\/nghiepxuan.com\/es\/\",\"logo\":{\"@type\":\"ImageObject\",\"inLanguage\":\"es\",\"@id\":\"https:\/\/nghiepxuan.com\/es\/#\/schema\/logo\/image\/\",\"url\":\"https:\/\/nghiepxuan.com\/wp-content\/uploads\/2025\/04\/Nghiep-Xuan-Logo-4.png\",\"contentUrl\":\"https:\/\/nghiepxuan.com\/wp-content\/uploads\/2025\/04\/Nghiep-Xuan-Logo-4.png\",\"width\":4167,\"height\":1015,\"caption\":\"Nghiep Xuan - Agricultural Import and Export\"},\"image\":{\"@id\":\"https:\/\/nghiepxuan.com\/es\/#\/schema\/logo\/image\/\"},\"sameAs\":[\"https:\/\/www.facebook.com\/nongsannghiepxuan\/\",\"https:\/\/x.com\/PhuTonBui\",\"https:\/\/www.instagram.com\/xuatnhapkhaunghiepxuan\/\",\"https:\/\/www.youtube.com\/@nongsannghiepxuan2066\",\"https:\/\/www.tiktok.com\/@nghiepxuan\"]}]}<\/script>\n<!-- \/ Yoast SEO plugin. -->","yoast_head_json":{"title":"Fruta de la pasi\u00f3n congelada de primera calidad (entera cortada por la mitad) | Calidad para la exportaci\u00f3n | Nghiep Xuan Vietnam - Nghiep Xuan - Importaci\u00f3n y Exportaci\u00f3n Agr\u00edcola","description":"Fruta de la pasi\u00f3n de primera calidad, congelada y cortada por la mitad, procedente de Vietnam. Aspecto natural, sabor intenso, suministro a granel y envasado OEM. Ideal para bebidas y postres. Ponte en contacto con nosotros.","robots":{"index":"index","follow":"follow","max-snippet":"max-snippet:-1","max-image-preview":"max-image-preview:large","max-video-preview":"max-video-preview:-1"},"canonical":"https:\/\/nghiepxuan.com\/es\/product\/fruta-de-la-pasion-congelada-de-primera-calidad-entera-cortada-por-la-mitad-calidad-para-la-exportacion-nghiep-xuan-vietnam\/","og_locale":"es_ES","og_type":"article","og_title":"Fruta de la pasi\u00f3n congelada de primera calidad (entera cortada por la mitad) | Calidad para la exportaci\u00f3n | Nghiep Xuan Vietnam - Nghiep Xuan - Importaci\u00f3n y Exportaci\u00f3n Agr\u00edcola","og_description":"Fruta de la pasi\u00f3n de primera calidad, congelada y cortada por la mitad, procedente de Vietnam. Aspecto natural, sabor intenso, suministro a granel y envasado OEM. Ideal para bebidas y postres. Ponte en contacto con nosotros.","og_url":"https:\/\/nghiepxuan.com\/es\/product\/fruta-de-la-pasion-congelada-de-primera-calidad-entera-cortada-por-la-mitad-calidad-para-la-exportacion-nghiep-xuan-vietnam\/","og_site_name":"Nghiep Xuan - Importaci\u00f3n y Exportaci\u00f3n Agr\u00edcola","article_publisher":"https:\/\/www.facebook.com\/nongsannghiepxuan\/","og_image":[{"width":1920,"height":2560,"url":"https:\/\/nghiepxuan.com\/wp-content\/uploads\/2026\/05\/z7792705422724_c93cbaa05ec28595bf085f68633bd967.jpg","type":"image\/jpeg"}],"twitter_card":"summary_large_image","twitter_site":"@PhuTonBui","twitter_misc":{"Tiempo de lectura":"2 minutos"},"schema":{"@context":"https:\/\/schema.org","@graph":[{"@type":"WebPage","@id":"https:\/\/nghiepxuan.com\/es\/product\/fruta-de-la-pasion-congelada-de-primera-calidad-entera-cortada-por-la-mitad-calidad-para-la-exportacion-nghiep-xuan-vietnam\/","url":"https:\/\/nghiepxuan.com\/es\/product\/fruta-de-la-pasion-congelada-de-primera-calidad-entera-cortada-por-la-mitad-calidad-para-la-exportacion-nghiep-xuan-vietnam\/","name":"Fruta de la pasi\u00f3n congelada de primera calidad (entera cortada por la mitad) | Calidad para la exportaci\u00f3n | Nghiep Xuan Vietnam - Nghiep Xuan - Importaci\u00f3n y Exportaci\u00f3n Agr\u00edcola","isPartOf":{"@id":"https:\/\/nghiepxuan.com\/es\/#website"},"primaryImageOfPage":{"@id":"https:\/\/nghiepxuan.com\/es\/product\/fruta-de-la-pasion-congelada-de-primera-calidad-entera-cortada-por-la-mitad-calidad-para-la-exportacion-nghiep-xuan-vietnam\/#primaryimage"},"image":{"@id":"https:\/\/nghiepxuan.com\/es\/product\/fruta-de-la-pasion-congelada-de-primera-calidad-entera-cortada-por-la-mitad-calidad-para-la-exportacion-nghiep-xuan-vietnam\/#primaryimage"},"thumbnailUrl":"https:\/\/nghiepxuan.com\/wp-content\/uploads\/2026\/05\/z7792705422724_c93cbaa05ec28595bf085f68633bd967.jpg","datePublished":"2026-05-07T06:20:26+00:00","description":"Fruta de la pasi\u00f3n de primera calidad, congelada y cortada por la mitad, procedente de Vietnam. Aspecto natural, sabor intenso, suministro a granel y envasado OEM. Ideal para bebidas y postres. Ponte en contacto con nosotros.","breadcrumb":{"@id":"https:\/\/nghiepxuan.com\/es\/product\/fruta-de-la-pasion-congelada-de-primera-calidad-entera-cortada-por-la-mitad-calidad-para-la-exportacion-nghiep-xuan-vietnam\/#breadcrumb"},"inLanguage":"es","potentialAction":[{"@type":"ReadAction","target":["https:\/\/nghiepxuan.com\/es\/product\/fruta-de-la-pasion-congelada-de-primera-calidad-entera-cortada-por-la-mitad-calidad-para-la-exportacion-nghiep-xuan-vietnam\/"]}]},{"@type":"ImageObject","inLanguage":"es","@id":"https:\/\/nghiepxuan.com\/es\/product\/fruta-de-la-pasion-congelada-de-primera-calidad-entera-cortada-por-la-mitad-calidad-para-la-exportacion-nghiep-xuan-vietnam\/#primaryimage","url":"https:\/\/nghiepxuan.com\/wp-content\/uploads\/2026\/05\/z7792705422724_c93cbaa05ec28595bf085f68633bd967.jpg","contentUrl":"https:\/\/nghiepxuan.com\/wp-content\/uploads\/2026\/05\/z7792705422724_c93cbaa05ec28595bf085f68633bd967.jpg","width":1920,"height":2560,"caption":"Frozen passion fruit"},{"@type":"BreadcrumbList","@id":"https:\/\/nghiepxuan.com\/es\/product\/fruta-de-la-pasion-congelada-de-primera-calidad-entera-cortada-por-la-mitad-calidad-para-la-exportacion-nghiep-xuan-vietnam\/#breadcrumb","itemListElement":[{"@type":"ListItem","position":1,"name":"Home","item":"https:\/\/nghiepxuan.com\/es\/"},{"@type":"ListItem","position":2,"name":"Tienda","item":"https:\/\/nghiepxuan.com\/es\/shop\/"},{"@type":"ListItem","position":3,"name":"Fruta de la pasi\u00f3n congelada de primera calidad (entera cortada por la mitad) | Calidad para la exportaci\u00f3n | Nghiep Xuan Vietnam"}]},{"@type":"WebSite","@id":"https:\/\/nghiepxuan.com\/es\/#website","url":"https:\/\/nghiepxuan.com\/es\/","name":"Nghiep Xuan - Agricultural Import and Export","description":"Nutriendo la naturaleza, cosechando salud: su destino de estilo de vida org\u00e1nico","publisher":{"@id":"https:\/\/nghiepxuan.com\/es\/#organization"},"potentialAction":[{"@type":"SearchAction","target":{"@type":"EntryPoint","urlTemplate":"https:\/\/nghiepxuan.com\/es\/?s={search_term_string}"},"query-input":{"@type":"PropertyValueSpecification","valueRequired":true,"valueName":"search_term_string"}}],"inLanguage":"es"},{"@type":"Organization","@id":"https:\/\/nghiepxuan.com\/es\/#organization","name":"Nghiep Xuan - Agricultural Import and Export","url":"https:\/\/nghiepxuan.com\/es\/","logo":{"@type":"ImageObject","inLanguage":"es","@id":"https:\/\/nghiepxuan.com\/es\/#\/schema\/logo\/image\/","url":"https:\/\/nghiepxuan.com\/wp-content\/uploads\/2025\/04\/Nghiep-Xuan-Logo-4.png","contentUrl":"https:\/\/nghiepxuan.com\/wp-content\/uploads\/2025\/04\/Nghiep-Xuan-Logo-4.png","width":4167,"height":1015,"caption":"Nghiep Xuan - Agricultural Import and Export"},"image":{"@id":"https:\/\/nghiepxuan.com\/es\/#\/schema\/logo\/image\/"},"sameAs":["https:\/\/www.facebook.com\/nongsannghiepxuan\/","https:\/\/x.com\/PhuTonBui","https:\/\/www.instagram.com\/xuatnhapkhaunghiepxuan\/","https:\/\/www.youtube.com\/@nongsannghiepxuan2066","https:\/\/www.tiktok.com\/@nghiepxuan"]}]}},"_links":{"self":[{"href":"https:\/\/nghiepxuan.com\/es\/wp-json\/wp\/v2\/product\/10261","targetHints":{"allow":["GET"]}}],"collection":[{"href":"https:\/\/nghiepxuan.com\/es\/wp-json\/wp\/v2\/product"}],"about":[{"href":"https:\/\/nghiepxuan.com\/es\/wp-json\/wp\/v2\/types\/product"}],"replies":[{"embeddable":true,"href":"https:\/\/nghiepxuan.com\/es\/wp-json\/wp\/v2\/comments?post=10261"}],"version-history":[{"count":0,"href":"https:\/\/nghiepxuan.com\/es\/wp-json\/wp\/v2\/product\/10261\/revisions"}],"wp:featuredmedia":[{"embeddable":true,"href":"https:\/\/nghiepxuan.com\/es\/wp-json\/wp\/v2\/media\/10230"}],"wp:attachment":[{"href":"https:\/\/nghiepxuan.com\/es\/wp-json\/wp\/v2\/media?parent=10261"}],"wp:term":[{"taxonomy":"product_brand","embeddable":true,"href":"https:\/\/nghiepxuan.com\/es\/wp-json\/wp\/v2\/product_brand?post=10261"},{"taxonomy":"product_cat","embeddable":true,"href":"https:\/\/nghiepxuan.com\/es\/wp-json\/wp\/v2\/product_cat?post=10261"},{"taxonomy":"product_tag","embeddable":true,"href":"https:\/\/nghiepxuan.com\/es\/wp-json\/wp\/v2\/product_tag?post=10261"}],"curies":[{"name":"wp","href":"https:\/\/api.w.org\/{rel}","templated":true}]}}