{"id":10192,"date":"2026-05-02T02:48:15","date_gmt":"2026-05-02T02:48:15","guid":{"rendered":"https:\/\/nghiepxuan.com\/product\/cacahuetes-blanqueados-congelados-premium-calidad-exportacion-nghiep-xuan-vietnam\/"},"modified":"2026-05-02T02:49:04","modified_gmt":"2026-05-02T02:49:04","slug":"cacahuetes-blanqueados-congelados-premium-calidad-exportacion-nghiep-xuan-vietnam","status":"publish","type":"product","link":"https:\/\/nghiepxuan.com\/es\/product\/cacahuetes-blanqueados-congelados-premium-calidad-exportacion-nghiep-xuan-vietnam\/","title":{"rendered":"Cacahuetes Blanqueados Congelados Premium | Calidad Exportaci\u00f3n | Nghiep Xuan Vietnam"},"content":{"rendered":"<h3 data-section-id=\"17pkmcc\" data-start=\"393\" data-end=\"434\"><span role=\"text\"><strong data-start=\"397\" data-end=\"434\">Visi\u00f3n general<\/strong><\/span><\/h3>\n<p data-start=\"435\" data-end=\"672\">Nghiep Xuan suministra <strong data-start=\"456\" data-end=\"502\">Cacahuetes Blanqueados Congelados Premium<\/strong>, cuidadosamente seleccionados y procesados para eliminar la piel exterior, proporcionando un <strong data-start=\"576\" data-end=\"620\">producto limpio, uniforme y listo para usar<\/strong> para fabricantes de alimentos y aplicaciones industriales.<\/p>\n<p data-start=\"674\" data-end=\"849\">El escaldado mejora tanto <strong data-start=\"698\" data-end=\"738\">el aspecto como la eficacia del procesado<\/strong>, mientras que la congelaci\u00f3n ayuda a mantener <strong data-start=\"770\" data-end=\"822\">la frescura, el sabor natural y la estabilidad del producto<\/strong> durante el almacenamiento y la exportaci\u00f3n.<\/p>\n<p data-start=\"851\" data-end=\"990\">Nuestros cacahuetes escaldados congelados son ideales para los socios que buscan <strong data-start=\"910\" data-end=\"989\">una calidad constante, un tiempo de procesamiento reducido y un rendimiento de producci\u00f3n optimizado<\/strong>.<\/p>\n<hr data-start=\"992\" data-end=\"995\">\n<h3 data-section-id=\"kjjhmc\" data-start=\"997\" data-end=\"1020\"><span role=\"text\"><strong data-start=\"1001\" data-end=\"1020\">\ud83e\udd5c Caracter\u00edsticas principales<\/strong><\/span><\/h3>\n<ul data-start=\"1021\" data-end=\"1408\">\n<li data-section-id=\"1mo2nde\" data-start=\"1021\" data-end=\"1082\"><strong data-start=\"1023\" data-end=\"1054\">Aspecto limpio y sin piel<\/strong> &#8211; Granos uniformes y brillantes<\/li>\n<li data-section-id=\"1lxe30t\" data-start=\"1083\" data-end=\"1144\"><strong data-start=\"1085\" data-end=\"1101\">Listo para usar<\/strong> &#8211; No es necesario pelarlo, lo que ahorra costes de mano de obra<\/li>\n<li data-section-id=\"5pesk3\" data-start=\"1145\" data-end=\"1215\"><strong data-start=\"1147\" data-end=\"1176\">Tama\u00f1o y calidad constantes<\/strong> &#8211; Adecuado para el procesamiento industrial<\/li>\n<li data-section-id=\"o0mzv6\" data-start=\"1216\" data-end=\"1279\"><strong data-start=\"1218\" data-end=\"1246\">Retenci\u00f3n natural del sabor<\/strong> &#8211; Mantiene el sabor fresco del cacahuete<\/li>\n<li data-section-id=\"1vi7qs6\" data-start=\"1280\" data-end=\"1349\"><strong data-start=\"1282\" data-end=\"1305\">Procesado higi\u00e9nico<\/strong> &#8211; Producido bajo estrictas normas de calidad<\/li>\n<li data-section-id=\"p933m\" data-start=\"1350\" data-end=\"1408\"><strong data-start=\"1352\" data-end=\"1369\">Suministro estable<\/strong> &#8211; Volumen escalable para los mercados de exportaci\u00f3n<\/li>\n<\/ul>\n<hr data-start=\"1410\" data-end=\"1413\">\n<h3 data-section-id=\"f701lt\" data-start=\"1415\" data-end=\"1439\"><span role=\"text\"><strong data-start=\"1419\" data-end=\"1439\">\ud83c\udf7d\ufe0f Aplicaciones<\/strong><\/span><\/h3>\n<p data-start=\"1440\" data-end=\"1480\">Muy vers\u00e1til en todas las industrias alimentarias:<\/p>\n<ul data-start=\"1481\" data-end=\"1699\">\n<li data-section-id=\"vdtyze\" data-start=\"1481\" data-end=\"1510\">Mantequilla de cacahuete y cremas para untar<\/li>\n<li data-section-id=\"15pmls0\" data-start=\"1511\" data-end=\"1557\">Confiter\u00eda (chocolate, caramelos, rellenos)<\/li>\n<li data-section-id=\"gwfu9f\" data-start=\"1558\" data-end=\"1590\">Salsas (satay, salsa de cacahuete)<\/li>\n<li data-section-id=\"xwnv3x\" data-start=\"1591\" data-end=\"1629\">Aperitivos y productos de cacahuete tostado<\/li>\n<li data-section-id=\"v5tswq\" data-start=\"1630\" data-end=\"1662\">Panader\u00eda y producci\u00f3n de cereales<\/li>\n<li data-section-id=\"vhpz6g\" data-start=\"1663\" data-end=\"1699\">Alimentos listos para el consumo y procesados<\/li>\n<\/ul>\n<hr data-start=\"1701\" data-end=\"1704\">\n<h3 data-section-id=\"grum48\" data-start=\"1706\" data-end=\"1739\"><span role=\"text\"><strong data-start=\"1710\" data-end=\"1739\">\ud83d\udce6 Especificaciones del producto<\/strong><\/span><\/h3>\n<ul data-start=\"1740\" data-end=\"2143\">\n<li data-section-id=\"1fmbs8v\" data-start=\"1740\" data-end=\"1796\"><strong data-start=\"1742\" data-end=\"1759\">Tipo de producto:<\/strong> Cacahuetes Blanqueados Congelados<\/li>\n<li data-section-id=\"1fnhoqm\" data-start=\"1797\" data-end=\"1834\"><strong data-start=\"1799\" data-end=\"1814\">Procesado:<\/strong> Escaldado y congelado<\/li>\n<li data-section-id=\"895jai\" data-start=\"1835\" data-end=\"1858\"><strong data-start=\"1837\" data-end=\"1848\">Origen:<\/strong> Vietnam<\/li>\n<li data-section-id=\"5d1acd\" data-start=\"1859\" data-end=\"1900\"><strong data-start=\"1861\" data-end=\"1876\">Caducidad:<\/strong> 18-24 meses a -18\u00b0C<\/li>\n<li data-section-id=\"hpqp2v\" data-start=\"1901\" data-end=\"1952\"><strong data-start=\"1903\" data-end=\"1917\">Envasado:<\/strong> A granel \/ Minorista \/ Personalizable OEM<\/li>\n<li data-section-id=\"1ia0xg\" data-start=\"1953\" data-end=\"2018\"><strong data-start=\"1955\" data-end=\"1971\">Grados de tama\u00f1o:<\/strong> Disponibles bajo pedido (por ejemplo, 38\/42, 40\/50&#8230;)<\/li>\n<li data-section-id=\"1u7ft2w\" data-start=\"2019\" data-end=\"2077\"><strong data-start=\"2021\" data-end=\"2040\">Nivel de humedad:<\/strong> Controlado para mantener la calidad<\/li>\n<li data-section-id=\"1cmy0zo\" data-start=\"2078\" data-end=\"2143\"><strong data-start=\"2080\" data-end=\"2099\">Certificaciones:<\/strong> Disponibles previa solicitud (ISO, APPCC, etc.)<\/li>\n<\/ul>\n<hr data-start=\"2145\" data-end=\"2148\">\n<h3 data-section-id=\"1a272qi\" data-start=\"2150\" data-end=\"2184\"><span role=\"text\"><strong data-start=\"2154\" data-end=\"2184\">\ud83d\ude9a \u00bfPor qu\u00e9 elegir Nghiep Xuan?<\/strong><\/span><\/h3>\n<ul data-start=\"2185\" data-end=\"2462\">\n<li data-section-id=\"7ympw0\" data-start=\"2185\" data-end=\"2251\">Exportador fiable de <strong data-start=\"2208\" data-end=\"2249\">materias primas agr\u00edcolas vietnamitas<\/strong><\/li>\n<li data-section-id=\"iosfkk\" data-start=\"2252\" data-end=\"2305\">S\u00f3lidos <strong data-start=\"2261\" data-end=\"2303\">est\u00e1ndares de control de calidad y procesamiento<\/strong><\/li>\n<li data-section-id=\"15ieb6r\" data-start=\"2306\" data-end=\"2374\">Centrarse en <strong data-start=\"2317\" data-end=\"2372\">los requisitos del comprador industrial (consistencia y rendimiento)<\/strong><\/li>\n<li data-section-id=\"1xans75\" data-start=\"2375\" data-end=\"2419\"><strong data-start=\"2386\" data-end=\"2417\">Embalaje<\/strong> flexible <strong data-start=\"2386\" data-end=\"2417\">OEM\/etiqueta privada<\/strong><\/li>\n<li data-section-id=\"mszzm1\" data-start=\"2420\" data-end=\"2462\"><strong data-start=\"2432\" data-end=\"2460\">Enfoque de asociaci\u00f3n B2B<\/strong> a largo plazo<\/li>\n<\/ul>\n<hr data-start=\"2464\" data-end=\"2467\">\n<h3 data-section-id=\"sirax1\" data-start=\"2469\" data-end=\"2491\"><span role=\"text\"><strong data-start=\"2473\" data-end=\"2491\">\ud83d\udce9 Consulta CTA<\/strong><\/span><\/h3>\n<p data-start=\"2492\" data-end=\"2635\">\u00bfBuscas un proveedor fiable de cacahuetes escaldados congelados?<br data-start=\"2551\" data-end=\"2554\">\ud83d\udc49 Ponte en contacto con Nghiep Xuan hoy mismo para obtener <strong data-start=\"2587\" data-end=\"2634\">precios, muestras y una cooperaci\u00f3n a largo plazo<\/strong>.<\/p>\n<div class=\"woocommerce-tabs-full tabs-v1 woocommerce-tabs\">\n<div class=\"tab-content\">\n<div id=\"tab-description\" class=\"tab-full\">\n<p data-start=\"2480\" data-end=\"2633\">Correo electr\u00f3nico: info@nghiepxuan.com || WhatsApp\/Viber\/Zalo\/Wechat\/Hotline: +84939 345 598<\/p>\n<\/div>\n<\/div>\n<\/div>\n<div class=\"related products widget \"><\/div>\n","protected":false},"excerpt":{"rendered":"<p>Cacahuetes sin piel de alta calidad para mantequilla de cacahuete, aperitivos y salsas. Tama\u00f1o constante, suministro estable, precios competitivos. Solicita un presupuesto hoy mismo.  <\/p>\n","protected":false},"featured_media":10164,"comment_status":"open","ping_status":"closed","template":"","meta":{"content-type":""},"product_brand":[],"product_cat":[424],"product_tag":[1253,1254,1156,1186],"class_list":{"0":"post-10192","1":"product","2":"type-product","3":"status-publish","4":"has-post-thumbnail","6":"product_cat-frozen-es","7":"product_tag-cacahuetes-congelados","8":"product_tag-cacahuetes-escaldados","9":"product_tag-exportacion-a-vietnam","10":"product_tag-fruta-congelada","12":"first","13":"instock","14":"shipping-taxable","15":"product-type-simple"},"yoast_head":"<!-- This site is optimized with the Yoast SEO plugin v26.9 - https:\/\/yoast.com\/product\/yoast-seo-wordpress\/ -->\n<title>Cacahuetes Blanqueados Congelados Premium | Calidad Exportaci\u00f3n | Nghiep Xuan Vietnam - Nghiep Xuan - Importaci\u00f3n y Exportaci\u00f3n Agr\u00edcola<\/title>\n<meta name=\"description\" content=\"Cacahuetes escaldados congelados de primera calidad (sin piel) procedentes de Vietnam. Limpio, uniforme, suministro a granel y envasado OEM. Ideales para la elaboraci\u00f3n de alimentos. Ponte en contacto con nosotros.\" \/>\n<meta name=\"robots\" content=\"index, follow, max-snippet:-1, max-image-preview:large, max-video-preview:-1\" \/>\n<link rel=\"canonical\" href=\"https:\/\/nghiepxuan.com\/es\/product\/cacahuetes-blanqueados-congelados-premium-calidad-exportacion-nghiep-xuan-vietnam\/\" \/>\n<meta property=\"og:locale\" content=\"es_ES\" \/>\n<meta property=\"og:type\" content=\"article\" \/>\n<meta property=\"og:title\" content=\"Cacahuetes Blanqueados Congelados Premium | Calidad Exportaci\u00f3n | Nghiep Xuan Vietnam - Nghiep Xuan - Importaci\u00f3n y Exportaci\u00f3n Agr\u00edcola\" \/>\n<meta property=\"og:description\" content=\"Cacahuetes escaldados congelados de primera calidad (sin piel) procedentes de Vietnam. Limpio, uniforme, suministro a granel y envasado OEM. Ideales para la elaboraci\u00f3n de alimentos. Ponte en contacto con nosotros.\" \/>\n<meta property=\"og:url\" content=\"https:\/\/nghiepxuan.com\/es\/product\/cacahuetes-blanqueados-congelados-premium-calidad-exportacion-nghiep-xuan-vietnam\/\" \/>\n<meta property=\"og:site_name\" content=\"Nghiep Xuan - Importaci\u00f3n y Exportaci\u00f3n Agr\u00edcola\" \/>\n<meta property=\"article:publisher\" content=\"https:\/\/www.facebook.com\/nongsannghiepxuan\/\" \/>\n<meta property=\"article:modified_time\" content=\"2026-05-02T02:49:04+00:00\" \/>\n<meta property=\"og:image\" content=\"https:\/\/nghiepxuan.com\/wp-content\/uploads\/2026\/05\/IMG_9374.jpg\" \/>\n\t<meta property=\"og:image:width\" content=\"1858\" \/>\n\t<meta property=\"og:image:height\" content=\"2087\" \/>\n\t<meta property=\"og:image:type\" content=\"image\/jpeg\" \/>\n<meta name=\"twitter:card\" content=\"summary_large_image\" \/>\n<meta name=\"twitter:site\" content=\"@PhuTonBui\" \/>\n<meta name=\"twitter:label1\" content=\"Tiempo de lectura\" \/>\n\t<meta name=\"twitter:data1\" content=\"2 minutos\" \/>\n<script type=\"application\/ld+json\" class=\"yoast-schema-graph\">{\"@context\":\"https:\/\/schema.org\",\"@graph\":[{\"@type\":\"WebPage\",\"@id\":\"https:\/\/nghiepxuan.com\/es\/product\/cacahuetes-blanqueados-congelados-premium-calidad-exportacion-nghiep-xuan-vietnam\/\",\"url\":\"https:\/\/nghiepxuan.com\/es\/product\/cacahuetes-blanqueados-congelados-premium-calidad-exportacion-nghiep-xuan-vietnam\/\",\"name\":\"Cacahuetes Blanqueados Congelados Premium | Calidad Exportaci\u00f3n | Nghiep Xuan Vietnam - Nghiep Xuan - Importaci\u00f3n y Exportaci\u00f3n Agr\u00edcola\",\"isPartOf\":{\"@id\":\"https:\/\/nghiepxuan.com\/es\/#website\"},\"primaryImageOfPage\":{\"@id\":\"https:\/\/nghiepxuan.com\/es\/product\/cacahuetes-blanqueados-congelados-premium-calidad-exportacion-nghiep-xuan-vietnam\/#primaryimage\"},\"image\":{\"@id\":\"https:\/\/nghiepxuan.com\/es\/product\/cacahuetes-blanqueados-congelados-premium-calidad-exportacion-nghiep-xuan-vietnam\/#primaryimage\"},\"thumbnailUrl\":\"https:\/\/nghiepxuan.com\/wp-content\/uploads\/2026\/05\/IMG_9374.jpg\",\"datePublished\":\"2026-05-02T02:48:15+00:00\",\"dateModified\":\"2026-05-02T02:49:04+00:00\",\"description\":\"Cacahuetes escaldados congelados de primera calidad (sin piel) procedentes de Vietnam. Limpio, uniforme, suministro a granel y envasado OEM. Ideales para la elaboraci\u00f3n de alimentos. Ponte en contacto con nosotros.\",\"breadcrumb\":{\"@id\":\"https:\/\/nghiepxuan.com\/es\/product\/cacahuetes-blanqueados-congelados-premium-calidad-exportacion-nghiep-xuan-vietnam\/#breadcrumb\"},\"inLanguage\":\"es\",\"potentialAction\":[{\"@type\":\"ReadAction\",\"target\":[\"https:\/\/nghiepxuan.com\/es\/product\/cacahuetes-blanqueados-congelados-premium-calidad-exportacion-nghiep-xuan-vietnam\/\"]}]},{\"@type\":\"ImageObject\",\"inLanguage\":\"es\",\"@id\":\"https:\/\/nghiepxuan.com\/es\/product\/cacahuetes-blanqueados-congelados-premium-calidad-exportacion-nghiep-xuan-vietnam\/#primaryimage\",\"url\":\"https:\/\/nghiepxuan.com\/wp-content\/uploads\/2026\/05\/IMG_9374.jpg\",\"contentUrl\":\"https:\/\/nghiepxuan.com\/wp-content\/uploads\/2026\/05\/IMG_9374.jpg\",\"width\":1858,\"height\":2087,\"caption\":\"Frozen Blanched Peanuts\"},{\"@type\":\"BreadcrumbList\",\"@id\":\"https:\/\/nghiepxuan.com\/es\/product\/cacahuetes-blanqueados-congelados-premium-calidad-exportacion-nghiep-xuan-vietnam\/#breadcrumb\",\"itemListElement\":[{\"@type\":\"ListItem\",\"position\":1,\"name\":\"Home\",\"item\":\"https:\/\/nghiepxuan.com\/es\/\"},{\"@type\":\"ListItem\",\"position\":2,\"name\":\"Tienda\",\"item\":\"https:\/\/nghiepxuan.com\/es\/shop\/\"},{\"@type\":\"ListItem\",\"position\":3,\"name\":\"Cacahuetes Blanqueados Congelados Premium | Calidad Exportaci\u00f3n | Nghiep Xuan Vietnam\"}]},{\"@type\":\"WebSite\",\"@id\":\"https:\/\/nghiepxuan.com\/es\/#website\",\"url\":\"https:\/\/nghiepxuan.com\/es\/\",\"name\":\"Nghiep Xuan - Agricultural Import and Export\",\"description\":\"Nutriendo la naturaleza, cosechando salud: su destino de estilo de vida org\u00e1nico\",\"publisher\":{\"@id\":\"https:\/\/nghiepxuan.com\/es\/#organization\"},\"potentialAction\":[{\"@type\":\"SearchAction\",\"target\":{\"@type\":\"EntryPoint\",\"urlTemplate\":\"https:\/\/nghiepxuan.com\/es\/?s={search_term_string}\"},\"query-input\":{\"@type\":\"PropertyValueSpecification\",\"valueRequired\":true,\"valueName\":\"search_term_string\"}}],\"inLanguage\":\"es\"},{\"@type\":\"Organization\",\"@id\":\"https:\/\/nghiepxuan.com\/es\/#organization\",\"name\":\"Nghiep Xuan - Agricultural Import and Export\",\"url\":\"https:\/\/nghiepxuan.com\/es\/\",\"logo\":{\"@type\":\"ImageObject\",\"inLanguage\":\"es\",\"@id\":\"https:\/\/nghiepxuan.com\/es\/#\/schema\/logo\/image\/\",\"url\":\"https:\/\/nghiepxuan.com\/wp-content\/uploads\/2025\/04\/Nghiep-Xuan-Logo-4.png\",\"contentUrl\":\"https:\/\/nghiepxuan.com\/wp-content\/uploads\/2025\/04\/Nghiep-Xuan-Logo-4.png\",\"width\":4167,\"height\":1015,\"caption\":\"Nghiep Xuan - Agricultural Import and Export\"},\"image\":{\"@id\":\"https:\/\/nghiepxuan.com\/es\/#\/schema\/logo\/image\/\"},\"sameAs\":[\"https:\/\/www.facebook.com\/nongsannghiepxuan\/\",\"https:\/\/x.com\/PhuTonBui\",\"https:\/\/www.instagram.com\/xuatnhapkhaunghiepxuan\/\",\"https:\/\/www.youtube.com\/@nongsannghiepxuan2066\",\"https:\/\/www.tiktok.com\/@nghiepxuan\"]}]}<\/script>\n<!-- \/ Yoast SEO plugin. -->","yoast_head_json":{"title":"Cacahuetes Blanqueados Congelados Premium | Calidad Exportaci\u00f3n | Nghiep Xuan Vietnam - Nghiep Xuan - Importaci\u00f3n y Exportaci\u00f3n Agr\u00edcola","description":"Cacahuetes escaldados congelados de primera calidad (sin piel) procedentes de Vietnam. Limpio, uniforme, suministro a granel y envasado OEM. Ideales para la elaboraci\u00f3n de alimentos. Ponte en contacto con nosotros.","robots":{"index":"index","follow":"follow","max-snippet":"max-snippet:-1","max-image-preview":"max-image-preview:large","max-video-preview":"max-video-preview:-1"},"canonical":"https:\/\/nghiepxuan.com\/es\/product\/cacahuetes-blanqueados-congelados-premium-calidad-exportacion-nghiep-xuan-vietnam\/","og_locale":"es_ES","og_type":"article","og_title":"Cacahuetes Blanqueados Congelados Premium | Calidad Exportaci\u00f3n | Nghiep Xuan Vietnam - Nghiep Xuan - Importaci\u00f3n y Exportaci\u00f3n Agr\u00edcola","og_description":"Cacahuetes escaldados congelados de primera calidad (sin piel) procedentes de Vietnam. Limpio, uniforme, suministro a granel y envasado OEM. Ideales para la elaboraci\u00f3n de alimentos. Ponte en contacto con nosotros.","og_url":"https:\/\/nghiepxuan.com\/es\/product\/cacahuetes-blanqueados-congelados-premium-calidad-exportacion-nghiep-xuan-vietnam\/","og_site_name":"Nghiep Xuan - Importaci\u00f3n y Exportaci\u00f3n Agr\u00edcola","article_publisher":"https:\/\/www.facebook.com\/nongsannghiepxuan\/","article_modified_time":"2026-05-02T02:49:04+00:00","og_image":[{"width":1858,"height":2087,"url":"https:\/\/nghiepxuan.com\/wp-content\/uploads\/2026\/05\/IMG_9374.jpg","type":"image\/jpeg"}],"twitter_card":"summary_large_image","twitter_site":"@PhuTonBui","twitter_misc":{"Tiempo de lectura":"2 minutos"},"schema":{"@context":"https:\/\/schema.org","@graph":[{"@type":"WebPage","@id":"https:\/\/nghiepxuan.com\/es\/product\/cacahuetes-blanqueados-congelados-premium-calidad-exportacion-nghiep-xuan-vietnam\/","url":"https:\/\/nghiepxuan.com\/es\/product\/cacahuetes-blanqueados-congelados-premium-calidad-exportacion-nghiep-xuan-vietnam\/","name":"Cacahuetes Blanqueados Congelados Premium | Calidad Exportaci\u00f3n | Nghiep Xuan Vietnam - Nghiep Xuan - Importaci\u00f3n y Exportaci\u00f3n Agr\u00edcola","isPartOf":{"@id":"https:\/\/nghiepxuan.com\/es\/#website"},"primaryImageOfPage":{"@id":"https:\/\/nghiepxuan.com\/es\/product\/cacahuetes-blanqueados-congelados-premium-calidad-exportacion-nghiep-xuan-vietnam\/#primaryimage"},"image":{"@id":"https:\/\/nghiepxuan.com\/es\/product\/cacahuetes-blanqueados-congelados-premium-calidad-exportacion-nghiep-xuan-vietnam\/#primaryimage"},"thumbnailUrl":"https:\/\/nghiepxuan.com\/wp-content\/uploads\/2026\/05\/IMG_9374.jpg","datePublished":"2026-05-02T02:48:15+00:00","dateModified":"2026-05-02T02:49:04+00:00","description":"Cacahuetes escaldados congelados de primera calidad (sin piel) procedentes de Vietnam. Limpio, uniforme, suministro a granel y envasado OEM. Ideales para la elaboraci\u00f3n de alimentos. Ponte en contacto con nosotros.","breadcrumb":{"@id":"https:\/\/nghiepxuan.com\/es\/product\/cacahuetes-blanqueados-congelados-premium-calidad-exportacion-nghiep-xuan-vietnam\/#breadcrumb"},"inLanguage":"es","potentialAction":[{"@type":"ReadAction","target":["https:\/\/nghiepxuan.com\/es\/product\/cacahuetes-blanqueados-congelados-premium-calidad-exportacion-nghiep-xuan-vietnam\/"]}]},{"@type":"ImageObject","inLanguage":"es","@id":"https:\/\/nghiepxuan.com\/es\/product\/cacahuetes-blanqueados-congelados-premium-calidad-exportacion-nghiep-xuan-vietnam\/#primaryimage","url":"https:\/\/nghiepxuan.com\/wp-content\/uploads\/2026\/05\/IMG_9374.jpg","contentUrl":"https:\/\/nghiepxuan.com\/wp-content\/uploads\/2026\/05\/IMG_9374.jpg","width":1858,"height":2087,"caption":"Frozen Blanched Peanuts"},{"@type":"BreadcrumbList","@id":"https:\/\/nghiepxuan.com\/es\/product\/cacahuetes-blanqueados-congelados-premium-calidad-exportacion-nghiep-xuan-vietnam\/#breadcrumb","itemListElement":[{"@type":"ListItem","position":1,"name":"Home","item":"https:\/\/nghiepxuan.com\/es\/"},{"@type":"ListItem","position":2,"name":"Tienda","item":"https:\/\/nghiepxuan.com\/es\/shop\/"},{"@type":"ListItem","position":3,"name":"Cacahuetes Blanqueados Congelados Premium | Calidad Exportaci\u00f3n | Nghiep Xuan Vietnam"}]},{"@type":"WebSite","@id":"https:\/\/nghiepxuan.com\/es\/#website","url":"https:\/\/nghiepxuan.com\/es\/","name":"Nghiep Xuan - Agricultural Import and Export","description":"Nutriendo la naturaleza, cosechando salud: su destino de estilo de vida org\u00e1nico","publisher":{"@id":"https:\/\/nghiepxuan.com\/es\/#organization"},"potentialAction":[{"@type":"SearchAction","target":{"@type":"EntryPoint","urlTemplate":"https:\/\/nghiepxuan.com\/es\/?s={search_term_string}"},"query-input":{"@type":"PropertyValueSpecification","valueRequired":true,"valueName":"search_term_string"}}],"inLanguage":"es"},{"@type":"Organization","@id":"https:\/\/nghiepxuan.com\/es\/#organization","name":"Nghiep Xuan - Agricultural Import and Export","url":"https:\/\/nghiepxuan.com\/es\/","logo":{"@type":"ImageObject","inLanguage":"es","@id":"https:\/\/nghiepxuan.com\/es\/#\/schema\/logo\/image\/","url":"https:\/\/nghiepxuan.com\/wp-content\/uploads\/2025\/04\/Nghiep-Xuan-Logo-4.png","contentUrl":"https:\/\/nghiepxuan.com\/wp-content\/uploads\/2025\/04\/Nghiep-Xuan-Logo-4.png","width":4167,"height":1015,"caption":"Nghiep Xuan - Agricultural Import and Export"},"image":{"@id":"https:\/\/nghiepxuan.com\/es\/#\/schema\/logo\/image\/"},"sameAs":["https:\/\/www.facebook.com\/nongsannghiepxuan\/","https:\/\/x.com\/PhuTonBui","https:\/\/www.instagram.com\/xuatnhapkhaunghiepxuan\/","https:\/\/www.youtube.com\/@nongsannghiepxuan2066","https:\/\/www.tiktok.com\/@nghiepxuan"]}]}},"_links":{"self":[{"href":"https:\/\/nghiepxuan.com\/es\/wp-json\/wp\/v2\/product\/10192","targetHints":{"allow":["GET"]}}],"collection":[{"href":"https:\/\/nghiepxuan.com\/es\/wp-json\/wp\/v2\/product"}],"about":[{"href":"https:\/\/nghiepxuan.com\/es\/wp-json\/wp\/v2\/types\/product"}],"replies":[{"embeddable":true,"href":"https:\/\/nghiepxuan.com\/es\/wp-json\/wp\/v2\/comments?post=10192"}],"version-history":[{"count":1,"href":"https:\/\/nghiepxuan.com\/es\/wp-json\/wp\/v2\/product\/10192\/revisions"}],"predecessor-version":[{"id":10199,"href":"https:\/\/nghiepxuan.com\/es\/wp-json\/wp\/v2\/product\/10192\/revisions\/10199"}],"wp:featuredmedia":[{"embeddable":true,"href":"https:\/\/nghiepxuan.com\/es\/wp-json\/wp\/v2\/media\/10164"}],"wp:attachment":[{"href":"https:\/\/nghiepxuan.com\/es\/wp-json\/wp\/v2\/media?parent=10192"}],"wp:term":[{"taxonomy":"product_brand","embeddable":true,"href":"https:\/\/nghiepxuan.com\/es\/wp-json\/wp\/v2\/product_brand?post=10192"},{"taxonomy":"product_cat","embeddable":true,"href":"https:\/\/nghiepxuan.com\/es\/wp-json\/wp\/v2\/product_cat?post=10192"},{"taxonomy":"product_tag","embeddable":true,"href":"https:\/\/nghiepxuan.com\/es\/wp-json\/wp\/v2\/product_tag?post=10192"}],"curies":[{"name":"wp","href":"https:\/\/api.w.org\/{rel}","templated":true}]}}