{"id":10147,"date":"2026-04-30T08:18:47","date_gmt":"2026-04-30T08:18:47","guid":{"rendered":"https:\/\/nghiepxuan.com\/product\/pulpa-congelada-premium-de-durian-monthong-sin-semillas-nghiep-xuan-vietnam\/"},"modified":"2026-04-30T08:18:47","modified_gmt":"2026-04-30T08:18:47","slug":"pulpa-congelada-premium-de-durian-monthong-sin-semillas-nghiep-xuan-vietnam","status":"publish","type":"product","link":"https:\/\/nghiepxuan.com\/es\/product\/pulpa-congelada-premium-de-durian-monthong-sin-semillas-nghiep-xuan-vietnam\/","title":{"rendered":"Pulpa Congelada Premium de Duri\u00e1n Monthong (Sin Semillas) | Nghiep Xuan Vietnam"},"content":{"rendered":"<h3 data-section-id=\"14ygs49\" data-start=\"356\" data-end=\"402\"><span role=\"text\"><strong data-start=\"360\" data-end=\"402\">Visi\u00f3n general<\/strong><\/span><\/h3>\n<p data-start=\"403\" data-end=\"610\">Nghiep Xuan se enorgullece de suministrar <strong data-start=\"432\" data-end=\"482\">pulpa congelada de duri\u00e1n<\/strong> de Monthong <strong data-start=\"432\" data-end=\"482\">de primera calidad (sin semillas)<\/strong>, procesada a partir de durianes de Monthong cuidadosamente seleccionados para ofrecer <strong data-start=\"546\" data-end=\"609\">el m\u00e1ximo rendimiento comestible, una textura suave y un sabor consistente<\/strong>.<\/p>\n<p data-start=\"612\" data-end=\"828\">Al eliminar la semilla, nuestro producto est\u00e1 listo para usar, lo que ayuda a los fabricantes de alimentos, cadenas de postres e importadores a<strong data-start=\"747\" data-end=\"827\">mejorar la eficacia del procesado, reducir los residuos y garantizar la consistencia del producto<\/strong>.<\/p>\n<p data-start=\"830\" data-end=\"1053\">Procesada bajo estrictos controles de calidad y congelada con tecnolog\u00eda avanzada, nuestra pulpa de durian conserva su <strong data-start=\"937\" data-end=\"995\">dulzor natural, su textura cremosa y su aroma caracter\u00edstico<\/strong>, por lo que es ideal para aplicaciones industriales a gran escala.<\/p>\n<hr data-start=\"1055\" data-end=\"1058\">\n<h3 data-section-id=\"i3u59h\" data-start=\"1060\" data-end=\"1083\"><span role=\"text\"><strong data-start=\"1064\" data-end=\"1083\">\ud83e\udd6d Caracter\u00edsticas principales<\/strong><\/span><\/h3>\n<ul data-start=\"1084\" data-end=\"1453\">\n<li data-section-id=\"54n6lg\" data-start=\"1084\" data-end=\"1157\"><strong data-start=\"1086\" data-end=\"1118\">Sin semillas &#8211; Rendimiento 100% comestible<\/strong> (Sin residuos, sin procesamiento adicional)<\/li>\n<li data-section-id=\"y4qglh\" data-start=\"1158\" data-end=\"1226\"><strong data-start=\"1160\" data-end=\"1187\">Textura suave y cremosa<\/strong> &#8211; Perfecta para postres y bebidas<\/li>\n<li data-section-id=\"lfye6e\" data-start=\"1227\" data-end=\"1294\"><strong data-start=\"1229\" data-end=\"1258\">Perfil de sabor consistente<\/strong> &#8211; Estandarizado para uso industrial<\/li>\n<li data-section-id=\"1ar4mz6\" data-start=\"1295\" data-end=\"1358\"><strong data-start=\"1297\" data-end=\"1324\">Procesado IQF \/ Congelado<\/strong> &#8211; Conserva la frescura y el aroma<\/li>\n<li data-section-id=\"1qcypjf\" data-start=\"1359\" data-end=\"1396\"><strong data-start=\"1361\" data-end=\"1394\">Alto Brix y Dulzor Natural<\/strong><\/li>\n<li data-section-id=\"14fza4l\" data-start=\"1397\" data-end=\"1453\"><strong data-start=\"1399\" data-end=\"1425\">Estricto control de calidad<\/strong> &#8211; Producci\u00f3n apta para la exportaci\u00f3n<\/li>\n<\/ul>\n<hr data-start=\"1455\" data-end=\"1458\">\n<h3 data-section-id=\"f701lt\" data-start=\"1460\" data-end=\"1484\"><span role=\"text\"><strong data-start=\"1464\" data-end=\"1484\">\ud83c\udf7d\ufe0f Aplicaciones<\/strong><\/span><\/h3>\n<p data-start=\"1485\" data-end=\"1534\">Dise\u00f1ado para un alto rendimiento en la producci\u00f3n de alimentos:<\/p>\n<ul data-start=\"1535\" data-end=\"1755\">\n<li data-section-id=\"1660tlo\" data-start=\"1535\" data-end=\"1582\">Pasteles, boller\u00eda y productos de panader\u00eda de durian<\/li>\n<li data-section-id=\"7d536j\" data-start=\"1583\" data-end=\"1625\">Helado, gelato y postres congelados<\/li>\n<li data-section-id=\"ifk4km\" data-start=\"1626\" data-end=\"1666\">T\u00e9 de burbujas, batidos y bebidas<\/li>\n<li data-section-id=\"111bef3\" data-start=\"1667\" data-end=\"1705\">Pur\u00e9, rellenos y salsas de durian<\/li>\n<li data-section-id=\"1fp66wb\" data-start=\"1706\" data-end=\"1755\">Fabricaci\u00f3n de alimentos listos para el consumo y procesados<\/li>\n<\/ul>\n<hr data-start=\"1757\" data-end=\"1760\">\n<h3 data-section-id=\"grum48\" data-start=\"1762\" data-end=\"1795\"><span role=\"text\"><strong data-start=\"1766\" data-end=\"1795\">\ud83d\udce6 Especificaciones del producto<\/strong><\/span><\/h3>\n<ul data-start=\"1796\" data-end=\"2144\">\n<li data-section-id=\"ufcl3y\" data-start=\"1796\" data-end=\"1856\"><strong data-start=\"1798\" data-end=\"1815\">Tipo de producto:<\/strong> Pulpa Congelada de Duri\u00e1n Monthong (Sin Semillas)<\/li>\n<li data-section-id=\"1h8i9hr\" data-start=\"1857\" data-end=\"1912\"><strong data-start=\"1859\" data-end=\"1874\">Procesado:<\/strong> Congelado \/ IQF \/ Bloque (personalizable)<\/li>\n<li data-section-id=\"895jai\" data-start=\"1913\" data-end=\"1936\"><strong data-start=\"1915\" data-end=\"1926\">Origen:<\/strong> Vietnam<\/li>\n<li data-section-id=\"5d1acd\" data-start=\"1937\" data-end=\"1978\"><strong data-start=\"1939\" data-end=\"1954\">Caducidad:<\/strong> 18-24 meses a -18\u00b0C<\/li>\n<li data-section-id=\"1b43v5v\" data-start=\"1979\" data-end=\"2035\"><strong data-start=\"1981\" data-end=\"1995\">Embalaje:<\/strong> 1kg \/ 5kg \/ 10kg \/ Embalaje a granel OEM<\/li>\n<li data-section-id=\"15ruxgp\" data-start=\"2036\" data-end=\"2078\"><strong data-start=\"2038\" data-end=\"2053\">Nivel de grados Brix:<\/strong> Disponible previa petici\u00f3n<\/li>\n<li data-section-id=\"1cmy0zo\" data-start=\"2079\" data-end=\"2144\"><strong data-start=\"2081\" data-end=\"2100\">Certificaciones:<\/strong> Disponibles previa solicitud (ISO, APPCC, etc.)<\/li>\n<\/ul>\n<hr data-start=\"2146\" data-end=\"2149\">\n<h3 data-section-id=\"1a272qi\" data-start=\"2151\" data-end=\"2185\"><span role=\"text\"><strong data-start=\"2155\" data-end=\"2185\">\ud83d\ude9a \u00bfPor qu\u00e9 elegir Nghiep Xuan?<\/strong><\/span><\/h3>\n<ul data-start=\"2186\" data-end=\"2450\">\n<li data-section-id=\"hhxkip\" data-start=\"2186\" data-end=\"2236\">Especialista en <strong data-start=\"2202\" data-end=\"2234\">procesamiento y exportaci\u00f3n de durianes<\/strong><\/li>\n<li data-section-id=\"1w67g6\" data-start=\"2237\" data-end=\"2289\">S\u00f3lido <strong data-start=\"2246\" data-end=\"2287\">sistema de cadena de fr\u00edo y control de calidad<\/strong><\/li>\n<li data-section-id=\"16gam3c\" data-start=\"2290\" data-end=\"2352\">Capacidad para suministrar <strong data-start=\"2310\" data-end=\"2350\">grandes vol\u00famenes con una calidad constante<\/strong><\/li>\n<li data-section-id=\"pha0d0\" data-start=\"2353\" data-end=\"2397\"><strong data-start=\"2364\" data-end=\"2395\">Soluciones<\/strong> flexibles <strong data-start=\"2364\" data-end=\"2395\">OEM\/etiqueta privada<\/strong><\/li>\n<li data-section-id=\"kuon76\" data-start=\"2398\" data-end=\"2450\">Socio de confianza para <strong data-start=\"2420\" data-end=\"2448\">China y los mercados mundiales<\/strong><\/li>\n<\/ul>\n<hr data-start=\"2452\" data-end=\"2455\">\n<h3 data-section-id=\"sirax1\" data-start=\"2457\" data-end=\"2479\"><span role=\"text\"><strong data-start=\"2461\" data-end=\"2479\">\ud83d\udce9 Consulta CTA<\/strong><\/span><\/h3>\n<p data-start=\"2480\" data-end=\"2633\">\u00bfBuscas un proveedor fiable de <strong data-start=\"2515\" data-end=\"2546\">pulpa congelada de durian sin semillas<\/strong>?<br data-start=\"2547\" data-end=\"2550\">\ud83d\udc49 Ponte en contacto con Nghiep Xuan hoy mismo para obtener un presupuesto, muestras y una<strong data-start=\"2583\" data-end=\"2632\"> colaboraci\u00f3n a largo plazo<\/strong>.<\/p>\n<p data-start=\"2480\" data-end=\"2633\">Correo electr\u00f3nico: info@nghiepxuan.com || WhatsApp\/Viber\/Zalo\/Wechat\/Hotline: +84939 345 598<\/p>\n","protected":false},"excerpt":{"rendered":"<p>Pulpa congelada de durian de alta calidad sin semillas. Suministro estable para el mercado chino, cadenas de postres y f\u00e1bricas. Precio competitivo. Solicita un presupuesto.   <\/p>\n","protected":false},"featured_media":10143,"comment_status":"open","ping_status":"closed","template":"","meta":{"content-type":""},"product_brand":[],"product_cat":[424],"product_tag":[445,1156,1226,1225],"class_list":{"0":"post-10147","1":"product","2":"type-product","3":"status-publish","4":"has-post-thumbnail","6":"product_cat-frozen-es","7":"product_tag-durian-congelado","8":"product_tag-exportacion-a-vietnam","9":"product_tag-fruta-de-vietnam","10":"product_tag-pulpa-de-durian-congelada","12":"first","13":"instock","14":"shipping-taxable","15":"product-type-simple"},"yoast_head":"<!-- This site is optimized with the Yoast SEO plugin v26.9 - https:\/\/yoast.com\/product\/yoast-seo-wordpress\/ -->\n<title>Pulpa Congelada Premium de Duri\u00e1n Monthong (Sin Semillas) | Nghiep Xuan Vietnam - Nghiep Xuan - Importaci\u00f3n y Exportaci\u00f3n Agr\u00edcola<\/title>\n<meta name=\"description\" content=\"Pulpa congelada de duri\u00e1n Monthong de primera calidad, sin semillas, procedente de Vietnam. Alto rendimiento, textura cremosa, suministro OEM a granel. Ideal para la elaboraci\u00f3n de alimentos. Ponte en contacto con nosotros.\" \/>\n<meta name=\"robots\" content=\"index, follow, max-snippet:-1, max-image-preview:large, max-video-preview:-1\" \/>\n<link rel=\"canonical\" href=\"https:\/\/nghiepxuan.com\/es\/product\/pulpa-congelada-premium-de-durian-monthong-sin-semillas-nghiep-xuan-vietnam\/\" \/>\n<meta property=\"og:locale\" content=\"es_ES\" \/>\n<meta property=\"og:type\" content=\"article\" \/>\n<meta property=\"og:title\" content=\"Pulpa Congelada Premium de Duri\u00e1n Monthong (Sin Semillas) | Nghiep Xuan Vietnam - Nghiep Xuan - Importaci\u00f3n y Exportaci\u00f3n Agr\u00edcola\" \/>\n<meta property=\"og:description\" content=\"Pulpa congelada de duri\u00e1n Monthong de primera calidad, sin semillas, procedente de Vietnam. Alto rendimiento, textura cremosa, suministro OEM a granel. Ideal para la elaboraci\u00f3n de alimentos. Ponte en contacto con nosotros.\" \/>\n<meta property=\"og:url\" content=\"https:\/\/nghiepxuan.com\/es\/product\/pulpa-congelada-premium-de-durian-monthong-sin-semillas-nghiep-xuan-vietnam\/\" \/>\n<meta property=\"og:site_name\" content=\"Nghiep Xuan - Importaci\u00f3n y Exportaci\u00f3n Agr\u00edcola\" \/>\n<meta property=\"article:publisher\" content=\"https:\/\/www.facebook.com\/nongsannghiepxuan\/\" \/>\n<meta property=\"og:image\" content=\"https:\/\/nghiepxuan.com\/wp-content\/uploads\/2026\/04\/IMG_9360.jpg\" \/>\n\t<meta property=\"og:image:width\" content=\"1520\" \/>\n\t<meta property=\"og:image:height\" content=\"1950\" \/>\n\t<meta property=\"og:image:type\" content=\"image\/jpeg\" \/>\n<meta name=\"twitter:card\" content=\"summary_large_image\" \/>\n<meta name=\"twitter:site\" content=\"@PhuTonBui\" \/>\n<meta name=\"twitter:label1\" content=\"Tiempo de lectura\" \/>\n\t<meta name=\"twitter:data1\" content=\"2 minutos\" \/>\n<script type=\"application\/ld+json\" class=\"yoast-schema-graph\">{\"@context\":\"https:\/\/schema.org\",\"@graph\":[{\"@type\":\"WebPage\",\"@id\":\"https:\/\/nghiepxuan.com\/es\/product\/pulpa-congelada-premium-de-durian-monthong-sin-semillas-nghiep-xuan-vietnam\/\",\"url\":\"https:\/\/nghiepxuan.com\/es\/product\/pulpa-congelada-premium-de-durian-monthong-sin-semillas-nghiep-xuan-vietnam\/\",\"name\":\"Pulpa Congelada Premium de Duri\u00e1n Monthong (Sin Semillas) | Nghiep Xuan Vietnam - Nghiep Xuan - Importaci\u00f3n y Exportaci\u00f3n Agr\u00edcola\",\"isPartOf\":{\"@id\":\"https:\/\/nghiepxuan.com\/es\/#website\"},\"primaryImageOfPage\":{\"@id\":\"https:\/\/nghiepxuan.com\/es\/product\/pulpa-congelada-premium-de-durian-monthong-sin-semillas-nghiep-xuan-vietnam\/#primaryimage\"},\"image\":{\"@id\":\"https:\/\/nghiepxuan.com\/es\/product\/pulpa-congelada-premium-de-durian-monthong-sin-semillas-nghiep-xuan-vietnam\/#primaryimage\"},\"thumbnailUrl\":\"https:\/\/nghiepxuan.com\/wp-content\/uploads\/2026\/04\/IMG_9360.jpg\",\"datePublished\":\"2026-04-30T08:18:47+00:00\",\"description\":\"Pulpa congelada de duri\u00e1n Monthong de primera calidad, sin semillas, procedente de Vietnam. Alto rendimiento, textura cremosa, suministro OEM a granel. Ideal para la elaboraci\u00f3n de alimentos. Ponte en contacto con nosotros.\",\"breadcrumb\":{\"@id\":\"https:\/\/nghiepxuan.com\/es\/product\/pulpa-congelada-premium-de-durian-monthong-sin-semillas-nghiep-xuan-vietnam\/#breadcrumb\"},\"inLanguage\":\"es\",\"potentialAction\":[{\"@type\":\"ReadAction\",\"target\":[\"https:\/\/nghiepxuan.com\/es\/product\/pulpa-congelada-premium-de-durian-monthong-sin-semillas-nghiep-xuan-vietnam\/\"]}]},{\"@type\":\"ImageObject\",\"inLanguage\":\"es\",\"@id\":\"https:\/\/nghiepxuan.com\/es\/product\/pulpa-congelada-premium-de-durian-monthong-sin-semillas-nghiep-xuan-vietnam\/#primaryimage\",\"url\":\"https:\/\/nghiepxuan.com\/wp-content\/uploads\/2026\/04\/IMG_9360.jpg\",\"contentUrl\":\"https:\/\/nghiepxuan.com\/wp-content\/uploads\/2026\/04\/IMG_9360.jpg\",\"width\":1520,\"height\":1950,\"caption\":\"Frozen morthong durian pulp seedless\"},{\"@type\":\"BreadcrumbList\",\"@id\":\"https:\/\/nghiepxuan.com\/es\/product\/pulpa-congelada-premium-de-durian-monthong-sin-semillas-nghiep-xuan-vietnam\/#breadcrumb\",\"itemListElement\":[{\"@type\":\"ListItem\",\"position\":1,\"name\":\"Home\",\"item\":\"https:\/\/nghiepxuan.com\/es\/\"},{\"@type\":\"ListItem\",\"position\":2,\"name\":\"Tienda\",\"item\":\"https:\/\/nghiepxuan.com\/es\/shop\/\"},{\"@type\":\"ListItem\",\"position\":3,\"name\":\"Pulpa Congelada Premium de Duri\u00e1n Monthong (Sin Semillas) | Nghiep Xuan Vietnam\"}]},{\"@type\":\"WebSite\",\"@id\":\"https:\/\/nghiepxuan.com\/es\/#website\",\"url\":\"https:\/\/nghiepxuan.com\/es\/\",\"name\":\"Nghiep Xuan - Agricultural Import and Export\",\"description\":\"Nutriendo la naturaleza, cosechando salud: su destino de estilo de vida org\u00e1nico\",\"publisher\":{\"@id\":\"https:\/\/nghiepxuan.com\/es\/#organization\"},\"potentialAction\":[{\"@type\":\"SearchAction\",\"target\":{\"@type\":\"EntryPoint\",\"urlTemplate\":\"https:\/\/nghiepxuan.com\/es\/?s={search_term_string}\"},\"query-input\":{\"@type\":\"PropertyValueSpecification\",\"valueRequired\":true,\"valueName\":\"search_term_string\"}}],\"inLanguage\":\"es\"},{\"@type\":\"Organization\",\"@id\":\"https:\/\/nghiepxuan.com\/es\/#organization\",\"name\":\"Nghiep Xuan - Agricultural Import and Export\",\"url\":\"https:\/\/nghiepxuan.com\/es\/\",\"logo\":{\"@type\":\"ImageObject\",\"inLanguage\":\"es\",\"@id\":\"https:\/\/nghiepxuan.com\/es\/#\/schema\/logo\/image\/\",\"url\":\"https:\/\/nghiepxuan.com\/wp-content\/uploads\/2025\/04\/Nghiep-Xuan-Logo-4.png\",\"contentUrl\":\"https:\/\/nghiepxuan.com\/wp-content\/uploads\/2025\/04\/Nghiep-Xuan-Logo-4.png\",\"width\":4167,\"height\":1015,\"caption\":\"Nghiep Xuan - Agricultural Import and Export\"},\"image\":{\"@id\":\"https:\/\/nghiepxuan.com\/es\/#\/schema\/logo\/image\/\"},\"sameAs\":[\"https:\/\/www.facebook.com\/nongsannghiepxuan\/\",\"https:\/\/x.com\/PhuTonBui\",\"https:\/\/www.instagram.com\/xuatnhapkhaunghiepxuan\/\",\"https:\/\/www.youtube.com\/@nongsannghiepxuan2066\",\"https:\/\/www.tiktok.com\/@nghiepxuan\"]}]}<\/script>\n<!-- \/ Yoast SEO plugin. -->","yoast_head_json":{"title":"Pulpa Congelada Premium de Duri\u00e1n Monthong (Sin Semillas) | Nghiep Xuan Vietnam - Nghiep Xuan - Importaci\u00f3n y Exportaci\u00f3n Agr\u00edcola","description":"Pulpa congelada de duri\u00e1n Monthong de primera calidad, sin semillas, procedente de Vietnam. Alto rendimiento, textura cremosa, suministro OEM a granel. Ideal para la elaboraci\u00f3n de alimentos. Ponte en contacto con nosotros.","robots":{"index":"index","follow":"follow","max-snippet":"max-snippet:-1","max-image-preview":"max-image-preview:large","max-video-preview":"max-video-preview:-1"},"canonical":"https:\/\/nghiepxuan.com\/es\/product\/pulpa-congelada-premium-de-durian-monthong-sin-semillas-nghiep-xuan-vietnam\/","og_locale":"es_ES","og_type":"article","og_title":"Pulpa Congelada Premium de Duri\u00e1n Monthong (Sin Semillas) | Nghiep Xuan Vietnam - Nghiep Xuan - Importaci\u00f3n y Exportaci\u00f3n Agr\u00edcola","og_description":"Pulpa congelada de duri\u00e1n Monthong de primera calidad, sin semillas, procedente de Vietnam. Alto rendimiento, textura cremosa, suministro OEM a granel. Ideal para la elaboraci\u00f3n de alimentos. Ponte en contacto con nosotros.","og_url":"https:\/\/nghiepxuan.com\/es\/product\/pulpa-congelada-premium-de-durian-monthong-sin-semillas-nghiep-xuan-vietnam\/","og_site_name":"Nghiep Xuan - Importaci\u00f3n y Exportaci\u00f3n Agr\u00edcola","article_publisher":"https:\/\/www.facebook.com\/nongsannghiepxuan\/","og_image":[{"width":1520,"height":1950,"url":"https:\/\/nghiepxuan.com\/wp-content\/uploads\/2026\/04\/IMG_9360.jpg","type":"image\/jpeg"}],"twitter_card":"summary_large_image","twitter_site":"@PhuTonBui","twitter_misc":{"Tiempo de lectura":"2 minutos"},"schema":{"@context":"https:\/\/schema.org","@graph":[{"@type":"WebPage","@id":"https:\/\/nghiepxuan.com\/es\/product\/pulpa-congelada-premium-de-durian-monthong-sin-semillas-nghiep-xuan-vietnam\/","url":"https:\/\/nghiepxuan.com\/es\/product\/pulpa-congelada-premium-de-durian-monthong-sin-semillas-nghiep-xuan-vietnam\/","name":"Pulpa Congelada Premium de Duri\u00e1n Monthong (Sin Semillas) | Nghiep Xuan Vietnam - Nghiep Xuan - Importaci\u00f3n y Exportaci\u00f3n Agr\u00edcola","isPartOf":{"@id":"https:\/\/nghiepxuan.com\/es\/#website"},"primaryImageOfPage":{"@id":"https:\/\/nghiepxuan.com\/es\/product\/pulpa-congelada-premium-de-durian-monthong-sin-semillas-nghiep-xuan-vietnam\/#primaryimage"},"image":{"@id":"https:\/\/nghiepxuan.com\/es\/product\/pulpa-congelada-premium-de-durian-monthong-sin-semillas-nghiep-xuan-vietnam\/#primaryimage"},"thumbnailUrl":"https:\/\/nghiepxuan.com\/wp-content\/uploads\/2026\/04\/IMG_9360.jpg","datePublished":"2026-04-30T08:18:47+00:00","description":"Pulpa congelada de duri\u00e1n Monthong de primera calidad, sin semillas, procedente de Vietnam. Alto rendimiento, textura cremosa, suministro OEM a granel. Ideal para la elaboraci\u00f3n de alimentos. Ponte en contacto con nosotros.","breadcrumb":{"@id":"https:\/\/nghiepxuan.com\/es\/product\/pulpa-congelada-premium-de-durian-monthong-sin-semillas-nghiep-xuan-vietnam\/#breadcrumb"},"inLanguage":"es","potentialAction":[{"@type":"ReadAction","target":["https:\/\/nghiepxuan.com\/es\/product\/pulpa-congelada-premium-de-durian-monthong-sin-semillas-nghiep-xuan-vietnam\/"]}]},{"@type":"ImageObject","inLanguage":"es","@id":"https:\/\/nghiepxuan.com\/es\/product\/pulpa-congelada-premium-de-durian-monthong-sin-semillas-nghiep-xuan-vietnam\/#primaryimage","url":"https:\/\/nghiepxuan.com\/wp-content\/uploads\/2026\/04\/IMG_9360.jpg","contentUrl":"https:\/\/nghiepxuan.com\/wp-content\/uploads\/2026\/04\/IMG_9360.jpg","width":1520,"height":1950,"caption":"Frozen morthong durian pulp seedless"},{"@type":"BreadcrumbList","@id":"https:\/\/nghiepxuan.com\/es\/product\/pulpa-congelada-premium-de-durian-monthong-sin-semillas-nghiep-xuan-vietnam\/#breadcrumb","itemListElement":[{"@type":"ListItem","position":1,"name":"Home","item":"https:\/\/nghiepxuan.com\/es\/"},{"@type":"ListItem","position":2,"name":"Tienda","item":"https:\/\/nghiepxuan.com\/es\/shop\/"},{"@type":"ListItem","position":3,"name":"Pulpa Congelada Premium de Duri\u00e1n Monthong (Sin Semillas) | Nghiep Xuan Vietnam"}]},{"@type":"WebSite","@id":"https:\/\/nghiepxuan.com\/es\/#website","url":"https:\/\/nghiepxuan.com\/es\/","name":"Nghiep Xuan - Agricultural Import and Export","description":"Nutriendo la naturaleza, cosechando salud: su destino de estilo de vida org\u00e1nico","publisher":{"@id":"https:\/\/nghiepxuan.com\/es\/#organization"},"potentialAction":[{"@type":"SearchAction","target":{"@type":"EntryPoint","urlTemplate":"https:\/\/nghiepxuan.com\/es\/?s={search_term_string}"},"query-input":{"@type":"PropertyValueSpecification","valueRequired":true,"valueName":"search_term_string"}}],"inLanguage":"es"},{"@type":"Organization","@id":"https:\/\/nghiepxuan.com\/es\/#organization","name":"Nghiep Xuan - Agricultural Import and Export","url":"https:\/\/nghiepxuan.com\/es\/","logo":{"@type":"ImageObject","inLanguage":"es","@id":"https:\/\/nghiepxuan.com\/es\/#\/schema\/logo\/image\/","url":"https:\/\/nghiepxuan.com\/wp-content\/uploads\/2025\/04\/Nghiep-Xuan-Logo-4.png","contentUrl":"https:\/\/nghiepxuan.com\/wp-content\/uploads\/2025\/04\/Nghiep-Xuan-Logo-4.png","width":4167,"height":1015,"caption":"Nghiep Xuan - Agricultural Import and Export"},"image":{"@id":"https:\/\/nghiepxuan.com\/es\/#\/schema\/logo\/image\/"},"sameAs":["https:\/\/www.facebook.com\/nongsannghiepxuan\/","https:\/\/x.com\/PhuTonBui","https:\/\/www.instagram.com\/xuatnhapkhaunghiepxuan\/","https:\/\/www.youtube.com\/@nongsannghiepxuan2066","https:\/\/www.tiktok.com\/@nghiepxuan"]}]}},"_links":{"self":[{"href":"https:\/\/nghiepxuan.com\/es\/wp-json\/wp\/v2\/product\/10147","targetHints":{"allow":["GET"]}}],"collection":[{"href":"https:\/\/nghiepxuan.com\/es\/wp-json\/wp\/v2\/product"}],"about":[{"href":"https:\/\/nghiepxuan.com\/es\/wp-json\/wp\/v2\/types\/product"}],"replies":[{"embeddable":true,"href":"https:\/\/nghiepxuan.com\/es\/wp-json\/wp\/v2\/comments?post=10147"}],"version-history":[{"count":0,"href":"https:\/\/nghiepxuan.com\/es\/wp-json\/wp\/v2\/product\/10147\/revisions"}],"wp:featuredmedia":[{"embeddable":true,"href":"https:\/\/nghiepxuan.com\/es\/wp-json\/wp\/v2\/media\/10143"}],"wp:attachment":[{"href":"https:\/\/nghiepxuan.com\/es\/wp-json\/wp\/v2\/media?parent=10147"}],"wp:term":[{"taxonomy":"product_brand","embeddable":true,"href":"https:\/\/nghiepxuan.com\/es\/wp-json\/wp\/v2\/product_brand?post=10147"},{"taxonomy":"product_cat","embeddable":true,"href":"https:\/\/nghiepxuan.com\/es\/wp-json\/wp\/v2\/product_cat?post=10147"},{"taxonomy":"product_tag","embeddable":true,"href":"https:\/\/nghiepxuan.com\/es\/wp-json\/wp\/v2\/product_tag?post=10147"}],"curies":[{"name":"wp","href":"https:\/\/api.w.org\/{rel}","templated":true}]}}