{"id":10071,"date":"2026-04-30T07:25:36","date_gmt":"2026-04-30T07:25:36","guid":{"rendered":"https:\/\/nghiepxuan.com\/product\/champinon-paja-congelado-premium-calidad-exportacion-nghiep-xuan-vietnam\/"},"modified":"2026-04-30T07:25:36","modified_gmt":"2026-04-30T07:25:36","slug":"champinon-paja-congelado-premium-calidad-exportacion-nghiep-xuan-vietnam","status":"publish","type":"product","link":"https:\/\/nghiepxuan.com\/es\/product\/champinon-paja-congelado-premium-calidad-exportacion-nghiep-xuan-vietnam\/","title":{"rendered":"Champi\u00f1\u00f3n Paja Congelado Premium &#8211; Calidad Exportaci\u00f3n | Nghiep Xuan Vietnam"},"content":{"rendered":"<h3 data-section-id=\"neox7d\" data-start=\"369\" data-end=\"408\"><span role=\"text\"><strong data-start=\"373\" data-end=\"408\">Visi\u00f3n general<\/strong><\/span><\/h3>\n<p data-start=\"409\" data-end=\"647\">Nghiep Xuan suministra <strong data-start=\"430\" data-end=\"470\">Setas Paja Congeladas de primera calidad<\/strong>, procedentes de granjas cuidadosamente gestionadas de Vietnam y procesadas con tecnolog\u00eda de congelaci\u00f3n avanzada para conservar su <strong data-start=\"587\" data-end=\"646\">textura natural, su delicado sabor y su valor nutritivo<\/strong>.<\/p>\n<p data-start=\"649\" data-end=\"1067\">Como una de las setas m\u00e1s utilizadas en la <strong data-start=\"693\" data-end=\"740\">cocina asi\u00e1tica y en la fabricaci\u00f3n mundial de alimentos<\/strong>, las setas paja requieren <strong data-start=\"766\" data-end=\"807\">una manipulaci\u00f3n precisa y un procesamiento r\u00e1pido<\/strong> para mantener la calidad. En Nghiep Xuan, combinamos <strong data-start=\"856\" data-end=\"948\">una estricta selecci\u00f3n de materias primas, un procesamiento controlado y un sistema optimizado de cadena de fr\u00edo para garantizar que<\/strong> cada lote cumpla las expectativas de los <strong data-start=\"997\" data-end=\"1066\">importadores internacionales, los procesadores de alimentos y los distribuidores minoristas<\/strong>. <\/p>\n<p data-start=\"1069\" data-end=\"1271\">Nuestros champi\u00f1ones de paja congelados est\u00e1n dise\u00f1ados para <strong data-start=\"1113\" data-end=\"1166\">ofrecer un rendimiento constante en aplicaciones industriales<\/strong>, ayudando a los socios a reducir los residuos, mejorar la eficacia y mantener la estandarizaci\u00f3n de los productos en todos los mercados.<\/p>\n<hr data-start=\"1273\" data-end=\"1276\">\n<h3 data-section-id=\"17fsctq\" data-start=\"1278\" data-end=\"1301\"><span role=\"text\"><strong data-start=\"1282\" data-end=\"1301\">\ud83c\udf44 Caracter\u00edsticas principales<\/strong><\/span><\/h3>\n<ul data-start=\"1302\" data-end=\"1712\">\n<li data-section-id=\"30w5iu\" data-start=\"1302\" data-end=\"1385\"><strong data-start=\"1304\" data-end=\"1334\">Textura firme tras la descongelaci\u00f3n<\/strong> &#8211; Mantiene la estructura para la cocci\u00f3n y el procesado<\/li>\n<li data-section-id=\"1n9udy1\" data-start=\"1386\" data-end=\"1452\"><strong data-start=\"1388\" data-end=\"1410\">Sabor suave y umami<\/strong> &#8211; Adecuado para una amplia gama de cocinas<\/li>\n<li data-section-id=\"183hjno\" data-start=\"1453\" data-end=\"1522\"><strong data-start=\"1455\" data-end=\"1473\">Tecnolog\u00eda de congelaci\u00f3n<\/strong> &#8211; Conserva la frescura y la integridad individual<\/li>\n<li data-section-id=\"163hlxi\" data-start=\"1523\" data-end=\"1588\"><strong data-start=\"1525\" data-end=\"1551\">Tama\u00f1os cuidadosamente clasificados<\/strong> &#8211; Opciones enteras, mitades o en rodajas<\/li>\n<li data-section-id=\"17vx8dn\" data-start=\"1589\" data-end=\"1649\"><strong data-start=\"1591\" data-end=\"1622\">Procesado limpio e higi\u00e9nico<\/strong> &#8211; Cumple las normas de exportaci\u00f3n<\/li>\n<li data-section-id=\"x2cc69\" data-start=\"1650\" data-end=\"1712\"><strong data-start=\"1652\" data-end=\"1677\">Cadena de suministro fiable<\/strong> &#8211; Volumen escalable para compradores B2B<\/li>\n<\/ul>\n<hr data-start=\"1714\" data-end=\"1717\">\n<h3 data-section-id=\"f701lt\" data-start=\"1719\" data-end=\"1743\"><span role=\"text\"><strong data-start=\"1723\" data-end=\"1743\">\ud83c\udf7d\ufe0f Aplicaciones<\/strong><\/span><\/h3>\n<p data-start=\"1744\" data-end=\"1801\">Ampliamente utilizado en la restauraci\u00f3n y la producci\u00f3n industrial:<\/p>\n<ul data-start=\"1802\" data-end=\"2015\">\n<li data-section-id=\"qvqq6g\" data-start=\"1802\" data-end=\"1842\">Fabricaci\u00f3n de alimentos enlatados y congelados<\/li>\n<li data-section-id=\"20kgk\" data-start=\"1843\" data-end=\"1891\">Platos preparados y productos alimenticios instant\u00e1neos<\/li>\n<li data-section-id=\"pax9cj\" data-start=\"1892\" data-end=\"1931\">Sopas, guisos, salteados y salsas<\/li>\n<li data-section-id=\"1dembs7\" data-start=\"1932\" data-end=\"1977\">Cocina asi\u00e1tica (china, tailandesa, vietnamita)<\/li>\n<li data-section-id=\"17e0hoi\" data-start=\"1978\" data-end=\"2015\">Suministros para hosteler\u00eda y restauraci\u00f3n<\/li>\n<\/ul>\n<hr data-start=\"2017\" data-end=\"2020\">\n<h3 data-section-id=\"grum48\" data-start=\"2022\" data-end=\"2055\"><span role=\"text\"><strong data-start=\"2026\" data-end=\"2055\">\ud83d\udce6 Especificaciones del producto<\/strong><\/span><\/h3>\n<ul data-start=\"2056\" data-end=\"2411\">\n<li data-section-id=\"1nyisok\" data-start=\"2056\" data-end=\"2127\"><strong data-start=\"2058\" data-end=\"2075\">Tipo de producto:<\/strong> Champi\u00f1\u00f3n Paja Congelado (Entero \/ Semicortado \/ Loncheado)<\/li>\n<li data-section-id=\"1mfsgr9\" data-start=\"2128\" data-end=\"2179\"><strong data-start=\"2130\" data-end=\"2145\">Procesado:<\/strong> Alta tecnolog\u00eda congelada<\/li>\n<li data-section-id=\"895jai\" data-start=\"2180\" data-end=\"2203\"><strong data-start=\"2182\" data-end=\"2193\">Origen:<\/strong> Vietnam<\/li>\n<li data-section-id=\"5d1acd\" data-start=\"2204\" data-end=\"2245\"><strong data-start=\"2206\" data-end=\"2221\">Caducidad:<\/strong> 18-24 meses a -18\u00b0C<\/li>\n<li data-section-id=\"8l7ax0\" data-start=\"2246\" data-end=\"2294\"><strong data-start=\"2248\" data-end=\"2262\">Envasado:<\/strong> A granel \/ al por menor \/ OEM disponible<\/li>\n<li data-section-id=\"3t4gpa\" data-start=\"2295\" data-end=\"2341\"><strong data-start=\"2297\" data-end=\"2313\">Grados de tama\u00f1o:<\/strong> Personalizable a petici\u00f3n<\/li>\n<li data-section-id=\"4jtjls\" data-start=\"2342\" data-end=\"2411\"><strong data-start=\"2344\" data-end=\"2363\">Certificaciones:<\/strong> Disponibles previa solicitud (ISO, GlobalGAP, etc.)<\/li>\n<\/ul>\n<hr data-start=\"2413\" data-end=\"2416\">\n<h3 data-section-id=\"1a272qi\" data-start=\"2418\" data-end=\"2452\"><span role=\"text\"><strong data-start=\"2422\" data-end=\"2452\">\ud83d\ude9a \u00bfPor qu\u00e9 elegir Nghiep Xuan?<\/strong><\/span><\/h3>\n<ul data-start=\"2453\" data-end=\"2741\">\n<li data-section-id=\"w9aq3w\" data-start=\"2453\" data-end=\"2522\">Exportador experimentado de <strong data-start=\"2479\" data-end=\"2520\">verduras y setas congeladas de primera calidad<\/strong><\/li>\n<li data-section-id=\"1c9xx38\" data-start=\"2523\" data-end=\"2576\">Fuerte <strong data-start=\"2532\" data-end=\"2574\">control de la cadena de fr\u00edo desde la granja hasta la exportaci\u00f3n<\/strong><\/li>\n<li data-section-id=\"1w1tltk\" data-start=\"2577\" data-end=\"2644\">Centrarse en la <strong data-start=\"2588\" data-end=\"2642\">calidad constante y la eficiencia del rendimiento para los compradores<\/strong><\/li>\n<li data-section-id=\"pha0d0\" data-start=\"2645\" data-end=\"2689\"><strong data-start=\"2656\" data-end=\"2687\">Soluciones<\/strong> flexibles <strong data-start=\"2656\" data-end=\"2687\">OEM\/etiqueta privada<\/strong><\/li>\n<li data-section-id=\"1qxssst\" data-start=\"2690\" data-end=\"2741\">Compromiso con <strong data-start=\"2706\" data-end=\"2739\">asociaciones globales a largo plazo<\/strong><\/li>\n<\/ul>\n<hr data-start=\"2743\" data-end=\"2746\">\n<h3 data-section-id=\"sirax1\" data-start=\"2748\" data-end=\"2770\"><span role=\"text\"><strong data-start=\"2752\" data-end=\"2770\">\ud83d\udce9 Consulta CTA<\/strong><\/span><\/h3>\n<p data-start=\"2771\" data-end=\"2913\">\u00bfBuscas un proveedor fiable de setas de paja congeladas?<br data-start=\"2829\" data-end=\"2832\">\ud83d\udc49 Ponte en contacto con Nghiep Xuan hoy mismo para obtener <strong data-start=\"2865\" data-end=\"2912\">precios, muestras y una cooperaci\u00f3n a largo plazo<\/strong>.<\/p>\n<p data-start=\"2771\" data-end=\"2913\">Correo electr\u00f3nico: info@nghiepxuan.com || WhatsApp\/Viber\/Zalo\/Wechat\/Hotline: +84939 345 598<\/p>\n","protected":false},"excerpt":{"rendered":"<p>Setas de paja congeladas de alta calidad para la elaboraci\u00f3n de alimentos. Tama\u00f1o constante, suministro estable, precios competitivos. Solicita un presupuesto hoy mismo.  <\/p>\n","protected":false},"featured_media":10041,"comment_status":"open","ping_status":"closed","template":"","meta":{"content-type":""},"product_brand":[],"product_cat":[424],"product_tag":[1215,1156,1186,1131,1216],"class_list":{"0":"post-10071","1":"product","2":"type-product","3":"status-publish","4":"has-post-thumbnail","6":"product_cat-frozen-es","7":"product_tag-champinon-de-paja-congelado","8":"product_tag-exportacion-a-vietnam","9":"product_tag-fruta-congelada","10":"product_tag-producto-congelado","11":"product_tag-producto-vietnam","13":"first","14":"instock","15":"shipping-taxable","16":"product-type-simple"},"yoast_head":"<!-- This site is optimized with the Yoast SEO plugin v26.9 - https:\/\/yoast.com\/product\/yoast-seo-wordpress\/ -->\n<title>Champi\u00f1\u00f3n Paja Congelado Premium - Calidad Exportaci\u00f3n | Nghiep Xuan Vietnam - Nghiep Xuan - Importaci\u00f3n y Exportaci\u00f3n Agr\u00edcola<\/title>\n<meta name=\"description\" content=\"Setas de paja congeladas IQF de primera calidad, procedentes de Vietnam. Textura firme, suministro a granel, envasado OEM. Socio exportador fiable. Ponte en contacto con Nghiep Xuan ahora.\" \/>\n<meta name=\"robots\" content=\"index, follow, max-snippet:-1, max-image-preview:large, max-video-preview:-1\" \/>\n<link rel=\"canonical\" href=\"https:\/\/nghiepxuan.com\/es\/product\/champinon-paja-congelado-premium-calidad-exportacion-nghiep-xuan-vietnam\/\" \/>\n<meta property=\"og:locale\" content=\"es_ES\" \/>\n<meta property=\"og:type\" content=\"article\" \/>\n<meta property=\"og:title\" content=\"Champi\u00f1\u00f3n Paja Congelado Premium - Calidad Exportaci\u00f3n | Nghiep Xuan Vietnam - Nghiep Xuan - Importaci\u00f3n y Exportaci\u00f3n Agr\u00edcola\" \/>\n<meta property=\"og:description\" content=\"Setas de paja congeladas IQF de primera calidad, procedentes de Vietnam. Textura firme, suministro a granel, envasado OEM. Socio exportador fiable. Ponte en contacto con Nghiep Xuan ahora.\" \/>\n<meta property=\"og:url\" content=\"https:\/\/nghiepxuan.com\/es\/product\/champinon-paja-congelado-premium-calidad-exportacion-nghiep-xuan-vietnam\/\" \/>\n<meta property=\"og:site_name\" content=\"Nghiep Xuan - Importaci\u00f3n y Exportaci\u00f3n Agr\u00edcola\" \/>\n<meta property=\"article:publisher\" content=\"https:\/\/www.facebook.com\/nongsannghiepxuan\/\" \/>\n<meta property=\"og:image\" content=\"https:\/\/nghiepxuan.com\/wp-content\/uploads\/2026\/04\/IMG_9357.jpg\" \/>\n\t<meta property=\"og:image:width\" content=\"1654\" \/>\n\t<meta property=\"og:image:height\" content=\"2130\" \/>\n\t<meta property=\"og:image:type\" content=\"image\/jpeg\" \/>\n<meta name=\"twitter:card\" content=\"summary_large_image\" \/>\n<meta name=\"twitter:site\" content=\"@PhuTonBui\" \/>\n<meta name=\"twitter:label1\" content=\"Tiempo de lectura\" \/>\n\t<meta name=\"twitter:data1\" content=\"2 minutos\" \/>\n<script type=\"application\/ld+json\" class=\"yoast-schema-graph\">{\"@context\":\"https:\/\/schema.org\",\"@graph\":[{\"@type\":\"WebPage\",\"@id\":\"https:\/\/nghiepxuan.com\/es\/product\/champinon-paja-congelado-premium-calidad-exportacion-nghiep-xuan-vietnam\/\",\"url\":\"https:\/\/nghiepxuan.com\/es\/product\/champinon-paja-congelado-premium-calidad-exportacion-nghiep-xuan-vietnam\/\",\"name\":\"Champi\u00f1\u00f3n Paja Congelado Premium - Calidad Exportaci\u00f3n | Nghiep Xuan Vietnam - Nghiep Xuan - Importaci\u00f3n y Exportaci\u00f3n Agr\u00edcola\",\"isPartOf\":{\"@id\":\"https:\/\/nghiepxuan.com\/es\/#website\"},\"primaryImageOfPage\":{\"@id\":\"https:\/\/nghiepxuan.com\/es\/product\/champinon-paja-congelado-premium-calidad-exportacion-nghiep-xuan-vietnam\/#primaryimage\"},\"image\":{\"@id\":\"https:\/\/nghiepxuan.com\/es\/product\/champinon-paja-congelado-premium-calidad-exportacion-nghiep-xuan-vietnam\/#primaryimage\"},\"thumbnailUrl\":\"https:\/\/nghiepxuan.com\/wp-content\/uploads\/2026\/04\/IMG_9357.jpg\",\"datePublished\":\"2026-04-30T07:25:36+00:00\",\"description\":\"Setas de paja congeladas IQF de primera calidad, procedentes de Vietnam. Textura firme, suministro a granel, envasado OEM. Socio exportador fiable. Ponte en contacto con Nghiep Xuan ahora.\",\"breadcrumb\":{\"@id\":\"https:\/\/nghiepxuan.com\/es\/product\/champinon-paja-congelado-premium-calidad-exportacion-nghiep-xuan-vietnam\/#breadcrumb\"},\"inLanguage\":\"es\",\"potentialAction\":[{\"@type\":\"ReadAction\",\"target\":[\"https:\/\/nghiepxuan.com\/es\/product\/champinon-paja-congelado-premium-calidad-exportacion-nghiep-xuan-vietnam\/\"]}]},{\"@type\":\"ImageObject\",\"inLanguage\":\"es\",\"@id\":\"https:\/\/nghiepxuan.com\/es\/product\/champinon-paja-congelado-premium-calidad-exportacion-nghiep-xuan-vietnam\/#primaryimage\",\"url\":\"https:\/\/nghiepxuan.com\/wp-content\/uploads\/2026\/04\/IMG_9357.jpg\",\"contentUrl\":\"https:\/\/nghiepxuan.com\/wp-content\/uploads\/2026\/04\/IMG_9357.jpg\",\"width\":1654,\"height\":2130,\"caption\":\"Frozen Straw Mushroom\"},{\"@type\":\"BreadcrumbList\",\"@id\":\"https:\/\/nghiepxuan.com\/es\/product\/champinon-paja-congelado-premium-calidad-exportacion-nghiep-xuan-vietnam\/#breadcrumb\",\"itemListElement\":[{\"@type\":\"ListItem\",\"position\":1,\"name\":\"Home\",\"item\":\"https:\/\/nghiepxuan.com\/es\/\"},{\"@type\":\"ListItem\",\"position\":2,\"name\":\"Tienda\",\"item\":\"https:\/\/nghiepxuan.com\/es\/shop\/\"},{\"@type\":\"ListItem\",\"position\":3,\"name\":\"Champi\u00f1\u00f3n Paja Congelado Premium &#8211; Calidad Exportaci\u00f3n | Nghiep Xuan Vietnam\"}]},{\"@type\":\"WebSite\",\"@id\":\"https:\/\/nghiepxuan.com\/es\/#website\",\"url\":\"https:\/\/nghiepxuan.com\/es\/\",\"name\":\"Nghiep Xuan - Agricultural Import and Export\",\"description\":\"Nutriendo la naturaleza, cosechando salud: su destino de estilo de vida org\u00e1nico\",\"publisher\":{\"@id\":\"https:\/\/nghiepxuan.com\/es\/#organization\"},\"potentialAction\":[{\"@type\":\"SearchAction\",\"target\":{\"@type\":\"EntryPoint\",\"urlTemplate\":\"https:\/\/nghiepxuan.com\/es\/?s={search_term_string}\"},\"query-input\":{\"@type\":\"PropertyValueSpecification\",\"valueRequired\":true,\"valueName\":\"search_term_string\"}}],\"inLanguage\":\"es\"},{\"@type\":\"Organization\",\"@id\":\"https:\/\/nghiepxuan.com\/es\/#organization\",\"name\":\"Nghiep Xuan - Agricultural Import and Export\",\"url\":\"https:\/\/nghiepxuan.com\/es\/\",\"logo\":{\"@type\":\"ImageObject\",\"inLanguage\":\"es\",\"@id\":\"https:\/\/nghiepxuan.com\/es\/#\/schema\/logo\/image\/\",\"url\":\"https:\/\/nghiepxuan.com\/wp-content\/uploads\/2025\/04\/Nghiep-Xuan-Logo-4.png\",\"contentUrl\":\"https:\/\/nghiepxuan.com\/wp-content\/uploads\/2025\/04\/Nghiep-Xuan-Logo-4.png\",\"width\":4167,\"height\":1015,\"caption\":\"Nghiep Xuan - Agricultural Import and Export\"},\"image\":{\"@id\":\"https:\/\/nghiepxuan.com\/es\/#\/schema\/logo\/image\/\"},\"sameAs\":[\"https:\/\/www.facebook.com\/nongsannghiepxuan\/\",\"https:\/\/x.com\/PhuTonBui\",\"https:\/\/www.instagram.com\/xuatnhapkhaunghiepxuan\/\",\"https:\/\/www.youtube.com\/@nongsannghiepxuan2066\",\"https:\/\/www.tiktok.com\/@nghiepxuan\"]}]}<\/script>\n<!-- \/ Yoast SEO plugin. -->","yoast_head_json":{"title":"Champi\u00f1\u00f3n Paja Congelado Premium - Calidad Exportaci\u00f3n | Nghiep Xuan Vietnam - Nghiep Xuan - Importaci\u00f3n y Exportaci\u00f3n Agr\u00edcola","description":"Setas de paja congeladas IQF de primera calidad, procedentes de Vietnam. Textura firme, suministro a granel, envasado OEM. Socio exportador fiable. Ponte en contacto con Nghiep Xuan ahora.","robots":{"index":"index","follow":"follow","max-snippet":"max-snippet:-1","max-image-preview":"max-image-preview:large","max-video-preview":"max-video-preview:-1"},"canonical":"https:\/\/nghiepxuan.com\/es\/product\/champinon-paja-congelado-premium-calidad-exportacion-nghiep-xuan-vietnam\/","og_locale":"es_ES","og_type":"article","og_title":"Champi\u00f1\u00f3n Paja Congelado Premium - Calidad Exportaci\u00f3n | Nghiep Xuan Vietnam - Nghiep Xuan - Importaci\u00f3n y Exportaci\u00f3n Agr\u00edcola","og_description":"Setas de paja congeladas IQF de primera calidad, procedentes de Vietnam. Textura firme, suministro a granel, envasado OEM. Socio exportador fiable. Ponte en contacto con Nghiep Xuan ahora.","og_url":"https:\/\/nghiepxuan.com\/es\/product\/champinon-paja-congelado-premium-calidad-exportacion-nghiep-xuan-vietnam\/","og_site_name":"Nghiep Xuan - Importaci\u00f3n y Exportaci\u00f3n Agr\u00edcola","article_publisher":"https:\/\/www.facebook.com\/nongsannghiepxuan\/","og_image":[{"width":1654,"height":2130,"url":"https:\/\/nghiepxuan.com\/wp-content\/uploads\/2026\/04\/IMG_9357.jpg","type":"image\/jpeg"}],"twitter_card":"summary_large_image","twitter_site":"@PhuTonBui","twitter_misc":{"Tiempo de lectura":"2 minutos"},"schema":{"@context":"https:\/\/schema.org","@graph":[{"@type":"WebPage","@id":"https:\/\/nghiepxuan.com\/es\/product\/champinon-paja-congelado-premium-calidad-exportacion-nghiep-xuan-vietnam\/","url":"https:\/\/nghiepxuan.com\/es\/product\/champinon-paja-congelado-premium-calidad-exportacion-nghiep-xuan-vietnam\/","name":"Champi\u00f1\u00f3n Paja Congelado Premium - Calidad Exportaci\u00f3n | Nghiep Xuan Vietnam - Nghiep Xuan - Importaci\u00f3n y Exportaci\u00f3n Agr\u00edcola","isPartOf":{"@id":"https:\/\/nghiepxuan.com\/es\/#website"},"primaryImageOfPage":{"@id":"https:\/\/nghiepxuan.com\/es\/product\/champinon-paja-congelado-premium-calidad-exportacion-nghiep-xuan-vietnam\/#primaryimage"},"image":{"@id":"https:\/\/nghiepxuan.com\/es\/product\/champinon-paja-congelado-premium-calidad-exportacion-nghiep-xuan-vietnam\/#primaryimage"},"thumbnailUrl":"https:\/\/nghiepxuan.com\/wp-content\/uploads\/2026\/04\/IMG_9357.jpg","datePublished":"2026-04-30T07:25:36+00:00","description":"Setas de paja congeladas IQF de primera calidad, procedentes de Vietnam. Textura firme, suministro a granel, envasado OEM. Socio exportador fiable. Ponte en contacto con Nghiep Xuan ahora.","breadcrumb":{"@id":"https:\/\/nghiepxuan.com\/es\/product\/champinon-paja-congelado-premium-calidad-exportacion-nghiep-xuan-vietnam\/#breadcrumb"},"inLanguage":"es","potentialAction":[{"@type":"ReadAction","target":["https:\/\/nghiepxuan.com\/es\/product\/champinon-paja-congelado-premium-calidad-exportacion-nghiep-xuan-vietnam\/"]}]},{"@type":"ImageObject","inLanguage":"es","@id":"https:\/\/nghiepxuan.com\/es\/product\/champinon-paja-congelado-premium-calidad-exportacion-nghiep-xuan-vietnam\/#primaryimage","url":"https:\/\/nghiepxuan.com\/wp-content\/uploads\/2026\/04\/IMG_9357.jpg","contentUrl":"https:\/\/nghiepxuan.com\/wp-content\/uploads\/2026\/04\/IMG_9357.jpg","width":1654,"height":2130,"caption":"Frozen Straw Mushroom"},{"@type":"BreadcrumbList","@id":"https:\/\/nghiepxuan.com\/es\/product\/champinon-paja-congelado-premium-calidad-exportacion-nghiep-xuan-vietnam\/#breadcrumb","itemListElement":[{"@type":"ListItem","position":1,"name":"Home","item":"https:\/\/nghiepxuan.com\/es\/"},{"@type":"ListItem","position":2,"name":"Tienda","item":"https:\/\/nghiepxuan.com\/es\/shop\/"},{"@type":"ListItem","position":3,"name":"Champi\u00f1\u00f3n Paja Congelado Premium &#8211; Calidad Exportaci\u00f3n | Nghiep Xuan Vietnam"}]},{"@type":"WebSite","@id":"https:\/\/nghiepxuan.com\/es\/#website","url":"https:\/\/nghiepxuan.com\/es\/","name":"Nghiep Xuan - Agricultural Import and Export","description":"Nutriendo la naturaleza, cosechando salud: su destino de estilo de vida org\u00e1nico","publisher":{"@id":"https:\/\/nghiepxuan.com\/es\/#organization"},"potentialAction":[{"@type":"SearchAction","target":{"@type":"EntryPoint","urlTemplate":"https:\/\/nghiepxuan.com\/es\/?s={search_term_string}"},"query-input":{"@type":"PropertyValueSpecification","valueRequired":true,"valueName":"search_term_string"}}],"inLanguage":"es"},{"@type":"Organization","@id":"https:\/\/nghiepxuan.com\/es\/#organization","name":"Nghiep Xuan - Agricultural Import and Export","url":"https:\/\/nghiepxuan.com\/es\/","logo":{"@type":"ImageObject","inLanguage":"es","@id":"https:\/\/nghiepxuan.com\/es\/#\/schema\/logo\/image\/","url":"https:\/\/nghiepxuan.com\/wp-content\/uploads\/2025\/04\/Nghiep-Xuan-Logo-4.png","contentUrl":"https:\/\/nghiepxuan.com\/wp-content\/uploads\/2025\/04\/Nghiep-Xuan-Logo-4.png","width":4167,"height":1015,"caption":"Nghiep Xuan - Agricultural Import and Export"},"image":{"@id":"https:\/\/nghiepxuan.com\/es\/#\/schema\/logo\/image\/"},"sameAs":["https:\/\/www.facebook.com\/nongsannghiepxuan\/","https:\/\/x.com\/PhuTonBui","https:\/\/www.instagram.com\/xuatnhapkhaunghiepxuan\/","https:\/\/www.youtube.com\/@nongsannghiepxuan2066","https:\/\/www.tiktok.com\/@nghiepxuan"]}]}},"_links":{"self":[{"href":"https:\/\/nghiepxuan.com\/es\/wp-json\/wp\/v2\/product\/10071","targetHints":{"allow":["GET"]}}],"collection":[{"href":"https:\/\/nghiepxuan.com\/es\/wp-json\/wp\/v2\/product"}],"about":[{"href":"https:\/\/nghiepxuan.com\/es\/wp-json\/wp\/v2\/types\/product"}],"replies":[{"embeddable":true,"href":"https:\/\/nghiepxuan.com\/es\/wp-json\/wp\/v2\/comments?post=10071"}],"version-history":[{"count":0,"href":"https:\/\/nghiepxuan.com\/es\/wp-json\/wp\/v2\/product\/10071\/revisions"}],"wp:featuredmedia":[{"embeddable":true,"href":"https:\/\/nghiepxuan.com\/es\/wp-json\/wp\/v2\/media\/10041"}],"wp:attachment":[{"href":"https:\/\/nghiepxuan.com\/es\/wp-json\/wp\/v2\/media?parent=10071"}],"wp:term":[{"taxonomy":"product_brand","embeddable":true,"href":"https:\/\/nghiepxuan.com\/es\/wp-json\/wp\/v2\/product_brand?post=10071"},{"taxonomy":"product_cat","embeddable":true,"href":"https:\/\/nghiepxuan.com\/es\/wp-json\/wp\/v2\/product_cat?post=10071"},{"taxonomy":"product_tag","embeddable":true,"href":"https:\/\/nghiepxuan.com\/es\/wp-json\/wp\/v2\/product_tag?post=10071"}],"curies":[{"name":"wp","href":"https:\/\/api.w.org\/{rel}","templated":true}]}}