{"id":10010,"date":"2026-04-30T04:15:57","date_gmt":"2026-04-30T04:15:57","guid":{"rendered":"https:\/\/nghiepxuan.com\/product\/hojas-de-pandan-congeladas-premium-calidad-exportacion-nghiep-xuan-vietnam\/"},"modified":"2026-04-30T04:15:57","modified_gmt":"2026-04-30T04:15:57","slug":"hojas-de-pandan-congeladas-premium-calidad-exportacion-nghiep-xuan-vietnam","status":"publish","type":"product","link":"https:\/\/nghiepxuan.com\/es\/product\/hojas-de-pandan-congeladas-premium-calidad-exportacion-nghiep-xuan-vietnam\/","title":{"rendered":"Hojas de Pandan Congeladas Premium &#8211; Calidad Exportaci\u00f3n | Nghiep Xuan Vietnam"},"content":{"rendered":"<h3 data-section-id=\"10rmw79\" data-start=\"336\" data-end=\"352\"><span role=\"text\"><strong data-start=\"340\" data-end=\"352\">Visi\u00f3n general<\/strong><\/span><\/h3>\n<p data-start=\"353\" data-end=\"566\">Nghiep Xuan ofrece <strong data-start=\"372\" data-end=\"423\">Hojas de Pandan Congeladas de primera calidad<\/strong>, obtenidas cuidadosamente en granjas seleccionadas de Vietnam y procesadas para conservar su <strong data-start=\"506\" data-end=\"565\">inconfundible aroma natural, su intenso color verde y su frescura<\/strong>.<\/p>\n<p data-start=\"568\" data-end=\"786\">Las hojas de pandan se utilizan mucho en las cocinas asi\u00e1ticas y en la industria alimentaria por su <strong data-start=\"650\" data-end=\"703\">fragancia \u00fanica y sus propiedades aromatizantes<\/strong> naturales, lo que las convierte en un ingrediente esencial para aplicaciones tradicionales y modernas.<\/p>\n<hr data-start=\"788\" data-end=\"791\">\n<h3 data-section-id=\"qn9rqt\" data-start=\"793\" data-end=\"816\"><span role=\"text\"><strong data-start=\"797\" data-end=\"816\">\ud83c\udf3f Caracter\u00edsticas principales<\/strong><\/span><\/h3>\n<ul data-start=\"817\" data-end=\"1165\">\n<li data-section-id=\"19j9mxo\" data-start=\"817\" data-end=\"875\"><strong data-start=\"819\" data-end=\"840\">Fragancia natural<\/strong> &#8211; Fuerte y caracter\u00edstico aroma a pandan<\/li>\n<li data-section-id=\"16zuj4u\" data-start=\"876\" data-end=\"928\"><strong data-start=\"878\" data-end=\"894\">100% Natural<\/strong> &#8211; Sin aditivos ni conservantes<\/li>\n<li data-section-id=\"5no7wm\" data-start=\"929\" data-end=\"992\"><strong data-start=\"931\" data-end=\"960\">Hojas cuidadosamente seleccionadas<\/strong> &#8211; Calidad y tama\u00f1o uniformes<\/li>\n<li data-section-id=\"3vyzgw\" data-start=\"993\" data-end=\"1054\"><strong data-start=\"995\" data-end=\"1030\">Higi\u00e9nicamente procesado y congelado<\/strong> &#8211; Mantiene la frescura<\/li>\n<li data-section-id=\"1ud62jk\" data-start=\"1055\" data-end=\"1110\"><strong data-start=\"1057\" data-end=\"1077\">Formatos flexibles<\/strong> &#8211; Hojas enteras o segmentos cortados<\/li>\n<li data-section-id=\"fbjd5c\" data-start=\"1111\" data-end=\"1165\"><strong data-start=\"1113\" data-end=\"1134\">Suministro durante todo el a\u00f1o<\/strong> &#8211; Disponibilidad de exportaci\u00f3n estable<\/li>\n<\/ul>\n<hr data-start=\"1167\" data-end=\"1170\">\n<h3 data-section-id=\"f701lt\" data-start=\"1172\" data-end=\"1196\"><span role=\"text\"><strong data-start=\"1176\" data-end=\"1196\">\ud83c\udf7d\ufe0f Aplicaciones<\/strong><\/span><\/h3>\n<p data-start=\"1197\" data-end=\"1241\">Ideal para usos culinarios e industriales:<\/p>\n<ul data-start=\"1242\" data-end=\"1424\">\n<li data-section-id=\"whvlkx\" data-start=\"1242\" data-end=\"1291\">Postres (pasteles, gelatinas, dulces a base de coco)<\/li>\n<li data-section-id=\"1gp25n\" data-start=\"1292\" data-end=\"1325\">Bebidas y extractos arom\u00e1ticos<\/li>\n<li data-section-id=\"thzov3\" data-start=\"1326\" data-end=\"1371\">Arroces y cocina tradicional asi\u00e1tica<\/li>\n<li data-section-id=\"4cn92w\" data-start=\"1372\" data-end=\"1424\">Elaboraci\u00f3n de alimentos y producci\u00f3n de aromas naturales<\/li>\n<\/ul>\n<hr data-start=\"1426\" data-end=\"1429\">\n<h3 data-section-id=\"grum48\" data-start=\"1431\" data-end=\"1464\"><span role=\"text\"><strong data-start=\"1435\" data-end=\"1464\">\ud83d\udce6 Especificaciones del producto<\/strong><\/span><\/h3>\n<ul data-start=\"1465\" data-end=\"1723\">\n<li data-section-id=\"1v6jtqa\" data-start=\"1465\" data-end=\"1521\"><strong data-start=\"1467\" data-end=\"1484\">Tipo de producto:<\/strong> Hojas de Pandan Congeladas (Enteras \/ Cortadas)<\/li>\n<li data-section-id=\"yjfiup\" data-start=\"1522\" data-end=\"1558\"><strong data-start=\"1524\" data-end=\"1539\">Procesado:<\/strong> Limpiado y congelado<\/li>\n<li data-section-id=\"895jai\" data-start=\"1559\" data-end=\"1582\"><strong data-start=\"1561\" data-end=\"1572\">Origen:<\/strong> Vietnam<\/li>\n<li data-section-id=\"5d1acd\" data-start=\"1583\" data-end=\"1624\"><strong data-start=\"1585\" data-end=\"1600\">Caducidad:<\/strong> 18-24 meses a -18\u00b0C<\/li>\n<li data-section-id=\"hpqp2v\" data-start=\"1625\" data-end=\"1676\"><strong data-start=\"1627\" data-end=\"1641\">Envasado:<\/strong> A granel \/ Minorista \/ Personalizable OEM<\/li>\n<li data-section-id=\"163cxhx\" data-start=\"1677\" data-end=\"1723\"><strong data-start=\"1679\" data-end=\"1698\">Certificaciones:<\/strong> Disponibles previa solicitud<\/li>\n<\/ul>\n<hr data-start=\"1725\" data-end=\"1728\">\n<h3 data-section-id=\"1a272qi\" data-start=\"1730\" data-end=\"1764\"><span role=\"text\"><strong data-start=\"1734\" data-end=\"1764\">\ud83d\ude9a \u00bfPor qu\u00e9 elegir Nghiep Xuan?<\/strong><\/span><\/h3>\n<ul data-start=\"1765\" data-end=\"2025\">\n<li data-section-id=\"1ekon5q\" data-start=\"1765\" data-end=\"1833\"><strong data-start=\"1776\" data-end=\"1831\">Exportador vietnamita<\/strong> fiable <strong data-start=\"1776\" data-end=\"1831\">de productos agr\u00edcolas congelados<\/strong><\/li>\n<li data-section-id=\"ptoj8u\" data-start=\"1834\" data-end=\"1891\">S\u00f3lido <strong data-start=\"1843\" data-end=\"1889\">sistema de cadena de fr\u00edo que garantiza la calidad del producto<\/strong><\/li>\n<li data-section-id=\"2vrydr\" data-start=\"1892\" data-end=\"1938\"><strong data-start=\"1905\" data-end=\"1936\">Aroma, color y frescura<\/strong> constantes<\/li>\n<li data-section-id=\"yfb7h\" data-start=\"1939\" data-end=\"1985\"><strong data-start=\"1950\" data-end=\"1983\">Soluciones<\/strong> flexibles <strong data-start=\"1950\" data-end=\"1983\">OEM y de marca blanca<\/strong><\/li>\n<li data-section-id=\"8exddf\" data-start=\"1986\" data-end=\"2025\"><strong data-start=\"1998\" data-end=\"2023\">Enfoque de asociaci\u00f3n B2B<\/strong> a largo plazo<\/li>\n<\/ul>\n<hr data-start=\"2027\" data-end=\"2030\">\n<h3 data-section-id=\"sirax1\" data-start=\"2032\" data-end=\"2054\"><span role=\"text\"><strong data-start=\"2036\" data-end=\"2054\">\ud83d\udce9 Consulta CTA<\/strong><\/span><\/h3>\n<p data-start=\"2055\" data-end=\"2200\">\u00bfBuscas un proveedor de confianza de hojas de pandan congeladas?<br data-start=\"2110\" data-end=\"2113\">\ud83d\udc49 Ponte en contacto con Nghiep Xuan hoy mismo para obtener un <strong data-start=\"2146\" data-end=\"2199\">presupuesto, muestras y oportunidades de cooperaci\u00f3n<\/strong>.<\/p>\n<p data-start=\"2055\" data-end=\"2200\">Correo electr\u00f3nico: info@nghiepxuan.com || WhatsApp\/Viber\/Zalo\/Wechat\/Hotline: +84939 345 598<\/p>\n","protected":false},"excerpt":{"rendered":"<p>Hojas de pandan congeladas de alta calidad para postres y elaboraci\u00f3n de alimentos. Fuerte aroma, suministro constante, listas para la exportaci\u00f3n. Pide presupuesto a Nghiep Xuan.  <\/p>\n","protected":false},"featured_media":9985,"comment_status":"open","ping_status":"closed","template":"","meta":{"content-type":""},"product_brand":[],"product_cat":[424],"product_tag":[1132,1200,1131,1187],"class_list":{"0":"post-10010","1":"product","2":"type-product","3":"status-publish","4":"has-post-thumbnail","6":"product_cat-frozen-es","7":"product_tag-fruta-congelada-vietnam","8":"product_tag-hojas-de-padan-congeladas","9":"product_tag-producto-congelado","10":"product_tag-productos-congelados-vietnam","12":"first","13":"instock","14":"shipping-taxable","15":"product-type-simple"},"yoast_head":"<!-- This site is optimized with the Yoast SEO plugin v26.9 - https:\/\/yoast.com\/product\/yoast-seo-wordpress\/ -->\n<title>Hojas de Pandan Congeladas Premium - Calidad Exportaci\u00f3n | Nghiep Xuan Vietnam - Nghiep Xuan - Importaci\u00f3n y Exportaci\u00f3n Agr\u00edcola<\/title>\n<meta name=\"description\" content=\"Hojas de pandan congeladas de primera calidad procedentes de Vietnam. Aroma natural, calidad alimentaria, suministro a granel y envasado OEM. Ponte en contacto con Nghiep Xuan para pedir presupuesto.\" \/>\n<meta name=\"robots\" content=\"index, follow, max-snippet:-1, max-image-preview:large, max-video-preview:-1\" \/>\n<link rel=\"canonical\" href=\"https:\/\/nghiepxuan.com\/es\/product\/hojas-de-pandan-congeladas-premium-calidad-exportacion-nghiep-xuan-vietnam\/\" \/>\n<meta property=\"og:locale\" content=\"es_ES\" \/>\n<meta property=\"og:type\" content=\"article\" \/>\n<meta property=\"og:title\" content=\"Hojas de Pandan Congeladas Premium - Calidad Exportaci\u00f3n | Nghiep Xuan Vietnam - Nghiep Xuan - Importaci\u00f3n y Exportaci\u00f3n Agr\u00edcola\" \/>\n<meta property=\"og:description\" content=\"Hojas de pandan congeladas de primera calidad procedentes de Vietnam. Aroma natural, calidad alimentaria, suministro a granel y envasado OEM. Ponte en contacto con Nghiep Xuan para pedir presupuesto.\" \/>\n<meta property=\"og:url\" content=\"https:\/\/nghiepxuan.com\/es\/product\/hojas-de-pandan-congeladas-premium-calidad-exportacion-nghiep-xuan-vietnam\/\" \/>\n<meta property=\"og:site_name\" content=\"Nghiep Xuan - Importaci\u00f3n y Exportaci\u00f3n Agr\u00edcola\" \/>\n<meta property=\"article:publisher\" content=\"https:\/\/www.facebook.com\/nongsannghiepxuan\/\" \/>\n<meta property=\"og:image\" content=\"https:\/\/nghiepxuan.com\/wp-content\/uploads\/2026\/04\/JPEG-image-4178-93B0-A5-0-scaled.jpeg\" \/>\n\t<meta property=\"og:image:width\" content=\"1920\" \/>\n\t<meta property=\"og:image:height\" content=\"2560\" \/>\n\t<meta property=\"og:image:type\" content=\"image\/jpeg\" \/>\n<meta name=\"twitter:card\" content=\"summary_large_image\" \/>\n<meta name=\"twitter:site\" content=\"@PhuTonBui\" \/>\n<meta name=\"twitter:label1\" content=\"Tiempo de lectura\" \/>\n\t<meta name=\"twitter:data1\" content=\"1 minuto\" \/>\n<script type=\"application\/ld+json\" class=\"yoast-schema-graph\">{\"@context\":\"https:\/\/schema.org\",\"@graph\":[{\"@type\":\"WebPage\",\"@id\":\"https:\/\/nghiepxuan.com\/es\/product\/hojas-de-pandan-congeladas-premium-calidad-exportacion-nghiep-xuan-vietnam\/\",\"url\":\"https:\/\/nghiepxuan.com\/es\/product\/hojas-de-pandan-congeladas-premium-calidad-exportacion-nghiep-xuan-vietnam\/\",\"name\":\"Hojas de Pandan Congeladas Premium - Calidad Exportaci\u00f3n | Nghiep Xuan Vietnam - Nghiep Xuan - Importaci\u00f3n y Exportaci\u00f3n Agr\u00edcola\",\"isPartOf\":{\"@id\":\"https:\/\/nghiepxuan.com\/es\/#website\"},\"primaryImageOfPage\":{\"@id\":\"https:\/\/nghiepxuan.com\/es\/product\/hojas-de-pandan-congeladas-premium-calidad-exportacion-nghiep-xuan-vietnam\/#primaryimage\"},\"image\":{\"@id\":\"https:\/\/nghiepxuan.com\/es\/product\/hojas-de-pandan-congeladas-premium-calidad-exportacion-nghiep-xuan-vietnam\/#primaryimage\"},\"thumbnailUrl\":\"https:\/\/nghiepxuan.com\/wp-content\/uploads\/2026\/04\/JPEG-image-4178-93B0-A5-0-scaled.jpeg\",\"datePublished\":\"2026-04-30T04:15:57+00:00\",\"description\":\"Hojas de pandan congeladas de primera calidad procedentes de Vietnam. Aroma natural, calidad alimentaria, suministro a granel y envasado OEM. Ponte en contacto con Nghiep Xuan para pedir presupuesto.\",\"breadcrumb\":{\"@id\":\"https:\/\/nghiepxuan.com\/es\/product\/hojas-de-pandan-congeladas-premium-calidad-exportacion-nghiep-xuan-vietnam\/#breadcrumb\"},\"inLanguage\":\"es\",\"potentialAction\":[{\"@type\":\"ReadAction\",\"target\":[\"https:\/\/nghiepxuan.com\/es\/product\/hojas-de-pandan-congeladas-premium-calidad-exportacion-nghiep-xuan-vietnam\/\"]}]},{\"@type\":\"ImageObject\",\"inLanguage\":\"es\",\"@id\":\"https:\/\/nghiepxuan.com\/es\/product\/hojas-de-pandan-congeladas-premium-calidad-exportacion-nghiep-xuan-vietnam\/#primaryimage\",\"url\":\"https:\/\/nghiepxuan.com\/wp-content\/uploads\/2026\/04\/JPEG-image-4178-93B0-A5-0-scaled.jpeg\",\"contentUrl\":\"https:\/\/nghiepxuan.com\/wp-content\/uploads\/2026\/04\/JPEG-image-4178-93B0-A5-0-scaled.jpeg\",\"width\":1920,\"height\":2560,\"caption\":\"Frozen padan leaves\"},{\"@type\":\"BreadcrumbList\",\"@id\":\"https:\/\/nghiepxuan.com\/es\/product\/hojas-de-pandan-congeladas-premium-calidad-exportacion-nghiep-xuan-vietnam\/#breadcrumb\",\"itemListElement\":[{\"@type\":\"ListItem\",\"position\":1,\"name\":\"Home\",\"item\":\"https:\/\/nghiepxuan.com\/es\/\"},{\"@type\":\"ListItem\",\"position\":2,\"name\":\"Tienda\",\"item\":\"https:\/\/nghiepxuan.com\/es\/shop\/\"},{\"@type\":\"ListItem\",\"position\":3,\"name\":\"Hojas de Pandan Congeladas Premium &#8211; Calidad Exportaci\u00f3n | Nghiep Xuan Vietnam\"}]},{\"@type\":\"WebSite\",\"@id\":\"https:\/\/nghiepxuan.com\/es\/#website\",\"url\":\"https:\/\/nghiepxuan.com\/es\/\",\"name\":\"Nghiep Xuan - Agricultural Import and Export\",\"description\":\"Nutriendo la naturaleza, cosechando salud: su destino de estilo de vida org\u00e1nico\",\"publisher\":{\"@id\":\"https:\/\/nghiepxuan.com\/es\/#organization\"},\"potentialAction\":[{\"@type\":\"SearchAction\",\"target\":{\"@type\":\"EntryPoint\",\"urlTemplate\":\"https:\/\/nghiepxuan.com\/es\/?s={search_term_string}\"},\"query-input\":{\"@type\":\"PropertyValueSpecification\",\"valueRequired\":true,\"valueName\":\"search_term_string\"}}],\"inLanguage\":\"es\"},{\"@type\":\"Organization\",\"@id\":\"https:\/\/nghiepxuan.com\/es\/#organization\",\"name\":\"Nghiep Xuan - Agricultural Import and Export\",\"url\":\"https:\/\/nghiepxuan.com\/es\/\",\"logo\":{\"@type\":\"ImageObject\",\"inLanguage\":\"es\",\"@id\":\"https:\/\/nghiepxuan.com\/es\/#\/schema\/logo\/image\/\",\"url\":\"https:\/\/nghiepxuan.com\/wp-content\/uploads\/2025\/04\/Nghiep-Xuan-Logo-4.png\",\"contentUrl\":\"https:\/\/nghiepxuan.com\/wp-content\/uploads\/2025\/04\/Nghiep-Xuan-Logo-4.png\",\"width\":4167,\"height\":1015,\"caption\":\"Nghiep Xuan - Agricultural Import and Export\"},\"image\":{\"@id\":\"https:\/\/nghiepxuan.com\/es\/#\/schema\/logo\/image\/\"},\"sameAs\":[\"https:\/\/www.facebook.com\/nongsannghiepxuan\/\",\"https:\/\/x.com\/PhuTonBui\",\"https:\/\/www.instagram.com\/xuatnhapkhaunghiepxuan\/\",\"https:\/\/www.youtube.com\/@nongsannghiepxuan2066\",\"https:\/\/www.tiktok.com\/@nghiepxuan\"]}]}<\/script>\n<!-- \/ Yoast SEO plugin. -->","yoast_head_json":{"title":"Hojas de Pandan Congeladas Premium - Calidad Exportaci\u00f3n | Nghiep Xuan Vietnam - Nghiep Xuan - Importaci\u00f3n y Exportaci\u00f3n Agr\u00edcola","description":"Hojas de pandan congeladas de primera calidad procedentes de Vietnam. Aroma natural, calidad alimentaria, suministro a granel y envasado OEM. Ponte en contacto con Nghiep Xuan para pedir presupuesto.","robots":{"index":"index","follow":"follow","max-snippet":"max-snippet:-1","max-image-preview":"max-image-preview:large","max-video-preview":"max-video-preview:-1"},"canonical":"https:\/\/nghiepxuan.com\/es\/product\/hojas-de-pandan-congeladas-premium-calidad-exportacion-nghiep-xuan-vietnam\/","og_locale":"es_ES","og_type":"article","og_title":"Hojas de Pandan Congeladas Premium - Calidad Exportaci\u00f3n | Nghiep Xuan Vietnam - Nghiep Xuan - Importaci\u00f3n y Exportaci\u00f3n Agr\u00edcola","og_description":"Hojas de pandan congeladas de primera calidad procedentes de Vietnam. Aroma natural, calidad alimentaria, suministro a granel y envasado OEM. Ponte en contacto con Nghiep Xuan para pedir presupuesto.","og_url":"https:\/\/nghiepxuan.com\/es\/product\/hojas-de-pandan-congeladas-premium-calidad-exportacion-nghiep-xuan-vietnam\/","og_site_name":"Nghiep Xuan - Importaci\u00f3n y Exportaci\u00f3n Agr\u00edcola","article_publisher":"https:\/\/www.facebook.com\/nongsannghiepxuan\/","og_image":[{"width":1920,"height":2560,"url":"https:\/\/nghiepxuan.com\/wp-content\/uploads\/2026\/04\/JPEG-image-4178-93B0-A5-0-scaled.jpeg","type":"image\/jpeg"}],"twitter_card":"summary_large_image","twitter_site":"@PhuTonBui","twitter_misc":{"Tiempo de lectura":"1 minuto"},"schema":{"@context":"https:\/\/schema.org","@graph":[{"@type":"WebPage","@id":"https:\/\/nghiepxuan.com\/es\/product\/hojas-de-pandan-congeladas-premium-calidad-exportacion-nghiep-xuan-vietnam\/","url":"https:\/\/nghiepxuan.com\/es\/product\/hojas-de-pandan-congeladas-premium-calidad-exportacion-nghiep-xuan-vietnam\/","name":"Hojas de Pandan Congeladas Premium - Calidad Exportaci\u00f3n | Nghiep Xuan Vietnam - Nghiep Xuan - Importaci\u00f3n y Exportaci\u00f3n Agr\u00edcola","isPartOf":{"@id":"https:\/\/nghiepxuan.com\/es\/#website"},"primaryImageOfPage":{"@id":"https:\/\/nghiepxuan.com\/es\/product\/hojas-de-pandan-congeladas-premium-calidad-exportacion-nghiep-xuan-vietnam\/#primaryimage"},"image":{"@id":"https:\/\/nghiepxuan.com\/es\/product\/hojas-de-pandan-congeladas-premium-calidad-exportacion-nghiep-xuan-vietnam\/#primaryimage"},"thumbnailUrl":"https:\/\/nghiepxuan.com\/wp-content\/uploads\/2026\/04\/JPEG-image-4178-93B0-A5-0-scaled.jpeg","datePublished":"2026-04-30T04:15:57+00:00","description":"Hojas de pandan congeladas de primera calidad procedentes de Vietnam. Aroma natural, calidad alimentaria, suministro a granel y envasado OEM. Ponte en contacto con Nghiep Xuan para pedir presupuesto.","breadcrumb":{"@id":"https:\/\/nghiepxuan.com\/es\/product\/hojas-de-pandan-congeladas-premium-calidad-exportacion-nghiep-xuan-vietnam\/#breadcrumb"},"inLanguage":"es","potentialAction":[{"@type":"ReadAction","target":["https:\/\/nghiepxuan.com\/es\/product\/hojas-de-pandan-congeladas-premium-calidad-exportacion-nghiep-xuan-vietnam\/"]}]},{"@type":"ImageObject","inLanguage":"es","@id":"https:\/\/nghiepxuan.com\/es\/product\/hojas-de-pandan-congeladas-premium-calidad-exportacion-nghiep-xuan-vietnam\/#primaryimage","url":"https:\/\/nghiepxuan.com\/wp-content\/uploads\/2026\/04\/JPEG-image-4178-93B0-A5-0-scaled.jpeg","contentUrl":"https:\/\/nghiepxuan.com\/wp-content\/uploads\/2026\/04\/JPEG-image-4178-93B0-A5-0-scaled.jpeg","width":1920,"height":2560,"caption":"Frozen padan leaves"},{"@type":"BreadcrumbList","@id":"https:\/\/nghiepxuan.com\/es\/product\/hojas-de-pandan-congeladas-premium-calidad-exportacion-nghiep-xuan-vietnam\/#breadcrumb","itemListElement":[{"@type":"ListItem","position":1,"name":"Home","item":"https:\/\/nghiepxuan.com\/es\/"},{"@type":"ListItem","position":2,"name":"Tienda","item":"https:\/\/nghiepxuan.com\/es\/shop\/"},{"@type":"ListItem","position":3,"name":"Hojas de Pandan Congeladas Premium &#8211; Calidad Exportaci\u00f3n | Nghiep Xuan Vietnam"}]},{"@type":"WebSite","@id":"https:\/\/nghiepxuan.com\/es\/#website","url":"https:\/\/nghiepxuan.com\/es\/","name":"Nghiep Xuan - Agricultural Import and Export","description":"Nutriendo la naturaleza, cosechando salud: su destino de estilo de vida org\u00e1nico","publisher":{"@id":"https:\/\/nghiepxuan.com\/es\/#organization"},"potentialAction":[{"@type":"SearchAction","target":{"@type":"EntryPoint","urlTemplate":"https:\/\/nghiepxuan.com\/es\/?s={search_term_string}"},"query-input":{"@type":"PropertyValueSpecification","valueRequired":true,"valueName":"search_term_string"}}],"inLanguage":"es"},{"@type":"Organization","@id":"https:\/\/nghiepxuan.com\/es\/#organization","name":"Nghiep Xuan - Agricultural Import and Export","url":"https:\/\/nghiepxuan.com\/es\/","logo":{"@type":"ImageObject","inLanguage":"es","@id":"https:\/\/nghiepxuan.com\/es\/#\/schema\/logo\/image\/","url":"https:\/\/nghiepxuan.com\/wp-content\/uploads\/2025\/04\/Nghiep-Xuan-Logo-4.png","contentUrl":"https:\/\/nghiepxuan.com\/wp-content\/uploads\/2025\/04\/Nghiep-Xuan-Logo-4.png","width":4167,"height":1015,"caption":"Nghiep Xuan - Agricultural Import and Export"},"image":{"@id":"https:\/\/nghiepxuan.com\/es\/#\/schema\/logo\/image\/"},"sameAs":["https:\/\/www.facebook.com\/nongsannghiepxuan\/","https:\/\/x.com\/PhuTonBui","https:\/\/www.instagram.com\/xuatnhapkhaunghiepxuan\/","https:\/\/www.youtube.com\/@nongsannghiepxuan2066","https:\/\/www.tiktok.com\/@nghiepxuan"]}]}},"_links":{"self":[{"href":"https:\/\/nghiepxuan.com\/es\/wp-json\/wp\/v2\/product\/10010","targetHints":{"allow":["GET"]}}],"collection":[{"href":"https:\/\/nghiepxuan.com\/es\/wp-json\/wp\/v2\/product"}],"about":[{"href":"https:\/\/nghiepxuan.com\/es\/wp-json\/wp\/v2\/types\/product"}],"replies":[{"embeddable":true,"href":"https:\/\/nghiepxuan.com\/es\/wp-json\/wp\/v2\/comments?post=10010"}],"version-history":[{"count":0,"href":"https:\/\/nghiepxuan.com\/es\/wp-json\/wp\/v2\/product\/10010\/revisions"}],"wp:featuredmedia":[{"embeddable":true,"href":"https:\/\/nghiepxuan.com\/es\/wp-json\/wp\/v2\/media\/9985"}],"wp:attachment":[{"href":"https:\/\/nghiepxuan.com\/es\/wp-json\/wp\/v2\/media?parent=10010"}],"wp:term":[{"taxonomy":"product_brand","embeddable":true,"href":"https:\/\/nghiepxuan.com\/es\/wp-json\/wp\/v2\/product_brand?post=10010"},{"taxonomy":"product_cat","embeddable":true,"href":"https:\/\/nghiepxuan.com\/es\/wp-json\/wp\/v2\/product_cat?post=10010"},{"taxonomy":"product_tag","embeddable":true,"href":"https:\/\/nghiepxuan.com\/es\/wp-json\/wp\/v2\/product_tag?post=10010"}],"curies":[{"name":"wp","href":"https:\/\/api.w.org\/{rel}","templated":true}]}}