{"id":6395,"date":"2020-10-24T04:34:14","date_gmt":"2020-10-24T04:34:14","guid":{"rendered":"https:\/\/nxg.asia\/condiciones-generales\/"},"modified":"2025-04-09T11:46:07","modified_gmt":"2025-04-09T11:46:07","slug":"condiciones-generales","status":"publish","type":"page","link":"https:\/\/nghiepxuan.com\/es\/condiciones-generales\/","title":{"rendered":"Condiciones generales"},"content":{"rendered":"\t\t<div data-elementor-type=\"wp-page\" data-elementor-id=\"6395\" class=\"elementor elementor-6395 elementor-3711\">\n\t\t\t\t\t\t<section class=\"elementor-section elementor-top-section elementor-element elementor-element-0e0a1b6 elementor-section-boxed elementor-section-height-default elementor-section-height-default\" data-id=\"0e0a1b6\" data-element_type=\"section\" data-e-type=\"section\">\n\t\t\t\t\t\t<div class=\"elementor-container elementor-column-gap-no\">\n\t\t\t\t\t<div class=\"elementor-column elementor-col-100 elementor-top-column elementor-element elementor-element-df5a952\" data-id=\"df5a952\" data-element_type=\"column\" data-e-type=\"column\">\n\t\t\t<div class=\"elementor-widget-wrap elementor-element-populated\">\n\t\t\t\t\t\t<div class=\"elementor-element elementor-element-7e23e95 elementor-widget elementor-widget-text-editor\" data-id=\"7e23e95\" data-element_type=\"widget\" data-e-type=\"widget\" data-widget_type=\"text-editor.default\">\n\t\t\t\t<div class=\"elementor-widget-container\">\n\t\t\t\t\t\t\t\t\t<p>\u00a1Bienvenido a Nghiep Xuan ! Estos t\u00e9rminos y condiciones describen las normas y reglamentos de uso de nuestro sitio web, ubicado en <a href=\"https:\/\/nghiepxuan.com\/es\/\" target=\"_new\">www.nghiepxuan.com.<\/a>  Al acceder a este sitio web, asumimos que acepta estos t\u00e9rminos y condiciones. No sigas utilizando Nghiep Xuan si no est\u00e1s de acuerdo en aceptar todos los t\u00e9rminos y condiciones establecidos en esta p\u00e1gina.<\/p>\t\t\t\t\t\t\t\t<\/div>\n\t\t\t\t<\/div>\n\t\t\t\t\t<\/div>\n\t\t<\/div>\n\t\t\t\t\t<\/div>\n\t\t<\/section>\n\t\t\t\t<section class=\"elementor-section elementor-top-section elementor-element elementor-element-a5635eb elementor-section-boxed elementor-section-height-default elementor-section-height-default\" data-id=\"a5635eb\" data-element_type=\"section\" data-e-type=\"section\">\n\t\t\t\t\t\t<div class=\"elementor-container elementor-column-gap-no\">\n\t\t\t\t\t<div class=\"elementor-column elementor-col-100 elementor-top-column elementor-element elementor-element-d39d5fe\" data-id=\"d39d5fe\" data-element_type=\"column\" data-e-type=\"column\">\n\t\t\t<div class=\"elementor-widget-wrap elementor-element-populated\">\n\t\t\t\t\t\t<div class=\"elementor-element elementor-element-1d530ed elementor-widget elementor-widget-text-editor\" data-id=\"1d530ed\" data-element_type=\"widget\" data-e-type=\"widget\" data-widget_type=\"text-editor.default\">\n\t\t\t\t<div class=\"elementor-widget-container\">\n\t\t\t\t\t\t\t\t\t<h3>1. <strong>Licencia de uso<\/strong><\/h3><p>1.1 Debe tener al menos 18 a\u00f1os para utilizar este sitio web. Al utilizar este sitio web y aceptar estos t\u00e9rminos y condiciones, usted garantiza y declara que tiene al menos 18 a\u00f1os de edad.<\/p><p>1.2 A menos que se indique lo contrario, Nghiep Xuan y\/o sus licenciantes poseen los derechos de propiedad intelectual de todo el material de Nghiep Xuan. Reservados todos los derechos de propiedad intelectual. Puedes ver y\/o imprimir p\u00e1ginas de <a href=\"https:\/\/nghiepxuan.com\/es\/\" target=\"_new\">www.nghiepxuan.com<\/a> para tu uso personal sujeto a las restricciones establecidas en estos t\u00e9rminos y condiciones.<\/p><h3>2. <strong>Restricciones<\/strong><\/h3><p>2.1 Usted est\u00e1 espec\u00edficamente restringido de todo lo siguiente:<\/p><p>a) Publicar cualquier material de Nghiep Xuan en cualquier otro medio.<\/p><p>b) Vender, sublicenciar y\/o comercializar de otro modo cualquier material de Nghiep Xuan.<\/p><p>c) Representar y\/o mostrar p\u00fablicamente cualquier material de Nghiep Xuan.<\/p><p>d) Utilizar este sitio web de cualquier forma que sea o pueda ser perjudicial para el mismo.<\/p><p>e) Utilizar este sitio web de forma contraria a las leyes y normativas aplicables o de manera que cause o pueda causar da\u00f1os al sitio web o a cualquier persona o entidad comercial.<\/p><p>2.2 Ciertas \u00e1reas de este sitio web tienen restringido el acceso por tu parte y Nghiep Xuan puede restringir a\u00fan m\u00e1s el acceso por tu parte a cualquier \u00e1rea de este sitio web, en cualquier momento, a su absoluta discreci\u00f3n. Cualquier identificaci\u00f3n de usuario y contrase\u00f1a que pueda tener para este sitio web son confidenciales y debe mantener la confidencialidad tambi\u00e9n.<\/p><h3>3. <strong>Su contenido<\/strong><\/h3><p>3.1 En las presentes condiciones, se entender\u00e1 por &#8220;su contenido&#8221; cualquier audio, v\u00eddeo, texto, imagen u otro material que decida mostrar en este sitio web. Al mostrar Tu Contenido, concedes a Nghiep Xuan una licencia no exclusiva, mundial, irrevocable y sublicenciable para utilizarlo, reproducirlo, adaptarlo, publicarlo, traducirlo y distribuirlo en cualquier medio.<\/p><h3>4. <strong>Sin garant\u00edas<\/strong><\/h3><p>Este sitio web se proporciona &#8220;tal cual&#8221;, con todos los defectos, y Nghiep Xuan no hace representaciones o garant\u00edas expresas o impl\u00edcitas, de ning\u00fan tipo, relacionadas con este sitio web o con los materiales contenidos en \u00e9l. Adem\u00e1s, nada de lo contenido en este sitio web se interpretar\u00e1 como una consulta o asesoramiento para usted.<\/p><h3>5. <strong>5. Limitaci\u00f3n de responsabilidad<\/strong><\/h3><p>En ning\u00fan caso Nghiep Xuan, ni ninguno de sus directivos, directores y empleados, ser\u00e1n responsables de nada que se derive o est\u00e9 relacionado de alg\u00fan modo con tu uso de este sitio web. Nghiep Xuan no ser\u00e1 responsable de ninguna responsabilidad indirecta, consecuente o especial derivada o relacionada de alg\u00fan modo con tu uso de este sitio web. <\/p><h3>6. <strong>Indemnizaci\u00f3n<\/strong><\/h3><p>Por la presente indemnizas al m\u00e1ximo a Nghiep Xuan de y contra cualquier y\/o todas las responsabilidades, costes, demandas, causas de acci\u00f3n, da\u00f1os y gastos que surjan de cualquier forma relacionados con tu incumplimiento de cualquiera de las disposiciones de estos t\u00e9rminos.<\/p><h3>7. <strong>Divisibilidad<\/strong><\/h3><p>Si alguna disposici\u00f3n de estas condiciones se considera inv\u00e1lida en virtud de la legislaci\u00f3n aplicable, dicha disposici\u00f3n se suprimir\u00e1 sin que ello afecte a las disposiciones restantes.<\/p><p>Al utilizar este sitio web, usted acepta cumplir estas condiciones. Si no est\u00e1 de acuerdo con estas condiciones, abst\u00e9ngase de utilizar nuestro sitio web.<\/p>\t\t\t\t\t\t\t\t<\/div>\n\t\t\t\t<\/div>\n\t\t\t\t\t<\/div>\n\t\t<\/div>\n\t\t\t\t\t<\/div>\n\t\t<\/section>\n\t\t\t\t<\/div>\n\t\t","protected":false},"excerpt":{"rendered":"<p>\u00a1Bienvenido a Nghiep Xuan ! Estos t\u00e9rminos y condiciones describen las normas y reglamentos de uso de nuestro sitio web, ubicado en www.nghiepxuan.com. Al acceder a este sitio web, asumimos que acepta estos t\u00e9rminos y condiciones. No sigas utilizando Nghiep Xuan si no est\u00e1s de acuerdo en aceptar todos los t\u00e9rminos y condiciones establecidos en &hellip; <a href=\"https:\/\/nghiepxuan.com\/es\/condiciones-generales\/\" class=\"more-link\">Seguir leyendo <span class=\"screen-reader-text\">Condiciones generales<\/span><\/a><\/p>\n","protected":false},"author":1,"featured_media":0,"parent":0,"menu_order":0,"comment_status":"closed","ping_status":"closed","template":"","meta":{"content-type":"","footnotes":""},"class_list":["post-6395","page","type-page","status-publish","hentry"],"yoast_head":"<!-- This site is optimized with the Yoast SEO plugin v26.9 - https:\/\/yoast.com\/product\/yoast-seo-wordpress\/ -->\n<title>Condiciones generales - Nghiep Xuan - Importaci\u00f3n y Exportaci\u00f3n Agr\u00edcola<\/title>\n<meta name=\"robots\" content=\"index, follow, max-snippet:-1, max-image-preview:large, max-video-preview:-1\" \/>\n<link rel=\"canonical\" href=\"https:\/\/nghiepxuan.com\/es\/condiciones-generales\/\" \/>\n<meta property=\"og:locale\" content=\"es_ES\" \/>\n<meta property=\"og:type\" content=\"article\" \/>\n<meta property=\"og:title\" content=\"Condiciones generales - Nghiep Xuan - Importaci\u00f3n y Exportaci\u00f3n Agr\u00edcola\" \/>\n<meta property=\"og:description\" content=\"\u00a1Bienvenido a Nghiep Xuan ! Estos t\u00e9rminos y condiciones describen las normas y reglamentos de uso de nuestro sitio web, ubicado en www.nghiepxuan.com. Al acceder a este sitio web, asumimos que acepta estos t\u00e9rminos y condiciones. No sigas utilizando Nghiep Xuan si no est\u00e1s de acuerdo en aceptar todos los t\u00e9rminos y condiciones establecidos en &hellip; Seguir leyendo Condiciones generales\" \/>\n<meta property=\"og:url\" content=\"https:\/\/nghiepxuan.com\/es\/condiciones-generales\/\" \/>\n<meta property=\"og:site_name\" content=\"Nghiep Xuan - Importaci\u00f3n y Exportaci\u00f3n Agr\u00edcola\" \/>\n<meta property=\"article:publisher\" content=\"https:\/\/www.facebook.com\/nongsannghiepxuan\/\" \/>\n<meta property=\"article:modified_time\" content=\"2025-04-09T11:46:07+00:00\" \/>\n<meta name=\"twitter:card\" content=\"summary_large_image\" \/>\n<meta name=\"twitter:site\" content=\"@PhuTonBui\" \/>\n<meta name=\"twitter:label1\" content=\"Tiempo de lectura\" \/>\n\t<meta name=\"twitter:data1\" content=\"3 minutos\" \/>\n<script type=\"application\/ld+json\" class=\"yoast-schema-graph\">{\"@context\":\"https:\/\/schema.org\",\"@graph\":[{\"@type\":\"WebPage\",\"@id\":\"https:\/\/nghiepxuan.com\/es\/condiciones-generales\/\",\"url\":\"https:\/\/nghiepxuan.com\/es\/condiciones-generales\/\",\"name\":\"Condiciones generales - Nghiep Xuan - Importaci\u00f3n y Exportaci\u00f3n Agr\u00edcola\",\"isPartOf\":{\"@id\":\"https:\/\/nghiepxuan.com\/es\/#website\"},\"datePublished\":\"2020-10-24T04:34:14+00:00\",\"dateModified\":\"2025-04-09T11:46:07+00:00\",\"breadcrumb\":{\"@id\":\"https:\/\/nghiepxuan.com\/es\/condiciones-generales\/#breadcrumb\"},\"inLanguage\":\"es\",\"potentialAction\":[{\"@type\":\"ReadAction\",\"target\":[\"https:\/\/nghiepxuan.com\/es\/condiciones-generales\/\"]}]},{\"@type\":\"BreadcrumbList\",\"@id\":\"https:\/\/nghiepxuan.com\/es\/condiciones-generales\/#breadcrumb\",\"itemListElement\":[{\"@type\":\"ListItem\",\"position\":1,\"name\":\"Home\",\"item\":\"https:\/\/nghiepxuan.com\/es\/\"},{\"@type\":\"ListItem\",\"position\":2,\"name\":\"Condiciones generales\"}]},{\"@type\":\"WebSite\",\"@id\":\"https:\/\/nghiepxuan.com\/es\/#website\",\"url\":\"https:\/\/nghiepxuan.com\/es\/\",\"name\":\"Nghiep Xuan - Agricultural Import and Export\",\"description\":\"Nutriendo la naturaleza, cosechando salud: su destino de estilo de vida org\u00e1nico\",\"publisher\":{\"@id\":\"https:\/\/nghiepxuan.com\/es\/#organization\"},\"potentialAction\":[{\"@type\":\"SearchAction\",\"target\":{\"@type\":\"EntryPoint\",\"urlTemplate\":\"https:\/\/nghiepxuan.com\/es\/?s={search_term_string}\"},\"query-input\":{\"@type\":\"PropertyValueSpecification\",\"valueRequired\":true,\"valueName\":\"search_term_string\"}}],\"inLanguage\":\"es\"},{\"@type\":\"Organization\",\"@id\":\"https:\/\/nghiepxuan.com\/es\/#organization\",\"name\":\"Nghiep Xuan - Agricultural Import and Export\",\"url\":\"https:\/\/nghiepxuan.com\/es\/\",\"logo\":{\"@type\":\"ImageObject\",\"inLanguage\":\"es\",\"@id\":\"https:\/\/nghiepxuan.com\/es\/#\/schema\/logo\/image\/\",\"url\":\"https:\/\/nghiepxuan.com\/wp-content\/uploads\/2025\/04\/Nghiep-Xuan-Logo-4.png\",\"contentUrl\":\"https:\/\/nghiepxuan.com\/wp-content\/uploads\/2025\/04\/Nghiep-Xuan-Logo-4.png\",\"width\":4167,\"height\":1015,\"caption\":\"Nghiep Xuan - Agricultural Import and Export\"},\"image\":{\"@id\":\"https:\/\/nghiepxuan.com\/es\/#\/schema\/logo\/image\/\"},\"sameAs\":[\"https:\/\/www.facebook.com\/nongsannghiepxuan\/\",\"https:\/\/x.com\/PhuTonBui\",\"https:\/\/www.instagram.com\/xuatnhapkhaunghiepxuan\/\",\"https:\/\/www.youtube.com\/@nongsannghiepxuan2066\",\"https:\/\/www.tiktok.com\/@nghiepxuan\"]}]}<\/script>\n<!-- \/ Yoast SEO plugin. -->","yoast_head_json":{"title":"Condiciones generales - Nghiep Xuan - Importaci\u00f3n y Exportaci\u00f3n Agr\u00edcola","robots":{"index":"index","follow":"follow","max-snippet":"max-snippet:-1","max-image-preview":"max-image-preview:large","max-video-preview":"max-video-preview:-1"},"canonical":"https:\/\/nghiepxuan.com\/es\/condiciones-generales\/","og_locale":"es_ES","og_type":"article","og_title":"Condiciones generales - Nghiep Xuan - Importaci\u00f3n y Exportaci\u00f3n Agr\u00edcola","og_description":"\u00a1Bienvenido a Nghiep Xuan ! Estos t\u00e9rminos y condiciones describen las normas y reglamentos de uso de nuestro sitio web, ubicado en www.nghiepxuan.com. Al acceder a este sitio web, asumimos que acepta estos t\u00e9rminos y condiciones. No sigas utilizando Nghiep Xuan si no est\u00e1s de acuerdo en aceptar todos los t\u00e9rminos y condiciones establecidos en &hellip; Seguir leyendo Condiciones generales","og_url":"https:\/\/nghiepxuan.com\/es\/condiciones-generales\/","og_site_name":"Nghiep Xuan - Importaci\u00f3n y Exportaci\u00f3n Agr\u00edcola","article_publisher":"https:\/\/www.facebook.com\/nongsannghiepxuan\/","article_modified_time":"2025-04-09T11:46:07+00:00","twitter_card":"summary_large_image","twitter_site":"@PhuTonBui","twitter_misc":{"Tiempo de lectura":"3 minutos"},"schema":{"@context":"https:\/\/schema.org","@graph":[{"@type":"WebPage","@id":"https:\/\/nghiepxuan.com\/es\/condiciones-generales\/","url":"https:\/\/nghiepxuan.com\/es\/condiciones-generales\/","name":"Condiciones generales - Nghiep Xuan - Importaci\u00f3n y Exportaci\u00f3n Agr\u00edcola","isPartOf":{"@id":"https:\/\/nghiepxuan.com\/es\/#website"},"datePublished":"2020-10-24T04:34:14+00:00","dateModified":"2025-04-09T11:46:07+00:00","breadcrumb":{"@id":"https:\/\/nghiepxuan.com\/es\/condiciones-generales\/#breadcrumb"},"inLanguage":"es","potentialAction":[{"@type":"ReadAction","target":["https:\/\/nghiepxuan.com\/es\/condiciones-generales\/"]}]},{"@type":"BreadcrumbList","@id":"https:\/\/nghiepxuan.com\/es\/condiciones-generales\/#breadcrumb","itemListElement":[{"@type":"ListItem","position":1,"name":"Home","item":"https:\/\/nghiepxuan.com\/es\/"},{"@type":"ListItem","position":2,"name":"Condiciones generales"}]},{"@type":"WebSite","@id":"https:\/\/nghiepxuan.com\/es\/#website","url":"https:\/\/nghiepxuan.com\/es\/","name":"Nghiep Xuan - Agricultural Import and Export","description":"Nutriendo la naturaleza, cosechando salud: su destino de estilo de vida org\u00e1nico","publisher":{"@id":"https:\/\/nghiepxuan.com\/es\/#organization"},"potentialAction":[{"@type":"SearchAction","target":{"@type":"EntryPoint","urlTemplate":"https:\/\/nghiepxuan.com\/es\/?s={search_term_string}"},"query-input":{"@type":"PropertyValueSpecification","valueRequired":true,"valueName":"search_term_string"}}],"inLanguage":"es"},{"@type":"Organization","@id":"https:\/\/nghiepxuan.com\/es\/#organization","name":"Nghiep Xuan - Agricultural Import and Export","url":"https:\/\/nghiepxuan.com\/es\/","logo":{"@type":"ImageObject","inLanguage":"es","@id":"https:\/\/nghiepxuan.com\/es\/#\/schema\/logo\/image\/","url":"https:\/\/nghiepxuan.com\/wp-content\/uploads\/2025\/04\/Nghiep-Xuan-Logo-4.png","contentUrl":"https:\/\/nghiepxuan.com\/wp-content\/uploads\/2025\/04\/Nghiep-Xuan-Logo-4.png","width":4167,"height":1015,"caption":"Nghiep Xuan - Agricultural Import and Export"},"image":{"@id":"https:\/\/nghiepxuan.com\/es\/#\/schema\/logo\/image\/"},"sameAs":["https:\/\/www.facebook.com\/nongsannghiepxuan\/","https:\/\/x.com\/PhuTonBui","https:\/\/www.instagram.com\/xuatnhapkhaunghiepxuan\/","https:\/\/www.youtube.com\/@nongsannghiepxuan2066","https:\/\/www.tiktok.com\/@nghiepxuan"]}]}},"_links":{"self":[{"href":"https:\/\/nghiepxuan.com\/es\/wp-json\/wp\/v2\/pages\/6395","targetHints":{"allow":["GET"]}}],"collection":[{"href":"https:\/\/nghiepxuan.com\/es\/wp-json\/wp\/v2\/pages"}],"about":[{"href":"https:\/\/nghiepxuan.com\/es\/wp-json\/wp\/v2\/types\/page"}],"author":[{"embeddable":true,"href":"https:\/\/nghiepxuan.com\/es\/wp-json\/wp\/v2\/users\/1"}],"replies":[{"embeddable":true,"href":"https:\/\/nghiepxuan.com\/es\/wp-json\/wp\/v2\/comments?post=6395"}],"version-history":[{"count":3,"href":"https:\/\/nghiepxuan.com\/es\/wp-json\/wp\/v2\/pages\/6395\/revisions"}],"predecessor-version":[{"id":7373,"href":"https:\/\/nghiepxuan.com\/es\/wp-json\/wp\/v2\/pages\/6395\/revisions\/7373"}],"wp:attachment":[{"href":"https:\/\/nghiepxuan.com\/es\/wp-json\/wp\/v2\/media?parent=6395"}],"curies":[{"name":"wp","href":"https:\/\/api.w.org\/{rel}","templated":true}]}}