{"id":6363,"date":"2023-10-20T10:35:27","date_gmt":"2023-10-20T10:35:27","guid":{"rendered":"https:\/\/nxg.asia\/politica-de-privacidad\/"},"modified":"2025-04-09T11:38:18","modified_gmt":"2025-04-09T11:38:18","slug":"politica-de-privacidad","status":"publish","type":"page","link":"https:\/\/nghiepxuan.com\/es\/politica-de-privacidad\/","title":{"rendered":"Pol\u00edtica de privacidad"},"content":{"rendered":"\n<p><em>Bienvenido a la secci\u00f3n de Pol\u00edtica de privacidad de Nghiep Xuan. En Nghiep Xuan, nos comprometemos a salvaguardar tu privacidad y a garantizar la seguridad de tu informaci\u00f3n personal. Esta Pol\u00edtica de privacidad describe los tipos de informaci\u00f3n que recopilamos, c\u00f3mo la utilizamos y las medidas que tomamos para proteger sus datos. Al acceder o utilizar nuestro sitio web, usted acepta las pr\u00e1cticas descritas en esta pol\u00edtica.<\/em><\/p>\n\n<p><strong>A. Informaci\u00f3n que recopilamos<\/strong><\/p>\n\n<p>En Nghiep Xuan recopilamos diversos tipos de informaci\u00f3n para ofrecerte nuestros productos o servicios y para mejorar tu experiencia en nuestro sitio web. Esto puede incluir:<\/p>\n\n<ul class=\"wp-block-list\">\n<li><strong>Datos personales:<\/strong> Su nombre, direcci\u00f3n de correo electr\u00f3nico, n\u00famero de contacto y otros datos identificables.<\/li>\n\n\n\n<li><strong>Informaci\u00f3n de pago:<\/strong> N\u00fameros de tarjetas de cr\u00e9dito\/d\u00e9bito, direcciones de facturaci\u00f3n para procesar las transacciones.<\/li>\n\n\n\n<li><strong>Informaci\u00f3n del dispositivo:<\/strong> Direcci\u00f3n IP, tipo de navegador, tipo de dispositivo y otra informaci\u00f3n t\u00e9cnica.<\/li>\n\n\n\n<li><strong>Datos de uso:<\/strong> Informaci\u00f3n sobre c\u00f3mo interact\u00faa con nuestro sitio web, como las p\u00e1ginas visitadas y las acciones realizadas.<\/li>\n<\/ul>\n\n<p><strong>B. C\u00f3mo utilizamos su informaci\u00f3n<\/strong><\/p>\n\n<p>Utilizamos la informaci\u00f3n recopilada para los siguientes fines:<\/p>\n\n<ul class=\"wp-block-list\">\n<li>Para procesar y satisfacer sus pedidos, incluyendo el procesamiento del pago y el env\u00edo.<\/li>\n\n\n\n<li>Para comunicarnos con usted en relaci\u00f3n con sus pedidos, consultas y actualizaciones sobre nuestros productos y servicios.<\/li>\n\n\n\n<li>Para mejorar la funcionalidad de nuestro sitio web, la experiencia del usuario y el servicio al cliente.<\/li>\n\n\n\n<li>Para enviarle ofertas promocionales, boletines y comunicaciones de marketing si ha optado por recibirlas.<\/li>\n\n\n\n<li>Para cumplir las obligaciones legales y resolver litigios.<\/li>\n<\/ul>\n\n<p><strong>C. Seguridad de los datos<\/strong><\/p>\n\n<p>En Nghiep Xuan, damos prioridad a la seguridad de tus datos y hemos implantado diversas medidas para protegerlos, como la encriptaci\u00f3n, la tecnolog\u00eda de capa de conexi\u00f3n segura (SSL) y auditor\u00edas de seguridad peri\u00f3dicas. El acceso a su informaci\u00f3n personal est\u00e1 restringido a los empleados que necesitan conocerla para ofrecerle productos o servicios.<\/p>\n\n<p><strong>D. Divulgaci\u00f3n a terceros<\/strong><\/p>\n\n<p>No vendemos, intercambiamos ni transferimos de ning\u00fan otro modo su informaci\u00f3n personal a terceros a menos que se lo notifiquemos con antelaci\u00f3n, excepto en los casos que se describen a continuaci\u00f3n:<\/p>\n\n<ul class=\"wp-block-list\">\n<li><strong>Terceros de confianza:<\/strong> Podemos compartir su informaci\u00f3n con terceros de confianza que nos ayuden a operar nuestro sitio web, llevar a cabo nuestro negocio o prestarle servicios, siempre y cuando dichas partes se comprometan a mantener la confidencialidad de esta informaci\u00f3n.<\/li>\n\n\n\n<li><strong>Cumplimiento de la ley:<\/strong> Podemos divulgar su informaci\u00f3n cuando creamos que es apropiado para cumplir con la ley, hacer cumplir las pol\u00edticas de nuestro sitio o proteger nuestros derechos, propiedad o seguridad o los de otros.<\/li>\n<\/ul>\n\n<p><strong>E. Opciones y exclusi\u00f3n voluntaria<\/strong><\/p>\n\n<p>Tienes derecho a:<\/p>\n\n<ul class=\"wp-block-list\">\n<li>Revisa y actualiza tu informaci\u00f3n personal poni\u00e9ndote en contacto con nosotros en Nghiep Xuan.<\/li>\n\n\n\n<li>Optar por no recibir nuestras comunicaciones comerciales.<\/li>\n\n\n\n<li>Eliminar su cuenta y su informaci\u00f3n personal de nuestros registros.<\/li>\n<\/ul>\n\n<p><strong>F. Cambios en la pol\u00edtica de privacidad<\/strong><\/p>\n\n<p>Nghiep Xuan se reserva el derecho a modificar esta Pol\u00edtica de Privacidad en cualquier momento, as\u00ed que rev\u00edsala con frecuencia. Las modificaciones y aclaraciones entrar\u00e1n en vigor inmediatamente despu\u00e9s de su publicaci\u00f3n en el sitio web.<\/p>\n\n<p>Si tienes alguna pregunta sobre esta Pol\u00edtica de Privacidad, ponte en contacto con nosotros en <a href=\"mailto:info@nghiepxuan.com\">info@nghiepxuan.com<\/a> o en el Tel: <a href=\"tel:84939345598\">+84-939-345-598<\/a><\/p>\n\n<p><em>Fecha de entrada en vigor: 01\/01\/2025<\/em><\/p>\n\n<hr class=\"wp-block-separator has-alpha-channel-opacity\"\/>\n\n<p><\/p>\n","protected":false},"excerpt":{"rendered":"<p>Bienvenido a la secci\u00f3n de Pol\u00edtica de privacidad de Nghiep Xuan. En Nghiep Xuan, nos comprometemos a salvaguardar tu privacidad y a garantizar la seguridad de tu informaci\u00f3n personal. Esta Pol\u00edtica de privacidad describe los tipos de informaci\u00f3n que recopilamos, c\u00f3mo la utilizamos y las medidas que tomamos para proteger sus datos. Al acceder o &hellip; <a href=\"https:\/\/nghiepxuan.com\/es\/politica-de-privacidad\/\" class=\"more-link\">Seguir leyendo <span class=\"screen-reader-text\">Pol\u00edtica de privacidad<\/span><\/a><\/p>\n","protected":false},"author":1,"featured_media":0,"parent":0,"menu_order":0,"comment_status":"closed","ping_status":"open","template":"","meta":{"content-type":"","footnotes":""},"class_list":["post-6363","page","type-page","status-publish","hentry"],"yoast_head":"<!-- This site is optimized with the Yoast SEO plugin v26.9 - https:\/\/yoast.com\/product\/yoast-seo-wordpress\/ -->\n<title>Pol\u00edtica de privacidad - Nghiep Xuan - Importaci\u00f3n y Exportaci\u00f3n Agr\u00edcola<\/title>\n<meta name=\"robots\" content=\"index, follow, max-snippet:-1, max-image-preview:large, max-video-preview:-1\" \/>\n<link rel=\"canonical\" href=\"https:\/\/nghiepxuan.com\/es\/politica-de-privacidad\/\" \/>\n<meta property=\"og:locale\" content=\"es_ES\" \/>\n<meta property=\"og:type\" content=\"article\" \/>\n<meta property=\"og:title\" content=\"Pol\u00edtica de privacidad - Nghiep Xuan - Importaci\u00f3n y Exportaci\u00f3n Agr\u00edcola\" \/>\n<meta property=\"og:description\" content=\"Bienvenido a la secci\u00f3n de Pol\u00edtica de privacidad de Nghiep Xuan. En Nghiep Xuan, nos comprometemos a salvaguardar tu privacidad y a garantizar la seguridad de tu informaci\u00f3n personal. Esta Pol\u00edtica de privacidad describe los tipos de informaci\u00f3n que recopilamos, c\u00f3mo la utilizamos y las medidas que tomamos para proteger sus datos. Al acceder o &hellip; Seguir leyendo Pol\u00edtica de privacidad\" \/>\n<meta property=\"og:url\" content=\"https:\/\/nghiepxuan.com\/es\/politica-de-privacidad\/\" \/>\n<meta property=\"og:site_name\" content=\"Nghiep Xuan - Importaci\u00f3n y Exportaci\u00f3n Agr\u00edcola\" \/>\n<meta property=\"article:publisher\" content=\"https:\/\/www.facebook.com\/nongsannghiepxuan\/\" \/>\n<meta property=\"article:modified_time\" content=\"2025-04-09T11:38:18+00:00\" \/>\n<meta name=\"twitter:card\" content=\"summary_large_image\" \/>\n<meta name=\"twitter:site\" content=\"@PhuTonBui\" \/>\n<meta name=\"twitter:label1\" content=\"Tiempo de lectura\" \/>\n\t<meta name=\"twitter:data1\" content=\"3 minutos\" \/>\n<script type=\"application\/ld+json\" class=\"yoast-schema-graph\">{\"@context\":\"https:\/\/schema.org\",\"@graph\":[{\"@type\":\"WebPage\",\"@id\":\"https:\/\/nghiepxuan.com\/es\/politica-de-privacidad\/\",\"url\":\"https:\/\/nghiepxuan.com\/es\/politica-de-privacidad\/\",\"name\":\"Pol\u00edtica de privacidad - Nghiep Xuan - Importaci\u00f3n y Exportaci\u00f3n Agr\u00edcola\",\"isPartOf\":{\"@id\":\"https:\/\/nghiepxuan.com\/es\/#website\"},\"datePublished\":\"2023-10-20T10:35:27+00:00\",\"dateModified\":\"2025-04-09T11:38:18+00:00\",\"breadcrumb\":{\"@id\":\"https:\/\/nghiepxuan.com\/es\/politica-de-privacidad\/#breadcrumb\"},\"inLanguage\":\"es\",\"potentialAction\":[{\"@type\":\"ReadAction\",\"target\":[\"https:\/\/nghiepxuan.com\/es\/politica-de-privacidad\/\"]}]},{\"@type\":\"BreadcrumbList\",\"@id\":\"https:\/\/nghiepxuan.com\/es\/politica-de-privacidad\/#breadcrumb\",\"itemListElement\":[{\"@type\":\"ListItem\",\"position\":1,\"name\":\"Home\",\"item\":\"https:\/\/nghiepxuan.com\/es\/\"},{\"@type\":\"ListItem\",\"position\":2,\"name\":\"Pol\u00edtica de privacidad\"}]},{\"@type\":\"WebSite\",\"@id\":\"https:\/\/nghiepxuan.com\/es\/#website\",\"url\":\"https:\/\/nghiepxuan.com\/es\/\",\"name\":\"Nghiep Xuan - Agricultural Import and Export\",\"description\":\"Nutriendo la naturaleza, cosechando salud: su destino de estilo de vida org\u00e1nico\",\"publisher\":{\"@id\":\"https:\/\/nghiepxuan.com\/es\/#organization\"},\"potentialAction\":[{\"@type\":\"SearchAction\",\"target\":{\"@type\":\"EntryPoint\",\"urlTemplate\":\"https:\/\/nghiepxuan.com\/es\/?s={search_term_string}\"},\"query-input\":{\"@type\":\"PropertyValueSpecification\",\"valueRequired\":true,\"valueName\":\"search_term_string\"}}],\"inLanguage\":\"es\"},{\"@type\":\"Organization\",\"@id\":\"https:\/\/nghiepxuan.com\/es\/#organization\",\"name\":\"Nghiep Xuan - Agricultural Import and Export\",\"url\":\"https:\/\/nghiepxuan.com\/es\/\",\"logo\":{\"@type\":\"ImageObject\",\"inLanguage\":\"es\",\"@id\":\"https:\/\/nghiepxuan.com\/es\/#\/schema\/logo\/image\/\",\"url\":\"https:\/\/nghiepxuan.com\/wp-content\/uploads\/2025\/04\/Nghiep-Xuan-Logo-4.png\",\"contentUrl\":\"https:\/\/nghiepxuan.com\/wp-content\/uploads\/2025\/04\/Nghiep-Xuan-Logo-4.png\",\"width\":4167,\"height\":1015,\"caption\":\"Nghiep Xuan - Agricultural Import and Export\"},\"image\":{\"@id\":\"https:\/\/nghiepxuan.com\/es\/#\/schema\/logo\/image\/\"},\"sameAs\":[\"https:\/\/www.facebook.com\/nongsannghiepxuan\/\",\"https:\/\/x.com\/PhuTonBui\",\"https:\/\/www.instagram.com\/xuatnhapkhaunghiepxuan\/\",\"https:\/\/www.youtube.com\/@nongsannghiepxuan2066\",\"https:\/\/www.tiktok.com\/@nghiepxuan\"]}]}<\/script>\n<!-- \/ Yoast SEO plugin. -->","yoast_head_json":{"title":"Pol\u00edtica de privacidad - Nghiep Xuan - Importaci\u00f3n y Exportaci\u00f3n Agr\u00edcola","robots":{"index":"index","follow":"follow","max-snippet":"max-snippet:-1","max-image-preview":"max-image-preview:large","max-video-preview":"max-video-preview:-1"},"canonical":"https:\/\/nghiepxuan.com\/es\/politica-de-privacidad\/","og_locale":"es_ES","og_type":"article","og_title":"Pol\u00edtica de privacidad - Nghiep Xuan - Importaci\u00f3n y Exportaci\u00f3n Agr\u00edcola","og_description":"Bienvenido a la secci\u00f3n de Pol\u00edtica de privacidad de Nghiep Xuan. En Nghiep Xuan, nos comprometemos a salvaguardar tu privacidad y a garantizar la seguridad de tu informaci\u00f3n personal. Esta Pol\u00edtica de privacidad describe los tipos de informaci\u00f3n que recopilamos, c\u00f3mo la utilizamos y las medidas que tomamos para proteger sus datos. Al acceder o &hellip; Seguir leyendo Pol\u00edtica de privacidad","og_url":"https:\/\/nghiepxuan.com\/es\/politica-de-privacidad\/","og_site_name":"Nghiep Xuan - Importaci\u00f3n y Exportaci\u00f3n Agr\u00edcola","article_publisher":"https:\/\/www.facebook.com\/nongsannghiepxuan\/","article_modified_time":"2025-04-09T11:38:18+00:00","twitter_card":"summary_large_image","twitter_site":"@PhuTonBui","twitter_misc":{"Tiempo de lectura":"3 minutos"},"schema":{"@context":"https:\/\/schema.org","@graph":[{"@type":"WebPage","@id":"https:\/\/nghiepxuan.com\/es\/politica-de-privacidad\/","url":"https:\/\/nghiepxuan.com\/es\/politica-de-privacidad\/","name":"Pol\u00edtica de privacidad - Nghiep Xuan - Importaci\u00f3n y Exportaci\u00f3n Agr\u00edcola","isPartOf":{"@id":"https:\/\/nghiepxuan.com\/es\/#website"},"datePublished":"2023-10-20T10:35:27+00:00","dateModified":"2025-04-09T11:38:18+00:00","breadcrumb":{"@id":"https:\/\/nghiepxuan.com\/es\/politica-de-privacidad\/#breadcrumb"},"inLanguage":"es","potentialAction":[{"@type":"ReadAction","target":["https:\/\/nghiepxuan.com\/es\/politica-de-privacidad\/"]}]},{"@type":"BreadcrumbList","@id":"https:\/\/nghiepxuan.com\/es\/politica-de-privacidad\/#breadcrumb","itemListElement":[{"@type":"ListItem","position":1,"name":"Home","item":"https:\/\/nghiepxuan.com\/es\/"},{"@type":"ListItem","position":2,"name":"Pol\u00edtica de privacidad"}]},{"@type":"WebSite","@id":"https:\/\/nghiepxuan.com\/es\/#website","url":"https:\/\/nghiepxuan.com\/es\/","name":"Nghiep Xuan - Agricultural Import and Export","description":"Nutriendo la naturaleza, cosechando salud: su destino de estilo de vida org\u00e1nico","publisher":{"@id":"https:\/\/nghiepxuan.com\/es\/#organization"},"potentialAction":[{"@type":"SearchAction","target":{"@type":"EntryPoint","urlTemplate":"https:\/\/nghiepxuan.com\/es\/?s={search_term_string}"},"query-input":{"@type":"PropertyValueSpecification","valueRequired":true,"valueName":"search_term_string"}}],"inLanguage":"es"},{"@type":"Organization","@id":"https:\/\/nghiepxuan.com\/es\/#organization","name":"Nghiep Xuan - Agricultural Import and Export","url":"https:\/\/nghiepxuan.com\/es\/","logo":{"@type":"ImageObject","inLanguage":"es","@id":"https:\/\/nghiepxuan.com\/es\/#\/schema\/logo\/image\/","url":"https:\/\/nghiepxuan.com\/wp-content\/uploads\/2025\/04\/Nghiep-Xuan-Logo-4.png","contentUrl":"https:\/\/nghiepxuan.com\/wp-content\/uploads\/2025\/04\/Nghiep-Xuan-Logo-4.png","width":4167,"height":1015,"caption":"Nghiep Xuan - Agricultural Import and Export"},"image":{"@id":"https:\/\/nghiepxuan.com\/es\/#\/schema\/logo\/image\/"},"sameAs":["https:\/\/www.facebook.com\/nongsannghiepxuan\/","https:\/\/x.com\/PhuTonBui","https:\/\/www.instagram.com\/xuatnhapkhaunghiepxuan\/","https:\/\/www.youtube.com\/@nongsannghiepxuan2066","https:\/\/www.tiktok.com\/@nghiepxuan"]}]}},"_links":{"self":[{"href":"https:\/\/nghiepxuan.com\/es\/wp-json\/wp\/v2\/pages\/6363","targetHints":{"allow":["GET"]}}],"collection":[{"href":"https:\/\/nghiepxuan.com\/es\/wp-json\/wp\/v2\/pages"}],"about":[{"href":"https:\/\/nghiepxuan.com\/es\/wp-json\/wp\/v2\/types\/page"}],"author":[{"embeddable":true,"href":"https:\/\/nghiepxuan.com\/es\/wp-json\/wp\/v2\/users\/1"}],"replies":[{"embeddable":true,"href":"https:\/\/nghiepxuan.com\/es\/wp-json\/wp\/v2\/comments?post=6363"}],"version-history":[{"count":2,"href":"https:\/\/nghiepxuan.com\/es\/wp-json\/wp\/v2\/pages\/6363\/revisions"}],"predecessor-version":[{"id":7400,"href":"https:\/\/nghiepxuan.com\/es\/wp-json\/wp\/v2\/pages\/6363\/revisions\/7400"}],"wp:attachment":[{"href":"https:\/\/nghiepxuan.com\/es\/wp-json\/wp\/v2\/media?parent=6363"}],"curies":[{"name":"wp","href":"https:\/\/api.w.org\/{rel}","templated":true}]}}