{"id":5993,"date":"2020-10-07T01:48:54","date_gmt":"2020-10-07T01:48:54","guid":{"rendered":"https:\/\/nxg.asia\/preguntas-frecuentes\/"},"modified":"2025-04-09T10:46:35","modified_gmt":"2025-04-09T10:46:35","slug":"preguntas-frecuentes","status":"publish","type":"page","link":"https:\/\/nghiepxuan.com\/es\/preguntas-frecuentes\/","title":{"rendered":"Preguntas frecuentes"},"content":{"rendered":"\t\t<div data-elementor-type=\"wp-page\" data-elementor-id=\"5993\" class=\"elementor elementor-5993 elementor-3270\">\n\t\t\t\t\t\t<section class=\"elementor-section elementor-top-section elementor-element elementor-element-577a626 elementor-section-boxed elementor-section-height-default elementor-section-height-default\" data-id=\"577a626\" data-element_type=\"section\" data-e-type=\"section\">\n\t\t\t\t\t\t<div class=\"elementor-container elementor-column-gap-no\">\n\t\t\t\t\t<div class=\"elementor-column elementor-col-100 elementor-top-column elementor-element elementor-element-5492079\" data-id=\"5492079\" data-element_type=\"column\" data-e-type=\"column\">\n\t\t\t<div class=\"elementor-widget-wrap elementor-element-populated\">\n\t\t\t\t\t\t<div class=\"elementor-element elementor-element-9b22353 elementor-tabs-view-vertical elementor-widget elementor-widget-tabs\" data-id=\"9b22353\" data-element_type=\"widget\" data-e-type=\"widget\" data-widget_type=\"tabs.default\">\n\t\t\t\t<div class=\"elementor-widget-container\">\n\t\t\t\t\t\t\t<div class=\"elementor-tabs\">\n\t\t\t<div class=\"elementor-tabs-wrapper\" role=\"tablist\" >\n\t\t\t\t\t\t\t\t\t<div id=\"elementor-tab-title-1621\" class=\"elementor-tab-title elementor-tab-desktop-title\" aria-selected=\"true\" data-tab=\"1\" role=\"tab\" tabindex=\"0\" aria-controls=\"elementor-tab-content-1621\" aria-expanded=\"false\">P1: \u00bfQu\u00e9 significa \"ecol\u00f3gico\" en el contexto de los productos alimentarios?<\/div>\n\t\t\t\t\t\t\t\t\t<div id=\"elementor-tab-title-1622\" class=\"elementor-tab-title elementor-tab-desktop-title\" aria-selected=\"false\" data-tab=\"2\" role=\"tab\" tabindex=\"-1\" aria-controls=\"elementor-tab-content-1622\" aria-expanded=\"false\">P2: \u00bfC\u00f3mo puedo estar seguro de que un producto alimenticio es realmente ecol\u00f3gico?<\/div>\n\t\t\t\t\t\t\t\t\t<div id=\"elementor-tab-title-1623\" class=\"elementor-tab-title elementor-tab-desktop-title\" aria-selected=\"false\" data-tab=\"3\" role=\"tab\" tabindex=\"-1\" aria-controls=\"elementor-tab-content-1623\" aria-expanded=\"false\">P3: \u00bfLos alimentos ecol\u00f3gicos son m\u00e1s caros que los no ecol\u00f3gicos?<\/div>\n\t\t\t\t\t\t\t\t\t<div id=\"elementor-tab-title-1624\" class=\"elementor-tab-title elementor-tab-desktop-title\" aria-selected=\"false\" data-tab=\"4\" role=\"tab\" tabindex=\"-1\" aria-controls=\"elementor-tab-content-1624\" aria-expanded=\"false\">P4: \u00bfSon m\u00e1s sanos los alimentos ecol\u00f3gicos que los no ecol\u00f3gicos?<\/div>\n\t\t\t\t\t\t\t\t\t<div id=\"elementor-tab-title-1625\" class=\"elementor-tab-title elementor-tab-desktop-title\" aria-selected=\"false\" data-tab=\"5\" role=\"tab\" tabindex=\"-1\" aria-controls=\"elementor-tab-content-1625\" aria-expanded=\"false\">P5: \u00bfCu\u00e1les son los beneficios medioambientales de apoyar la agricultura ecol\u00f3gica?<\/div>\n\t\t\t\t\t\t\t\t\t<div id=\"elementor-tab-title-1626\" class=\"elementor-tab-title elementor-tab-desktop-title\" aria-selected=\"false\" data-tab=\"6\" role=\"tab\" tabindex=\"-1\" aria-controls=\"elementor-tab-content-1626\" aria-expanded=\"false\">P6: \u00bfPuede la agricultura ecol\u00f3gica ayudar a combatir el cambio clim\u00e1tico?<\/div>\n\t\t\t\t\t\t\t\t\t<div id=\"elementor-tab-title-1627\" class=\"elementor-tab-title elementor-tab-desktop-title\" aria-selected=\"false\" data-tab=\"7\" role=\"tab\" tabindex=\"-1\" aria-controls=\"elementor-tab-content-1627\" aria-expanded=\"false\">P7: \u00bfExiste alguna normativa espec\u00edfica que deban cumplir las empresas de alimentos ecol\u00f3gicos?<\/div>\n\t\t\t\t\t\t\t<\/div>\n\t\t\t<div class=\"elementor-tabs-content-wrapper\" role=\"tablist\" aria-orientation=\"vertical\">\n\t\t\t\t\t\t\t\t\t<div class=\"elementor-tab-title elementor-tab-mobile-title\" aria-selected=\"true\" data-tab=\"1\" role=\"tab\" tabindex=\"0\" aria-controls=\"elementor-tab-content-1621\" aria-expanded=\"false\">P1: \u00bfQu\u00e9 significa \"ecol\u00f3gico\" en el contexto de los productos alimentarios?<\/div>\n\t\t\t\t\t<div id=\"elementor-tab-content-1621\" class=\"elementor-tab-content elementor-clearfix\" data-tab=\"1\" role=\"tabpanel\" aria-labelledby=\"elementor-tab-title-1621\" tabindex=\"0\" hidden=\"false\"><p><em>&#8220;Ecol\u00f3gico&#8221; se refiere a la forma en que se cultivan y procesan los productos agr\u00edcolas. Los alimentos ecol\u00f3gicos se producen sin utilizar pesticidas sint\u00e9ticos, herbicidas, organismos modificados gen\u00e9ticamente (OMG) ni fertilizantes qu\u00edmicos. Los m\u00e9todos de agricultura ecol\u00f3gica hacen hincapi\u00e9 en la salud del suelo, la biodiversidad y las pr\u00e1cticas sostenibles desde el punto de vista medioambiental.<\/em><\/p>\n<\/div>\n\t\t\t\t\t\t\t\t\t<div class=\"elementor-tab-title elementor-tab-mobile-title\" aria-selected=\"false\" data-tab=\"2\" role=\"tab\" tabindex=\"-1\" aria-controls=\"elementor-tab-content-1622\" aria-expanded=\"false\">P2: \u00bfC\u00f3mo puedo estar seguro de que un producto alimenticio es realmente ecol\u00f3gico?<\/div>\n\t\t\t\t\t<div id=\"elementor-tab-content-1622\" class=\"elementor-tab-content elementor-clearfix\" data-tab=\"2\" role=\"tabpanel\" aria-labelledby=\"elementor-tab-title-1622\" tabindex=\"0\" hidden=\"hidden\"><p><em>Busque certificaciones ecol\u00f3gicas oficiales en el envase del producto. En Estados Unidos, por ejemplo, el sello USDA Organic garantiza que el producto cumple estrictas normas ecol\u00f3gicas. Adem\u00e1s, puede comprobar si cuenta con certificaciones de organizaciones acreditadas, como la Soil Association o el Organic Certification Center.<\/em><\/p>\n<\/div>\n\t\t\t\t\t\t\t\t\t<div class=\"elementor-tab-title elementor-tab-mobile-title\" aria-selected=\"false\" data-tab=\"3\" role=\"tab\" tabindex=\"-1\" aria-controls=\"elementor-tab-content-1623\" aria-expanded=\"false\">P3: \u00bfLos alimentos ecol\u00f3gicos son m\u00e1s caros que los no ecol\u00f3gicos?<\/div>\n\t\t\t\t\t<div id=\"elementor-tab-content-1623\" class=\"elementor-tab-content elementor-clearfix\" data-tab=\"3\" role=\"tabpanel\" aria-labelledby=\"elementor-tab-title-1623\" tabindex=\"0\" hidden=\"hidden\"><p><em>S\u00ed, los alimentos ecol\u00f3gicos pueden ser m\u00e1s caros que los producidos convencionalmente. Esto se debe a que las pr\u00e1cticas de agricultura ecol\u00f3gica suelen requerir m\u00e1s mano de obra y tiempo, y los rendimientos pueden ser menores debido a la ausencia de insumos qu\u00edmicos. Sin embargo, muchas personas est\u00e1n dispuestas a pagar m\u00e1s por los productos ecol\u00f3gicos debido a sus beneficios para la salud y el medio ambiente.<\/em><\/p>\n<\/div>\n\t\t\t\t\t\t\t\t\t<div class=\"elementor-tab-title elementor-tab-mobile-title\" aria-selected=\"false\" data-tab=\"4\" role=\"tab\" tabindex=\"-1\" aria-controls=\"elementor-tab-content-1624\" aria-expanded=\"false\">P4: \u00bfSon m\u00e1s sanos los alimentos ecol\u00f3gicos que los no ecol\u00f3gicos?<\/div>\n\t\t\t\t\t<div id=\"elementor-tab-content-1624\" class=\"elementor-tab-content elementor-clearfix\" data-tab=\"4\" role=\"tabpanel\" aria-labelledby=\"elementor-tab-title-1624\" tabindex=\"0\" hidden=\"hidden\"><p><em>Aunque se sigue investigando en este campo, algunos estudios sugieren que los alimentos ecol\u00f3gicos pueden contener niveles m\u00e1s altos de ciertos nutrientes y niveles m\u00e1s bajos de pesticidas. Sin embargo, el impacto global de los alimentos ecol\u00f3gicos sobre la salud es un tema complejo y var\u00eda en funci\u00f3n de las elecciones diet\u00e9ticas individuales.<\/em><\/p>\n<\/div>\n\t\t\t\t\t\t\t\t\t<div class=\"elementor-tab-title elementor-tab-mobile-title\" aria-selected=\"false\" data-tab=\"5\" role=\"tab\" tabindex=\"-1\" aria-controls=\"elementor-tab-content-1625\" aria-expanded=\"false\">P5: \u00bfCu\u00e1les son los beneficios medioambientales de apoyar la agricultura ecol\u00f3gica?<\/div>\n\t\t\t\t\t<div id=\"elementor-tab-content-1625\" class=\"elementor-tab-content elementor-clearfix\" data-tab=\"5\" role=\"tabpanel\" aria-labelledby=\"elementor-tab-title-1625\" tabindex=\"0\" hidden=\"hidden\"><p><em>Las pr\u00e1cticas de agricultura ecol\u00f3gica favorecen la salud del suelo, conservan el agua y reducen la contaminaci\u00f3n. Tambi\u00e9n fomentan la biodiversidad y protegen los h\u00e1bitats de la fauna al evitar el uso de productos qu\u00edmicos sint\u00e9ticos. Al elegir productos ecol\u00f3gicos, los consumidores apoyan una agricultura sostenible desde el punto de vista medioambiental.<\/em><\/p>\n<\/div>\n\t\t\t\t\t\t\t\t\t<div class=\"elementor-tab-title elementor-tab-mobile-title\" aria-selected=\"false\" data-tab=\"6\" role=\"tab\" tabindex=\"-1\" aria-controls=\"elementor-tab-content-1626\" aria-expanded=\"false\">P6: \u00bfPuede la agricultura ecol\u00f3gica ayudar a combatir el cambio clim\u00e1tico?<\/div>\n\t\t\t\t\t<div id=\"elementor-tab-content-1626\" class=\"elementor-tab-content elementor-clearfix\" data-tab=\"6\" role=\"tabpanel\" aria-labelledby=\"elementor-tab-title-1626\" tabindex=\"0\" hidden=\"hidden\"><p><em>S\u00ed, la agricultura ecol\u00f3gica puede contribuir a mitigar el cambio clim\u00e1tico. Pr\u00e1cticas ecol\u00f3gicas como los cultivos de cobertura, la rotaci\u00f3n de cultivos y el compostaje mejoran la retenci\u00f3n de carbono en el suelo, lo que contribuye a reducir las emisiones de gases de efecto invernadero. Adem\u00e1s, evitar los fertilizantes y pesticidas sint\u00e9ticos reduce la huella de carbono asociada a su producci\u00f3n y aplicaci\u00f3n.<\/em><\/p>\n<\/div>\n\t\t\t\t\t\t\t\t\t<div class=\"elementor-tab-title elementor-tab-mobile-title\" aria-selected=\"false\" data-tab=\"7\" role=\"tab\" tabindex=\"-1\" aria-controls=\"elementor-tab-content-1627\" aria-expanded=\"false\">P7: \u00bfExiste alguna normativa espec\u00edfica que deban cumplir las empresas de alimentos ecol\u00f3gicos?<\/div>\n\t\t\t\t\t<div id=\"elementor-tab-content-1627\" class=\"elementor-tab-content elementor-clearfix\" data-tab=\"7\" role=\"tabpanel\" aria-labelledby=\"elementor-tab-title-1627\" tabindex=\"0\" hidden=\"hidden\"><p><em>S\u00ed, las empresas de alimentos ecol\u00f3gicos deben cumplir normas estrictas para mantener su certificaci\u00f3n ecol\u00f3gica. Esta normativa regula diversos aspectos de la producci\u00f3n, la transformaci\u00f3n, el envasado y el etiquetado. Las empresas deben someterse a inspecciones peri\u00f3dicas para garantizar el cumplimiento de estas normas y mantener la integridad de sus productos ecol\u00f3gicos.<\/em><\/p>\n<\/div>\n\t\t\t\t\t\t\t<\/div>\n\t\t<\/div>\n\t\t\t\t\t\t<\/div>\n\t\t\t\t<\/div>\n\t\t\t\t\t<\/div>\n\t\t<\/div>\n\t\t\t\t\t<\/div>\n\t\t<\/section>\n\t\t\t\t<section class=\"elementor-section elementor-top-section elementor-element elementor-element-9805273 elementor-section-stretched elementor-section-boxed elementor-section-height-default elementor-section-height-default\" data-id=\"9805273\" data-element_type=\"section\" data-e-type=\"section\" data-settings=\"{&quot;stretch_section&quot;:&quot;section-stretched&quot;}\">\n\t\t\t\t\t\t<div class=\"elementor-container elementor-column-gap-default\">\n\t\t\t\t\t<div class=\"elementor-column elementor-col-33 elementor-top-column elementor-element elementor-element-8343849\" data-id=\"8343849\" data-element_type=\"column\" data-e-type=\"column\">\n\t\t\t<div class=\"elementor-widget-wrap\">\n\t\t\t\t\t\t\t<\/div>\n\t\t<\/div>\n\t\t\t\t<div class=\"elementor-column elementor-col-33 elementor-top-column elementor-element elementor-element-d6b28bb\" data-id=\"d6b28bb\" data-element_type=\"column\" data-e-type=\"column\">\n\t\t\t<div class=\"elementor-widget-wrap elementor-element-populated\">\n\t\t\t\t\t\t<div class=\"elementor-element elementor-element-4866240 elementor-widget elementor-widget-tbay-heading\" data-id=\"4866240\" data-element_type=\"widget\" data-e-type=\"widget\" data-widget_type=\"tbay-heading.default\">\n\t\t\t\t<div class=\"elementor-widget-container\">\n\t\t\t\t\t\r\n<div class=\"tbay-element tbay-element-heading\">\r\n\t\t\t\t<h3 class=\"heading-tbay-title\">\r\n\t\t\t\t\t\t\t\t\t<span class=\"title\">\u00bfTodav\u00eda tiene dudas?<\/span>\r\n\t\t\t\t\t    \t\r\n\t\t\t\t\t\t\t<\/h3>\r\n\t\t<\/div>\t\t\t\t<\/div>\n\t\t\t\t<\/div>\n\t\t\t\t<div class=\"elementor-element elementor-element-c1d3c9e elementor-widget elementor-widget-text-editor\" data-id=\"c1d3c9e\" data-element_type=\"widget\" data-e-type=\"widget\" data-widget_type=\"text-editor.default\">\n\t\t\t\t<div class=\"elementor-widget-container\">\n\t\t\t\t\t\t\t\t\t<p>Rellene el formulario para hacernos m\u00e1s preguntas, nuestros asesores le responder\u00e1n lo antes posible.<\/p>\t\t\t\t\t\t\t\t<\/div>\n\t\t\t\t<\/div>\n\t\t\t\t<div class=\"elementor-element elementor-element-86965a9 elementor-widget elementor-widget-shortcode\" data-id=\"86965a9\" data-element_type=\"widget\" data-e-type=\"widget\" data-widget_type=\"shortcode.default\">\n\t\t\t\t<div class=\"elementor-widget-container\">\n\t\t\t\t\t\t\t<div class=\"elementor-shortcode\">\n<div class=\"wpcf7 no-js\" id=\"wpcf7-f5514-o1\" lang=\"es-ES\" dir=\"ltr\" data-wpcf7-id=\"5514\">\n<div class=\"screen-reader-response\"><p role=\"status\" aria-live=\"polite\" aria-atomic=\"true\"><\/p> <ul><\/ul><\/div>\n<form action=\"\/es\/wp-json\/wp\/v2\/pages\/5993#wpcf7-f5514-o1\" method=\"post\" class=\"wpcf7-form init\" aria-label=\"Formulario de contacto\" novalidate=\"novalidate\" data-status=\"init\">\n<fieldset class=\"hidden-fields-container\"><input type=\"hidden\" name=\"_wpcf7\" value=\"5514\" \/><input type=\"hidden\" name=\"_wpcf7_version\" value=\"6.1.4\" \/><input type=\"hidden\" name=\"_wpcf7_locale\" value=\"es_ES\" \/><input type=\"hidden\" name=\"_wpcf7_unit_tag\" value=\"wpcf7-f5514-o1\" \/><input type=\"hidden\" name=\"_wpcf7_container_post\" value=\"0\" \/><input type=\"hidden\" name=\"_wpcf7_posted_data_hash\" value=\"\" \/>\n<\/fieldset>\n<p><label> Su nombre<br \/>\n<span class=\"wpcf7-form-control-wrap\" data-name=\"your-name\"><input size=\"40\" maxlength=\"400\" class=\"wpcf7-form-control wpcf7-text wpcf7-validates-as-required\" autocomplete=\"name\" aria-required=\"true\" aria-invalid=\"false\" value=\"\" type=\"text\" name=\"your-name\" \/><\/span> <\/label>\n<\/p>\n<p><label> Tu correo electr\u00f3nico<br \/>\n<span class=\"wpcf7-form-control-wrap\" data-name=\"your-email\"><input size=\"40\" maxlength=\"400\" class=\"wpcf7-form-control wpcf7-email wpcf7-validates-as-required wpcf7-text wpcf7-validates-as-email\" autocomplete=\"email\" aria-required=\"true\" aria-invalid=\"false\" value=\"\" type=\"email\" name=\"your-email\" \/><\/span> <\/label>\n<\/p>\n<p><label> Asunto<br \/>\n<span class=\"wpcf7-form-control-wrap\" data-name=\"your-subject\"><input size=\"40\" maxlength=\"400\" class=\"wpcf7-form-control wpcf7-text wpcf7-validates-as-required\" aria-required=\"true\" aria-invalid=\"false\" value=\"\" type=\"text\" name=\"your-subject\" \/><\/span> <\/label>\n<\/p>\n<p><label> Su mensaje (opcional)<br \/>\n<span class=\"wpcf7-form-control-wrap\" data-name=\"your-message\"><textarea cols=\"40\" rows=\"10\" maxlength=\"2000\" class=\"wpcf7-form-control wpcf7-textarea\" aria-invalid=\"false\" name=\"your-message\"><\/textarea><\/span> <\/label>\n<\/p>\n<p><input class=\"wpcf7-form-control wpcf7-submit has-spinner\" type=\"submit\" value=\"Enviar\" \/>\n<\/p><div class=\"wpcf7-response-output\" aria-hidden=\"true\"><\/div>\n<\/form>\n<\/div>\n<\/div>\n\t\t\t\t\t\t<\/div>\n\t\t\t\t<\/div>\n\t\t\t\t\t<\/div>\n\t\t<\/div>\n\t\t\t\t<div class=\"elementor-column elementor-col-33 elementor-top-column elementor-element elementor-element-4df4949\" data-id=\"4df4949\" data-element_type=\"column\" data-e-type=\"column\">\n\t\t\t<div class=\"elementor-widget-wrap\">\n\t\t\t\t\t\t\t<\/div>\n\t\t<\/div>\n\t\t\t\t\t<\/div>\n\t\t<\/section>\n\t\t\t\t<\/div>\n\t\t","protected":false},"excerpt":{"rendered":"<p>Q1: What does &#8220;organic&#8221; mean in the context of food products? Q2: How can I be sure that a food product is truly organic? Q3: Are organic foods more expensive than non-organic foods? Q4: Is organic food healthier than non-organic food? Q5: What are the environmental benefits of supporting organic farming? Q6: Can organic farming &hellip; <a href=\"https:\/\/nghiepxuan.com\/es\/preguntas-frecuentes\/\" class=\"more-link\">Seguir leyendo <span class=\"screen-reader-text\">Preguntas frecuentes<\/span><\/a><\/p>\n","protected":false},"author":1,"featured_media":0,"parent":0,"menu_order":0,"comment_status":"closed","ping_status":"closed","template":"","meta":{"content-type":"","footnotes":""},"class_list":["post-5993","page","type-page","status-publish","hentry"],"yoast_head":"<!-- This site is optimized with the Yoast SEO plugin v26.9 - https:\/\/yoast.com\/product\/yoast-seo-wordpress\/ -->\n<title>Preguntas frecuentes - Nghiep Xuan - Importaci\u00f3n y Exportaci\u00f3n Agr\u00edcola<\/title>\n<meta name=\"robots\" content=\"index, follow, max-snippet:-1, max-image-preview:large, max-video-preview:-1\" \/>\n<link rel=\"canonical\" href=\"https:\/\/nghiepxuan.com\/es\/preguntas-frecuentes\/\" \/>\n<meta property=\"og:locale\" content=\"es_ES\" \/>\n<meta property=\"og:type\" content=\"article\" \/>\n<meta property=\"og:title\" content=\"Preguntas frecuentes - Nghiep Xuan - Importaci\u00f3n y Exportaci\u00f3n Agr\u00edcola\" \/>\n<meta property=\"og:description\" content=\"Q1: What does &#8220;organic&#8221; mean in the context of food products? Q2: How can I be sure that a food product is truly organic? Q3: Are organic foods more expensive than non-organic foods? Q4: Is organic food healthier than non-organic food? Q5: What are the environmental benefits of supporting organic farming? Q6: Can organic farming &hellip; Seguir leyendo Preguntas frecuentes\" \/>\n<meta property=\"og:url\" content=\"https:\/\/nghiepxuan.com\/es\/preguntas-frecuentes\/\" \/>\n<meta property=\"og:site_name\" content=\"Nghiep Xuan - Importaci\u00f3n y Exportaci\u00f3n Agr\u00edcola\" \/>\n<meta property=\"article:publisher\" content=\"https:\/\/www.facebook.com\/nongsannghiepxuan\/\" \/>\n<meta property=\"article:modified_time\" content=\"2025-04-09T10:46:35+00:00\" \/>\n<meta name=\"twitter:card\" content=\"summary_large_image\" \/>\n<meta name=\"twitter:site\" content=\"@PhuTonBui\" \/>\n<meta name=\"twitter:label1\" content=\"Tiempo de lectura\" \/>\n\t<meta name=\"twitter:data1\" content=\"2 minutos\" \/>\n<script type=\"application\/ld+json\" class=\"yoast-schema-graph\">{\"@context\":\"https:\/\/schema.org\",\"@graph\":[{\"@type\":\"WebPage\",\"@id\":\"https:\/\/nghiepxuan.com\/es\/preguntas-frecuentes\/\",\"url\":\"https:\/\/nghiepxuan.com\/es\/preguntas-frecuentes\/\",\"name\":\"Preguntas frecuentes - Nghiep Xuan - Importaci\u00f3n y Exportaci\u00f3n Agr\u00edcola\",\"isPartOf\":{\"@id\":\"https:\/\/nghiepxuan.com\/es\/#website\"},\"datePublished\":\"2020-10-07T01:48:54+00:00\",\"dateModified\":\"2025-04-09T10:46:35+00:00\",\"breadcrumb\":{\"@id\":\"https:\/\/nghiepxuan.com\/es\/preguntas-frecuentes\/#breadcrumb\"},\"inLanguage\":\"es\",\"potentialAction\":[{\"@type\":\"ReadAction\",\"target\":[\"https:\/\/nghiepxuan.com\/es\/preguntas-frecuentes\/\"]}]},{\"@type\":\"BreadcrumbList\",\"@id\":\"https:\/\/nghiepxuan.com\/es\/preguntas-frecuentes\/#breadcrumb\",\"itemListElement\":[{\"@type\":\"ListItem\",\"position\":1,\"name\":\"Home\",\"item\":\"https:\/\/nghiepxuan.com\/es\/\"},{\"@type\":\"ListItem\",\"position\":2,\"name\":\"Preguntas frecuentes\"}]},{\"@type\":\"WebSite\",\"@id\":\"https:\/\/nghiepxuan.com\/es\/#website\",\"url\":\"https:\/\/nghiepxuan.com\/es\/\",\"name\":\"Nghiep Xuan - Agricultural Import and Export\",\"description\":\"Nutriendo la naturaleza, cosechando salud: su destino de estilo de vida org\u00e1nico\",\"publisher\":{\"@id\":\"https:\/\/nghiepxuan.com\/es\/#organization\"},\"potentialAction\":[{\"@type\":\"SearchAction\",\"target\":{\"@type\":\"EntryPoint\",\"urlTemplate\":\"https:\/\/nghiepxuan.com\/es\/?s={search_term_string}\"},\"query-input\":{\"@type\":\"PropertyValueSpecification\",\"valueRequired\":true,\"valueName\":\"search_term_string\"}}],\"inLanguage\":\"es\"},{\"@type\":\"Organization\",\"@id\":\"https:\/\/nghiepxuan.com\/es\/#organization\",\"name\":\"Nghiep Xuan - Agricultural Import and Export\",\"url\":\"https:\/\/nghiepxuan.com\/es\/\",\"logo\":{\"@type\":\"ImageObject\",\"inLanguage\":\"es\",\"@id\":\"https:\/\/nghiepxuan.com\/es\/#\/schema\/logo\/image\/\",\"url\":\"https:\/\/nghiepxuan.com\/wp-content\/uploads\/2025\/04\/Nghiep-Xuan-Logo-4.png\",\"contentUrl\":\"https:\/\/nghiepxuan.com\/wp-content\/uploads\/2025\/04\/Nghiep-Xuan-Logo-4.png\",\"width\":4167,\"height\":1015,\"caption\":\"Nghiep Xuan - Agricultural Import and Export\"},\"image\":{\"@id\":\"https:\/\/nghiepxuan.com\/es\/#\/schema\/logo\/image\/\"},\"sameAs\":[\"https:\/\/www.facebook.com\/nongsannghiepxuan\/\",\"https:\/\/x.com\/PhuTonBui\",\"https:\/\/www.instagram.com\/xuatnhapkhaunghiepxuan\/\",\"https:\/\/www.youtube.com\/@nongsannghiepxuan2066\",\"https:\/\/www.tiktok.com\/@nghiepxuan\"]}]}<\/script>\n<!-- \/ Yoast SEO plugin. -->","yoast_head_json":{"title":"Preguntas frecuentes - Nghiep Xuan - Importaci\u00f3n y Exportaci\u00f3n Agr\u00edcola","robots":{"index":"index","follow":"follow","max-snippet":"max-snippet:-1","max-image-preview":"max-image-preview:large","max-video-preview":"max-video-preview:-1"},"canonical":"https:\/\/nghiepxuan.com\/es\/preguntas-frecuentes\/","og_locale":"es_ES","og_type":"article","og_title":"Preguntas frecuentes - Nghiep Xuan - Importaci\u00f3n y Exportaci\u00f3n Agr\u00edcola","og_description":"Q1: What does &#8220;organic&#8221; mean in the context of food products? Q2: How can I be sure that a food product is truly organic? Q3: Are organic foods more expensive than non-organic foods? Q4: Is organic food healthier than non-organic food? Q5: What are the environmental benefits of supporting organic farming? Q6: Can organic farming &hellip; Seguir leyendo Preguntas frecuentes","og_url":"https:\/\/nghiepxuan.com\/es\/preguntas-frecuentes\/","og_site_name":"Nghiep Xuan - Importaci\u00f3n y Exportaci\u00f3n Agr\u00edcola","article_publisher":"https:\/\/www.facebook.com\/nongsannghiepxuan\/","article_modified_time":"2025-04-09T10:46:35+00:00","twitter_card":"summary_large_image","twitter_site":"@PhuTonBui","twitter_misc":{"Tiempo de lectura":"2 minutos"},"schema":{"@context":"https:\/\/schema.org","@graph":[{"@type":"WebPage","@id":"https:\/\/nghiepxuan.com\/es\/preguntas-frecuentes\/","url":"https:\/\/nghiepxuan.com\/es\/preguntas-frecuentes\/","name":"Preguntas frecuentes - Nghiep Xuan - Importaci\u00f3n y Exportaci\u00f3n Agr\u00edcola","isPartOf":{"@id":"https:\/\/nghiepxuan.com\/es\/#website"},"datePublished":"2020-10-07T01:48:54+00:00","dateModified":"2025-04-09T10:46:35+00:00","breadcrumb":{"@id":"https:\/\/nghiepxuan.com\/es\/preguntas-frecuentes\/#breadcrumb"},"inLanguage":"es","potentialAction":[{"@type":"ReadAction","target":["https:\/\/nghiepxuan.com\/es\/preguntas-frecuentes\/"]}]},{"@type":"BreadcrumbList","@id":"https:\/\/nghiepxuan.com\/es\/preguntas-frecuentes\/#breadcrumb","itemListElement":[{"@type":"ListItem","position":1,"name":"Home","item":"https:\/\/nghiepxuan.com\/es\/"},{"@type":"ListItem","position":2,"name":"Preguntas frecuentes"}]},{"@type":"WebSite","@id":"https:\/\/nghiepxuan.com\/es\/#website","url":"https:\/\/nghiepxuan.com\/es\/","name":"Nghiep Xuan - Agricultural Import and Export","description":"Nutriendo la naturaleza, cosechando salud: su destino de estilo de vida org\u00e1nico","publisher":{"@id":"https:\/\/nghiepxuan.com\/es\/#organization"},"potentialAction":[{"@type":"SearchAction","target":{"@type":"EntryPoint","urlTemplate":"https:\/\/nghiepxuan.com\/es\/?s={search_term_string}"},"query-input":{"@type":"PropertyValueSpecification","valueRequired":true,"valueName":"search_term_string"}}],"inLanguage":"es"},{"@type":"Organization","@id":"https:\/\/nghiepxuan.com\/es\/#organization","name":"Nghiep Xuan - Agricultural Import and Export","url":"https:\/\/nghiepxuan.com\/es\/","logo":{"@type":"ImageObject","inLanguage":"es","@id":"https:\/\/nghiepxuan.com\/es\/#\/schema\/logo\/image\/","url":"https:\/\/nghiepxuan.com\/wp-content\/uploads\/2025\/04\/Nghiep-Xuan-Logo-4.png","contentUrl":"https:\/\/nghiepxuan.com\/wp-content\/uploads\/2025\/04\/Nghiep-Xuan-Logo-4.png","width":4167,"height":1015,"caption":"Nghiep Xuan - Agricultural Import and Export"},"image":{"@id":"https:\/\/nghiepxuan.com\/es\/#\/schema\/logo\/image\/"},"sameAs":["https:\/\/www.facebook.com\/nongsannghiepxuan\/","https:\/\/x.com\/PhuTonBui","https:\/\/www.instagram.com\/xuatnhapkhaunghiepxuan\/","https:\/\/www.youtube.com\/@nongsannghiepxuan2066","https:\/\/www.tiktok.com\/@nghiepxuan"]}]}},"_links":{"self":[{"href":"https:\/\/nghiepxuan.com\/es\/wp-json\/wp\/v2\/pages\/5993","targetHints":{"allow":["GET"]}}],"collection":[{"href":"https:\/\/nghiepxuan.com\/es\/wp-json\/wp\/v2\/pages"}],"about":[{"href":"https:\/\/nghiepxuan.com\/es\/wp-json\/wp\/v2\/types\/page"}],"author":[{"embeddable":true,"href":"https:\/\/nghiepxuan.com\/es\/wp-json\/wp\/v2\/users\/1"}],"replies":[{"embeddable":true,"href":"https:\/\/nghiepxuan.com\/es\/wp-json\/wp\/v2\/comments?post=5993"}],"version-history":[{"count":16,"href":"https:\/\/nghiepxuan.com\/es\/wp-json\/wp\/v2\/pages\/5993\/revisions"}],"predecessor-version":[{"id":6779,"href":"https:\/\/nghiepxuan.com\/es\/wp-json\/wp\/v2\/pages\/5993\/revisions\/6779"}],"wp:attachment":[{"href":"https:\/\/nghiepxuan.com\/es\/wp-json\/wp\/v2\/media?parent=5993"}],"curies":[{"name":"wp","href":"https:\/\/api.w.org\/{rel}","templated":true}]}}