{"id":9968,"date":"2026-04-30T03:52:40","date_gmt":"2026-04-30T03:52:40","guid":{"rendered":"https:\/\/nghiepxuan.com\/product\/premium-gefrorene-bananenblaetter-exportqualitaet-nghiep-xuan-vietnam\/"},"modified":"2026-04-30T03:52:40","modified_gmt":"2026-04-30T03:52:40","slug":"premium-gefrorene-bananenblaetter-exportqualitaet-nghiep-xuan-vietnam","status":"publish","type":"product","link":"https:\/\/nghiepxuan.com\/de\/product\/premium-gefrorene-bananenblaetter-exportqualitaet-nghiep-xuan-vietnam\/","title":{"rendered":"Premium gefrorene Bananenbl\u00e4tter &#8211; Exportqualit\u00e4t | Nghiep Xuan Vietnam"},"content":{"rendered":"<h3 data-section-id=\"10rmw79\" data-start=\"312\" data-end=\"328\"><span role=\"text\"><strong data-start=\"316\" data-end=\"328\">\u00dcbersicht<\/strong><\/span><\/h3>\n<p data-start=\"329\" data-end=\"535\">Nghiep Xuan liefert <strong data-start=\"350\" data-end=\"382\">gefrorene Premium-Bananenbl\u00e4tter<\/strong>, die sorgf\u00e4ltig von hochwertigen Plantagen in Vietnam geerntet und verarbeitet werden, um ihre <strong data-start=\"475\" data-end=\"534\">nat\u00fcrliche Flexibilit\u00e4t, ihre leuchtend gr\u00fcne Farbe und ihre Frische<\/strong> zu bewahren.<\/p>\n<p data-start=\"537\" data-end=\"716\">Unsere Bananenbl\u00e4tter werden h\u00e4ufig als nat\u00fcrliche Lebensmittelverpackungen, Kochzutaten und umweltfreundliche Verpackungsl\u00f6sungen verwendet, die sich ideal f\u00fcr die globale Gastronomie und Industrie eignen.<\/p>\n<hr data-start=\"718\" data-end=\"721\">\n<h3 data-section-id=\"1go9akp\" data-start=\"723\" data-end=\"746\"><span role=\"text\"><strong data-start=\"727\" data-end=\"746\">\ud83c\udf43 Hauptmerkmale<\/strong><\/span><\/h3>\n<ul data-start=\"747\" data-end=\"1148\">\n<li data-section-id=\"1pdvxep\" data-start=\"747\" data-end=\"834\"><strong data-start=\"749\" data-end=\"775\">Nat\u00fcrlich und umweltfreundlich<\/strong> &#8211; 100% biologisch abbaubar, nachhaltige Alternative zu Plastik<\/li>\n<li data-section-id=\"1xy2vw3\" data-start=\"835\" data-end=\"912\"><strong data-start=\"837\" data-end=\"859\">Flexibel und langlebig<\/strong> &#8211; Beh\u00e4lt seine Festigkeit auch nach dem Auftauen, einfach zu handhaben<\/li>\n<li data-section-id=\"17mf04y\" data-start=\"913\" data-end=\"976\"><strong data-start=\"915\" data-end=\"936\">Frische gr\u00fcne Farbe<\/strong> &#8211; Optisch ansprechend f\u00fcr die Pr\u00e4sentation<\/li>\n<li data-section-id=\"1j695l\" data-start=\"977\" data-end=\"1051\"><strong data-start=\"979\" data-end=\"1005\">Hygienisch verarbeitet<\/strong> &#8211; gereinigt und eingefroren unter strengen Standards<\/li>\n<li data-section-id=\"1vur9x0\" data-start=\"1052\" data-end=\"1099\"><strong data-start=\"1054\" data-end=\"1070\">Gebrauchsfertig<\/strong> &#8211; Vorgeschnitten und leicht aufzutauen<\/li>\n<li data-section-id=\"17qjupd\" data-start=\"1100\" data-end=\"1148\"><strong data-start=\"1102\" data-end=\"1123\">Konsistentes Angebot<\/strong> &#8211; ganzj\u00e4hrig verf\u00fcgbar<\/li>\n<\/ul>\n<hr data-start=\"1150\" data-end=\"1153\">\n<h3 data-section-id=\"f701lt\" data-start=\"1155\" data-end=\"1179\"><span role=\"text\"><strong data-start=\"1159\" data-end=\"1179\">\ud83c\udf7d\ufe0f Anwendungen<\/strong><\/span><\/h3>\n<p data-start=\"1180\" data-end=\"1224\">Perfekt f\u00fcr verschiedene Branchen und K\u00fcchen:<\/p>\n<ul data-start=\"1225\" data-end=\"1440\">\n<li data-section-id=\"uqarh4\" data-start=\"1225\" data-end=\"1294\">Traditionelle Lebensmittelverpackungen (Reiskuchen, Kn\u00f6del, gegrillte Gerichte)<\/li>\n<li data-section-id=\"ihn1pv\" data-start=\"1295\" data-end=\"1345\">Lebensmittelpr\u00e4sentation f\u00fcr Restaurants und Catering<\/li>\n<li data-section-id=\"pzjlv4\" data-start=\"1346\" data-end=\"1393\">Anwendungen zum D\u00e4mpfen, Grillen und Backen<\/li>\n<li data-section-id=\"61vwql\" data-start=\"1394\" data-end=\"1440\">Umweltfreundliche Verpackungen f\u00fcr Lebensmittelunternehmen<\/li>\n<\/ul>\n<hr data-start=\"1442\" data-end=\"1445\">\n<h3 data-section-id=\"grum48\" data-start=\"1447\" data-end=\"1480\"><span role=\"text\"><strong data-start=\"1451\" data-end=\"1480\">\ud83d\udce6 Produktspezifikationen<\/strong><\/span><\/h3>\n<ul data-start=\"1481\" data-end=\"1757\">\n<li data-section-id=\"1h4za6h\" data-start=\"1481\" data-end=\"1544\"><strong data-start=\"1483\" data-end=\"1500\">Produkttyp:<\/strong> Gefrorene Bananenbl\u00e4tter (ganze Bl\u00e4tter \/ geschnittene Bl\u00e4tter)<\/li>\n<li data-section-id=\"yjfiup\" data-start=\"1545\" data-end=\"1581\"><strong data-start=\"1547\" data-end=\"1562\">Verarbeitung:<\/strong> Gereinigt &amp; gefroren<\/li>\n<li data-section-id=\"895jai\" data-start=\"1582\" data-end=\"1605\"><strong data-start=\"1584\" data-end=\"1595\">Herkunft:<\/strong> Vietnam<\/li>\n<li data-section-id=\"5d1acd\" data-start=\"1606\" data-end=\"1647\"><strong data-start=\"1608\" data-end=\"1623\">Lagerf\u00e4higkeit:<\/strong> 18-24 Monate bei -18\u00b0C<\/li>\n<li data-section-id=\"hpqp2v\" data-start=\"1648\" data-end=\"1699\"><strong data-start=\"1650\" data-end=\"1664\">Verpackung:<\/strong> Gro\u00dfpackung \/ Einzelhandel \/ OEM anpassbar<\/li>\n<li data-section-id=\"14du7v2\" data-start=\"1700\" data-end=\"1757\"><strong data-start=\"1702\" data-end=\"1719\">Gr\u00f6\u00dfenoptionen:<\/strong> Kundenspezifische Gr\u00f6\u00dfen auf Anfrage erh\u00e4ltlich<\/li>\n<\/ul>\n<hr data-start=\"1759\" data-end=\"1762\">\n<h3 data-section-id=\"1a272qi\" data-start=\"1764\" data-end=\"1798\"><span role=\"text\"><strong data-start=\"1768\" data-end=\"1798\">\ud83d\ude9a Warum Nghiep Xuan w\u00e4hlen?<\/strong><\/span><\/h3>\n<ul data-start=\"1799\" data-end=\"2071\">\n<li data-section-id=\"u8w0bd\" data-start=\"1799\" data-end=\"1859\">Vertrauensw\u00fcrdiger Exporteur von <strong data-start=\"1821\" data-end=\"1857\">vietnamesischen Agrarprodukten<\/strong><\/li>\n<li data-section-id=\"yzeyas\" data-start=\"1860\" data-end=\"1902\">Starkes <strong data-start=\"1869\" data-end=\"1900\">K\u00fchlkettenlogistiksystem<\/strong><\/li>\n<li data-section-id=\"3r6uft\" data-start=\"1903\" data-end=\"1959\">Fokus auf <strong data-start=\"1914\" data-end=\"1957\">Qualit\u00e4t, Konsistenz und Hygienestandards<\/strong><\/li>\n<li data-section-id=\"13ucr6z\" data-start=\"1960\" data-end=\"2014\">Flexible <strong data-start=\"1971\" data-end=\"2012\">OEM\/Private Label-Verpackungsl\u00f6sungen<\/strong><\/li>\n<li data-section-id=\"sqpunu\" data-start=\"2015\" data-end=\"2071\">Unterst\u00fctzung von <strong data-start=\"2028\" data-end=\"2069\">nachhaltigen und umweltfreundlichen Produkten<\/strong><\/li>\n<\/ul>\n<hr data-start=\"2073\" data-end=\"2076\">\n<h3 data-section-id=\"sirax1\" data-start=\"2078\" data-end=\"2100\"><span role=\"text\"><strong data-start=\"2082\" data-end=\"2100\">\ud83d\udce9 Anfrage CTA<\/strong><\/span><\/h3>\n<p data-start=\"2101\" data-end=\"2251\">Sie suchen nach hochwertigen gefrorenen Bananenbl\u00e4ttern f\u00fcr Ihr Unternehmen?<br data-start=\"2165\" data-end=\"2168\">\ud83d\udc49 Kontaktieren Sie Nghiep Xuan noch heute f\u00fcr ein <strong data-start=\"2201\" data-end=\"2250\">Angebot, Muster und eine langfristige Zusammenarbeit<\/strong>.<\/p>\n<p data-start=\"2101\" data-end=\"2251\">E-Mail: info@nghiepxuan.com || WhatsApp\/Viber\/Zalo\/Wechat\/Hotline: +84939 345 598<\/p>\n","protected":false},"excerpt":{"rendered":"<p>Nachhaltige gefrorene Bananenbl\u00e4tter zum Einwickeln und Verpacken von Lebensmitteln. Nat\u00fcrlich, flexibel, Exportqualit\u00e4t. Zuverl\u00e4ssiger Lieferant aus Vietnam. Fordern Sie ein Angebot an.   <\/p>\n","protected":false},"featured_media":9958,"comment_status":"open","ping_status":"closed","template":"","meta":{"content-type":""},"product_brand":[],"product_cat":[420],"product_tag":[1170,1171,1172,1148],"class_list":{"0":"post-9968","1":"product","2":"type-product","3":"status-publish","4":"has-post-thumbnail","6":"product_cat-frozen-de","7":"product_tag-gefrorene-bananenblatter","8":"product_tag-gefrorenes-obst","9":"product_tag-tiefkuhlprodukte-vietnam","10":"product_tag-vietnam-export","12":"first","13":"instock","14":"shipping-taxable","15":"product-type-simple"},"yoast_head":"<!-- This site is optimized with the Yoast SEO plugin v26.9 - https:\/\/yoast.com\/product\/yoast-seo-wordpress\/ -->\n<title>Premium gefrorene Bananenbl\u00e4tter - Exportqualit\u00e4t | Nghiep Xuan Vietnam - Nghiep Xuan - Landwirtschaftlicher Import und Export<\/title>\n<meta name=\"description\" content=\"Gefrorene Premium-Bananenbl\u00e4tter aus Vietnam. Flexibel, umweltfreundlich, lebensmitteltaugliche Qualit\u00e4t. Lieferung in gro\u00dfen Mengen &amp; OEM-Verpackung. Kontaktieren Sie Nghiep Xuan noch heute.\" \/>\n<meta name=\"robots\" content=\"index, follow, max-snippet:-1, max-image-preview:large, max-video-preview:-1\" \/>\n<link rel=\"canonical\" href=\"https:\/\/nghiepxuan.com\/de\/product\/premium-gefrorene-bananenblaetter-exportqualitaet-nghiep-xuan-vietnam\/\" \/>\n<meta property=\"og:locale\" content=\"de_DE\" \/>\n<meta property=\"og:type\" content=\"article\" \/>\n<meta property=\"og:title\" content=\"Premium gefrorene Bananenbl\u00e4tter - Exportqualit\u00e4t | Nghiep Xuan Vietnam - Nghiep Xuan - Landwirtschaftlicher Import und Export\" \/>\n<meta property=\"og:description\" content=\"Gefrorene Premium-Bananenbl\u00e4tter aus Vietnam. Flexibel, umweltfreundlich, lebensmitteltaugliche Qualit\u00e4t. Lieferung in gro\u00dfen Mengen &amp; OEM-Verpackung. Kontaktieren Sie Nghiep Xuan noch heute.\" \/>\n<meta property=\"og:url\" content=\"https:\/\/nghiepxuan.com\/de\/product\/premium-gefrorene-bananenblaetter-exportqualitaet-nghiep-xuan-vietnam\/\" \/>\n<meta property=\"og:site_name\" content=\"Nghiep Xuan - Landwirtschaftlicher Import und Export\" \/>\n<meta property=\"article:publisher\" content=\"https:\/\/www.facebook.com\/nongsannghiepxuan\/\" \/>\n<meta property=\"og:image\" content=\"https:\/\/nghiepxuan.com\/wp-content\/uploads\/2026\/04\/JPEG-image-4118-9BE6-D9-0-228x272.jpeg\" \/>\n\t<meta property=\"og:image:width\" content=\"228\" \/>\n\t<meta property=\"og:image:height\" content=\"272\" \/>\n\t<meta property=\"og:image:type\" content=\"image\/jpeg\" \/>\n<meta name=\"twitter:card\" content=\"summary_large_image\" \/>\n<meta name=\"twitter:site\" content=\"@PhuTonBui\" \/>\n<meta name=\"twitter:label1\" content=\"Gesch\u00e4tzte Lesezeit\" \/>\n\t<meta name=\"twitter:data1\" content=\"1\u00a0Minute\" \/>\n<script type=\"application\/ld+json\" class=\"yoast-schema-graph\">{\"@context\":\"https:\/\/schema.org\",\"@graph\":[{\"@type\":\"WebPage\",\"@id\":\"https:\/\/nghiepxuan.com\/de\/product\/premium-gefrorene-bananenblaetter-exportqualitaet-nghiep-xuan-vietnam\/\",\"url\":\"https:\/\/nghiepxuan.com\/de\/product\/premium-gefrorene-bananenblaetter-exportqualitaet-nghiep-xuan-vietnam\/\",\"name\":\"Premium gefrorene Bananenbl\u00e4tter - Exportqualit\u00e4t | Nghiep Xuan Vietnam - Nghiep Xuan - Landwirtschaftlicher Import und Export\",\"isPartOf\":{\"@id\":\"https:\/\/nghiepxuan.com\/de\/#website\"},\"primaryImageOfPage\":{\"@id\":\"https:\/\/nghiepxuan.com\/de\/product\/premium-gefrorene-bananenblaetter-exportqualitaet-nghiep-xuan-vietnam\/#primaryimage\"},\"image\":{\"@id\":\"https:\/\/nghiepxuan.com\/de\/product\/premium-gefrorene-bananenblaetter-exportqualitaet-nghiep-xuan-vietnam\/#primaryimage\"},\"thumbnailUrl\":\"https:\/\/nghiepxuan.com\/wp-content\/uploads\/2026\/04\/JPEG-image-4118-9BE6-D9-0.jpeg\",\"datePublished\":\"2026-04-30T03:52:40+00:00\",\"description\":\"Gefrorene Premium-Bananenbl\u00e4tter aus Vietnam. Flexibel, umweltfreundlich, lebensmitteltaugliche Qualit\u00e4t. Lieferung in gro\u00dfen Mengen & OEM-Verpackung. Kontaktieren Sie Nghiep Xuan noch heute.\",\"breadcrumb\":{\"@id\":\"https:\/\/nghiepxuan.com\/de\/product\/premium-gefrorene-bananenblaetter-exportqualitaet-nghiep-xuan-vietnam\/#breadcrumb\"},\"inLanguage\":\"de\",\"potentialAction\":[{\"@type\":\"ReadAction\",\"target\":[\"https:\/\/nghiepxuan.com\/de\/product\/premium-gefrorene-bananenblaetter-exportqualitaet-nghiep-xuan-vietnam\/\"]}]},{\"@type\":\"ImageObject\",\"inLanguage\":\"de\",\"@id\":\"https:\/\/nghiepxuan.com\/de\/product\/premium-gefrorene-bananenblaetter-exportqualitaet-nghiep-xuan-vietnam\/#primaryimage\",\"url\":\"https:\/\/nghiepxuan.com\/wp-content\/uploads\/2026\/04\/JPEG-image-4118-9BE6-D9-0.jpeg\",\"contentUrl\":\"https:\/\/nghiepxuan.com\/wp-content\/uploads\/2026\/04\/JPEG-image-4118-9BE6-D9-0.jpeg\",\"width\":2145,\"height\":2560,\"caption\":\"Frozen banana leaves\"},{\"@type\":\"BreadcrumbList\",\"@id\":\"https:\/\/nghiepxuan.com\/de\/product\/premium-gefrorene-bananenblaetter-exportqualitaet-nghiep-xuan-vietnam\/#breadcrumb\",\"itemListElement\":[{\"@type\":\"ListItem\",\"position\":1,\"name\":\"Home\",\"item\":\"https:\/\/nghiepxuan.com\/de\/\"},{\"@type\":\"ListItem\",\"position\":2,\"name\":\"Gesch\u00e4ft\",\"item\":\"https:\/\/nghiepxuan.com\/de\/shop\/\"},{\"@type\":\"ListItem\",\"position\":3,\"name\":\"Premium gefrorene Bananenbl\u00e4tter &#8211; Exportqualit\u00e4t | Nghiep Xuan Vietnam\"}]},{\"@type\":\"WebSite\",\"@id\":\"https:\/\/nghiepxuan.com\/de\/#website\",\"url\":\"https:\/\/nghiepxuan.com\/de\/\",\"name\":\"Nghiep Xuan - Agricultural Import and Export\",\"description\":\"Die Natur pflegen, Gesundheit ernten: Ihr Ziel f\u00fcr einen Bio-Lebensstil\",\"publisher\":{\"@id\":\"https:\/\/nghiepxuan.com\/de\/#organization\"},\"potentialAction\":[{\"@type\":\"SearchAction\",\"target\":{\"@type\":\"EntryPoint\",\"urlTemplate\":\"https:\/\/nghiepxuan.com\/de\/?s={search_term_string}\"},\"query-input\":{\"@type\":\"PropertyValueSpecification\",\"valueRequired\":true,\"valueName\":\"search_term_string\"}}],\"inLanguage\":\"de\"},{\"@type\":\"Organization\",\"@id\":\"https:\/\/nghiepxuan.com\/de\/#organization\",\"name\":\"Nghiep Xuan - Agricultural Import and Export\",\"url\":\"https:\/\/nghiepxuan.com\/de\/\",\"logo\":{\"@type\":\"ImageObject\",\"inLanguage\":\"de\",\"@id\":\"https:\/\/nghiepxuan.com\/de\/#\/schema\/logo\/image\/\",\"url\":\"https:\/\/nghiepxuan.com\/wp-content\/uploads\/2025\/04\/Nghiep-Xuan-Logo-4.png\",\"contentUrl\":\"https:\/\/nghiepxuan.com\/wp-content\/uploads\/2025\/04\/Nghiep-Xuan-Logo-4.png\",\"width\":4167,\"height\":1015,\"caption\":\"Nghiep Xuan - Agricultural Import and Export\"},\"image\":{\"@id\":\"https:\/\/nghiepxuan.com\/de\/#\/schema\/logo\/image\/\"},\"sameAs\":[\"https:\/\/www.facebook.com\/nongsannghiepxuan\/\",\"https:\/\/x.com\/PhuTonBui\",\"https:\/\/www.instagram.com\/xuatnhapkhaunghiepxuan\/\",\"https:\/\/www.youtube.com\/@nongsannghiepxuan2066\",\"https:\/\/www.tiktok.com\/@nghiepxuan\"]}]}<\/script>\n<!-- \/ Yoast SEO plugin. -->","yoast_head_json":{"title":"Premium gefrorene Bananenbl\u00e4tter - Exportqualit\u00e4t | Nghiep Xuan Vietnam - Nghiep Xuan - Landwirtschaftlicher Import und Export","description":"Gefrorene Premium-Bananenbl\u00e4tter aus Vietnam. Flexibel, umweltfreundlich, lebensmitteltaugliche Qualit\u00e4t. Lieferung in gro\u00dfen Mengen & OEM-Verpackung. Kontaktieren Sie Nghiep Xuan noch heute.","robots":{"index":"index","follow":"follow","max-snippet":"max-snippet:-1","max-image-preview":"max-image-preview:large","max-video-preview":"max-video-preview:-1"},"canonical":"https:\/\/nghiepxuan.com\/de\/product\/premium-gefrorene-bananenblaetter-exportqualitaet-nghiep-xuan-vietnam\/","og_locale":"de_DE","og_type":"article","og_title":"Premium gefrorene Bananenbl\u00e4tter - Exportqualit\u00e4t | Nghiep Xuan Vietnam - Nghiep Xuan - Landwirtschaftlicher Import und Export","og_description":"Gefrorene Premium-Bananenbl\u00e4tter aus Vietnam. Flexibel, umweltfreundlich, lebensmitteltaugliche Qualit\u00e4t. Lieferung in gro\u00dfen Mengen & OEM-Verpackung. Kontaktieren Sie Nghiep Xuan noch heute.","og_url":"https:\/\/nghiepxuan.com\/de\/product\/premium-gefrorene-bananenblaetter-exportqualitaet-nghiep-xuan-vietnam\/","og_site_name":"Nghiep Xuan - Landwirtschaftlicher Import und Export","article_publisher":"https:\/\/www.facebook.com\/nongsannghiepxuan\/","og_image":[{"width":228,"height":272,"url":"https:\/\/nghiepxuan.com\/wp-content\/uploads\/2026\/04\/JPEG-image-4118-9BE6-D9-0-228x272.jpeg","type":"image\/jpeg"}],"twitter_card":"summary_large_image","twitter_site":"@PhuTonBui","twitter_misc":{"Gesch\u00e4tzte Lesezeit":"1\u00a0Minute"},"schema":{"@context":"https:\/\/schema.org","@graph":[{"@type":"WebPage","@id":"https:\/\/nghiepxuan.com\/de\/product\/premium-gefrorene-bananenblaetter-exportqualitaet-nghiep-xuan-vietnam\/","url":"https:\/\/nghiepxuan.com\/de\/product\/premium-gefrorene-bananenblaetter-exportqualitaet-nghiep-xuan-vietnam\/","name":"Premium gefrorene Bananenbl\u00e4tter - Exportqualit\u00e4t | Nghiep Xuan Vietnam - Nghiep Xuan - Landwirtschaftlicher Import und Export","isPartOf":{"@id":"https:\/\/nghiepxuan.com\/de\/#website"},"primaryImageOfPage":{"@id":"https:\/\/nghiepxuan.com\/de\/product\/premium-gefrorene-bananenblaetter-exportqualitaet-nghiep-xuan-vietnam\/#primaryimage"},"image":{"@id":"https:\/\/nghiepxuan.com\/de\/product\/premium-gefrorene-bananenblaetter-exportqualitaet-nghiep-xuan-vietnam\/#primaryimage"},"thumbnailUrl":"https:\/\/nghiepxuan.com\/wp-content\/uploads\/2026\/04\/JPEG-image-4118-9BE6-D9-0.jpeg","datePublished":"2026-04-30T03:52:40+00:00","description":"Gefrorene Premium-Bananenbl\u00e4tter aus Vietnam. Flexibel, umweltfreundlich, lebensmitteltaugliche Qualit\u00e4t. Lieferung in gro\u00dfen Mengen & OEM-Verpackung. Kontaktieren Sie Nghiep Xuan noch heute.","breadcrumb":{"@id":"https:\/\/nghiepxuan.com\/de\/product\/premium-gefrorene-bananenblaetter-exportqualitaet-nghiep-xuan-vietnam\/#breadcrumb"},"inLanguage":"de","potentialAction":[{"@type":"ReadAction","target":["https:\/\/nghiepxuan.com\/de\/product\/premium-gefrorene-bananenblaetter-exportqualitaet-nghiep-xuan-vietnam\/"]}]},{"@type":"ImageObject","inLanguage":"de","@id":"https:\/\/nghiepxuan.com\/de\/product\/premium-gefrorene-bananenblaetter-exportqualitaet-nghiep-xuan-vietnam\/#primaryimage","url":"https:\/\/nghiepxuan.com\/wp-content\/uploads\/2026\/04\/JPEG-image-4118-9BE6-D9-0.jpeg","contentUrl":"https:\/\/nghiepxuan.com\/wp-content\/uploads\/2026\/04\/JPEG-image-4118-9BE6-D9-0.jpeg","width":2145,"height":2560,"caption":"Frozen banana leaves"},{"@type":"BreadcrumbList","@id":"https:\/\/nghiepxuan.com\/de\/product\/premium-gefrorene-bananenblaetter-exportqualitaet-nghiep-xuan-vietnam\/#breadcrumb","itemListElement":[{"@type":"ListItem","position":1,"name":"Home","item":"https:\/\/nghiepxuan.com\/de\/"},{"@type":"ListItem","position":2,"name":"Gesch\u00e4ft","item":"https:\/\/nghiepxuan.com\/de\/shop\/"},{"@type":"ListItem","position":3,"name":"Premium gefrorene Bananenbl\u00e4tter &#8211; Exportqualit\u00e4t | Nghiep Xuan Vietnam"}]},{"@type":"WebSite","@id":"https:\/\/nghiepxuan.com\/de\/#website","url":"https:\/\/nghiepxuan.com\/de\/","name":"Nghiep Xuan - Agricultural Import and Export","description":"Die Natur pflegen, Gesundheit ernten: Ihr Ziel f\u00fcr einen Bio-Lebensstil","publisher":{"@id":"https:\/\/nghiepxuan.com\/de\/#organization"},"potentialAction":[{"@type":"SearchAction","target":{"@type":"EntryPoint","urlTemplate":"https:\/\/nghiepxuan.com\/de\/?s={search_term_string}"},"query-input":{"@type":"PropertyValueSpecification","valueRequired":true,"valueName":"search_term_string"}}],"inLanguage":"de"},{"@type":"Organization","@id":"https:\/\/nghiepxuan.com\/de\/#organization","name":"Nghiep Xuan - Agricultural Import and Export","url":"https:\/\/nghiepxuan.com\/de\/","logo":{"@type":"ImageObject","inLanguage":"de","@id":"https:\/\/nghiepxuan.com\/de\/#\/schema\/logo\/image\/","url":"https:\/\/nghiepxuan.com\/wp-content\/uploads\/2025\/04\/Nghiep-Xuan-Logo-4.png","contentUrl":"https:\/\/nghiepxuan.com\/wp-content\/uploads\/2025\/04\/Nghiep-Xuan-Logo-4.png","width":4167,"height":1015,"caption":"Nghiep Xuan - Agricultural Import and Export"},"image":{"@id":"https:\/\/nghiepxuan.com\/de\/#\/schema\/logo\/image\/"},"sameAs":["https:\/\/www.facebook.com\/nongsannghiepxuan\/","https:\/\/x.com\/PhuTonBui","https:\/\/www.instagram.com\/xuatnhapkhaunghiepxuan\/","https:\/\/www.youtube.com\/@nongsannghiepxuan2066","https:\/\/www.tiktok.com\/@nghiepxuan"]}]}},"_links":{"self":[{"href":"https:\/\/nghiepxuan.com\/de\/wp-json\/wp\/v2\/product\/9968","targetHints":{"allow":["GET"]}}],"collection":[{"href":"https:\/\/nghiepxuan.com\/de\/wp-json\/wp\/v2\/product"}],"about":[{"href":"https:\/\/nghiepxuan.com\/de\/wp-json\/wp\/v2\/types\/product"}],"replies":[{"embeddable":true,"href":"https:\/\/nghiepxuan.com\/de\/wp-json\/wp\/v2\/comments?post=9968"}],"version-history":[{"count":0,"href":"https:\/\/nghiepxuan.com\/de\/wp-json\/wp\/v2\/product\/9968\/revisions"}],"wp:featuredmedia":[{"embeddable":true,"href":"https:\/\/nghiepxuan.com\/de\/wp-json\/wp\/v2\/media\/9958"}],"wp:attachment":[{"href":"https:\/\/nghiepxuan.com\/de\/wp-json\/wp\/v2\/media?parent=9968"}],"wp:term":[{"taxonomy":"product_brand","embeddable":true,"href":"https:\/\/nghiepxuan.com\/de\/wp-json\/wp\/v2\/product_brand?post=9968"},{"taxonomy":"product_cat","embeddable":true,"href":"https:\/\/nghiepxuan.com\/de\/wp-json\/wp\/v2\/product_cat?post=9968"},{"taxonomy":"product_tag","embeddable":true,"href":"https:\/\/nghiepxuan.com\/de\/wp-json\/wp\/v2\/product_tag?post=9968"}],"curies":[{"name":"wp","href":"https:\/\/api.w.org\/{rel}","templated":true}]}}