{"id":9915,"date":"2026-04-30T03:40:40","date_gmt":"2026-04-30T03:40:40","guid":{"rendered":"https:\/\/nghiepxuan.com\/product\/premium-gefrorene-rote-chili-exportqualitaet-nghiep-xuan-vietnam\/"},"modified":"2026-04-30T03:40:57","modified_gmt":"2026-04-30T03:40:57","slug":"premium-gefrorene-rote-chili-exportqualitaet-nghiep-xuan-vietnam","status":"publish","type":"product","link":"https:\/\/nghiepxuan.com\/de\/product\/premium-gefrorene-rote-chili-exportqualitaet-nghiep-xuan-vietnam\/","title":{"rendered":"Premium gefrorene rote Chili &#8211; Exportqualit\u00e4t | Nghiep Xuan Vietnam"},"content":{"rendered":"<h3 data-section-id=\"10rmw79\" data-start=\"362\" data-end=\"378\"><span role=\"text\"><strong data-start=\"366\" data-end=\"378\">\u00dcbersicht<\/strong><\/span><\/h3>\n<p data-start=\"379\" data-end=\"603\">Nghiep Xuan bietet <strong data-start=\"398\" data-end=\"433\">Premium gefrorene rote Chilis (IQF)<\/strong> an, die von sorgf\u00e4ltig ausgew\u00e4hlten Farmen in Vietnam stammen und mit einer fortschrittlichen Gefriertechnologie verarbeitet werden, um ihre <strong data-start=\"549\" data-end=\"602\">nat\u00fcrliche Sch\u00e4rfe, ihre leuchtend rote Farbe und ihren frischen Geschmack<\/strong> zu bewahren.<\/p>\n<p data-start=\"605\" data-end=\"751\">Unser gefrorener roter Chili ist ideal f\u00fcr <strong data-start=\"640\" data-end=\"705\">Lebensmittelhersteller, Gew\u00fcrzverarbeiter und globale H\u00e4ndler<\/strong>, die eine gleichbleibende Qualit\u00e4t und eine stabile Versorgung suchen.<\/p>\n<hr data-start=\"753\" data-end=\"756\">\n<h3 data-section-id=\"vkanar\" data-start=\"758\" data-end=\"782\"><span role=\"text\"><strong data-start=\"762\" data-end=\"782\">\ud83c\udf36\ufe0f Hauptmerkmale<\/strong><\/span><\/h3>\n<ul data-start=\"783\" data-end=\"1151\">\n<li data-section-id=\"1v05lko\" data-start=\"783\" data-end=\"844\"><strong data-start=\"785\" data-end=\"816\">Hohe Sch\u00e4rfe &amp; reichhaltiger Geschmack<\/strong> &#8211; Authentisch w\u00fcrziges Profil<\/li>\n<li data-section-id=\"ffx0dx\" data-start=\"845\" data-end=\"901\"><strong data-start=\"847\" data-end=\"865\">IQF-Technologie<\/strong> &#8211; Bewahrt Frische und Textur<\/li>\n<li data-section-id=\"476tpv\" data-start=\"902\" data-end=\"963\"><strong data-start=\"904\" data-end=\"928\">Leuchtend nat\u00fcrliche Farbe<\/strong> &#8211; Attraktives tiefrotes Aussehen<\/li>\n<li data-section-id=\"16zuj4u\" data-start=\"964\" data-end=\"1016\"><strong data-start=\"966\" data-end=\"982\">100% nat\u00fcrlich<\/strong> &#8211; keine Zusatzstoffe oder Konservierungsmittel<\/li>\n<li data-section-id=\"1puak36\" data-start=\"1017\" data-end=\"1082\"><strong data-start=\"1019\" data-end=\"1039\">Flexible Formate<\/strong> &#8211; ganz, in Scheiben geschnitten, gehackt oder pastenfertig<\/li>\n<li data-section-id=\"cweks5\" data-start=\"1083\" data-end=\"1151\"><strong data-start=\"1085\" data-end=\"1117\">Qualit\u00e4tskontrolle in Exportqualit\u00e4t<\/strong> &#8211; Erf\u00fcllt internationale Standards<\/li>\n<\/ul>\n<hr data-start=\"1153\" data-end=\"1156\">\n<h3 data-section-id=\"f701lt\" data-start=\"1158\" data-end=\"1182\"><span role=\"text\"><strong data-start=\"1162\" data-end=\"1182\">\ud83c\udf7d\ufe0f Anwendungen<\/strong><\/span><\/h3>\n<p data-start=\"1183\" data-end=\"1232\">Perfekt f\u00fcr verschiedene industrielle und kulinarische Anwendungen:<\/p>\n<ul data-start=\"1233\" data-end=\"1402\">\n<li data-section-id=\"33jgbz\" data-start=\"1233\" data-end=\"1283\">Herstellung von Saucen, Chilipasten und Gew\u00fcrzen<\/li>\n<li data-section-id=\"12lxq67\" data-start=\"1284\" data-end=\"1317\">Tiefgek\u00fchlte und verzehrfertige Mahlzeiten<\/li>\n<li data-section-id=\"18zx0t0\" data-start=\"1318\" data-end=\"1357\">Asiatische, mexikanische und globale K\u00fcche<\/li>\n<li data-section-id=\"1rn0b24\" data-start=\"1358\" data-end=\"1402\">Foodservice und Restaurant-Lieferketten<\/li>\n<\/ul>\n<hr data-start=\"1404\" data-end=\"1407\">\n<h3 data-section-id=\"grum48\" data-start=\"1409\" data-end=\"1442\"><span role=\"text\"><strong data-start=\"1413\" data-end=\"1442\">\ud83d\udce6 Produktspezifikationen<\/strong><\/span><\/h3>\n<ul data-start=\"1443\" data-end=\"1743\">\n<li data-section-id=\"1yexywc\" data-start=\"1443\" data-end=\"1506\"><strong data-start=\"1445\" data-end=\"1462\">Produkttyp:<\/strong> Gefrorene rote Chili (ganz \/ geschnitten \/ gehackt)<\/li>\n<li data-section-id=\"1mfsgr9\" data-start=\"1507\" data-end=\"1558\"><strong data-start=\"1509\" data-end=\"1524\">Verarbeitung:<\/strong> IQF (Individuell Schnell Gefroren)<\/li>\n<li data-section-id=\"895jai\" data-start=\"1559\" data-end=\"1582\"><strong data-start=\"1561\" data-end=\"1572\">Herkunft:<\/strong> Vietnam<\/li>\n<li data-section-id=\"5d1acd\" data-start=\"1583\" data-end=\"1624\"><strong data-start=\"1585\" data-end=\"1600\">Lagerf\u00e4higkeit:<\/strong> 18-24 Monate bei -18\u00b0C<\/li>\n<li data-section-id=\"8l7ax0\" data-start=\"1625\" data-end=\"1673\"><strong data-start=\"1627\" data-end=\"1641\">Verpackung:<\/strong> Bulk \/ Einzelhandel \/ OEM verf\u00fcgbar<\/li>\n<li data-section-id=\"1ynrigw\" data-start=\"1674\" data-end=\"1743\"><strong data-start=\"1676\" data-end=\"1695\">Zertifizierungen:<\/strong> Auf Anfrage erh\u00e4ltlich (GlobalGAP, ISO, etc.)<\/li>\n<\/ul>\n<hr data-start=\"1745\" data-end=\"1748\">\n<h3 data-section-id=\"1a272qi\" data-start=\"1750\" data-end=\"1784\"><span role=\"text\"><strong data-start=\"1754\" data-end=\"1784\">\ud83d\ude9a Warum Nghiep Xuan w\u00e4hlen?<\/strong><\/span><\/h3>\n<ul data-start=\"1785\" data-end=\"2059\">\n<li data-section-id=\"1v18uxo\" data-start=\"1785\" data-end=\"1856\">Erfahrener <strong data-start=\"1799\" data-end=\"1854\">vietnamesischer Exporteur von gefrorenen landwirtschaftlichen Produkten<\/strong><\/li>\n<li data-section-id=\"x54rxg\" data-start=\"1857\" data-end=\"1916\">Starkes <strong data-start=\"1866\" data-end=\"1914\">K\u00fchlkettensystem zur Gew\u00e4hrleistung der Produktintegrit\u00e4t<\/strong><\/li>\n<li data-section-id=\"itwb2v\" data-start=\"1917\" data-end=\"1960\">Zuverl\u00e4ssige <strong data-start=\"1928\" data-end=\"1958\">, ganzj\u00e4hrige Lieferkapazit\u00e4t<\/strong><\/li>\n<li data-section-id=\"yfb7h\" data-start=\"1961\" data-end=\"2007\">Flexible <strong data-start=\"1972\" data-end=\"2005\">OEM- und Eigenmarkenl\u00f6sungen<\/strong><\/li>\n<li data-section-id=\"1qxssst\" data-start=\"2008\" data-end=\"2059\">Engagement f\u00fcr <strong data-start=\"2024\" data-end=\"2057\">langfristige globale Partnerschaften<\/strong><\/li>\n<\/ul>\n<hr data-start=\"2061\" data-end=\"2064\">\n<h3 data-section-id=\"sirax1\" data-start=\"2066\" data-end=\"2088\"><span role=\"text\"><strong data-start=\"2070\" data-end=\"2088\">\ud83d\udce9 Anfrage CTA<\/strong><\/span><\/h3>\n<p data-start=\"2089\" data-end=\"2229\">Sie suchen einen zuverl\u00e4ssigen Lieferanten f\u00fcr gefrorene rote Chilis?<br data-start=\"2141\" data-end=\"2144\">\ud83d\udc49 Kontaktieren Sie Nghiep Xuan noch heute f\u00fcr <strong data-start=\"2177\" data-end=\"2228\">Preise, Muster und Partnerschaftsm\u00f6glichkeiten<\/strong>.<\/p>\n<p data-start=\"2089\" data-end=\"2229\">E-Mail: info@nghiepxuan.com || WhatsApp\/Viber\/Zalo\/Wechat\/Hotline: +84939 345 598<\/p>\n","protected":false},"excerpt":{"rendered":"<p>Hochwertige gefrorene rote Chilis aus Vietnam. Starke Sch\u00e4rfe, lebendige Farbe, Lieferung in gro\u00dfen Mengen &amp; OEM-Verpackung. Kontaktieren Sie Nghiep Xuan f\u00fcr das beste Angebot.  <\/p>\n","protected":false},"featured_media":9905,"comment_status":"open","ping_status":"closed","template":"","meta":{"content-type":""},"product_brand":[],"product_cat":[420],"product_tag":[1147,1120,1119,1148],"class_list":{"0":"post-9915","1":"product","2":"type-product","3":"status-publish","4":"has-post-thumbnail","6":"product_cat-frozen-de","7":"product_tag-gefrorene-rote-chili","8":"product_tag-gefrorenes-obst-vietnam","9":"product_tag-tiefkuhlprodukt","10":"product_tag-vietnam-export","12":"first","13":"instock","14":"shipping-taxable","15":"product-type-simple"},"yoast_head":"<!-- This site is optimized with the Yoast SEO plugin v26.9 - https:\/\/yoast.com\/product\/yoast-seo-wordpress\/ -->\n<title>Premium gefrorene rote Chili - Exportqualit\u00e4t | Nghiep Xuan Vietnam - Nghiep Xuan - Landwirtschaftlicher Import und Export<\/title>\n<meta name=\"description\" content=\"Premium IQF gefrorener roter Chili aus Vietnam. Starke Sch\u00e4rfe, lebendige Farbe, Lieferung in gro\u00dfen Mengen &amp; OEM-Verpackung. Kontaktieren Sie Nghiep Xuan f\u00fcr das beste Angebot.\" \/>\n<meta name=\"robots\" content=\"index, follow, max-snippet:-1, max-image-preview:large, max-video-preview:-1\" \/>\n<link rel=\"canonical\" href=\"https:\/\/nghiepxuan.com\/de\/product\/premium-gefrorene-rote-chili-exportqualitaet-nghiep-xuan-vietnam\/\" \/>\n<meta property=\"og:locale\" content=\"de_DE\" \/>\n<meta property=\"og:type\" content=\"article\" \/>\n<meta property=\"og:title\" content=\"Premium gefrorene rote Chili - Exportqualit\u00e4t | Nghiep Xuan Vietnam - Nghiep Xuan - Landwirtschaftlicher Import und Export\" \/>\n<meta property=\"og:description\" content=\"Premium IQF gefrorener roter Chili aus Vietnam. Starke Sch\u00e4rfe, lebendige Farbe, Lieferung in gro\u00dfen Mengen &amp; OEM-Verpackung. Kontaktieren Sie Nghiep Xuan f\u00fcr das beste Angebot.\" \/>\n<meta property=\"og:url\" content=\"https:\/\/nghiepxuan.com\/de\/product\/premium-gefrorene-rote-chili-exportqualitaet-nghiep-xuan-vietnam\/\" \/>\n<meta property=\"og:site_name\" content=\"Nghiep Xuan - Landwirtschaftlicher Import und Export\" \/>\n<meta property=\"article:publisher\" content=\"https:\/\/www.facebook.com\/nongsannghiepxuan\/\" \/>\n<meta property=\"article:modified_time\" content=\"2026-04-30T03:40:57+00:00\" \/>\n<meta property=\"og:image\" content=\"https:\/\/nghiepxuan.com\/wp-content\/uploads\/2026\/04\/JPEG-image-417C-8265-97-0-204x272.jpeg\" \/>\n\t<meta property=\"og:image:width\" content=\"204\" \/>\n\t<meta property=\"og:image:height\" content=\"272\" \/>\n\t<meta property=\"og:image:type\" content=\"image\/jpeg\" \/>\n<meta name=\"twitter:card\" content=\"summary_large_image\" \/>\n<meta name=\"twitter:site\" content=\"@PhuTonBui\" \/>\n<meta name=\"twitter:label1\" content=\"Gesch\u00e4tzte Lesezeit\" \/>\n\t<meta name=\"twitter:data1\" content=\"1\u00a0Minute\" \/>\n<script type=\"application\/ld+json\" class=\"yoast-schema-graph\">{\"@context\":\"https:\/\/schema.org\",\"@graph\":[{\"@type\":\"WebPage\",\"@id\":\"https:\/\/nghiepxuan.com\/de\/product\/premium-gefrorene-rote-chili-exportqualitaet-nghiep-xuan-vietnam\/\",\"url\":\"https:\/\/nghiepxuan.com\/de\/product\/premium-gefrorene-rote-chili-exportqualitaet-nghiep-xuan-vietnam\/\",\"name\":\"Premium gefrorene rote Chili - Exportqualit\u00e4t | Nghiep Xuan Vietnam - Nghiep Xuan - Landwirtschaftlicher Import und Export\",\"isPartOf\":{\"@id\":\"https:\/\/nghiepxuan.com\/de\/#website\"},\"primaryImageOfPage\":{\"@id\":\"https:\/\/nghiepxuan.com\/de\/product\/premium-gefrorene-rote-chili-exportqualitaet-nghiep-xuan-vietnam\/#primaryimage\"},\"image\":{\"@id\":\"https:\/\/nghiepxuan.com\/de\/product\/premium-gefrorene-rote-chili-exportqualitaet-nghiep-xuan-vietnam\/#primaryimage\"},\"thumbnailUrl\":\"https:\/\/nghiepxuan.com\/wp-content\/uploads\/2026\/04\/JPEG-image-417C-8265-97-0.jpeg\",\"datePublished\":\"2026-04-30T03:40:40+00:00\",\"dateModified\":\"2026-04-30T03:40:57+00:00\",\"description\":\"Premium IQF gefrorener roter Chili aus Vietnam. Starke Sch\u00e4rfe, lebendige Farbe, Lieferung in gro\u00dfen Mengen & OEM-Verpackung. Kontaktieren Sie Nghiep Xuan f\u00fcr das beste Angebot.\",\"breadcrumb\":{\"@id\":\"https:\/\/nghiepxuan.com\/de\/product\/premium-gefrorene-rote-chili-exportqualitaet-nghiep-xuan-vietnam\/#breadcrumb\"},\"inLanguage\":\"de\",\"potentialAction\":[{\"@type\":\"ReadAction\",\"target\":[\"https:\/\/nghiepxuan.com\/de\/product\/premium-gefrorene-rote-chili-exportqualitaet-nghiep-xuan-vietnam\/\"]}]},{\"@type\":\"ImageObject\",\"inLanguage\":\"de\",\"@id\":\"https:\/\/nghiepxuan.com\/de\/product\/premium-gefrorene-rote-chili-exportqualitaet-nghiep-xuan-vietnam\/#primaryimage\",\"url\":\"https:\/\/nghiepxuan.com\/wp-content\/uploads\/2026\/04\/JPEG-image-417C-8265-97-0.jpeg\",\"contentUrl\":\"https:\/\/nghiepxuan.com\/wp-content\/uploads\/2026\/04\/JPEG-image-417C-8265-97-0.jpeg\",\"width\":1920,\"height\":2560,\"caption\":\"Frozen Red Chilli\"},{\"@type\":\"BreadcrumbList\",\"@id\":\"https:\/\/nghiepxuan.com\/de\/product\/premium-gefrorene-rote-chili-exportqualitaet-nghiep-xuan-vietnam\/#breadcrumb\",\"itemListElement\":[{\"@type\":\"ListItem\",\"position\":1,\"name\":\"Home\",\"item\":\"https:\/\/nghiepxuan.com\/de\/\"},{\"@type\":\"ListItem\",\"position\":2,\"name\":\"Gesch\u00e4ft\",\"item\":\"https:\/\/nghiepxuan.com\/de\/shop\/\"},{\"@type\":\"ListItem\",\"position\":3,\"name\":\"Premium gefrorene rote Chili &#8211; Exportqualit\u00e4t | Nghiep Xuan Vietnam\"}]},{\"@type\":\"WebSite\",\"@id\":\"https:\/\/nghiepxuan.com\/de\/#website\",\"url\":\"https:\/\/nghiepxuan.com\/de\/\",\"name\":\"Nghiep Xuan - Agricultural Import and Export\",\"description\":\"Die Natur pflegen, Gesundheit ernten: Ihr Ziel f\u00fcr einen Bio-Lebensstil\",\"publisher\":{\"@id\":\"https:\/\/nghiepxuan.com\/de\/#organization\"},\"potentialAction\":[{\"@type\":\"SearchAction\",\"target\":{\"@type\":\"EntryPoint\",\"urlTemplate\":\"https:\/\/nghiepxuan.com\/de\/?s={search_term_string}\"},\"query-input\":{\"@type\":\"PropertyValueSpecification\",\"valueRequired\":true,\"valueName\":\"search_term_string\"}}],\"inLanguage\":\"de\"},{\"@type\":\"Organization\",\"@id\":\"https:\/\/nghiepxuan.com\/de\/#organization\",\"name\":\"Nghiep Xuan - Agricultural Import and Export\",\"url\":\"https:\/\/nghiepxuan.com\/de\/\",\"logo\":{\"@type\":\"ImageObject\",\"inLanguage\":\"de\",\"@id\":\"https:\/\/nghiepxuan.com\/de\/#\/schema\/logo\/image\/\",\"url\":\"https:\/\/nghiepxuan.com\/wp-content\/uploads\/2025\/04\/Nghiep-Xuan-Logo-4.png\",\"contentUrl\":\"https:\/\/nghiepxuan.com\/wp-content\/uploads\/2025\/04\/Nghiep-Xuan-Logo-4.png\",\"width\":4167,\"height\":1015,\"caption\":\"Nghiep Xuan - Agricultural Import and Export\"},\"image\":{\"@id\":\"https:\/\/nghiepxuan.com\/de\/#\/schema\/logo\/image\/\"},\"sameAs\":[\"https:\/\/www.facebook.com\/nongsannghiepxuan\/\",\"https:\/\/x.com\/PhuTonBui\",\"https:\/\/www.instagram.com\/xuatnhapkhaunghiepxuan\/\",\"https:\/\/www.youtube.com\/@nongsannghiepxuan2066\",\"https:\/\/www.tiktok.com\/@nghiepxuan\"]}]}<\/script>\n<!-- \/ Yoast SEO plugin. -->","yoast_head_json":{"title":"Premium gefrorene rote Chili - Exportqualit\u00e4t | Nghiep Xuan Vietnam - Nghiep Xuan - Landwirtschaftlicher Import und Export","description":"Premium IQF gefrorener roter Chili aus Vietnam. Starke Sch\u00e4rfe, lebendige Farbe, Lieferung in gro\u00dfen Mengen & OEM-Verpackung. Kontaktieren Sie Nghiep Xuan f\u00fcr das beste Angebot.","robots":{"index":"index","follow":"follow","max-snippet":"max-snippet:-1","max-image-preview":"max-image-preview:large","max-video-preview":"max-video-preview:-1"},"canonical":"https:\/\/nghiepxuan.com\/de\/product\/premium-gefrorene-rote-chili-exportqualitaet-nghiep-xuan-vietnam\/","og_locale":"de_DE","og_type":"article","og_title":"Premium gefrorene rote Chili - Exportqualit\u00e4t | Nghiep Xuan Vietnam - Nghiep Xuan - Landwirtschaftlicher Import und Export","og_description":"Premium IQF gefrorener roter Chili aus Vietnam. Starke Sch\u00e4rfe, lebendige Farbe, Lieferung in gro\u00dfen Mengen & OEM-Verpackung. Kontaktieren Sie Nghiep Xuan f\u00fcr das beste Angebot.","og_url":"https:\/\/nghiepxuan.com\/de\/product\/premium-gefrorene-rote-chili-exportqualitaet-nghiep-xuan-vietnam\/","og_site_name":"Nghiep Xuan - Landwirtschaftlicher Import und Export","article_publisher":"https:\/\/www.facebook.com\/nongsannghiepxuan\/","article_modified_time":"2026-04-30T03:40:57+00:00","og_image":[{"width":204,"height":272,"url":"https:\/\/nghiepxuan.com\/wp-content\/uploads\/2026\/04\/JPEG-image-417C-8265-97-0-204x272.jpeg","type":"image\/jpeg"}],"twitter_card":"summary_large_image","twitter_site":"@PhuTonBui","twitter_misc":{"Gesch\u00e4tzte Lesezeit":"1\u00a0Minute"},"schema":{"@context":"https:\/\/schema.org","@graph":[{"@type":"WebPage","@id":"https:\/\/nghiepxuan.com\/de\/product\/premium-gefrorene-rote-chili-exportqualitaet-nghiep-xuan-vietnam\/","url":"https:\/\/nghiepxuan.com\/de\/product\/premium-gefrorene-rote-chili-exportqualitaet-nghiep-xuan-vietnam\/","name":"Premium gefrorene rote Chili - Exportqualit\u00e4t | Nghiep Xuan Vietnam - Nghiep Xuan - Landwirtschaftlicher Import und Export","isPartOf":{"@id":"https:\/\/nghiepxuan.com\/de\/#website"},"primaryImageOfPage":{"@id":"https:\/\/nghiepxuan.com\/de\/product\/premium-gefrorene-rote-chili-exportqualitaet-nghiep-xuan-vietnam\/#primaryimage"},"image":{"@id":"https:\/\/nghiepxuan.com\/de\/product\/premium-gefrorene-rote-chili-exportqualitaet-nghiep-xuan-vietnam\/#primaryimage"},"thumbnailUrl":"https:\/\/nghiepxuan.com\/wp-content\/uploads\/2026\/04\/JPEG-image-417C-8265-97-0.jpeg","datePublished":"2026-04-30T03:40:40+00:00","dateModified":"2026-04-30T03:40:57+00:00","description":"Premium IQF gefrorener roter Chili aus Vietnam. Starke Sch\u00e4rfe, lebendige Farbe, Lieferung in gro\u00dfen Mengen & OEM-Verpackung. Kontaktieren Sie Nghiep Xuan f\u00fcr das beste Angebot.","breadcrumb":{"@id":"https:\/\/nghiepxuan.com\/de\/product\/premium-gefrorene-rote-chili-exportqualitaet-nghiep-xuan-vietnam\/#breadcrumb"},"inLanguage":"de","potentialAction":[{"@type":"ReadAction","target":["https:\/\/nghiepxuan.com\/de\/product\/premium-gefrorene-rote-chili-exportqualitaet-nghiep-xuan-vietnam\/"]}]},{"@type":"ImageObject","inLanguage":"de","@id":"https:\/\/nghiepxuan.com\/de\/product\/premium-gefrorene-rote-chili-exportqualitaet-nghiep-xuan-vietnam\/#primaryimage","url":"https:\/\/nghiepxuan.com\/wp-content\/uploads\/2026\/04\/JPEG-image-417C-8265-97-0.jpeg","contentUrl":"https:\/\/nghiepxuan.com\/wp-content\/uploads\/2026\/04\/JPEG-image-417C-8265-97-0.jpeg","width":1920,"height":2560,"caption":"Frozen Red Chilli"},{"@type":"BreadcrumbList","@id":"https:\/\/nghiepxuan.com\/de\/product\/premium-gefrorene-rote-chili-exportqualitaet-nghiep-xuan-vietnam\/#breadcrumb","itemListElement":[{"@type":"ListItem","position":1,"name":"Home","item":"https:\/\/nghiepxuan.com\/de\/"},{"@type":"ListItem","position":2,"name":"Gesch\u00e4ft","item":"https:\/\/nghiepxuan.com\/de\/shop\/"},{"@type":"ListItem","position":3,"name":"Premium gefrorene rote Chili &#8211; Exportqualit\u00e4t | Nghiep Xuan Vietnam"}]},{"@type":"WebSite","@id":"https:\/\/nghiepxuan.com\/de\/#website","url":"https:\/\/nghiepxuan.com\/de\/","name":"Nghiep Xuan - Agricultural Import and Export","description":"Die Natur pflegen, Gesundheit ernten: Ihr Ziel f\u00fcr einen Bio-Lebensstil","publisher":{"@id":"https:\/\/nghiepxuan.com\/de\/#organization"},"potentialAction":[{"@type":"SearchAction","target":{"@type":"EntryPoint","urlTemplate":"https:\/\/nghiepxuan.com\/de\/?s={search_term_string}"},"query-input":{"@type":"PropertyValueSpecification","valueRequired":true,"valueName":"search_term_string"}}],"inLanguage":"de"},{"@type":"Organization","@id":"https:\/\/nghiepxuan.com\/de\/#organization","name":"Nghiep Xuan - Agricultural Import and Export","url":"https:\/\/nghiepxuan.com\/de\/","logo":{"@type":"ImageObject","inLanguage":"de","@id":"https:\/\/nghiepxuan.com\/de\/#\/schema\/logo\/image\/","url":"https:\/\/nghiepxuan.com\/wp-content\/uploads\/2025\/04\/Nghiep-Xuan-Logo-4.png","contentUrl":"https:\/\/nghiepxuan.com\/wp-content\/uploads\/2025\/04\/Nghiep-Xuan-Logo-4.png","width":4167,"height":1015,"caption":"Nghiep Xuan - Agricultural Import and Export"},"image":{"@id":"https:\/\/nghiepxuan.com\/de\/#\/schema\/logo\/image\/"},"sameAs":["https:\/\/www.facebook.com\/nongsannghiepxuan\/","https:\/\/x.com\/PhuTonBui","https:\/\/www.instagram.com\/xuatnhapkhaunghiepxuan\/","https:\/\/www.youtube.com\/@nongsannghiepxuan2066","https:\/\/www.tiktok.com\/@nghiepxuan"]}]}},"_links":{"self":[{"href":"https:\/\/nghiepxuan.com\/de\/wp-json\/wp\/v2\/product\/9915","targetHints":{"allow":["GET"]}}],"collection":[{"href":"https:\/\/nghiepxuan.com\/de\/wp-json\/wp\/v2\/product"}],"about":[{"href":"https:\/\/nghiepxuan.com\/de\/wp-json\/wp\/v2\/types\/product"}],"replies":[{"embeddable":true,"href":"https:\/\/nghiepxuan.com\/de\/wp-json\/wp\/v2\/comments?post=9915"}],"version-history":[{"count":1,"href":"https:\/\/nghiepxuan.com\/de\/wp-json\/wp\/v2\/product\/9915\/revisions"}],"predecessor-version":[{"id":9917,"href":"https:\/\/nghiepxuan.com\/de\/wp-json\/wp\/v2\/product\/9915\/revisions\/9917"}],"wp:featuredmedia":[{"embeddable":true,"href":"https:\/\/nghiepxuan.com\/de\/wp-json\/wp\/v2\/media\/9905"}],"wp:attachment":[{"href":"https:\/\/nghiepxuan.com\/de\/wp-json\/wp\/v2\/media?parent=9915"}],"wp:term":[{"taxonomy":"product_brand","embeddable":true,"href":"https:\/\/nghiepxuan.com\/de\/wp-json\/wp\/v2\/product_brand?post=9915"},{"taxonomy":"product_cat","embeddable":true,"href":"https:\/\/nghiepxuan.com\/de\/wp-json\/wp\/v2\/product_cat?post=9915"},{"taxonomy":"product_tag","embeddable":true,"href":"https:\/\/nghiepxuan.com\/de\/wp-json\/wp\/v2\/product_tag?post=9915"}],"curies":[{"name":"wp","href":"https:\/\/api.w.org\/{rel}","templated":true}]}}