{"id":9862,"date":"2026-04-30T03:27:11","date_gmt":"2026-04-30T03:27:11","guid":{"rendered":"https:\/\/nghiepxuan.com\/product\/premium-gefrorenes-zitronengras-exportqualitaet-nghiep-xuan-vietnam\/"},"modified":"2026-04-30T03:27:31","modified_gmt":"2026-04-30T03:27:31","slug":"premium-gefrorenes-zitronengras-exportqualitaet-nghiep-xuan-vietnam","status":"publish","type":"product","link":"https:\/\/nghiepxuan.com\/de\/product\/premium-gefrorenes-zitronengras-exportqualitaet-nghiep-xuan-vietnam\/","title":{"rendered":"Premium gefrorenes Zitronengras &#8211; Exportqualit\u00e4t | Nghiep Xuan Vietnam"},"content":{"rendered":"<h3 data-section-id=\"10rmw79\" data-start=\"311\" data-end=\"327\"><span role=\"text\"><strong data-start=\"315\" data-end=\"327\">\u00dcbersicht<\/strong><\/span><\/h3>\n<p data-start=\"328\" data-end=\"562\">Nghiep Xuan ist stolz darauf, <strong data-start=\"355\" data-end=\"390\">Premium-Zitronengras in gefrorener Form<\/strong> anbieten zu k\u00f6nnen. Es wird sorgf\u00e4ltig von hochwertigen Farmen in Vietnam ausgew\u00e4hlt und mit Hilfe fortschrittlicher Gefriertechnologie verarbeitet, um sein <strong data-start=\"511\" data-end=\"561\">frisches Aroma, seinen nat\u00fcrlichen Geschmack und seine leuchtende Farbe<\/strong> zu bewahren.<\/p>\n<p data-start=\"564\" data-end=\"733\">Unser gefrorenes Zitronengras ist eine gute Wahl f\u00fcr Lebensmittelhersteller, Restaurants und internationale H\u00e4ndler, die eine gleichbleibende Qualit\u00e4t und eine zuverl\u00e4ssige Versorgung f\u00fcr die globalen M\u00e4rkte ben\u00f6tigen.<\/p>\n<h3 data-section-id=\"pqwi63\" data-start=\"740\" data-end=\"763\"><span role=\"text\"><strong data-start=\"744\" data-end=\"763\">\ud83c\udf31 Hauptmerkmale<\/strong><\/span><\/h3>\n<ul data-start=\"764\" data-end=\"1153\">\n<li data-section-id=\"16zuj4u\" data-start=\"764\" data-end=\"816\"><strong data-start=\"766\" data-end=\"782\">100% nat\u00fcrlich<\/strong> &#8211; keine Zusatzstoffe oder Konservierungsmittel<\/li>\n<li data-section-id=\"b1xbsj\" data-start=\"817\" data-end=\"889\"><strong data-start=\"819\" data-end=\"837\">IQF-Technologie<\/strong> &#8211; Individuelles Schnellgefrieren zur Erhaltung der Frische<\/li>\n<li data-section-id=\"jl4ko6\" data-start=\"890\" data-end=\"961\"><strong data-start=\"892\" data-end=\"917\">Starkes Aroma &amp; Geschmack<\/strong> &#8211; Authentisches vietnamesisches Zitronengrasprofil<\/li>\n<li data-section-id=\"1nww1p\" data-start=\"962\" data-end=\"1026\"><strong data-start=\"964\" data-end=\"990\">Einheitliche Schnitte verf\u00fcgbar<\/strong> &#8211; ganze St\u00e4ngel, in Scheiben geschnitten oder gehackt<\/li>\n<li data-section-id=\"76kt9m\" data-start=\"1027\" data-end=\"1099\"><strong data-start=\"1029\" data-end=\"1055\">Strenge Qualit\u00e4tskontrolle<\/strong> &#8211; Verarbeitet nach internationalen Standards<\/li>\n<li data-section-id=\"197pont\" data-start=\"1100\" data-end=\"1153\"><strong data-start=\"1102\" data-end=\"1125\">Stabile Lieferkette<\/strong> &#8211; Ganzj\u00e4hrige Verf\u00fcgbarkeit<\/li>\n<\/ul>\n<hr data-start=\"1155\" data-end=\"1158\">\n<h3 data-section-id=\"f701lt\" data-start=\"1160\" data-end=\"1184\"><span role=\"text\"><strong data-start=\"1164\" data-end=\"1184\">\ud83c\udf7d\ufe0f Anwendungen<\/strong><\/span><\/h3>\n<p data-start=\"1185\" data-end=\"1242\">Perfekt f\u00fcr eine breite Palette von kulinarischen und industriellen Anwendungen:<\/p>\n<ul data-start=\"1243\" data-end=\"1411\">\n<li data-section-id=\"uqk4pp\" data-start=\"1243\" data-end=\"1294\">Asiatische K\u00fcche (thail\u00e4ndische, vietnamesische, indische Gerichte)<\/li>\n<li data-section-id=\"bpxnsa\" data-start=\"1295\" data-end=\"1328\">Suppen, Currys und Marinaden<\/li>\n<li data-section-id=\"gik96f\" data-start=\"1329\" data-end=\"1364\">Herstellung von Saucen und Gew\u00fcrzen<\/li>\n<li data-section-id=\"4j6s4s\" data-start=\"1365\" data-end=\"1411\">Herstellung von verzehrfertigen und tiefgek\u00fchlten Mahlzeiten<\/li>\n<\/ul>\n<hr data-start=\"1413\" data-end=\"1416\">\n<h3 data-section-id=\"grum48\" data-start=\"1418\" data-end=\"1451\"><span role=\"text\"><strong data-start=\"1422\" data-end=\"1451\">\ud83d\udce6 Produktspezifikationen<\/strong><\/span><\/h3>\n<ul data-start=\"1452\" data-end=\"1756\">\n<li data-section-id=\"126vdfs\" data-start=\"1452\" data-end=\"1514\"><strong data-start=\"1454\" data-end=\"1471\">Produkttyp:<\/strong> Gefrorenes Zitronengras (ganz \/ geschnitten \/ gehackt)<\/li>\n<li data-section-id=\"1mfsgr9\" data-start=\"1515\" data-end=\"1566\"><strong data-start=\"1517\" data-end=\"1532\">Verarbeitung:<\/strong> IQF (Individuell Schnell Gefroren)<\/li>\n<li data-section-id=\"895jai\" data-start=\"1567\" data-end=\"1590\"><strong data-start=\"1569\" data-end=\"1580\">Herkunft:<\/strong> Vietnam<\/li>\n<li data-section-id=\"5d1acd\" data-start=\"1591\" data-end=\"1632\"><strong data-start=\"1593\" data-end=\"1608\">Lagerf\u00e4higkeit:<\/strong> 18-24 Monate bei -18\u00b0C<\/li>\n<li data-section-id=\"1oonqk6\" data-start=\"1633\" data-end=\"1686\"><strong data-start=\"1635\" data-end=\"1649\">Verpackung:<\/strong> Anpassbar (Einzelhandel \/ Bulk \/ OEM)<\/li>\n<li data-section-id=\"1ynrigw\" data-start=\"1687\" data-end=\"1756\"><strong data-start=\"1689\" data-end=\"1708\">Zertifizierungen:<\/strong> Auf Anfrage erh\u00e4ltlich (GlobalGAP, ISO, etc.)<\/li>\n<\/ul>\n<hr data-start=\"1758\" data-end=\"1761\">\n<h3 data-section-id=\"1a272qi\" data-start=\"1763\" data-end=\"1797\"><span role=\"text\"><strong data-start=\"1767\" data-end=\"1797\">\ud83d\ude9a Warum Nghiep Xuan w\u00e4hlen?<\/strong><\/span><\/h3>\n<ul data-start=\"1798\" data-end=\"2072\">\n<li data-section-id=\"pis8qb\" data-start=\"1798\" data-end=\"1865\">Vertrauensw\u00fcrdiger <strong data-start=\"1808\" data-end=\"1863\">vietnamesischer Exporteur von gefrorenen landwirtschaftlichen Produkten<\/strong><\/li>\n<li data-section-id=\"1dluc3p\" data-start=\"1866\" data-end=\"1934\">Ausgepr\u00e4gte Expertise in der <strong data-start=\"1888\" data-end=\"1932\">K\u00fchlkettenlogistik und im weltweiten Versand<\/strong><\/li>\n<li data-section-id=\"6kqz28\" data-start=\"1935\" data-end=\"2002\">Engagement f\u00fcr <strong data-start=\"1951\" data-end=\"2000\">best\u00e4ndige Qualit\u00e4t und langfristige Partnerschaften<\/strong><\/li>\n<li data-section-id=\"9r4hrz\" data-start=\"2003\" data-end=\"2072\">Flexible <strong data-start=\"2014\" data-end=\"2045\">OEM\/Private Label-L\u00f6sungen<\/strong> f\u00fcr internationale K\u00e4ufer<\/li>\n<\/ul>\n<hr data-start=\"2074\" data-end=\"2077\">\n<h3 data-section-id=\"6a2jx1\" data-start=\"2079\" data-end=\"2107\"><span role=\"text\"><strong data-start=\"2083\" data-end=\"2107\">\ud83d\udce9 Anfrage &amp; Kontakt<\/strong><\/span><\/h3>\n<p data-start=\"2108\" data-end=\"2251\">Suchen Sie einen zuverl\u00e4ssigen Lieferanten f\u00fcr gefrorenes Zitronengras?<br data-start=\"2161\" data-end=\"2164\">\ud83d\udc49 Kontaktieren Sie Nghiep Xuan noch heute f\u00fcr ein <strong data-start=\"2197\" data-end=\"2250\">Angebot, Muster und Partnerschaftsm\u00f6glichkeiten<\/strong>.<\/p>\n<p data-start=\"2108\" data-end=\"2251\">E-Mail: info@nghiepxuan.com || WhatsApp\/Viber\/Zalo\/Wechat\/Hotline: +84939 345 598<\/p>\n","protected":false},"excerpt":{"rendered":"<p>Gefrorenes Premium-Zitronengras aus Vietnam. Starkes Aroma, Exportqualit\u00e4t, lose Lieferung &amp; OEM-Verpackung. Kontaktieren Sie Nghiep Xuan f\u00fcr ein Angebot.  <\/p>\n","protected":false},"featured_media":9841,"comment_status":"open","ping_status":"closed","template":"","meta":{"content-type":""},"product_brand":[],"product_cat":[420],"product_tag":[1120,1117,1118,1119],"class_list":{"0":"post-9862","1":"product","2":"type-product","3":"status-publish","4":"has-post-thumbnail","6":"product_cat-frozen-de","7":"product_tag-gefrorenes-obst-vietnam","8":"product_tag-gefrorenes-zitronengras","9":"product_tag-tiefkuhlgemuse","10":"product_tag-tiefkuhlprodukt","12":"first","13":"instock","14":"shipping-taxable","15":"product-type-simple"},"yoast_head":"<!-- This site is optimized with the Yoast SEO plugin v26.9 - https:\/\/yoast.com\/product\/yoast-seo-wordpress\/ -->\n<title>Premium gefrorenes Zitronengras - Exportqualit\u00e4t | Nghiep Xuan Vietnam - Nghiep Xuan - Landwirtschaftlicher Import und Export<\/title>\n<meta name=\"description\" content=\"Hochwertiges gefrorenes Zitronengras aus Vietnam. Ideal f\u00fcr die Lebensmittelverarbeitung und den Gro\u00dfhandel. Zuverl\u00e4ssige Lieferung, konkurrenzf\u00e4higer Preis. Fordern Sie jetzt ein Angebot an.\" \/>\n<meta name=\"robots\" content=\"index, follow, max-snippet:-1, max-image-preview:large, max-video-preview:-1\" \/>\n<link rel=\"canonical\" href=\"https:\/\/nghiepxuan.com\/de\/product\/premium-gefrorenes-zitronengras-exportqualitaet-nghiep-xuan-vietnam\/\" \/>\n<meta property=\"og:locale\" content=\"de_DE\" \/>\n<meta property=\"og:type\" content=\"article\" \/>\n<meta property=\"og:title\" content=\"Premium gefrorenes Zitronengras - Exportqualit\u00e4t | Nghiep Xuan Vietnam - Nghiep Xuan - Landwirtschaftlicher Import und Export\" \/>\n<meta property=\"og:description\" content=\"Hochwertiges gefrorenes Zitronengras aus Vietnam. Ideal f\u00fcr die Lebensmittelverarbeitung und den Gro\u00dfhandel. Zuverl\u00e4ssige Lieferung, konkurrenzf\u00e4higer Preis. Fordern Sie jetzt ein Angebot an.\" \/>\n<meta property=\"og:url\" content=\"https:\/\/nghiepxuan.com\/de\/product\/premium-gefrorenes-zitronengras-exportqualitaet-nghiep-xuan-vietnam\/\" \/>\n<meta property=\"og:site_name\" content=\"Nghiep Xuan - Landwirtschaftlicher Import und Export\" \/>\n<meta property=\"article:publisher\" content=\"https:\/\/www.facebook.com\/nongsannghiepxuan\/\" \/>\n<meta property=\"article:modified_time\" content=\"2026-04-30T03:27:31+00:00\" \/>\n<meta property=\"og:image\" content=\"https:\/\/nghiepxuan.com\/wp-content\/uploads\/2026\/04\/JPEG-image-43E7-9EAF-44-0-scaled.jpeg\" \/>\n\t<meta property=\"og:image:width\" content=\"1920\" \/>\n\t<meta property=\"og:image:height\" content=\"2560\" \/>\n\t<meta property=\"og:image:type\" content=\"image\/jpeg\" \/>\n<meta name=\"twitter:card\" content=\"summary_large_image\" \/>\n<meta name=\"twitter:site\" content=\"@PhuTonBui\" \/>\n<meta name=\"twitter:label1\" content=\"Gesch\u00e4tzte Lesezeit\" \/>\n\t<meta name=\"twitter:data1\" content=\"1\u00a0Minute\" \/>\n<script type=\"application\/ld+json\" class=\"yoast-schema-graph\">{\"@context\":\"https:\/\/schema.org\",\"@graph\":[{\"@type\":\"WebPage\",\"@id\":\"https:\/\/nghiepxuan.com\/de\/product\/premium-gefrorenes-zitronengras-exportqualitaet-nghiep-xuan-vietnam\/\",\"url\":\"https:\/\/nghiepxuan.com\/de\/product\/premium-gefrorenes-zitronengras-exportqualitaet-nghiep-xuan-vietnam\/\",\"name\":\"Premium gefrorenes Zitronengras - Exportqualit\u00e4t | Nghiep Xuan Vietnam - Nghiep Xuan - Landwirtschaftlicher Import und Export\",\"isPartOf\":{\"@id\":\"https:\/\/nghiepxuan.com\/de\/#website\"},\"primaryImageOfPage\":{\"@id\":\"https:\/\/nghiepxuan.com\/de\/product\/premium-gefrorenes-zitronengras-exportqualitaet-nghiep-xuan-vietnam\/#primaryimage\"},\"image\":{\"@id\":\"https:\/\/nghiepxuan.com\/de\/product\/premium-gefrorenes-zitronengras-exportqualitaet-nghiep-xuan-vietnam\/#primaryimage\"},\"thumbnailUrl\":\"https:\/\/nghiepxuan.com\/wp-content\/uploads\/2026\/04\/JPEG-image-43E7-9EAF-44-0-scaled.jpeg\",\"datePublished\":\"2026-04-30T03:27:11+00:00\",\"dateModified\":\"2026-04-30T03:27:31+00:00\",\"description\":\"Hochwertiges gefrorenes Zitronengras aus Vietnam. Ideal f\u00fcr die Lebensmittelverarbeitung und den Gro\u00dfhandel. Zuverl\u00e4ssige Lieferung, konkurrenzf\u00e4higer Preis. Fordern Sie jetzt ein Angebot an.\",\"breadcrumb\":{\"@id\":\"https:\/\/nghiepxuan.com\/de\/product\/premium-gefrorenes-zitronengras-exportqualitaet-nghiep-xuan-vietnam\/#breadcrumb\"},\"inLanguage\":\"de\",\"potentialAction\":[{\"@type\":\"ReadAction\",\"target\":[\"https:\/\/nghiepxuan.com\/de\/product\/premium-gefrorenes-zitronengras-exportqualitaet-nghiep-xuan-vietnam\/\"]}]},{\"@type\":\"ImageObject\",\"inLanguage\":\"de\",\"@id\":\"https:\/\/nghiepxuan.com\/de\/product\/premium-gefrorenes-zitronengras-exportqualitaet-nghiep-xuan-vietnam\/#primaryimage\",\"url\":\"https:\/\/nghiepxuan.com\/wp-content\/uploads\/2026\/04\/JPEG-image-43E7-9EAF-44-0-scaled.jpeg\",\"contentUrl\":\"https:\/\/nghiepxuan.com\/wp-content\/uploads\/2026\/04\/JPEG-image-43E7-9EAF-44-0-scaled.jpeg\",\"width\":1920,\"height\":2560,\"caption\":\"Frozen lemongrass\"},{\"@type\":\"BreadcrumbList\",\"@id\":\"https:\/\/nghiepxuan.com\/de\/product\/premium-gefrorenes-zitronengras-exportqualitaet-nghiep-xuan-vietnam\/#breadcrumb\",\"itemListElement\":[{\"@type\":\"ListItem\",\"position\":1,\"name\":\"Home\",\"item\":\"https:\/\/nghiepxuan.com\/de\/\"},{\"@type\":\"ListItem\",\"position\":2,\"name\":\"Gesch\u00e4ft\",\"item\":\"https:\/\/nghiepxuan.com\/de\/shop\/\"},{\"@type\":\"ListItem\",\"position\":3,\"name\":\"Premium gefrorenes Zitronengras &#8211; Exportqualit\u00e4t | Nghiep Xuan Vietnam\"}]},{\"@type\":\"WebSite\",\"@id\":\"https:\/\/nghiepxuan.com\/de\/#website\",\"url\":\"https:\/\/nghiepxuan.com\/de\/\",\"name\":\"Nghiep Xuan - Agricultural Import and Export\",\"description\":\"Die Natur pflegen, Gesundheit ernten: Ihr Ziel f\u00fcr einen Bio-Lebensstil\",\"publisher\":{\"@id\":\"https:\/\/nghiepxuan.com\/de\/#organization\"},\"potentialAction\":[{\"@type\":\"SearchAction\",\"target\":{\"@type\":\"EntryPoint\",\"urlTemplate\":\"https:\/\/nghiepxuan.com\/de\/?s={search_term_string}\"},\"query-input\":{\"@type\":\"PropertyValueSpecification\",\"valueRequired\":true,\"valueName\":\"search_term_string\"}}],\"inLanguage\":\"de\"},{\"@type\":\"Organization\",\"@id\":\"https:\/\/nghiepxuan.com\/de\/#organization\",\"name\":\"Nghiep Xuan - Agricultural Import and Export\",\"url\":\"https:\/\/nghiepxuan.com\/de\/\",\"logo\":{\"@type\":\"ImageObject\",\"inLanguage\":\"de\",\"@id\":\"https:\/\/nghiepxuan.com\/de\/#\/schema\/logo\/image\/\",\"url\":\"https:\/\/nghiepxuan.com\/wp-content\/uploads\/2025\/04\/Nghiep-Xuan-Logo-4.png\",\"contentUrl\":\"https:\/\/nghiepxuan.com\/wp-content\/uploads\/2025\/04\/Nghiep-Xuan-Logo-4.png\",\"width\":4167,\"height\":1015,\"caption\":\"Nghiep Xuan - Agricultural Import and Export\"},\"image\":{\"@id\":\"https:\/\/nghiepxuan.com\/de\/#\/schema\/logo\/image\/\"},\"sameAs\":[\"https:\/\/www.facebook.com\/nongsannghiepxuan\/\",\"https:\/\/x.com\/PhuTonBui\",\"https:\/\/www.instagram.com\/xuatnhapkhaunghiepxuan\/\",\"https:\/\/www.youtube.com\/@nongsannghiepxuan2066\",\"https:\/\/www.tiktok.com\/@nghiepxuan\"]}]}<\/script>\n<!-- \/ Yoast SEO plugin. -->","yoast_head_json":{"title":"Premium gefrorenes Zitronengras - Exportqualit\u00e4t | Nghiep Xuan Vietnam - Nghiep Xuan - Landwirtschaftlicher Import und Export","description":"Hochwertiges gefrorenes Zitronengras aus Vietnam. Ideal f\u00fcr die Lebensmittelverarbeitung und den Gro\u00dfhandel. Zuverl\u00e4ssige Lieferung, konkurrenzf\u00e4higer Preis. Fordern Sie jetzt ein Angebot an.","robots":{"index":"index","follow":"follow","max-snippet":"max-snippet:-1","max-image-preview":"max-image-preview:large","max-video-preview":"max-video-preview:-1"},"canonical":"https:\/\/nghiepxuan.com\/de\/product\/premium-gefrorenes-zitronengras-exportqualitaet-nghiep-xuan-vietnam\/","og_locale":"de_DE","og_type":"article","og_title":"Premium gefrorenes Zitronengras - Exportqualit\u00e4t | Nghiep Xuan Vietnam - Nghiep Xuan - Landwirtschaftlicher Import und Export","og_description":"Hochwertiges gefrorenes Zitronengras aus Vietnam. Ideal f\u00fcr die Lebensmittelverarbeitung und den Gro\u00dfhandel. Zuverl\u00e4ssige Lieferung, konkurrenzf\u00e4higer Preis. Fordern Sie jetzt ein Angebot an.","og_url":"https:\/\/nghiepxuan.com\/de\/product\/premium-gefrorenes-zitronengras-exportqualitaet-nghiep-xuan-vietnam\/","og_site_name":"Nghiep Xuan - Landwirtschaftlicher Import und Export","article_publisher":"https:\/\/www.facebook.com\/nongsannghiepxuan\/","article_modified_time":"2026-04-30T03:27:31+00:00","og_image":[{"width":1920,"height":2560,"url":"https:\/\/nghiepxuan.com\/wp-content\/uploads\/2026\/04\/JPEG-image-43E7-9EAF-44-0-scaled.jpeg","type":"image\/jpeg"}],"twitter_card":"summary_large_image","twitter_site":"@PhuTonBui","twitter_misc":{"Gesch\u00e4tzte Lesezeit":"1\u00a0Minute"},"schema":{"@context":"https:\/\/schema.org","@graph":[{"@type":"WebPage","@id":"https:\/\/nghiepxuan.com\/de\/product\/premium-gefrorenes-zitronengras-exportqualitaet-nghiep-xuan-vietnam\/","url":"https:\/\/nghiepxuan.com\/de\/product\/premium-gefrorenes-zitronengras-exportqualitaet-nghiep-xuan-vietnam\/","name":"Premium gefrorenes Zitronengras - Exportqualit\u00e4t | Nghiep Xuan Vietnam - Nghiep Xuan - Landwirtschaftlicher Import und Export","isPartOf":{"@id":"https:\/\/nghiepxuan.com\/de\/#website"},"primaryImageOfPage":{"@id":"https:\/\/nghiepxuan.com\/de\/product\/premium-gefrorenes-zitronengras-exportqualitaet-nghiep-xuan-vietnam\/#primaryimage"},"image":{"@id":"https:\/\/nghiepxuan.com\/de\/product\/premium-gefrorenes-zitronengras-exportqualitaet-nghiep-xuan-vietnam\/#primaryimage"},"thumbnailUrl":"https:\/\/nghiepxuan.com\/wp-content\/uploads\/2026\/04\/JPEG-image-43E7-9EAF-44-0-scaled.jpeg","datePublished":"2026-04-30T03:27:11+00:00","dateModified":"2026-04-30T03:27:31+00:00","description":"Hochwertiges gefrorenes Zitronengras aus Vietnam. Ideal f\u00fcr die Lebensmittelverarbeitung und den Gro\u00dfhandel. Zuverl\u00e4ssige Lieferung, konkurrenzf\u00e4higer Preis. Fordern Sie jetzt ein Angebot an.","breadcrumb":{"@id":"https:\/\/nghiepxuan.com\/de\/product\/premium-gefrorenes-zitronengras-exportqualitaet-nghiep-xuan-vietnam\/#breadcrumb"},"inLanguage":"de","potentialAction":[{"@type":"ReadAction","target":["https:\/\/nghiepxuan.com\/de\/product\/premium-gefrorenes-zitronengras-exportqualitaet-nghiep-xuan-vietnam\/"]}]},{"@type":"ImageObject","inLanguage":"de","@id":"https:\/\/nghiepxuan.com\/de\/product\/premium-gefrorenes-zitronengras-exportqualitaet-nghiep-xuan-vietnam\/#primaryimage","url":"https:\/\/nghiepxuan.com\/wp-content\/uploads\/2026\/04\/JPEG-image-43E7-9EAF-44-0-scaled.jpeg","contentUrl":"https:\/\/nghiepxuan.com\/wp-content\/uploads\/2026\/04\/JPEG-image-43E7-9EAF-44-0-scaled.jpeg","width":1920,"height":2560,"caption":"Frozen lemongrass"},{"@type":"BreadcrumbList","@id":"https:\/\/nghiepxuan.com\/de\/product\/premium-gefrorenes-zitronengras-exportqualitaet-nghiep-xuan-vietnam\/#breadcrumb","itemListElement":[{"@type":"ListItem","position":1,"name":"Home","item":"https:\/\/nghiepxuan.com\/de\/"},{"@type":"ListItem","position":2,"name":"Gesch\u00e4ft","item":"https:\/\/nghiepxuan.com\/de\/shop\/"},{"@type":"ListItem","position":3,"name":"Premium gefrorenes Zitronengras &#8211; Exportqualit\u00e4t | Nghiep Xuan Vietnam"}]},{"@type":"WebSite","@id":"https:\/\/nghiepxuan.com\/de\/#website","url":"https:\/\/nghiepxuan.com\/de\/","name":"Nghiep Xuan - Agricultural Import and Export","description":"Die Natur pflegen, Gesundheit ernten: Ihr Ziel f\u00fcr einen Bio-Lebensstil","publisher":{"@id":"https:\/\/nghiepxuan.com\/de\/#organization"},"potentialAction":[{"@type":"SearchAction","target":{"@type":"EntryPoint","urlTemplate":"https:\/\/nghiepxuan.com\/de\/?s={search_term_string}"},"query-input":{"@type":"PropertyValueSpecification","valueRequired":true,"valueName":"search_term_string"}}],"inLanguage":"de"},{"@type":"Organization","@id":"https:\/\/nghiepxuan.com\/de\/#organization","name":"Nghiep Xuan - Agricultural Import and Export","url":"https:\/\/nghiepxuan.com\/de\/","logo":{"@type":"ImageObject","inLanguage":"de","@id":"https:\/\/nghiepxuan.com\/de\/#\/schema\/logo\/image\/","url":"https:\/\/nghiepxuan.com\/wp-content\/uploads\/2025\/04\/Nghiep-Xuan-Logo-4.png","contentUrl":"https:\/\/nghiepxuan.com\/wp-content\/uploads\/2025\/04\/Nghiep-Xuan-Logo-4.png","width":4167,"height":1015,"caption":"Nghiep Xuan - Agricultural Import and Export"},"image":{"@id":"https:\/\/nghiepxuan.com\/de\/#\/schema\/logo\/image\/"},"sameAs":["https:\/\/www.facebook.com\/nongsannghiepxuan\/","https:\/\/x.com\/PhuTonBui","https:\/\/www.instagram.com\/xuatnhapkhaunghiepxuan\/","https:\/\/www.youtube.com\/@nongsannghiepxuan2066","https:\/\/www.tiktok.com\/@nghiepxuan"]}]}},"_links":{"self":[{"href":"https:\/\/nghiepxuan.com\/de\/wp-json\/wp\/v2\/product\/9862","targetHints":{"allow":["GET"]}}],"collection":[{"href":"https:\/\/nghiepxuan.com\/de\/wp-json\/wp\/v2\/product"}],"about":[{"href":"https:\/\/nghiepxuan.com\/de\/wp-json\/wp\/v2\/types\/product"}],"replies":[{"embeddable":true,"href":"https:\/\/nghiepxuan.com\/de\/wp-json\/wp\/v2\/comments?post=9862"}],"version-history":[{"count":1,"href":"https:\/\/nghiepxuan.com\/de\/wp-json\/wp\/v2\/product\/9862\/revisions"}],"predecessor-version":[{"id":9865,"href":"https:\/\/nghiepxuan.com\/de\/wp-json\/wp\/v2\/product\/9862\/revisions\/9865"}],"wp:featuredmedia":[{"embeddable":true,"href":"https:\/\/nghiepxuan.com\/de\/wp-json\/wp\/v2\/media\/9841"}],"wp:attachment":[{"href":"https:\/\/nghiepxuan.com\/de\/wp-json\/wp\/v2\/media?parent=9862"}],"wp:term":[{"taxonomy":"product_brand","embeddable":true,"href":"https:\/\/nghiepxuan.com\/de\/wp-json\/wp\/v2\/product_brand?post=9862"},{"taxonomy":"product_cat","embeddable":true,"href":"https:\/\/nghiepxuan.com\/de\/wp-json\/wp\/v2\/product_cat?post=9862"},{"taxonomy":"product_tag","embeddable":true,"href":"https:\/\/nghiepxuan.com\/de\/wp-json\/wp\/v2\/product_tag?post=9862"}],"curies":[{"name":"wp","href":"https:\/\/api.w.org\/{rel}","templated":true}]}}