{"id":8929,"date":"2025-04-12T02:58:47","date_gmt":"2025-04-12T02:58:47","guid":{"rendered":"https:\/\/nghiepxuan.com\/product\/premium-gefrorene-durian-reichhaltig-cremig-bereit-zum-geniessen\/"},"modified":"2025-04-12T02:58:47","modified_gmt":"2025-04-12T02:58:47","slug":"premium-gefrorene-durian-reichhaltig-cremig-bereit-zum-geniessen","status":"publish","type":"product","link":"https:\/\/nghiepxuan.com\/de\/product\/premium-gefrorene-durian-reichhaltig-cremig-bereit-zum-geniessen\/","title":{"rendered":"Premium gefrorene Durian &#8211; Reichhaltig, cremig &amp; bereit zum Genie\u00dfen"},"content":{"rendered":"<p class=\"\" data-start=\"240\" data-end=\"492\">Erleben Sie den K\u00f6nig der Fr\u00fcchte von seiner besten Seite mit unserer <strong data-start=\"293\" data-end=\"318\">Premium Tiefk\u00fchl-Durian<\/strong>. Sorgf\u00e4ltig ausgew\u00e4hlt von den besten Durian-Farmen, wird jede Frucht zum Zeitpunkt ihrer maximalen Reife geerntet und dann schnell eingefroren, um ihren kr\u00e4ftigen Geschmack, ihre cremige Textur und ihr nat\u00fcrliches Aroma zu bewahren. <\/p>\n<p class=\"\" data-start=\"494\" data-end=\"686\">Egal, ob Sie Durian-Liebhaber sind oder sie zum ersten Mal probieren m\u00f6chten, unsere tiefgefrorenen Durian bieten den authentischen Geschmack S\u00fcdostasiens in einer praktischen, verzehrfertigen Form. Einfach auftauen und genie\u00dfen! <\/p>\n<hr class=\"\" data-start=\"688\" data-end=\"691\">\n<h3 class=\"\" data-start=\"693\" data-end=\"714\"><strong data-start=\"697\" data-end=\"714\">Wichtige Merkmale:<\/strong><\/h3>\n<ul data-start=\"715\" data-end=\"996\">\n<li class=\"\" data-start=\"715\" data-end=\"769\">\n<p class=\"\" data-start=\"717\" data-end=\"769\">100% nat\u00fcrliche Durian, ohne Zusatzstoffe oder Konservierungsmittel<\/p>\n<\/li>\n<li class=\"\" data-start=\"770\" data-end=\"827\">\n<p class=\"\" data-start=\"772\" data-end=\"827\">IQF (Individually Quick Frozen), um die Frische zu erhalten<\/p>\n<\/li>\n<li class=\"\" data-start=\"828\" data-end=\"872\">\n<p class=\"\" data-start=\"830\" data-end=\"872\">Reichhaltige, butterartige Textur und intensiver Geschmack<\/p>\n<\/li>\n<li class=\"\" data-start=\"873\" data-end=\"942\">\n<p class=\"\" data-start=\"875\" data-end=\"942\">Perfekt f\u00fcr Desserts, Smoothies oder den Verzehr direkt aus der Packung<\/p>\n<\/li>\n<li class=\"\" data-start=\"943\" data-end=\"996\">\n<p class=\"\" data-start=\"945\" data-end=\"996\">Erh\u00e4ltlich in ganzen Segmenten oder vakuumversiegelten Schoten<\/p>\n<\/li>\n<\/ul>\n","protected":false},"excerpt":{"rendered":"<p>Premium gefrorene Durian &#8211; 100% nat\u00fcrlich, reichhaltig und cremig mit authentischem tropischem Geschmack. Schnell gefroren, um die Frische zu bewahren. Perfekt zum Naschen, f\u00fcr Desserts oder Smoothies. Probieren Sie die echte Durian jederzeit und \u00fcberall!   <\/p>\n","protected":false},"featured_media":8908,"comment_status":"open","ping_status":"closed","template":"","meta":{"content-type":""},"product_brand":[],"product_cat":[420],"product_tag":[],"class_list":{"0":"post-8929","1":"product","2":"type-product","3":"status-publish","4":"has-post-thumbnail","6":"product_cat-frozen-de","8":"first","9":"instock","10":"sale","11":"shipping-taxable","12":"purchasable","13":"product-type-variable","14":"has-default-attributes"},"yoast_head":"<!-- This site is optimized with the Yoast SEO plugin v26.9 - https:\/\/yoast.com\/product\/yoast-seo-wordpress\/ -->\n<title>Premium gefrorene Durian - Reichhaltig, cremig &amp; bereit zum Genie\u00dfen - Nghiep Xuan - Landwirtschaftlicher Import und Export<\/title>\n<meta name=\"robots\" content=\"index, follow, max-snippet:-1, max-image-preview:large, max-video-preview:-1\" \/>\n<link rel=\"canonical\" href=\"https:\/\/nghiepxuan.com\/de\/product\/premium-gefrorene-durian-reichhaltig-cremig-bereit-zum-geniessen\/\" \/>\n<meta property=\"og:locale\" content=\"de_DE\" \/>\n<meta property=\"og:type\" content=\"article\" \/>\n<meta property=\"og:title\" content=\"Premium gefrorene Durian - Reichhaltig, cremig &amp; bereit zum Genie\u00dfen - Nghiep Xuan - Landwirtschaftlicher Import und Export\" \/>\n<meta property=\"og:description\" content=\"Premium gefrorene Durian - 100% nat\u00fcrlich, reichhaltig und cremig mit authentischem tropischem Geschmack. Schnell gefroren, um die Frische zu bewahren. Perfekt zum Naschen, f\u00fcr Desserts oder Smoothies. Probieren Sie die echte Durian jederzeit und \u00fcberall!\" \/>\n<meta property=\"og:url\" content=\"https:\/\/nghiepxuan.com\/de\/product\/premium-gefrorene-durian-reichhaltig-cremig-bereit-zum-geniessen\/\" \/>\n<meta property=\"og:site_name\" content=\"Nghiep Xuan - Landwirtschaftlicher Import und Export\" \/>\n<meta property=\"article:publisher\" content=\"https:\/\/www.facebook.com\/nongsannghiepxuan\/\" \/>\n<meta property=\"og:image\" content=\"https:\/\/nghiepxuan.com\/wp-content\/uploads\/2025\/04\/Frozen-durian-2-Nghiep-Xuan.png\" \/>\n\t<meta property=\"og:image:width\" content=\"600\" \/>\n\t<meta property=\"og:image:height\" content=\"600\" \/>\n\t<meta property=\"og:image:type\" content=\"image\/png\" \/>\n<meta name=\"twitter:card\" content=\"summary_large_image\" \/>\n<meta name=\"twitter:site\" content=\"@PhuTonBui\" \/>\n<meta name=\"twitter:label1\" content=\"Gesch\u00e4tzte Lesezeit\" \/>\n\t<meta name=\"twitter:data1\" content=\"1\u00a0Minute\" \/>\n<script type=\"application\/ld+json\" class=\"yoast-schema-graph\">{\"@context\":\"https:\/\/schema.org\",\"@graph\":[{\"@type\":\"WebPage\",\"@id\":\"https:\/\/nghiepxuan.com\/de\/product\/premium-gefrorene-durian-reichhaltig-cremig-bereit-zum-geniessen\/\",\"url\":\"https:\/\/nghiepxuan.com\/de\/product\/premium-gefrorene-durian-reichhaltig-cremig-bereit-zum-geniessen\/\",\"name\":\"Premium gefrorene Durian - Reichhaltig, cremig &amp; bereit zum Genie\u00dfen - Nghiep Xuan - Landwirtschaftlicher Import und Export\",\"isPartOf\":{\"@id\":\"https:\/\/nghiepxuan.com\/de\/#website\"},\"primaryImageOfPage\":{\"@id\":\"https:\/\/nghiepxuan.com\/de\/product\/premium-gefrorene-durian-reichhaltig-cremig-bereit-zum-geniessen\/#primaryimage\"},\"image\":{\"@id\":\"https:\/\/nghiepxuan.com\/de\/product\/premium-gefrorene-durian-reichhaltig-cremig-bereit-zum-geniessen\/#primaryimage\"},\"thumbnailUrl\":\"https:\/\/nghiepxuan.com\/wp-content\/uploads\/2025\/04\/Frozen-durian-2-Nghiep-Xuan.png\",\"datePublished\":\"2025-04-12T02:58:47+00:00\",\"breadcrumb\":{\"@id\":\"https:\/\/nghiepxuan.com\/de\/product\/premium-gefrorene-durian-reichhaltig-cremig-bereit-zum-geniessen\/#breadcrumb\"},\"inLanguage\":\"de\",\"potentialAction\":[{\"@type\":\"ReadAction\",\"target\":[\"https:\/\/nghiepxuan.com\/de\/product\/premium-gefrorene-durian-reichhaltig-cremig-bereit-zum-geniessen\/\"]}]},{\"@type\":\"ImageObject\",\"inLanguage\":\"de\",\"@id\":\"https:\/\/nghiepxuan.com\/de\/product\/premium-gefrorene-durian-reichhaltig-cremig-bereit-zum-geniessen\/#primaryimage\",\"url\":\"https:\/\/nghiepxuan.com\/wp-content\/uploads\/2025\/04\/Frozen-durian-2-Nghiep-Xuan.png\",\"contentUrl\":\"https:\/\/nghiepxuan.com\/wp-content\/uploads\/2025\/04\/Frozen-durian-2-Nghiep-Xuan.png\",\"width\":600,\"height\":600},{\"@type\":\"BreadcrumbList\",\"@id\":\"https:\/\/nghiepxuan.com\/de\/product\/premium-gefrorene-durian-reichhaltig-cremig-bereit-zum-geniessen\/#breadcrumb\",\"itemListElement\":[{\"@type\":\"ListItem\",\"position\":1,\"name\":\"Home\",\"item\":\"https:\/\/nghiepxuan.com\/de\/\"},{\"@type\":\"ListItem\",\"position\":2,\"name\":\"Gesch\u00e4ft\",\"item\":\"https:\/\/nghiepxuan.com\/de\/shop\/\"},{\"@type\":\"ListItem\",\"position\":3,\"name\":\"Premium gefrorene Durian &#8211; Reichhaltig, cremig &amp; bereit zum Genie\u00dfen\"}]},{\"@type\":\"WebSite\",\"@id\":\"https:\/\/nghiepxuan.com\/de\/#website\",\"url\":\"https:\/\/nghiepxuan.com\/de\/\",\"name\":\"Nghiep Xuan - Agricultural Import and Export\",\"description\":\"Die Natur pflegen, Gesundheit ernten: Ihr Ziel f\u00fcr einen Bio-Lebensstil\",\"publisher\":{\"@id\":\"https:\/\/nghiepxuan.com\/de\/#organization\"},\"potentialAction\":[{\"@type\":\"SearchAction\",\"target\":{\"@type\":\"EntryPoint\",\"urlTemplate\":\"https:\/\/nghiepxuan.com\/de\/?s={search_term_string}\"},\"query-input\":{\"@type\":\"PropertyValueSpecification\",\"valueRequired\":true,\"valueName\":\"search_term_string\"}}],\"inLanguage\":\"de\"},{\"@type\":\"Organization\",\"@id\":\"https:\/\/nghiepxuan.com\/de\/#organization\",\"name\":\"Nghiep Xuan - Agricultural Import and Export\",\"url\":\"https:\/\/nghiepxuan.com\/de\/\",\"logo\":{\"@type\":\"ImageObject\",\"inLanguage\":\"de\",\"@id\":\"https:\/\/nghiepxuan.com\/de\/#\/schema\/logo\/image\/\",\"url\":\"https:\/\/nghiepxuan.com\/wp-content\/uploads\/2025\/04\/Nghiep-Xuan-Logo-4.png\",\"contentUrl\":\"https:\/\/nghiepxuan.com\/wp-content\/uploads\/2025\/04\/Nghiep-Xuan-Logo-4.png\",\"width\":4167,\"height\":1015,\"caption\":\"Nghiep Xuan - Agricultural Import and Export\"},\"image\":{\"@id\":\"https:\/\/nghiepxuan.com\/de\/#\/schema\/logo\/image\/\"},\"sameAs\":[\"https:\/\/www.facebook.com\/nongsannghiepxuan\/\",\"https:\/\/x.com\/PhuTonBui\",\"https:\/\/www.instagram.com\/xuatnhapkhaunghiepxuan\/\",\"https:\/\/www.youtube.com\/@nongsannghiepxuan2066\",\"https:\/\/www.tiktok.com\/@nghiepxuan\"]}]}<\/script>\n<!-- \/ Yoast SEO plugin. -->","yoast_head_json":{"title":"Premium gefrorene Durian - Reichhaltig, cremig &amp; bereit zum Genie\u00dfen - Nghiep Xuan - Landwirtschaftlicher Import und Export","robots":{"index":"index","follow":"follow","max-snippet":"max-snippet:-1","max-image-preview":"max-image-preview:large","max-video-preview":"max-video-preview:-1"},"canonical":"https:\/\/nghiepxuan.com\/de\/product\/premium-gefrorene-durian-reichhaltig-cremig-bereit-zum-geniessen\/","og_locale":"de_DE","og_type":"article","og_title":"Premium gefrorene Durian - Reichhaltig, cremig &amp; bereit zum Genie\u00dfen - Nghiep Xuan - Landwirtschaftlicher Import und Export","og_description":"Premium gefrorene Durian - 100% nat\u00fcrlich, reichhaltig und cremig mit authentischem tropischem Geschmack. Schnell gefroren, um die Frische zu bewahren. Perfekt zum Naschen, f\u00fcr Desserts oder Smoothies. Probieren Sie die echte Durian jederzeit und \u00fcberall!","og_url":"https:\/\/nghiepxuan.com\/de\/product\/premium-gefrorene-durian-reichhaltig-cremig-bereit-zum-geniessen\/","og_site_name":"Nghiep Xuan - Landwirtschaftlicher Import und Export","article_publisher":"https:\/\/www.facebook.com\/nongsannghiepxuan\/","og_image":[{"width":600,"height":600,"url":"https:\/\/nghiepxuan.com\/wp-content\/uploads\/2025\/04\/Frozen-durian-2-Nghiep-Xuan.png","type":"image\/png"}],"twitter_card":"summary_large_image","twitter_site":"@PhuTonBui","twitter_misc":{"Gesch\u00e4tzte Lesezeit":"1\u00a0Minute"},"schema":{"@context":"https:\/\/schema.org","@graph":[{"@type":"WebPage","@id":"https:\/\/nghiepxuan.com\/de\/product\/premium-gefrorene-durian-reichhaltig-cremig-bereit-zum-geniessen\/","url":"https:\/\/nghiepxuan.com\/de\/product\/premium-gefrorene-durian-reichhaltig-cremig-bereit-zum-geniessen\/","name":"Premium gefrorene Durian - Reichhaltig, cremig &amp; bereit zum Genie\u00dfen - Nghiep Xuan - Landwirtschaftlicher Import und Export","isPartOf":{"@id":"https:\/\/nghiepxuan.com\/de\/#website"},"primaryImageOfPage":{"@id":"https:\/\/nghiepxuan.com\/de\/product\/premium-gefrorene-durian-reichhaltig-cremig-bereit-zum-geniessen\/#primaryimage"},"image":{"@id":"https:\/\/nghiepxuan.com\/de\/product\/premium-gefrorene-durian-reichhaltig-cremig-bereit-zum-geniessen\/#primaryimage"},"thumbnailUrl":"https:\/\/nghiepxuan.com\/wp-content\/uploads\/2025\/04\/Frozen-durian-2-Nghiep-Xuan.png","datePublished":"2025-04-12T02:58:47+00:00","breadcrumb":{"@id":"https:\/\/nghiepxuan.com\/de\/product\/premium-gefrorene-durian-reichhaltig-cremig-bereit-zum-geniessen\/#breadcrumb"},"inLanguage":"de","potentialAction":[{"@type":"ReadAction","target":["https:\/\/nghiepxuan.com\/de\/product\/premium-gefrorene-durian-reichhaltig-cremig-bereit-zum-geniessen\/"]}]},{"@type":"ImageObject","inLanguage":"de","@id":"https:\/\/nghiepxuan.com\/de\/product\/premium-gefrorene-durian-reichhaltig-cremig-bereit-zum-geniessen\/#primaryimage","url":"https:\/\/nghiepxuan.com\/wp-content\/uploads\/2025\/04\/Frozen-durian-2-Nghiep-Xuan.png","contentUrl":"https:\/\/nghiepxuan.com\/wp-content\/uploads\/2025\/04\/Frozen-durian-2-Nghiep-Xuan.png","width":600,"height":600},{"@type":"BreadcrumbList","@id":"https:\/\/nghiepxuan.com\/de\/product\/premium-gefrorene-durian-reichhaltig-cremig-bereit-zum-geniessen\/#breadcrumb","itemListElement":[{"@type":"ListItem","position":1,"name":"Home","item":"https:\/\/nghiepxuan.com\/de\/"},{"@type":"ListItem","position":2,"name":"Gesch\u00e4ft","item":"https:\/\/nghiepxuan.com\/de\/shop\/"},{"@type":"ListItem","position":3,"name":"Premium gefrorene Durian &#8211; Reichhaltig, cremig &amp; bereit zum Genie\u00dfen"}]},{"@type":"WebSite","@id":"https:\/\/nghiepxuan.com\/de\/#website","url":"https:\/\/nghiepxuan.com\/de\/","name":"Nghiep Xuan - Agricultural Import and Export","description":"Die Natur pflegen, Gesundheit ernten: Ihr Ziel f\u00fcr einen Bio-Lebensstil","publisher":{"@id":"https:\/\/nghiepxuan.com\/de\/#organization"},"potentialAction":[{"@type":"SearchAction","target":{"@type":"EntryPoint","urlTemplate":"https:\/\/nghiepxuan.com\/de\/?s={search_term_string}"},"query-input":{"@type":"PropertyValueSpecification","valueRequired":true,"valueName":"search_term_string"}}],"inLanguage":"de"},{"@type":"Organization","@id":"https:\/\/nghiepxuan.com\/de\/#organization","name":"Nghiep Xuan - Agricultural Import and Export","url":"https:\/\/nghiepxuan.com\/de\/","logo":{"@type":"ImageObject","inLanguage":"de","@id":"https:\/\/nghiepxuan.com\/de\/#\/schema\/logo\/image\/","url":"https:\/\/nghiepxuan.com\/wp-content\/uploads\/2025\/04\/Nghiep-Xuan-Logo-4.png","contentUrl":"https:\/\/nghiepxuan.com\/wp-content\/uploads\/2025\/04\/Nghiep-Xuan-Logo-4.png","width":4167,"height":1015,"caption":"Nghiep Xuan - Agricultural Import and Export"},"image":{"@id":"https:\/\/nghiepxuan.com\/de\/#\/schema\/logo\/image\/"},"sameAs":["https:\/\/www.facebook.com\/nongsannghiepxuan\/","https:\/\/x.com\/PhuTonBui","https:\/\/www.instagram.com\/xuatnhapkhaunghiepxuan\/","https:\/\/www.youtube.com\/@nongsannghiepxuan2066","https:\/\/www.tiktok.com\/@nghiepxuan"]}]}},"_links":{"self":[{"href":"https:\/\/nghiepxuan.com\/de\/wp-json\/wp\/v2\/product\/8929","targetHints":{"allow":["GET"]}}],"collection":[{"href":"https:\/\/nghiepxuan.com\/de\/wp-json\/wp\/v2\/product"}],"about":[{"href":"https:\/\/nghiepxuan.com\/de\/wp-json\/wp\/v2\/types\/product"}],"replies":[{"embeddable":true,"href":"https:\/\/nghiepxuan.com\/de\/wp-json\/wp\/v2\/comments?post=8929"}],"version-history":[{"count":0,"href":"https:\/\/nghiepxuan.com\/de\/wp-json\/wp\/v2\/product\/8929\/revisions"}],"wp:featuredmedia":[{"embeddable":true,"href":"https:\/\/nghiepxuan.com\/de\/wp-json\/wp\/v2\/media\/8908"}],"wp:attachment":[{"href":"https:\/\/nghiepxuan.com\/de\/wp-json\/wp\/v2\/media?parent=8929"}],"wp:term":[{"taxonomy":"product_brand","embeddable":true,"href":"https:\/\/nghiepxuan.com\/de\/wp-json\/wp\/v2\/product_brand?post=8929"},{"taxonomy":"product_cat","embeddable":true,"href":"https:\/\/nghiepxuan.com\/de\/wp-json\/wp\/v2\/product_cat?post=8929"},{"taxonomy":"product_tag","embeddable":true,"href":"https:\/\/nghiepxuan.com\/de\/wp-json\/wp\/v2\/product_tag?post=8929"}],"curies":[{"name":"wp","href":"https:\/\/api.w.org\/{rel}","templated":true}]}}