{"id":8865,"date":"2025-04-12T02:45:19","date_gmt":"2025-04-12T02:45:19","guid":{"rendered":"https:\/\/nghiepxuan.com\/product\/gefrorenes-premium-durian-pueree-100-natuerlich-und-reichhaltig-im-geschmack\/"},"modified":"2025-04-12T02:45:19","modified_gmt":"2025-04-12T02:45:19","slug":"gefrorenes-premium-durian-pueree-100-natuerlich-und-reichhaltig-im-geschmack","status":"publish","type":"product","link":"https:\/\/nghiepxuan.com\/de\/product\/gefrorenes-premium-durian-pueree-100-natuerlich-und-reichhaltig-im-geschmack\/","title":{"rendered":"Gefrorenes Premium-Durian-P\u00fcree &#8211; 100% nat\u00fcrlich und reichhaltig im Geschmack"},"content":{"rendered":"<p class=\"\" data-start=\"211\" data-end=\"263\"><strong data-start=\"211\" data-end=\"263\">Erleben Sie den K\u00f6nig der Fr\u00fcchte wie nie zuvor!<\/strong><\/p>\n<p class=\"\" data-start=\"265\" data-end=\"572\">Unser <strong data-start=\"269\" data-end=\"292\">gefrorenes Durian-P\u00fcree<\/strong> wird aus <strong data-start=\"306\" data-end=\"334\">100% frischen, reifen Durianen<\/strong> hergestellt, die sorgf\u00e4ltig ausgew\u00e4hlt und verarbeitet werden, um ihren <strong data-start=\"387\" data-end=\"426\">authentischen Geschmack und ihre cremige Textur<\/strong> zu erhalten. Das P\u00fcree wird bei maximaler Reife tiefgefroren und f\u00e4ngt das einzigartige Aroma und den Reichtum der Durian ein, was es perfekt f\u00fcr eine Vielzahl von kulinarischen Anwendungen macht. <\/p>\n<p class=\"\" data-start=\"574\" data-end=\"759\">\u2705 <strong data-start=\"576\" data-end=\"609\">Keine Zusatzstoffe oder Konservierungsmittel<\/strong><br data-start=\"609\" data-end=\"612\">\u2705 <strong data-start=\"614\" data-end=\"630\">Fertig zum Gebrauch<\/strong><br data-start=\"630\" data-end=\"633\">\u2705 <strong data-start=\"635\" data-end=\"707\">Perfekt f\u00fcr Desserts, Smoothies, Eiscreme, Geb\u00e4ck und Getr\u00e4nke<\/strong><br data-start=\"707\" data-end=\"710\">\u2705 <strong data-start=\"712\" data-end=\"759\">Vollgepackt mit N\u00e4hrstoffen und nat\u00fcrlicher S\u00fc\u00dfe<\/strong><\/p>\n<p class=\"\" data-start=\"761\" data-end=\"889\">Egal, ob Sie Durian-Liebhaber oder Profikoch sind, unser gefrorenes Durian-P\u00fcree ist Ihre erste Anlaufstelle f\u00fcr tropische Inspiration.<\/p>\n","protected":false},"excerpt":{"rendered":"<p>K\u00f6stliches und cremiges <strong data-start=\"158\" data-end=\"181\">gefrorenes Durianp\u00fcree<\/strong> aus 100% reifen Durianen. Perfekt f\u00fcr Desserts, Smoothies und B\u00e4ckereirezepte. Ohne Zusatzstoffe, ganz nat\u00fcrlich und sofort einsatzbereit. Genie\u00dfen Sie jederzeit den wahren Geschmack der tropischen Frucht!   <\/p>\n","protected":false},"featured_media":8847,"comment_status":"open","ping_status":"closed","template":"","meta":{"content-type":""},"product_brand":[],"product_cat":[420],"product_tag":[],"class_list":{"0":"post-8865","1":"product","2":"type-product","3":"status-publish","4":"has-post-thumbnail","6":"product_cat-frozen-de","8":"first","9":"instock","10":"sale","11":"shipping-taxable","12":"purchasable","13":"product-type-variable","14":"has-default-attributes"},"yoast_head":"<!-- This site is optimized with the Yoast SEO plugin v26.9 - https:\/\/yoast.com\/product\/yoast-seo-wordpress\/ -->\n<title>Gefrorenes Premium-Durian-P\u00fcree - 100% nat\u00fcrlich und reichhaltig im Geschmack - Nghiep Xuan - Landwirtschaftlicher Import und Export<\/title>\n<meta name=\"robots\" content=\"index, follow, max-snippet:-1, max-image-preview:large, max-video-preview:-1\" \/>\n<link rel=\"canonical\" href=\"https:\/\/nghiepxuan.com\/de\/product\/gefrorenes-premium-durian-pueree-100-natuerlich-und-reichhaltig-im-geschmack\/\" \/>\n<meta property=\"og:locale\" content=\"de_DE\" \/>\n<meta property=\"og:type\" content=\"article\" \/>\n<meta property=\"og:title\" content=\"Gefrorenes Premium-Durian-P\u00fcree - 100% nat\u00fcrlich und reichhaltig im Geschmack - Nghiep Xuan - Landwirtschaftlicher Import und Export\" \/>\n<meta property=\"og:description\" content=\"K\u00f6stliches und cremiges gefrorenes Durianp\u00fcree aus 100% reifen Durianen. Perfekt f\u00fcr Desserts, Smoothies und B\u00e4ckereirezepte. Ohne Zusatzstoffe, ganz nat\u00fcrlich und sofort einsatzbereit. Genie\u00dfen Sie jederzeit den wahren Geschmack der tropischen Frucht!\" \/>\n<meta property=\"og:url\" content=\"https:\/\/nghiepxuan.com\/de\/product\/gefrorenes-premium-durian-pueree-100-natuerlich-und-reichhaltig-im-geschmack\/\" \/>\n<meta property=\"og:site_name\" content=\"Nghiep Xuan - Landwirtschaftlicher Import und Export\" \/>\n<meta property=\"article:publisher\" content=\"https:\/\/www.facebook.com\/nongsannghiepxuan\/\" \/>\n<meta property=\"og:image\" content=\"https:\/\/nghiepxuan.com\/wp-content\/uploads\/2025\/04\/Frozen-durian-puree-2-Nghiep-Xuan.jpg\" \/>\n\t<meta property=\"og:image:width\" content=\"1000\" \/>\n\t<meta property=\"og:image:height\" content=\"800\" \/>\n\t<meta property=\"og:image:type\" content=\"image\/jpeg\" \/>\n<meta name=\"twitter:card\" content=\"summary_large_image\" \/>\n<meta name=\"twitter:site\" content=\"@PhuTonBui\" \/>\n<meta name=\"twitter:label1\" content=\"Gesch\u00e4tzte Lesezeit\" \/>\n\t<meta name=\"twitter:data1\" content=\"1\u00a0Minute\" \/>\n<script type=\"application\/ld+json\" class=\"yoast-schema-graph\">{\"@context\":\"https:\/\/schema.org\",\"@graph\":[{\"@type\":\"WebPage\",\"@id\":\"https:\/\/nghiepxuan.com\/de\/product\/gefrorenes-premium-durian-pueree-100-natuerlich-und-reichhaltig-im-geschmack\/\",\"url\":\"https:\/\/nghiepxuan.com\/de\/product\/gefrorenes-premium-durian-pueree-100-natuerlich-und-reichhaltig-im-geschmack\/\",\"name\":\"Gefrorenes Premium-Durian-P\u00fcree - 100% nat\u00fcrlich und reichhaltig im Geschmack - Nghiep Xuan - Landwirtschaftlicher Import und Export\",\"isPartOf\":{\"@id\":\"https:\/\/nghiepxuan.com\/de\/#website\"},\"primaryImageOfPage\":{\"@id\":\"https:\/\/nghiepxuan.com\/de\/product\/gefrorenes-premium-durian-pueree-100-natuerlich-und-reichhaltig-im-geschmack\/#primaryimage\"},\"image\":{\"@id\":\"https:\/\/nghiepxuan.com\/de\/product\/gefrorenes-premium-durian-pueree-100-natuerlich-und-reichhaltig-im-geschmack\/#primaryimage\"},\"thumbnailUrl\":\"https:\/\/nghiepxuan.com\/wp-content\/uploads\/2025\/04\/Frozen-durian-puree-2-Nghiep-Xuan.jpg\",\"datePublished\":\"2025-04-12T02:45:19+00:00\",\"breadcrumb\":{\"@id\":\"https:\/\/nghiepxuan.com\/de\/product\/gefrorenes-premium-durian-pueree-100-natuerlich-und-reichhaltig-im-geschmack\/#breadcrumb\"},\"inLanguage\":\"de\",\"potentialAction\":[{\"@type\":\"ReadAction\",\"target\":[\"https:\/\/nghiepxuan.com\/de\/product\/gefrorenes-premium-durian-pueree-100-natuerlich-und-reichhaltig-im-geschmack\/\"]}]},{\"@type\":\"ImageObject\",\"inLanguage\":\"de\",\"@id\":\"https:\/\/nghiepxuan.com\/de\/product\/gefrorenes-premium-durian-pueree-100-natuerlich-und-reichhaltig-im-geschmack\/#primaryimage\",\"url\":\"https:\/\/nghiepxuan.com\/wp-content\/uploads\/2025\/04\/Frozen-durian-puree-2-Nghiep-Xuan.jpg\",\"contentUrl\":\"https:\/\/nghiepxuan.com\/wp-content\/uploads\/2025\/04\/Frozen-durian-puree-2-Nghiep-Xuan.jpg\",\"width\":1000,\"height\":800},{\"@type\":\"BreadcrumbList\",\"@id\":\"https:\/\/nghiepxuan.com\/de\/product\/gefrorenes-premium-durian-pueree-100-natuerlich-und-reichhaltig-im-geschmack\/#breadcrumb\",\"itemListElement\":[{\"@type\":\"ListItem\",\"position\":1,\"name\":\"Home\",\"item\":\"https:\/\/nghiepxuan.com\/de\/\"},{\"@type\":\"ListItem\",\"position\":2,\"name\":\"Gesch\u00e4ft\",\"item\":\"https:\/\/nghiepxuan.com\/de\/shop\/\"},{\"@type\":\"ListItem\",\"position\":3,\"name\":\"Gefrorenes Premium-Durian-P\u00fcree &#8211; 100% nat\u00fcrlich und reichhaltig im Geschmack\"}]},{\"@type\":\"WebSite\",\"@id\":\"https:\/\/nghiepxuan.com\/de\/#website\",\"url\":\"https:\/\/nghiepxuan.com\/de\/\",\"name\":\"Nghiep Xuan - Agricultural Import and Export\",\"description\":\"Die Natur pflegen, Gesundheit ernten: Ihr Ziel f\u00fcr einen Bio-Lebensstil\",\"publisher\":{\"@id\":\"https:\/\/nghiepxuan.com\/de\/#organization\"},\"potentialAction\":[{\"@type\":\"SearchAction\",\"target\":{\"@type\":\"EntryPoint\",\"urlTemplate\":\"https:\/\/nghiepxuan.com\/de\/?s={search_term_string}\"},\"query-input\":{\"@type\":\"PropertyValueSpecification\",\"valueRequired\":true,\"valueName\":\"search_term_string\"}}],\"inLanguage\":\"de\"},{\"@type\":\"Organization\",\"@id\":\"https:\/\/nghiepxuan.com\/de\/#organization\",\"name\":\"Nghiep Xuan - Agricultural Import and Export\",\"url\":\"https:\/\/nghiepxuan.com\/de\/\",\"logo\":{\"@type\":\"ImageObject\",\"inLanguage\":\"de\",\"@id\":\"https:\/\/nghiepxuan.com\/de\/#\/schema\/logo\/image\/\",\"url\":\"https:\/\/nghiepxuan.com\/wp-content\/uploads\/2025\/04\/Nghiep-Xuan-Logo-4.png\",\"contentUrl\":\"https:\/\/nghiepxuan.com\/wp-content\/uploads\/2025\/04\/Nghiep-Xuan-Logo-4.png\",\"width\":4167,\"height\":1015,\"caption\":\"Nghiep Xuan - Agricultural Import and Export\"},\"image\":{\"@id\":\"https:\/\/nghiepxuan.com\/de\/#\/schema\/logo\/image\/\"},\"sameAs\":[\"https:\/\/www.facebook.com\/nongsannghiepxuan\/\",\"https:\/\/x.com\/PhuTonBui\",\"https:\/\/www.instagram.com\/xuatnhapkhaunghiepxuan\/\",\"https:\/\/www.youtube.com\/@nongsannghiepxuan2066\",\"https:\/\/www.tiktok.com\/@nghiepxuan\"]}]}<\/script>\n<!-- \/ Yoast SEO plugin. -->","yoast_head_json":{"title":"Gefrorenes Premium-Durian-P\u00fcree - 100% nat\u00fcrlich und reichhaltig im Geschmack - Nghiep Xuan - Landwirtschaftlicher Import und Export","robots":{"index":"index","follow":"follow","max-snippet":"max-snippet:-1","max-image-preview":"max-image-preview:large","max-video-preview":"max-video-preview:-1"},"canonical":"https:\/\/nghiepxuan.com\/de\/product\/gefrorenes-premium-durian-pueree-100-natuerlich-und-reichhaltig-im-geschmack\/","og_locale":"de_DE","og_type":"article","og_title":"Gefrorenes Premium-Durian-P\u00fcree - 100% nat\u00fcrlich und reichhaltig im Geschmack - Nghiep Xuan - Landwirtschaftlicher Import und Export","og_description":"K\u00f6stliches und cremiges gefrorenes Durianp\u00fcree aus 100% reifen Durianen. Perfekt f\u00fcr Desserts, Smoothies und B\u00e4ckereirezepte. Ohne Zusatzstoffe, ganz nat\u00fcrlich und sofort einsatzbereit. Genie\u00dfen Sie jederzeit den wahren Geschmack der tropischen Frucht!","og_url":"https:\/\/nghiepxuan.com\/de\/product\/gefrorenes-premium-durian-pueree-100-natuerlich-und-reichhaltig-im-geschmack\/","og_site_name":"Nghiep Xuan - Landwirtschaftlicher Import und Export","article_publisher":"https:\/\/www.facebook.com\/nongsannghiepxuan\/","og_image":[{"width":1000,"height":800,"url":"https:\/\/nghiepxuan.com\/wp-content\/uploads\/2025\/04\/Frozen-durian-puree-2-Nghiep-Xuan.jpg","type":"image\/jpeg"}],"twitter_card":"summary_large_image","twitter_site":"@PhuTonBui","twitter_misc":{"Gesch\u00e4tzte Lesezeit":"1\u00a0Minute"},"schema":{"@context":"https:\/\/schema.org","@graph":[{"@type":"WebPage","@id":"https:\/\/nghiepxuan.com\/de\/product\/gefrorenes-premium-durian-pueree-100-natuerlich-und-reichhaltig-im-geschmack\/","url":"https:\/\/nghiepxuan.com\/de\/product\/gefrorenes-premium-durian-pueree-100-natuerlich-und-reichhaltig-im-geschmack\/","name":"Gefrorenes Premium-Durian-P\u00fcree - 100% nat\u00fcrlich und reichhaltig im Geschmack - Nghiep Xuan - Landwirtschaftlicher Import und Export","isPartOf":{"@id":"https:\/\/nghiepxuan.com\/de\/#website"},"primaryImageOfPage":{"@id":"https:\/\/nghiepxuan.com\/de\/product\/gefrorenes-premium-durian-pueree-100-natuerlich-und-reichhaltig-im-geschmack\/#primaryimage"},"image":{"@id":"https:\/\/nghiepxuan.com\/de\/product\/gefrorenes-premium-durian-pueree-100-natuerlich-und-reichhaltig-im-geschmack\/#primaryimage"},"thumbnailUrl":"https:\/\/nghiepxuan.com\/wp-content\/uploads\/2025\/04\/Frozen-durian-puree-2-Nghiep-Xuan.jpg","datePublished":"2025-04-12T02:45:19+00:00","breadcrumb":{"@id":"https:\/\/nghiepxuan.com\/de\/product\/gefrorenes-premium-durian-pueree-100-natuerlich-und-reichhaltig-im-geschmack\/#breadcrumb"},"inLanguage":"de","potentialAction":[{"@type":"ReadAction","target":["https:\/\/nghiepxuan.com\/de\/product\/gefrorenes-premium-durian-pueree-100-natuerlich-und-reichhaltig-im-geschmack\/"]}]},{"@type":"ImageObject","inLanguage":"de","@id":"https:\/\/nghiepxuan.com\/de\/product\/gefrorenes-premium-durian-pueree-100-natuerlich-und-reichhaltig-im-geschmack\/#primaryimage","url":"https:\/\/nghiepxuan.com\/wp-content\/uploads\/2025\/04\/Frozen-durian-puree-2-Nghiep-Xuan.jpg","contentUrl":"https:\/\/nghiepxuan.com\/wp-content\/uploads\/2025\/04\/Frozen-durian-puree-2-Nghiep-Xuan.jpg","width":1000,"height":800},{"@type":"BreadcrumbList","@id":"https:\/\/nghiepxuan.com\/de\/product\/gefrorenes-premium-durian-pueree-100-natuerlich-und-reichhaltig-im-geschmack\/#breadcrumb","itemListElement":[{"@type":"ListItem","position":1,"name":"Home","item":"https:\/\/nghiepxuan.com\/de\/"},{"@type":"ListItem","position":2,"name":"Gesch\u00e4ft","item":"https:\/\/nghiepxuan.com\/de\/shop\/"},{"@type":"ListItem","position":3,"name":"Gefrorenes Premium-Durian-P\u00fcree &#8211; 100% nat\u00fcrlich und reichhaltig im Geschmack"}]},{"@type":"WebSite","@id":"https:\/\/nghiepxuan.com\/de\/#website","url":"https:\/\/nghiepxuan.com\/de\/","name":"Nghiep Xuan - Agricultural Import and Export","description":"Die Natur pflegen, Gesundheit ernten: Ihr Ziel f\u00fcr einen Bio-Lebensstil","publisher":{"@id":"https:\/\/nghiepxuan.com\/de\/#organization"},"potentialAction":[{"@type":"SearchAction","target":{"@type":"EntryPoint","urlTemplate":"https:\/\/nghiepxuan.com\/de\/?s={search_term_string}"},"query-input":{"@type":"PropertyValueSpecification","valueRequired":true,"valueName":"search_term_string"}}],"inLanguage":"de"},{"@type":"Organization","@id":"https:\/\/nghiepxuan.com\/de\/#organization","name":"Nghiep Xuan - Agricultural Import and Export","url":"https:\/\/nghiepxuan.com\/de\/","logo":{"@type":"ImageObject","inLanguage":"de","@id":"https:\/\/nghiepxuan.com\/de\/#\/schema\/logo\/image\/","url":"https:\/\/nghiepxuan.com\/wp-content\/uploads\/2025\/04\/Nghiep-Xuan-Logo-4.png","contentUrl":"https:\/\/nghiepxuan.com\/wp-content\/uploads\/2025\/04\/Nghiep-Xuan-Logo-4.png","width":4167,"height":1015,"caption":"Nghiep Xuan - Agricultural Import and Export"},"image":{"@id":"https:\/\/nghiepxuan.com\/de\/#\/schema\/logo\/image\/"},"sameAs":["https:\/\/www.facebook.com\/nongsannghiepxuan\/","https:\/\/x.com\/PhuTonBui","https:\/\/www.instagram.com\/xuatnhapkhaunghiepxuan\/","https:\/\/www.youtube.com\/@nongsannghiepxuan2066","https:\/\/www.tiktok.com\/@nghiepxuan"]}]}},"_links":{"self":[{"href":"https:\/\/nghiepxuan.com\/de\/wp-json\/wp\/v2\/product\/8865","targetHints":{"allow":["GET"]}}],"collection":[{"href":"https:\/\/nghiepxuan.com\/de\/wp-json\/wp\/v2\/product"}],"about":[{"href":"https:\/\/nghiepxuan.com\/de\/wp-json\/wp\/v2\/types\/product"}],"replies":[{"embeddable":true,"href":"https:\/\/nghiepxuan.com\/de\/wp-json\/wp\/v2\/comments?post=8865"}],"version-history":[{"count":0,"href":"https:\/\/nghiepxuan.com\/de\/wp-json\/wp\/v2\/product\/8865\/revisions"}],"wp:featuredmedia":[{"embeddable":true,"href":"https:\/\/nghiepxuan.com\/de\/wp-json\/wp\/v2\/media\/8847"}],"wp:attachment":[{"href":"https:\/\/nghiepxuan.com\/de\/wp-json\/wp\/v2\/media?parent=8865"}],"wp:term":[{"taxonomy":"product_brand","embeddable":true,"href":"https:\/\/nghiepxuan.com\/de\/wp-json\/wp\/v2\/product_brand?post=8865"},{"taxonomy":"product_cat","embeddable":true,"href":"https:\/\/nghiepxuan.com\/de\/wp-json\/wp\/v2\/product_cat?post=8865"},{"taxonomy":"product_tag","embeddable":true,"href":"https:\/\/nghiepxuan.com\/de\/wp-json\/wp\/v2\/product_tag?post=8865"}],"curies":[{"name":"wp","href":"https:\/\/api.w.org\/{rel}","templated":true}]}}