{"id":8811,"date":"2025-04-12T02:30:33","date_gmt":"2025-04-12T02:30:33","guid":{"rendered":"https:\/\/nghiepxuan.com\/product\/gefrorene-premium-mango-stuecke-natuerlich-suess-koestlich\/"},"modified":"2025-04-12T02:30:33","modified_gmt":"2025-04-12T02:30:33","slug":"gefrorene-premium-mango-stuecke-natuerlich-suess-koestlich","status":"publish","type":"product","link":"https:\/\/nghiepxuan.com\/de\/product\/gefrorene-premium-mango-stuecke-natuerlich-suess-koestlich\/","title":{"rendered":"Gefrorene Premium-Mango-St\u00fccke &#8211; nat\u00fcrlich s\u00fc\u00df &amp; k\u00f6stlich"},"content":{"rendered":"<p class=\"\" data-start=\"204\" data-end=\"459\">Genie\u00dfen Sie das ganze Jahr \u00fcber den tropischen Geschmack reifer Mangos mit unseren <strong data-start=\"269\" data-end=\"300\">Premium Tiefk\u00fchl-Mango-St\u00fccken<\/strong>. Unsere Mangos werden zum Zeitpunkt der maximalen Reife sorgf\u00e4ltig ausgew\u00e4hlt, gesch\u00e4lt, geschnitten und tiefgefroren, um ihre nat\u00fcrliche S\u00fc\u00dfe, leuchtende Farbe und ihren N\u00e4hrwert zu erhalten. <\/p>\n<p class=\"\" data-start=\"461\" data-end=\"726\">Diese gefrorenen Mangost\u00fccke eignen sich perfekt f\u00fcr Smoothies, Desserts, Obstsalate oder als erfrischender Snack. Sie sind 100% nat\u00fcrlich &#8211; ohne Zuckerzusatz, Konservierungsstoffe oder k\u00fcnstliche Aromen. Sie sind praktisch und gebrauchsfertig und bringen die Sonne der Tropen direkt in Ihre K\u00fcche. <\/p>\n<ul data-start=\"728\" data-end=\"927\">\n<li class=\"\" data-start=\"728\" data-end=\"752\">\n<p class=\"\" data-start=\"730\" data-end=\"752\">\u2705 100% nat\u00fcrliche Mango<\/p>\n<\/li>\n<li class=\"\" data-start=\"753\" data-end=\"790\">\n<p class=\"\" data-start=\"755\" data-end=\"790\">\u2705 Ohne Zuckerzusatz oder Konservierungsstoffe<\/p>\n<\/li>\n<li class=\"\" data-start=\"791\" data-end=\"831\">\n<p class=\"\" data-start=\"793\" data-end=\"831\">\u2705 Reich an Vitamin C und Antioxidantien<\/p>\n<\/li>\n<li class=\"\" data-start=\"832\" data-end=\"880\">\n<p class=\"\" data-start=\"834\" data-end=\"880\">\u2705 Ideal f\u00fcr Smoothies, Desserts oder zum Naschen<\/p>\n<\/li>\n<li class=\"\" data-start=\"881\" data-end=\"927\">\n<p class=\"\" data-start=\"883\" data-end=\"927\">\u2705 Verpackt f\u00fcr Frische und lange Haltbarkeit<\/p>\n<\/li>\n<\/ul>\n<p class=\"\" data-start=\"929\" data-end=\"981\">Holen Sie sich den Geschmack der Tropen mit jedem Bissen nach Hause!<\/p>\n","protected":false},"excerpt":{"rendered":"<p>Genie\u00dfen Sie jederzeit den s\u00fc\u00dfen, saftigen tropischen Geschmack unserer 100% nat\u00fcrlichen, gefrorenen Mangost\u00fccke. Perfekt f\u00fcr Smoothies, Desserts und gesunde Snacks &#8211; ohne Zuckerzusatz oder Konservierungsstoffe. <\/p>\n","protected":false},"featured_media":8776,"comment_status":"open","ping_status":"closed","template":"","meta":{"content-type":""},"product_brand":[],"product_cat":[420],"product_tag":[],"class_list":{"0":"post-8811","1":"product","2":"type-product","3":"status-publish","4":"has-post-thumbnail","6":"product_cat-frozen-de","8":"first","9":"instock","10":"sale","11":"shipping-taxable","12":"purchasable","13":"product-type-variable","14":"has-default-attributes"},"yoast_head":"<!-- This site is optimized with the Yoast SEO plugin v26.9 - https:\/\/yoast.com\/product\/yoast-seo-wordpress\/ -->\n<title>Gefrorene Premium-Mango-St\u00fccke - nat\u00fcrlich s\u00fc\u00df &amp; k\u00f6stlich - Nghiep Xuan - Landwirtschaftlicher Import und Export<\/title>\n<meta name=\"robots\" content=\"index, follow, max-snippet:-1, max-image-preview:large, max-video-preview:-1\" \/>\n<link rel=\"canonical\" href=\"https:\/\/nghiepxuan.com\/de\/product\/gefrorene-premium-mango-stuecke-natuerlich-suess-koestlich\/\" \/>\n<meta property=\"og:locale\" content=\"de_DE\" \/>\n<meta property=\"og:type\" content=\"article\" \/>\n<meta property=\"og:title\" content=\"Gefrorene Premium-Mango-St\u00fccke - nat\u00fcrlich s\u00fc\u00df &amp; k\u00f6stlich - Nghiep Xuan - Landwirtschaftlicher Import und Export\" \/>\n<meta property=\"og:description\" content=\"Genie\u00dfen Sie jederzeit den s\u00fc\u00dfen, saftigen tropischen Geschmack unserer 100% nat\u00fcrlichen, gefrorenen Mangost\u00fccke. Perfekt f\u00fcr Smoothies, Desserts und gesunde Snacks - ohne Zuckerzusatz oder Konservierungsstoffe.\" \/>\n<meta property=\"og:url\" content=\"https:\/\/nghiepxuan.com\/de\/product\/gefrorene-premium-mango-stuecke-natuerlich-suess-koestlich\/\" \/>\n<meta property=\"og:site_name\" content=\"Nghiep Xuan - Landwirtschaftlicher Import und Export\" \/>\n<meta property=\"article:publisher\" content=\"https:\/\/www.facebook.com\/nongsannghiepxuan\/\" \/>\n<meta property=\"og:image\" content=\"https:\/\/nghiepxuan.com\/wp-content\/uploads\/2025\/04\/Frozen-mango-3-Nghiep-Xuan.webp\" \/>\n\t<meta property=\"og:image:width\" content=\"640\" \/>\n\t<meta property=\"og:image:height\" content=\"640\" \/>\n\t<meta property=\"og:image:type\" content=\"image\/webp\" \/>\n<meta name=\"twitter:card\" content=\"summary_large_image\" \/>\n<meta name=\"twitter:site\" content=\"@PhuTonBui\" \/>\n<meta name=\"twitter:label1\" content=\"Gesch\u00e4tzte Lesezeit\" \/>\n\t<meta name=\"twitter:data1\" content=\"1\u00a0Minute\" \/>\n<script type=\"application\/ld+json\" class=\"yoast-schema-graph\">{\"@context\":\"https:\/\/schema.org\",\"@graph\":[{\"@type\":\"WebPage\",\"@id\":\"https:\/\/nghiepxuan.com\/de\/product\/gefrorene-premium-mango-stuecke-natuerlich-suess-koestlich\/\",\"url\":\"https:\/\/nghiepxuan.com\/de\/product\/gefrorene-premium-mango-stuecke-natuerlich-suess-koestlich\/\",\"name\":\"Gefrorene Premium-Mango-St\u00fccke - nat\u00fcrlich s\u00fc\u00df &amp; k\u00f6stlich - Nghiep Xuan - Landwirtschaftlicher Import und Export\",\"isPartOf\":{\"@id\":\"https:\/\/nghiepxuan.com\/de\/#website\"},\"primaryImageOfPage\":{\"@id\":\"https:\/\/nghiepxuan.com\/de\/product\/gefrorene-premium-mango-stuecke-natuerlich-suess-koestlich\/#primaryimage\"},\"image\":{\"@id\":\"https:\/\/nghiepxuan.com\/de\/product\/gefrorene-premium-mango-stuecke-natuerlich-suess-koestlich\/#primaryimage\"},\"thumbnailUrl\":\"https:\/\/nghiepxuan.com\/wp-content\/uploads\/2025\/04\/Frozen-mango-3-Nghiep-Xuan.webp\",\"datePublished\":\"2025-04-12T02:30:33+00:00\",\"breadcrumb\":{\"@id\":\"https:\/\/nghiepxuan.com\/de\/product\/gefrorene-premium-mango-stuecke-natuerlich-suess-koestlich\/#breadcrumb\"},\"inLanguage\":\"de\",\"potentialAction\":[{\"@type\":\"ReadAction\",\"target\":[\"https:\/\/nghiepxuan.com\/de\/product\/gefrorene-premium-mango-stuecke-natuerlich-suess-koestlich\/\"]}]},{\"@type\":\"ImageObject\",\"inLanguage\":\"de\",\"@id\":\"https:\/\/nghiepxuan.com\/de\/product\/gefrorene-premium-mango-stuecke-natuerlich-suess-koestlich\/#primaryimage\",\"url\":\"https:\/\/nghiepxuan.com\/wp-content\/uploads\/2025\/04\/Frozen-mango-3-Nghiep-Xuan.webp\",\"contentUrl\":\"https:\/\/nghiepxuan.com\/wp-content\/uploads\/2025\/04\/Frozen-mango-3-Nghiep-Xuan.webp\",\"width\":640,\"height\":640},{\"@type\":\"BreadcrumbList\",\"@id\":\"https:\/\/nghiepxuan.com\/de\/product\/gefrorene-premium-mango-stuecke-natuerlich-suess-koestlich\/#breadcrumb\",\"itemListElement\":[{\"@type\":\"ListItem\",\"position\":1,\"name\":\"Home\",\"item\":\"https:\/\/nghiepxuan.com\/de\/\"},{\"@type\":\"ListItem\",\"position\":2,\"name\":\"Gesch\u00e4ft\",\"item\":\"https:\/\/nghiepxuan.com\/de\/shop\/\"},{\"@type\":\"ListItem\",\"position\":3,\"name\":\"Gefrorene Premium-Mango-St\u00fccke &#8211; nat\u00fcrlich s\u00fc\u00df &amp; k\u00f6stlich\"}]},{\"@type\":\"WebSite\",\"@id\":\"https:\/\/nghiepxuan.com\/de\/#website\",\"url\":\"https:\/\/nghiepxuan.com\/de\/\",\"name\":\"Nghiep Xuan - Agricultural Import and Export\",\"description\":\"Die Natur pflegen, Gesundheit ernten: Ihr Ziel f\u00fcr einen Bio-Lebensstil\",\"publisher\":{\"@id\":\"https:\/\/nghiepxuan.com\/de\/#organization\"},\"potentialAction\":[{\"@type\":\"SearchAction\",\"target\":{\"@type\":\"EntryPoint\",\"urlTemplate\":\"https:\/\/nghiepxuan.com\/de\/?s={search_term_string}\"},\"query-input\":{\"@type\":\"PropertyValueSpecification\",\"valueRequired\":true,\"valueName\":\"search_term_string\"}}],\"inLanguage\":\"de\"},{\"@type\":\"Organization\",\"@id\":\"https:\/\/nghiepxuan.com\/de\/#organization\",\"name\":\"Nghiep Xuan - Agricultural Import and Export\",\"url\":\"https:\/\/nghiepxuan.com\/de\/\",\"logo\":{\"@type\":\"ImageObject\",\"inLanguage\":\"de\",\"@id\":\"https:\/\/nghiepxuan.com\/de\/#\/schema\/logo\/image\/\",\"url\":\"https:\/\/nghiepxuan.com\/wp-content\/uploads\/2025\/04\/Nghiep-Xuan-Logo-4.png\",\"contentUrl\":\"https:\/\/nghiepxuan.com\/wp-content\/uploads\/2025\/04\/Nghiep-Xuan-Logo-4.png\",\"width\":4167,\"height\":1015,\"caption\":\"Nghiep Xuan - Agricultural Import and Export\"},\"image\":{\"@id\":\"https:\/\/nghiepxuan.com\/de\/#\/schema\/logo\/image\/\"},\"sameAs\":[\"https:\/\/www.facebook.com\/nongsannghiepxuan\/\",\"https:\/\/x.com\/PhuTonBui\",\"https:\/\/www.instagram.com\/xuatnhapkhaunghiepxuan\/\",\"https:\/\/www.youtube.com\/@nongsannghiepxuan2066\",\"https:\/\/www.tiktok.com\/@nghiepxuan\"]}]}<\/script>\n<!-- \/ Yoast SEO plugin. -->","yoast_head_json":{"title":"Gefrorene Premium-Mango-St\u00fccke - nat\u00fcrlich s\u00fc\u00df &amp; k\u00f6stlich - Nghiep Xuan - Landwirtschaftlicher Import und Export","robots":{"index":"index","follow":"follow","max-snippet":"max-snippet:-1","max-image-preview":"max-image-preview:large","max-video-preview":"max-video-preview:-1"},"canonical":"https:\/\/nghiepxuan.com\/de\/product\/gefrorene-premium-mango-stuecke-natuerlich-suess-koestlich\/","og_locale":"de_DE","og_type":"article","og_title":"Gefrorene Premium-Mango-St\u00fccke - nat\u00fcrlich s\u00fc\u00df &amp; k\u00f6stlich - Nghiep Xuan - Landwirtschaftlicher Import und Export","og_description":"Genie\u00dfen Sie jederzeit den s\u00fc\u00dfen, saftigen tropischen Geschmack unserer 100% nat\u00fcrlichen, gefrorenen Mangost\u00fccke. Perfekt f\u00fcr Smoothies, Desserts und gesunde Snacks - ohne Zuckerzusatz oder Konservierungsstoffe.","og_url":"https:\/\/nghiepxuan.com\/de\/product\/gefrorene-premium-mango-stuecke-natuerlich-suess-koestlich\/","og_site_name":"Nghiep Xuan - Landwirtschaftlicher Import und Export","article_publisher":"https:\/\/www.facebook.com\/nongsannghiepxuan\/","og_image":[{"width":640,"height":640,"url":"https:\/\/nghiepxuan.com\/wp-content\/uploads\/2025\/04\/Frozen-mango-3-Nghiep-Xuan.webp","type":"image\/webp"}],"twitter_card":"summary_large_image","twitter_site":"@PhuTonBui","twitter_misc":{"Gesch\u00e4tzte Lesezeit":"1\u00a0Minute"},"schema":{"@context":"https:\/\/schema.org","@graph":[{"@type":"WebPage","@id":"https:\/\/nghiepxuan.com\/de\/product\/gefrorene-premium-mango-stuecke-natuerlich-suess-koestlich\/","url":"https:\/\/nghiepxuan.com\/de\/product\/gefrorene-premium-mango-stuecke-natuerlich-suess-koestlich\/","name":"Gefrorene Premium-Mango-St\u00fccke - nat\u00fcrlich s\u00fc\u00df &amp; k\u00f6stlich - Nghiep Xuan - Landwirtschaftlicher Import und Export","isPartOf":{"@id":"https:\/\/nghiepxuan.com\/de\/#website"},"primaryImageOfPage":{"@id":"https:\/\/nghiepxuan.com\/de\/product\/gefrorene-premium-mango-stuecke-natuerlich-suess-koestlich\/#primaryimage"},"image":{"@id":"https:\/\/nghiepxuan.com\/de\/product\/gefrorene-premium-mango-stuecke-natuerlich-suess-koestlich\/#primaryimage"},"thumbnailUrl":"https:\/\/nghiepxuan.com\/wp-content\/uploads\/2025\/04\/Frozen-mango-3-Nghiep-Xuan.webp","datePublished":"2025-04-12T02:30:33+00:00","breadcrumb":{"@id":"https:\/\/nghiepxuan.com\/de\/product\/gefrorene-premium-mango-stuecke-natuerlich-suess-koestlich\/#breadcrumb"},"inLanguage":"de","potentialAction":[{"@type":"ReadAction","target":["https:\/\/nghiepxuan.com\/de\/product\/gefrorene-premium-mango-stuecke-natuerlich-suess-koestlich\/"]}]},{"@type":"ImageObject","inLanguage":"de","@id":"https:\/\/nghiepxuan.com\/de\/product\/gefrorene-premium-mango-stuecke-natuerlich-suess-koestlich\/#primaryimage","url":"https:\/\/nghiepxuan.com\/wp-content\/uploads\/2025\/04\/Frozen-mango-3-Nghiep-Xuan.webp","contentUrl":"https:\/\/nghiepxuan.com\/wp-content\/uploads\/2025\/04\/Frozen-mango-3-Nghiep-Xuan.webp","width":640,"height":640},{"@type":"BreadcrumbList","@id":"https:\/\/nghiepxuan.com\/de\/product\/gefrorene-premium-mango-stuecke-natuerlich-suess-koestlich\/#breadcrumb","itemListElement":[{"@type":"ListItem","position":1,"name":"Home","item":"https:\/\/nghiepxuan.com\/de\/"},{"@type":"ListItem","position":2,"name":"Gesch\u00e4ft","item":"https:\/\/nghiepxuan.com\/de\/shop\/"},{"@type":"ListItem","position":3,"name":"Gefrorene Premium-Mango-St\u00fccke &#8211; nat\u00fcrlich s\u00fc\u00df &amp; k\u00f6stlich"}]},{"@type":"WebSite","@id":"https:\/\/nghiepxuan.com\/de\/#website","url":"https:\/\/nghiepxuan.com\/de\/","name":"Nghiep Xuan - Agricultural Import and Export","description":"Die Natur pflegen, Gesundheit ernten: Ihr Ziel f\u00fcr einen Bio-Lebensstil","publisher":{"@id":"https:\/\/nghiepxuan.com\/de\/#organization"},"potentialAction":[{"@type":"SearchAction","target":{"@type":"EntryPoint","urlTemplate":"https:\/\/nghiepxuan.com\/de\/?s={search_term_string}"},"query-input":{"@type":"PropertyValueSpecification","valueRequired":true,"valueName":"search_term_string"}}],"inLanguage":"de"},{"@type":"Organization","@id":"https:\/\/nghiepxuan.com\/de\/#organization","name":"Nghiep Xuan - Agricultural Import and Export","url":"https:\/\/nghiepxuan.com\/de\/","logo":{"@type":"ImageObject","inLanguage":"de","@id":"https:\/\/nghiepxuan.com\/de\/#\/schema\/logo\/image\/","url":"https:\/\/nghiepxuan.com\/wp-content\/uploads\/2025\/04\/Nghiep-Xuan-Logo-4.png","contentUrl":"https:\/\/nghiepxuan.com\/wp-content\/uploads\/2025\/04\/Nghiep-Xuan-Logo-4.png","width":4167,"height":1015,"caption":"Nghiep Xuan - Agricultural Import and Export"},"image":{"@id":"https:\/\/nghiepxuan.com\/de\/#\/schema\/logo\/image\/"},"sameAs":["https:\/\/www.facebook.com\/nongsannghiepxuan\/","https:\/\/x.com\/PhuTonBui","https:\/\/www.instagram.com\/xuatnhapkhaunghiepxuan\/","https:\/\/www.youtube.com\/@nongsannghiepxuan2066","https:\/\/www.tiktok.com\/@nghiepxuan"]}]}},"_links":{"self":[{"href":"https:\/\/nghiepxuan.com\/de\/wp-json\/wp\/v2\/product\/8811","targetHints":{"allow":["GET"]}}],"collection":[{"href":"https:\/\/nghiepxuan.com\/de\/wp-json\/wp\/v2\/product"}],"about":[{"href":"https:\/\/nghiepxuan.com\/de\/wp-json\/wp\/v2\/types\/product"}],"replies":[{"embeddable":true,"href":"https:\/\/nghiepxuan.com\/de\/wp-json\/wp\/v2\/comments?post=8811"}],"version-history":[{"count":0,"href":"https:\/\/nghiepxuan.com\/de\/wp-json\/wp\/v2\/product\/8811\/revisions"}],"wp:featuredmedia":[{"embeddable":true,"href":"https:\/\/nghiepxuan.com\/de\/wp-json\/wp\/v2\/media\/8776"}],"wp:attachment":[{"href":"https:\/\/nghiepxuan.com\/de\/wp-json\/wp\/v2\/media?parent=8811"}],"wp:term":[{"taxonomy":"product_brand","embeddable":true,"href":"https:\/\/nghiepxuan.com\/de\/wp-json\/wp\/v2\/product_brand?post=8811"},{"taxonomy":"product_cat","embeddable":true,"href":"https:\/\/nghiepxuan.com\/de\/wp-json\/wp\/v2\/product_cat?post=8811"},{"taxonomy":"product_tag","embeddable":true,"href":"https:\/\/nghiepxuan.com\/de\/wp-json\/wp\/v2\/product_tag?post=8811"}],"curies":[{"name":"wp","href":"https:\/\/api.w.org\/{rel}","templated":true}]}}