{"id":8580,"date":"2025-04-12T01:27:50","date_gmt":"2025-04-12T01:27:50","guid":{"rendered":"https:\/\/nghiepxuan.com\/product\/premium-avocado-gefroren-frisch-gefroren-gebrauchsfertig\/"},"modified":"2025-04-12T01:27:50","modified_gmt":"2025-04-12T01:27:50","slug":"premium-avocado-gefroren-frisch-gefroren-gebrauchsfertig","status":"publish","type":"product","link":"https:\/\/nghiepxuan.com\/de\/product\/premium-avocado-gefroren-frisch-gefroren-gebrauchsfertig\/","title":{"rendered":"Premium Avocado gefroren &#8211; frisch gefroren &amp; gebrauchsfertig"},"content":{"rendered":"<p class=\"\" data-start=\"173\" data-end=\"557\">Genie\u00dfen Sie den reichhaltigen, cremigen Geschmack von Avocados zu jeder Zeit mit unserer <strong data-start=\"261\" data-end=\"287\">Premium Tiefk\u00fchl-Avocado<\/strong>. Unsere Avocados werden zum Zeitpunkt der maximalen Reife von Hand gepfl\u00fcckt, sorgf\u00e4ltig gesch\u00e4lt, in Scheiben geschnitten und eingefroren, um ihren nat\u00fcrlichen Geschmack, ihre Textur und ihre N\u00e4hrstoffe zu erhalten. Sie eignen sich perfekt f\u00fcr Smoothies, Salate, Guacamole und zum Backen. Mit dieser gebrauchsfertigen Option sparen Sie Zeit, ohne Kompromisse bei der Qualit\u00e4t einzugehen.  <\/p>\n<p>\u2705 100% nat\u00fcrliche Hass Avocados<\/p>\n<p>\u2705 Ohne Zuckerzusatz und Konservierungsstoffe<\/p>\n<p>\u2705 Vollgepackt mit gesunden Fetten und Ballaststoffen<\/p>\n<p>\u2705 Bequem und in Sekunden fertig<\/p>\n<p>\u2705 Ideal f\u00fcr die Gastronomie und den Hausgebrauch<\/p>\n","protected":false},"excerpt":{"rendered":"<p>Hochwertige gefrorene Avocado aus reifen Hass-Avocados. Perfekt f\u00fcr Smoothies, Guacamole, Salate und mehr. 100% nat\u00fcrlich, ohne Zusatzstoffe &#8211; praktisch und gebrauchsfertig.  <\/p>\n","protected":false},"featured_media":8531,"comment_status":"open","ping_status":"closed","template":"","meta":{"content-type":""},"product_brand":[],"product_cat":[420],"product_tag":[],"class_list":{"0":"post-8580","1":"product","2":"type-product","3":"status-publish","4":"has-post-thumbnail","6":"product_cat-frozen-de","8":"first","9":"instock","10":"sale","11":"shipping-taxable","12":"purchasable","13":"product-type-variable","14":"has-default-attributes"},"yoast_head":"<!-- This site is optimized with the Yoast SEO plugin v26.9 - https:\/\/yoast.com\/product\/yoast-seo-wordpress\/ -->\n<title>Premium Avocado gefroren - frisch gefroren &amp; gebrauchsfertig - Nghiep Xuan - Landwirtschaftlicher Import und Export<\/title>\n<meta name=\"robots\" content=\"index, follow, max-snippet:-1, max-image-preview:large, max-video-preview:-1\" \/>\n<link rel=\"canonical\" href=\"https:\/\/nghiepxuan.com\/de\/product\/premium-avocado-gefroren-frisch-gefroren-gebrauchsfertig\/\" \/>\n<meta property=\"og:locale\" content=\"de_DE\" \/>\n<meta property=\"og:type\" content=\"article\" \/>\n<meta property=\"og:title\" content=\"Premium Avocado gefroren - frisch gefroren &amp; gebrauchsfertig - Nghiep Xuan - Landwirtschaftlicher Import und Export\" \/>\n<meta property=\"og:description\" content=\"Hochwertige gefrorene Avocado aus reifen Hass-Avocados. Perfekt f\u00fcr Smoothies, Guacamole, Salate und mehr. 100% nat\u00fcrlich, ohne Zusatzstoffe - praktisch und gebrauchsfertig.\" \/>\n<meta property=\"og:url\" content=\"https:\/\/nghiepxuan.com\/de\/product\/premium-avocado-gefroren-frisch-gefroren-gebrauchsfertig\/\" \/>\n<meta property=\"og:site_name\" content=\"Nghiep Xuan - Landwirtschaftlicher Import und Export\" \/>\n<meta property=\"article:publisher\" content=\"https:\/\/www.facebook.com\/nongsannghiepxuan\/\" \/>\n<meta property=\"og:image\" content=\"https:\/\/nghiepxuan.com\/wp-content\/uploads\/2025\/04\/Frozen-avocado-1-Nghiep-Xuan.png\" \/>\n\t<meta property=\"og:image:width\" content=\"741\" \/>\n\t<meta property=\"og:image:height\" content=\"399\" \/>\n\t<meta property=\"og:image:type\" content=\"image\/png\" \/>\n<meta name=\"twitter:card\" content=\"summary_large_image\" \/>\n<meta name=\"twitter:site\" content=\"@PhuTonBui\" \/>\n<meta name=\"twitter:label1\" content=\"Gesch\u00e4tzte Lesezeit\" \/>\n\t<meta name=\"twitter:data1\" content=\"1\u00a0Minute\" \/>\n<script type=\"application\/ld+json\" class=\"yoast-schema-graph\">{\"@context\":\"https:\/\/schema.org\",\"@graph\":[{\"@type\":\"WebPage\",\"@id\":\"https:\/\/nghiepxuan.com\/de\/product\/premium-avocado-gefroren-frisch-gefroren-gebrauchsfertig\/\",\"url\":\"https:\/\/nghiepxuan.com\/de\/product\/premium-avocado-gefroren-frisch-gefroren-gebrauchsfertig\/\",\"name\":\"Premium Avocado gefroren - frisch gefroren &amp; gebrauchsfertig - Nghiep Xuan - Landwirtschaftlicher Import und Export\",\"isPartOf\":{\"@id\":\"https:\/\/nghiepxuan.com\/de\/#website\"},\"primaryImageOfPage\":{\"@id\":\"https:\/\/nghiepxuan.com\/de\/product\/premium-avocado-gefroren-frisch-gefroren-gebrauchsfertig\/#primaryimage\"},\"image\":{\"@id\":\"https:\/\/nghiepxuan.com\/de\/product\/premium-avocado-gefroren-frisch-gefroren-gebrauchsfertig\/#primaryimage\"},\"thumbnailUrl\":\"https:\/\/nghiepxuan.com\/wp-content\/uploads\/2025\/04\/Frozen-avocado-1-Nghiep-Xuan.png\",\"datePublished\":\"2025-04-12T01:27:50+00:00\",\"breadcrumb\":{\"@id\":\"https:\/\/nghiepxuan.com\/de\/product\/premium-avocado-gefroren-frisch-gefroren-gebrauchsfertig\/#breadcrumb\"},\"inLanguage\":\"de\",\"potentialAction\":[{\"@type\":\"ReadAction\",\"target\":[\"https:\/\/nghiepxuan.com\/de\/product\/premium-avocado-gefroren-frisch-gefroren-gebrauchsfertig\/\"]}]},{\"@type\":\"ImageObject\",\"inLanguage\":\"de\",\"@id\":\"https:\/\/nghiepxuan.com\/de\/product\/premium-avocado-gefroren-frisch-gefroren-gebrauchsfertig\/#primaryimage\",\"url\":\"https:\/\/nghiepxuan.com\/wp-content\/uploads\/2025\/04\/Frozen-avocado-1-Nghiep-Xuan.png\",\"contentUrl\":\"https:\/\/nghiepxuan.com\/wp-content\/uploads\/2025\/04\/Frozen-avocado-1-Nghiep-Xuan.png\",\"width\":741,\"height\":399},{\"@type\":\"BreadcrumbList\",\"@id\":\"https:\/\/nghiepxuan.com\/de\/product\/premium-avocado-gefroren-frisch-gefroren-gebrauchsfertig\/#breadcrumb\",\"itemListElement\":[{\"@type\":\"ListItem\",\"position\":1,\"name\":\"Home\",\"item\":\"https:\/\/nghiepxuan.com\/de\/\"},{\"@type\":\"ListItem\",\"position\":2,\"name\":\"Gesch\u00e4ft\",\"item\":\"https:\/\/nghiepxuan.com\/de\/shop\/\"},{\"@type\":\"ListItem\",\"position\":3,\"name\":\"Premium Avocado gefroren &#8211; frisch gefroren &amp; gebrauchsfertig\"}]},{\"@type\":\"WebSite\",\"@id\":\"https:\/\/nghiepxuan.com\/de\/#website\",\"url\":\"https:\/\/nghiepxuan.com\/de\/\",\"name\":\"Nghiep Xuan - Agricultural Import and Export\",\"description\":\"Die Natur pflegen, Gesundheit ernten: Ihr Ziel f\u00fcr einen Bio-Lebensstil\",\"publisher\":{\"@id\":\"https:\/\/nghiepxuan.com\/de\/#organization\"},\"potentialAction\":[{\"@type\":\"SearchAction\",\"target\":{\"@type\":\"EntryPoint\",\"urlTemplate\":\"https:\/\/nghiepxuan.com\/de\/?s={search_term_string}\"},\"query-input\":{\"@type\":\"PropertyValueSpecification\",\"valueRequired\":true,\"valueName\":\"search_term_string\"}}],\"inLanguage\":\"de\"},{\"@type\":\"Organization\",\"@id\":\"https:\/\/nghiepxuan.com\/de\/#organization\",\"name\":\"Nghiep Xuan - Agricultural Import and Export\",\"url\":\"https:\/\/nghiepxuan.com\/de\/\",\"logo\":{\"@type\":\"ImageObject\",\"inLanguage\":\"de\",\"@id\":\"https:\/\/nghiepxuan.com\/de\/#\/schema\/logo\/image\/\",\"url\":\"https:\/\/nghiepxuan.com\/wp-content\/uploads\/2025\/04\/Nghiep-Xuan-Logo-4.png\",\"contentUrl\":\"https:\/\/nghiepxuan.com\/wp-content\/uploads\/2025\/04\/Nghiep-Xuan-Logo-4.png\",\"width\":4167,\"height\":1015,\"caption\":\"Nghiep Xuan - Agricultural Import and Export\"},\"image\":{\"@id\":\"https:\/\/nghiepxuan.com\/de\/#\/schema\/logo\/image\/\"},\"sameAs\":[\"https:\/\/www.facebook.com\/nongsannghiepxuan\/\",\"https:\/\/x.com\/PhuTonBui\",\"https:\/\/www.instagram.com\/xuatnhapkhaunghiepxuan\/\",\"https:\/\/www.youtube.com\/@nongsannghiepxuan2066\",\"https:\/\/www.tiktok.com\/@nghiepxuan\"]}]}<\/script>\n<!-- \/ Yoast SEO plugin. -->","yoast_head_json":{"title":"Premium Avocado gefroren - frisch gefroren &amp; gebrauchsfertig - Nghiep Xuan - Landwirtschaftlicher Import und Export","robots":{"index":"index","follow":"follow","max-snippet":"max-snippet:-1","max-image-preview":"max-image-preview:large","max-video-preview":"max-video-preview:-1"},"canonical":"https:\/\/nghiepxuan.com\/de\/product\/premium-avocado-gefroren-frisch-gefroren-gebrauchsfertig\/","og_locale":"de_DE","og_type":"article","og_title":"Premium Avocado gefroren - frisch gefroren &amp; gebrauchsfertig - Nghiep Xuan - Landwirtschaftlicher Import und Export","og_description":"Hochwertige gefrorene Avocado aus reifen Hass-Avocados. Perfekt f\u00fcr Smoothies, Guacamole, Salate und mehr. 100% nat\u00fcrlich, ohne Zusatzstoffe - praktisch und gebrauchsfertig.","og_url":"https:\/\/nghiepxuan.com\/de\/product\/premium-avocado-gefroren-frisch-gefroren-gebrauchsfertig\/","og_site_name":"Nghiep Xuan - Landwirtschaftlicher Import und Export","article_publisher":"https:\/\/www.facebook.com\/nongsannghiepxuan\/","og_image":[{"width":741,"height":399,"url":"https:\/\/nghiepxuan.com\/wp-content\/uploads\/2025\/04\/Frozen-avocado-1-Nghiep-Xuan.png","type":"image\/png"}],"twitter_card":"summary_large_image","twitter_site":"@PhuTonBui","twitter_misc":{"Gesch\u00e4tzte Lesezeit":"1\u00a0Minute"},"schema":{"@context":"https:\/\/schema.org","@graph":[{"@type":"WebPage","@id":"https:\/\/nghiepxuan.com\/de\/product\/premium-avocado-gefroren-frisch-gefroren-gebrauchsfertig\/","url":"https:\/\/nghiepxuan.com\/de\/product\/premium-avocado-gefroren-frisch-gefroren-gebrauchsfertig\/","name":"Premium Avocado gefroren - frisch gefroren &amp; gebrauchsfertig - Nghiep Xuan - Landwirtschaftlicher Import und Export","isPartOf":{"@id":"https:\/\/nghiepxuan.com\/de\/#website"},"primaryImageOfPage":{"@id":"https:\/\/nghiepxuan.com\/de\/product\/premium-avocado-gefroren-frisch-gefroren-gebrauchsfertig\/#primaryimage"},"image":{"@id":"https:\/\/nghiepxuan.com\/de\/product\/premium-avocado-gefroren-frisch-gefroren-gebrauchsfertig\/#primaryimage"},"thumbnailUrl":"https:\/\/nghiepxuan.com\/wp-content\/uploads\/2025\/04\/Frozen-avocado-1-Nghiep-Xuan.png","datePublished":"2025-04-12T01:27:50+00:00","breadcrumb":{"@id":"https:\/\/nghiepxuan.com\/de\/product\/premium-avocado-gefroren-frisch-gefroren-gebrauchsfertig\/#breadcrumb"},"inLanguage":"de","potentialAction":[{"@type":"ReadAction","target":["https:\/\/nghiepxuan.com\/de\/product\/premium-avocado-gefroren-frisch-gefroren-gebrauchsfertig\/"]}]},{"@type":"ImageObject","inLanguage":"de","@id":"https:\/\/nghiepxuan.com\/de\/product\/premium-avocado-gefroren-frisch-gefroren-gebrauchsfertig\/#primaryimage","url":"https:\/\/nghiepxuan.com\/wp-content\/uploads\/2025\/04\/Frozen-avocado-1-Nghiep-Xuan.png","contentUrl":"https:\/\/nghiepxuan.com\/wp-content\/uploads\/2025\/04\/Frozen-avocado-1-Nghiep-Xuan.png","width":741,"height":399},{"@type":"BreadcrumbList","@id":"https:\/\/nghiepxuan.com\/de\/product\/premium-avocado-gefroren-frisch-gefroren-gebrauchsfertig\/#breadcrumb","itemListElement":[{"@type":"ListItem","position":1,"name":"Home","item":"https:\/\/nghiepxuan.com\/de\/"},{"@type":"ListItem","position":2,"name":"Gesch\u00e4ft","item":"https:\/\/nghiepxuan.com\/de\/shop\/"},{"@type":"ListItem","position":3,"name":"Premium Avocado gefroren &#8211; frisch gefroren &amp; gebrauchsfertig"}]},{"@type":"WebSite","@id":"https:\/\/nghiepxuan.com\/de\/#website","url":"https:\/\/nghiepxuan.com\/de\/","name":"Nghiep Xuan - Agricultural Import and Export","description":"Die Natur pflegen, Gesundheit ernten: Ihr Ziel f\u00fcr einen Bio-Lebensstil","publisher":{"@id":"https:\/\/nghiepxuan.com\/de\/#organization"},"potentialAction":[{"@type":"SearchAction","target":{"@type":"EntryPoint","urlTemplate":"https:\/\/nghiepxuan.com\/de\/?s={search_term_string}"},"query-input":{"@type":"PropertyValueSpecification","valueRequired":true,"valueName":"search_term_string"}}],"inLanguage":"de"},{"@type":"Organization","@id":"https:\/\/nghiepxuan.com\/de\/#organization","name":"Nghiep Xuan - Agricultural Import and Export","url":"https:\/\/nghiepxuan.com\/de\/","logo":{"@type":"ImageObject","inLanguage":"de","@id":"https:\/\/nghiepxuan.com\/de\/#\/schema\/logo\/image\/","url":"https:\/\/nghiepxuan.com\/wp-content\/uploads\/2025\/04\/Nghiep-Xuan-Logo-4.png","contentUrl":"https:\/\/nghiepxuan.com\/wp-content\/uploads\/2025\/04\/Nghiep-Xuan-Logo-4.png","width":4167,"height":1015,"caption":"Nghiep Xuan - Agricultural Import and Export"},"image":{"@id":"https:\/\/nghiepxuan.com\/de\/#\/schema\/logo\/image\/"},"sameAs":["https:\/\/www.facebook.com\/nongsannghiepxuan\/","https:\/\/x.com\/PhuTonBui","https:\/\/www.instagram.com\/xuatnhapkhaunghiepxuan\/","https:\/\/www.youtube.com\/@nongsannghiepxuan2066","https:\/\/www.tiktok.com\/@nghiepxuan"]}]}},"_links":{"self":[{"href":"https:\/\/nghiepxuan.com\/de\/wp-json\/wp\/v2\/product\/8580","targetHints":{"allow":["GET"]}}],"collection":[{"href":"https:\/\/nghiepxuan.com\/de\/wp-json\/wp\/v2\/product"}],"about":[{"href":"https:\/\/nghiepxuan.com\/de\/wp-json\/wp\/v2\/types\/product"}],"replies":[{"embeddable":true,"href":"https:\/\/nghiepxuan.com\/de\/wp-json\/wp\/v2\/comments?post=8580"}],"version-history":[{"count":0,"href":"https:\/\/nghiepxuan.com\/de\/wp-json\/wp\/v2\/product\/8580\/revisions"}],"wp:featuredmedia":[{"embeddable":true,"href":"https:\/\/nghiepxuan.com\/de\/wp-json\/wp\/v2\/media\/8531"}],"wp:attachment":[{"href":"https:\/\/nghiepxuan.com\/de\/wp-json\/wp\/v2\/media?parent=8580"}],"wp:term":[{"taxonomy":"product_brand","embeddable":true,"href":"https:\/\/nghiepxuan.com\/de\/wp-json\/wp\/v2\/product_brand?post=8580"},{"taxonomy":"product_cat","embeddable":true,"href":"https:\/\/nghiepxuan.com\/de\/wp-json\/wp\/v2\/product_cat?post=8580"},{"taxonomy":"product_tag","embeddable":true,"href":"https:\/\/nghiepxuan.com\/de\/wp-json\/wp\/v2\/product_tag?post=8580"}],"curies":[{"name":"wp","href":"https:\/\/api.w.org\/{rel}","templated":true}]}}