{"id":8380,"date":"2025-04-07T07:58:35","date_gmt":"2025-04-07T07:58:35","guid":{"rendered":"https:\/\/nghiepxuan.com\/product\/gefrorene-passionsfrucht-frisch-natuerlich-und-praktisch\/"},"modified":"2025-04-07T08:02:28","modified_gmt":"2025-04-07T08:02:28","slug":"gefrorene-passionsfrucht-frisch-natuerlich-und-praktisch","status":"publish","type":"product","link":"https:\/\/nghiepxuan.com\/de\/product\/gefrorene-passionsfrucht-frisch-natuerlich-und-praktisch\/","title":{"rendered":"Gefrorene Passionsfrucht &#8211; frisch, nat\u00fcrlich und praktisch"},"content":{"rendered":"<p class=\"\" data-start=\"179\" data-end=\"445\">Erleben Sie den lebendigen, spritzigen Geschmack von gefrorenen Passionsfr\u00fcchten &#8211; eine erfrischende und gesunde Erg\u00e4nzung zu Ihren Mahlzeiten und Getr\u00e4nken. Unsere gefrorenen Premium-Passionsfr\u00fcchte stammen von den besten Bauernh\u00f6fen, damit jede Frucht reif und saftig ist und viele wichtige N\u00e4hrstoffe enth\u00e4lt. <\/p>\n<p class=\"\" data-start=\"447\" data-end=\"464\"><strong data-start=\"447\" data-end=\"464\">Wichtige Merkmale:<\/strong><\/p>\n<ul data-start=\"465\" data-end=\"1042\">\n<li class=\"\" data-start=\"465\" data-end=\"588\">\n<p class=\"\" data-start=\"467\" data-end=\"588\"><strong data-start=\"467\" data-end=\"483\">100% nat\u00fcrlich<\/strong>: Hergestellt aus handgepfl\u00fcckten Passionsfr\u00fcchten, die zum Zeitpunkt ihrer maximalen Reife eingefroren werden, um ihre Frische und N\u00e4hrstoffe zu bewahren.<\/p>\n<\/li>\n<li class=\"\" data-start=\"589\" data-end=\"714\">\n<p class=\"\" data-start=\"591\" data-end=\"714\"><strong data-start=\"591\" data-end=\"620\">Praktisch und sofort einsatzbereit<\/strong>: Perfekt f\u00fcr Smoothies, Desserts, Obstsalate oder Cocktails. Kein Sch\u00e4len oder Schneiden erforderlich! <\/p>\n<\/li>\n<li class=\"\" data-start=\"715\" data-end=\"835\">\n<p class=\"\" data-start=\"717\" data-end=\"835\"><strong data-start=\"717\" data-end=\"738\">Reich an N\u00e4hrstoffen<\/strong>: Die Passionsfrucht ist reich an Vitamin C, Ballaststoffen und Antioxidantien und bietet zahlreiche gesundheitliche Vorteile.<\/p>\n<\/li>\n<li class=\"\" data-start=\"836\" data-end=\"932\">\n<p class=\"\" data-start=\"838\" data-end=\"932\"><strong data-start=\"838\" data-end=\"857\">Lange Haltbarkeitsdauer<\/strong>: Bewahren Sie sie in Ihrer Gefriertruhe auf und genie\u00dfen Sie die tropische K\u00f6stlichkeit das ganze Jahr \u00fcber.<\/p>\n<\/li>\n<li class=\"\" data-start=\"933\" data-end=\"1042\">\n<p class=\"\" data-start=\"935\" data-end=\"1042\"><strong data-start=\"935\" data-end=\"952\">Vielseitig verwendbar<\/strong>: Ideal zum Backen, zur Herstellung von Marmeladen oder zum Hinzuf\u00fcgen zu Ihren Lieblingsrezepten f\u00fcr einen Hauch von Geschmack.<\/p>\n<\/li>\n<\/ul>\n<p class=\"\" data-start=\"1044\" data-end=\"1415\"><strong data-start=\"1044\" data-end=\"1084\">Warum sollten Sie unsere gefrorenen Passionsfr\u00fcchte w\u00e4hlen?<\/strong>  Unsere gefrorenen Passionsfr\u00fcchte werden sorgf\u00e4ltig verarbeitet, um ihren nat\u00fcrlichen Geschmack und ihre Textur zu erhalten. Es ist eine hervorragende M\u00f6glichkeit, den tropischen Geschmack der Passionsfrucht zu genie\u00dfen, auch wenn sie gerade keine Saison hat. Ganz gleich, ob Sie Ihre K\u00fcche verfeinern wollen oder schnell ein erfrischendes Getr\u00e4nk zubereiten m\u00f6chten, unsere gefrorenen Passionsfr\u00fcchte sind die beste Wahl f\u00fcr Sie.  <\/p>\n<p class=\"\" data-start=\"1417\" data-end=\"1740\"><strong data-start=\"1417\" data-end=\"1471\">Perfekt f\u00fcr Gesundheitsenthusiasten und Vielbesch\u00e4ftigte<\/strong> Die Passionsfrucht ist vollgepackt mit Antioxidantien, Vitaminen und Ballaststoffen und eignet sich hervorragend, um Ihr Immunsystem zu st\u00e4rken, die Verdauung zu verbessern und Ihre Haut gesund zu halten. Sie ist die perfekte Zutat f\u00fcr alle, die mehr Fr\u00fcchte in ihren Speiseplan aufnehmen m\u00f6chten, ohne sich mit der Zubereitung herumschlagen zu m\u00fcssen. <\/p>\n<p class=\"\" data-start=\"1742\" data-end=\"1839\">Bestellen Sie noch heute und entdecken Sie den Komfort von gefrorenen Passionsfr\u00fcchten, die direkt zu Ihnen nach Hause geliefert werden.<\/p>\n","protected":false},"excerpt":{"rendered":"<p>Genie\u00dfen Sie den tropischen Geschmack von 100% nat\u00fcrlichen, gefrorenen Passionsfr\u00fcchten. Sie eignet sich perfekt f\u00fcr Smoothies, Desserts und vieles mehr und ist vollgepackt mit Vitaminen, Antioxidantien und Ballaststoffen. Praktisch, gebrauchsfertig und perfekt f\u00fcr jedes Rezept das ganze Jahr \u00fcber.  <\/p>\n","protected":false},"featured_media":8333,"comment_status":"open","ping_status":"closed","template":"","meta":{"content-type":""},"product_brand":[],"product_cat":[420],"product_tag":[655,657,656],"class_list":{"0":"post-8380","1":"product","2":"type-product","3":"status-publish","4":"has-post-thumbnail","6":"product_cat-frozen-de","7":"product_tag-gefrorene-passionsfrucht","8":"product_tag-nahrstoffe","9":"product_tag-naturlich","11":"first","12":"instock","13":"sale","14":"shipping-taxable","15":"purchasable","16":"product-type-variable","17":"has-default-attributes"},"yoast_head":"<!-- This site is optimized with the Yoast SEO plugin v26.9 - https:\/\/yoast.com\/product\/yoast-seo-wordpress\/ -->\n<title>Gefrorene Passionsfrucht - frisch, nat\u00fcrlich und praktisch - Nghiep Xuan - Landwirtschaftlicher Import und Export<\/title>\n<meta name=\"robots\" content=\"index, follow, max-snippet:-1, max-image-preview:large, max-video-preview:-1\" \/>\n<link rel=\"canonical\" href=\"https:\/\/nghiepxuan.com\/de\/product\/gefrorene-passionsfrucht-frisch-natuerlich-und-praktisch\/\" \/>\n<meta property=\"og:locale\" content=\"de_DE\" \/>\n<meta property=\"og:type\" content=\"article\" \/>\n<meta property=\"og:title\" content=\"Gefrorene Passionsfrucht - frisch, nat\u00fcrlich und praktisch - Nghiep Xuan - Landwirtschaftlicher Import und Export\" \/>\n<meta property=\"og:description\" content=\"Genie\u00dfen Sie den tropischen Geschmack von 100% nat\u00fcrlichen, gefrorenen Passionsfr\u00fcchten. Sie eignet sich perfekt f\u00fcr Smoothies, Desserts und vieles mehr und ist vollgepackt mit Vitaminen, Antioxidantien und Ballaststoffen. Praktisch, gebrauchsfertig und perfekt f\u00fcr jedes Rezept das ganze Jahr \u00fcber.\" \/>\n<meta property=\"og:url\" content=\"https:\/\/nghiepxuan.com\/de\/product\/gefrorene-passionsfrucht-frisch-natuerlich-und-praktisch\/\" \/>\n<meta property=\"og:site_name\" content=\"Nghiep Xuan - Landwirtschaftlicher Import und Export\" \/>\n<meta property=\"article:publisher\" content=\"https:\/\/www.facebook.com\/nongsannghiepxuan\/\" \/>\n<meta property=\"article:modified_time\" content=\"2025-04-07T08:02:28+00:00\" \/>\n<meta property=\"og:image\" content=\"https:\/\/nghiepxuan.com\/wp-content\/uploads\/2025\/04\/Passion-Fruit-Frozen-Nghiep-Xuan.png\" \/>\n\t<meta property=\"og:image:width\" content=\"586\" \/>\n\t<meta property=\"og:image:height\" content=\"592\" \/>\n\t<meta property=\"og:image:type\" content=\"image\/png\" \/>\n<meta name=\"twitter:card\" content=\"summary_large_image\" \/>\n<meta name=\"twitter:site\" content=\"@PhuTonBui\" \/>\n<meta name=\"twitter:label1\" content=\"Gesch\u00e4tzte Lesezeit\" \/>\n\t<meta name=\"twitter:data1\" content=\"2\u00a0Minuten\" \/>\n<script type=\"application\/ld+json\" class=\"yoast-schema-graph\">{\"@context\":\"https:\/\/schema.org\",\"@graph\":[{\"@type\":\"WebPage\",\"@id\":\"https:\/\/nghiepxuan.com\/de\/product\/gefrorene-passionsfrucht-frisch-natuerlich-und-praktisch\/\",\"url\":\"https:\/\/nghiepxuan.com\/de\/product\/gefrorene-passionsfrucht-frisch-natuerlich-und-praktisch\/\",\"name\":\"Gefrorene Passionsfrucht - frisch, nat\u00fcrlich und praktisch - Nghiep Xuan - Landwirtschaftlicher Import und Export\",\"isPartOf\":{\"@id\":\"https:\/\/nghiepxuan.com\/de\/#website\"},\"primaryImageOfPage\":{\"@id\":\"https:\/\/nghiepxuan.com\/de\/product\/gefrorene-passionsfrucht-frisch-natuerlich-und-praktisch\/#primaryimage\"},\"image\":{\"@id\":\"https:\/\/nghiepxuan.com\/de\/product\/gefrorene-passionsfrucht-frisch-natuerlich-und-praktisch\/#primaryimage\"},\"thumbnailUrl\":\"https:\/\/nghiepxuan.com\/wp-content\/uploads\/2025\/04\/Passion-Fruit-Frozen-Nghiep-Xuan.png\",\"datePublished\":\"2025-04-07T07:58:35+00:00\",\"dateModified\":\"2025-04-07T08:02:28+00:00\",\"breadcrumb\":{\"@id\":\"https:\/\/nghiepxuan.com\/de\/product\/gefrorene-passionsfrucht-frisch-natuerlich-und-praktisch\/#breadcrumb\"},\"inLanguage\":\"de\",\"potentialAction\":[{\"@type\":\"ReadAction\",\"target\":[\"https:\/\/nghiepxuan.com\/de\/product\/gefrorene-passionsfrucht-frisch-natuerlich-und-praktisch\/\"]}]},{\"@type\":\"ImageObject\",\"inLanguage\":\"de\",\"@id\":\"https:\/\/nghiepxuan.com\/de\/product\/gefrorene-passionsfrucht-frisch-natuerlich-und-praktisch\/#primaryimage\",\"url\":\"https:\/\/nghiepxuan.com\/wp-content\/uploads\/2025\/04\/Passion-Fruit-Frozen-Nghiep-Xuan.png\",\"contentUrl\":\"https:\/\/nghiepxuan.com\/wp-content\/uploads\/2025\/04\/Passion-Fruit-Frozen-Nghiep-Xuan.png\",\"width\":586,\"height\":592},{\"@type\":\"BreadcrumbList\",\"@id\":\"https:\/\/nghiepxuan.com\/de\/product\/gefrorene-passionsfrucht-frisch-natuerlich-und-praktisch\/#breadcrumb\",\"itemListElement\":[{\"@type\":\"ListItem\",\"position\":1,\"name\":\"Home\",\"item\":\"https:\/\/nghiepxuan.com\/de\/\"},{\"@type\":\"ListItem\",\"position\":2,\"name\":\"Gesch\u00e4ft\",\"item\":\"https:\/\/nghiepxuan.com\/de\/shop\/\"},{\"@type\":\"ListItem\",\"position\":3,\"name\":\"Gefrorene Passionsfrucht &#8211; frisch, nat\u00fcrlich und praktisch\"}]},{\"@type\":\"WebSite\",\"@id\":\"https:\/\/nghiepxuan.com\/de\/#website\",\"url\":\"https:\/\/nghiepxuan.com\/de\/\",\"name\":\"Nghiep Xuan - Agricultural Import and Export\",\"description\":\"Die Natur pflegen, Gesundheit ernten: Ihr Ziel f\u00fcr einen Bio-Lebensstil\",\"publisher\":{\"@id\":\"https:\/\/nghiepxuan.com\/de\/#organization\"},\"potentialAction\":[{\"@type\":\"SearchAction\",\"target\":{\"@type\":\"EntryPoint\",\"urlTemplate\":\"https:\/\/nghiepxuan.com\/de\/?s={search_term_string}\"},\"query-input\":{\"@type\":\"PropertyValueSpecification\",\"valueRequired\":true,\"valueName\":\"search_term_string\"}}],\"inLanguage\":\"de\"},{\"@type\":\"Organization\",\"@id\":\"https:\/\/nghiepxuan.com\/de\/#organization\",\"name\":\"Nghiep Xuan - Agricultural Import and Export\",\"url\":\"https:\/\/nghiepxuan.com\/de\/\",\"logo\":{\"@type\":\"ImageObject\",\"inLanguage\":\"de\",\"@id\":\"https:\/\/nghiepxuan.com\/de\/#\/schema\/logo\/image\/\",\"url\":\"https:\/\/nghiepxuan.com\/wp-content\/uploads\/2025\/04\/Nghiep-Xuan-Logo-4.png\",\"contentUrl\":\"https:\/\/nghiepxuan.com\/wp-content\/uploads\/2025\/04\/Nghiep-Xuan-Logo-4.png\",\"width\":4167,\"height\":1015,\"caption\":\"Nghiep Xuan - Agricultural Import and Export\"},\"image\":{\"@id\":\"https:\/\/nghiepxuan.com\/de\/#\/schema\/logo\/image\/\"},\"sameAs\":[\"https:\/\/www.facebook.com\/nongsannghiepxuan\/\",\"https:\/\/x.com\/PhuTonBui\",\"https:\/\/www.instagram.com\/xuatnhapkhaunghiepxuan\/\",\"https:\/\/www.youtube.com\/@nongsannghiepxuan2066\",\"https:\/\/www.tiktok.com\/@nghiepxuan\"]}]}<\/script>\n<!-- \/ Yoast SEO plugin. -->","yoast_head_json":{"title":"Gefrorene Passionsfrucht - frisch, nat\u00fcrlich und praktisch - Nghiep Xuan - Landwirtschaftlicher Import und Export","robots":{"index":"index","follow":"follow","max-snippet":"max-snippet:-1","max-image-preview":"max-image-preview:large","max-video-preview":"max-video-preview:-1"},"canonical":"https:\/\/nghiepxuan.com\/de\/product\/gefrorene-passionsfrucht-frisch-natuerlich-und-praktisch\/","og_locale":"de_DE","og_type":"article","og_title":"Gefrorene Passionsfrucht - frisch, nat\u00fcrlich und praktisch - Nghiep Xuan - Landwirtschaftlicher Import und Export","og_description":"Genie\u00dfen Sie den tropischen Geschmack von 100% nat\u00fcrlichen, gefrorenen Passionsfr\u00fcchten. Sie eignet sich perfekt f\u00fcr Smoothies, Desserts und vieles mehr und ist vollgepackt mit Vitaminen, Antioxidantien und Ballaststoffen. Praktisch, gebrauchsfertig und perfekt f\u00fcr jedes Rezept das ganze Jahr \u00fcber.","og_url":"https:\/\/nghiepxuan.com\/de\/product\/gefrorene-passionsfrucht-frisch-natuerlich-und-praktisch\/","og_site_name":"Nghiep Xuan - Landwirtschaftlicher Import und Export","article_publisher":"https:\/\/www.facebook.com\/nongsannghiepxuan\/","article_modified_time":"2025-04-07T08:02:28+00:00","og_image":[{"width":586,"height":592,"url":"https:\/\/nghiepxuan.com\/wp-content\/uploads\/2025\/04\/Passion-Fruit-Frozen-Nghiep-Xuan.png","type":"image\/png"}],"twitter_card":"summary_large_image","twitter_site":"@PhuTonBui","twitter_misc":{"Gesch\u00e4tzte Lesezeit":"2\u00a0Minuten"},"schema":{"@context":"https:\/\/schema.org","@graph":[{"@type":"WebPage","@id":"https:\/\/nghiepxuan.com\/de\/product\/gefrorene-passionsfrucht-frisch-natuerlich-und-praktisch\/","url":"https:\/\/nghiepxuan.com\/de\/product\/gefrorene-passionsfrucht-frisch-natuerlich-und-praktisch\/","name":"Gefrorene Passionsfrucht - frisch, nat\u00fcrlich und praktisch - Nghiep Xuan - Landwirtschaftlicher Import und Export","isPartOf":{"@id":"https:\/\/nghiepxuan.com\/de\/#website"},"primaryImageOfPage":{"@id":"https:\/\/nghiepxuan.com\/de\/product\/gefrorene-passionsfrucht-frisch-natuerlich-und-praktisch\/#primaryimage"},"image":{"@id":"https:\/\/nghiepxuan.com\/de\/product\/gefrorene-passionsfrucht-frisch-natuerlich-und-praktisch\/#primaryimage"},"thumbnailUrl":"https:\/\/nghiepxuan.com\/wp-content\/uploads\/2025\/04\/Passion-Fruit-Frozen-Nghiep-Xuan.png","datePublished":"2025-04-07T07:58:35+00:00","dateModified":"2025-04-07T08:02:28+00:00","breadcrumb":{"@id":"https:\/\/nghiepxuan.com\/de\/product\/gefrorene-passionsfrucht-frisch-natuerlich-und-praktisch\/#breadcrumb"},"inLanguage":"de","potentialAction":[{"@type":"ReadAction","target":["https:\/\/nghiepxuan.com\/de\/product\/gefrorene-passionsfrucht-frisch-natuerlich-und-praktisch\/"]}]},{"@type":"ImageObject","inLanguage":"de","@id":"https:\/\/nghiepxuan.com\/de\/product\/gefrorene-passionsfrucht-frisch-natuerlich-und-praktisch\/#primaryimage","url":"https:\/\/nghiepxuan.com\/wp-content\/uploads\/2025\/04\/Passion-Fruit-Frozen-Nghiep-Xuan.png","contentUrl":"https:\/\/nghiepxuan.com\/wp-content\/uploads\/2025\/04\/Passion-Fruit-Frozen-Nghiep-Xuan.png","width":586,"height":592},{"@type":"BreadcrumbList","@id":"https:\/\/nghiepxuan.com\/de\/product\/gefrorene-passionsfrucht-frisch-natuerlich-und-praktisch\/#breadcrumb","itemListElement":[{"@type":"ListItem","position":1,"name":"Home","item":"https:\/\/nghiepxuan.com\/de\/"},{"@type":"ListItem","position":2,"name":"Gesch\u00e4ft","item":"https:\/\/nghiepxuan.com\/de\/shop\/"},{"@type":"ListItem","position":3,"name":"Gefrorene Passionsfrucht &#8211; frisch, nat\u00fcrlich und praktisch"}]},{"@type":"WebSite","@id":"https:\/\/nghiepxuan.com\/de\/#website","url":"https:\/\/nghiepxuan.com\/de\/","name":"Nghiep Xuan - Agricultural Import and Export","description":"Die Natur pflegen, Gesundheit ernten: Ihr Ziel f\u00fcr einen Bio-Lebensstil","publisher":{"@id":"https:\/\/nghiepxuan.com\/de\/#organization"},"potentialAction":[{"@type":"SearchAction","target":{"@type":"EntryPoint","urlTemplate":"https:\/\/nghiepxuan.com\/de\/?s={search_term_string}"},"query-input":{"@type":"PropertyValueSpecification","valueRequired":true,"valueName":"search_term_string"}}],"inLanguage":"de"},{"@type":"Organization","@id":"https:\/\/nghiepxuan.com\/de\/#organization","name":"Nghiep Xuan - Agricultural Import and Export","url":"https:\/\/nghiepxuan.com\/de\/","logo":{"@type":"ImageObject","inLanguage":"de","@id":"https:\/\/nghiepxuan.com\/de\/#\/schema\/logo\/image\/","url":"https:\/\/nghiepxuan.com\/wp-content\/uploads\/2025\/04\/Nghiep-Xuan-Logo-4.png","contentUrl":"https:\/\/nghiepxuan.com\/wp-content\/uploads\/2025\/04\/Nghiep-Xuan-Logo-4.png","width":4167,"height":1015,"caption":"Nghiep Xuan - Agricultural Import and Export"},"image":{"@id":"https:\/\/nghiepxuan.com\/de\/#\/schema\/logo\/image\/"},"sameAs":["https:\/\/www.facebook.com\/nongsannghiepxuan\/","https:\/\/x.com\/PhuTonBui","https:\/\/www.instagram.com\/xuatnhapkhaunghiepxuan\/","https:\/\/www.youtube.com\/@nongsannghiepxuan2066","https:\/\/www.tiktok.com\/@nghiepxuan"]}]}},"_links":{"self":[{"href":"https:\/\/nghiepxuan.com\/de\/wp-json\/wp\/v2\/product\/8380","targetHints":{"allow":["GET"]}}],"collection":[{"href":"https:\/\/nghiepxuan.com\/de\/wp-json\/wp\/v2\/product"}],"about":[{"href":"https:\/\/nghiepxuan.com\/de\/wp-json\/wp\/v2\/types\/product"}],"replies":[{"embeddable":true,"href":"https:\/\/nghiepxuan.com\/de\/wp-json\/wp\/v2\/comments?post=8380"}],"version-history":[{"count":1,"href":"https:\/\/nghiepxuan.com\/de\/wp-json\/wp\/v2\/product\/8380\/revisions"}],"predecessor-version":[{"id":8402,"href":"https:\/\/nghiepxuan.com\/de\/wp-json\/wp\/v2\/product\/8380\/revisions\/8402"}],"wp:featuredmedia":[{"embeddable":true,"href":"https:\/\/nghiepxuan.com\/de\/wp-json\/wp\/v2\/media\/8333"}],"wp:attachment":[{"href":"https:\/\/nghiepxuan.com\/de\/wp-json\/wp\/v2\/media?parent=8380"}],"wp:term":[{"taxonomy":"product_brand","embeddable":true,"href":"https:\/\/nghiepxuan.com\/de\/wp-json\/wp\/v2\/product_brand?post=8380"},{"taxonomy":"product_cat","embeddable":true,"href":"https:\/\/nghiepxuan.com\/de\/wp-json\/wp\/v2\/product_cat?post=8380"},{"taxonomy":"product_tag","embeddable":true,"href":"https:\/\/nghiepxuan.com\/de\/wp-json\/wp\/v2\/product_tag?post=8380"}],"curies":[{"name":"wp","href":"https:\/\/api.w.org\/{rel}","templated":true}]}}