{"id":8288,"date":"2025-04-12T02:58:29","date_gmt":"2025-04-12T02:58:29","guid":{"rendered":"https:\/\/nghiepxuan.com\/product\/passionsfrucht-suess-spritzig-und-naehrstoffreich\/"},"modified":"2025-04-07T06:34:31","modified_gmt":"2025-04-07T06:34:31","slug":"passionsfrucht-suess-spritzig-und-naehrstoffreich","status":"publish","type":"product","link":"https:\/\/nghiepxuan.com\/de\/product\/passionsfrucht-suess-spritzig-und-naehrstoffreich\/","title":{"rendered":"Passionsfrucht &#8211; s\u00fc\u00df, spritzig und n\u00e4hrstoffreich"},"content":{"rendered":"<p class=\"\" data-start=\"206\" data-end=\"519\">Entdecken Sie das tropische Vergn\u00fcgen <strong data-start=\"239\" data-end=\"262\">frischer Passionsfr\u00fcchte<\/strong>, die vor Geschmack nur so strotzen, reich an N\u00e4hrstoffen sind und nat\u00fcrlich ohne sch\u00e4dliche Chemikalien angebaut werden. Unsere hochwertigen Passionsfr\u00fcchte werden von Hand gepfl\u00fcckt, um einen perfekten Reifegrad zu gew\u00e4hrleisten. Sie bieten einen k\u00f6stlich w\u00fcrzigen Geschmack und einen aromatischen Duft, der jedes Rezept oder Getr\u00e4nk aufwertet. <\/p>\n<p class=\"\" data-start=\"521\" data-end=\"756\">Vollgepackt mit <strong data-start=\"533\" data-end=\"546\">Vitamin C<\/strong>, <strong data-start=\"548\" data-end=\"564\">Antioxidantien<\/strong> und <strong data-start=\"570\" data-end=\"579\">Ballaststoffen<\/strong> ist die Passionsfrucht nicht nur lecker, sondern auch gut f\u00fcr Ihre Gesundheit. Ideal f\u00fcr Smoothies, Desserts, S\u00e4fte oder einfach frisch verzehrt &#8211; sie ist die perfekte Wahl f\u00fcr einen gesunden Lebensstil. <\/p>\n<p class=\"\" data-start=\"758\" data-end=\"909\">\u2714 100% biologisch und frisch vom Bauernhof<br data-start=\"787\" data-end=\"790\">\u2714 S\u00fc\u00df-s\u00e4uerlicher Geschmack mit duftendem Aroma<br data-start=\"831\" data-end=\"834\">\u2714 F\u00f6rdert die Verdauung und st\u00e4rkt die Immunit\u00e4t<br data-start=\"874\" data-end=\"877\">\u2714 Bequeme landesweite Lieferung<\/p>\n<p class=\"\" data-start=\"911\" data-end=\"1005\">Bestellen Sie noch heute Ihre hochwertige <strong data-start=\"930\" data-end=\"958\">vietnamesische Passionsfrucht<\/strong> und holen Sie sich den Geschmack der Tropen nach Hause!<\/p>\n","protected":false},"excerpt":{"rendered":"<ul>\n<li>Frische, biologische vietnamesische Passionsfrucht mit einem s\u00fc\u00df-s\u00e4uerlichen Geschmack und reichem Aroma. Vollgepackt mit Vitaminen und Antioxidantien &#8211; perfekt f\u00fcr S\u00e4fte, Desserts und gesunde Snacks. <\/li>\n<\/ul>\n","protected":false},"featured_media":8247,"comment_status":"open","ping_status":"closed","template":"","meta":{"content-type":""},"product_brand":[],"product_cat":[171],"product_tag":[],"class_list":{"0":"post-8288","1":"product","2":"type-product","3":"status-publish","4":"has-post-thumbnail","6":"product_cat-fruits-de","8":"first","9":"instock","10":"sale","11":"shipping-taxable","12":"purchasable","13":"product-type-variable","14":"has-default-attributes"},"yoast_head":"<!-- This site is optimized with the Yoast SEO plugin v26.9 - https:\/\/yoast.com\/product\/yoast-seo-wordpress\/ -->\n<title>Passionsfrucht - s\u00fc\u00df, spritzig und n\u00e4hrstoffreich - Nghiep Xuan - Landwirtschaftlicher Import und Export<\/title>\n<meta name=\"robots\" content=\"index, follow, max-snippet:-1, max-image-preview:large, max-video-preview:-1\" \/>\n<link rel=\"canonical\" href=\"https:\/\/nghiepxuan.com\/de\/product\/passionsfrucht-suess-spritzig-und-naehrstoffreich\/\" \/>\n<meta property=\"og:locale\" content=\"de_DE\" \/>\n<meta property=\"og:type\" content=\"article\" \/>\n<meta property=\"og:title\" content=\"Passionsfrucht - s\u00fc\u00df, spritzig und n\u00e4hrstoffreich - Nghiep Xuan - Landwirtschaftlicher Import und Export\" \/>\n<meta property=\"og:description\" content=\"Frische, biologische vietnamesische Passionsfrucht mit einem s\u00fc\u00df-s\u00e4uerlichen Geschmack und reichem Aroma. Vollgepackt mit Vitaminen und Antioxidantien - perfekt f\u00fcr S\u00e4fte, Desserts und gesunde Snacks.\" \/>\n<meta property=\"og:url\" content=\"https:\/\/nghiepxuan.com\/de\/product\/passionsfrucht-suess-spritzig-und-naehrstoffreich\/\" \/>\n<meta property=\"og:site_name\" content=\"Nghiep Xuan - Landwirtschaftlicher Import und Export\" \/>\n<meta property=\"article:publisher\" content=\"https:\/\/www.facebook.com\/nongsannghiepxuan\/\" \/>\n<meta property=\"og:image\" content=\"https:\/\/nghiepxuan.com\/wp-content\/uploads\/2025\/04\/passion-fruits.jpg\" \/>\n\t<meta property=\"og:image:width\" content=\"1417\" \/>\n\t<meta property=\"og:image:height\" content=\"1134\" \/>\n\t<meta property=\"og:image:type\" content=\"image\/jpeg\" \/>\n<meta name=\"twitter:card\" content=\"summary_large_image\" \/>\n<meta name=\"twitter:site\" content=\"@PhuTonBui\" \/>\n<meta name=\"twitter:label1\" content=\"Gesch\u00e4tzte Lesezeit\" \/>\n\t<meta name=\"twitter:data1\" content=\"1\u00a0Minute\" \/>\n<script type=\"application\/ld+json\" class=\"yoast-schema-graph\">{\"@context\":\"https:\/\/schema.org\",\"@graph\":[{\"@type\":\"WebPage\",\"@id\":\"https:\/\/nghiepxuan.com\/de\/product\/passionsfrucht-suess-spritzig-und-naehrstoffreich\/\",\"url\":\"https:\/\/nghiepxuan.com\/de\/product\/passionsfrucht-suess-spritzig-und-naehrstoffreich\/\",\"name\":\"Passionsfrucht - s\u00fc\u00df, spritzig und n\u00e4hrstoffreich - Nghiep Xuan - Landwirtschaftlicher Import und Export\",\"isPartOf\":{\"@id\":\"https:\/\/nghiepxuan.com\/de\/#website\"},\"primaryImageOfPage\":{\"@id\":\"https:\/\/nghiepxuan.com\/de\/product\/passionsfrucht-suess-spritzig-und-naehrstoffreich\/#primaryimage\"},\"image\":{\"@id\":\"https:\/\/nghiepxuan.com\/de\/product\/passionsfrucht-suess-spritzig-und-naehrstoffreich\/#primaryimage\"},\"thumbnailUrl\":\"https:\/\/nghiepxuan.com\/wp-content\/uploads\/2025\/04\/passion-fruits.jpg\",\"datePublished\":\"2025-04-12T02:58:29+00:00\",\"breadcrumb\":{\"@id\":\"https:\/\/nghiepxuan.com\/de\/product\/passionsfrucht-suess-spritzig-und-naehrstoffreich\/#breadcrumb\"},\"inLanguage\":\"de\",\"potentialAction\":[{\"@type\":\"ReadAction\",\"target\":[\"https:\/\/nghiepxuan.com\/de\/product\/passionsfrucht-suess-spritzig-und-naehrstoffreich\/\"]}]},{\"@type\":\"ImageObject\",\"inLanguage\":\"de\",\"@id\":\"https:\/\/nghiepxuan.com\/de\/product\/passionsfrucht-suess-spritzig-und-naehrstoffreich\/#primaryimage\",\"url\":\"https:\/\/nghiepxuan.com\/wp-content\/uploads\/2025\/04\/passion-fruits.jpg\",\"contentUrl\":\"https:\/\/nghiepxuan.com\/wp-content\/uploads\/2025\/04\/passion-fruits.jpg\",\"width\":1417,\"height\":1134},{\"@type\":\"BreadcrumbList\",\"@id\":\"https:\/\/nghiepxuan.com\/de\/product\/passionsfrucht-suess-spritzig-und-naehrstoffreich\/#breadcrumb\",\"itemListElement\":[{\"@type\":\"ListItem\",\"position\":1,\"name\":\"Home\",\"item\":\"https:\/\/nghiepxuan.com\/de\/\"},{\"@type\":\"ListItem\",\"position\":2,\"name\":\"Gesch\u00e4ft\",\"item\":\"https:\/\/nghiepxuan.com\/de\/shop\/\"},{\"@type\":\"ListItem\",\"position\":3,\"name\":\"Passionsfrucht &#8211; s\u00fc\u00df, spritzig und n\u00e4hrstoffreich\"}]},{\"@type\":\"WebSite\",\"@id\":\"https:\/\/nghiepxuan.com\/de\/#website\",\"url\":\"https:\/\/nghiepxuan.com\/de\/\",\"name\":\"Nghiep Xuan - Agricultural Import and Export\",\"description\":\"Die Natur pflegen, Gesundheit ernten: Ihr Ziel f\u00fcr einen Bio-Lebensstil\",\"publisher\":{\"@id\":\"https:\/\/nghiepxuan.com\/de\/#organization\"},\"potentialAction\":[{\"@type\":\"SearchAction\",\"target\":{\"@type\":\"EntryPoint\",\"urlTemplate\":\"https:\/\/nghiepxuan.com\/de\/?s={search_term_string}\"},\"query-input\":{\"@type\":\"PropertyValueSpecification\",\"valueRequired\":true,\"valueName\":\"search_term_string\"}}],\"inLanguage\":\"de\"},{\"@type\":\"Organization\",\"@id\":\"https:\/\/nghiepxuan.com\/de\/#organization\",\"name\":\"Nghiep Xuan - Agricultural Import and Export\",\"url\":\"https:\/\/nghiepxuan.com\/de\/\",\"logo\":{\"@type\":\"ImageObject\",\"inLanguage\":\"de\",\"@id\":\"https:\/\/nghiepxuan.com\/de\/#\/schema\/logo\/image\/\",\"url\":\"https:\/\/nghiepxuan.com\/wp-content\/uploads\/2025\/04\/Nghiep-Xuan-Logo-4.png\",\"contentUrl\":\"https:\/\/nghiepxuan.com\/wp-content\/uploads\/2025\/04\/Nghiep-Xuan-Logo-4.png\",\"width\":4167,\"height\":1015,\"caption\":\"Nghiep Xuan - Agricultural Import and Export\"},\"image\":{\"@id\":\"https:\/\/nghiepxuan.com\/de\/#\/schema\/logo\/image\/\"},\"sameAs\":[\"https:\/\/www.facebook.com\/nongsannghiepxuan\/\",\"https:\/\/x.com\/PhuTonBui\",\"https:\/\/www.instagram.com\/xuatnhapkhaunghiepxuan\/\",\"https:\/\/www.youtube.com\/@nongsannghiepxuan2066\",\"https:\/\/www.tiktok.com\/@nghiepxuan\"]}]}<\/script>\n<!-- \/ Yoast SEO plugin. -->","yoast_head_json":{"title":"Passionsfrucht - s\u00fc\u00df, spritzig und n\u00e4hrstoffreich - Nghiep Xuan - Landwirtschaftlicher Import und Export","robots":{"index":"index","follow":"follow","max-snippet":"max-snippet:-1","max-image-preview":"max-image-preview:large","max-video-preview":"max-video-preview:-1"},"canonical":"https:\/\/nghiepxuan.com\/de\/product\/passionsfrucht-suess-spritzig-und-naehrstoffreich\/","og_locale":"de_DE","og_type":"article","og_title":"Passionsfrucht - s\u00fc\u00df, spritzig und n\u00e4hrstoffreich - Nghiep Xuan - Landwirtschaftlicher Import und Export","og_description":"Frische, biologische vietnamesische Passionsfrucht mit einem s\u00fc\u00df-s\u00e4uerlichen Geschmack und reichem Aroma. Vollgepackt mit Vitaminen und Antioxidantien - perfekt f\u00fcr S\u00e4fte, Desserts und gesunde Snacks.","og_url":"https:\/\/nghiepxuan.com\/de\/product\/passionsfrucht-suess-spritzig-und-naehrstoffreich\/","og_site_name":"Nghiep Xuan - Landwirtschaftlicher Import und Export","article_publisher":"https:\/\/www.facebook.com\/nongsannghiepxuan\/","og_image":[{"width":1417,"height":1134,"url":"https:\/\/nghiepxuan.com\/wp-content\/uploads\/2025\/04\/passion-fruits.jpg","type":"image\/jpeg"}],"twitter_card":"summary_large_image","twitter_site":"@PhuTonBui","twitter_misc":{"Gesch\u00e4tzte Lesezeit":"1\u00a0Minute"},"schema":{"@context":"https:\/\/schema.org","@graph":[{"@type":"WebPage","@id":"https:\/\/nghiepxuan.com\/de\/product\/passionsfrucht-suess-spritzig-und-naehrstoffreich\/","url":"https:\/\/nghiepxuan.com\/de\/product\/passionsfrucht-suess-spritzig-und-naehrstoffreich\/","name":"Passionsfrucht - s\u00fc\u00df, spritzig und n\u00e4hrstoffreich - Nghiep Xuan - Landwirtschaftlicher Import und Export","isPartOf":{"@id":"https:\/\/nghiepxuan.com\/de\/#website"},"primaryImageOfPage":{"@id":"https:\/\/nghiepxuan.com\/de\/product\/passionsfrucht-suess-spritzig-und-naehrstoffreich\/#primaryimage"},"image":{"@id":"https:\/\/nghiepxuan.com\/de\/product\/passionsfrucht-suess-spritzig-und-naehrstoffreich\/#primaryimage"},"thumbnailUrl":"https:\/\/nghiepxuan.com\/wp-content\/uploads\/2025\/04\/passion-fruits.jpg","datePublished":"2025-04-12T02:58:29+00:00","breadcrumb":{"@id":"https:\/\/nghiepxuan.com\/de\/product\/passionsfrucht-suess-spritzig-und-naehrstoffreich\/#breadcrumb"},"inLanguage":"de","potentialAction":[{"@type":"ReadAction","target":["https:\/\/nghiepxuan.com\/de\/product\/passionsfrucht-suess-spritzig-und-naehrstoffreich\/"]}]},{"@type":"ImageObject","inLanguage":"de","@id":"https:\/\/nghiepxuan.com\/de\/product\/passionsfrucht-suess-spritzig-und-naehrstoffreich\/#primaryimage","url":"https:\/\/nghiepxuan.com\/wp-content\/uploads\/2025\/04\/passion-fruits.jpg","contentUrl":"https:\/\/nghiepxuan.com\/wp-content\/uploads\/2025\/04\/passion-fruits.jpg","width":1417,"height":1134},{"@type":"BreadcrumbList","@id":"https:\/\/nghiepxuan.com\/de\/product\/passionsfrucht-suess-spritzig-und-naehrstoffreich\/#breadcrumb","itemListElement":[{"@type":"ListItem","position":1,"name":"Home","item":"https:\/\/nghiepxuan.com\/de\/"},{"@type":"ListItem","position":2,"name":"Gesch\u00e4ft","item":"https:\/\/nghiepxuan.com\/de\/shop\/"},{"@type":"ListItem","position":3,"name":"Passionsfrucht &#8211; s\u00fc\u00df, spritzig und n\u00e4hrstoffreich"}]},{"@type":"WebSite","@id":"https:\/\/nghiepxuan.com\/de\/#website","url":"https:\/\/nghiepxuan.com\/de\/","name":"Nghiep Xuan - Agricultural Import and Export","description":"Die Natur pflegen, Gesundheit ernten: Ihr Ziel f\u00fcr einen Bio-Lebensstil","publisher":{"@id":"https:\/\/nghiepxuan.com\/de\/#organization"},"potentialAction":[{"@type":"SearchAction","target":{"@type":"EntryPoint","urlTemplate":"https:\/\/nghiepxuan.com\/de\/?s={search_term_string}"},"query-input":{"@type":"PropertyValueSpecification","valueRequired":true,"valueName":"search_term_string"}}],"inLanguage":"de"},{"@type":"Organization","@id":"https:\/\/nghiepxuan.com\/de\/#organization","name":"Nghiep Xuan - Agricultural Import and Export","url":"https:\/\/nghiepxuan.com\/de\/","logo":{"@type":"ImageObject","inLanguage":"de","@id":"https:\/\/nghiepxuan.com\/de\/#\/schema\/logo\/image\/","url":"https:\/\/nghiepxuan.com\/wp-content\/uploads\/2025\/04\/Nghiep-Xuan-Logo-4.png","contentUrl":"https:\/\/nghiepxuan.com\/wp-content\/uploads\/2025\/04\/Nghiep-Xuan-Logo-4.png","width":4167,"height":1015,"caption":"Nghiep Xuan - Agricultural Import and Export"},"image":{"@id":"https:\/\/nghiepxuan.com\/de\/#\/schema\/logo\/image\/"},"sameAs":["https:\/\/www.facebook.com\/nongsannghiepxuan\/","https:\/\/x.com\/PhuTonBui","https:\/\/www.instagram.com\/xuatnhapkhaunghiepxuan\/","https:\/\/www.youtube.com\/@nongsannghiepxuan2066","https:\/\/www.tiktok.com\/@nghiepxuan"]}]}},"_links":{"self":[{"href":"https:\/\/nghiepxuan.com\/de\/wp-json\/wp\/v2\/product\/8288","targetHints":{"allow":["GET"]}}],"collection":[{"href":"https:\/\/nghiepxuan.com\/de\/wp-json\/wp\/v2\/product"}],"about":[{"href":"https:\/\/nghiepxuan.com\/de\/wp-json\/wp\/v2\/types\/product"}],"replies":[{"embeddable":true,"href":"https:\/\/nghiepxuan.com\/de\/wp-json\/wp\/v2\/comments?post=8288"}],"version-history":[{"count":1,"href":"https:\/\/nghiepxuan.com\/de\/wp-json\/wp\/v2\/product\/8288\/revisions"}],"predecessor-version":[{"id":8316,"href":"https:\/\/nghiepxuan.com\/de\/wp-json\/wp\/v2\/product\/8288\/revisions\/8316"}],"wp:featuredmedia":[{"embeddable":true,"href":"https:\/\/nghiepxuan.com\/de\/wp-json\/wp\/v2\/media\/8247"}],"wp:attachment":[{"href":"https:\/\/nghiepxuan.com\/de\/wp-json\/wp\/v2\/media?parent=8288"}],"wp:term":[{"taxonomy":"product_brand","embeddable":true,"href":"https:\/\/nghiepxuan.com\/de\/wp-json\/wp\/v2\/product_brand?post=8288"},{"taxonomy":"product_cat","embeddable":true,"href":"https:\/\/nghiepxuan.com\/de\/wp-json\/wp\/v2\/product_cat?post=8288"},{"taxonomy":"product_tag","embeddable":true,"href":"https:\/\/nghiepxuan.com\/de\/wp-json\/wp\/v2\/product_tag?post=8288"}],"curies":[{"name":"wp","href":"https:\/\/api.w.org\/{rel}","templated":true}]}}