{"id":7607,"date":"2025-04-06T01:29:25","date_gmt":"2025-04-06T01:29:25","guid":{"rendered":"https:\/\/nghiepxuan.com\/?post_type=product&#038;p=7607"},"modified":"2025-04-06T01:34:58","modified_gmt":"2025-04-06T01:34:58","slug":"geniesen-sie-die-subtile-eleganz-des-arabica-kaffees-copy","status":"publish","type":"product","link":"https:\/\/nghiepxuan.com\/de\/product\/geniesen-sie-die-subtile-eleganz-des-arabica-kaffees-copy\/","title":{"rendered":"Starker Robusta-Kaffee f\u00fcr Espresso-Liebhaber"},"content":{"rendered":"<p>In unserem Caf\u00e9 sind wir stolz darauf, Ihnen die besten Robusta-Kaffeebohnen zu servieren, die wir sorgf\u00e4ltig von den \u00fcppigen Kaffeeplantagen beziehen. Robusta-Kaffee ist bekannt f\u00fcr sein kr\u00e4ftiges Geschmacksprofil, das sich durch einen tiefen, erdigen Geschmack und einen Hauch von nussiger S\u00fc\u00dfe auszeichnet. Der Robusta-Kaffee hat einen h\u00f6heren Koffeingehalt als sein Gegenst\u00fcck, der Arabica-Kaffee, und bietet ein kr\u00e4ftiges und belebendes Erlebnis, nach dem sich Kaffeeliebhaber sehnen.  <\/p>\n<p>Unsere erfahrenen Baristas stellen jede Tasse sorgf\u00e4ltig her und sorgen daf\u00fcr, dass Sie den vollmundigen und unverwechselbaren Geschmack des Robusta-Kaffees erleben. Ob Sie nun einen klassischen Espresso, einen cremigen Cappuccino oder einen sanften Cold Brew bevorzugen, unsere Speisekarte bietet eine Vielzahl von Getr\u00e4nken auf Robusta-Basis, die Ihren Vorlieben entsprechen. <\/p>\n<p>Robusta-Kaffee ist nicht nur ein wahrer Gaumenschmaus, sondern gibt auch einen satten Energieschub und ist damit die perfekte Wahl f\u00fcr den morgendlichen Muntermacher oder den Genuss am Nachmittag. Au\u00dferdem ist Robusta-Kaffee f\u00fcr seine Crema bekannt, die dicke Schicht goldenen Schaums, die Ihren Espresso kr\u00f6nt und Ihren Kaffeegenuss auch optisch bereichert. <\/p>\n<p>Betreten Sie unser Caf\u00e9 und begeben Sie sich auf eine Reise voller Geschmack und Aroma mit unserem au\u00dfergew\u00f6hnlichen Robusta-Kaffeeangebot. Unser gem\u00fctliches Ambiente und unser freundliches Personal schaffen die ideale Atmosph\u00e4re, in der Sie sich entspannen, abschalten und jeden Schluck genie\u00dfen k\u00f6nnen. Egal, ob Sie ein Kaffeekenner oder ein gelegentlicher Kaffeeliebhaber sind, unser Robusta-Kaffee wird Sie nach mehr verlangen lassen.<\/p>\n","protected":false},"excerpt":{"rendered":"<p>G\u00f6nnen Sie sich den k\u00fchnen Charme des Robusta-Kaffees in unserem Coffee. Unser Robusta stammt von den besten Plantagen und bietet einen kr\u00e4ftigen, erdigen Geschmack mit einem Hauch von Nussigkeit, der ein wirklich unverwechselbares Kaffeeerlebnis schafft. Ob Sie ihn als starken Espresso, samtigen Milchkaffee oder erfrischenden Cold Brew bevorzugen, unsere Robusta-Kreationen versprechen einen intensiven, befriedigenden Geschmack, der am Gaumen verbleibt. Erh\u00f6hen Sie Ihre Kaffeemomente mit unserem au\u00dfergew\u00f6hnlichen Robusta-Angebot, bei dem jede Tasse eine Geschichte von Leidenschaft und Perfektion erz\u00e4hlt.<\/p>\n","protected":false},"featured_media":4525,"comment_status":"open","ping_status":"closed","template":"","meta":{"content-type":""},"product_brand":[],"product_cat":[146],"product_tag":[560],"class_list":{"0":"post-7607","1":"product","2":"type-product","3":"status-publish","4":"has-post-thumbnail","6":"product_cat-cafe-cashew-apples-pepper-de","7":"product_tag-kaffee","9":"first","10":"instock","11":"sale","12":"shipping-taxable","13":"purchasable","14":"product-type-variable","15":"has-default-attributes"},"yoast_head":"<!-- This site is optimized with the Yoast SEO plugin v26.9 - https:\/\/yoast.com\/product\/yoast-seo-wordpress\/ -->\n<title>Starker Robusta-Kaffee f\u00fcr Espresso-Liebhaber - Nghiep Xuan - Landwirtschaftlicher Import und Export<\/title>\n<meta name=\"robots\" content=\"index, follow, max-snippet:-1, max-image-preview:large, max-video-preview:-1\" \/>\n<link rel=\"canonical\" href=\"https:\/\/nghiepxuan.com\/de\/product\/geniesen-sie-die-subtile-eleganz-des-arabica-kaffees-copy\/\" \/>\n<meta property=\"og:locale\" content=\"de_DE\" \/>\n<meta property=\"og:type\" content=\"article\" \/>\n<meta property=\"og:title\" content=\"Starker Robusta-Kaffee f\u00fcr Espresso-Liebhaber - Nghiep Xuan - Landwirtschaftlicher Import und Export\" \/>\n<meta property=\"og:description\" content=\"G\u00f6nnen Sie sich den k\u00fchnen Charme des Robusta-Kaffees in unserem Coffee. Unser Robusta stammt von den besten Plantagen und bietet einen kr\u00e4ftigen, erdigen Geschmack mit einem Hauch von Nussigkeit, der ein wirklich unverwechselbares Kaffeeerlebnis schafft. Ob Sie ihn als starken Espresso, samtigen Milchkaffee oder erfrischenden Cold Brew bevorzugen, unsere Robusta-Kreationen versprechen einen intensiven, befriedigenden Geschmack, der am Gaumen verbleibt. Erh\u00f6hen Sie Ihre Kaffeemomente mit unserem au\u00dfergew\u00f6hnlichen Robusta-Angebot, bei dem jede Tasse eine Geschichte von Leidenschaft und Perfektion erz\u00e4hlt.\" \/>\n<meta property=\"og:url\" content=\"https:\/\/nghiepxuan.com\/de\/product\/geniesen-sie-die-subtile-eleganz-des-arabica-kaffees-copy\/\" \/>\n<meta property=\"og:site_name\" content=\"Nghiep Xuan - Landwirtschaftlicher Import und Export\" \/>\n<meta property=\"article:publisher\" content=\"https:\/\/www.facebook.com\/nongsannghiepxuan\/\" \/>\n<meta property=\"article:modified_time\" content=\"2025-04-06T01:34:58+00:00\" \/>\n<meta property=\"og:image\" content=\"https:\/\/nghiepxuan.com\/wp-content\/uploads\/2023\/10\/Asset-4-100.jpg\" \/>\n\t<meta property=\"og:image:width\" content=\"900\" \/>\n\t<meta property=\"og:image:height\" content=\"500\" \/>\n\t<meta property=\"og:image:type\" content=\"image\/jpeg\" \/>\n<meta name=\"twitter:card\" content=\"summary_large_image\" \/>\n<meta name=\"twitter:site\" content=\"@PhuTonBui\" \/>\n<meta name=\"twitter:label1\" content=\"Gesch\u00e4tzte Lesezeit\" \/>\n\t<meta name=\"twitter:data1\" content=\"1\u00a0Minute\" \/>\n<script type=\"application\/ld+json\" class=\"yoast-schema-graph\">{\"@context\":\"https:\/\/schema.org\",\"@graph\":[{\"@type\":\"WebPage\",\"@id\":\"https:\/\/nghiepxuan.com\/de\/product\/geniesen-sie-die-subtile-eleganz-des-arabica-kaffees-copy\/\",\"url\":\"https:\/\/nghiepxuan.com\/de\/product\/geniesen-sie-die-subtile-eleganz-des-arabica-kaffees-copy\/\",\"name\":\"Starker Robusta-Kaffee f\u00fcr Espresso-Liebhaber - Nghiep Xuan - Landwirtschaftlicher Import und Export\",\"isPartOf\":{\"@id\":\"https:\/\/nghiepxuan.com\/de\/#website\"},\"primaryImageOfPage\":{\"@id\":\"https:\/\/nghiepxuan.com\/de\/product\/geniesen-sie-die-subtile-eleganz-des-arabica-kaffees-copy\/#primaryimage\"},\"image\":{\"@id\":\"https:\/\/nghiepxuan.com\/de\/product\/geniesen-sie-die-subtile-eleganz-des-arabica-kaffees-copy\/#primaryimage\"},\"thumbnailUrl\":\"https:\/\/nghiepxuan.com\/wp-content\/uploads\/2023\/10\/Asset-4-100.jpg\",\"datePublished\":\"2025-04-06T01:29:25+00:00\",\"dateModified\":\"2025-04-06T01:34:58+00:00\",\"breadcrumb\":{\"@id\":\"https:\/\/nghiepxuan.com\/de\/product\/geniesen-sie-die-subtile-eleganz-des-arabica-kaffees-copy\/#breadcrumb\"},\"inLanguage\":\"de\",\"potentialAction\":[{\"@type\":\"ReadAction\",\"target\":[\"https:\/\/nghiepxuan.com\/de\/product\/geniesen-sie-die-subtile-eleganz-des-arabica-kaffees-copy\/\"]}]},{\"@type\":\"ImageObject\",\"inLanguage\":\"de\",\"@id\":\"https:\/\/nghiepxuan.com\/de\/product\/geniesen-sie-die-subtile-eleganz-des-arabica-kaffees-copy\/#primaryimage\",\"url\":\"https:\/\/nghiepxuan.com\/wp-content\/uploads\/2023\/10\/Asset-4-100.jpg\",\"contentUrl\":\"https:\/\/nghiepxuan.com\/wp-content\/uploads\/2023\/10\/Asset-4-100.jpg\",\"width\":900,\"height\":500,\"caption\":\"Bold, Rich, and Absolutely Irresistible. Elevate your coffee experience with our Cafe Robusta \u2013 where every sip is a journey into intense flavors and unparalleled freshness. \u2615\ufe0f\u2728 #RobustaPerfection #CoffeeLoversDream\"},{\"@type\":\"BreadcrumbList\",\"@id\":\"https:\/\/nghiepxuan.com\/de\/product\/geniesen-sie-die-subtile-eleganz-des-arabica-kaffees-copy\/#breadcrumb\",\"itemListElement\":[{\"@type\":\"ListItem\",\"position\":1,\"name\":\"Home\",\"item\":\"https:\/\/nghiepxuan.com\/de\/\"},{\"@type\":\"ListItem\",\"position\":2,\"name\":\"Gesch\u00e4ft\",\"item\":\"https:\/\/nghiepxuan.com\/de\/shop\/\"},{\"@type\":\"ListItem\",\"position\":3,\"name\":\"Starker Robusta-Kaffee f\u00fcr Espresso-Liebhaber\"}]},{\"@type\":\"WebSite\",\"@id\":\"https:\/\/nghiepxuan.com\/de\/#website\",\"url\":\"https:\/\/nghiepxuan.com\/de\/\",\"name\":\"Nghiep Xuan - Agricultural Import and Export\",\"description\":\"Die Natur pflegen, Gesundheit ernten: Ihr Ziel f\u00fcr einen Bio-Lebensstil\",\"publisher\":{\"@id\":\"https:\/\/nghiepxuan.com\/de\/#organization\"},\"potentialAction\":[{\"@type\":\"SearchAction\",\"target\":{\"@type\":\"EntryPoint\",\"urlTemplate\":\"https:\/\/nghiepxuan.com\/de\/?s={search_term_string}\"},\"query-input\":{\"@type\":\"PropertyValueSpecification\",\"valueRequired\":true,\"valueName\":\"search_term_string\"}}],\"inLanguage\":\"de\"},{\"@type\":\"Organization\",\"@id\":\"https:\/\/nghiepxuan.com\/de\/#organization\",\"name\":\"Nghiep Xuan - Agricultural Import and Export\",\"url\":\"https:\/\/nghiepxuan.com\/de\/\",\"logo\":{\"@type\":\"ImageObject\",\"inLanguage\":\"de\",\"@id\":\"https:\/\/nghiepxuan.com\/de\/#\/schema\/logo\/image\/\",\"url\":\"https:\/\/nghiepxuan.com\/wp-content\/uploads\/2025\/04\/Nghiep-Xuan-Logo-4.png\",\"contentUrl\":\"https:\/\/nghiepxuan.com\/wp-content\/uploads\/2025\/04\/Nghiep-Xuan-Logo-4.png\",\"width\":4167,\"height\":1015,\"caption\":\"Nghiep Xuan - Agricultural Import and Export\"},\"image\":{\"@id\":\"https:\/\/nghiepxuan.com\/de\/#\/schema\/logo\/image\/\"},\"sameAs\":[\"https:\/\/www.facebook.com\/nongsannghiepxuan\/\",\"https:\/\/x.com\/PhuTonBui\",\"https:\/\/www.instagram.com\/xuatnhapkhaunghiepxuan\/\",\"https:\/\/www.youtube.com\/@nongsannghiepxuan2066\",\"https:\/\/www.tiktok.com\/@nghiepxuan\"]}]}<\/script>\n<!-- \/ Yoast SEO plugin. -->","yoast_head_json":{"title":"Starker Robusta-Kaffee f\u00fcr Espresso-Liebhaber - Nghiep Xuan - Landwirtschaftlicher Import und Export","robots":{"index":"index","follow":"follow","max-snippet":"max-snippet:-1","max-image-preview":"max-image-preview:large","max-video-preview":"max-video-preview:-1"},"canonical":"https:\/\/nghiepxuan.com\/de\/product\/geniesen-sie-die-subtile-eleganz-des-arabica-kaffees-copy\/","og_locale":"de_DE","og_type":"article","og_title":"Starker Robusta-Kaffee f\u00fcr Espresso-Liebhaber - Nghiep Xuan - Landwirtschaftlicher Import und Export","og_description":"G\u00f6nnen Sie sich den k\u00fchnen Charme des Robusta-Kaffees in unserem Coffee. Unser Robusta stammt von den besten Plantagen und bietet einen kr\u00e4ftigen, erdigen Geschmack mit einem Hauch von Nussigkeit, der ein wirklich unverwechselbares Kaffeeerlebnis schafft. Ob Sie ihn als starken Espresso, samtigen Milchkaffee oder erfrischenden Cold Brew bevorzugen, unsere Robusta-Kreationen versprechen einen intensiven, befriedigenden Geschmack, der am Gaumen verbleibt. Erh\u00f6hen Sie Ihre Kaffeemomente mit unserem au\u00dfergew\u00f6hnlichen Robusta-Angebot, bei dem jede Tasse eine Geschichte von Leidenschaft und Perfektion erz\u00e4hlt.","og_url":"https:\/\/nghiepxuan.com\/de\/product\/geniesen-sie-die-subtile-eleganz-des-arabica-kaffees-copy\/","og_site_name":"Nghiep Xuan - Landwirtschaftlicher Import und Export","article_publisher":"https:\/\/www.facebook.com\/nongsannghiepxuan\/","article_modified_time":"2025-04-06T01:34:58+00:00","og_image":[{"width":900,"height":500,"url":"https:\/\/nghiepxuan.com\/wp-content\/uploads\/2023\/10\/Asset-4-100.jpg","type":"image\/jpeg"}],"twitter_card":"summary_large_image","twitter_site":"@PhuTonBui","twitter_misc":{"Gesch\u00e4tzte Lesezeit":"1\u00a0Minute"},"schema":{"@context":"https:\/\/schema.org","@graph":[{"@type":"WebPage","@id":"https:\/\/nghiepxuan.com\/de\/product\/geniesen-sie-die-subtile-eleganz-des-arabica-kaffees-copy\/","url":"https:\/\/nghiepxuan.com\/de\/product\/geniesen-sie-die-subtile-eleganz-des-arabica-kaffees-copy\/","name":"Starker Robusta-Kaffee f\u00fcr Espresso-Liebhaber - Nghiep Xuan - Landwirtschaftlicher Import und Export","isPartOf":{"@id":"https:\/\/nghiepxuan.com\/de\/#website"},"primaryImageOfPage":{"@id":"https:\/\/nghiepxuan.com\/de\/product\/geniesen-sie-die-subtile-eleganz-des-arabica-kaffees-copy\/#primaryimage"},"image":{"@id":"https:\/\/nghiepxuan.com\/de\/product\/geniesen-sie-die-subtile-eleganz-des-arabica-kaffees-copy\/#primaryimage"},"thumbnailUrl":"https:\/\/nghiepxuan.com\/wp-content\/uploads\/2023\/10\/Asset-4-100.jpg","datePublished":"2025-04-06T01:29:25+00:00","dateModified":"2025-04-06T01:34:58+00:00","breadcrumb":{"@id":"https:\/\/nghiepxuan.com\/de\/product\/geniesen-sie-die-subtile-eleganz-des-arabica-kaffees-copy\/#breadcrumb"},"inLanguage":"de","potentialAction":[{"@type":"ReadAction","target":["https:\/\/nghiepxuan.com\/de\/product\/geniesen-sie-die-subtile-eleganz-des-arabica-kaffees-copy\/"]}]},{"@type":"ImageObject","inLanguage":"de","@id":"https:\/\/nghiepxuan.com\/de\/product\/geniesen-sie-die-subtile-eleganz-des-arabica-kaffees-copy\/#primaryimage","url":"https:\/\/nghiepxuan.com\/wp-content\/uploads\/2023\/10\/Asset-4-100.jpg","contentUrl":"https:\/\/nghiepxuan.com\/wp-content\/uploads\/2023\/10\/Asset-4-100.jpg","width":900,"height":500,"caption":"Bold, Rich, and Absolutely Irresistible. Elevate your coffee experience with our Cafe Robusta \u2013 where every sip is a journey into intense flavors and unparalleled freshness. \u2615\ufe0f\u2728 #RobustaPerfection #CoffeeLoversDream"},{"@type":"BreadcrumbList","@id":"https:\/\/nghiepxuan.com\/de\/product\/geniesen-sie-die-subtile-eleganz-des-arabica-kaffees-copy\/#breadcrumb","itemListElement":[{"@type":"ListItem","position":1,"name":"Home","item":"https:\/\/nghiepxuan.com\/de\/"},{"@type":"ListItem","position":2,"name":"Gesch\u00e4ft","item":"https:\/\/nghiepxuan.com\/de\/shop\/"},{"@type":"ListItem","position":3,"name":"Starker Robusta-Kaffee f\u00fcr Espresso-Liebhaber"}]},{"@type":"WebSite","@id":"https:\/\/nghiepxuan.com\/de\/#website","url":"https:\/\/nghiepxuan.com\/de\/","name":"Nghiep Xuan - Agricultural Import and Export","description":"Die Natur pflegen, Gesundheit ernten: Ihr Ziel f\u00fcr einen Bio-Lebensstil","publisher":{"@id":"https:\/\/nghiepxuan.com\/de\/#organization"},"potentialAction":[{"@type":"SearchAction","target":{"@type":"EntryPoint","urlTemplate":"https:\/\/nghiepxuan.com\/de\/?s={search_term_string}"},"query-input":{"@type":"PropertyValueSpecification","valueRequired":true,"valueName":"search_term_string"}}],"inLanguage":"de"},{"@type":"Organization","@id":"https:\/\/nghiepxuan.com\/de\/#organization","name":"Nghiep Xuan - Agricultural Import and Export","url":"https:\/\/nghiepxuan.com\/de\/","logo":{"@type":"ImageObject","inLanguage":"de","@id":"https:\/\/nghiepxuan.com\/de\/#\/schema\/logo\/image\/","url":"https:\/\/nghiepxuan.com\/wp-content\/uploads\/2025\/04\/Nghiep-Xuan-Logo-4.png","contentUrl":"https:\/\/nghiepxuan.com\/wp-content\/uploads\/2025\/04\/Nghiep-Xuan-Logo-4.png","width":4167,"height":1015,"caption":"Nghiep Xuan - Agricultural Import and Export"},"image":{"@id":"https:\/\/nghiepxuan.com\/de\/#\/schema\/logo\/image\/"},"sameAs":["https:\/\/www.facebook.com\/nongsannghiepxuan\/","https:\/\/x.com\/PhuTonBui","https:\/\/www.instagram.com\/xuatnhapkhaunghiepxuan\/","https:\/\/www.youtube.com\/@nongsannghiepxuan2066","https:\/\/www.tiktok.com\/@nghiepxuan"]}]}},"_links":{"self":[{"href":"https:\/\/nghiepxuan.com\/de\/wp-json\/wp\/v2\/product\/7607","targetHints":{"allow":["GET"]}}],"collection":[{"href":"https:\/\/nghiepxuan.com\/de\/wp-json\/wp\/v2\/product"}],"about":[{"href":"https:\/\/nghiepxuan.com\/de\/wp-json\/wp\/v2\/types\/product"}],"replies":[{"embeddable":true,"href":"https:\/\/nghiepxuan.com\/de\/wp-json\/wp\/v2\/comments?post=7607"}],"version-history":[{"count":2,"href":"https:\/\/nghiepxuan.com\/de\/wp-json\/wp\/v2\/product\/7607\/revisions"}],"predecessor-version":[{"id":7655,"href":"https:\/\/nghiepxuan.com\/de\/wp-json\/wp\/v2\/product\/7607\/revisions\/7655"}],"wp:featuredmedia":[{"embeddable":true,"href":"https:\/\/nghiepxuan.com\/de\/wp-json\/wp\/v2\/media\/4525"}],"wp:attachment":[{"href":"https:\/\/nghiepxuan.com\/de\/wp-json\/wp\/v2\/media?parent=7607"}],"wp:term":[{"taxonomy":"product_brand","embeddable":true,"href":"https:\/\/nghiepxuan.com\/de\/wp-json\/wp\/v2\/product_brand?post=7607"},{"taxonomy":"product_cat","embeddable":true,"href":"https:\/\/nghiepxuan.com\/de\/wp-json\/wp\/v2\/product_cat?post=7607"},{"taxonomy":"product_tag","embeddable":true,"href":"https:\/\/nghiepxuan.com\/de\/wp-json\/wp\/v2\/product_tag?post=7607"}],"curies":[{"name":"wp","href":"https:\/\/api.w.org\/{rel}","templated":true}]}}