{"id":5039,"date":"2025-04-12T02:59:21","date_gmt":"2025-04-12T02:59:21","guid":{"rendered":"https:\/\/nxg.asia\/?post_type=product&#038;p=5039"},"modified":"2025-03-29T10:00:45","modified_gmt":"2025-03-29T10:00:45","slug":"kostliche-gefrorene-ganze-durian-ein-geschmack-von-exotischer-perfektion","status":"publish","type":"product","link":"https:\/\/nghiepxuan.com\/de\/product\/kostliche-gefrorene-ganze-durian-ein-geschmack-von-exotischer-perfektion\/","title":{"rendered":"K\u00f6stliche gefrorene ganze Durian: Ein Geschmack von exotischer Perfektion"},"content":{"rendered":"<p>Die Durian ist eine tropische Frucht, die in S\u00fcdostasien beheimatet ist und als &#8220;K\u00f6nig der Fr\u00fcchte&#8221; bezeichnet wird. Obwohl der Geschmack der Durian ziemlich schwer und stark ist, enth\u00e4lt sie mehr N\u00e4hrstoffe als die meisten anderen Fr\u00fcchte.<\/p>\n<p>Die Fr\u00fcchte k\u00f6nnen bis zu 30 cm lang und etwa 15 cm breit sein und 1-3 kg wiegen. Das Durianfleisch hat eine hellgelbe Farbe. Durian ist in vielen tropischen Regionen der Welt weit verbreitet, insbesondere in S\u00fcdostasien wie Vietnam, Thailand, Malaysia und Indonesien. Die Durian ist eine sehr nahrhafte Frucht, die reich an Vitaminen und Ballaststoffen sowie an gesunden Pflanzenstoffen ist. In 243 Gramm Durian wird liefern:<\/p>\n<p>Kalorien: 357 Fett: 13 Gramm Vitamin C: 80% Mangan: 39% Niacin: 13%<br \/>\nBallaststoffe: 9 Gramm Eiwei\u00df: 4 Gramm Thiamin: 61% Riboflavin: 29% Kupfer: 25%<br \/>\nKohlenhydrate: 66 Gramm Vitamin B6: 38% Kalium: 30% Fols\u00e4ure: 22% Magnesium: 18%<\/p>\n<h3><strong>Durian von Ant Farm &#8211; Beste gefrorene Frucht<\/strong><\/h3>\n<p>Ant Farm w\u00e4hlt nur Durian von h\u00f6chster Qualit\u00e4t aus und verarbeitet sie unter strengen Hygiene- und Qualit\u00e4tskontrollen. Es werden keine k\u00fcnstlichen Konservierungsstoffe, Zucker oder Aromastoffe hinzugef\u00fcgt.<\/p>\n<ul>\n<li><strong>Ri6<\/strong> Durian ist die beste Durian-Sorte in S\u00fcdvietnam. Im Inneren der Ri6-Durian befindet sich das trockene, dicke, s\u00fc\u00dfe, m\u00e4\u00dfig fette Fruchtfleisch, das nicht an den H\u00e4nden klebt und einen angenehmen, milchs\u00fc\u00dfen Duft verstr\u00f6mt; der Anteil der kleinen Kerne betr\u00e4gt bis zu 40 %.<\/li>\n<li>Die <strong>Monthong-Durian<\/strong> ist die am weitesten verbreitete Sorte und eines der bekanntesten Exportprodukte. Monthong-Durians sind reichhaltig und cremig und haben einen sehr s\u00fc\u00dfen, milden und wenig scharfen Geschmack.<\/li>\n<li><strong>Fl\u00fcssigstickstoff Durian Gefrierger\u00e4te:<\/strong> Gefrierzeit f\u00fcr ganze Durian, die extrem schneller als herk\u00f6mmliche Gefrierschrank ist, hilft, Verderb nach der Ernte zu vermeiden, verbessern die Qualit\u00e4t der Lebensmittel.<\/li>\n<li>\n<h3><strong>Vorteile von Durian<\/strong><\/h3>\n<p><strong>Vorbeugung von Herzkrankheiten:<\/strong> Die in der Durianfrucht enthaltenen Pflanzenstoffe senken den Cholesterinspiegel und verhindern die Verh\u00e4rtung der Arterien.<\/p>\n<p><strong>Geringeres Krebsrisiko:<\/strong> Durian enth\u00e4lt viele Antioxidantien. Diese Stoffe haben die F\u00e4higkeit, freie Radikale zu neutralisieren &#8211; die Hauptursache f\u00fcr die Entstehung und Entwicklung von Krebszellen im K\u00f6rper. Insbesondere der Extrakt aus der Durianfrucht kann verhindern, dass sich Brustkrebs ausbreitet.<\/li>\n<li><strong>Kontrolle des Blutzuckerspiegels:<\/strong> Der glyk\u00e4mische Index (GI) von Durian ist niedriger als bei anderen tropischen Fr\u00fcchten. Daher kann der Verzehr von Durian zur Senkung des Blutzuckerspiegels beitragen, was wiederum das Risiko von Diabetes und Herzkrankheiten verringert.<\/li>\n<li>Die Durian-Schalen sind ziemlich hart und haben viele Stacheln, daher sollten Sie beim Sch\u00e4len Handschuhe tragen, um Ihre Haut vor Verletzungen zu sch\u00fctzen. Sch\u00e4len Sie mit einem Messer vorsichtig die \u00e4u\u00dfere Schale ab und entfernen Sie dann das innere Fleisch der Durian. Durian kann direkt verzehrt oder mit anderen Zutaten wie Klebreis verarbeitet werden.<\/li>\n<\/ul>\n","protected":false},"excerpt":{"rendered":"<p>Entdecken Sie die wahre Essenz des Genusses mit unseren gefrorenen ganzen Durian. Jede Durian stammt aus den besten Obstplantagen und wird sorgf\u00e4ltig ausgew\u00e4hlt und fachm\u00e4nnisch eingefroren, um ihre reichhaltige, cremige Textur und ihren unverwechselbaren Geschmack zu erhalten. Unsere gefrorenen ganzen Durian sind perfekt f\u00fcr Durian-Liebhaber und kulinarische Enthusiasten gleicherma\u00dfen und bieten eine problemlose M\u00f6glichkeit, diese exotische Delikatesse zu genie\u00dfen. Ob pur genossen oder in kreativen Rezepten verwendet, unsere Durian verspricht ein Geschmackserlebnis, das seinesgleichen sucht. Tauchen Sie ein in die Welt des tropischen Genusses &#8211; bestellen Sie noch heute Ihre gefrorene ganze Durian und genie\u00dfen Sie den au\u00dfergew\u00f6hnlichen Geschmack dieser au\u00dfergew\u00f6hnlichen Frucht.<\/p>\n","protected":false},"featured_media":5087,"comment_status":"open","ping_status":"closed","template":"","meta":{"content-type":""},"product_brand":[],"product_cat":[420],"product_tag":[435,434,433],"class_list":{"0":"post-5039","1":"product","2":"type-product","3":"status-publish","4":"has-post-thumbnail","6":"product_cat-frozen-de","7":"product_tag-durian-liebhaber","8":"product_tag-exotische-fruchte","9":"product_tag-gefrorene-durian","11":"first","12":"instock","13":"shipping-taxable","14":"purchasable","15":"product-type-variable","16":"has-default-attributes"},"yoast_head":"<!-- This site is optimized with the Yoast SEO plugin v26.9 - https:\/\/yoast.com\/product\/yoast-seo-wordpress\/ -->\n<title>K\u00f6stliche gefrorene ganze Durian: Ein Geschmack von exotischer Perfektion - Nghiep Xuan - Landwirtschaftlicher Import und Export<\/title>\n<meta name=\"robots\" content=\"index, follow, max-snippet:-1, max-image-preview:large, max-video-preview:-1\" \/>\n<link rel=\"canonical\" href=\"https:\/\/nghiepxuan.com\/de\/product\/kostliche-gefrorene-ganze-durian-ein-geschmack-von-exotischer-perfektion\/\" \/>\n<meta property=\"og:locale\" content=\"de_DE\" \/>\n<meta property=\"og:type\" content=\"article\" \/>\n<meta property=\"og:title\" content=\"K\u00f6stliche gefrorene ganze Durian: Ein Geschmack von exotischer Perfektion - Nghiep Xuan - Landwirtschaftlicher Import und Export\" \/>\n<meta property=\"og:description\" content=\"Entdecken Sie die wahre Essenz des Genusses mit unseren gefrorenen ganzen Durian. Jede Durian stammt aus den besten Obstplantagen und wird sorgf\u00e4ltig ausgew\u00e4hlt und fachm\u00e4nnisch eingefroren, um ihre reichhaltige, cremige Textur und ihren unverwechselbaren Geschmack zu erhalten. Unsere gefrorenen ganzen Durian sind perfekt f\u00fcr Durian-Liebhaber und kulinarische Enthusiasten gleicherma\u00dfen und bieten eine problemlose M\u00f6glichkeit, diese exotische Delikatesse zu genie\u00dfen. Ob pur genossen oder in kreativen Rezepten verwendet, unsere Durian verspricht ein Geschmackserlebnis, das seinesgleichen sucht. Tauchen Sie ein in die Welt des tropischen Genusses - bestellen Sie noch heute Ihre gefrorene ganze Durian und genie\u00dfen Sie den au\u00dfergew\u00f6hnlichen Geschmack dieser au\u00dfergew\u00f6hnlichen Frucht.\" \/>\n<meta property=\"og:url\" content=\"https:\/\/nghiepxuan.com\/de\/product\/kostliche-gefrorene-ganze-durian-ein-geschmack-von-exotischer-perfektion\/\" \/>\n<meta property=\"og:site_name\" content=\"Nghiep Xuan - Landwirtschaftlicher Import und Export\" \/>\n<meta property=\"article:publisher\" content=\"https:\/\/www.facebook.com\/nongsannghiepxuan\/\" \/>\n<meta property=\"og:image\" content=\"https:\/\/nghiepxuan.com\/wp-content\/uploads\/2023\/10\/sau-rieng-trai-cap-dong.gif\" \/>\n\t<meta property=\"og:image:width\" content=\"800\" \/>\n\t<meta property=\"og:image:height\" content=\"800\" \/>\n\t<meta property=\"og:image:type\" content=\"image\/gif\" \/>\n<meta name=\"twitter:card\" content=\"summary_large_image\" \/>\n<meta name=\"twitter:site\" content=\"@PhuTonBui\" \/>\n<meta name=\"twitter:label1\" content=\"Gesch\u00e4tzte Lesezeit\" \/>\n\t<meta name=\"twitter:data1\" content=\"2\u00a0Minuten\" \/>\n<script type=\"application\/ld+json\" class=\"yoast-schema-graph\">{\"@context\":\"https:\/\/schema.org\",\"@graph\":[{\"@type\":\"WebPage\",\"@id\":\"https:\/\/nghiepxuan.com\/de\/product\/kostliche-gefrorene-ganze-durian-ein-geschmack-von-exotischer-perfektion\/\",\"url\":\"https:\/\/nghiepxuan.com\/de\/product\/kostliche-gefrorene-ganze-durian-ein-geschmack-von-exotischer-perfektion\/\",\"name\":\"K\u00f6stliche gefrorene ganze Durian: Ein Geschmack von exotischer Perfektion - Nghiep Xuan - Landwirtschaftlicher Import und Export\",\"isPartOf\":{\"@id\":\"https:\/\/nghiepxuan.com\/de\/#website\"},\"primaryImageOfPage\":{\"@id\":\"https:\/\/nghiepxuan.com\/de\/product\/kostliche-gefrorene-ganze-durian-ein-geschmack-von-exotischer-perfektion\/#primaryimage\"},\"image\":{\"@id\":\"https:\/\/nghiepxuan.com\/de\/product\/kostliche-gefrorene-ganze-durian-ein-geschmack-von-exotischer-perfektion\/#primaryimage\"},\"thumbnailUrl\":\"https:\/\/nghiepxuan.com\/wp-content\/uploads\/2023\/10\/sau-rieng-trai-cap-dong.gif\",\"datePublished\":\"2025-04-12T02:59:21+00:00\",\"breadcrumb\":{\"@id\":\"https:\/\/nghiepxuan.com\/de\/product\/kostliche-gefrorene-ganze-durian-ein-geschmack-von-exotischer-perfektion\/#breadcrumb\"},\"inLanguage\":\"de\",\"potentialAction\":[{\"@type\":\"ReadAction\",\"target\":[\"https:\/\/nghiepxuan.com\/de\/product\/kostliche-gefrorene-ganze-durian-ein-geschmack-von-exotischer-perfektion\/\"]}]},{\"@type\":\"ImageObject\",\"inLanguage\":\"de\",\"@id\":\"https:\/\/nghiepxuan.com\/de\/product\/kostliche-gefrorene-ganze-durian-ein-geschmack-von-exotischer-perfektion\/#primaryimage\",\"url\":\"https:\/\/nghiepxuan.com\/wp-content\/uploads\/2023\/10\/sau-rieng-trai-cap-dong.gif\",\"contentUrl\":\"https:\/\/nghiepxuan.com\/wp-content\/uploads\/2023\/10\/sau-rieng-trai-cap-dong.gif\",\"width\":800,\"height\":800},{\"@type\":\"BreadcrumbList\",\"@id\":\"https:\/\/nghiepxuan.com\/de\/product\/kostliche-gefrorene-ganze-durian-ein-geschmack-von-exotischer-perfektion\/#breadcrumb\",\"itemListElement\":[{\"@type\":\"ListItem\",\"position\":1,\"name\":\"Home\",\"item\":\"https:\/\/nghiepxuan.com\/de\/\"},{\"@type\":\"ListItem\",\"position\":2,\"name\":\"Gesch\u00e4ft\",\"item\":\"https:\/\/nghiepxuan.com\/de\/shop\/\"},{\"@type\":\"ListItem\",\"position\":3,\"name\":\"K\u00f6stliche gefrorene ganze Durian: Ein Geschmack von exotischer Perfektion\"}]},{\"@type\":\"WebSite\",\"@id\":\"https:\/\/nghiepxuan.com\/de\/#website\",\"url\":\"https:\/\/nghiepxuan.com\/de\/\",\"name\":\"Nghiep Xuan - Agricultural Import and Export\",\"description\":\"Die Natur pflegen, Gesundheit ernten: Ihr Ziel f\u00fcr einen Bio-Lebensstil\",\"publisher\":{\"@id\":\"https:\/\/nghiepxuan.com\/de\/#organization\"},\"potentialAction\":[{\"@type\":\"SearchAction\",\"target\":{\"@type\":\"EntryPoint\",\"urlTemplate\":\"https:\/\/nghiepxuan.com\/de\/?s={search_term_string}\"},\"query-input\":{\"@type\":\"PropertyValueSpecification\",\"valueRequired\":true,\"valueName\":\"search_term_string\"}}],\"inLanguage\":\"de\"},{\"@type\":\"Organization\",\"@id\":\"https:\/\/nghiepxuan.com\/de\/#organization\",\"name\":\"Nghiep Xuan - Agricultural Import and Export\",\"url\":\"https:\/\/nghiepxuan.com\/de\/\",\"logo\":{\"@type\":\"ImageObject\",\"inLanguage\":\"de\",\"@id\":\"https:\/\/nghiepxuan.com\/de\/#\/schema\/logo\/image\/\",\"url\":\"https:\/\/nghiepxuan.com\/wp-content\/uploads\/2025\/04\/Nghiep-Xuan-Logo-4.png\",\"contentUrl\":\"https:\/\/nghiepxuan.com\/wp-content\/uploads\/2025\/04\/Nghiep-Xuan-Logo-4.png\",\"width\":4167,\"height\":1015,\"caption\":\"Nghiep Xuan - Agricultural Import and Export\"},\"image\":{\"@id\":\"https:\/\/nghiepxuan.com\/de\/#\/schema\/logo\/image\/\"},\"sameAs\":[\"https:\/\/www.facebook.com\/nongsannghiepxuan\/\",\"https:\/\/x.com\/PhuTonBui\",\"https:\/\/www.instagram.com\/xuatnhapkhaunghiepxuan\/\",\"https:\/\/www.youtube.com\/@nongsannghiepxuan2066\",\"https:\/\/www.tiktok.com\/@nghiepxuan\"]}]}<\/script>\n<!-- \/ Yoast SEO plugin. -->","yoast_head_json":{"title":"K\u00f6stliche gefrorene ganze Durian: Ein Geschmack von exotischer Perfektion - Nghiep Xuan - Landwirtschaftlicher Import und Export","robots":{"index":"index","follow":"follow","max-snippet":"max-snippet:-1","max-image-preview":"max-image-preview:large","max-video-preview":"max-video-preview:-1"},"canonical":"https:\/\/nghiepxuan.com\/de\/product\/kostliche-gefrorene-ganze-durian-ein-geschmack-von-exotischer-perfektion\/","og_locale":"de_DE","og_type":"article","og_title":"K\u00f6stliche gefrorene ganze Durian: Ein Geschmack von exotischer Perfektion - Nghiep Xuan - Landwirtschaftlicher Import und Export","og_description":"Entdecken Sie die wahre Essenz des Genusses mit unseren gefrorenen ganzen Durian. Jede Durian stammt aus den besten Obstplantagen und wird sorgf\u00e4ltig ausgew\u00e4hlt und fachm\u00e4nnisch eingefroren, um ihre reichhaltige, cremige Textur und ihren unverwechselbaren Geschmack zu erhalten. Unsere gefrorenen ganzen Durian sind perfekt f\u00fcr Durian-Liebhaber und kulinarische Enthusiasten gleicherma\u00dfen und bieten eine problemlose M\u00f6glichkeit, diese exotische Delikatesse zu genie\u00dfen. Ob pur genossen oder in kreativen Rezepten verwendet, unsere Durian verspricht ein Geschmackserlebnis, das seinesgleichen sucht. Tauchen Sie ein in die Welt des tropischen Genusses - bestellen Sie noch heute Ihre gefrorene ganze Durian und genie\u00dfen Sie den au\u00dfergew\u00f6hnlichen Geschmack dieser au\u00dfergew\u00f6hnlichen Frucht.","og_url":"https:\/\/nghiepxuan.com\/de\/product\/kostliche-gefrorene-ganze-durian-ein-geschmack-von-exotischer-perfektion\/","og_site_name":"Nghiep Xuan - Landwirtschaftlicher Import und Export","article_publisher":"https:\/\/www.facebook.com\/nongsannghiepxuan\/","og_image":[{"width":800,"height":800,"url":"https:\/\/nghiepxuan.com\/wp-content\/uploads\/2023\/10\/sau-rieng-trai-cap-dong.gif","type":"image\/gif"}],"twitter_card":"summary_large_image","twitter_site":"@PhuTonBui","twitter_misc":{"Gesch\u00e4tzte Lesezeit":"2\u00a0Minuten"},"schema":{"@context":"https:\/\/schema.org","@graph":[{"@type":"WebPage","@id":"https:\/\/nghiepxuan.com\/de\/product\/kostliche-gefrorene-ganze-durian-ein-geschmack-von-exotischer-perfektion\/","url":"https:\/\/nghiepxuan.com\/de\/product\/kostliche-gefrorene-ganze-durian-ein-geschmack-von-exotischer-perfektion\/","name":"K\u00f6stliche gefrorene ganze Durian: Ein Geschmack von exotischer Perfektion - Nghiep Xuan - Landwirtschaftlicher Import und Export","isPartOf":{"@id":"https:\/\/nghiepxuan.com\/de\/#website"},"primaryImageOfPage":{"@id":"https:\/\/nghiepxuan.com\/de\/product\/kostliche-gefrorene-ganze-durian-ein-geschmack-von-exotischer-perfektion\/#primaryimage"},"image":{"@id":"https:\/\/nghiepxuan.com\/de\/product\/kostliche-gefrorene-ganze-durian-ein-geschmack-von-exotischer-perfektion\/#primaryimage"},"thumbnailUrl":"https:\/\/nghiepxuan.com\/wp-content\/uploads\/2023\/10\/sau-rieng-trai-cap-dong.gif","datePublished":"2025-04-12T02:59:21+00:00","breadcrumb":{"@id":"https:\/\/nghiepxuan.com\/de\/product\/kostliche-gefrorene-ganze-durian-ein-geschmack-von-exotischer-perfektion\/#breadcrumb"},"inLanguage":"de","potentialAction":[{"@type":"ReadAction","target":["https:\/\/nghiepxuan.com\/de\/product\/kostliche-gefrorene-ganze-durian-ein-geschmack-von-exotischer-perfektion\/"]}]},{"@type":"ImageObject","inLanguage":"de","@id":"https:\/\/nghiepxuan.com\/de\/product\/kostliche-gefrorene-ganze-durian-ein-geschmack-von-exotischer-perfektion\/#primaryimage","url":"https:\/\/nghiepxuan.com\/wp-content\/uploads\/2023\/10\/sau-rieng-trai-cap-dong.gif","contentUrl":"https:\/\/nghiepxuan.com\/wp-content\/uploads\/2023\/10\/sau-rieng-trai-cap-dong.gif","width":800,"height":800},{"@type":"BreadcrumbList","@id":"https:\/\/nghiepxuan.com\/de\/product\/kostliche-gefrorene-ganze-durian-ein-geschmack-von-exotischer-perfektion\/#breadcrumb","itemListElement":[{"@type":"ListItem","position":1,"name":"Home","item":"https:\/\/nghiepxuan.com\/de\/"},{"@type":"ListItem","position":2,"name":"Gesch\u00e4ft","item":"https:\/\/nghiepxuan.com\/de\/shop\/"},{"@type":"ListItem","position":3,"name":"K\u00f6stliche gefrorene ganze Durian: Ein Geschmack von exotischer Perfektion"}]},{"@type":"WebSite","@id":"https:\/\/nghiepxuan.com\/de\/#website","url":"https:\/\/nghiepxuan.com\/de\/","name":"Nghiep Xuan - Agricultural Import and Export","description":"Die Natur pflegen, Gesundheit ernten: Ihr Ziel f\u00fcr einen Bio-Lebensstil","publisher":{"@id":"https:\/\/nghiepxuan.com\/de\/#organization"},"potentialAction":[{"@type":"SearchAction","target":{"@type":"EntryPoint","urlTemplate":"https:\/\/nghiepxuan.com\/de\/?s={search_term_string}"},"query-input":{"@type":"PropertyValueSpecification","valueRequired":true,"valueName":"search_term_string"}}],"inLanguage":"de"},{"@type":"Organization","@id":"https:\/\/nghiepxuan.com\/de\/#organization","name":"Nghiep Xuan - Agricultural Import and Export","url":"https:\/\/nghiepxuan.com\/de\/","logo":{"@type":"ImageObject","inLanguage":"de","@id":"https:\/\/nghiepxuan.com\/de\/#\/schema\/logo\/image\/","url":"https:\/\/nghiepxuan.com\/wp-content\/uploads\/2025\/04\/Nghiep-Xuan-Logo-4.png","contentUrl":"https:\/\/nghiepxuan.com\/wp-content\/uploads\/2025\/04\/Nghiep-Xuan-Logo-4.png","width":4167,"height":1015,"caption":"Nghiep Xuan - Agricultural Import and Export"},"image":{"@id":"https:\/\/nghiepxuan.com\/de\/#\/schema\/logo\/image\/"},"sameAs":["https:\/\/www.facebook.com\/nongsannghiepxuan\/","https:\/\/x.com\/PhuTonBui","https:\/\/www.instagram.com\/xuatnhapkhaunghiepxuan\/","https:\/\/www.youtube.com\/@nongsannghiepxuan2066","https:\/\/www.tiktok.com\/@nghiepxuan"]}]}},"_links":{"self":[{"href":"https:\/\/nghiepxuan.com\/de\/wp-json\/wp\/v2\/product\/5039","targetHints":{"allow":["GET"]}}],"collection":[{"href":"https:\/\/nghiepxuan.com\/de\/wp-json\/wp\/v2\/product"}],"about":[{"href":"https:\/\/nghiepxuan.com\/de\/wp-json\/wp\/v2\/types\/product"}],"replies":[{"embeddable":true,"href":"https:\/\/nghiepxuan.com\/de\/wp-json\/wp\/v2\/comments?post=5039"}],"version-history":[{"count":1,"href":"https:\/\/nghiepxuan.com\/de\/wp-json\/wp\/v2\/product\/5039\/revisions"}],"predecessor-version":[{"id":6983,"href":"https:\/\/nghiepxuan.com\/de\/wp-json\/wp\/v2\/product\/5039\/revisions\/6983"}],"wp:featuredmedia":[{"embeddable":true,"href":"https:\/\/nghiepxuan.com\/de\/wp-json\/wp\/v2\/media\/5087"}],"wp:attachment":[{"href":"https:\/\/nghiepxuan.com\/de\/wp-json\/wp\/v2\/media?parent=5039"}],"wp:term":[{"taxonomy":"product_brand","embeddable":true,"href":"https:\/\/nghiepxuan.com\/de\/wp-json\/wp\/v2\/product_brand?post=5039"},{"taxonomy":"product_cat","embeddable":true,"href":"https:\/\/nghiepxuan.com\/de\/wp-json\/wp\/v2\/product_cat?post=5039"},{"taxonomy":"product_tag","embeddable":true,"href":"https:\/\/nghiepxuan.com\/de\/wp-json\/wp\/v2\/product_tag?post=5039"}],"curies":[{"name":"wp","href":"https:\/\/api.w.org\/{rel}","templated":true}]}}