{"id":4956,"date":"2023-10-23T02:46:30","date_gmt":"2023-10-23T02:46:30","guid":{"rendered":"https:\/\/farm-lang.cdn-pi.com\/product\/entdecken-sie-die-koestlichkeiten-der-frischen-jackfrucht-der-suesse-tropenschatz-der-natur\/"},"modified":"2025-03-29T10:01:02","modified_gmt":"2025-03-29T10:01:02","slug":"entdecke-die-freuden-frischer-jackfrucht-natur-suser-tropischer-schatz","status":"publish","type":"product","link":"https:\/\/nghiepxuan.com\/de\/product\/entdecke-die-freuden-frischer-jackfrucht-natur-suser-tropischer-schatz\/","title":{"rendered":"Entdecken Sie die K\u00f6stlichkeiten der frischen Jackfrucht: Der s\u00fc\u00dfe Tropenschatz der Natur"},"content":{"rendered":"<p>Tauchen Sie ein in die tropische S\u00fc\u00dfe der frischen Jackfruit!<\/p>\n<p>Entdecken Sie den au\u00dfergew\u00f6hnlichen Geschmack unserer frischen Jackfrucht, ein k\u00f6stlicher tropischer Genuss, der die Essenz sonnenverw\u00f6hnter Obstg\u00e4rten einf\u00e4ngt. Die Jackfrucht, die als gr\u00f6\u00dfte Baumfrucht der Welt bekannt ist, zeichnet sich durch eine einzigartige Kombination aus S\u00fc\u00dfe und Vielseitigkeit aus, die sie zu einem Favoriten unter Feinschmeckern und K\u00f6chen gleicherma\u00dfen macht.<\/p>\n<p>Unsere Jackfruits stammen aus den besten Hainen, so dass sie zum Zeitpunkt der h\u00f6chsten Reife gepfl\u00fcckt werden. Mit ihrem k\u00f6stlichen Geschmack, der an eine Mischung aus Ananas, Banane und Mango erinnert, sind unsere Jackfruits eine k\u00f6stliche Erg\u00e4nzung zu Ihren kulinarischen Abenteuern. Ihr von Natur aus s\u00fc\u00dfes und duftendes Fruchtfleisch ist nicht nur ein Genuss, sondern auch reich an wichtigen N\u00e4hrstoffen, was sie zu einer gesunden Wahl f\u00fcr Ihre Ern\u00e4hrung macht.<\/p>\n<p>Ob frisch genossen, gegrillt, in Smoothies gemixt oder in herzhaften Gerichten verarbeitet &#8211; die M\u00f6glichkeiten mit Jackfruit sind endlos. Seine fleischige Konsistenz macht es zu einer beliebten pflanzlichen Alternative, die sich perfekt f\u00fcr die Zubereitung vegetarischer und veganer Rezepte eignet, die auch den anspruchsvollsten Gaumen zufrieden stellen.<\/p>\n<p>Entdecken Sie den reichhaltigen, tropischen Geschmack unserer frischen Jackfrucht und bereichern Sie Ihre Mahlzeiten mit einem Hauch exotischer S\u00fc\u00dfe. Unsere Jackfrucht eignet sich perfekt zum Naschen, Backen, Grillen oder Experimentieren in der K\u00fcche und l\u00e4dt Sie dazu ein, die lebendigen Aromen der Tropen zu erleben.<\/p>\n<p>G\u00f6nnen Sie sich die nat\u00fcrliche S\u00fc\u00dfe und Vielseitigkeit der frischen Jackfrucht. Besuchen Sie uns noch heute und begeben Sie sich auf eine kulinarische Reise, auf der die F\u00fclle der tropischen Gen\u00fcsse gefeiert wird.<\/p>\n","protected":false},"excerpt":{"rendered":"<p>Erleben Sie den tropischen Zauber der frischen Jackfrucht. Unsere Jackfruits sind eine perfekte Mischung aus s\u00fc\u00df und vielseitig, was sie zu einer k\u00f6stlichen Erg\u00e4nzung f\u00fcr Ihre kulinarischen Erlebnisse macht. Ob frisch genossen, gegrillt, in Smoothies gemixt oder in pikanten Gerichten verwendet, Jackfruit verleiht Ihren Mahlzeiten eine exotische Note. Entdecken Sie die s\u00fc\u00dfe Seite der Tropen mit unserer frischen Jackfrucht<\/p>\n","protected":false},"featured_media":4740,"comment_status":"open","ping_status":"closed","template":"","meta":{"content-type":""},"product_brand":[],"product_cat":[171],"product_tag":[350,351,352],"class_list":{"0":"post-4956","1":"product","2":"type-product","3":"status-publish","4":"has-post-thumbnail","6":"product_cat-fruits-de","7":"product_tag-jackfrucht-freude","8":"product_tag-tropischer-hochgenuss","9":"product_tag-wunder-auf-pflanzenbasis","11":"first","12":"instock","13":"shipping-taxable","14":"purchasable","15":"product-type-variable","16":"has-default-attributes"},"yoast_head":"<!-- This site is optimized with the Yoast SEO plugin v26.9 - https:\/\/yoast.com\/product\/yoast-seo-wordpress\/ -->\n<title>Entdecken Sie die K\u00f6stlichkeiten der frischen Jackfrucht: Der s\u00fc\u00dfe Tropenschatz der Natur - Nghiep Xuan - Landwirtschaftlicher Import und Export<\/title>\n<meta name=\"robots\" content=\"index, follow, max-snippet:-1, max-image-preview:large, max-video-preview:-1\" \/>\n<link rel=\"canonical\" href=\"https:\/\/nghiepxuan.com\/de\/product\/entdecke-die-freuden-frischer-jackfrucht-natur-suser-tropischer-schatz\/\" \/>\n<meta property=\"og:locale\" content=\"de_DE\" \/>\n<meta property=\"og:type\" content=\"article\" \/>\n<meta property=\"og:title\" content=\"Entdecken Sie die K\u00f6stlichkeiten der frischen Jackfrucht: Der s\u00fc\u00dfe Tropenschatz der Natur - Nghiep Xuan - Landwirtschaftlicher Import und Export\" \/>\n<meta property=\"og:description\" content=\"Erleben Sie den tropischen Zauber der frischen Jackfrucht. Unsere Jackfruits sind eine perfekte Mischung aus s\u00fc\u00df und vielseitig, was sie zu einer k\u00f6stlichen Erg\u00e4nzung f\u00fcr Ihre kulinarischen Erlebnisse macht. Ob frisch genossen, gegrillt, in Smoothies gemixt oder in pikanten Gerichten verwendet, Jackfruit verleiht Ihren Mahlzeiten eine exotische Note. Entdecken Sie die s\u00fc\u00dfe Seite der Tropen mit unserer frischen Jackfrucht\" \/>\n<meta property=\"og:url\" content=\"https:\/\/nghiepxuan.com\/de\/product\/entdecke-die-freuden-frischer-jackfrucht-natur-suser-tropischer-schatz\/\" \/>\n<meta property=\"og:site_name\" content=\"Nghiep Xuan - Landwirtschaftlicher Import und Export\" \/>\n<meta property=\"article:publisher\" content=\"https:\/\/www.facebook.com\/nongsannghiepxuan\/\" \/>\n<meta property=\"article:modified_time\" content=\"2025-03-29T10:01:02+00:00\" \/>\n<meta property=\"og:image\" content=\"https:\/\/nghiepxuan.com\/wp-content\/uploads\/2023\/10\/tim-hieu-ve-qua-mit-san-pham-va-cac-vi-luong-co-trong-qua-mit-01-min.jpg\" \/>\n\t<meta property=\"og:image:width\" content=\"696\" \/>\n\t<meta property=\"og:image:height\" content=\"435\" \/>\n\t<meta property=\"og:image:type\" content=\"image\/jpeg\" \/>\n<meta name=\"twitter:card\" content=\"summary_large_image\" \/>\n<meta name=\"twitter:site\" content=\"@PhuTonBui\" \/>\n<meta name=\"twitter:label1\" content=\"Gesch\u00e4tzte Lesezeit\" \/>\n\t<meta name=\"twitter:data1\" content=\"1\u00a0Minute\" \/>\n<script type=\"application\/ld+json\" class=\"yoast-schema-graph\">{\"@context\":\"https:\/\/schema.org\",\"@graph\":[{\"@type\":\"WebPage\",\"@id\":\"https:\/\/nghiepxuan.com\/de\/product\/entdecke-die-freuden-frischer-jackfrucht-natur-suser-tropischer-schatz\/\",\"url\":\"https:\/\/nghiepxuan.com\/de\/product\/entdecke-die-freuden-frischer-jackfrucht-natur-suser-tropischer-schatz\/\",\"name\":\"Entdecken Sie die K\u00f6stlichkeiten der frischen Jackfrucht: Der s\u00fc\u00dfe Tropenschatz der Natur - Nghiep Xuan - Landwirtschaftlicher Import und Export\",\"isPartOf\":{\"@id\":\"https:\/\/nghiepxuan.com\/de\/#website\"},\"primaryImageOfPage\":{\"@id\":\"https:\/\/nghiepxuan.com\/de\/product\/entdecke-die-freuden-frischer-jackfrucht-natur-suser-tropischer-schatz\/#primaryimage\"},\"image\":{\"@id\":\"https:\/\/nghiepxuan.com\/de\/product\/entdecke-die-freuden-frischer-jackfrucht-natur-suser-tropischer-schatz\/#primaryimage\"},\"thumbnailUrl\":\"https:\/\/nghiepxuan.com\/wp-content\/uploads\/2023\/10\/tim-hieu-ve-qua-mit-san-pham-va-cac-vi-luong-co-trong-qua-mit-01-min.jpg\",\"datePublished\":\"2023-10-23T02:46:30+00:00\",\"dateModified\":\"2025-03-29T10:01:02+00:00\",\"breadcrumb\":{\"@id\":\"https:\/\/nghiepxuan.com\/de\/product\/entdecke-die-freuden-frischer-jackfrucht-natur-suser-tropischer-schatz\/#breadcrumb\"},\"inLanguage\":\"de\",\"potentialAction\":[{\"@type\":\"ReadAction\",\"target\":[\"https:\/\/nghiepxuan.com\/de\/product\/entdecke-die-freuden-frischer-jackfrucht-natur-suser-tropischer-schatz\/\"]}]},{\"@type\":\"ImageObject\",\"inLanguage\":\"de\",\"@id\":\"https:\/\/nghiepxuan.com\/de\/product\/entdecke-die-freuden-frischer-jackfrucht-natur-suser-tropischer-schatz\/#primaryimage\",\"url\":\"https:\/\/nghiepxuan.com\/wp-content\/uploads\/2023\/10\/tim-hieu-ve-qua-mit-san-pham-va-cac-vi-luong-co-trong-qua-mit-01-min.jpg\",\"contentUrl\":\"https:\/\/nghiepxuan.com\/wp-content\/uploads\/2023\/10\/tim-hieu-ve-qua-mit-san-pham-va-cac-vi-luong-co-trong-qua-mit-01-min.jpg\",\"width\":696,\"height\":435},{\"@type\":\"BreadcrumbList\",\"@id\":\"https:\/\/nghiepxuan.com\/de\/product\/entdecke-die-freuden-frischer-jackfrucht-natur-suser-tropischer-schatz\/#breadcrumb\",\"itemListElement\":[{\"@type\":\"ListItem\",\"position\":1,\"name\":\"Home\",\"item\":\"https:\/\/nghiepxuan.com\/de\/\"},{\"@type\":\"ListItem\",\"position\":2,\"name\":\"Gesch\u00e4ft\",\"item\":\"https:\/\/nghiepxuan.com\/de\/shop\/\"},{\"@type\":\"ListItem\",\"position\":3,\"name\":\"Entdecken Sie die K\u00f6stlichkeiten der frischen Jackfrucht: Der s\u00fc\u00dfe Tropenschatz der Natur\"}]},{\"@type\":\"WebSite\",\"@id\":\"https:\/\/nghiepxuan.com\/de\/#website\",\"url\":\"https:\/\/nghiepxuan.com\/de\/\",\"name\":\"Nghiep Xuan - Agricultural Import and Export\",\"description\":\"Die Natur pflegen, Gesundheit ernten: Ihr Ziel f\u00fcr einen Bio-Lebensstil\",\"publisher\":{\"@id\":\"https:\/\/nghiepxuan.com\/de\/#organization\"},\"potentialAction\":[{\"@type\":\"SearchAction\",\"target\":{\"@type\":\"EntryPoint\",\"urlTemplate\":\"https:\/\/nghiepxuan.com\/de\/?s={search_term_string}\"},\"query-input\":{\"@type\":\"PropertyValueSpecification\",\"valueRequired\":true,\"valueName\":\"search_term_string\"}}],\"inLanguage\":\"de\"},{\"@type\":\"Organization\",\"@id\":\"https:\/\/nghiepxuan.com\/de\/#organization\",\"name\":\"Nghiep Xuan - Agricultural Import and Export\",\"url\":\"https:\/\/nghiepxuan.com\/de\/\",\"logo\":{\"@type\":\"ImageObject\",\"inLanguage\":\"de\",\"@id\":\"https:\/\/nghiepxuan.com\/de\/#\/schema\/logo\/image\/\",\"url\":\"https:\/\/nghiepxuan.com\/wp-content\/uploads\/2025\/04\/Nghiep-Xuan-Logo-4.png\",\"contentUrl\":\"https:\/\/nghiepxuan.com\/wp-content\/uploads\/2025\/04\/Nghiep-Xuan-Logo-4.png\",\"width\":4167,\"height\":1015,\"caption\":\"Nghiep Xuan - Agricultural Import and Export\"},\"image\":{\"@id\":\"https:\/\/nghiepxuan.com\/de\/#\/schema\/logo\/image\/\"},\"sameAs\":[\"https:\/\/www.facebook.com\/nongsannghiepxuan\/\",\"https:\/\/x.com\/PhuTonBui\",\"https:\/\/www.instagram.com\/xuatnhapkhaunghiepxuan\/\",\"https:\/\/www.youtube.com\/@nongsannghiepxuan2066\",\"https:\/\/www.tiktok.com\/@nghiepxuan\"]}]}<\/script>\n<!-- \/ Yoast SEO plugin. -->","yoast_head_json":{"title":"Entdecken Sie die K\u00f6stlichkeiten der frischen Jackfrucht: Der s\u00fc\u00dfe Tropenschatz der Natur - Nghiep Xuan - Landwirtschaftlicher Import und Export","robots":{"index":"index","follow":"follow","max-snippet":"max-snippet:-1","max-image-preview":"max-image-preview:large","max-video-preview":"max-video-preview:-1"},"canonical":"https:\/\/nghiepxuan.com\/de\/product\/entdecke-die-freuden-frischer-jackfrucht-natur-suser-tropischer-schatz\/","og_locale":"de_DE","og_type":"article","og_title":"Entdecken Sie die K\u00f6stlichkeiten der frischen Jackfrucht: Der s\u00fc\u00dfe Tropenschatz der Natur - Nghiep Xuan - Landwirtschaftlicher Import und Export","og_description":"Erleben Sie den tropischen Zauber der frischen Jackfrucht. Unsere Jackfruits sind eine perfekte Mischung aus s\u00fc\u00df und vielseitig, was sie zu einer k\u00f6stlichen Erg\u00e4nzung f\u00fcr Ihre kulinarischen Erlebnisse macht. Ob frisch genossen, gegrillt, in Smoothies gemixt oder in pikanten Gerichten verwendet, Jackfruit verleiht Ihren Mahlzeiten eine exotische Note. Entdecken Sie die s\u00fc\u00dfe Seite der Tropen mit unserer frischen Jackfrucht","og_url":"https:\/\/nghiepxuan.com\/de\/product\/entdecke-die-freuden-frischer-jackfrucht-natur-suser-tropischer-schatz\/","og_site_name":"Nghiep Xuan - Landwirtschaftlicher Import und Export","article_publisher":"https:\/\/www.facebook.com\/nongsannghiepxuan\/","article_modified_time":"2025-03-29T10:01:02+00:00","og_image":[{"width":696,"height":435,"url":"https:\/\/nghiepxuan.com\/wp-content\/uploads\/2023\/10\/tim-hieu-ve-qua-mit-san-pham-va-cac-vi-luong-co-trong-qua-mit-01-min.jpg","type":"image\/jpeg"}],"twitter_card":"summary_large_image","twitter_site":"@PhuTonBui","twitter_misc":{"Gesch\u00e4tzte Lesezeit":"1\u00a0Minute"},"schema":{"@context":"https:\/\/schema.org","@graph":[{"@type":"WebPage","@id":"https:\/\/nghiepxuan.com\/de\/product\/entdecke-die-freuden-frischer-jackfrucht-natur-suser-tropischer-schatz\/","url":"https:\/\/nghiepxuan.com\/de\/product\/entdecke-die-freuden-frischer-jackfrucht-natur-suser-tropischer-schatz\/","name":"Entdecken Sie die K\u00f6stlichkeiten der frischen Jackfrucht: Der s\u00fc\u00dfe Tropenschatz der Natur - Nghiep Xuan - Landwirtschaftlicher Import und Export","isPartOf":{"@id":"https:\/\/nghiepxuan.com\/de\/#website"},"primaryImageOfPage":{"@id":"https:\/\/nghiepxuan.com\/de\/product\/entdecke-die-freuden-frischer-jackfrucht-natur-suser-tropischer-schatz\/#primaryimage"},"image":{"@id":"https:\/\/nghiepxuan.com\/de\/product\/entdecke-die-freuden-frischer-jackfrucht-natur-suser-tropischer-schatz\/#primaryimage"},"thumbnailUrl":"https:\/\/nghiepxuan.com\/wp-content\/uploads\/2023\/10\/tim-hieu-ve-qua-mit-san-pham-va-cac-vi-luong-co-trong-qua-mit-01-min.jpg","datePublished":"2023-10-23T02:46:30+00:00","dateModified":"2025-03-29T10:01:02+00:00","breadcrumb":{"@id":"https:\/\/nghiepxuan.com\/de\/product\/entdecke-die-freuden-frischer-jackfrucht-natur-suser-tropischer-schatz\/#breadcrumb"},"inLanguage":"de","potentialAction":[{"@type":"ReadAction","target":["https:\/\/nghiepxuan.com\/de\/product\/entdecke-die-freuden-frischer-jackfrucht-natur-suser-tropischer-schatz\/"]}]},{"@type":"ImageObject","inLanguage":"de","@id":"https:\/\/nghiepxuan.com\/de\/product\/entdecke-die-freuden-frischer-jackfrucht-natur-suser-tropischer-schatz\/#primaryimage","url":"https:\/\/nghiepxuan.com\/wp-content\/uploads\/2023\/10\/tim-hieu-ve-qua-mit-san-pham-va-cac-vi-luong-co-trong-qua-mit-01-min.jpg","contentUrl":"https:\/\/nghiepxuan.com\/wp-content\/uploads\/2023\/10\/tim-hieu-ve-qua-mit-san-pham-va-cac-vi-luong-co-trong-qua-mit-01-min.jpg","width":696,"height":435},{"@type":"BreadcrumbList","@id":"https:\/\/nghiepxuan.com\/de\/product\/entdecke-die-freuden-frischer-jackfrucht-natur-suser-tropischer-schatz\/#breadcrumb","itemListElement":[{"@type":"ListItem","position":1,"name":"Home","item":"https:\/\/nghiepxuan.com\/de\/"},{"@type":"ListItem","position":2,"name":"Gesch\u00e4ft","item":"https:\/\/nghiepxuan.com\/de\/shop\/"},{"@type":"ListItem","position":3,"name":"Entdecken Sie die K\u00f6stlichkeiten der frischen Jackfrucht: Der s\u00fc\u00dfe Tropenschatz der Natur"}]},{"@type":"WebSite","@id":"https:\/\/nghiepxuan.com\/de\/#website","url":"https:\/\/nghiepxuan.com\/de\/","name":"Nghiep Xuan - Agricultural Import and Export","description":"Die Natur pflegen, Gesundheit ernten: Ihr Ziel f\u00fcr einen Bio-Lebensstil","publisher":{"@id":"https:\/\/nghiepxuan.com\/de\/#organization"},"potentialAction":[{"@type":"SearchAction","target":{"@type":"EntryPoint","urlTemplate":"https:\/\/nghiepxuan.com\/de\/?s={search_term_string}"},"query-input":{"@type":"PropertyValueSpecification","valueRequired":true,"valueName":"search_term_string"}}],"inLanguage":"de"},{"@type":"Organization","@id":"https:\/\/nghiepxuan.com\/de\/#organization","name":"Nghiep Xuan - Agricultural Import and Export","url":"https:\/\/nghiepxuan.com\/de\/","logo":{"@type":"ImageObject","inLanguage":"de","@id":"https:\/\/nghiepxuan.com\/de\/#\/schema\/logo\/image\/","url":"https:\/\/nghiepxuan.com\/wp-content\/uploads\/2025\/04\/Nghiep-Xuan-Logo-4.png","contentUrl":"https:\/\/nghiepxuan.com\/wp-content\/uploads\/2025\/04\/Nghiep-Xuan-Logo-4.png","width":4167,"height":1015,"caption":"Nghiep Xuan - Agricultural Import and Export"},"image":{"@id":"https:\/\/nghiepxuan.com\/de\/#\/schema\/logo\/image\/"},"sameAs":["https:\/\/www.facebook.com\/nongsannghiepxuan\/","https:\/\/x.com\/PhuTonBui","https:\/\/www.instagram.com\/xuatnhapkhaunghiepxuan\/","https:\/\/www.youtube.com\/@nongsannghiepxuan2066","https:\/\/www.tiktok.com\/@nghiepxuan"]}]}},"_links":{"self":[{"href":"https:\/\/nghiepxuan.com\/de\/wp-json\/wp\/v2\/product\/4956","targetHints":{"allow":["GET"]}}],"collection":[{"href":"https:\/\/nghiepxuan.com\/de\/wp-json\/wp\/v2\/product"}],"about":[{"href":"https:\/\/nghiepxuan.com\/de\/wp-json\/wp\/v2\/types\/product"}],"replies":[{"embeddable":true,"href":"https:\/\/nghiepxuan.com\/de\/wp-json\/wp\/v2\/comments?post=4956"}],"version-history":[{"count":1,"href":"https:\/\/nghiepxuan.com\/de\/wp-json\/wp\/v2\/product\/4956\/revisions"}],"predecessor-version":[{"id":7012,"href":"https:\/\/nghiepxuan.com\/de\/wp-json\/wp\/v2\/product\/4956\/revisions\/7012"}],"wp:featuredmedia":[{"embeddable":true,"href":"https:\/\/nghiepxuan.com\/de\/wp-json\/wp\/v2\/media\/4740"}],"wp:attachment":[{"href":"https:\/\/nghiepxuan.com\/de\/wp-json\/wp\/v2\/media?parent=4956"}],"wp:term":[{"taxonomy":"product_brand","embeddable":true,"href":"https:\/\/nghiepxuan.com\/de\/wp-json\/wp\/v2\/product_brand?post=4956"},{"taxonomy":"product_cat","embeddable":true,"href":"https:\/\/nghiepxuan.com\/de\/wp-json\/wp\/v2\/product_cat?post=4956"},{"taxonomy":"product_tag","embeddable":true,"href":"https:\/\/nghiepxuan.com\/de\/wp-json\/wp\/v2\/product_tag?post=4956"}],"curies":[{"name":"wp","href":"https:\/\/api.w.org\/{rel}","templated":true}]}}