{"id":4932,"date":"2023-10-23T02:34:57","date_gmt":"2023-10-23T02:34:57","guid":{"rendered":"https:\/\/farm-lang.cdn-pi.com\/product\/entdecken-sie-die-exotische-suesse-frischer-mangos\/"},"modified":"2025-03-29T10:01:04","modified_gmt":"2025-03-29T10:01:04","slug":"entdecke-die-exotische-suse-frischer-mangos","status":"publish","type":"product","link":"https:\/\/nghiepxuan.com\/de\/product\/entdecke-die-exotische-suse-frischer-mangos\/","title":{"rendered":"Entdecken Sie die exotische S\u00fc\u00dfe frischer Mangos"},"content":{"rendered":"<p>Tauchen Sie ein in die tropische S\u00fc\u00dfe unserer Mangos!<\/p>\n<p>Genie\u00dfen Sie den k\u00f6stlichen Geschmack unserer reifen, handverlesenen Mangos, die Ihnen die exotischen Aromen der Tropen auf den Tisch bringen. Unsere Mangos strotzen vor nat\u00fcrlicher S\u00fc\u00dfe und Saftigkeit und sind ein wahrer Genuss f\u00fcr die Sinne.<\/p>\n<p>Unsere Mangos stammen aus sonnenverw\u00f6hnten Obstplantagen und werden sorgf\u00e4ltig auf dem H\u00f6hepunkt der Reife geerntet, um maximalen Geschmack und Frische zu gew\u00e4hrleisten. Jeder Bissen ist eine Reise ins tropische Paradies, mit der reichen, samtigen Textur und dem lebendigen Aroma, das nur die besten Mangos bieten k\u00f6nnen.<\/p>\n<p>Ob pur genossen, in erfrischenden Smoothies gemixt oder zu Salaten und Desserts hinzugef\u00fcgt, unsere Mangos verleihen jedem Gericht einen Hauch von tropischem Gl\u00fcck. Sie sind vollgepackt mit wichtigen Vitaminen und Antioxidantien, die nicht nur den Geschmacksnerven schmeicheln, sondern auch zum allgemeinen Wohlbefinden beitragen.<\/p>\n<p>Erleben Sie die unvergleichliche S\u00fc\u00dfe und Saftigkeit unserer Mangos, ein wahres Zeugnis f\u00fcr die Aromen der Natur. Unsere Mangos eignen sich perfekt zum Naschen, Backen oder f\u00fcr die Zubereitung k\u00f6stlicher Getr\u00e4nke und verleihen Ihren kulinarischen Kreationen eine neue Dimension.<\/p>\n<p>G\u00f6nnen Sie sich den Geschmack der Sonne und lassen Sie sich von den au\u00dfergew\u00f6hnlichen Aromen unserer Premium-Mangos verw\u00f6hnen. Besuchen Sie uns noch heute und genie\u00dfen Sie die Essenz des tropischen Genusses, einen Bissen nach dem anderen.<\/p>\n","protected":false},"excerpt":{"rendered":"<p>Tauchen Sie ein in das tropische Paradies mit unseren saftigen Mangos. Unsere Mangos, die vor S\u00fc\u00dfe und Saftigkeit nur so strotzen, werden auf dem H\u00f6hepunkt ihrer Reife von Hand gepfl\u00fcckt, um einen unvergleichlichen Geschmack zu gew\u00e4hrleisten. Genie\u00dfen Sie sie frisch, mixen Sie sie in Smoothies oder geben Sie Ihren Salaten eine tropische Note. Jeder Bissen ist ein Hauch von Sonne und macht unsere Mangos zum perfekten Genuss f\u00fcr Ihre Sinne.<\/p>\n","protected":false},"featured_media":4701,"comment_status":"open","ping_status":"closed","template":"","meta":{"content-type":""},"product_brand":[],"product_cat":[171],"product_tag":[328,326,327],"class_list":{"0":"post-4932","1":"product","2":"type-product","3":"status-publish","4":"has-post-thumbnail","6":"product_cat-fruits-de","7":"product_tag-mango-rezepte","8":"product_tag-suse-mangos","9":"product_tag-tropische-fruchte","11":"first","12":"instock","13":"shipping-taxable","14":"purchasable","15":"product-type-variable","16":"has-default-attributes"},"yoast_head":"<!-- This site is optimized with the Yoast SEO plugin v26.9 - https:\/\/yoast.com\/product\/yoast-seo-wordpress\/ -->\n<title>Entdecken Sie die exotische S\u00fc\u00dfe frischer Mangos - Nghiep Xuan - Landwirtschaftlicher Import und Export<\/title>\n<meta name=\"robots\" content=\"index, follow, max-snippet:-1, max-image-preview:large, max-video-preview:-1\" \/>\n<link rel=\"canonical\" href=\"https:\/\/nghiepxuan.com\/de\/product\/entdecke-die-exotische-suse-frischer-mangos\/\" \/>\n<meta property=\"og:locale\" content=\"de_DE\" \/>\n<meta property=\"og:type\" content=\"article\" \/>\n<meta property=\"og:title\" content=\"Entdecken Sie die exotische S\u00fc\u00dfe frischer Mangos - Nghiep Xuan - Landwirtschaftlicher Import und Export\" \/>\n<meta property=\"og:description\" content=\"Tauchen Sie ein in das tropische Paradies mit unseren saftigen Mangos. Unsere Mangos, die vor S\u00fc\u00dfe und Saftigkeit nur so strotzen, werden auf dem H\u00f6hepunkt ihrer Reife von Hand gepfl\u00fcckt, um einen unvergleichlichen Geschmack zu gew\u00e4hrleisten. Genie\u00dfen Sie sie frisch, mixen Sie sie in Smoothies oder geben Sie Ihren Salaten eine tropische Note. Jeder Bissen ist ein Hauch von Sonne und macht unsere Mangos zum perfekten Genuss f\u00fcr Ihre Sinne.\" \/>\n<meta property=\"og:url\" content=\"https:\/\/nghiepxuan.com\/de\/product\/entdecke-die-exotische-suse-frischer-mangos\/\" \/>\n<meta property=\"og:site_name\" content=\"Nghiep Xuan - Landwirtschaftlicher Import und Export\" \/>\n<meta property=\"article:publisher\" content=\"https:\/\/www.facebook.com\/nongsannghiepxuan\/\" \/>\n<meta property=\"article:modified_time\" content=\"2025-03-29T10:01:04+00:00\" \/>\n<meta property=\"og:image\" content=\"https:\/\/nghiepxuan.com\/wp-content\/uploads\/2023\/10\/tu-vu-be-9-tuoi-suyt-chet-vi-an-xoai-chuyen-gia-canh-bao-khong-an-xoai-neu-co-dau-hieu-sau.jpg\" \/>\n\t<meta property=\"og:image:width\" content=\"660\" \/>\n\t<meta property=\"og:image:height\" content=\"477\" \/>\n\t<meta property=\"og:image:type\" content=\"image\/jpeg\" \/>\n<meta name=\"twitter:card\" content=\"summary_large_image\" \/>\n<meta name=\"twitter:site\" content=\"@PhuTonBui\" \/>\n<meta name=\"twitter:label1\" content=\"Gesch\u00e4tzte Lesezeit\" \/>\n\t<meta name=\"twitter:data1\" content=\"1\u00a0Minute\" \/>\n<script type=\"application\/ld+json\" class=\"yoast-schema-graph\">{\"@context\":\"https:\/\/schema.org\",\"@graph\":[{\"@type\":\"WebPage\",\"@id\":\"https:\/\/nghiepxuan.com\/de\/product\/entdecke-die-exotische-suse-frischer-mangos\/\",\"url\":\"https:\/\/nghiepxuan.com\/de\/product\/entdecke-die-exotische-suse-frischer-mangos\/\",\"name\":\"Entdecken Sie die exotische S\u00fc\u00dfe frischer Mangos - Nghiep Xuan - Landwirtschaftlicher Import und Export\",\"isPartOf\":{\"@id\":\"https:\/\/nghiepxuan.com\/de\/#website\"},\"primaryImageOfPage\":{\"@id\":\"https:\/\/nghiepxuan.com\/de\/product\/entdecke-die-exotische-suse-frischer-mangos\/#primaryimage\"},\"image\":{\"@id\":\"https:\/\/nghiepxuan.com\/de\/product\/entdecke-die-exotische-suse-frischer-mangos\/#primaryimage\"},\"thumbnailUrl\":\"https:\/\/nghiepxuan.com\/wp-content\/uploads\/2023\/10\/tu-vu-be-9-tuoi-suyt-chet-vi-an-xoai-chuyen-gia-canh-bao-khong-an-xoai-neu-co-dau-hieu-sau.jpg\",\"datePublished\":\"2023-10-23T02:34:57+00:00\",\"dateModified\":\"2025-03-29T10:01:04+00:00\",\"breadcrumb\":{\"@id\":\"https:\/\/nghiepxuan.com\/de\/product\/entdecke-die-exotische-suse-frischer-mangos\/#breadcrumb\"},\"inLanguage\":\"de\",\"potentialAction\":[{\"@type\":\"ReadAction\",\"target\":[\"https:\/\/nghiepxuan.com\/de\/product\/entdecke-die-exotische-suse-frischer-mangos\/\"]}]},{\"@type\":\"ImageObject\",\"inLanguage\":\"de\",\"@id\":\"https:\/\/nghiepxuan.com\/de\/product\/entdecke-die-exotische-suse-frischer-mangos\/#primaryimage\",\"url\":\"https:\/\/nghiepxuan.com\/wp-content\/uploads\/2023\/10\/tu-vu-be-9-tuoi-suyt-chet-vi-an-xoai-chuyen-gia-canh-bao-khong-an-xoai-neu-co-dau-hieu-sau.jpg\",\"contentUrl\":\"https:\/\/nghiepxuan.com\/wp-content\/uploads\/2023\/10\/tu-vu-be-9-tuoi-suyt-chet-vi-an-xoai-chuyen-gia-canh-bao-khong-an-xoai-neu-co-dau-hieu-sau.jpg\",\"width\":660,\"height\":477},{\"@type\":\"BreadcrumbList\",\"@id\":\"https:\/\/nghiepxuan.com\/de\/product\/entdecke-die-exotische-suse-frischer-mangos\/#breadcrumb\",\"itemListElement\":[{\"@type\":\"ListItem\",\"position\":1,\"name\":\"Home\",\"item\":\"https:\/\/nghiepxuan.com\/de\/\"},{\"@type\":\"ListItem\",\"position\":2,\"name\":\"Gesch\u00e4ft\",\"item\":\"https:\/\/nghiepxuan.com\/de\/shop\/\"},{\"@type\":\"ListItem\",\"position\":3,\"name\":\"Entdecken Sie die exotische S\u00fc\u00dfe frischer Mangos\"}]},{\"@type\":\"WebSite\",\"@id\":\"https:\/\/nghiepxuan.com\/de\/#website\",\"url\":\"https:\/\/nghiepxuan.com\/de\/\",\"name\":\"Nghiep Xuan - Agricultural Import and Export\",\"description\":\"Die Natur pflegen, Gesundheit ernten: Ihr Ziel f\u00fcr einen Bio-Lebensstil\",\"publisher\":{\"@id\":\"https:\/\/nghiepxuan.com\/de\/#organization\"},\"potentialAction\":[{\"@type\":\"SearchAction\",\"target\":{\"@type\":\"EntryPoint\",\"urlTemplate\":\"https:\/\/nghiepxuan.com\/de\/?s={search_term_string}\"},\"query-input\":{\"@type\":\"PropertyValueSpecification\",\"valueRequired\":true,\"valueName\":\"search_term_string\"}}],\"inLanguage\":\"de\"},{\"@type\":\"Organization\",\"@id\":\"https:\/\/nghiepxuan.com\/de\/#organization\",\"name\":\"Nghiep Xuan - Agricultural Import and Export\",\"url\":\"https:\/\/nghiepxuan.com\/de\/\",\"logo\":{\"@type\":\"ImageObject\",\"inLanguage\":\"de\",\"@id\":\"https:\/\/nghiepxuan.com\/de\/#\/schema\/logo\/image\/\",\"url\":\"https:\/\/nghiepxuan.com\/wp-content\/uploads\/2025\/04\/Nghiep-Xuan-Logo-4.png\",\"contentUrl\":\"https:\/\/nghiepxuan.com\/wp-content\/uploads\/2025\/04\/Nghiep-Xuan-Logo-4.png\",\"width\":4167,\"height\":1015,\"caption\":\"Nghiep Xuan - Agricultural Import and Export\"},\"image\":{\"@id\":\"https:\/\/nghiepxuan.com\/de\/#\/schema\/logo\/image\/\"},\"sameAs\":[\"https:\/\/www.facebook.com\/nongsannghiepxuan\/\",\"https:\/\/x.com\/PhuTonBui\",\"https:\/\/www.instagram.com\/xuatnhapkhaunghiepxuan\/\",\"https:\/\/www.youtube.com\/@nongsannghiepxuan2066\",\"https:\/\/www.tiktok.com\/@nghiepxuan\"]}]}<\/script>\n<!-- \/ Yoast SEO plugin. -->","yoast_head_json":{"title":"Entdecken Sie die exotische S\u00fc\u00dfe frischer Mangos - Nghiep Xuan - Landwirtschaftlicher Import und Export","robots":{"index":"index","follow":"follow","max-snippet":"max-snippet:-1","max-image-preview":"max-image-preview:large","max-video-preview":"max-video-preview:-1"},"canonical":"https:\/\/nghiepxuan.com\/de\/product\/entdecke-die-exotische-suse-frischer-mangos\/","og_locale":"de_DE","og_type":"article","og_title":"Entdecken Sie die exotische S\u00fc\u00dfe frischer Mangos - Nghiep Xuan - Landwirtschaftlicher Import und Export","og_description":"Tauchen Sie ein in das tropische Paradies mit unseren saftigen Mangos. Unsere Mangos, die vor S\u00fc\u00dfe und Saftigkeit nur so strotzen, werden auf dem H\u00f6hepunkt ihrer Reife von Hand gepfl\u00fcckt, um einen unvergleichlichen Geschmack zu gew\u00e4hrleisten. Genie\u00dfen Sie sie frisch, mixen Sie sie in Smoothies oder geben Sie Ihren Salaten eine tropische Note. Jeder Bissen ist ein Hauch von Sonne und macht unsere Mangos zum perfekten Genuss f\u00fcr Ihre Sinne.","og_url":"https:\/\/nghiepxuan.com\/de\/product\/entdecke-die-exotische-suse-frischer-mangos\/","og_site_name":"Nghiep Xuan - Landwirtschaftlicher Import und Export","article_publisher":"https:\/\/www.facebook.com\/nongsannghiepxuan\/","article_modified_time":"2025-03-29T10:01:04+00:00","og_image":[{"width":660,"height":477,"url":"https:\/\/nghiepxuan.com\/wp-content\/uploads\/2023\/10\/tu-vu-be-9-tuoi-suyt-chet-vi-an-xoai-chuyen-gia-canh-bao-khong-an-xoai-neu-co-dau-hieu-sau.jpg","type":"image\/jpeg"}],"twitter_card":"summary_large_image","twitter_site":"@PhuTonBui","twitter_misc":{"Gesch\u00e4tzte Lesezeit":"1\u00a0Minute"},"schema":{"@context":"https:\/\/schema.org","@graph":[{"@type":"WebPage","@id":"https:\/\/nghiepxuan.com\/de\/product\/entdecke-die-exotische-suse-frischer-mangos\/","url":"https:\/\/nghiepxuan.com\/de\/product\/entdecke-die-exotische-suse-frischer-mangos\/","name":"Entdecken Sie die exotische S\u00fc\u00dfe frischer Mangos - Nghiep Xuan - Landwirtschaftlicher Import und Export","isPartOf":{"@id":"https:\/\/nghiepxuan.com\/de\/#website"},"primaryImageOfPage":{"@id":"https:\/\/nghiepxuan.com\/de\/product\/entdecke-die-exotische-suse-frischer-mangos\/#primaryimage"},"image":{"@id":"https:\/\/nghiepxuan.com\/de\/product\/entdecke-die-exotische-suse-frischer-mangos\/#primaryimage"},"thumbnailUrl":"https:\/\/nghiepxuan.com\/wp-content\/uploads\/2023\/10\/tu-vu-be-9-tuoi-suyt-chet-vi-an-xoai-chuyen-gia-canh-bao-khong-an-xoai-neu-co-dau-hieu-sau.jpg","datePublished":"2023-10-23T02:34:57+00:00","dateModified":"2025-03-29T10:01:04+00:00","breadcrumb":{"@id":"https:\/\/nghiepxuan.com\/de\/product\/entdecke-die-exotische-suse-frischer-mangos\/#breadcrumb"},"inLanguage":"de","potentialAction":[{"@type":"ReadAction","target":["https:\/\/nghiepxuan.com\/de\/product\/entdecke-die-exotische-suse-frischer-mangos\/"]}]},{"@type":"ImageObject","inLanguage":"de","@id":"https:\/\/nghiepxuan.com\/de\/product\/entdecke-die-exotische-suse-frischer-mangos\/#primaryimage","url":"https:\/\/nghiepxuan.com\/wp-content\/uploads\/2023\/10\/tu-vu-be-9-tuoi-suyt-chet-vi-an-xoai-chuyen-gia-canh-bao-khong-an-xoai-neu-co-dau-hieu-sau.jpg","contentUrl":"https:\/\/nghiepxuan.com\/wp-content\/uploads\/2023\/10\/tu-vu-be-9-tuoi-suyt-chet-vi-an-xoai-chuyen-gia-canh-bao-khong-an-xoai-neu-co-dau-hieu-sau.jpg","width":660,"height":477},{"@type":"BreadcrumbList","@id":"https:\/\/nghiepxuan.com\/de\/product\/entdecke-die-exotische-suse-frischer-mangos\/#breadcrumb","itemListElement":[{"@type":"ListItem","position":1,"name":"Home","item":"https:\/\/nghiepxuan.com\/de\/"},{"@type":"ListItem","position":2,"name":"Gesch\u00e4ft","item":"https:\/\/nghiepxuan.com\/de\/shop\/"},{"@type":"ListItem","position":3,"name":"Entdecken Sie die exotische S\u00fc\u00dfe frischer Mangos"}]},{"@type":"WebSite","@id":"https:\/\/nghiepxuan.com\/de\/#website","url":"https:\/\/nghiepxuan.com\/de\/","name":"Nghiep Xuan - Agricultural Import and Export","description":"Die Natur pflegen, Gesundheit ernten: Ihr Ziel f\u00fcr einen Bio-Lebensstil","publisher":{"@id":"https:\/\/nghiepxuan.com\/de\/#organization"},"potentialAction":[{"@type":"SearchAction","target":{"@type":"EntryPoint","urlTemplate":"https:\/\/nghiepxuan.com\/de\/?s={search_term_string}"},"query-input":{"@type":"PropertyValueSpecification","valueRequired":true,"valueName":"search_term_string"}}],"inLanguage":"de"},{"@type":"Organization","@id":"https:\/\/nghiepxuan.com\/de\/#organization","name":"Nghiep Xuan - Agricultural Import and Export","url":"https:\/\/nghiepxuan.com\/de\/","logo":{"@type":"ImageObject","inLanguage":"de","@id":"https:\/\/nghiepxuan.com\/de\/#\/schema\/logo\/image\/","url":"https:\/\/nghiepxuan.com\/wp-content\/uploads\/2025\/04\/Nghiep-Xuan-Logo-4.png","contentUrl":"https:\/\/nghiepxuan.com\/wp-content\/uploads\/2025\/04\/Nghiep-Xuan-Logo-4.png","width":4167,"height":1015,"caption":"Nghiep Xuan - Agricultural Import and Export"},"image":{"@id":"https:\/\/nghiepxuan.com\/de\/#\/schema\/logo\/image\/"},"sameAs":["https:\/\/www.facebook.com\/nongsannghiepxuan\/","https:\/\/x.com\/PhuTonBui","https:\/\/www.instagram.com\/xuatnhapkhaunghiepxuan\/","https:\/\/www.youtube.com\/@nongsannghiepxuan2066","https:\/\/www.tiktok.com\/@nghiepxuan"]}]}},"_links":{"self":[{"href":"https:\/\/nghiepxuan.com\/de\/wp-json\/wp\/v2\/product\/4932","targetHints":{"allow":["GET"]}}],"collection":[{"href":"https:\/\/nghiepxuan.com\/de\/wp-json\/wp\/v2\/product"}],"about":[{"href":"https:\/\/nghiepxuan.com\/de\/wp-json\/wp\/v2\/types\/product"}],"replies":[{"embeddable":true,"href":"https:\/\/nghiepxuan.com\/de\/wp-json\/wp\/v2\/comments?post=4932"}],"version-history":[{"count":1,"href":"https:\/\/nghiepxuan.com\/de\/wp-json\/wp\/v2\/product\/4932\/revisions"}],"predecessor-version":[{"id":7020,"href":"https:\/\/nghiepxuan.com\/de\/wp-json\/wp\/v2\/product\/4932\/revisions\/7020"}],"wp:featuredmedia":[{"embeddable":true,"href":"https:\/\/nghiepxuan.com\/de\/wp-json\/wp\/v2\/media\/4701"}],"wp:attachment":[{"href":"https:\/\/nghiepxuan.com\/de\/wp-json\/wp\/v2\/media?parent=4932"}],"wp:term":[{"taxonomy":"product_brand","embeddable":true,"href":"https:\/\/nghiepxuan.com\/de\/wp-json\/wp\/v2\/product_brand?post=4932"},{"taxonomy":"product_cat","embeddable":true,"href":"https:\/\/nghiepxuan.com\/de\/wp-json\/wp\/v2\/product_cat?post=4932"},{"taxonomy":"product_tag","embeddable":true,"href":"https:\/\/nghiepxuan.com\/de\/wp-json\/wp\/v2\/product_tag?post=4932"}],"curies":[{"name":"wp","href":"https:\/\/api.w.org\/{rel}","templated":true}]}}