{"id":4878,"date":"2023-10-23T01:47:24","date_gmt":"2023-10-23T01:47:24","guid":{"rendered":"https:\/\/farm-lang.cdn-pi.com\/product\/entdecken-sie-die-koestlichen-aromen-von-cashewnuessen\/"},"modified":"2025-03-29T10:01:16","modified_gmt":"2025-03-29T10:01:16","slug":"erforsche-die-kostlichen-aromen-der-cashew-nusse","status":"publish","type":"product","link":"https:\/\/nghiepxuan.com\/de\/product\/erforsche-die-kostlichen-aromen-der-cashew-nusse\/","title":{"rendered":"Entdecken Sie die k\u00f6stlichen Aromen von Cashewn\u00fcssen"},"content":{"rendered":"<p>Genie\u00dfen Sie die knusprige Perfektion von Cashewn\u00fcssen!<\/p>\n<p>Erfreuen Sie Ihre Geschmacksknospen mit unseren Premium-Cashew-N\u00fcssen, dem knackigen Schatz der Natur, der vollgepackt ist mit gesundem Wohlbefinden. Unsere N\u00fcsse stammen aus den besten Cashew-Plantagen und werden sorgf\u00e4ltig ausgew\u00e4hlt, um eine erstklassige Qualit\u00e4t und einen unwiderstehlichen Geschmack zu gew\u00e4hrleisten.<\/p>\n<p>Cashewn\u00fcsse sind nicht nur lecker, sondern bieten auch eine F\u00fclle von gesundheitlichen Vorteilen. Sie sind reich an essenziellen N\u00e4hrstoffen und enthalten Proteine, gesunde Fette und Antioxidantien, die die Gesundheit des Herzens f\u00f6rdern und die allgemeine Immunit\u00e4t st\u00e4rken. Ihre cremige Konsistenz und ihr milder, buttriger Geschmack machen sie zu einer vielseitigen Zutat, die sich perfekt zum Naschen, Backen oder als k\u00f6stlicher Knusperzusatz zu Ihren Lieblingsgerichten eignet.<\/p>\n<p>In unserem Gesch\u00e4ft finden Sie eine gro\u00dfe Auswahl an Cashewnuss-Produkten, die Ihren Anspr\u00fcchen gerecht werden. Von perfekt ger\u00f6steten und gesalzenen Cashewkernen f\u00fcr den herzhaften Genuss bis hin zu mit Honig glasierten Cashewkernen f\u00fcr Naschkatzen &#8211; unser Sortiment bietet etwas f\u00fcr jeden Geschmack. Wir bieten auch nat\u00fcrliche, ungesalzene Cashewkerne f\u00fcr diejenigen an, die eine gesunde, schuldfreie Snackoption suchen.<\/p>\n<p>Ganz gleich, ob Sie eine Veranstaltung ausrichten, eine Gourmet-Mahlzeit zubereiten oder einfach einen gesunden Snack suchen, unsere hochwertigen Cashewn\u00fcsse sind die ideale Wahl. Erleben Sie das befriedigende Knacken und den reichhaltigen Geschmack unserer Cashews und heben Sie Ihr Knabbererlebnis auf ein ganz neues Niveau.<\/p>\n<p>G\u00f6nnen Sie sich noch heute die besten Cashewn\u00fcsse. Besuchen Sie unser Gesch\u00e4ft und begeben Sie sich auf eine kulinarische Reise, die von der knusprigen Perfektion der Cashewn\u00fcsse gepr\u00e4gt ist. Ihre Geschmacksnerven haben nur das Beste verdient!<\/p>\n","protected":false},"excerpt":{"rendered":"<p>Entdecken Sie den unwiderstehlichen Geschmack unserer Cashewn\u00fcsse &#8211; ein k\u00f6stlicher und gesunder Snack, der Ihren Hei\u00dfhunger stillt. Diese cremigen, knusprigen Kostbarkeiten sind der perfekte Genuss f\u00fcr unterwegs. Sie sind vollgepackt mit gesunden Fetten und essenziellen N\u00e4hrstoffen und ein schuldfreier Genuss f\u00fcr einen Energieschub und Geschmack. Erh\u00f6hen Sie Ihr Naschen mit unseren Premium-Cashew-N\u00fcssen und erleben Sie die perfekte Balance zwischen cremig und knackig in jedem Bissen<\/p>\n","protected":false},"featured_media":4614,"comment_status":"open","ping_status":"closed","template":"","meta":{"content-type":""},"product_brand":[],"product_cat":[146],"product_tag":[],"class_list":{"0":"post-4878","1":"product","2":"type-product","3":"status-publish","4":"has-post-thumbnail","6":"product_cat-cafe-cashew-apples-pepper-de","8":"first","9":"instock","10":"shipping-taxable","11":"purchasable","12":"product-type-variable","13":"has-default-attributes"},"yoast_head":"<!-- This site is optimized with the Yoast SEO plugin v26.9 - https:\/\/yoast.com\/product\/yoast-seo-wordpress\/ -->\n<title>Entdecken Sie die k\u00f6stlichen Aromen von Cashewn\u00fcssen - Nghiep Xuan - Landwirtschaftlicher Import und Export<\/title>\n<meta name=\"robots\" content=\"index, follow, max-snippet:-1, max-image-preview:large, max-video-preview:-1\" \/>\n<link rel=\"canonical\" href=\"https:\/\/nghiepxuan.com\/de\/product\/erforsche-die-kostlichen-aromen-der-cashew-nusse\/\" \/>\n<meta property=\"og:locale\" content=\"de_DE\" \/>\n<meta property=\"og:type\" content=\"article\" \/>\n<meta property=\"og:title\" content=\"Entdecken Sie die k\u00f6stlichen Aromen von Cashewn\u00fcssen - Nghiep Xuan - Landwirtschaftlicher Import und Export\" \/>\n<meta property=\"og:description\" content=\"Entdecken Sie den unwiderstehlichen Geschmack unserer Cashewn\u00fcsse - ein k\u00f6stlicher und gesunder Snack, der Ihren Hei\u00dfhunger stillt. Diese cremigen, knusprigen Kostbarkeiten sind der perfekte Genuss f\u00fcr unterwegs. Sie sind vollgepackt mit gesunden Fetten und essenziellen N\u00e4hrstoffen und ein schuldfreier Genuss f\u00fcr einen Energieschub und Geschmack. Erh\u00f6hen Sie Ihr Naschen mit unseren Premium-Cashew-N\u00fcssen und erleben Sie die perfekte Balance zwischen cremig und knackig in jedem Bissen\" \/>\n<meta property=\"og:url\" content=\"https:\/\/nghiepxuan.com\/de\/product\/erforsche-die-kostlichen-aromen-der-cashew-nusse\/\" \/>\n<meta property=\"og:site_name\" content=\"Nghiep Xuan - Landwirtschaftlicher Import und Export\" \/>\n<meta property=\"article:publisher\" content=\"https:\/\/www.facebook.com\/nongsannghiepxuan\/\" \/>\n<meta property=\"article:modified_time\" content=\"2025-03-29T10:01:16+00:00\" \/>\n<meta property=\"og:image\" content=\"https:\/\/nghiepxuan.com\/wp-content\/uploads\/2023\/10\/hat-dieu-tho-duoc-tach-vo-nhu-the-nao-nezqz.jpg\" \/>\n\t<meta property=\"og:image:width\" content=\"700\" \/>\n\t<meta property=\"og:image:height\" content=\"500\" \/>\n\t<meta property=\"og:image:type\" content=\"image\/jpeg\" \/>\n<meta name=\"twitter:card\" content=\"summary_large_image\" \/>\n<meta name=\"twitter:site\" content=\"@PhuTonBui\" \/>\n<meta name=\"twitter:label1\" content=\"Gesch\u00e4tzte Lesezeit\" \/>\n\t<meta name=\"twitter:data1\" content=\"1\u00a0Minute\" \/>\n<script type=\"application\/ld+json\" class=\"yoast-schema-graph\">{\"@context\":\"https:\/\/schema.org\",\"@graph\":[{\"@type\":\"WebPage\",\"@id\":\"https:\/\/nghiepxuan.com\/de\/product\/erforsche-die-kostlichen-aromen-der-cashew-nusse\/\",\"url\":\"https:\/\/nghiepxuan.com\/de\/product\/erforsche-die-kostlichen-aromen-der-cashew-nusse\/\",\"name\":\"Entdecken Sie die k\u00f6stlichen Aromen von Cashewn\u00fcssen - Nghiep Xuan - Landwirtschaftlicher Import und Export\",\"isPartOf\":{\"@id\":\"https:\/\/nghiepxuan.com\/de\/#website\"},\"primaryImageOfPage\":{\"@id\":\"https:\/\/nghiepxuan.com\/de\/product\/erforsche-die-kostlichen-aromen-der-cashew-nusse\/#primaryimage\"},\"image\":{\"@id\":\"https:\/\/nghiepxuan.com\/de\/product\/erforsche-die-kostlichen-aromen-der-cashew-nusse\/#primaryimage\"},\"thumbnailUrl\":\"https:\/\/nghiepxuan.com\/wp-content\/uploads\/2023\/10\/hat-dieu-tho-duoc-tach-vo-nhu-the-nao-nezqz.jpg\",\"datePublished\":\"2023-10-23T01:47:24+00:00\",\"dateModified\":\"2025-03-29T10:01:16+00:00\",\"breadcrumb\":{\"@id\":\"https:\/\/nghiepxuan.com\/de\/product\/erforsche-die-kostlichen-aromen-der-cashew-nusse\/#breadcrumb\"},\"inLanguage\":\"de\",\"potentialAction\":[{\"@type\":\"ReadAction\",\"target\":[\"https:\/\/nghiepxuan.com\/de\/product\/erforsche-die-kostlichen-aromen-der-cashew-nusse\/\"]}]},{\"@type\":\"ImageObject\",\"inLanguage\":\"de\",\"@id\":\"https:\/\/nghiepxuan.com\/de\/product\/erforsche-die-kostlichen-aromen-der-cashew-nusse\/#primaryimage\",\"url\":\"https:\/\/nghiepxuan.com\/wp-content\/uploads\/2023\/10\/hat-dieu-tho-duoc-tach-vo-nhu-the-nao-nezqz.jpg\",\"contentUrl\":\"https:\/\/nghiepxuan.com\/wp-content\/uploads\/2023\/10\/hat-dieu-tho-duoc-tach-vo-nhu-the-nao-nezqz.jpg\",\"width\":700,\"height\":500},{\"@type\":\"BreadcrumbList\",\"@id\":\"https:\/\/nghiepxuan.com\/de\/product\/erforsche-die-kostlichen-aromen-der-cashew-nusse\/#breadcrumb\",\"itemListElement\":[{\"@type\":\"ListItem\",\"position\":1,\"name\":\"Home\",\"item\":\"https:\/\/nghiepxuan.com\/de\/\"},{\"@type\":\"ListItem\",\"position\":2,\"name\":\"Gesch\u00e4ft\",\"item\":\"https:\/\/nghiepxuan.com\/de\/shop\/\"},{\"@type\":\"ListItem\",\"position\":3,\"name\":\"Entdecken Sie die k\u00f6stlichen Aromen von Cashewn\u00fcssen\"}]},{\"@type\":\"WebSite\",\"@id\":\"https:\/\/nghiepxuan.com\/de\/#website\",\"url\":\"https:\/\/nghiepxuan.com\/de\/\",\"name\":\"Nghiep Xuan - Agricultural Import and Export\",\"description\":\"Die Natur pflegen, Gesundheit ernten: Ihr Ziel f\u00fcr einen Bio-Lebensstil\",\"publisher\":{\"@id\":\"https:\/\/nghiepxuan.com\/de\/#organization\"},\"potentialAction\":[{\"@type\":\"SearchAction\",\"target\":{\"@type\":\"EntryPoint\",\"urlTemplate\":\"https:\/\/nghiepxuan.com\/de\/?s={search_term_string}\"},\"query-input\":{\"@type\":\"PropertyValueSpecification\",\"valueRequired\":true,\"valueName\":\"search_term_string\"}}],\"inLanguage\":\"de\"},{\"@type\":\"Organization\",\"@id\":\"https:\/\/nghiepxuan.com\/de\/#organization\",\"name\":\"Nghiep Xuan - Agricultural Import and Export\",\"url\":\"https:\/\/nghiepxuan.com\/de\/\",\"logo\":{\"@type\":\"ImageObject\",\"inLanguage\":\"de\",\"@id\":\"https:\/\/nghiepxuan.com\/de\/#\/schema\/logo\/image\/\",\"url\":\"https:\/\/nghiepxuan.com\/wp-content\/uploads\/2025\/04\/Nghiep-Xuan-Logo-4.png\",\"contentUrl\":\"https:\/\/nghiepxuan.com\/wp-content\/uploads\/2025\/04\/Nghiep-Xuan-Logo-4.png\",\"width\":4167,\"height\":1015,\"caption\":\"Nghiep Xuan - Agricultural Import and Export\"},\"image\":{\"@id\":\"https:\/\/nghiepxuan.com\/de\/#\/schema\/logo\/image\/\"},\"sameAs\":[\"https:\/\/www.facebook.com\/nongsannghiepxuan\/\",\"https:\/\/x.com\/PhuTonBui\",\"https:\/\/www.instagram.com\/xuatnhapkhaunghiepxuan\/\",\"https:\/\/www.youtube.com\/@nongsannghiepxuan2066\",\"https:\/\/www.tiktok.com\/@nghiepxuan\"]}]}<\/script>\n<!-- \/ Yoast SEO plugin. -->","yoast_head_json":{"title":"Entdecken Sie die k\u00f6stlichen Aromen von Cashewn\u00fcssen - Nghiep Xuan - Landwirtschaftlicher Import und Export","robots":{"index":"index","follow":"follow","max-snippet":"max-snippet:-1","max-image-preview":"max-image-preview:large","max-video-preview":"max-video-preview:-1"},"canonical":"https:\/\/nghiepxuan.com\/de\/product\/erforsche-die-kostlichen-aromen-der-cashew-nusse\/","og_locale":"de_DE","og_type":"article","og_title":"Entdecken Sie die k\u00f6stlichen Aromen von Cashewn\u00fcssen - Nghiep Xuan - Landwirtschaftlicher Import und Export","og_description":"Entdecken Sie den unwiderstehlichen Geschmack unserer Cashewn\u00fcsse - ein k\u00f6stlicher und gesunder Snack, der Ihren Hei\u00dfhunger stillt. Diese cremigen, knusprigen Kostbarkeiten sind der perfekte Genuss f\u00fcr unterwegs. Sie sind vollgepackt mit gesunden Fetten und essenziellen N\u00e4hrstoffen und ein schuldfreier Genuss f\u00fcr einen Energieschub und Geschmack. Erh\u00f6hen Sie Ihr Naschen mit unseren Premium-Cashew-N\u00fcssen und erleben Sie die perfekte Balance zwischen cremig und knackig in jedem Bissen","og_url":"https:\/\/nghiepxuan.com\/de\/product\/erforsche-die-kostlichen-aromen-der-cashew-nusse\/","og_site_name":"Nghiep Xuan - Landwirtschaftlicher Import und Export","article_publisher":"https:\/\/www.facebook.com\/nongsannghiepxuan\/","article_modified_time":"2025-03-29T10:01:16+00:00","og_image":[{"width":700,"height":500,"url":"https:\/\/nghiepxuan.com\/wp-content\/uploads\/2023\/10\/hat-dieu-tho-duoc-tach-vo-nhu-the-nao-nezqz.jpg","type":"image\/jpeg"}],"twitter_card":"summary_large_image","twitter_site":"@PhuTonBui","twitter_misc":{"Gesch\u00e4tzte Lesezeit":"1\u00a0Minute"},"schema":{"@context":"https:\/\/schema.org","@graph":[{"@type":"WebPage","@id":"https:\/\/nghiepxuan.com\/de\/product\/erforsche-die-kostlichen-aromen-der-cashew-nusse\/","url":"https:\/\/nghiepxuan.com\/de\/product\/erforsche-die-kostlichen-aromen-der-cashew-nusse\/","name":"Entdecken Sie die k\u00f6stlichen Aromen von Cashewn\u00fcssen - Nghiep Xuan - Landwirtschaftlicher Import und Export","isPartOf":{"@id":"https:\/\/nghiepxuan.com\/de\/#website"},"primaryImageOfPage":{"@id":"https:\/\/nghiepxuan.com\/de\/product\/erforsche-die-kostlichen-aromen-der-cashew-nusse\/#primaryimage"},"image":{"@id":"https:\/\/nghiepxuan.com\/de\/product\/erforsche-die-kostlichen-aromen-der-cashew-nusse\/#primaryimage"},"thumbnailUrl":"https:\/\/nghiepxuan.com\/wp-content\/uploads\/2023\/10\/hat-dieu-tho-duoc-tach-vo-nhu-the-nao-nezqz.jpg","datePublished":"2023-10-23T01:47:24+00:00","dateModified":"2025-03-29T10:01:16+00:00","breadcrumb":{"@id":"https:\/\/nghiepxuan.com\/de\/product\/erforsche-die-kostlichen-aromen-der-cashew-nusse\/#breadcrumb"},"inLanguage":"de","potentialAction":[{"@type":"ReadAction","target":["https:\/\/nghiepxuan.com\/de\/product\/erforsche-die-kostlichen-aromen-der-cashew-nusse\/"]}]},{"@type":"ImageObject","inLanguage":"de","@id":"https:\/\/nghiepxuan.com\/de\/product\/erforsche-die-kostlichen-aromen-der-cashew-nusse\/#primaryimage","url":"https:\/\/nghiepxuan.com\/wp-content\/uploads\/2023\/10\/hat-dieu-tho-duoc-tach-vo-nhu-the-nao-nezqz.jpg","contentUrl":"https:\/\/nghiepxuan.com\/wp-content\/uploads\/2023\/10\/hat-dieu-tho-duoc-tach-vo-nhu-the-nao-nezqz.jpg","width":700,"height":500},{"@type":"BreadcrumbList","@id":"https:\/\/nghiepxuan.com\/de\/product\/erforsche-die-kostlichen-aromen-der-cashew-nusse\/#breadcrumb","itemListElement":[{"@type":"ListItem","position":1,"name":"Home","item":"https:\/\/nghiepxuan.com\/de\/"},{"@type":"ListItem","position":2,"name":"Gesch\u00e4ft","item":"https:\/\/nghiepxuan.com\/de\/shop\/"},{"@type":"ListItem","position":3,"name":"Entdecken Sie die k\u00f6stlichen Aromen von Cashewn\u00fcssen"}]},{"@type":"WebSite","@id":"https:\/\/nghiepxuan.com\/de\/#website","url":"https:\/\/nghiepxuan.com\/de\/","name":"Nghiep Xuan - Agricultural Import and Export","description":"Die Natur pflegen, Gesundheit ernten: Ihr Ziel f\u00fcr einen Bio-Lebensstil","publisher":{"@id":"https:\/\/nghiepxuan.com\/de\/#organization"},"potentialAction":[{"@type":"SearchAction","target":{"@type":"EntryPoint","urlTemplate":"https:\/\/nghiepxuan.com\/de\/?s={search_term_string}"},"query-input":{"@type":"PropertyValueSpecification","valueRequired":true,"valueName":"search_term_string"}}],"inLanguage":"de"},{"@type":"Organization","@id":"https:\/\/nghiepxuan.com\/de\/#organization","name":"Nghiep Xuan - Agricultural Import and Export","url":"https:\/\/nghiepxuan.com\/de\/","logo":{"@type":"ImageObject","inLanguage":"de","@id":"https:\/\/nghiepxuan.com\/de\/#\/schema\/logo\/image\/","url":"https:\/\/nghiepxuan.com\/wp-content\/uploads\/2025\/04\/Nghiep-Xuan-Logo-4.png","contentUrl":"https:\/\/nghiepxuan.com\/wp-content\/uploads\/2025\/04\/Nghiep-Xuan-Logo-4.png","width":4167,"height":1015,"caption":"Nghiep Xuan - Agricultural Import and Export"},"image":{"@id":"https:\/\/nghiepxuan.com\/de\/#\/schema\/logo\/image\/"},"sameAs":["https:\/\/www.facebook.com\/nongsannghiepxuan\/","https:\/\/x.com\/PhuTonBui","https:\/\/www.instagram.com\/xuatnhapkhaunghiepxuan\/","https:\/\/www.youtube.com\/@nongsannghiepxuan2066","https:\/\/www.tiktok.com\/@nghiepxuan"]}]}},"_links":{"self":[{"href":"https:\/\/nghiepxuan.com\/de\/wp-json\/wp\/v2\/product\/4878","targetHints":{"allow":["GET"]}}],"collection":[{"href":"https:\/\/nghiepxuan.com\/de\/wp-json\/wp\/v2\/product"}],"about":[{"href":"https:\/\/nghiepxuan.com\/de\/wp-json\/wp\/v2\/types\/product"}],"replies":[{"embeddable":true,"href":"https:\/\/nghiepxuan.com\/de\/wp-json\/wp\/v2\/comments?post=4878"}],"version-history":[{"count":1,"href":"https:\/\/nghiepxuan.com\/de\/wp-json\/wp\/v2\/product\/4878\/revisions"}],"predecessor-version":[{"id":7036,"href":"https:\/\/nghiepxuan.com\/de\/wp-json\/wp\/v2\/product\/4878\/revisions\/7036"}],"wp:featuredmedia":[{"embeddable":true,"href":"https:\/\/nghiepxuan.com\/de\/wp-json\/wp\/v2\/media\/4614"}],"wp:attachment":[{"href":"https:\/\/nghiepxuan.com\/de\/wp-json\/wp\/v2\/media?parent=4878"}],"wp:term":[{"taxonomy":"product_brand","embeddable":true,"href":"https:\/\/nghiepxuan.com\/de\/wp-json\/wp\/v2\/product_brand?post=4878"},{"taxonomy":"product_cat","embeddable":true,"href":"https:\/\/nghiepxuan.com\/de\/wp-json\/wp\/v2\/product_cat?post=4878"},{"taxonomy":"product_tag","embeddable":true,"href":"https:\/\/nghiepxuan.com\/de\/wp-json\/wp\/v2\/product_tag?post=4878"}],"curies":[{"name":"wp","href":"https:\/\/api.w.org\/{rel}","templated":true}]}}