{"id":4854,"date":"2023-10-23T01:36:33","date_gmt":"2023-10-23T01:36:33","guid":{"rendered":"https:\/\/farm-lang.cdn-pi.com\/product\/geniessen-sie-die-subtile-eleganz-des-arabica-kaffees\/"},"modified":"2025-03-29T10:01:20","modified_gmt":"2025-03-29T10:01:20","slug":"geniese-die-subtile-eleganz-des-arabica-kaffees","status":"publish","type":"product","link":"https:\/\/nghiepxuan.com\/de\/product\/geniese-die-subtile-eleganz-des-arabica-kaffees\/","title":{"rendered":"Genie\u00dfen Sie die subtile Eleganz des Arabica-Kaffees"},"content":{"rendered":"<p>In unserem Caf\u00e9 bieten wir Ihnen den unvergleichlichen Reichtum des Arabica-Kaffees, der weltweit f\u00fcr seinen sanften, weichen Geschmack und sein verf\u00fchrerisches Aroma bekannt ist. Unsere Arabica-Bohnen stammen aus den Hochgebirgsregionen renommierter Kaffeeanbaul\u00e4nder und werden sorgf\u00e4ltig ausgew\u00e4hlt, um ein erstklassiges und authentisches Kaffeeerlebnis zu gew\u00e4hrleisten.<\/p>\n<p>Arabica-Kaffee zeichnet sich durch seine subtile S\u00e4ure, eine angenehme S\u00fc\u00dfe und ein sanftes, ausgewogenes Geschmacksprofil aus. Mit seinem im Vergleich zu anderen Kaffeesorten geringeren Koffeingehalt bietet Arabica einen raffinierten und anspruchsvollen Geschmack, der anspruchsvolle Kaffeeliebhaber anspricht.<\/p>\n<p>Unsere erfahrenen Baristas bereiten jede Tasse gekonnt zu und sorgen so f\u00fcr eine samtig weiche Textur und eine harmonische Mischung von Aromen. Egal, ob Sie einen klassischen schwarzen Kaffee, einen schaumigen Milchkaffee oder ein dekadentes Dessertgetr\u00e4nk bevorzugen, unsere Speisekarte bietet eine vielf\u00e4ltige Auswahl an Getr\u00e4nken auf Arabica-Basis f\u00fcr jeden Geschmack.<\/p>\n<p>Genie\u00dfen Sie die k\u00f6stlichen Noten des Arabica-Kaffees, egal ob Sie einen Moment der Entspannung oder einen Energieschub suchen. Die Eleganz des Arabica-Kaffees erwartet Sie in unserem Caf\u00e9, wo jeder Schluck eine Reise in die Welt der feinen Kaffeekunst ist.<\/p>\n","protected":false},"excerpt":{"rendered":"<p>Entdecken Sie die Welt des Arabica-Kaffees, wo subtile Eleganz auf au\u00dfergew\u00f6hnlichen Geschmack trifft. Unsere sorgf\u00e4ltig ausgew\u00e4hlten Arabica-Bohnen liefern einen weichen, sanften Geschmack mit einem Hauch von S\u00fc\u00dfe. Vom klassischen schwarzen Kaffee bis zum cremigen Milchkaffee bieten wir Ihnen eine Reihe von Optionen, die Ihren Vorlieben entsprechen. Erh\u00f6hen Sie Ihr Kaffeeerlebnis mit den besten Arabica-Bohnen.<\/p>\n","protected":false},"featured_media":4539,"comment_status":"open","ping_status":"closed","template":"","meta":{"content-type":""},"product_brand":[],"product_cat":[146],"product_tag":[560],"class_list":{"0":"post-4854","1":"product","2":"type-product","3":"status-publish","4":"has-post-thumbnail","6":"product_cat-cafe-cashew-apples-pepper-de","7":"product_tag-kaffee","9":"first","10":"instock","11":"shipping-taxable","12":"purchasable","13":"product-type-variable","14":"has-default-attributes"},"yoast_head":"<!-- This site is optimized with the Yoast SEO plugin v26.9 - https:\/\/yoast.com\/product\/yoast-seo-wordpress\/ -->\n<title>Genie\u00dfen Sie die subtile Eleganz des Arabica-Kaffees - Nghiep Xuan - Landwirtschaftlicher Import und Export<\/title>\n<meta name=\"robots\" content=\"index, follow, max-snippet:-1, max-image-preview:large, max-video-preview:-1\" \/>\n<link rel=\"canonical\" href=\"https:\/\/nghiepxuan.com\/de\/product\/geniese-die-subtile-eleganz-des-arabica-kaffees\/\" \/>\n<meta property=\"og:locale\" content=\"de_DE\" \/>\n<meta property=\"og:type\" content=\"article\" \/>\n<meta property=\"og:title\" content=\"Genie\u00dfen Sie die subtile Eleganz des Arabica-Kaffees - Nghiep Xuan - Landwirtschaftlicher Import und Export\" \/>\n<meta property=\"og:description\" content=\"Entdecken Sie die Welt des Arabica-Kaffees, wo subtile Eleganz auf au\u00dfergew\u00f6hnlichen Geschmack trifft. Unsere sorgf\u00e4ltig ausgew\u00e4hlten Arabica-Bohnen liefern einen weichen, sanften Geschmack mit einem Hauch von S\u00fc\u00dfe. Vom klassischen schwarzen Kaffee bis zum cremigen Milchkaffee bieten wir Ihnen eine Reihe von Optionen, die Ihren Vorlieben entsprechen. Erh\u00f6hen Sie Ihr Kaffeeerlebnis mit den besten Arabica-Bohnen.\" \/>\n<meta property=\"og:url\" content=\"https:\/\/nghiepxuan.com\/de\/product\/geniese-die-subtile-eleganz-des-arabica-kaffees\/\" \/>\n<meta property=\"og:site_name\" content=\"Nghiep Xuan - Landwirtschaftlicher Import und Export\" \/>\n<meta property=\"article:publisher\" content=\"https:\/\/www.facebook.com\/nongsannghiepxuan\/\" \/>\n<meta property=\"article:modified_time\" content=\"2025-03-29T10:01:20+00:00\" \/>\n<meta property=\"og:image\" content=\"https:\/\/nghiepxuan.com\/wp-content\/uploads\/2023\/10\/pngtree-cofee-arabica-texture-corns-photo-image_1134224.jpg\" \/>\n\t<meta property=\"og:image:width\" content=\"960\" \/>\n\t<meta property=\"og:image:height\" content=\"640\" \/>\n\t<meta property=\"og:image:type\" content=\"image\/jpeg\" \/>\n<meta name=\"twitter:card\" content=\"summary_large_image\" \/>\n<meta name=\"twitter:site\" content=\"@PhuTonBui\" \/>\n<meta name=\"twitter:label1\" content=\"Gesch\u00e4tzte Lesezeit\" \/>\n\t<meta name=\"twitter:data1\" content=\"1\u00a0Minute\" \/>\n<script type=\"application\/ld+json\" class=\"yoast-schema-graph\">{\"@context\":\"https:\/\/schema.org\",\"@graph\":[{\"@type\":\"WebPage\",\"@id\":\"https:\/\/nghiepxuan.com\/de\/product\/geniese-die-subtile-eleganz-des-arabica-kaffees\/\",\"url\":\"https:\/\/nghiepxuan.com\/de\/product\/geniese-die-subtile-eleganz-des-arabica-kaffees\/\",\"name\":\"Genie\u00dfen Sie die subtile Eleganz des Arabica-Kaffees - Nghiep Xuan - Landwirtschaftlicher Import und Export\",\"isPartOf\":{\"@id\":\"https:\/\/nghiepxuan.com\/de\/#website\"},\"primaryImageOfPage\":{\"@id\":\"https:\/\/nghiepxuan.com\/de\/product\/geniese-die-subtile-eleganz-des-arabica-kaffees\/#primaryimage\"},\"image\":{\"@id\":\"https:\/\/nghiepxuan.com\/de\/product\/geniese-die-subtile-eleganz-des-arabica-kaffees\/#primaryimage\"},\"thumbnailUrl\":\"https:\/\/nghiepxuan.com\/wp-content\/uploads\/2023\/10\/pngtree-cofee-arabica-texture-corns-photo-image_1134224.jpg\",\"datePublished\":\"2023-10-23T01:36:33+00:00\",\"dateModified\":\"2025-03-29T10:01:20+00:00\",\"breadcrumb\":{\"@id\":\"https:\/\/nghiepxuan.com\/de\/product\/geniese-die-subtile-eleganz-des-arabica-kaffees\/#breadcrumb\"},\"inLanguage\":\"de\",\"potentialAction\":[{\"@type\":\"ReadAction\",\"target\":[\"https:\/\/nghiepxuan.com\/de\/product\/geniese-die-subtile-eleganz-des-arabica-kaffees\/\"]}]},{\"@type\":\"ImageObject\",\"inLanguage\":\"de\",\"@id\":\"https:\/\/nghiepxuan.com\/de\/product\/geniese-die-subtile-eleganz-des-arabica-kaffees\/#primaryimage\",\"url\":\"https:\/\/nghiepxuan.com\/wp-content\/uploads\/2023\/10\/pngtree-cofee-arabica-texture-corns-photo-image_1134224.jpg\",\"contentUrl\":\"https:\/\/nghiepxuan.com\/wp-content\/uploads\/2023\/10\/pngtree-cofee-arabica-texture-corns-photo-image_1134224.jpg\",\"width\":960,\"height\":640,\"caption\":\"Embark on a Flavorful Journey. Arabica Coffee \u2013 Where Sophistication Meets Every Sip. \u2615\ufe0f\u2728 #ArabicaElegance #CoffeePerfection\"},{\"@type\":\"BreadcrumbList\",\"@id\":\"https:\/\/nghiepxuan.com\/de\/product\/geniese-die-subtile-eleganz-des-arabica-kaffees\/#breadcrumb\",\"itemListElement\":[{\"@type\":\"ListItem\",\"position\":1,\"name\":\"Home\",\"item\":\"https:\/\/nghiepxuan.com\/de\/\"},{\"@type\":\"ListItem\",\"position\":2,\"name\":\"Gesch\u00e4ft\",\"item\":\"https:\/\/nghiepxuan.com\/de\/shop\/\"},{\"@type\":\"ListItem\",\"position\":3,\"name\":\"Genie\u00dfen Sie die subtile Eleganz des Arabica-Kaffees\"}]},{\"@type\":\"WebSite\",\"@id\":\"https:\/\/nghiepxuan.com\/de\/#website\",\"url\":\"https:\/\/nghiepxuan.com\/de\/\",\"name\":\"Nghiep Xuan - Agricultural Import and Export\",\"description\":\"Die Natur pflegen, Gesundheit ernten: Ihr Ziel f\u00fcr einen Bio-Lebensstil\",\"publisher\":{\"@id\":\"https:\/\/nghiepxuan.com\/de\/#organization\"},\"potentialAction\":[{\"@type\":\"SearchAction\",\"target\":{\"@type\":\"EntryPoint\",\"urlTemplate\":\"https:\/\/nghiepxuan.com\/de\/?s={search_term_string}\"},\"query-input\":{\"@type\":\"PropertyValueSpecification\",\"valueRequired\":true,\"valueName\":\"search_term_string\"}}],\"inLanguage\":\"de\"},{\"@type\":\"Organization\",\"@id\":\"https:\/\/nghiepxuan.com\/de\/#organization\",\"name\":\"Nghiep Xuan - Agricultural Import and Export\",\"url\":\"https:\/\/nghiepxuan.com\/de\/\",\"logo\":{\"@type\":\"ImageObject\",\"inLanguage\":\"de\",\"@id\":\"https:\/\/nghiepxuan.com\/de\/#\/schema\/logo\/image\/\",\"url\":\"https:\/\/nghiepxuan.com\/wp-content\/uploads\/2025\/04\/Nghiep-Xuan-Logo-4.png\",\"contentUrl\":\"https:\/\/nghiepxuan.com\/wp-content\/uploads\/2025\/04\/Nghiep-Xuan-Logo-4.png\",\"width\":4167,\"height\":1015,\"caption\":\"Nghiep Xuan - Agricultural Import and Export\"},\"image\":{\"@id\":\"https:\/\/nghiepxuan.com\/de\/#\/schema\/logo\/image\/\"},\"sameAs\":[\"https:\/\/www.facebook.com\/nongsannghiepxuan\/\",\"https:\/\/x.com\/PhuTonBui\",\"https:\/\/www.instagram.com\/xuatnhapkhaunghiepxuan\/\",\"https:\/\/www.youtube.com\/@nongsannghiepxuan2066\",\"https:\/\/www.tiktok.com\/@nghiepxuan\"]}]}<\/script>\n<!-- \/ Yoast SEO plugin. -->","yoast_head_json":{"title":"Genie\u00dfen Sie die subtile Eleganz des Arabica-Kaffees - Nghiep Xuan - Landwirtschaftlicher Import und Export","robots":{"index":"index","follow":"follow","max-snippet":"max-snippet:-1","max-image-preview":"max-image-preview:large","max-video-preview":"max-video-preview:-1"},"canonical":"https:\/\/nghiepxuan.com\/de\/product\/geniese-die-subtile-eleganz-des-arabica-kaffees\/","og_locale":"de_DE","og_type":"article","og_title":"Genie\u00dfen Sie die subtile Eleganz des Arabica-Kaffees - Nghiep Xuan - Landwirtschaftlicher Import und Export","og_description":"Entdecken Sie die Welt des Arabica-Kaffees, wo subtile Eleganz auf au\u00dfergew\u00f6hnlichen Geschmack trifft. Unsere sorgf\u00e4ltig ausgew\u00e4hlten Arabica-Bohnen liefern einen weichen, sanften Geschmack mit einem Hauch von S\u00fc\u00dfe. Vom klassischen schwarzen Kaffee bis zum cremigen Milchkaffee bieten wir Ihnen eine Reihe von Optionen, die Ihren Vorlieben entsprechen. Erh\u00f6hen Sie Ihr Kaffeeerlebnis mit den besten Arabica-Bohnen.","og_url":"https:\/\/nghiepxuan.com\/de\/product\/geniese-die-subtile-eleganz-des-arabica-kaffees\/","og_site_name":"Nghiep Xuan - Landwirtschaftlicher Import und Export","article_publisher":"https:\/\/www.facebook.com\/nongsannghiepxuan\/","article_modified_time":"2025-03-29T10:01:20+00:00","og_image":[{"width":960,"height":640,"url":"https:\/\/nghiepxuan.com\/wp-content\/uploads\/2023\/10\/pngtree-cofee-arabica-texture-corns-photo-image_1134224.jpg","type":"image\/jpeg"}],"twitter_card":"summary_large_image","twitter_site":"@PhuTonBui","twitter_misc":{"Gesch\u00e4tzte Lesezeit":"1\u00a0Minute"},"schema":{"@context":"https:\/\/schema.org","@graph":[{"@type":"WebPage","@id":"https:\/\/nghiepxuan.com\/de\/product\/geniese-die-subtile-eleganz-des-arabica-kaffees\/","url":"https:\/\/nghiepxuan.com\/de\/product\/geniese-die-subtile-eleganz-des-arabica-kaffees\/","name":"Genie\u00dfen Sie die subtile Eleganz des Arabica-Kaffees - Nghiep Xuan - Landwirtschaftlicher Import und Export","isPartOf":{"@id":"https:\/\/nghiepxuan.com\/de\/#website"},"primaryImageOfPage":{"@id":"https:\/\/nghiepxuan.com\/de\/product\/geniese-die-subtile-eleganz-des-arabica-kaffees\/#primaryimage"},"image":{"@id":"https:\/\/nghiepxuan.com\/de\/product\/geniese-die-subtile-eleganz-des-arabica-kaffees\/#primaryimage"},"thumbnailUrl":"https:\/\/nghiepxuan.com\/wp-content\/uploads\/2023\/10\/pngtree-cofee-arabica-texture-corns-photo-image_1134224.jpg","datePublished":"2023-10-23T01:36:33+00:00","dateModified":"2025-03-29T10:01:20+00:00","breadcrumb":{"@id":"https:\/\/nghiepxuan.com\/de\/product\/geniese-die-subtile-eleganz-des-arabica-kaffees\/#breadcrumb"},"inLanguage":"de","potentialAction":[{"@type":"ReadAction","target":["https:\/\/nghiepxuan.com\/de\/product\/geniese-die-subtile-eleganz-des-arabica-kaffees\/"]}]},{"@type":"ImageObject","inLanguage":"de","@id":"https:\/\/nghiepxuan.com\/de\/product\/geniese-die-subtile-eleganz-des-arabica-kaffees\/#primaryimage","url":"https:\/\/nghiepxuan.com\/wp-content\/uploads\/2023\/10\/pngtree-cofee-arabica-texture-corns-photo-image_1134224.jpg","contentUrl":"https:\/\/nghiepxuan.com\/wp-content\/uploads\/2023\/10\/pngtree-cofee-arabica-texture-corns-photo-image_1134224.jpg","width":960,"height":640,"caption":"Embark on a Flavorful Journey. Arabica Coffee \u2013 Where Sophistication Meets Every Sip. \u2615\ufe0f\u2728 #ArabicaElegance #CoffeePerfection"},{"@type":"BreadcrumbList","@id":"https:\/\/nghiepxuan.com\/de\/product\/geniese-die-subtile-eleganz-des-arabica-kaffees\/#breadcrumb","itemListElement":[{"@type":"ListItem","position":1,"name":"Home","item":"https:\/\/nghiepxuan.com\/de\/"},{"@type":"ListItem","position":2,"name":"Gesch\u00e4ft","item":"https:\/\/nghiepxuan.com\/de\/shop\/"},{"@type":"ListItem","position":3,"name":"Genie\u00dfen Sie die subtile Eleganz des Arabica-Kaffees"}]},{"@type":"WebSite","@id":"https:\/\/nghiepxuan.com\/de\/#website","url":"https:\/\/nghiepxuan.com\/de\/","name":"Nghiep Xuan - Agricultural Import and Export","description":"Die Natur pflegen, Gesundheit ernten: Ihr Ziel f\u00fcr einen Bio-Lebensstil","publisher":{"@id":"https:\/\/nghiepxuan.com\/de\/#organization"},"potentialAction":[{"@type":"SearchAction","target":{"@type":"EntryPoint","urlTemplate":"https:\/\/nghiepxuan.com\/de\/?s={search_term_string}"},"query-input":{"@type":"PropertyValueSpecification","valueRequired":true,"valueName":"search_term_string"}}],"inLanguage":"de"},{"@type":"Organization","@id":"https:\/\/nghiepxuan.com\/de\/#organization","name":"Nghiep Xuan - Agricultural Import and Export","url":"https:\/\/nghiepxuan.com\/de\/","logo":{"@type":"ImageObject","inLanguage":"de","@id":"https:\/\/nghiepxuan.com\/de\/#\/schema\/logo\/image\/","url":"https:\/\/nghiepxuan.com\/wp-content\/uploads\/2025\/04\/Nghiep-Xuan-Logo-4.png","contentUrl":"https:\/\/nghiepxuan.com\/wp-content\/uploads\/2025\/04\/Nghiep-Xuan-Logo-4.png","width":4167,"height":1015,"caption":"Nghiep Xuan - Agricultural Import and Export"},"image":{"@id":"https:\/\/nghiepxuan.com\/de\/#\/schema\/logo\/image\/"},"sameAs":["https:\/\/www.facebook.com\/nongsannghiepxuan\/","https:\/\/x.com\/PhuTonBui","https:\/\/www.instagram.com\/xuatnhapkhaunghiepxuan\/","https:\/\/www.youtube.com\/@nongsannghiepxuan2066","https:\/\/www.tiktok.com\/@nghiepxuan"]}]}},"_links":{"self":[{"href":"https:\/\/nghiepxuan.com\/de\/wp-json\/wp\/v2\/product\/4854","targetHints":{"allow":["GET"]}}],"collection":[{"href":"https:\/\/nghiepxuan.com\/de\/wp-json\/wp\/v2\/product"}],"about":[{"href":"https:\/\/nghiepxuan.com\/de\/wp-json\/wp\/v2\/types\/product"}],"replies":[{"embeddable":true,"href":"https:\/\/nghiepxuan.com\/de\/wp-json\/wp\/v2\/comments?post=4854"}],"version-history":[{"count":1,"href":"https:\/\/nghiepxuan.com\/de\/wp-json\/wp\/v2\/product\/4854\/revisions"}],"predecessor-version":[{"id":7043,"href":"https:\/\/nghiepxuan.com\/de\/wp-json\/wp\/v2\/product\/4854\/revisions\/7043"}],"wp:featuredmedia":[{"embeddable":true,"href":"https:\/\/nghiepxuan.com\/de\/wp-json\/wp\/v2\/media\/4539"}],"wp:attachment":[{"href":"https:\/\/nghiepxuan.com\/de\/wp-json\/wp\/v2\/media?parent=4854"}],"wp:term":[{"taxonomy":"product_brand","embeddable":true,"href":"https:\/\/nghiepxuan.com\/de\/wp-json\/wp\/v2\/product_brand?post=4854"},{"taxonomy":"product_cat","embeddable":true,"href":"https:\/\/nghiepxuan.com\/de\/wp-json\/wp\/v2\/product_cat?post=4854"},{"taxonomy":"product_tag","embeddable":true,"href":"https:\/\/nghiepxuan.com\/de\/wp-json\/wp\/v2\/product_tag?post=4854"}],"curies":[{"name":"wp","href":"https:\/\/api.w.org\/{rel}","templated":true}]}}