{"id":10191,"date":"2026-05-02T02:48:15","date_gmt":"2026-05-02T02:48:15","guid":{"rendered":"https:\/\/nghiepxuan.com\/product\/premium-gefrorene-blanchierte-erdnuesse-exportqualitaet-nghiep-xuan-vietnam\/"},"modified":"2026-05-02T02:48:42","modified_gmt":"2026-05-02T02:48:42","slug":"premium-gefrorene-blanchierte-erdnuesse-exportqualitaet-nghiep-xuan-vietnam","status":"publish","type":"product","link":"https:\/\/nghiepxuan.com\/de\/product\/premium-gefrorene-blanchierte-erdnuesse-exportqualitaet-nghiep-xuan-vietnam\/","title":{"rendered":"Premium gefrorene blanchierte Erdn\u00fcsse | Exportqualit\u00e4t | Nghiep Xuan Vietnam"},"content":{"rendered":"<h3 data-section-id=\"17pkmcc\" data-start=\"393\" data-end=\"434\"><span role=\"text\"><strong data-start=\"397\" data-end=\"434\">\u00dcbersicht<\/strong><\/span><\/h3>\n<p data-start=\"435\" data-end=\"672\">Nghiep Xuan liefert <strong data-start=\"456\" data-end=\"502\">gefrorene blanchierte Premium-Erdn\u00fcsse<\/strong>, die sorgf\u00e4ltig ausgew\u00e4hlt und verarbeitet werden, um die \u00e4u\u00dfere Schale zu entfernen und ein <strong data-start=\"576\" data-end=\"620\">sauberes, einheitliches und gebrauchsfertiges Produkt<\/strong> f\u00fcr Lebensmittelhersteller und industrielle Anwendungen zu liefern.<\/p>\n<p data-start=\"674\" data-end=\"849\">Das Blanchieren verbessert sowohl das <strong data-start=\"698\" data-end=\"738\">Aussehen als auch die Verarbeitungseffizienz<\/strong>, w\u00e4hrend das Einfrieren dazu beitr\u00e4gt, die <strong data-start=\"770\" data-end=\"822\">Frische, den nat\u00fcrlichen Geschmack und die Produktstabilit\u00e4t<\/strong> w\u00e4hrend der Lagerung und des Exports zu erhalten.<\/p>\n<p data-start=\"851\" data-end=\"990\">Unsere gefrorenen blanchierten Erdn\u00fcsse sind ideal f\u00fcr Partner, die eine <strong data-start=\"910\" data-end=\"989\">gleichbleibende Qualit\u00e4t, eine k\u00fcrzere Verarbeitungszeit und einen optimierten Produktionsertrag<\/strong> anstreben.<\/p>\n<hr data-start=\"992\" data-end=\"995\">\n<h3 data-section-id=\"kjjhmc\" data-start=\"997\" data-end=\"1020\"><span role=\"text\"><strong data-start=\"1001\" data-end=\"1020\">\ud83e\udd5c Hauptmerkmale<\/strong><\/span><\/h3>\n<ul data-start=\"1021\" data-end=\"1408\">\n<li data-section-id=\"1mo2nde\" data-start=\"1021\" data-end=\"1082\"><strong data-start=\"1023\" data-end=\"1054\">Hautlos &amp; sauberes Aussehen<\/strong> &#8211; Gleichm\u00e4\u00dfige, helle Kerne<\/li>\n<li data-section-id=\"1lxe30t\" data-start=\"1083\" data-end=\"1144\"><strong data-start=\"1085\" data-end=\"1101\">Gebrauchsfertig<\/strong> &#8211; Kein Sch\u00e4len erforderlich, spart Arbeitskosten<\/li>\n<li data-section-id=\"5pesk3\" data-start=\"1145\" data-end=\"1215\"><strong data-start=\"1147\" data-end=\"1176\">Konsistente Gr\u00f6\u00dfe und Qualit\u00e4t<\/strong> &#8211; Geeignet f\u00fcr die industrielle Verarbeitung<\/li>\n<li data-section-id=\"o0mzv6\" data-start=\"1216\" data-end=\"1279\"><strong data-start=\"1218\" data-end=\"1246\">Nat\u00fcrlicher Geschmackserhalt<\/strong> &#8211; Bewahrt den frischen Erdnussgeschmack<\/li>\n<li data-section-id=\"1vi7qs6\" data-start=\"1280\" data-end=\"1349\"><strong data-start=\"1282\" data-end=\"1305\">Hygienische Verarbeitung<\/strong> &#8211; Produziert unter strengen Qualit\u00e4tsstandards<\/li>\n<li data-section-id=\"p933m\" data-start=\"1350\" data-end=\"1408\"><strong data-start=\"1352\" data-end=\"1369\">Stabiles Angebot<\/strong> &#8211; Skalierbares Volumen f\u00fcr Exportm\u00e4rkte<\/li>\n<\/ul>\n<hr data-start=\"1410\" data-end=\"1413\">\n<h3 data-section-id=\"f701lt\" data-start=\"1415\" data-end=\"1439\"><span role=\"text\"><strong data-start=\"1419\" data-end=\"1439\">\ud83c\udf7d\ufe0f Anwendungen<\/strong><\/span><\/h3>\n<p data-start=\"1440\" data-end=\"1480\">\u00c4u\u00dferst vielseitig in der Lebensmittelindustrie:<\/p>\n<ul data-start=\"1481\" data-end=\"1699\">\n<li data-section-id=\"vdtyze\" data-start=\"1481\" data-end=\"1510\">Erdnussbutter und Brotaufstriche<\/li>\n<li data-section-id=\"15pmls0\" data-start=\"1511\" data-end=\"1557\">S\u00fc\u00dfwaren (Schokolade, Bonbons, F\u00fcllungen)<\/li>\n<li data-section-id=\"gwfu9f\" data-start=\"1558\" data-end=\"1590\">Saucen (Satay, Erdnusssauce)<\/li>\n<li data-section-id=\"xwnv3x\" data-start=\"1591\" data-end=\"1629\">Snacks und ger\u00f6stete Erdnussprodukte<\/li>\n<li data-section-id=\"v5tswq\" data-start=\"1630\" data-end=\"1662\">B\u00e4ckerei und Getreideproduktion<\/li>\n<li data-section-id=\"vhpz6g\" data-start=\"1663\" data-end=\"1699\">Verzehrfertige und verarbeitete Lebensmittel<\/li>\n<\/ul>\n<hr data-start=\"1701\" data-end=\"1704\">\n<h3 data-section-id=\"grum48\" data-start=\"1706\" data-end=\"1739\"><span role=\"text\"><strong data-start=\"1710\" data-end=\"1739\">\ud83d\udce6 Produktspezifikationen<\/strong><\/span><\/h3>\n<ul data-start=\"1740\" data-end=\"2143\">\n<li data-section-id=\"1fmbs8v\" data-start=\"1740\" data-end=\"1796\"><strong data-start=\"1742\" data-end=\"1759\">Produkttyp:<\/strong> Gefrorene blanchierte Erdn\u00fcsse<\/li>\n<li data-section-id=\"1fnhoqm\" data-start=\"1797\" data-end=\"1834\"><strong data-start=\"1799\" data-end=\"1814\">Verarbeitung:<\/strong> Blanchiert &amp; gefroren<\/li>\n<li data-section-id=\"895jai\" data-start=\"1835\" data-end=\"1858\"><strong data-start=\"1837\" data-end=\"1848\">Herkunft:<\/strong> Vietnam<\/li>\n<li data-section-id=\"5d1acd\" data-start=\"1859\" data-end=\"1900\"><strong data-start=\"1861\" data-end=\"1876\">Lagerf\u00e4higkeit:<\/strong> 18-24 Monate bei -18\u00b0C<\/li>\n<li data-section-id=\"hpqp2v\" data-start=\"1901\" data-end=\"1952\"><strong data-start=\"1903\" data-end=\"1917\">Verpackung:<\/strong> Gro\u00dfpackung \/ Einzelhandel \/ OEM anpassbar<\/li>\n<li data-section-id=\"1ia0xg\" data-start=\"1953\" data-end=\"2018\"><strong data-start=\"1955\" data-end=\"1971\">Gr\u00f6\u00dfenabstufungen:<\/strong> Auf Anfrage erh\u00e4ltlich (z.B. 38\/42, 40\/50&#8230;)<\/li>\n<li data-section-id=\"1u7ft2w\" data-start=\"2019\" data-end=\"2077\"><strong data-start=\"2021\" data-end=\"2040\">Feuchtigkeitsgehalt:<\/strong> Kontrolliert f\u00fcr gleichbleibende Qualit\u00e4t<\/li>\n<li data-section-id=\"1cmy0zo\" data-start=\"2078\" data-end=\"2143\"><strong data-start=\"2080\" data-end=\"2099\">Zertifizierungen:<\/strong> Auf Anfrage erh\u00e4ltlich (ISO, HACCP, etc.)<\/li>\n<\/ul>\n<hr data-start=\"2145\" data-end=\"2148\">\n<h3 data-section-id=\"1a272qi\" data-start=\"2150\" data-end=\"2184\"><span role=\"text\"><strong data-start=\"2154\" data-end=\"2184\">\ud83d\ude9a Warum Nghiep Xuan w\u00e4hlen?<\/strong><\/span><\/h3>\n<ul data-start=\"2185\" data-end=\"2462\">\n<li data-section-id=\"7ympw0\" data-start=\"2185\" data-end=\"2251\">Zuverl\u00e4ssiger Exporteur von <strong data-start=\"2208\" data-end=\"2249\">vietnamesischen Agrarrohstoffen<\/strong><\/li>\n<li data-section-id=\"iosfkk\" data-start=\"2252\" data-end=\"2305\">Strenge <strong data-start=\"2261\" data-end=\"2303\">Qualit\u00e4tskontrolle und Verarbeitungsstandards<\/strong><\/li>\n<li data-section-id=\"15ieb6r\" data-start=\"2306\" data-end=\"2374\">Fokus auf die <strong data-start=\"2317\" data-end=\"2372\">Anforderungen industrieller K\u00e4ufer (Konsistenz und Ertrag)<\/strong><\/li>\n<li data-section-id=\"1xans75\" data-start=\"2375\" data-end=\"2419\">Flexible <strong data-start=\"2386\" data-end=\"2417\">OEM\/Private Label-Verpackungen<\/strong><\/li>\n<li data-section-id=\"mszzm1\" data-start=\"2420\" data-end=\"2462\">Langfristiger <strong data-start=\"2432\" data-end=\"2460\">B2B-Partnerschaftsansatz<\/strong><\/li>\n<\/ul>\n<hr data-start=\"2464\" data-end=\"2467\">\n<h3 data-section-id=\"sirax1\" data-start=\"2469\" data-end=\"2491\"><span role=\"text\"><strong data-start=\"2473\" data-end=\"2491\">\ud83d\udce9 Anfrage CTA<\/strong><\/span><\/h3>\n<p data-start=\"2492\" data-end=\"2635\">Suchen Sie einen zuverl\u00e4ssigen Lieferanten f\u00fcr gefrorene blanchierte Erdn\u00fcsse?<br data-start=\"2551\" data-end=\"2554\">\ud83d\udc49 Kontaktieren Sie Nghiep Xuan noch heute f\u00fcr <strong data-start=\"2587\" data-end=\"2634\">Preise, Muster und eine langfristige Zusammenarbeit<\/strong>.<\/p>\n<div class=\"woocommerce-tabs-full tabs-v1 woocommerce-tabs\">\n<div class=\"tab-content\">\n<div id=\"tab-description\" class=\"tab-full\">\n<p data-start=\"2480\" data-end=\"2633\">E-Mail: info@nghiepxuan.com || WhatsApp\/Viber\/Zalo\/Wechat\/Hotline: +84939 345 598<\/p>\n<\/div>\n<\/div>\n<\/div>\n<div class=\"related products widget \"><\/div>\n","protected":false},"excerpt":{"rendered":"<p>Hochwertige Erdn\u00fcsse ohne Haut f\u00fcr Erdnussbutter, Snacks und So\u00dfen. Gleichbleibende Gr\u00f6\u00dfe, stabile Versorgung, wettbewerbsf\u00e4hige Preise. Fordern Sie noch heute ein Angebot an.  <\/p>\n","protected":false},"featured_media":10159,"comment_status":"open","ping_status":"closed","template":"","meta":{"content-type":""},"product_brand":[],"product_cat":[420],"product_tag":[1252,1251,1171,1148],"class_list":{"0":"post-10191","1":"product","2":"type-product","3":"status-publish","4":"has-post-thumbnail","6":"product_cat-frozen-de","7":"product_tag-blanchierte-erdnusse","8":"product_tag-gefrorene-erdnusse","9":"product_tag-gefrorenes-obst","10":"product_tag-vietnam-export","12":"first","13":"instock","14":"shipping-taxable","15":"product-type-simple"},"yoast_head":"<!-- This site is optimized with the Yoast SEO plugin v26.9 - https:\/\/yoast.com\/product\/yoast-seo-wordpress\/ -->\n<title>Premium gefrorene blanchierte Erdn\u00fcsse | Exportqualit\u00e4t | Nghiep Xuan Vietnam - Nghiep Xuan - Landwirtschaftlicher Import und Export<\/title>\n<meta name=\"description\" content=\"Hochwertige gefrorene blanchierte Erdn\u00fcsse (ohne Haut) aus Vietnam. Saubere, einheitliche, lose Lieferung &amp; OEM-Verpackung. Ideal f\u00fcr die Lebensmittelverarbeitung. Kontaktieren Sie jetzt.\" \/>\n<meta name=\"robots\" content=\"index, follow, max-snippet:-1, max-image-preview:large, max-video-preview:-1\" \/>\n<link rel=\"canonical\" href=\"https:\/\/nghiepxuan.com\/de\/product\/premium-gefrorene-blanchierte-erdnuesse-exportqualitaet-nghiep-xuan-vietnam\/\" \/>\n<meta property=\"og:locale\" content=\"de_DE\" \/>\n<meta property=\"og:type\" content=\"article\" \/>\n<meta property=\"og:title\" content=\"Premium gefrorene blanchierte Erdn\u00fcsse | Exportqualit\u00e4t | Nghiep Xuan Vietnam - Nghiep Xuan - Landwirtschaftlicher Import und Export\" \/>\n<meta property=\"og:description\" content=\"Hochwertige gefrorene blanchierte Erdn\u00fcsse (ohne Haut) aus Vietnam. Saubere, einheitliche, lose Lieferung &amp; OEM-Verpackung. Ideal f\u00fcr die Lebensmittelverarbeitung. Kontaktieren Sie jetzt.\" \/>\n<meta property=\"og:url\" content=\"https:\/\/nghiepxuan.com\/de\/product\/premium-gefrorene-blanchierte-erdnuesse-exportqualitaet-nghiep-xuan-vietnam\/\" \/>\n<meta property=\"og:site_name\" content=\"Nghiep Xuan - Landwirtschaftlicher Import und Export\" \/>\n<meta property=\"article:publisher\" content=\"https:\/\/www.facebook.com\/nongsannghiepxuan\/\" \/>\n<meta property=\"article:modified_time\" content=\"2026-05-02T02:48:42+00:00\" \/>\n<meta property=\"og:image\" content=\"https:\/\/nghiepxuan.com\/wp-content\/uploads\/2026\/05\/IMG_9374.jpg\" \/>\n\t<meta property=\"og:image:width\" content=\"1858\" \/>\n\t<meta property=\"og:image:height\" content=\"2087\" \/>\n\t<meta property=\"og:image:type\" content=\"image\/jpeg\" \/>\n<meta name=\"twitter:card\" content=\"summary_large_image\" \/>\n<meta name=\"twitter:site\" content=\"@PhuTonBui\" \/>\n<meta name=\"twitter:label1\" content=\"Gesch\u00e4tzte Lesezeit\" \/>\n\t<meta name=\"twitter:data1\" content=\"2\u00a0Minuten\" \/>\n<script type=\"application\/ld+json\" class=\"yoast-schema-graph\">{\"@context\":\"https:\/\/schema.org\",\"@graph\":[{\"@type\":\"WebPage\",\"@id\":\"https:\/\/nghiepxuan.com\/de\/product\/premium-gefrorene-blanchierte-erdnuesse-exportqualitaet-nghiep-xuan-vietnam\/\",\"url\":\"https:\/\/nghiepxuan.com\/de\/product\/premium-gefrorene-blanchierte-erdnuesse-exportqualitaet-nghiep-xuan-vietnam\/\",\"name\":\"Premium gefrorene blanchierte Erdn\u00fcsse | Exportqualit\u00e4t | Nghiep Xuan Vietnam - Nghiep Xuan - Landwirtschaftlicher Import und Export\",\"isPartOf\":{\"@id\":\"https:\/\/nghiepxuan.com\/de\/#website\"},\"primaryImageOfPage\":{\"@id\":\"https:\/\/nghiepxuan.com\/de\/product\/premium-gefrorene-blanchierte-erdnuesse-exportqualitaet-nghiep-xuan-vietnam\/#primaryimage\"},\"image\":{\"@id\":\"https:\/\/nghiepxuan.com\/de\/product\/premium-gefrorene-blanchierte-erdnuesse-exportqualitaet-nghiep-xuan-vietnam\/#primaryimage\"},\"thumbnailUrl\":\"https:\/\/nghiepxuan.com\/wp-content\/uploads\/2026\/05\/IMG_9374.jpg\",\"datePublished\":\"2026-05-02T02:48:15+00:00\",\"dateModified\":\"2026-05-02T02:48:42+00:00\",\"description\":\"Hochwertige gefrorene blanchierte Erdn\u00fcsse (ohne Haut) aus Vietnam. Saubere, einheitliche, lose Lieferung & OEM-Verpackung. Ideal f\u00fcr die Lebensmittelverarbeitung. Kontaktieren Sie jetzt.\",\"breadcrumb\":{\"@id\":\"https:\/\/nghiepxuan.com\/de\/product\/premium-gefrorene-blanchierte-erdnuesse-exportqualitaet-nghiep-xuan-vietnam\/#breadcrumb\"},\"inLanguage\":\"de\",\"potentialAction\":[{\"@type\":\"ReadAction\",\"target\":[\"https:\/\/nghiepxuan.com\/de\/product\/premium-gefrorene-blanchierte-erdnuesse-exportqualitaet-nghiep-xuan-vietnam\/\"]}]},{\"@type\":\"ImageObject\",\"inLanguage\":\"de\",\"@id\":\"https:\/\/nghiepxuan.com\/de\/product\/premium-gefrorene-blanchierte-erdnuesse-exportqualitaet-nghiep-xuan-vietnam\/#primaryimage\",\"url\":\"https:\/\/nghiepxuan.com\/wp-content\/uploads\/2026\/05\/IMG_9374.jpg\",\"contentUrl\":\"https:\/\/nghiepxuan.com\/wp-content\/uploads\/2026\/05\/IMG_9374.jpg\",\"width\":1858,\"height\":2087,\"caption\":\"Frozen Blanched Peanuts\"},{\"@type\":\"BreadcrumbList\",\"@id\":\"https:\/\/nghiepxuan.com\/de\/product\/premium-gefrorene-blanchierte-erdnuesse-exportqualitaet-nghiep-xuan-vietnam\/#breadcrumb\",\"itemListElement\":[{\"@type\":\"ListItem\",\"position\":1,\"name\":\"Home\",\"item\":\"https:\/\/nghiepxuan.com\/de\/\"},{\"@type\":\"ListItem\",\"position\":2,\"name\":\"Gesch\u00e4ft\",\"item\":\"https:\/\/nghiepxuan.com\/de\/shop\/\"},{\"@type\":\"ListItem\",\"position\":3,\"name\":\"Premium gefrorene blanchierte Erdn\u00fcsse | Exportqualit\u00e4t | Nghiep Xuan Vietnam\"}]},{\"@type\":\"WebSite\",\"@id\":\"https:\/\/nghiepxuan.com\/de\/#website\",\"url\":\"https:\/\/nghiepxuan.com\/de\/\",\"name\":\"Nghiep Xuan - Agricultural Import and Export\",\"description\":\"Die Natur pflegen, Gesundheit ernten: Ihr Ziel f\u00fcr einen Bio-Lebensstil\",\"publisher\":{\"@id\":\"https:\/\/nghiepxuan.com\/de\/#organization\"},\"potentialAction\":[{\"@type\":\"SearchAction\",\"target\":{\"@type\":\"EntryPoint\",\"urlTemplate\":\"https:\/\/nghiepxuan.com\/de\/?s={search_term_string}\"},\"query-input\":{\"@type\":\"PropertyValueSpecification\",\"valueRequired\":true,\"valueName\":\"search_term_string\"}}],\"inLanguage\":\"de\"},{\"@type\":\"Organization\",\"@id\":\"https:\/\/nghiepxuan.com\/de\/#organization\",\"name\":\"Nghiep Xuan - Agricultural Import and Export\",\"url\":\"https:\/\/nghiepxuan.com\/de\/\",\"logo\":{\"@type\":\"ImageObject\",\"inLanguage\":\"de\",\"@id\":\"https:\/\/nghiepxuan.com\/de\/#\/schema\/logo\/image\/\",\"url\":\"https:\/\/nghiepxuan.com\/wp-content\/uploads\/2025\/04\/Nghiep-Xuan-Logo-4.png\",\"contentUrl\":\"https:\/\/nghiepxuan.com\/wp-content\/uploads\/2025\/04\/Nghiep-Xuan-Logo-4.png\",\"width\":4167,\"height\":1015,\"caption\":\"Nghiep Xuan - Agricultural Import and Export\"},\"image\":{\"@id\":\"https:\/\/nghiepxuan.com\/de\/#\/schema\/logo\/image\/\"},\"sameAs\":[\"https:\/\/www.facebook.com\/nongsannghiepxuan\/\",\"https:\/\/x.com\/PhuTonBui\",\"https:\/\/www.instagram.com\/xuatnhapkhaunghiepxuan\/\",\"https:\/\/www.youtube.com\/@nongsannghiepxuan2066\",\"https:\/\/www.tiktok.com\/@nghiepxuan\"]}]}<\/script>\n<!-- \/ Yoast SEO plugin. -->","yoast_head_json":{"title":"Premium gefrorene blanchierte Erdn\u00fcsse | Exportqualit\u00e4t | Nghiep Xuan Vietnam - Nghiep Xuan - Landwirtschaftlicher Import und Export","description":"Hochwertige gefrorene blanchierte Erdn\u00fcsse (ohne Haut) aus Vietnam. Saubere, einheitliche, lose Lieferung & OEM-Verpackung. Ideal f\u00fcr die Lebensmittelverarbeitung. Kontaktieren Sie jetzt.","robots":{"index":"index","follow":"follow","max-snippet":"max-snippet:-1","max-image-preview":"max-image-preview:large","max-video-preview":"max-video-preview:-1"},"canonical":"https:\/\/nghiepxuan.com\/de\/product\/premium-gefrorene-blanchierte-erdnuesse-exportqualitaet-nghiep-xuan-vietnam\/","og_locale":"de_DE","og_type":"article","og_title":"Premium gefrorene blanchierte Erdn\u00fcsse | Exportqualit\u00e4t | Nghiep Xuan Vietnam - Nghiep Xuan - Landwirtschaftlicher Import und Export","og_description":"Hochwertige gefrorene blanchierte Erdn\u00fcsse (ohne Haut) aus Vietnam. Saubere, einheitliche, lose Lieferung & OEM-Verpackung. Ideal f\u00fcr die Lebensmittelverarbeitung. Kontaktieren Sie jetzt.","og_url":"https:\/\/nghiepxuan.com\/de\/product\/premium-gefrorene-blanchierte-erdnuesse-exportqualitaet-nghiep-xuan-vietnam\/","og_site_name":"Nghiep Xuan - Landwirtschaftlicher Import und Export","article_publisher":"https:\/\/www.facebook.com\/nongsannghiepxuan\/","article_modified_time":"2026-05-02T02:48:42+00:00","og_image":[{"width":1858,"height":2087,"url":"https:\/\/nghiepxuan.com\/wp-content\/uploads\/2026\/05\/IMG_9374.jpg","type":"image\/jpeg"}],"twitter_card":"summary_large_image","twitter_site":"@PhuTonBui","twitter_misc":{"Gesch\u00e4tzte Lesezeit":"2\u00a0Minuten"},"schema":{"@context":"https:\/\/schema.org","@graph":[{"@type":"WebPage","@id":"https:\/\/nghiepxuan.com\/de\/product\/premium-gefrorene-blanchierte-erdnuesse-exportqualitaet-nghiep-xuan-vietnam\/","url":"https:\/\/nghiepxuan.com\/de\/product\/premium-gefrorene-blanchierte-erdnuesse-exportqualitaet-nghiep-xuan-vietnam\/","name":"Premium gefrorene blanchierte Erdn\u00fcsse | Exportqualit\u00e4t | Nghiep Xuan Vietnam - Nghiep Xuan - Landwirtschaftlicher Import und Export","isPartOf":{"@id":"https:\/\/nghiepxuan.com\/de\/#website"},"primaryImageOfPage":{"@id":"https:\/\/nghiepxuan.com\/de\/product\/premium-gefrorene-blanchierte-erdnuesse-exportqualitaet-nghiep-xuan-vietnam\/#primaryimage"},"image":{"@id":"https:\/\/nghiepxuan.com\/de\/product\/premium-gefrorene-blanchierte-erdnuesse-exportqualitaet-nghiep-xuan-vietnam\/#primaryimage"},"thumbnailUrl":"https:\/\/nghiepxuan.com\/wp-content\/uploads\/2026\/05\/IMG_9374.jpg","datePublished":"2026-05-02T02:48:15+00:00","dateModified":"2026-05-02T02:48:42+00:00","description":"Hochwertige gefrorene blanchierte Erdn\u00fcsse (ohne Haut) aus Vietnam. Saubere, einheitliche, lose Lieferung & OEM-Verpackung. Ideal f\u00fcr die Lebensmittelverarbeitung. Kontaktieren Sie jetzt.","breadcrumb":{"@id":"https:\/\/nghiepxuan.com\/de\/product\/premium-gefrorene-blanchierte-erdnuesse-exportqualitaet-nghiep-xuan-vietnam\/#breadcrumb"},"inLanguage":"de","potentialAction":[{"@type":"ReadAction","target":["https:\/\/nghiepxuan.com\/de\/product\/premium-gefrorene-blanchierte-erdnuesse-exportqualitaet-nghiep-xuan-vietnam\/"]}]},{"@type":"ImageObject","inLanguage":"de","@id":"https:\/\/nghiepxuan.com\/de\/product\/premium-gefrorene-blanchierte-erdnuesse-exportqualitaet-nghiep-xuan-vietnam\/#primaryimage","url":"https:\/\/nghiepxuan.com\/wp-content\/uploads\/2026\/05\/IMG_9374.jpg","contentUrl":"https:\/\/nghiepxuan.com\/wp-content\/uploads\/2026\/05\/IMG_9374.jpg","width":1858,"height":2087,"caption":"Frozen Blanched Peanuts"},{"@type":"BreadcrumbList","@id":"https:\/\/nghiepxuan.com\/de\/product\/premium-gefrorene-blanchierte-erdnuesse-exportqualitaet-nghiep-xuan-vietnam\/#breadcrumb","itemListElement":[{"@type":"ListItem","position":1,"name":"Home","item":"https:\/\/nghiepxuan.com\/de\/"},{"@type":"ListItem","position":2,"name":"Gesch\u00e4ft","item":"https:\/\/nghiepxuan.com\/de\/shop\/"},{"@type":"ListItem","position":3,"name":"Premium gefrorene blanchierte Erdn\u00fcsse | Exportqualit\u00e4t | Nghiep Xuan Vietnam"}]},{"@type":"WebSite","@id":"https:\/\/nghiepxuan.com\/de\/#website","url":"https:\/\/nghiepxuan.com\/de\/","name":"Nghiep Xuan - Agricultural Import and Export","description":"Die Natur pflegen, Gesundheit ernten: Ihr Ziel f\u00fcr einen Bio-Lebensstil","publisher":{"@id":"https:\/\/nghiepxuan.com\/de\/#organization"},"potentialAction":[{"@type":"SearchAction","target":{"@type":"EntryPoint","urlTemplate":"https:\/\/nghiepxuan.com\/de\/?s={search_term_string}"},"query-input":{"@type":"PropertyValueSpecification","valueRequired":true,"valueName":"search_term_string"}}],"inLanguage":"de"},{"@type":"Organization","@id":"https:\/\/nghiepxuan.com\/de\/#organization","name":"Nghiep Xuan - Agricultural Import and Export","url":"https:\/\/nghiepxuan.com\/de\/","logo":{"@type":"ImageObject","inLanguage":"de","@id":"https:\/\/nghiepxuan.com\/de\/#\/schema\/logo\/image\/","url":"https:\/\/nghiepxuan.com\/wp-content\/uploads\/2025\/04\/Nghiep-Xuan-Logo-4.png","contentUrl":"https:\/\/nghiepxuan.com\/wp-content\/uploads\/2025\/04\/Nghiep-Xuan-Logo-4.png","width":4167,"height":1015,"caption":"Nghiep Xuan - Agricultural Import and Export"},"image":{"@id":"https:\/\/nghiepxuan.com\/de\/#\/schema\/logo\/image\/"},"sameAs":["https:\/\/www.facebook.com\/nongsannghiepxuan\/","https:\/\/x.com\/PhuTonBui","https:\/\/www.instagram.com\/xuatnhapkhaunghiepxuan\/","https:\/\/www.youtube.com\/@nongsannghiepxuan2066","https:\/\/www.tiktok.com\/@nghiepxuan"]}]}},"_links":{"self":[{"href":"https:\/\/nghiepxuan.com\/de\/wp-json\/wp\/v2\/product\/10191","targetHints":{"allow":["GET"]}}],"collection":[{"href":"https:\/\/nghiepxuan.com\/de\/wp-json\/wp\/v2\/product"}],"about":[{"href":"https:\/\/nghiepxuan.com\/de\/wp-json\/wp\/v2\/types\/product"}],"replies":[{"embeddable":true,"href":"https:\/\/nghiepxuan.com\/de\/wp-json\/wp\/v2\/comments?post=10191"}],"version-history":[{"count":1,"href":"https:\/\/nghiepxuan.com\/de\/wp-json\/wp\/v2\/product\/10191\/revisions"}],"predecessor-version":[{"id":10194,"href":"https:\/\/nghiepxuan.com\/de\/wp-json\/wp\/v2\/product\/10191\/revisions\/10194"}],"wp:featuredmedia":[{"embeddable":true,"href":"https:\/\/nghiepxuan.com\/de\/wp-json\/wp\/v2\/media\/10159"}],"wp:attachment":[{"href":"https:\/\/nghiepxuan.com\/de\/wp-json\/wp\/v2\/media?parent=10191"}],"wp:term":[{"taxonomy":"product_brand","embeddable":true,"href":"https:\/\/nghiepxuan.com\/de\/wp-json\/wp\/v2\/product_brand?post=10191"},{"taxonomy":"product_cat","embeddable":true,"href":"https:\/\/nghiepxuan.com\/de\/wp-json\/wp\/v2\/product_cat?post=10191"},{"taxonomy":"product_tag","embeddable":true,"href":"https:\/\/nghiepxuan.com\/de\/wp-json\/wp\/v2\/product_tag?post=10191"}],"curies":[{"name":"wp","href":"https:\/\/api.w.org\/{rel}","templated":true}]}}