{"id":10150,"date":"2026-04-30T08:18:47","date_gmt":"2026-04-30T08:18:47","guid":{"rendered":"https:\/\/nghiepxuan.com\/product\/premium-gefrorenes-monthong-durian-fruchtfleisch-ohne-kerne-nghiep-xuan-vietnam\/"},"modified":"2026-04-30T08:18:47","modified_gmt":"2026-04-30T08:18:47","slug":"premium-gefrorenes-monthong-durian-fruchtfleisch-ohne-kerne-nghiep-xuan-vietnam","status":"publish","type":"product","link":"https:\/\/nghiepxuan.com\/de\/product\/premium-gefrorenes-monthong-durian-fruchtfleisch-ohne-kerne-nghiep-xuan-vietnam\/","title":{"rendered":"Premium gefrorenes Monthong Durian Fruchtfleisch (ohne Kerne) | Nghiep Xuan Vietnam"},"content":{"rendered":"<h3 data-section-id=\"14ygs49\" data-start=\"356\" data-end=\"402\"><span role=\"text\"><strong data-start=\"360\" data-end=\"402\">\u00dcbersicht<\/strong><\/span><\/h3>\n<p data-start=\"403\" data-end=\"610\">Nghiep Xuan ist stolz darauf, <strong data-start=\"432\" data-end=\"482\">Premium gefrorenes Monthong Durian Fruchtfleisch (ohne Kerne<\/strong>) anbieten zu k\u00f6nnen, das aus sorgf\u00e4ltig ausgew\u00e4hlten Monthong Durians verarbeitet wird, um <strong data-start=\"546\" data-end=\"609\">eine maximale essbare Ausbeute, eine weiche Textur und einen gleichm\u00e4\u00dfigen Geschmack<\/strong> zu gew\u00e4hrleisten.<\/p>\n<p data-start=\"612\" data-end=\"828\">Durch die Entfernung des Samens ist unser Produkt gebrauchsfertig und hilft Lebensmittelherstellern, Dessertketten und Importeuren,<strong data-start=\"747\" data-end=\"827\">die Verarbeitungseffizienz zu verbessern, Abfall zu reduzieren und die Produktkonsistenz zu gew\u00e4hrleisten<\/strong>.<\/p>\n<p data-start=\"830\" data-end=\"1053\">Unser Durianfruchtfleisch wird unter strenger Qualit\u00e4tskontrolle verarbeitet und mit Hilfe fortschrittlicher Technologie tiefgefroren. Dadurch beh\u00e4lt es seine <strong data-start=\"937\" data-end=\"995\">nat\u00fcrliche S\u00fc\u00dfe, seine cremige Textur und sein charakteristisches Aroma<\/strong> und eignet sich daher ideal f\u00fcr industrielle Gro\u00dfanwendungen.<\/p>\n<hr data-start=\"1055\" data-end=\"1058\">\n<h3 data-section-id=\"i3u59h\" data-start=\"1060\" data-end=\"1083\"><span role=\"text\"><strong data-start=\"1064\" data-end=\"1083\">\ud83e\udd6d Hauptmerkmale<\/strong><\/span><\/h3>\n<ul data-start=\"1084\" data-end=\"1453\">\n<li data-section-id=\"54n6lg\" data-start=\"1084\" data-end=\"1157\"><strong data-start=\"1086\" data-end=\"1118\">Samenlos &#8211; 100% essbare Ausbeute<\/strong> (kein Abfall, keine zus\u00e4tzliche Verarbeitung)<\/li>\n<li data-section-id=\"y4qglh\" data-start=\"1158\" data-end=\"1226\"><strong data-start=\"1160\" data-end=\"1187\">Glatte &amp; cremige Textur<\/strong> &#8211; Perfekt f\u00fcr Desserts und Getr\u00e4nke<\/li>\n<li data-section-id=\"lfye6e\" data-start=\"1227\" data-end=\"1294\"><strong data-start=\"1229\" data-end=\"1258\">Konsistentes Geschmacksprofil<\/strong> &#8211; Standardisiert f\u00fcr den industriellen Einsatz<\/li>\n<li data-section-id=\"1ar4mz6\" data-start=\"1295\" data-end=\"1358\"><strong data-start=\"1297\" data-end=\"1324\">IQF \/ Gefrierverarbeitung<\/strong> &#8211; Bewahrt Frische und Aroma<\/li>\n<li data-section-id=\"1qcypjf\" data-start=\"1359\" data-end=\"1396\"><strong data-start=\"1361\" data-end=\"1394\">Hoher Brix und nat\u00fcrliche S\u00fc\u00dfe<\/strong><\/li>\n<li data-section-id=\"14fza4l\" data-start=\"1397\" data-end=\"1453\"><strong data-start=\"1399\" data-end=\"1425\">Strenge Qualit\u00e4tskontrolle<\/strong> &#8211; Produktion in Exportqualit\u00e4t<\/li>\n<\/ul>\n<hr data-start=\"1455\" data-end=\"1458\">\n<h3 data-section-id=\"f701lt\" data-start=\"1460\" data-end=\"1484\"><span role=\"text\"><strong data-start=\"1464\" data-end=\"1484\">\ud83c\udf7d\ufe0f Anwendungen<\/strong><\/span><\/h3>\n<p data-start=\"1485\" data-end=\"1534\">Entwickelt f\u00fcr hohe Leistung in der Lebensmittelproduktion:<\/p>\n<ul data-start=\"1535\" data-end=\"1755\">\n<li data-section-id=\"1660tlo\" data-start=\"1535\" data-end=\"1582\">Durian-Kuchen, Geb\u00e4ck und Backwaren<\/li>\n<li data-section-id=\"7d536j\" data-start=\"1583\" data-end=\"1625\">Eiscreme, Gelato und gefrorene Desserts<\/li>\n<li data-section-id=\"ifk4km\" data-start=\"1626\" data-end=\"1666\">Bubble Tea, Smoothies und Getr\u00e4nke<\/li>\n<li data-section-id=\"111bef3\" data-start=\"1667\" data-end=\"1705\">Durian-P\u00fcree, F\u00fcllungen und Saucen<\/li>\n<li data-section-id=\"1fp66wb\" data-start=\"1706\" data-end=\"1755\">Herstellung verzehrfertiger und verarbeiteter Lebensmittel<\/li>\n<\/ul>\n<hr data-start=\"1757\" data-end=\"1760\">\n<h3 data-section-id=\"grum48\" data-start=\"1762\" data-end=\"1795\"><span role=\"text\"><strong data-start=\"1766\" data-end=\"1795\">\ud83d\udce6 Produktspezifikationen<\/strong><\/span><\/h3>\n<ul data-start=\"1796\" data-end=\"2144\">\n<li data-section-id=\"ufcl3y\" data-start=\"1796\" data-end=\"1856\"><strong data-start=\"1798\" data-end=\"1815\">Produkttyp:<\/strong> Gefrorenes Monthong Durian Fruchtfleisch (ohne Kerne)<\/li>\n<li data-section-id=\"1h8i9hr\" data-start=\"1857\" data-end=\"1912\"><strong data-start=\"1859\" data-end=\"1874\">Verarbeitung:<\/strong> Gefroren \/ IQF \/ Block (anpassbar)<\/li>\n<li data-section-id=\"895jai\" data-start=\"1913\" data-end=\"1936\"><strong data-start=\"1915\" data-end=\"1926\">Herkunft:<\/strong> Vietnam<\/li>\n<li data-section-id=\"5d1acd\" data-start=\"1937\" data-end=\"1978\"><strong data-start=\"1939\" data-end=\"1954\">Lagerf\u00e4higkeit:<\/strong> 18-24 Monate bei -18\u00b0C<\/li>\n<li data-section-id=\"1b43v5v\" data-start=\"1979\" data-end=\"2035\"><strong data-start=\"1981\" data-end=\"1995\">Verpackung:<\/strong> 1kg \/ 5kg \/ 10kg \/ OEM Gro\u00dfverpackung<\/li>\n<li data-section-id=\"15ruxgp\" data-start=\"2036\" data-end=\"2078\"><strong data-start=\"2038\" data-end=\"2053\">Brix Level:<\/strong> Auf Anfrage erh\u00e4ltlich<\/li>\n<li data-section-id=\"1cmy0zo\" data-start=\"2079\" data-end=\"2144\"><strong data-start=\"2081\" data-end=\"2100\">Zertifizierungen:<\/strong> Auf Anfrage erh\u00e4ltlich (ISO, HACCP, etc.)<\/li>\n<\/ul>\n<hr data-start=\"2146\" data-end=\"2149\">\n<h3 data-section-id=\"1a272qi\" data-start=\"2151\" data-end=\"2185\"><span role=\"text\"><strong data-start=\"2155\" data-end=\"2185\">\ud83d\ude9a Warum Nghiep Xuan w\u00e4hlen?<\/strong><\/span><\/h3>\n<ul data-start=\"2186\" data-end=\"2450\">\n<li data-section-id=\"hhxkip\" data-start=\"2186\" data-end=\"2236\">Spezialist f\u00fcr <strong data-start=\"2202\" data-end=\"2234\">Durian-Verarbeitung und -Export<\/strong><\/li>\n<li data-section-id=\"1w67g6\" data-start=\"2237\" data-end=\"2289\">Starkes <strong data-start=\"2246\" data-end=\"2287\">K\u00fchlketten- und Qualit\u00e4tskontrollsystem<\/strong><\/li>\n<li data-section-id=\"16gam3c\" data-start=\"2290\" data-end=\"2352\">Die F\u00e4higkeit, <strong data-start=\"2310\" data-end=\"2350\">gro\u00dfe Mengen mit gleichbleibender Qualit\u00e4t<\/strong> zu liefern<\/li>\n<li data-section-id=\"pha0d0\" data-start=\"2353\" data-end=\"2397\">Flexible <strong data-start=\"2364\" data-end=\"2395\">OEM-\/Privatmarken-L\u00f6sungen<\/strong><\/li>\n<li data-section-id=\"kuon76\" data-start=\"2398\" data-end=\"2450\">Zuverl\u00e4ssiger Partner f\u00fcr <strong data-start=\"2420\" data-end=\"2448\">China und die globalen M\u00e4rkte<\/strong><\/li>\n<\/ul>\n<hr data-start=\"2452\" data-end=\"2455\">\n<h3 data-section-id=\"sirax1\" data-start=\"2457\" data-end=\"2479\"><span role=\"text\"><strong data-start=\"2461\" data-end=\"2479\">\ud83d\udce9 Anfrage CTA<\/strong><\/span><\/h3>\n<p data-start=\"2480\" data-end=\"2633\">Suchen Sie einen zuverl\u00e4ssigen Lieferanten f\u00fcr <strong data-start=\"2515\" data-end=\"2546\">kernloses, gefrorenes Durianfruchtfleisch<\/strong>?<br data-start=\"2547\" data-end=\"2550\">\ud83d\udc49 Kontaktieren Sie Nghiep Xuan noch heute f\u00fcr ein Angebot, Muster und eine<strong data-start=\"2583\" data-end=\"2632\"> langfristige Partnerschaft<\/strong>.<\/p>\n<p data-start=\"2480\" data-end=\"2633\">E-Mail: info@nghiepxuan.com || WhatsApp\/Viber\/Zalo\/Wechat\/Hotline: +84939 345 598<\/p>\n","protected":false},"excerpt":{"rendered":"<p>Hochwertiges gefrorenes Durianfruchtfleisch ohne Samen. Stabile Lieferung f\u00fcr den chinesischen Markt, Dessertketten und Fabriken. Konkurrenzf\u00e4higer Preis. Fordern Sie ein Angebot an.   <\/p>\n","protected":false},"featured_media":10138,"comment_status":"open","ping_status":"closed","template":"","meta":{"content-type":""},"product_brand":[],"product_cat":[420],"product_tag":[433,1231,1148,1232],"class_list":{"0":"post-10150","1":"product","2":"type-product","3":"status-publish","4":"has-post-thumbnail","6":"product_cat-frozen-de","7":"product_tag-gefrorene-durian","8":"product_tag-gefrorenes-durian-fruchtfleisch","9":"product_tag-vietnam-export","10":"product_tag-vietnamesische-fruchte","12":"first","13":"instock","14":"shipping-taxable","15":"product-type-simple"},"yoast_head":"<!-- This site is optimized with the Yoast SEO plugin v26.9 - https:\/\/yoast.com\/product\/yoast-seo-wordpress\/ -->\n<title>Premium gefrorenes Monthong Durian Fruchtfleisch (ohne Kerne) | Nghiep Xuan Vietnam - Nghiep Xuan - Landwirtschaftlicher Import und Export<\/title>\n<meta name=\"description\" content=\"Premium kernloses gefrorenes Monthong Durian Fruchtfleisch aus Vietnam. Hohe Ausbeute, cremige Textur, OEM-Lieferungen. Ideal f\u00fcr die Lebensmittelverarbeitung. Kontaktieren Sie uns jetzt.\" \/>\n<meta name=\"robots\" content=\"index, follow, max-snippet:-1, max-image-preview:large, max-video-preview:-1\" \/>\n<link rel=\"canonical\" href=\"https:\/\/nghiepxuan.com\/de\/product\/premium-gefrorenes-monthong-durian-fruchtfleisch-ohne-kerne-nghiep-xuan-vietnam\/\" \/>\n<meta property=\"og:locale\" content=\"de_DE\" \/>\n<meta property=\"og:type\" content=\"article\" \/>\n<meta property=\"og:title\" content=\"Premium gefrorenes Monthong Durian Fruchtfleisch (ohne Kerne) | Nghiep Xuan Vietnam - Nghiep Xuan - Landwirtschaftlicher Import und Export\" \/>\n<meta property=\"og:description\" content=\"Premium kernloses gefrorenes Monthong Durian Fruchtfleisch aus Vietnam. Hohe Ausbeute, cremige Textur, OEM-Lieferungen. Ideal f\u00fcr die Lebensmittelverarbeitung. Kontaktieren Sie uns jetzt.\" \/>\n<meta property=\"og:url\" content=\"https:\/\/nghiepxuan.com\/de\/product\/premium-gefrorenes-monthong-durian-fruchtfleisch-ohne-kerne-nghiep-xuan-vietnam\/\" \/>\n<meta property=\"og:site_name\" content=\"Nghiep Xuan - Landwirtschaftlicher Import und Export\" \/>\n<meta property=\"article:publisher\" content=\"https:\/\/www.facebook.com\/nongsannghiepxuan\/\" \/>\n<meta property=\"og:image\" content=\"https:\/\/nghiepxuan.com\/wp-content\/uploads\/2026\/04\/IMG_9360.jpg\" \/>\n\t<meta property=\"og:image:width\" content=\"1520\" \/>\n\t<meta property=\"og:image:height\" content=\"1950\" \/>\n\t<meta property=\"og:image:type\" content=\"image\/jpeg\" \/>\n<meta name=\"twitter:card\" content=\"summary_large_image\" \/>\n<meta name=\"twitter:site\" content=\"@PhuTonBui\" \/>\n<meta name=\"twitter:label1\" content=\"Gesch\u00e4tzte Lesezeit\" \/>\n\t<meta name=\"twitter:data1\" content=\"2\u00a0Minuten\" \/>\n<script type=\"application\/ld+json\" class=\"yoast-schema-graph\">{\"@context\":\"https:\/\/schema.org\",\"@graph\":[{\"@type\":\"WebPage\",\"@id\":\"https:\/\/nghiepxuan.com\/de\/product\/premium-gefrorenes-monthong-durian-fruchtfleisch-ohne-kerne-nghiep-xuan-vietnam\/\",\"url\":\"https:\/\/nghiepxuan.com\/de\/product\/premium-gefrorenes-monthong-durian-fruchtfleisch-ohne-kerne-nghiep-xuan-vietnam\/\",\"name\":\"Premium gefrorenes Monthong Durian Fruchtfleisch (ohne Kerne) | Nghiep Xuan Vietnam - Nghiep Xuan - Landwirtschaftlicher Import und Export\",\"isPartOf\":{\"@id\":\"https:\/\/nghiepxuan.com\/de\/#website\"},\"primaryImageOfPage\":{\"@id\":\"https:\/\/nghiepxuan.com\/de\/product\/premium-gefrorenes-monthong-durian-fruchtfleisch-ohne-kerne-nghiep-xuan-vietnam\/#primaryimage\"},\"image\":{\"@id\":\"https:\/\/nghiepxuan.com\/de\/product\/premium-gefrorenes-monthong-durian-fruchtfleisch-ohne-kerne-nghiep-xuan-vietnam\/#primaryimage\"},\"thumbnailUrl\":\"https:\/\/nghiepxuan.com\/wp-content\/uploads\/2026\/04\/IMG_9360.jpg\",\"datePublished\":\"2026-04-30T08:18:47+00:00\",\"description\":\"Premium kernloses gefrorenes Monthong Durian Fruchtfleisch aus Vietnam. Hohe Ausbeute, cremige Textur, OEM-Lieferungen. Ideal f\u00fcr die Lebensmittelverarbeitung. Kontaktieren Sie uns jetzt.\",\"breadcrumb\":{\"@id\":\"https:\/\/nghiepxuan.com\/de\/product\/premium-gefrorenes-monthong-durian-fruchtfleisch-ohne-kerne-nghiep-xuan-vietnam\/#breadcrumb\"},\"inLanguage\":\"de\",\"potentialAction\":[{\"@type\":\"ReadAction\",\"target\":[\"https:\/\/nghiepxuan.com\/de\/product\/premium-gefrorenes-monthong-durian-fruchtfleisch-ohne-kerne-nghiep-xuan-vietnam\/\"]}]},{\"@type\":\"ImageObject\",\"inLanguage\":\"de\",\"@id\":\"https:\/\/nghiepxuan.com\/de\/product\/premium-gefrorenes-monthong-durian-fruchtfleisch-ohne-kerne-nghiep-xuan-vietnam\/#primaryimage\",\"url\":\"https:\/\/nghiepxuan.com\/wp-content\/uploads\/2026\/04\/IMG_9360.jpg\",\"contentUrl\":\"https:\/\/nghiepxuan.com\/wp-content\/uploads\/2026\/04\/IMG_9360.jpg\",\"width\":1520,\"height\":1950,\"caption\":\"Frozen morthong durian pulp seedless\"},{\"@type\":\"BreadcrumbList\",\"@id\":\"https:\/\/nghiepxuan.com\/de\/product\/premium-gefrorenes-monthong-durian-fruchtfleisch-ohne-kerne-nghiep-xuan-vietnam\/#breadcrumb\",\"itemListElement\":[{\"@type\":\"ListItem\",\"position\":1,\"name\":\"Home\",\"item\":\"https:\/\/nghiepxuan.com\/de\/\"},{\"@type\":\"ListItem\",\"position\":2,\"name\":\"Gesch\u00e4ft\",\"item\":\"https:\/\/nghiepxuan.com\/de\/shop\/\"},{\"@type\":\"ListItem\",\"position\":3,\"name\":\"Premium gefrorenes Monthong Durian Fruchtfleisch (ohne Kerne) | Nghiep Xuan Vietnam\"}]},{\"@type\":\"WebSite\",\"@id\":\"https:\/\/nghiepxuan.com\/de\/#website\",\"url\":\"https:\/\/nghiepxuan.com\/de\/\",\"name\":\"Nghiep Xuan - Agricultural Import and Export\",\"description\":\"Die Natur pflegen, Gesundheit ernten: Ihr Ziel f\u00fcr einen Bio-Lebensstil\",\"publisher\":{\"@id\":\"https:\/\/nghiepxuan.com\/de\/#organization\"},\"potentialAction\":[{\"@type\":\"SearchAction\",\"target\":{\"@type\":\"EntryPoint\",\"urlTemplate\":\"https:\/\/nghiepxuan.com\/de\/?s={search_term_string}\"},\"query-input\":{\"@type\":\"PropertyValueSpecification\",\"valueRequired\":true,\"valueName\":\"search_term_string\"}}],\"inLanguage\":\"de\"},{\"@type\":\"Organization\",\"@id\":\"https:\/\/nghiepxuan.com\/de\/#organization\",\"name\":\"Nghiep Xuan - Agricultural Import and Export\",\"url\":\"https:\/\/nghiepxuan.com\/de\/\",\"logo\":{\"@type\":\"ImageObject\",\"inLanguage\":\"de\",\"@id\":\"https:\/\/nghiepxuan.com\/de\/#\/schema\/logo\/image\/\",\"url\":\"https:\/\/nghiepxuan.com\/wp-content\/uploads\/2025\/04\/Nghiep-Xuan-Logo-4.png\",\"contentUrl\":\"https:\/\/nghiepxuan.com\/wp-content\/uploads\/2025\/04\/Nghiep-Xuan-Logo-4.png\",\"width\":4167,\"height\":1015,\"caption\":\"Nghiep Xuan - Agricultural Import and Export\"},\"image\":{\"@id\":\"https:\/\/nghiepxuan.com\/de\/#\/schema\/logo\/image\/\"},\"sameAs\":[\"https:\/\/www.facebook.com\/nongsannghiepxuan\/\",\"https:\/\/x.com\/PhuTonBui\",\"https:\/\/www.instagram.com\/xuatnhapkhaunghiepxuan\/\",\"https:\/\/www.youtube.com\/@nongsannghiepxuan2066\",\"https:\/\/www.tiktok.com\/@nghiepxuan\"]}]}<\/script>\n<!-- \/ Yoast SEO plugin. -->","yoast_head_json":{"title":"Premium gefrorenes Monthong Durian Fruchtfleisch (ohne Kerne) | Nghiep Xuan Vietnam - Nghiep Xuan - Landwirtschaftlicher Import und Export","description":"Premium kernloses gefrorenes Monthong Durian Fruchtfleisch aus Vietnam. Hohe Ausbeute, cremige Textur, OEM-Lieferungen. Ideal f\u00fcr die Lebensmittelverarbeitung. Kontaktieren Sie uns jetzt.","robots":{"index":"index","follow":"follow","max-snippet":"max-snippet:-1","max-image-preview":"max-image-preview:large","max-video-preview":"max-video-preview:-1"},"canonical":"https:\/\/nghiepxuan.com\/de\/product\/premium-gefrorenes-monthong-durian-fruchtfleisch-ohne-kerne-nghiep-xuan-vietnam\/","og_locale":"de_DE","og_type":"article","og_title":"Premium gefrorenes Monthong Durian Fruchtfleisch (ohne Kerne) | Nghiep Xuan Vietnam - Nghiep Xuan - Landwirtschaftlicher Import und Export","og_description":"Premium kernloses gefrorenes Monthong Durian Fruchtfleisch aus Vietnam. Hohe Ausbeute, cremige Textur, OEM-Lieferungen. Ideal f\u00fcr die Lebensmittelverarbeitung. Kontaktieren Sie uns jetzt.","og_url":"https:\/\/nghiepxuan.com\/de\/product\/premium-gefrorenes-monthong-durian-fruchtfleisch-ohne-kerne-nghiep-xuan-vietnam\/","og_site_name":"Nghiep Xuan - Landwirtschaftlicher Import und Export","article_publisher":"https:\/\/www.facebook.com\/nongsannghiepxuan\/","og_image":[{"width":1520,"height":1950,"url":"https:\/\/nghiepxuan.com\/wp-content\/uploads\/2026\/04\/IMG_9360.jpg","type":"image\/jpeg"}],"twitter_card":"summary_large_image","twitter_site":"@PhuTonBui","twitter_misc":{"Gesch\u00e4tzte Lesezeit":"2\u00a0Minuten"},"schema":{"@context":"https:\/\/schema.org","@graph":[{"@type":"WebPage","@id":"https:\/\/nghiepxuan.com\/de\/product\/premium-gefrorenes-monthong-durian-fruchtfleisch-ohne-kerne-nghiep-xuan-vietnam\/","url":"https:\/\/nghiepxuan.com\/de\/product\/premium-gefrorenes-monthong-durian-fruchtfleisch-ohne-kerne-nghiep-xuan-vietnam\/","name":"Premium gefrorenes Monthong Durian Fruchtfleisch (ohne Kerne) | Nghiep Xuan Vietnam - Nghiep Xuan - Landwirtschaftlicher Import und Export","isPartOf":{"@id":"https:\/\/nghiepxuan.com\/de\/#website"},"primaryImageOfPage":{"@id":"https:\/\/nghiepxuan.com\/de\/product\/premium-gefrorenes-monthong-durian-fruchtfleisch-ohne-kerne-nghiep-xuan-vietnam\/#primaryimage"},"image":{"@id":"https:\/\/nghiepxuan.com\/de\/product\/premium-gefrorenes-monthong-durian-fruchtfleisch-ohne-kerne-nghiep-xuan-vietnam\/#primaryimage"},"thumbnailUrl":"https:\/\/nghiepxuan.com\/wp-content\/uploads\/2026\/04\/IMG_9360.jpg","datePublished":"2026-04-30T08:18:47+00:00","description":"Premium kernloses gefrorenes Monthong Durian Fruchtfleisch aus Vietnam. Hohe Ausbeute, cremige Textur, OEM-Lieferungen. Ideal f\u00fcr die Lebensmittelverarbeitung. Kontaktieren Sie uns jetzt.","breadcrumb":{"@id":"https:\/\/nghiepxuan.com\/de\/product\/premium-gefrorenes-monthong-durian-fruchtfleisch-ohne-kerne-nghiep-xuan-vietnam\/#breadcrumb"},"inLanguage":"de","potentialAction":[{"@type":"ReadAction","target":["https:\/\/nghiepxuan.com\/de\/product\/premium-gefrorenes-monthong-durian-fruchtfleisch-ohne-kerne-nghiep-xuan-vietnam\/"]}]},{"@type":"ImageObject","inLanguage":"de","@id":"https:\/\/nghiepxuan.com\/de\/product\/premium-gefrorenes-monthong-durian-fruchtfleisch-ohne-kerne-nghiep-xuan-vietnam\/#primaryimage","url":"https:\/\/nghiepxuan.com\/wp-content\/uploads\/2026\/04\/IMG_9360.jpg","contentUrl":"https:\/\/nghiepxuan.com\/wp-content\/uploads\/2026\/04\/IMG_9360.jpg","width":1520,"height":1950,"caption":"Frozen morthong durian pulp seedless"},{"@type":"BreadcrumbList","@id":"https:\/\/nghiepxuan.com\/de\/product\/premium-gefrorenes-monthong-durian-fruchtfleisch-ohne-kerne-nghiep-xuan-vietnam\/#breadcrumb","itemListElement":[{"@type":"ListItem","position":1,"name":"Home","item":"https:\/\/nghiepxuan.com\/de\/"},{"@type":"ListItem","position":2,"name":"Gesch\u00e4ft","item":"https:\/\/nghiepxuan.com\/de\/shop\/"},{"@type":"ListItem","position":3,"name":"Premium gefrorenes Monthong Durian Fruchtfleisch (ohne Kerne) | Nghiep Xuan Vietnam"}]},{"@type":"WebSite","@id":"https:\/\/nghiepxuan.com\/de\/#website","url":"https:\/\/nghiepxuan.com\/de\/","name":"Nghiep Xuan - Agricultural Import and Export","description":"Die Natur pflegen, Gesundheit ernten: Ihr Ziel f\u00fcr einen Bio-Lebensstil","publisher":{"@id":"https:\/\/nghiepxuan.com\/de\/#organization"},"potentialAction":[{"@type":"SearchAction","target":{"@type":"EntryPoint","urlTemplate":"https:\/\/nghiepxuan.com\/de\/?s={search_term_string}"},"query-input":{"@type":"PropertyValueSpecification","valueRequired":true,"valueName":"search_term_string"}}],"inLanguage":"de"},{"@type":"Organization","@id":"https:\/\/nghiepxuan.com\/de\/#organization","name":"Nghiep Xuan - Agricultural Import and Export","url":"https:\/\/nghiepxuan.com\/de\/","logo":{"@type":"ImageObject","inLanguage":"de","@id":"https:\/\/nghiepxuan.com\/de\/#\/schema\/logo\/image\/","url":"https:\/\/nghiepxuan.com\/wp-content\/uploads\/2025\/04\/Nghiep-Xuan-Logo-4.png","contentUrl":"https:\/\/nghiepxuan.com\/wp-content\/uploads\/2025\/04\/Nghiep-Xuan-Logo-4.png","width":4167,"height":1015,"caption":"Nghiep Xuan - Agricultural Import and Export"},"image":{"@id":"https:\/\/nghiepxuan.com\/de\/#\/schema\/logo\/image\/"},"sameAs":["https:\/\/www.facebook.com\/nongsannghiepxuan\/","https:\/\/x.com\/PhuTonBui","https:\/\/www.instagram.com\/xuatnhapkhaunghiepxuan\/","https:\/\/www.youtube.com\/@nongsannghiepxuan2066","https:\/\/www.tiktok.com\/@nghiepxuan"]}]}},"_links":{"self":[{"href":"https:\/\/nghiepxuan.com\/de\/wp-json\/wp\/v2\/product\/10150","targetHints":{"allow":["GET"]}}],"collection":[{"href":"https:\/\/nghiepxuan.com\/de\/wp-json\/wp\/v2\/product"}],"about":[{"href":"https:\/\/nghiepxuan.com\/de\/wp-json\/wp\/v2\/types\/product"}],"replies":[{"embeddable":true,"href":"https:\/\/nghiepxuan.com\/de\/wp-json\/wp\/v2\/comments?post=10150"}],"version-history":[{"count":0,"href":"https:\/\/nghiepxuan.com\/de\/wp-json\/wp\/v2\/product\/10150\/revisions"}],"wp:featuredmedia":[{"embeddable":true,"href":"https:\/\/nghiepxuan.com\/de\/wp-json\/wp\/v2\/media\/10138"}],"wp:attachment":[{"href":"https:\/\/nghiepxuan.com\/de\/wp-json\/wp\/v2\/media?parent=10150"}],"wp:term":[{"taxonomy":"product_brand","embeddable":true,"href":"https:\/\/nghiepxuan.com\/de\/wp-json\/wp\/v2\/product_brand?post=10150"},{"taxonomy":"product_cat","embeddable":true,"href":"https:\/\/nghiepxuan.com\/de\/wp-json\/wp\/v2\/product_cat?post=10150"},{"taxonomy":"product_tag","embeddable":true,"href":"https:\/\/nghiepxuan.com\/de\/wp-json\/wp\/v2\/product_tag?post=10150"}],"curies":[{"name":"wp","href":"https:\/\/api.w.org\/{rel}","templated":true}]}}