{"id":10066,"date":"2026-04-30T07:25:36","date_gmt":"2026-04-30T07:25:36","guid":{"rendered":"https:\/\/nghiepxuan.com\/product\/premium-gefrorener-strohpilz-exportqualitaet-nghiep-xuan-vietnam\/"},"modified":"2026-04-30T07:25:36","modified_gmt":"2026-04-30T07:25:36","slug":"premium-gefrorener-strohpilz-exportqualitaet-nghiep-xuan-vietnam","status":"publish","type":"product","link":"https:\/\/nghiepxuan.com\/de\/product\/premium-gefrorener-strohpilz-exportqualitaet-nghiep-xuan-vietnam\/","title":{"rendered":"Premium gefrorener Strohpilz &#8211; Exportqualit\u00e4t | Nghiep Xuan Vietnam"},"content":{"rendered":"<h3 data-section-id=\"neox7d\" data-start=\"369\" data-end=\"408\"><span role=\"text\"><strong data-start=\"373\" data-end=\"408\">\u00dcbersicht<\/strong><\/span><\/h3>\n<p data-start=\"409\" data-end=\"647\">Nghiep Xuan liefert <strong data-start=\"430\" data-end=\"470\">gefrorene Premium-Strohpilze<\/strong>, die von sorgf\u00e4ltig gef\u00fchrten Farmen in Vietnam stammen und mit modernster Gefriertechnologie verarbeitet werden, um ihre <strong data-start=\"587\" data-end=\"646\">nat\u00fcrliche Textur, ihren delikaten Geschmack und ihren N\u00e4hrwert<\/strong> zu erhalten.<\/p>\n<p data-start=\"649\" data-end=\"1067\">Als einer der am h\u00e4ufigsten verwendeten Pilze in der <strong data-start=\"693\" data-end=\"740\">asiatischen K\u00fcche und der globalen Lebensmittelherstellung<\/strong> erfordern Strohpilze eine <strong data-start=\"766\" data-end=\"807\">pr\u00e4zise Handhabung und schnelle Verarbeitung<\/strong>, um die Qualit\u00e4t zu erhalten. Bei Nghiep Xuan kombinieren wir eine <strong data-start=\"856\" data-end=\"948\">strenge Auswahl der Rohstoffe, eine kontrollierte Verarbeitung und ein optimiertes K\u00fchlkettensystem, um sicherzustellen, dass<\/strong> jede Charge die Erwartungen <strong data-start=\"997\" data-end=\"1066\">internationaler Importeure, Lebensmittelverarbeiter und Einzelh\u00e4ndler<\/strong> erf\u00fcllt. <\/p>\n<p data-start=\"1069\" data-end=\"1271\">Unsere gefrorenen Strohpilze sind f\u00fcr eine <strong data-start=\"1113\" data-end=\"1166\">gleichbleibende Leistung in industriellen Anwendungen<\/strong> konzipiert. Sie helfen unseren Partnern, Abfall zu reduzieren, die Effizienz zu verbessern und die Produktstandardisierung in verschiedenen M\u00e4rkten zu erhalten.<\/p>\n<hr data-start=\"1273\" data-end=\"1276\">\n<h3 data-section-id=\"17fsctq\" data-start=\"1278\" data-end=\"1301\"><span role=\"text\"><strong data-start=\"1282\" data-end=\"1301\">\ud83c\udf44 Hauptmerkmale<\/strong><\/span><\/h3>\n<ul data-start=\"1302\" data-end=\"1712\">\n<li data-section-id=\"30w5iu\" data-start=\"1302\" data-end=\"1385\"><strong data-start=\"1304\" data-end=\"1334\">Feste Textur nach dem Auftauen<\/strong> &#8211; Bewahrt die Struktur beim Kochen und Verarbeiten<\/li>\n<li data-section-id=\"1n9udy1\" data-start=\"1386\" data-end=\"1452\"><strong data-start=\"1388\" data-end=\"1410\">Mildes Umami-Aroma<\/strong> &#8211; Geeignet f\u00fcr eine breite Palette von Gerichten<\/li>\n<li data-section-id=\"183hjno\" data-start=\"1453\" data-end=\"1522\"><strong data-start=\"1455\" data-end=\"1473\">Tiefgek\u00fchlte Technologie<\/strong> &#8211; Bewahrt Frische und individuelle Integrit\u00e4t<\/li>\n<li data-section-id=\"163hlxi\" data-start=\"1523\" data-end=\"1588\"><strong data-start=\"1525\" data-end=\"1551\">Sorgf\u00e4ltig abgestufte Gr\u00f6\u00dfen<\/strong> &#8211; ganz, halbiert oder in Scheiben geschnitten<\/li>\n<li data-section-id=\"17vx8dn\" data-start=\"1589\" data-end=\"1649\"><strong data-start=\"1591\" data-end=\"1622\">Saubere &amp; hygienische Verarbeitung<\/strong> &#8211; Erf\u00fcllt Exportstandards<\/li>\n<li data-section-id=\"x2cc69\" data-start=\"1650\" data-end=\"1712\"><strong data-start=\"1652\" data-end=\"1677\">Zuverl\u00e4ssige Lieferkette<\/strong> &#8211; Skalierbares Volumen f\u00fcr B2B-K\u00e4ufer<\/li>\n<\/ul>\n<hr data-start=\"1714\" data-end=\"1717\">\n<h3 data-section-id=\"f701lt\" data-start=\"1719\" data-end=\"1743\"><span role=\"text\"><strong data-start=\"1723\" data-end=\"1743\">\ud83c\udf7d\ufe0f Anwendungen<\/strong><\/span><\/h3>\n<p data-start=\"1744\" data-end=\"1801\">Weit verbreitet in der Gastronomie und der industriellen Produktion:<\/p>\n<ul data-start=\"1802\" data-end=\"2015\">\n<li data-section-id=\"qvqq6g\" data-start=\"1802\" data-end=\"1842\">Herstellung von Konserven und Tiefk\u00fchlkost<\/li>\n<li data-section-id=\"20kgk\" data-start=\"1843\" data-end=\"1891\">Fertiggerichte und Instantprodukte<\/li>\n<li data-section-id=\"pax9cj\" data-start=\"1892\" data-end=\"1931\">Suppen, Eint\u00f6pfe, Pfannengerichte und So\u00dfen<\/li>\n<li data-section-id=\"1dembs7\" data-start=\"1932\" data-end=\"1977\">Asiatische K\u00fcche (Chinesisch, Thail\u00e4ndisch, Vietnamesisch)<\/li>\n<li data-section-id=\"17e0hoi\" data-start=\"1978\" data-end=\"2015\">Lebensmittelservice und Restaurantbedarf<\/li>\n<\/ul>\n<hr data-start=\"2017\" data-end=\"2020\">\n<h3 data-section-id=\"grum48\" data-start=\"2022\" data-end=\"2055\"><span role=\"text\"><strong data-start=\"2026\" data-end=\"2055\">\ud83d\udce6 Produktspezifikationen<\/strong><\/span><\/h3>\n<ul data-start=\"2056\" data-end=\"2411\">\n<li data-section-id=\"1nyisok\" data-start=\"2056\" data-end=\"2127\"><strong data-start=\"2058\" data-end=\"2075\">Produkttyp:<\/strong> Gefrorener Strohpilz (ganz \/ halb \/ in Scheiben geschnitten)<\/li>\n<li data-section-id=\"1mfsgr9\" data-start=\"2128\" data-end=\"2179\"><strong data-start=\"2130\" data-end=\"2145\">Verarbeitung:<\/strong> Hochgefrorene Technologie<\/li>\n<li data-section-id=\"895jai\" data-start=\"2180\" data-end=\"2203\"><strong data-start=\"2182\" data-end=\"2193\">Herkunft:<\/strong> Vietnam<\/li>\n<li data-section-id=\"5d1acd\" data-start=\"2204\" data-end=\"2245\"><strong data-start=\"2206\" data-end=\"2221\">Lagerf\u00e4higkeit:<\/strong> 18-24 Monate bei -18\u00b0C<\/li>\n<li data-section-id=\"8l7ax0\" data-start=\"2246\" data-end=\"2294\"><strong data-start=\"2248\" data-end=\"2262\">Verpackung:<\/strong> Bulk \/ Einzelhandel \/ OEM verf\u00fcgbar<\/li>\n<li data-section-id=\"3t4gpa\" data-start=\"2295\" data-end=\"2341\"><strong data-start=\"2297\" data-end=\"2313\">Gr\u00f6\u00dfenabstufungen:<\/strong> Anpassbar auf Anfrage<\/li>\n<li data-section-id=\"4jtjls\" data-start=\"2342\" data-end=\"2411\"><strong data-start=\"2344\" data-end=\"2363\">Zertifizierungen:<\/strong> Auf Anfrage erh\u00e4ltlich (ISO, GlobalGAP, etc.)<\/li>\n<\/ul>\n<hr data-start=\"2413\" data-end=\"2416\">\n<h3 data-section-id=\"1a272qi\" data-start=\"2418\" data-end=\"2452\"><span role=\"text\"><strong data-start=\"2422\" data-end=\"2452\">\ud83d\ude9a Warum Nghiep Xuan w\u00e4hlen?<\/strong><\/span><\/h3>\n<ul data-start=\"2453\" data-end=\"2741\">\n<li data-section-id=\"w9aq3w\" data-start=\"2453\" data-end=\"2522\">Erfahrener Exporteur von <strong data-start=\"2479\" data-end=\"2520\">hochwertigem Tiefk\u00fchlgem\u00fcse und Pilzen<\/strong><\/li>\n<li data-section-id=\"1c9xx38\" data-start=\"2523\" data-end=\"2576\">Starke <strong data-start=\"2532\" data-end=\"2574\">Kontrolle der K\u00fchlkette vom Bauernhof bis zum Export<\/strong><\/li>\n<li data-section-id=\"1w1tltk\" data-start=\"2577\" data-end=\"2644\">Fokus auf <strong data-start=\"2588\" data-end=\"2642\">konsistente Qualit\u00e4t und Ertragseffizienz f\u00fcr K\u00e4ufer<\/strong><\/li>\n<li data-section-id=\"pha0d0\" data-start=\"2645\" data-end=\"2689\">Flexible <strong data-start=\"2656\" data-end=\"2687\">OEM-\/Privatmarken-L\u00f6sungen<\/strong><\/li>\n<li data-section-id=\"1qxssst\" data-start=\"2690\" data-end=\"2741\">Engagement f\u00fcr <strong data-start=\"2706\" data-end=\"2739\">langfristige globale Partnerschaften<\/strong><\/li>\n<\/ul>\n<hr data-start=\"2743\" data-end=\"2746\">\n<h3 data-section-id=\"sirax1\" data-start=\"2748\" data-end=\"2770\"><span role=\"text\"><strong data-start=\"2752\" data-end=\"2770\">\ud83d\udce9 Anfrage CTA<\/strong><\/span><\/h3>\n<p data-start=\"2771\" data-end=\"2913\">Suchen Sie einen zuverl\u00e4ssigen Lieferanten f\u00fcr gefrorene Strohpilze?<br data-start=\"2829\" data-end=\"2832\">\ud83d\udc49 Kontaktieren Sie Nghiep Xuan noch heute f\u00fcr <strong data-start=\"2865\" data-end=\"2912\">Preise, Muster und eine langfristige Zusammenarbeit<\/strong>.<\/p>\n<p data-start=\"2771\" data-end=\"2913\">E-Mail: info@nghiepxuan.com || WhatsApp\/Viber\/Zalo\/Wechat\/Hotline: +84939 345 598<\/p>\n","protected":false},"excerpt":{"rendered":"<p>Hochwertige gefrorene Strohpilze f\u00fcr die Lebensmittelverarbeitung. Gleichbleibende Gr\u00f6\u00dfe, stabile Lieferung, wettbewerbsf\u00e4hige Preise. Fordern Sie noch heute ein Angebot an.  <\/p>\n","protected":false},"featured_media":10036,"comment_status":"open","ping_status":"closed","template":"","meta":{"content-type":""},"product_brand":[],"product_cat":[420],"product_tag":[1207,1171,1119,1148,1208],"class_list":{"0":"post-10066","1":"product","2":"type-product","3":"status-publish","4":"has-post-thumbnail","6":"product_cat-frozen-de","7":"product_tag-gefrorene-strohpilze","8":"product_tag-gefrorenes-obst","9":"product_tag-tiefkuhlprodukt","10":"product_tag-vietnam-export","11":"product_tag-vietnamesisches-produkt","13":"first","14":"instock","15":"shipping-taxable","16":"product-type-simple"},"yoast_head":"<!-- This site is optimized with the Yoast SEO plugin v26.9 - https:\/\/yoast.com\/product\/yoast-seo-wordpress\/ -->\n<title>Premium gefrorener Strohpilz - Exportqualit\u00e4t | Nghiep Xuan Vietnam - Nghiep Xuan - Landwirtschaftlicher Import und Export<\/title>\n<meta name=\"description\" content=\"Premium IQF gefrorene Strohpilze aus Vietnam. Feste Textur, lose Lieferung, OEM-Verpackung. Zuverl\u00e4ssiger Exportpartner. Kontaktieren Sie Nghiep Xuan jetzt.\" \/>\n<meta name=\"robots\" content=\"index, follow, max-snippet:-1, max-image-preview:large, max-video-preview:-1\" \/>\n<link rel=\"canonical\" href=\"https:\/\/nghiepxuan.com\/de\/product\/premium-gefrorener-strohpilz-exportqualitaet-nghiep-xuan-vietnam\/\" \/>\n<meta property=\"og:locale\" content=\"de_DE\" \/>\n<meta property=\"og:type\" content=\"article\" \/>\n<meta property=\"og:title\" content=\"Premium gefrorener Strohpilz - Exportqualit\u00e4t | Nghiep Xuan Vietnam - Nghiep Xuan - Landwirtschaftlicher Import und Export\" \/>\n<meta property=\"og:description\" content=\"Premium IQF gefrorene Strohpilze aus Vietnam. Feste Textur, lose Lieferung, OEM-Verpackung. Zuverl\u00e4ssiger Exportpartner. Kontaktieren Sie Nghiep Xuan jetzt.\" \/>\n<meta property=\"og:url\" content=\"https:\/\/nghiepxuan.com\/de\/product\/premium-gefrorener-strohpilz-exportqualitaet-nghiep-xuan-vietnam\/\" \/>\n<meta property=\"og:site_name\" content=\"Nghiep Xuan - Landwirtschaftlicher Import und Export\" \/>\n<meta property=\"article:publisher\" content=\"https:\/\/www.facebook.com\/nongsannghiepxuan\/\" \/>\n<meta property=\"og:image\" content=\"https:\/\/nghiepxuan.com\/wp-content\/uploads\/2026\/04\/IMG_9357.jpg\" \/>\n\t<meta property=\"og:image:width\" content=\"1654\" \/>\n\t<meta property=\"og:image:height\" content=\"2130\" \/>\n\t<meta property=\"og:image:type\" content=\"image\/jpeg\" \/>\n<meta name=\"twitter:card\" content=\"summary_large_image\" \/>\n<meta name=\"twitter:site\" content=\"@PhuTonBui\" \/>\n<meta name=\"twitter:label1\" content=\"Gesch\u00e4tzte Lesezeit\" \/>\n\t<meta name=\"twitter:data1\" content=\"2\u00a0Minuten\" \/>\n<script type=\"application\/ld+json\" class=\"yoast-schema-graph\">{\"@context\":\"https:\/\/schema.org\",\"@graph\":[{\"@type\":\"WebPage\",\"@id\":\"https:\/\/nghiepxuan.com\/de\/product\/premium-gefrorener-strohpilz-exportqualitaet-nghiep-xuan-vietnam\/\",\"url\":\"https:\/\/nghiepxuan.com\/de\/product\/premium-gefrorener-strohpilz-exportqualitaet-nghiep-xuan-vietnam\/\",\"name\":\"Premium gefrorener Strohpilz - Exportqualit\u00e4t | Nghiep Xuan Vietnam - Nghiep Xuan - Landwirtschaftlicher Import und Export\",\"isPartOf\":{\"@id\":\"https:\/\/nghiepxuan.com\/de\/#website\"},\"primaryImageOfPage\":{\"@id\":\"https:\/\/nghiepxuan.com\/de\/product\/premium-gefrorener-strohpilz-exportqualitaet-nghiep-xuan-vietnam\/#primaryimage\"},\"image\":{\"@id\":\"https:\/\/nghiepxuan.com\/de\/product\/premium-gefrorener-strohpilz-exportqualitaet-nghiep-xuan-vietnam\/#primaryimage\"},\"thumbnailUrl\":\"https:\/\/nghiepxuan.com\/wp-content\/uploads\/2026\/04\/IMG_9357.jpg\",\"datePublished\":\"2026-04-30T07:25:36+00:00\",\"description\":\"Premium IQF gefrorene Strohpilze aus Vietnam. Feste Textur, lose Lieferung, OEM-Verpackung. Zuverl\u00e4ssiger Exportpartner. Kontaktieren Sie Nghiep Xuan jetzt.\",\"breadcrumb\":{\"@id\":\"https:\/\/nghiepxuan.com\/de\/product\/premium-gefrorener-strohpilz-exportqualitaet-nghiep-xuan-vietnam\/#breadcrumb\"},\"inLanguage\":\"de\",\"potentialAction\":[{\"@type\":\"ReadAction\",\"target\":[\"https:\/\/nghiepxuan.com\/de\/product\/premium-gefrorener-strohpilz-exportqualitaet-nghiep-xuan-vietnam\/\"]}]},{\"@type\":\"ImageObject\",\"inLanguage\":\"de\",\"@id\":\"https:\/\/nghiepxuan.com\/de\/product\/premium-gefrorener-strohpilz-exportqualitaet-nghiep-xuan-vietnam\/#primaryimage\",\"url\":\"https:\/\/nghiepxuan.com\/wp-content\/uploads\/2026\/04\/IMG_9357.jpg\",\"contentUrl\":\"https:\/\/nghiepxuan.com\/wp-content\/uploads\/2026\/04\/IMG_9357.jpg\",\"width\":1654,\"height\":2130,\"caption\":\"Frozen Straw Mushroom\"},{\"@type\":\"BreadcrumbList\",\"@id\":\"https:\/\/nghiepxuan.com\/de\/product\/premium-gefrorener-strohpilz-exportqualitaet-nghiep-xuan-vietnam\/#breadcrumb\",\"itemListElement\":[{\"@type\":\"ListItem\",\"position\":1,\"name\":\"Home\",\"item\":\"https:\/\/nghiepxuan.com\/de\/\"},{\"@type\":\"ListItem\",\"position\":2,\"name\":\"Gesch\u00e4ft\",\"item\":\"https:\/\/nghiepxuan.com\/de\/shop\/\"},{\"@type\":\"ListItem\",\"position\":3,\"name\":\"Premium gefrorener Strohpilz &#8211; Exportqualit\u00e4t | Nghiep Xuan Vietnam\"}]},{\"@type\":\"WebSite\",\"@id\":\"https:\/\/nghiepxuan.com\/de\/#website\",\"url\":\"https:\/\/nghiepxuan.com\/de\/\",\"name\":\"Nghiep Xuan - Agricultural Import and Export\",\"description\":\"Die Natur pflegen, Gesundheit ernten: Ihr Ziel f\u00fcr einen Bio-Lebensstil\",\"publisher\":{\"@id\":\"https:\/\/nghiepxuan.com\/de\/#organization\"},\"potentialAction\":[{\"@type\":\"SearchAction\",\"target\":{\"@type\":\"EntryPoint\",\"urlTemplate\":\"https:\/\/nghiepxuan.com\/de\/?s={search_term_string}\"},\"query-input\":{\"@type\":\"PropertyValueSpecification\",\"valueRequired\":true,\"valueName\":\"search_term_string\"}}],\"inLanguage\":\"de\"},{\"@type\":\"Organization\",\"@id\":\"https:\/\/nghiepxuan.com\/de\/#organization\",\"name\":\"Nghiep Xuan - Agricultural Import and Export\",\"url\":\"https:\/\/nghiepxuan.com\/de\/\",\"logo\":{\"@type\":\"ImageObject\",\"inLanguage\":\"de\",\"@id\":\"https:\/\/nghiepxuan.com\/de\/#\/schema\/logo\/image\/\",\"url\":\"https:\/\/nghiepxuan.com\/wp-content\/uploads\/2025\/04\/Nghiep-Xuan-Logo-4.png\",\"contentUrl\":\"https:\/\/nghiepxuan.com\/wp-content\/uploads\/2025\/04\/Nghiep-Xuan-Logo-4.png\",\"width\":4167,\"height\":1015,\"caption\":\"Nghiep Xuan - Agricultural Import and Export\"},\"image\":{\"@id\":\"https:\/\/nghiepxuan.com\/de\/#\/schema\/logo\/image\/\"},\"sameAs\":[\"https:\/\/www.facebook.com\/nongsannghiepxuan\/\",\"https:\/\/x.com\/PhuTonBui\",\"https:\/\/www.instagram.com\/xuatnhapkhaunghiepxuan\/\",\"https:\/\/www.youtube.com\/@nongsannghiepxuan2066\",\"https:\/\/www.tiktok.com\/@nghiepxuan\"]}]}<\/script>\n<!-- \/ Yoast SEO plugin. -->","yoast_head_json":{"title":"Premium gefrorener Strohpilz - Exportqualit\u00e4t | Nghiep Xuan Vietnam - Nghiep Xuan - Landwirtschaftlicher Import und Export","description":"Premium IQF gefrorene Strohpilze aus Vietnam. Feste Textur, lose Lieferung, OEM-Verpackung. Zuverl\u00e4ssiger Exportpartner. Kontaktieren Sie Nghiep Xuan jetzt.","robots":{"index":"index","follow":"follow","max-snippet":"max-snippet:-1","max-image-preview":"max-image-preview:large","max-video-preview":"max-video-preview:-1"},"canonical":"https:\/\/nghiepxuan.com\/de\/product\/premium-gefrorener-strohpilz-exportqualitaet-nghiep-xuan-vietnam\/","og_locale":"de_DE","og_type":"article","og_title":"Premium gefrorener Strohpilz - Exportqualit\u00e4t | Nghiep Xuan Vietnam - Nghiep Xuan - Landwirtschaftlicher Import und Export","og_description":"Premium IQF gefrorene Strohpilze aus Vietnam. Feste Textur, lose Lieferung, OEM-Verpackung. Zuverl\u00e4ssiger Exportpartner. Kontaktieren Sie Nghiep Xuan jetzt.","og_url":"https:\/\/nghiepxuan.com\/de\/product\/premium-gefrorener-strohpilz-exportqualitaet-nghiep-xuan-vietnam\/","og_site_name":"Nghiep Xuan - Landwirtschaftlicher Import und Export","article_publisher":"https:\/\/www.facebook.com\/nongsannghiepxuan\/","og_image":[{"width":1654,"height":2130,"url":"https:\/\/nghiepxuan.com\/wp-content\/uploads\/2026\/04\/IMG_9357.jpg","type":"image\/jpeg"}],"twitter_card":"summary_large_image","twitter_site":"@PhuTonBui","twitter_misc":{"Gesch\u00e4tzte Lesezeit":"2\u00a0Minuten"},"schema":{"@context":"https:\/\/schema.org","@graph":[{"@type":"WebPage","@id":"https:\/\/nghiepxuan.com\/de\/product\/premium-gefrorener-strohpilz-exportqualitaet-nghiep-xuan-vietnam\/","url":"https:\/\/nghiepxuan.com\/de\/product\/premium-gefrorener-strohpilz-exportqualitaet-nghiep-xuan-vietnam\/","name":"Premium gefrorener Strohpilz - Exportqualit\u00e4t | Nghiep Xuan Vietnam - Nghiep Xuan - Landwirtschaftlicher Import und Export","isPartOf":{"@id":"https:\/\/nghiepxuan.com\/de\/#website"},"primaryImageOfPage":{"@id":"https:\/\/nghiepxuan.com\/de\/product\/premium-gefrorener-strohpilz-exportqualitaet-nghiep-xuan-vietnam\/#primaryimage"},"image":{"@id":"https:\/\/nghiepxuan.com\/de\/product\/premium-gefrorener-strohpilz-exportqualitaet-nghiep-xuan-vietnam\/#primaryimage"},"thumbnailUrl":"https:\/\/nghiepxuan.com\/wp-content\/uploads\/2026\/04\/IMG_9357.jpg","datePublished":"2026-04-30T07:25:36+00:00","description":"Premium IQF gefrorene Strohpilze aus Vietnam. Feste Textur, lose Lieferung, OEM-Verpackung. Zuverl\u00e4ssiger Exportpartner. Kontaktieren Sie Nghiep Xuan jetzt.","breadcrumb":{"@id":"https:\/\/nghiepxuan.com\/de\/product\/premium-gefrorener-strohpilz-exportqualitaet-nghiep-xuan-vietnam\/#breadcrumb"},"inLanguage":"de","potentialAction":[{"@type":"ReadAction","target":["https:\/\/nghiepxuan.com\/de\/product\/premium-gefrorener-strohpilz-exportqualitaet-nghiep-xuan-vietnam\/"]}]},{"@type":"ImageObject","inLanguage":"de","@id":"https:\/\/nghiepxuan.com\/de\/product\/premium-gefrorener-strohpilz-exportqualitaet-nghiep-xuan-vietnam\/#primaryimage","url":"https:\/\/nghiepxuan.com\/wp-content\/uploads\/2026\/04\/IMG_9357.jpg","contentUrl":"https:\/\/nghiepxuan.com\/wp-content\/uploads\/2026\/04\/IMG_9357.jpg","width":1654,"height":2130,"caption":"Frozen Straw Mushroom"},{"@type":"BreadcrumbList","@id":"https:\/\/nghiepxuan.com\/de\/product\/premium-gefrorener-strohpilz-exportqualitaet-nghiep-xuan-vietnam\/#breadcrumb","itemListElement":[{"@type":"ListItem","position":1,"name":"Home","item":"https:\/\/nghiepxuan.com\/de\/"},{"@type":"ListItem","position":2,"name":"Gesch\u00e4ft","item":"https:\/\/nghiepxuan.com\/de\/shop\/"},{"@type":"ListItem","position":3,"name":"Premium gefrorener Strohpilz &#8211; Exportqualit\u00e4t | Nghiep Xuan Vietnam"}]},{"@type":"WebSite","@id":"https:\/\/nghiepxuan.com\/de\/#website","url":"https:\/\/nghiepxuan.com\/de\/","name":"Nghiep Xuan - Agricultural Import and Export","description":"Die Natur pflegen, Gesundheit ernten: Ihr Ziel f\u00fcr einen Bio-Lebensstil","publisher":{"@id":"https:\/\/nghiepxuan.com\/de\/#organization"},"potentialAction":[{"@type":"SearchAction","target":{"@type":"EntryPoint","urlTemplate":"https:\/\/nghiepxuan.com\/de\/?s={search_term_string}"},"query-input":{"@type":"PropertyValueSpecification","valueRequired":true,"valueName":"search_term_string"}}],"inLanguage":"de"},{"@type":"Organization","@id":"https:\/\/nghiepxuan.com\/de\/#organization","name":"Nghiep Xuan - Agricultural Import and Export","url":"https:\/\/nghiepxuan.com\/de\/","logo":{"@type":"ImageObject","inLanguage":"de","@id":"https:\/\/nghiepxuan.com\/de\/#\/schema\/logo\/image\/","url":"https:\/\/nghiepxuan.com\/wp-content\/uploads\/2025\/04\/Nghiep-Xuan-Logo-4.png","contentUrl":"https:\/\/nghiepxuan.com\/wp-content\/uploads\/2025\/04\/Nghiep-Xuan-Logo-4.png","width":4167,"height":1015,"caption":"Nghiep Xuan - Agricultural Import and Export"},"image":{"@id":"https:\/\/nghiepxuan.com\/de\/#\/schema\/logo\/image\/"},"sameAs":["https:\/\/www.facebook.com\/nongsannghiepxuan\/","https:\/\/x.com\/PhuTonBui","https:\/\/www.instagram.com\/xuatnhapkhaunghiepxuan\/","https:\/\/www.youtube.com\/@nongsannghiepxuan2066","https:\/\/www.tiktok.com\/@nghiepxuan"]}]}},"_links":{"self":[{"href":"https:\/\/nghiepxuan.com\/de\/wp-json\/wp\/v2\/product\/10066","targetHints":{"allow":["GET"]}}],"collection":[{"href":"https:\/\/nghiepxuan.com\/de\/wp-json\/wp\/v2\/product"}],"about":[{"href":"https:\/\/nghiepxuan.com\/de\/wp-json\/wp\/v2\/types\/product"}],"replies":[{"embeddable":true,"href":"https:\/\/nghiepxuan.com\/de\/wp-json\/wp\/v2\/comments?post=10066"}],"version-history":[{"count":0,"href":"https:\/\/nghiepxuan.com\/de\/wp-json\/wp\/v2\/product\/10066\/revisions"}],"wp:featuredmedia":[{"embeddable":true,"href":"https:\/\/nghiepxuan.com\/de\/wp-json\/wp\/v2\/media\/10036"}],"wp:attachment":[{"href":"https:\/\/nghiepxuan.com\/de\/wp-json\/wp\/v2\/media?parent=10066"}],"wp:term":[{"taxonomy":"product_brand","embeddable":true,"href":"https:\/\/nghiepxuan.com\/de\/wp-json\/wp\/v2\/product_brand?post=10066"},{"taxonomy":"product_cat","embeddable":true,"href":"https:\/\/nghiepxuan.com\/de\/wp-json\/wp\/v2\/product_cat?post=10066"},{"taxonomy":"product_tag","embeddable":true,"href":"https:\/\/nghiepxuan.com\/de\/wp-json\/wp\/v2\/product_tag?post=10066"}],"curies":[{"name":"wp","href":"https:\/\/api.w.org\/{rel}","templated":true}]}}