{"id":10004,"date":"2026-04-30T04:15:57","date_gmt":"2026-04-30T04:15:57","guid":{"rendered":"https:\/\/nghiepxuan.com\/product\/premium-gefrorene-pandanblaetter-exportqualitaet-nghiep-xuan-vietnam\/"},"modified":"2026-04-30T04:16:30","modified_gmt":"2026-04-30T04:16:30","slug":"premium-gefrorene-pandanblaetter-exportqualitaet-nghiep-xuan-vietnam","status":"publish","type":"product","link":"https:\/\/nghiepxuan.com\/de\/product\/premium-gefrorene-pandanblaetter-exportqualitaet-nghiep-xuan-vietnam\/","title":{"rendered":"Premium gefrorene Pandanbl\u00e4tter &#8211; Exportqualit\u00e4t | Nghiep Xuan Vietnam"},"content":{"rendered":"<h3 data-section-id=\"10rmw79\" data-start=\"336\" data-end=\"352\"><span role=\"text\"><strong data-start=\"340\" data-end=\"352\">\u00dcbersicht<\/strong><\/span><\/h3>\n<p data-start=\"353\" data-end=\"566\">Nghiep Xuan bietet <strong data-start=\"372\" data-end=\"423\">Premium gefrorene Pandanbl\u00e4tter<\/strong> an, die sorgf\u00e4ltig von ausgew\u00e4hlten Farmen in Vietnam bezogen und verarbeitet werden, um ihr <strong data-start=\"506\" data-end=\"565\">ausgepr\u00e4gtes nat\u00fcrliches Aroma, ihre tiefgr\u00fcne Farbe und ihre Frische<\/strong> zu erhalten.<\/p>\n<p data-start=\"568\" data-end=\"786\">Pandan-Bl\u00e4tter werden in der asiatischen K\u00fcche und Lebensmittelindustrie wegen ihres <strong data-start=\"650\" data-end=\"703\">einzigartigen Dufts und ihrer nat\u00fcrlichen Geschmackseigenschaften<\/strong> h\u00e4ufig verwendet, was sie zu einer unverzichtbaren Zutat sowohl f\u00fcr traditionelle als auch moderne Anwendungen macht.<\/p>\n<hr data-start=\"788\" data-end=\"791\">\n<h3 data-section-id=\"qn9rqt\" data-start=\"793\" data-end=\"816\"><span role=\"text\"><strong data-start=\"797\" data-end=\"816\">\ud83c\udf3f Hauptmerkmale<\/strong><\/span><\/h3>\n<ul data-start=\"817\" data-end=\"1165\">\n<li data-section-id=\"19j9mxo\" data-start=\"817\" data-end=\"875\"><strong data-start=\"819\" data-end=\"840\">Nat\u00fcrlicher Duft<\/strong> &#8211; Starkes, charakteristisches Pandan-Aroma<\/li>\n<li data-section-id=\"16zuj4u\" data-start=\"876\" data-end=\"928\"><strong data-start=\"878\" data-end=\"894\">100% nat\u00fcrlich<\/strong> &#8211; keine Zusatzstoffe oder Konservierungsmittel<\/li>\n<li data-section-id=\"5no7wm\" data-start=\"929\" data-end=\"992\"><strong data-start=\"931\" data-end=\"960\">Sorgf\u00e4ltig ausgew\u00e4hlte Bl\u00e4tter<\/strong> &#8211; Gleichbleibende Qualit\u00e4t und Gr\u00f6\u00dfe<\/li>\n<li data-section-id=\"3vyzgw\" data-start=\"993\" data-end=\"1054\"><strong data-start=\"995\" data-end=\"1030\">Hygienisch verarbeitet &amp; gefroren<\/strong> &#8211; Bewahrt die Frische<\/li>\n<li data-section-id=\"1ud62jk\" data-start=\"1055\" data-end=\"1110\"><strong data-start=\"1057\" data-end=\"1077\">Flexible Formate<\/strong> &#8211; ganze Bl\u00e4tter oder geschnittene Segmente<\/li>\n<li data-section-id=\"fbjd5c\" data-start=\"1111\" data-end=\"1165\"><strong data-start=\"1113\" data-end=\"1134\">Ganzj\u00e4hriges Angebot<\/strong> &#8211; Stabile Exportverf\u00fcgbarkeit<\/li>\n<\/ul>\n<hr data-start=\"1167\" data-end=\"1170\">\n<h3 data-section-id=\"f701lt\" data-start=\"1172\" data-end=\"1196\"><span role=\"text\"><strong data-start=\"1176\" data-end=\"1196\">\ud83c\udf7d\ufe0f Anwendungen<\/strong><\/span><\/h3>\n<p data-start=\"1197\" data-end=\"1241\">Ideal f\u00fcr kulinarische und industrielle Anwendungen:<\/p>\n<ul data-start=\"1242\" data-end=\"1424\">\n<li data-section-id=\"whvlkx\" data-start=\"1242\" data-end=\"1291\">Desserts (Kuchen, Gelee, S\u00fc\u00dfigkeiten auf Kokosnussbasis)<\/li>\n<li data-section-id=\"1gp25n\" data-start=\"1292\" data-end=\"1325\">Getr\u00e4nke und Aromaextrakte<\/li>\n<li data-section-id=\"thzov3\" data-start=\"1326\" data-end=\"1371\">Reisgerichte und traditionelle asiatische K\u00fcche<\/li>\n<li data-section-id=\"4cn92w\" data-start=\"1372\" data-end=\"1424\">Lebensmittelverarbeitung und Herstellung nat\u00fcrlicher Aromen<\/li>\n<\/ul>\n<hr data-start=\"1426\" data-end=\"1429\">\n<h3 data-section-id=\"grum48\" data-start=\"1431\" data-end=\"1464\"><span role=\"text\"><strong data-start=\"1435\" data-end=\"1464\">\ud83d\udce6 Produktspezifikationen<\/strong><\/span><\/h3>\n<ul data-start=\"1465\" data-end=\"1723\">\n<li data-section-id=\"1v6jtqa\" data-start=\"1465\" data-end=\"1521\"><strong data-start=\"1467\" data-end=\"1484\">Produkttyp:<\/strong> Gefrorene Pandan-Bl\u00e4tter (ganz \/ geschnitten)<\/li>\n<li data-section-id=\"yjfiup\" data-start=\"1522\" data-end=\"1558\"><strong data-start=\"1524\" data-end=\"1539\">Verarbeitung:<\/strong> Gereinigt &amp; gefroren<\/li>\n<li data-section-id=\"895jai\" data-start=\"1559\" data-end=\"1582\"><strong data-start=\"1561\" data-end=\"1572\">Herkunft:<\/strong> Vietnam<\/li>\n<li data-section-id=\"5d1acd\" data-start=\"1583\" data-end=\"1624\"><strong data-start=\"1585\" data-end=\"1600\">Lagerf\u00e4higkeit:<\/strong> 18-24 Monate bei -18\u00b0C<\/li>\n<li data-section-id=\"hpqp2v\" data-start=\"1625\" data-end=\"1676\"><strong data-start=\"1627\" data-end=\"1641\">Verpackung:<\/strong> Gro\u00dfpackung \/ Einzelhandel \/ OEM anpassbar<\/li>\n<li data-section-id=\"163cxhx\" data-start=\"1677\" data-end=\"1723\"><strong data-start=\"1679\" data-end=\"1698\">Zertifizierungen:<\/strong> Auf Anfrage erh\u00e4ltlich<\/li>\n<\/ul>\n<hr data-start=\"1725\" data-end=\"1728\">\n<h3 data-section-id=\"1a272qi\" data-start=\"1730\" data-end=\"1764\"><span role=\"text\"><strong data-start=\"1734\" data-end=\"1764\">\ud83d\ude9a Warum Nghiep Xuan w\u00e4hlen?<\/strong><\/span><\/h3>\n<ul data-start=\"1765\" data-end=\"2025\">\n<li data-section-id=\"1ekon5q\" data-start=\"1765\" data-end=\"1833\">Zuverl\u00e4ssiger <strong data-start=\"1776\" data-end=\"1831\">vietnamesischer Exporteur von gefrorenen landwirtschaftlichen Produkten<\/strong><\/li>\n<li data-section-id=\"ptoj8u\" data-start=\"1834\" data-end=\"1891\">Starkes <strong data-start=\"1843\" data-end=\"1889\">K\u00fchlkettensystem zur Gew\u00e4hrleistung der Produktqualit\u00e4t<\/strong><\/li>\n<li data-section-id=\"2vrydr\" data-start=\"1892\" data-end=\"1938\">Konsistentes <strong data-start=\"1905\" data-end=\"1936\">Aroma, Farbe und Frische<\/strong><\/li>\n<li data-section-id=\"yfb7h\" data-start=\"1939\" data-end=\"1985\">Flexible <strong data-start=\"1950\" data-end=\"1983\">OEM- und Eigenmarkenl\u00f6sungen<\/strong><\/li>\n<li data-section-id=\"8exddf\" data-start=\"1986\" data-end=\"2025\">Langfristige <strong data-start=\"1998\" data-end=\"2023\">B2B-Partnerschaft im Fokus<\/strong><\/li>\n<\/ul>\n<hr data-start=\"2027\" data-end=\"2030\">\n<h3 data-section-id=\"sirax1\" data-start=\"2032\" data-end=\"2054\"><span role=\"text\"><strong data-start=\"2036\" data-end=\"2054\">\ud83d\udce9 Anfrage CTA<\/strong><\/span><\/h3>\n<p data-start=\"2055\" data-end=\"2200\">Suchen Sie einen zuverl\u00e4ssigen Lieferanten f\u00fcr gefrorene Pandanbl\u00e4tter?<br data-start=\"2110\" data-end=\"2113\">\ud83d\udc49 Kontaktieren Sie Nghiep Xuan noch heute f\u00fcr ein <strong data-start=\"2146\" data-end=\"2199\">Angebot, Muster und Kooperationsm\u00f6glichkeiten<\/strong>.<\/p>\n<p data-start=\"2055\" data-end=\"2200\">E-Mail: info@nghiepxuan.com || WhatsApp\/Viber\/Zalo\/Wechat\/Hotline: +84939 345 598<\/p>\n","protected":false},"excerpt":{"rendered":"<p>Hochwertige gefrorene Pandanbl\u00e4tter f\u00fcr Desserts und die Lebensmittelverarbeitung. Starkes Aroma, konstante Lieferung, exportf\u00e4hig. Ein Angebot von Nghiep Xuan anfordern.  <\/p>\n","protected":false},"featured_media":9980,"comment_status":"open","ping_status":"closed","template":"","meta":{"content-type":""},"product_brand":[],"product_cat":[420],"product_tag":[1196,1120,1119,1172],"class_list":{"0":"post-10004","1":"product","2":"type-product","3":"status-publish","4":"has-post-thumbnail","6":"product_cat-frozen-de","7":"product_tag-gefrorene-padanblatter","8":"product_tag-gefrorenes-obst-vietnam","9":"product_tag-tiefkuhlprodukt","10":"product_tag-tiefkuhlprodukte-vietnam","12":"first","13":"instock","14":"shipping-taxable","15":"product-type-simple"},"yoast_head":"<!-- This site is optimized with the Yoast SEO plugin v26.9 - https:\/\/yoast.com\/product\/yoast-seo-wordpress\/ -->\n<title>Premium gefrorene Pandanbl\u00e4tter - Exportqualit\u00e4t | Nghiep Xuan Vietnam - Nghiep Xuan - Landwirtschaftlicher Import und Export<\/title>\n<meta name=\"description\" content=\"Hochwertige gefrorene Pandanbl\u00e4tter aus Vietnam. Nat\u00fcrliches Aroma, lebensmittelechte Qualit\u00e4t, lose Lieferung &amp; OEM-Verpackung. Kontaktieren Sie Nghiep Xuan f\u00fcr ein Angebot.\" \/>\n<meta name=\"robots\" content=\"index, follow, max-snippet:-1, max-image-preview:large, max-video-preview:-1\" \/>\n<link rel=\"canonical\" href=\"https:\/\/nghiepxuan.com\/de\/product\/premium-gefrorene-pandanblaetter-exportqualitaet-nghiep-xuan-vietnam\/\" \/>\n<meta property=\"og:locale\" content=\"de_DE\" \/>\n<meta property=\"og:type\" content=\"article\" \/>\n<meta property=\"og:title\" content=\"Premium gefrorene Pandanbl\u00e4tter - Exportqualit\u00e4t | Nghiep Xuan Vietnam - Nghiep Xuan - Landwirtschaftlicher Import und Export\" \/>\n<meta property=\"og:description\" content=\"Hochwertige gefrorene Pandanbl\u00e4tter aus Vietnam. Nat\u00fcrliches Aroma, lebensmittelechte Qualit\u00e4t, lose Lieferung &amp; OEM-Verpackung. Kontaktieren Sie Nghiep Xuan f\u00fcr ein Angebot.\" \/>\n<meta property=\"og:url\" content=\"https:\/\/nghiepxuan.com\/de\/product\/premium-gefrorene-pandanblaetter-exportqualitaet-nghiep-xuan-vietnam\/\" \/>\n<meta property=\"og:site_name\" content=\"Nghiep Xuan - Landwirtschaftlicher Import und Export\" \/>\n<meta property=\"article:publisher\" content=\"https:\/\/www.facebook.com\/nongsannghiepxuan\/\" \/>\n<meta property=\"article:modified_time\" content=\"2026-04-30T04:16:30+00:00\" \/>\n<meta property=\"og:image\" content=\"https:\/\/nghiepxuan.com\/wp-content\/uploads\/2026\/04\/JPEG-image-4178-93B0-A5-0-scaled.jpeg\" \/>\n\t<meta property=\"og:image:width\" content=\"1920\" \/>\n\t<meta property=\"og:image:height\" content=\"2560\" \/>\n\t<meta property=\"og:image:type\" content=\"image\/jpeg\" \/>\n<meta name=\"twitter:card\" content=\"summary_large_image\" \/>\n<meta name=\"twitter:site\" content=\"@PhuTonBui\" \/>\n<meta name=\"twitter:label1\" content=\"Gesch\u00e4tzte Lesezeit\" \/>\n\t<meta name=\"twitter:data1\" content=\"1\u00a0Minute\" \/>\n<script type=\"application\/ld+json\" class=\"yoast-schema-graph\">{\"@context\":\"https:\/\/schema.org\",\"@graph\":[{\"@type\":\"WebPage\",\"@id\":\"https:\/\/nghiepxuan.com\/de\/product\/premium-gefrorene-pandanblaetter-exportqualitaet-nghiep-xuan-vietnam\/\",\"url\":\"https:\/\/nghiepxuan.com\/de\/product\/premium-gefrorene-pandanblaetter-exportqualitaet-nghiep-xuan-vietnam\/\",\"name\":\"Premium gefrorene Pandanbl\u00e4tter - Exportqualit\u00e4t | Nghiep Xuan Vietnam - Nghiep Xuan - Landwirtschaftlicher Import und Export\",\"isPartOf\":{\"@id\":\"https:\/\/nghiepxuan.com\/de\/#website\"},\"primaryImageOfPage\":{\"@id\":\"https:\/\/nghiepxuan.com\/de\/product\/premium-gefrorene-pandanblaetter-exportqualitaet-nghiep-xuan-vietnam\/#primaryimage\"},\"image\":{\"@id\":\"https:\/\/nghiepxuan.com\/de\/product\/premium-gefrorene-pandanblaetter-exportqualitaet-nghiep-xuan-vietnam\/#primaryimage\"},\"thumbnailUrl\":\"https:\/\/nghiepxuan.com\/wp-content\/uploads\/2026\/04\/JPEG-image-4178-93B0-A5-0-scaled.jpeg\",\"datePublished\":\"2026-04-30T04:15:57+00:00\",\"dateModified\":\"2026-04-30T04:16:30+00:00\",\"description\":\"Hochwertige gefrorene Pandanbl\u00e4tter aus Vietnam. Nat\u00fcrliches Aroma, lebensmittelechte Qualit\u00e4t, lose Lieferung & OEM-Verpackung. Kontaktieren Sie Nghiep Xuan f\u00fcr ein Angebot.\",\"breadcrumb\":{\"@id\":\"https:\/\/nghiepxuan.com\/de\/product\/premium-gefrorene-pandanblaetter-exportqualitaet-nghiep-xuan-vietnam\/#breadcrumb\"},\"inLanguage\":\"de\",\"potentialAction\":[{\"@type\":\"ReadAction\",\"target\":[\"https:\/\/nghiepxuan.com\/de\/product\/premium-gefrorene-pandanblaetter-exportqualitaet-nghiep-xuan-vietnam\/\"]}]},{\"@type\":\"ImageObject\",\"inLanguage\":\"de\",\"@id\":\"https:\/\/nghiepxuan.com\/de\/product\/premium-gefrorene-pandanblaetter-exportqualitaet-nghiep-xuan-vietnam\/#primaryimage\",\"url\":\"https:\/\/nghiepxuan.com\/wp-content\/uploads\/2026\/04\/JPEG-image-4178-93B0-A5-0-scaled.jpeg\",\"contentUrl\":\"https:\/\/nghiepxuan.com\/wp-content\/uploads\/2026\/04\/JPEG-image-4178-93B0-A5-0-scaled.jpeg\",\"width\":1920,\"height\":2560,\"caption\":\"Frozen padan leaves\"},{\"@type\":\"BreadcrumbList\",\"@id\":\"https:\/\/nghiepxuan.com\/de\/product\/premium-gefrorene-pandanblaetter-exportqualitaet-nghiep-xuan-vietnam\/#breadcrumb\",\"itemListElement\":[{\"@type\":\"ListItem\",\"position\":1,\"name\":\"Home\",\"item\":\"https:\/\/nghiepxuan.com\/de\/\"},{\"@type\":\"ListItem\",\"position\":2,\"name\":\"Gesch\u00e4ft\",\"item\":\"https:\/\/nghiepxuan.com\/de\/shop\/\"},{\"@type\":\"ListItem\",\"position\":3,\"name\":\"Premium gefrorene Pandanbl\u00e4tter &#8211; Exportqualit\u00e4t | Nghiep Xuan Vietnam\"}]},{\"@type\":\"WebSite\",\"@id\":\"https:\/\/nghiepxuan.com\/de\/#website\",\"url\":\"https:\/\/nghiepxuan.com\/de\/\",\"name\":\"Nghiep Xuan - Agricultural Import and Export\",\"description\":\"Die Natur pflegen, Gesundheit ernten: Ihr Ziel f\u00fcr einen Bio-Lebensstil\",\"publisher\":{\"@id\":\"https:\/\/nghiepxuan.com\/de\/#organization\"},\"potentialAction\":[{\"@type\":\"SearchAction\",\"target\":{\"@type\":\"EntryPoint\",\"urlTemplate\":\"https:\/\/nghiepxuan.com\/de\/?s={search_term_string}\"},\"query-input\":{\"@type\":\"PropertyValueSpecification\",\"valueRequired\":true,\"valueName\":\"search_term_string\"}}],\"inLanguage\":\"de\"},{\"@type\":\"Organization\",\"@id\":\"https:\/\/nghiepxuan.com\/de\/#organization\",\"name\":\"Nghiep Xuan - Agricultural Import and Export\",\"url\":\"https:\/\/nghiepxuan.com\/de\/\",\"logo\":{\"@type\":\"ImageObject\",\"inLanguage\":\"de\",\"@id\":\"https:\/\/nghiepxuan.com\/de\/#\/schema\/logo\/image\/\",\"url\":\"https:\/\/nghiepxuan.com\/wp-content\/uploads\/2025\/04\/Nghiep-Xuan-Logo-4.png\",\"contentUrl\":\"https:\/\/nghiepxuan.com\/wp-content\/uploads\/2025\/04\/Nghiep-Xuan-Logo-4.png\",\"width\":4167,\"height\":1015,\"caption\":\"Nghiep Xuan - Agricultural Import and Export\"},\"image\":{\"@id\":\"https:\/\/nghiepxuan.com\/de\/#\/schema\/logo\/image\/\"},\"sameAs\":[\"https:\/\/www.facebook.com\/nongsannghiepxuan\/\",\"https:\/\/x.com\/PhuTonBui\",\"https:\/\/www.instagram.com\/xuatnhapkhaunghiepxuan\/\",\"https:\/\/www.youtube.com\/@nongsannghiepxuan2066\",\"https:\/\/www.tiktok.com\/@nghiepxuan\"]}]}<\/script>\n<!-- \/ Yoast SEO plugin. -->","yoast_head_json":{"title":"Premium gefrorene Pandanbl\u00e4tter - Exportqualit\u00e4t | Nghiep Xuan Vietnam - Nghiep Xuan - Landwirtschaftlicher Import und Export","description":"Hochwertige gefrorene Pandanbl\u00e4tter aus Vietnam. Nat\u00fcrliches Aroma, lebensmittelechte Qualit\u00e4t, lose Lieferung & OEM-Verpackung. Kontaktieren Sie Nghiep Xuan f\u00fcr ein Angebot.","robots":{"index":"index","follow":"follow","max-snippet":"max-snippet:-1","max-image-preview":"max-image-preview:large","max-video-preview":"max-video-preview:-1"},"canonical":"https:\/\/nghiepxuan.com\/de\/product\/premium-gefrorene-pandanblaetter-exportqualitaet-nghiep-xuan-vietnam\/","og_locale":"de_DE","og_type":"article","og_title":"Premium gefrorene Pandanbl\u00e4tter - Exportqualit\u00e4t | Nghiep Xuan Vietnam - Nghiep Xuan - Landwirtschaftlicher Import und Export","og_description":"Hochwertige gefrorene Pandanbl\u00e4tter aus Vietnam. Nat\u00fcrliches Aroma, lebensmittelechte Qualit\u00e4t, lose Lieferung & OEM-Verpackung. Kontaktieren Sie Nghiep Xuan f\u00fcr ein Angebot.","og_url":"https:\/\/nghiepxuan.com\/de\/product\/premium-gefrorene-pandanblaetter-exportqualitaet-nghiep-xuan-vietnam\/","og_site_name":"Nghiep Xuan - Landwirtschaftlicher Import und Export","article_publisher":"https:\/\/www.facebook.com\/nongsannghiepxuan\/","article_modified_time":"2026-04-30T04:16:30+00:00","og_image":[{"width":1920,"height":2560,"url":"https:\/\/nghiepxuan.com\/wp-content\/uploads\/2026\/04\/JPEG-image-4178-93B0-A5-0-scaled.jpeg","type":"image\/jpeg"}],"twitter_card":"summary_large_image","twitter_site":"@PhuTonBui","twitter_misc":{"Gesch\u00e4tzte Lesezeit":"1\u00a0Minute"},"schema":{"@context":"https:\/\/schema.org","@graph":[{"@type":"WebPage","@id":"https:\/\/nghiepxuan.com\/de\/product\/premium-gefrorene-pandanblaetter-exportqualitaet-nghiep-xuan-vietnam\/","url":"https:\/\/nghiepxuan.com\/de\/product\/premium-gefrorene-pandanblaetter-exportqualitaet-nghiep-xuan-vietnam\/","name":"Premium gefrorene Pandanbl\u00e4tter - Exportqualit\u00e4t | Nghiep Xuan Vietnam - Nghiep Xuan - Landwirtschaftlicher Import und Export","isPartOf":{"@id":"https:\/\/nghiepxuan.com\/de\/#website"},"primaryImageOfPage":{"@id":"https:\/\/nghiepxuan.com\/de\/product\/premium-gefrorene-pandanblaetter-exportqualitaet-nghiep-xuan-vietnam\/#primaryimage"},"image":{"@id":"https:\/\/nghiepxuan.com\/de\/product\/premium-gefrorene-pandanblaetter-exportqualitaet-nghiep-xuan-vietnam\/#primaryimage"},"thumbnailUrl":"https:\/\/nghiepxuan.com\/wp-content\/uploads\/2026\/04\/JPEG-image-4178-93B0-A5-0-scaled.jpeg","datePublished":"2026-04-30T04:15:57+00:00","dateModified":"2026-04-30T04:16:30+00:00","description":"Hochwertige gefrorene Pandanbl\u00e4tter aus Vietnam. Nat\u00fcrliches Aroma, lebensmittelechte Qualit\u00e4t, lose Lieferung & OEM-Verpackung. Kontaktieren Sie Nghiep Xuan f\u00fcr ein Angebot.","breadcrumb":{"@id":"https:\/\/nghiepxuan.com\/de\/product\/premium-gefrorene-pandanblaetter-exportqualitaet-nghiep-xuan-vietnam\/#breadcrumb"},"inLanguage":"de","potentialAction":[{"@type":"ReadAction","target":["https:\/\/nghiepxuan.com\/de\/product\/premium-gefrorene-pandanblaetter-exportqualitaet-nghiep-xuan-vietnam\/"]}]},{"@type":"ImageObject","inLanguage":"de","@id":"https:\/\/nghiepxuan.com\/de\/product\/premium-gefrorene-pandanblaetter-exportqualitaet-nghiep-xuan-vietnam\/#primaryimage","url":"https:\/\/nghiepxuan.com\/wp-content\/uploads\/2026\/04\/JPEG-image-4178-93B0-A5-0-scaled.jpeg","contentUrl":"https:\/\/nghiepxuan.com\/wp-content\/uploads\/2026\/04\/JPEG-image-4178-93B0-A5-0-scaled.jpeg","width":1920,"height":2560,"caption":"Frozen padan leaves"},{"@type":"BreadcrumbList","@id":"https:\/\/nghiepxuan.com\/de\/product\/premium-gefrorene-pandanblaetter-exportqualitaet-nghiep-xuan-vietnam\/#breadcrumb","itemListElement":[{"@type":"ListItem","position":1,"name":"Home","item":"https:\/\/nghiepxuan.com\/de\/"},{"@type":"ListItem","position":2,"name":"Gesch\u00e4ft","item":"https:\/\/nghiepxuan.com\/de\/shop\/"},{"@type":"ListItem","position":3,"name":"Premium gefrorene Pandanbl\u00e4tter &#8211; Exportqualit\u00e4t | Nghiep Xuan Vietnam"}]},{"@type":"WebSite","@id":"https:\/\/nghiepxuan.com\/de\/#website","url":"https:\/\/nghiepxuan.com\/de\/","name":"Nghiep Xuan - Agricultural Import and Export","description":"Die Natur pflegen, Gesundheit ernten: Ihr Ziel f\u00fcr einen Bio-Lebensstil","publisher":{"@id":"https:\/\/nghiepxuan.com\/de\/#organization"},"potentialAction":[{"@type":"SearchAction","target":{"@type":"EntryPoint","urlTemplate":"https:\/\/nghiepxuan.com\/de\/?s={search_term_string}"},"query-input":{"@type":"PropertyValueSpecification","valueRequired":true,"valueName":"search_term_string"}}],"inLanguage":"de"},{"@type":"Organization","@id":"https:\/\/nghiepxuan.com\/de\/#organization","name":"Nghiep Xuan - Agricultural Import and Export","url":"https:\/\/nghiepxuan.com\/de\/","logo":{"@type":"ImageObject","inLanguage":"de","@id":"https:\/\/nghiepxuan.com\/de\/#\/schema\/logo\/image\/","url":"https:\/\/nghiepxuan.com\/wp-content\/uploads\/2025\/04\/Nghiep-Xuan-Logo-4.png","contentUrl":"https:\/\/nghiepxuan.com\/wp-content\/uploads\/2025\/04\/Nghiep-Xuan-Logo-4.png","width":4167,"height":1015,"caption":"Nghiep Xuan - Agricultural Import and Export"},"image":{"@id":"https:\/\/nghiepxuan.com\/de\/#\/schema\/logo\/image\/"},"sameAs":["https:\/\/www.facebook.com\/nongsannghiepxuan\/","https:\/\/x.com\/PhuTonBui","https:\/\/www.instagram.com\/xuatnhapkhaunghiepxuan\/","https:\/\/www.youtube.com\/@nongsannghiepxuan2066","https:\/\/www.tiktok.com\/@nghiepxuan"]}]}},"_links":{"self":[{"href":"https:\/\/nghiepxuan.com\/de\/wp-json\/wp\/v2\/product\/10004","targetHints":{"allow":["GET"]}}],"collection":[{"href":"https:\/\/nghiepxuan.com\/de\/wp-json\/wp\/v2\/product"}],"about":[{"href":"https:\/\/nghiepxuan.com\/de\/wp-json\/wp\/v2\/types\/product"}],"replies":[{"embeddable":true,"href":"https:\/\/nghiepxuan.com\/de\/wp-json\/wp\/v2\/comments?post=10004"}],"version-history":[{"count":1,"href":"https:\/\/nghiepxuan.com\/de\/wp-json\/wp\/v2\/product\/10004\/revisions"}],"predecessor-version":[{"id":10006,"href":"https:\/\/nghiepxuan.com\/de\/wp-json\/wp\/v2\/product\/10004\/revisions\/10006"}],"wp:featuredmedia":[{"embeddable":true,"href":"https:\/\/nghiepxuan.com\/de\/wp-json\/wp\/v2\/media\/9980"}],"wp:attachment":[{"href":"https:\/\/nghiepxuan.com\/de\/wp-json\/wp\/v2\/media?parent=10004"}],"wp:term":[{"taxonomy":"product_brand","embeddable":true,"href":"https:\/\/nghiepxuan.com\/de\/wp-json\/wp\/v2\/product_brand?post=10004"},{"taxonomy":"product_cat","embeddable":true,"href":"https:\/\/nghiepxuan.com\/de\/wp-json\/wp\/v2\/product_cat?post=10004"},{"taxonomy":"product_tag","embeddable":true,"href":"https:\/\/nghiepxuan.com\/de\/wp-json\/wp\/v2\/product_tag?post=10004"}],"curies":[{"name":"wp","href":"https:\/\/api.w.org\/{rel}","templated":true}]}}