{"id":6387,"date":"2020-10-24T04:34:14","date_gmt":"2020-10-24T04:34:14","guid":{"rendered":"https:\/\/nxg.asia\/bedingungen-und-konditionen\/"},"modified":"2025-04-09T11:44:35","modified_gmt":"2025-04-09T11:44:35","slug":"bedingungen-und-konditionen","status":"publish","type":"page","link":"https:\/\/nghiepxuan.com\/de\/bedingungen-und-konditionen\/","title":{"rendered":"Bedingungen und Konditionen"},"content":{"rendered":"\t\t<div data-elementor-type=\"wp-page\" data-elementor-id=\"6387\" class=\"elementor elementor-6387 elementor-3711\">\n\t\t\t\t\t\t<section class=\"elementor-section elementor-top-section elementor-element elementor-element-0e0a1b6 elementor-section-boxed elementor-section-height-default elementor-section-height-default\" data-id=\"0e0a1b6\" data-element_type=\"section\" data-e-type=\"section\">\n\t\t\t\t\t\t<div class=\"elementor-container elementor-column-gap-no\">\n\t\t\t\t\t<div class=\"elementor-column elementor-col-100 elementor-top-column elementor-element elementor-element-df5a952\" data-id=\"df5a952\" data-element_type=\"column\" data-e-type=\"column\">\n\t\t\t<div class=\"elementor-widget-wrap elementor-element-populated\">\n\t\t\t\t\t\t<div class=\"elementor-element elementor-element-7e23e95 elementor-widget elementor-widget-text-editor\" data-id=\"7e23e95\" data-element_type=\"widget\" data-e-type=\"widget\" data-widget_type=\"text-editor.default\">\n\t\t\t\t<div class=\"elementor-widget-container\">\n\t\t\t\t\t\t\t\t\t<p>Willkommen bei Nghiep Xuan ! Diese Gesch\u00e4ftsbedingungen beschreiben die Regeln und Bestimmungen f\u00fcr die Nutzung unserer Website unter <a href=\"https:\/\/nghiepxuan.com\/de\/\" target=\"_new\">www.nghiepxuan.com.<\/a> Wenn Sie auf diese Website zugreifen, gehen wir davon aus, dass Sie diese Bestimmungen und Bedingungen akzeptieren. Fahren Sie nicht fort, Nghiep Xuan zu nutzen, wenn Sie nicht mit allen auf dieser Seite genannten Bedingungen einverstanden sind.<\/p>\t\t\t\t\t\t\t\t<\/div>\n\t\t\t\t<\/div>\n\t\t\t\t\t<\/div>\n\t\t<\/div>\n\t\t\t\t\t<\/div>\n\t\t<\/section>\n\t\t\t\t<section class=\"elementor-section elementor-top-section elementor-element elementor-element-a5635eb elementor-section-boxed elementor-section-height-default elementor-section-height-default\" data-id=\"a5635eb\" data-element_type=\"section\" data-e-type=\"section\">\n\t\t\t\t\t\t<div class=\"elementor-container elementor-column-gap-no\">\n\t\t\t\t\t<div class=\"elementor-column elementor-col-100 elementor-top-column elementor-element elementor-element-d39d5fe\" data-id=\"d39d5fe\" data-element_type=\"column\" data-e-type=\"column\">\n\t\t\t<div class=\"elementor-widget-wrap elementor-element-populated\">\n\t\t\t\t\t\t<div class=\"elementor-element elementor-element-1d530ed elementor-widget elementor-widget-text-editor\" data-id=\"1d530ed\" data-element_type=\"widget\" data-e-type=\"widget\" data-widget_type=\"text-editor.default\">\n\t\t\t\t<div class=\"elementor-widget-container\">\n\t\t\t\t\t\t\t\t\t<h3>1. <strong>Lizenz zur Nutzung<\/strong><\/h3><p>1.1 Sie m\u00fcssen mindestens 18 Jahre alt sein, um diese Website nutzen zu k\u00f6nnen. Durch die Nutzung dieser Website und die Zustimmung zu diesen Bedingungen garantieren und erkl\u00e4ren Sie, dass Sie mindestens 18 Jahre alt sind.<\/p><p>1.2 Sofern nicht anders angegeben, besitzen Nghiep Xuan und\/oder seine Lizenzgeber die geistigen Eigentumsrechte f\u00fcr das gesamte Material auf Nghiep Xuan. Alle Rechte am geistigen Eigentum sind vorbehalten. Sie k\u00f6nnen die Seiten von <a href=\"https:\/\/nghiepxuan.com\/de\/\" target=\"_new\">www.nghiepxuan.com<\/a> f\u00fcr Ihren pers\u00f6nlichen Gebrauch ansehen und\/oder ausdrucken, vorbehaltlich der in diesen Bedingungen und Konditionen festgelegten Einschr\u00e4nkungen.<\/p><h3>2. <strong>Beschr\u00e4nkungen<\/strong><\/h3><p>2.1 Es ist Ihnen ausdr\u00fccklich untersagt, die folgenden Handlungen vorzunehmen:<\/p><p>a) Ver\u00f6ffentlichung von Material von Nghiep Xuan in anderen Medien.<\/p><p>b) Verkauf, Unterlizenzierung und\/oder anderweitige Kommerzialisierung von Material von Nghiep Xuan.<\/p><p>c) \u00d6ffentliche Auff\u00fchrung und\/oder Vorf\u00fchrung von Material von Nghiep Xuan.<\/p><p>d) Nutzung dieser Website in einer Weise, die dieser Website schadet oder schaden k\u00f6nnte.<\/p><p>e) Die Nutzung dieser Website im Widerspruch zu geltenden Gesetzen und Vorschriften oder in einer Weise, die der Website oder einer Person oder einem Unternehmen Schaden zuf\u00fcgt oder zuf\u00fcgen k\u00f6nnte.<\/p><p>2.2 Der Zugang zu bestimmten Bereichen dieser Website ist f\u00fcr Sie eingeschr\u00e4nkt, und Nghiep Xuan kann den Zugang zu bestimmten Bereichen dieser Website jederzeit nach eigenem Ermessen weiter einschr\u00e4nken. Ihre Benutzer-ID und Ihr Passwort f\u00fcr diese Website sind vertraulich, und Sie sind verpflichtet, sie ebenfalls geheim zu halten.<\/p><h3>3. <strong>Ihr Inhalt<\/strong><\/h3><p>3.1 In diesen Gesch\u00e4ftsbedingungen bezeichnet der Begriff &#8220;Ihre Inhalte&#8221; alle Audio-, Video-, Text-, Bild- oder sonstigen Materialien, die Sie auf dieser Website ver\u00f6ffentlichen. Indem Sie Ihre Inhalte anzeigen, gew\u00e4hren Sie Nghiep Xuan eine nicht-exklusive, weltweite, unwiderrufliche und unterlizenzierbare Lizenz zur Nutzung, Vervielf\u00e4ltigung, Anpassung, Ver\u00f6ffentlichung, \u00dcbersetzung und Verbreitung dieser Inhalte in allen Medien.<\/p><h3>4. <strong>Keine Garantien<\/strong><\/h3><p>Nghiep Xuan gibt keine ausdr\u00fccklichen oder stillschweigenden Zusicherungen oder Gew\u00e4hrleistungen jeglicher Art in Bezug auf diese Website oder die auf dieser Website enthaltenen Materialien. Dar\u00fcber hinaus ist nichts auf dieser Website so auszulegen, dass es eine Beratung oder einen Ratschlag f\u00fcr Sie darstellt.<\/p><h3>5. <strong>Begrenzung der Haftung<\/strong><\/h3><p>In keinem Fall kann Nghiep Xuan oder einer seiner leitenden Angestellten, Direktoren und Mitarbeiter f\u00fcr irgendetwas haftbar gemacht werden, das sich aus Ihrer Nutzung dieser Website ergibt oder in irgendeiner Weise damit verbunden ist. Nghiep Xuan haftet nicht f\u00fcr indirekte, Folge- oder Sondersch\u00e4den, die sich aus der Nutzung dieser Website ergeben oder in irgendeiner Weise damit zusammenh\u00e4ngen.<\/p><h3>6. <strong>Entsch\u00e4digung<\/strong><\/h3><p>Sie stellen Nghiep Xuan hiermit in vollem Umfang von jeglicher Haftung, Kosten, Forderungen, Klagegr\u00fcnden, Sch\u00e4den und Ausgaben frei, die in irgendeiner Weise im Zusammenhang mit Ihrem Versto\u00df gegen eine der Bestimmungen dieser Bedingungen entstehen.<\/p><h3>7. <strong>Trennbarkeit<\/strong><\/h3><p>Sollte sich eine Bestimmung dieser Bedingungen nach geltendem Recht als ung\u00fcltig erweisen, so werden diese Bestimmungen gestrichen, ohne dass die \u00fcbrigen Bestimmungen hiervon ber\u00fchrt werden.<\/p><p>Durch die Nutzung dieser Website erkl\u00e4ren Sie sich mit den vorliegenden Bedingungen einverstanden. Wenn Sie mit diesen Bedingungen nicht einverstanden sind, sehen Sie bitte von der Nutzung unserer Website ab.<\/p>\t\t\t\t\t\t\t\t<\/div>\n\t\t\t\t<\/div>\n\t\t\t\t\t<\/div>\n\t\t<\/div>\n\t\t\t\t\t<\/div>\n\t\t<\/section>\n\t\t\t\t<\/div>\n\t\t","protected":false},"excerpt":{"rendered":"<p>Willkommen bei Nghiep Xuan ! Diese Gesch\u00e4ftsbedingungen beschreiben die Regeln und Bestimmungen f\u00fcr die Nutzung unserer Website unter www.nghiepxuan.com. Wenn Sie auf diese Website zugreifen, gehen wir davon aus, dass Sie diese Bestimmungen und Bedingungen akzeptieren. Fahren Sie nicht fort, Nghiep Xuan zu nutzen, wenn Sie nicht mit allen auf dieser Seite genannten Bedingungen einverstanden &hellip; <a href=\"https:\/\/nghiepxuan.com\/de\/bedingungen-und-konditionen\/\" class=\"more-link\">Lesen Sie weiter <span class=\"screen-reader-text\">Bedingungen und Konditionen<\/span><\/a><\/p>\n","protected":false},"author":1,"featured_media":0,"parent":0,"menu_order":0,"comment_status":"closed","ping_status":"closed","template":"","meta":{"content-type":"","footnotes":""},"class_list":["post-6387","page","type-page","status-publish","hentry"],"yoast_head":"<!-- This site is optimized with the Yoast SEO plugin v26.9 - https:\/\/yoast.com\/product\/yoast-seo-wordpress\/ -->\n<title>Bedingungen und Konditionen - Nghiep Xuan - Landwirtschaftlicher Import und Export<\/title>\n<meta name=\"robots\" content=\"index, follow, max-snippet:-1, max-image-preview:large, max-video-preview:-1\" \/>\n<link rel=\"canonical\" href=\"https:\/\/nghiepxuan.com\/de\/bedingungen-und-konditionen\/\" \/>\n<meta property=\"og:locale\" content=\"de_DE\" \/>\n<meta property=\"og:type\" content=\"article\" \/>\n<meta property=\"og:title\" content=\"Bedingungen und Konditionen - Nghiep Xuan - Landwirtschaftlicher Import und Export\" \/>\n<meta property=\"og:description\" content=\"Willkommen bei Nghiep Xuan ! Diese Gesch\u00e4ftsbedingungen beschreiben die Regeln und Bestimmungen f\u00fcr die Nutzung unserer Website unter www.nghiepxuan.com. Wenn Sie auf diese Website zugreifen, gehen wir davon aus, dass Sie diese Bestimmungen und Bedingungen akzeptieren. Fahren Sie nicht fort, Nghiep Xuan zu nutzen, wenn Sie nicht mit allen auf dieser Seite genannten Bedingungen einverstanden &hellip; Lesen Sie weiter Bedingungen und Konditionen\" \/>\n<meta property=\"og:url\" content=\"https:\/\/nghiepxuan.com\/de\/bedingungen-und-konditionen\/\" \/>\n<meta property=\"og:site_name\" content=\"Nghiep Xuan - Landwirtschaftlicher Import und Export\" \/>\n<meta property=\"article:publisher\" content=\"https:\/\/www.facebook.com\/nongsannghiepxuan\/\" \/>\n<meta property=\"article:modified_time\" content=\"2025-04-09T11:44:35+00:00\" \/>\n<meta name=\"twitter:card\" content=\"summary_large_image\" \/>\n<meta name=\"twitter:site\" content=\"@PhuTonBui\" \/>\n<meta name=\"twitter:label1\" content=\"Gesch\u00e4tzte Lesezeit\" \/>\n\t<meta name=\"twitter:data1\" content=\"3\u00a0Minuten\" \/>\n<script type=\"application\/ld+json\" class=\"yoast-schema-graph\">{\"@context\":\"https:\/\/schema.org\",\"@graph\":[{\"@type\":\"WebPage\",\"@id\":\"https:\/\/nghiepxuan.com\/de\/bedingungen-und-konditionen\/\",\"url\":\"https:\/\/nghiepxuan.com\/de\/bedingungen-und-konditionen\/\",\"name\":\"Bedingungen und Konditionen - Nghiep Xuan - Landwirtschaftlicher Import und Export\",\"isPartOf\":{\"@id\":\"https:\/\/nghiepxuan.com\/de\/#website\"},\"datePublished\":\"2020-10-24T04:34:14+00:00\",\"dateModified\":\"2025-04-09T11:44:35+00:00\",\"breadcrumb\":{\"@id\":\"https:\/\/nghiepxuan.com\/de\/bedingungen-und-konditionen\/#breadcrumb\"},\"inLanguage\":\"de\",\"potentialAction\":[{\"@type\":\"ReadAction\",\"target\":[\"https:\/\/nghiepxuan.com\/de\/bedingungen-und-konditionen\/\"]}]},{\"@type\":\"BreadcrumbList\",\"@id\":\"https:\/\/nghiepxuan.com\/de\/bedingungen-und-konditionen\/#breadcrumb\",\"itemListElement\":[{\"@type\":\"ListItem\",\"position\":1,\"name\":\"Home\",\"item\":\"https:\/\/nghiepxuan.com\/de\/\"},{\"@type\":\"ListItem\",\"position\":2,\"name\":\"Bedingungen und Konditionen\"}]},{\"@type\":\"WebSite\",\"@id\":\"https:\/\/nghiepxuan.com\/de\/#website\",\"url\":\"https:\/\/nghiepxuan.com\/de\/\",\"name\":\"Nghiep Xuan - Agricultural Import and Export\",\"description\":\"Die Natur pflegen, Gesundheit ernten: Ihr Ziel f\u00fcr einen Bio-Lebensstil\",\"publisher\":{\"@id\":\"https:\/\/nghiepxuan.com\/de\/#organization\"},\"potentialAction\":[{\"@type\":\"SearchAction\",\"target\":{\"@type\":\"EntryPoint\",\"urlTemplate\":\"https:\/\/nghiepxuan.com\/de\/?s={search_term_string}\"},\"query-input\":{\"@type\":\"PropertyValueSpecification\",\"valueRequired\":true,\"valueName\":\"search_term_string\"}}],\"inLanguage\":\"de\"},{\"@type\":\"Organization\",\"@id\":\"https:\/\/nghiepxuan.com\/de\/#organization\",\"name\":\"Nghiep Xuan - Agricultural Import and Export\",\"url\":\"https:\/\/nghiepxuan.com\/de\/\",\"logo\":{\"@type\":\"ImageObject\",\"inLanguage\":\"de\",\"@id\":\"https:\/\/nghiepxuan.com\/de\/#\/schema\/logo\/image\/\",\"url\":\"https:\/\/nghiepxuan.com\/wp-content\/uploads\/2025\/04\/Nghiep-Xuan-Logo-4.png\",\"contentUrl\":\"https:\/\/nghiepxuan.com\/wp-content\/uploads\/2025\/04\/Nghiep-Xuan-Logo-4.png\",\"width\":4167,\"height\":1015,\"caption\":\"Nghiep Xuan - Agricultural Import and Export\"},\"image\":{\"@id\":\"https:\/\/nghiepxuan.com\/de\/#\/schema\/logo\/image\/\"},\"sameAs\":[\"https:\/\/www.facebook.com\/nongsannghiepxuan\/\",\"https:\/\/x.com\/PhuTonBui\",\"https:\/\/www.instagram.com\/xuatnhapkhaunghiepxuan\/\",\"https:\/\/www.youtube.com\/@nongsannghiepxuan2066\",\"https:\/\/www.tiktok.com\/@nghiepxuan\"]}]}<\/script>\n<!-- \/ Yoast SEO plugin. -->","yoast_head_json":{"title":"Bedingungen und Konditionen - Nghiep Xuan - Landwirtschaftlicher Import und Export","robots":{"index":"index","follow":"follow","max-snippet":"max-snippet:-1","max-image-preview":"max-image-preview:large","max-video-preview":"max-video-preview:-1"},"canonical":"https:\/\/nghiepxuan.com\/de\/bedingungen-und-konditionen\/","og_locale":"de_DE","og_type":"article","og_title":"Bedingungen und Konditionen - Nghiep Xuan - Landwirtschaftlicher Import und Export","og_description":"Willkommen bei Nghiep Xuan ! Diese Gesch\u00e4ftsbedingungen beschreiben die Regeln und Bestimmungen f\u00fcr die Nutzung unserer Website unter www.nghiepxuan.com. Wenn Sie auf diese Website zugreifen, gehen wir davon aus, dass Sie diese Bestimmungen und Bedingungen akzeptieren. Fahren Sie nicht fort, Nghiep Xuan zu nutzen, wenn Sie nicht mit allen auf dieser Seite genannten Bedingungen einverstanden &hellip; Lesen Sie weiter Bedingungen und Konditionen","og_url":"https:\/\/nghiepxuan.com\/de\/bedingungen-und-konditionen\/","og_site_name":"Nghiep Xuan - Landwirtschaftlicher Import und Export","article_publisher":"https:\/\/www.facebook.com\/nongsannghiepxuan\/","article_modified_time":"2025-04-09T11:44:35+00:00","twitter_card":"summary_large_image","twitter_site":"@PhuTonBui","twitter_misc":{"Gesch\u00e4tzte Lesezeit":"3\u00a0Minuten"},"schema":{"@context":"https:\/\/schema.org","@graph":[{"@type":"WebPage","@id":"https:\/\/nghiepxuan.com\/de\/bedingungen-und-konditionen\/","url":"https:\/\/nghiepxuan.com\/de\/bedingungen-und-konditionen\/","name":"Bedingungen und Konditionen - Nghiep Xuan - Landwirtschaftlicher Import und Export","isPartOf":{"@id":"https:\/\/nghiepxuan.com\/de\/#website"},"datePublished":"2020-10-24T04:34:14+00:00","dateModified":"2025-04-09T11:44:35+00:00","breadcrumb":{"@id":"https:\/\/nghiepxuan.com\/de\/bedingungen-und-konditionen\/#breadcrumb"},"inLanguage":"de","potentialAction":[{"@type":"ReadAction","target":["https:\/\/nghiepxuan.com\/de\/bedingungen-und-konditionen\/"]}]},{"@type":"BreadcrumbList","@id":"https:\/\/nghiepxuan.com\/de\/bedingungen-und-konditionen\/#breadcrumb","itemListElement":[{"@type":"ListItem","position":1,"name":"Home","item":"https:\/\/nghiepxuan.com\/de\/"},{"@type":"ListItem","position":2,"name":"Bedingungen und Konditionen"}]},{"@type":"WebSite","@id":"https:\/\/nghiepxuan.com\/de\/#website","url":"https:\/\/nghiepxuan.com\/de\/","name":"Nghiep Xuan - Agricultural Import and Export","description":"Die Natur pflegen, Gesundheit ernten: Ihr Ziel f\u00fcr einen Bio-Lebensstil","publisher":{"@id":"https:\/\/nghiepxuan.com\/de\/#organization"},"potentialAction":[{"@type":"SearchAction","target":{"@type":"EntryPoint","urlTemplate":"https:\/\/nghiepxuan.com\/de\/?s={search_term_string}"},"query-input":{"@type":"PropertyValueSpecification","valueRequired":true,"valueName":"search_term_string"}}],"inLanguage":"de"},{"@type":"Organization","@id":"https:\/\/nghiepxuan.com\/de\/#organization","name":"Nghiep Xuan - Agricultural Import and Export","url":"https:\/\/nghiepxuan.com\/de\/","logo":{"@type":"ImageObject","inLanguage":"de","@id":"https:\/\/nghiepxuan.com\/de\/#\/schema\/logo\/image\/","url":"https:\/\/nghiepxuan.com\/wp-content\/uploads\/2025\/04\/Nghiep-Xuan-Logo-4.png","contentUrl":"https:\/\/nghiepxuan.com\/wp-content\/uploads\/2025\/04\/Nghiep-Xuan-Logo-4.png","width":4167,"height":1015,"caption":"Nghiep Xuan - Agricultural Import and Export"},"image":{"@id":"https:\/\/nghiepxuan.com\/de\/#\/schema\/logo\/image\/"},"sameAs":["https:\/\/www.facebook.com\/nongsannghiepxuan\/","https:\/\/x.com\/PhuTonBui","https:\/\/www.instagram.com\/xuatnhapkhaunghiepxuan\/","https:\/\/www.youtube.com\/@nongsannghiepxuan2066","https:\/\/www.tiktok.com\/@nghiepxuan"]}]}},"_links":{"self":[{"href":"https:\/\/nghiepxuan.com\/de\/wp-json\/wp\/v2\/pages\/6387","targetHints":{"allow":["GET"]}}],"collection":[{"href":"https:\/\/nghiepxuan.com\/de\/wp-json\/wp\/v2\/pages"}],"about":[{"href":"https:\/\/nghiepxuan.com\/de\/wp-json\/wp\/v2\/types\/page"}],"author":[{"embeddable":true,"href":"https:\/\/nghiepxuan.com\/de\/wp-json\/wp\/v2\/users\/1"}],"replies":[{"embeddable":true,"href":"https:\/\/nghiepxuan.com\/de\/wp-json\/wp\/v2\/comments?post=6387"}],"version-history":[{"count":3,"href":"https:\/\/nghiepxuan.com\/de\/wp-json\/wp\/v2\/pages\/6387\/revisions"}],"predecessor-version":[{"id":7369,"href":"https:\/\/nghiepxuan.com\/de\/wp-json\/wp\/v2\/pages\/6387\/revisions\/7369"}],"wp:attachment":[{"href":"https:\/\/nghiepxuan.com\/de\/wp-json\/wp\/v2\/media?parent=6387"}],"curies":[{"name":"wp","href":"https:\/\/api.w.org\/{rel}","templated":true}]}}